{"id":103042,"date":"2025-10-31T14:05:47","date_gmt":"2025-10-31T13:05:47","guid":{"rendered":"https:\/\/vog.com.tn\/?page_id=103042"},"modified":"2025-10-31T14:07:10","modified_gmt":"2025-10-31T13:07:10","slug":"actualites-3","status":"publish","type":"page","link":"https:\/\/vog.com.tn\/?page_id=103042","title":{"rendered":"Actualit\u00e9s"},"content":{"rendered":"<h2 style=\"font-size: 24px !important; text-align: center; margin-top: 3%; font: 700 32px\/28px 'Poppins',sans-serif;\">Nos derni\u00e8res actualit\u00e9s en Tunisie<!--2--><\/h2>\n<div class=\"vc_row wpb_row vc_row-fluid theme-container\">\n<div class=\"cms-left wpb_column vc_column_container vc_col-sm-4\">\n<div class=\"vc_column-inner\">\n<div class=\"wpb_wrapper\">\n<div class=\"wpb_raw_code wpb_content_element wpb_raw_html\">\n<div class=\"wpb_wrapper\">\n<div style=\"margin-right:5%;\"><a href=\"https:\/\/vog.com.tn\/?page_id=63210\"><img decoding=\"async\" src=\"https:\/\/vog.com.tn\/wp-content\/uploads\/2023\/08\/VOG-ouvre-ses-portes-a-El-Aouina.jpg\"><\/a><br \/>\n<\/p>\n<p class=\"date-act\" style=\"margin-left:38%;color:#C09229;font-weight:700\">24-07-2023<\/p>\n<h5 style=\"text-align:center;font-weight:500;\"><a href=\"https:\/\/vog.com.tn\/?page_id=63210\">Boutique VOG El Aouina<\/a><br \/>\n<\/h5>\n<\/div><\/div><\/div>\n<\/div>\n<\/div>\n<\/div>\n<div class=\"cms-middle wpb_column vc_column_container vc_col-sm-4\">\n<div class=\"vc_column-inner\">\n<div class=\"wpb_wrapper\">\n<div class=\"wpb_raw_code wpb_content_element wpb_raw_html\">\n<div class=\"wpb_wrapper\">\n<div><a href=\"https:\/\/vog.com.tn\/?page_id=63205\"><img decoding=\"async\" src=\"https:\/\/vog.com.tn\/wp-content\/uploads\/2023\/07\/image-5-ouveture-vog-1.png\"><\/a><br \/>\n<\/p>\n<p style=\"text-align:center;color:#C09229;font-weight:700\">22-07-2023<\/p>\n<h5 style=\"text-align:center;font-weight:500;\"><a href=\"https:\/\/vog.com.tn\/?page_id=63205\">Retour en images de l\u2019ouverture VOG El Aouina<\/a><br \/>\n<\/h5>\n<\/div><\/div><\/div>\n<\/div>\n<\/div>\n<\/div>\n<div class=\"cms-right wpb_column vc_column_container vc_col-sm-4\">\n<div class=\"vc_column-inner\">\n<div class=\"wpb_wrapper\">\n<div class=\"wpb_raw_code wpb_content_element wpb_raw_html\">\n<div class=\"wpb_wrapper\">\n\t\t\t<a href=\"https:\/\/vog.com.tn\/?page_id=63090\"><img decoding=\"async\" class-\"img-ouvrt-act\"=\"\" src=\"https:\/\/vog.com.tn\/wp-content\/uploads\/2023\/07\/Testimony-vog-1.png\"><\/a><\/p>\n<p style=\"text-align:center;color:#C09229;font-weight:700\">17-07-2023<\/p>\n<h5 style=\"text-align:center;font-weight:500;\"><a href=\"https:\/\/vog.com.tn\/?page_id=63090\">Ouverture de Boutique VOG El Aouina<\/a><br \/>\n<\/h5>\n<\/p><\/div><\/div>\n<\/div>\n<\/div>\n<\/div>\n<\/div>\n","protected":false},"excerpt":{"rendered":"<p>Nos derni\u00e8res actualit\u00e9s en Tunisie 24-07-2023 Boutique VOG El Aouina 22-07-2023 Retour en images de l\u2019ouverture VOG El Aouina 17-07-2023 Ouverture de Boutique VOG El Aouina<\/p>\n","protected":false},"author":291,"featured_media":0,"parent":0,"menu_order":0,"comment_status":"closed","ping_status":"closed","template":"","meta":{"footnotes":""},"class_list":["post-103042","page","type-page","status-publish","hentry"],"yoast_head":"<!-- This site is optimized with the Yoast SEO plugin v27.5 - https:\/\/yoast.com\/product\/yoast-seo-wordpress\/ -->\n<title>Actualit\u00e9s - Vog Tunisie<\/title>\n<meta name=\"robots\" content=\"index, follow, max-snippet:-1, max-image-preview:large, max-video-preview:-1\" \/>\n<link rel=\"canonical\" href=\"https:\/\/vog.com.tn\/?page_id=103042\" \/>\n<meta property=\"og:locale\" content=\"fr_FR\" \/>\n<meta property=\"og:type\" content=\"article\" \/>\n<meta property=\"og:title\" content=\"Actualit\u00e9s - Vog Tunisie\" \/>\n<meta property=\"og:description\" content=\"Nos derni\u00e8res actualit\u00e9s en Tunisie 24-07-2023 Boutique VOG El Aouina 22-07-2023 Retour en images de l\u2019ouverture VOG El Aouina 17-07-2023 Ouverture de Boutique VOG El Aouina\" \/>\n<meta property=\"og:url\" content=\"https:\/\/vog.com.tn\/?page_id=103042\" \/>\n<meta property=\"og:site_name\" content=\"Vog Tunisie\" \/>\n<meta property=\"article:modified_time\" content=\"2025-10-31T13:07:10+00:00\" \/>\n<meta property=\"og:image\" content=\"https:\/\/vog.com.tn\/wp-content\/uploads\/2023\/08\/VOG-ouvre-ses-portes-a-El-Aouina.jpg\" \/>\n<meta name=\"twitter:card\" content=\"summary_large_image\" \/>\n<script type=\"application\/ld+json\" class=\"yoast-schema-graph\">{\"@context\":\"https:\\\/\\\/schema.org\",\"@graph\":[{\"@type\":\"WebPage\",\"@id\":\"https:\\\/\\\/vog.com.tn\\\/?page_id=103042\",\"url\":\"https:\\\/\\\/vog.com.tn\\\/?page_id=103042\",\"name\":\"Actualit\u00e9s - Vog Tunisie\",\"isPartOf\":{\"@id\":\"https:\\\/\\\/vog.com.tn\\\/#website\"},\"primaryImageOfPage\":{\"@id\":\"https:\\\/\\\/vog.com.tn\\\/?page_id=103042#primaryimage\"},\"image\":{\"@id\":\"https:\\\/\\\/vog.com.tn\\\/?page_id=103042#primaryimage\"},\"thumbnailUrl\":\"https:\\\/\\\/vog.com.tn\\\/wp-content\\\/uploads\\\/2023\\\/08\\\/VOG-ouvre-ses-portes-a-El-Aouina.jpg\",\"datePublished\":\"2025-10-31T13:05:47+00:00\",\"dateModified\":\"2025-10-31T13:07:10+00:00\",\"breadcrumb\":{\"@id\":\"https:\\\/\\\/vog.com.tn\\\/?page_id=103042#breadcrumb\"},\"inLanguage\":\"fr-FR\",\"potentialAction\":[{\"@type\":\"ReadAction\",\"target\":[\"https:\\\/\\\/vog.com.tn\\\/?page_id=103042\"]}]},{\"@type\":\"ImageObject\",\"inLanguage\":\"fr-FR\",\"@id\":\"https:\\\/\\\/vog.com.tn\\\/?page_id=103042#primaryimage\",\"url\":\"https:\\\/\\\/vog.com.tn\\\/wp-content\\\/uploads\\\/2023\\\/08\\\/VOG-ouvre-ses-portes-a-El-Aouina.jpg\",\"contentUrl\":\"https:\\\/\\\/vog.com.tn\\\/wp-content\\\/uploads\\\/2023\\\/08\\\/VOG-ouvre-ses-portes-a-El-Aouina.jpg\",\"width\":1080,\"height\":1080},{\"@type\":\"BreadcrumbList\",\"@id\":\"https:\\\/\\\/vog.com.tn\\\/?page_id=103042#breadcrumb\",\"itemListElement\":[{\"@type\":\"ListItem\",\"position\":1,\"name\":\"Home\",\"item\":\"https:\\\/\\\/vog.com.tn\\\/\"},{\"@type\":\"ListItem\",\"position\":2,\"name\":\"Actualit\u00e9s\"}]},{\"@type\":\"WebSite\",\"@id\":\"https:\\\/\\\/vog.com.tn\\\/#website\",\"url\":\"https:\\\/\\\/vog.com.tn\\\/\",\"name\":\"Vog Tunisie\",\"description\":\"Pr\u00eat-\u00e0-porter\",\"potentialAction\":[{\"@type\":\"SearchAction\",\"target\":{\"@type\":\"EntryPoint\",\"urlTemplate\":\"https:\\\/\\\/vog.com.tn\\\/?s={search_term_string}\"},\"query-input\":{\"@type\":\"PropertyValueSpecification\",\"valueRequired\":true,\"valueName\":\"search_term_string\"}}],\"inLanguage\":\"fr-FR\"}]}<\/script>\n<!-- \/ Yoast SEO plugin. -->","yoast_head_json":{"title":"Actualit\u00e9s - Vog Tunisie","robots":{"index":"index","follow":"follow","max-snippet":"max-snippet:-1","max-image-preview":"max-image-preview:large","max-video-preview":"max-video-preview:-1"},"canonical":"https:\/\/vog.com.tn\/?page_id=103042","og_locale":"fr_FR","og_type":"article","og_title":"Actualit\u00e9s - Vog Tunisie","og_description":"Nos derni\u00e8res actualit\u00e9s en Tunisie 24-07-2023 Boutique VOG El Aouina 22-07-2023 Retour en images de l\u2019ouverture VOG El Aouina 17-07-2023 Ouverture de Boutique VOG El Aouina","og_url":"https:\/\/vog.com.tn\/?page_id=103042","og_site_name":"Vog Tunisie","article_modified_time":"2025-10-31T13:07:10+00:00","og_image":[{"url":"https:\/\/vog.com.tn\/wp-content\/uploads\/2023\/08\/VOG-ouvre-ses-portes-a-El-Aouina.jpg","type":"","width":"","height":""}],"twitter_card":"summary_large_image","schema":{"@context":"https:\/\/schema.org","@graph":[{"@type":"WebPage","@id":"https:\/\/vog.com.tn\/?page_id=103042","url":"https:\/\/vog.com.tn\/?page_id=103042","name":"Actualit\u00e9s - Vog Tunisie","isPartOf":{"@id":"https:\/\/vog.com.tn\/#website"},"primaryImageOfPage":{"@id":"https:\/\/vog.com.tn\/?page_id=103042#primaryimage"},"image":{"@id":"https:\/\/vog.com.tn\/?page_id=103042#primaryimage"},"thumbnailUrl":"https:\/\/vog.com.tn\/wp-content\/uploads\/2023\/08\/VOG-ouvre-ses-portes-a-El-Aouina.jpg","datePublished":"2025-10-31T13:05:47+00:00","dateModified":"2025-10-31T13:07:10+00:00","breadcrumb":{"@id":"https:\/\/vog.com.tn\/?page_id=103042#breadcrumb"},"inLanguage":"fr-FR","potentialAction":[{"@type":"ReadAction","target":["https:\/\/vog.com.tn\/?page_id=103042"]}]},{"@type":"ImageObject","inLanguage":"fr-FR","@id":"https:\/\/vog.com.tn\/?page_id=103042#primaryimage","url":"https:\/\/vog.com.tn\/wp-content\/uploads\/2023\/08\/VOG-ouvre-ses-portes-a-El-Aouina.jpg","contentUrl":"https:\/\/vog.com.tn\/wp-content\/uploads\/2023\/08\/VOG-ouvre-ses-portes-a-El-Aouina.jpg","width":1080,"height":1080},{"@type":"BreadcrumbList","@id":"https:\/\/vog.com.tn\/?page_id=103042#breadcrumb","itemListElement":[{"@type":"ListItem","position":1,"name":"Home","item":"https:\/\/vog.com.tn\/"},{"@type":"ListItem","position":2,"name":"Actualit\u00e9s"}]},{"@type":"WebSite","@id":"https:\/\/vog.com.tn\/#website","url":"https:\/\/vog.com.tn\/","name":"Vog Tunisie","description":"Pr\u00eat-\u00e0-porter","potentialAction":[{"@type":"SearchAction","target":{"@type":"EntryPoint","urlTemplate":"https:\/\/vog.com.tn\/?s={search_term_string}"},"query-input":{"@type":"PropertyValueSpecification","valueRequired":true,"valueName":"search_term_string"}}],"inLanguage":"fr-FR"}]}},"_links":{"self":[{"href":"https:\/\/vog.com.tn\/index.php?rest_route=\/wp\/v2\/pages\/103042","targetHints":{"allow":["GET"]}}],"collection":[{"href":"https:\/\/vog.com.tn\/index.php?rest_route=\/wp\/v2\/pages"}],"about":[{"href":"https:\/\/vog.com.tn\/index.php?rest_route=\/wp\/v2\/types\/page"}],"author":[{"embeddable":true,"href":"https:\/\/vog.com.tn\/index.php?rest_route=\/wp\/v2\/users\/291"}],"replies":[{"embeddable":true,"href":"https:\/\/vog.com.tn\/index.php?rest_route=%2Fwp%2Fv2%2Fcomments&post=103042"}],"version-history":[{"count":3,"href":"https:\/\/vog.com.tn\/index.php?rest_route=\/wp\/v2\/pages\/103042\/revisions"}],"predecessor-version":[{"id":103045,"href":"https:\/\/vog.com.tn\/index.php?rest_route=\/wp\/v2\/pages\/103042\/revisions\/103045"}],"wp:attachment":[{"href":"https:\/\/vog.com.tn\/index.php?rest_route=%2Fwp%2Fv2%2Fmedia&parent=103042"}],"curies":[{"name":"wp","href":"https:\/\/api.w.org\/{rel}","templated":true}]}}