{"id":211,"date":"2025-08-13T11:32:05","date_gmt":"2025-08-13T09:32:05","guid":{"rendered":"http:\/\/192.168.0.150\/user5\/WORDPRESS\/demo\/WCM010005\/about-us\/"},"modified":"2025-08-13T11:32:05","modified_gmt":"2025-08-13T09:32:05","slug":"a-propos-vog","status":"publish","type":"page","link":"https:\/\/vog.com.tn\/?page_id=211","title":{"rendered":"Notre histoire"},"content":{"rendered":"<p>[vc_row el_class=\u00a0\u00bbcustom-content-main\u00a0\u00bb css=\u00a0\u00bb.vc_custom_1559626499181{margin-bottom: 30px !important;}\u00a0\u00bb][vc_column][vc_row_inner][vc_column_inner el_class=\u00a0\u00bbabout-us\u00a0\u00bb css=\u00a0\u00bb.vc_custom_1570610803927{margin-bottom: 30px !important;margin-left: 20px !important;}\u00a0\u00bb][vc_column_text css=\u00a0\u00bb.vc_custom_1678886283026{padding-bottom: 10px !important;}\u00a0\u00bb el_class=\u00a0\u00bbcolor :black;\u00a0\u00bb]<\/p>\n<h1 class=\"h1-titre-ctc\">VOG est une histoire de passion et d\u2019ambition !<\/h1>\n<p class=\"txt-algn-ctr\">Vente en ligne de v\u00eatements, chaussures, sacs et accessoires\u2026<\/p>\n<p>[\/vc_column_text][\/vc_column_inner][\/vc_row_inner][vc_row_inner][vc_column_inner el_class=\u00a0\u00bbabout-us\u00a0\u00bb width=\u00a0\u00bb1\/2&Prime; css=\u00a0\u00bb.vc_custom_1570610803927{margin-bottom: 30px !important;margin-left: 20px !important;}\u00a0\u00bb][vc_column_text css=\u00a0\u00bb.vc_custom_1678886583641{padding-bottom: 10px !important;}\u00a0\u00bb el_class=\u00a0\u00bbcolor :black;\u00a0\u00bb]<\/p>\n<h2 class=\"mrg-botm-txt\">L\u2019histoire de VOG pr\u00eat \u00e0 porter Tunisie<\/h2>\n<div class=\"colorBlack\">\n<p><strong>Vog,<\/strong> sp\u00e9cialis\u00e9 dans la vente des <strong>v\u00eatements<\/strong>,<strong> chaussures<\/strong> et <strong>accessoires<\/strong> de mode pour <strong>femme<\/strong> et <strong>homme<\/strong>. L\u2019histoire de VOG a commenc\u00e9 depuis 1959 lorsque le p\u00e8re Messaoud Ben Sabbah\u00a0 s\u2019est lanc\u00e9 dans le march\u00e9 et a ouvert son 1\u00e9r magasin du pr\u00eat \u00e0 porter \u00e0 Bizerte.<\/p>\n<p>Par la suite, il a d\u00e9velopp\u00e9 sonr\u00e9seau de magasins\u00a0 pour que la famille Ben Sabbah marque son nom dans le secteur du pr\u00eat \u00e0 porter et dispose jusqu\u2019aujourd\u2019hui de 6 points de vente sise \u00e0 Bizerte :<\/p>\n<ul>\n<li>1\u00e9r point de vente : fond\u00e9 en 3 septembre 1970 (Sp\u00e9cialis\u00e9 dans la vente du pr\u00eat\u00a0 \u00e0 porter\u00a0 uniquement pour femme)<\/li>\n<li>2\u00e8me point de vente : fond\u00e9 en\u00a0 juin 1995 (Sp\u00e9cialis\u00e9 dans la vente du\u00a0 pr\u00eat \u00e0 porter mode homme et femme)<\/li>\n<li>3\u00e8me point de vente : fond\u00e9 en 2010 (Sp\u00e9cialis\u00e9 dans la vente des accessoires, sacs \u00e0 main, foulard,\u2026)<\/li>\n<li>4\u00e8me point de vente : fond\u00e9 en juillet 2014 (Sp\u00e9cialis\u00e9 dans la vente du pr\u00eat\u00a0 \u00e0 porter\u00a0 uniquement pour femme)<\/li>\n<li>5\u00e8me point de vente : fond\u00e9 en juillet 2018 (Sp\u00e9cialis\u00e9 dans la vente du pr\u00eat \u00e0 porter\u00a0 uniquement pour femme)<\/li>\n<li>6\u00e8me point de vente : fond\u00e9 en janvier 2021 (Sp\u00e9cialis\u00e9 dans la vente du pr\u00eat\u00a0 \u00e0 porter\u00a0 uniquement pour femme)<\/li>\n<\/ul>\n<\/div>\n<p>[\/vc_column_text][\/vc_column_inner][vc_column_inner el_class=\u00a0\u00bbabout-us\u00a0\u00bb width=\u00a0\u00bb1\/2&Prime; css=\u00a0\u00bb.vc_custom_1570610808548{margin-bottom: 30px !important;}\u00a0\u00bb][vc_empty_space][vc_empty_space][vc_single_image image=\u00a0\u00bb9714&Prime; img_size=\u00a0\u00bblarge\u00a0\u00bb alignment=\u00a0\u00bbcenter\u00a0\u00bb][\/vc_column_inner][\/vc_row_inner][\/vc_column][\/vc_row][vc_row el_class=\u00a0\u00bbcustom-content-main\u00a0\u00bb css=\u00a0\u00bb.vc_custom_1559626499181{margin-bottom: 30px !important;}\u00a0\u00bb][vc_column][vc_row_inner][vc_column_inner el_class=\u00a0\u00bbabout-us\u00a0\u00bb width=\u00a0\u00bb1\/2&Prime; css=\u00a0\u00bb.vc_custom_1570610808548{margin-bottom: 30px !important;}\u00a0\u00bb][vc_empty_space][vc_single_image image=\u00a0\u00bb53341&Prime; img_size=\u00a0\u00bblarge\u00a0\u00bb alignment=\u00a0\u00bbcenter\u00a0\u00bb el_class=\u00a0\u00bbimg-vog-propos\u00a0\u00bb][\/vc_column_inner][vc_column_inner el_class=\u00a0\u00bbabout-us\u00a0\u00bb width=\u00a0\u00bb1\/2&Prime; css=\u00a0\u00bb.vc_custom_1673858713885{margin-bottom: 30px !important;margin-left: 20px !important;}\u00a0\u00bb el_id=\u00a0\u00bbabouttest2&Prime;][vc_column_text css=\u00a0\u00bb.vc_custom_1678886723448{padding-bottom: 10px !important;}\u00a0\u00bb]<\/p>\n<h2 class=\"mrg-botm-txt\">Nos valeurs<\/h2>\n<div class=\"colorBlack\">\n<p><strong>VOG,<\/strong> ne cesse d\u2019innover pour \u00eatre dans l\u2019attente de ses clients et compte \u00e0 se d\u00e9velopper sur tout le territoire Tunisien.Au fil des ann\u00e9es, <strong>VOG<\/strong> s\u2019est dot\u00e9e d\u2019une culture d\u2019entreprise bas\u00e9e autours des valeurs suivantes\u00a0:<\/p>\n<ul>\n<li><strong>Professionnalisme<\/strong><\/li>\n<li><strong>Respect<\/strong><\/li>\n<li><strong>Transparence<\/strong><\/li>\n<li><strong>Responsabilit\u00e9<\/strong><\/li>\n<\/ul>\n<p>Fid\u00e8le \u00e0 ses principes, <strong>vog.com.tn<\/strong> a d\u00e9nich\u00e9 pour vous une gamme d\u2019articles ultra tendance qui sublimeront vos tenues.<\/p>\n<p>Parmi ses collections, vous trouverez tout type de <strong>chaussures\u00a0<\/strong>(ballerines, escarpins, sandales, bottes, baskets, mules, etc.)\u00a0; de <strong>v\u00eatements<\/strong> (robe, jupe, manteaux, veste, pantalon, maillot de bain,\u2026) de <strong>sous-v\u00eatements<\/strong> (ensembles lingeries, lingerie sculptante, pyjama, collant,\u2026)\u00a0; une vari\u00e9t\u00e9 des sacs pour accompagner vos sorties ainsi qu\u2019une grande vari\u00e9t\u00e9 <strong>d\u2019accessoires<\/strong> (foulard, ceinture, montre,\u2026) pour customiser tous vos styles.<\/p>\n<p><strong>VOG,<\/strong> vous garantit un excellent service, de la commande jusqu&rsquo;\u00e0 l&rsquo;apr\u00e8s-vente<\/p>\n<div id=\"gtx-trans\" style=\"position: absolute; left: -15px; top: 514.437px;\">\n<div class=\"gtx-trans-icon\"><\/div>\n<\/div>\n<\/div>\n<p>[\/vc_column_text][vc_column_text]<\/p>\n<style color:\"black\">Fid\u00e8le \u00e0 ses principes, <strong>VOG.com.tn<\/strong> a d\u00e9nich\u00e9 pour vous une gamme d\u2019articles ultra tendance qui sublimeront vos tenues.<\/p>\n<p>Parmi ses collections, vous trouverez tout type de <strong>chaussures<\/strong>\u00a0 ( ballerines, escarpins, sandales, bottes, baskets, mules, etc.) ; de <strong>v\u00eatements<\/strong> (robe, jupe, manteaux, veste, pantalon, maillot de bain,\u2026) de <strong>sous-v\u00eatements<\/strong> (ensembles lingeries, lingerie sculptante, pyjama, collant,\u2026) ; une vari\u00e9t\u00e9 des sacs pour accompagner vos sorties ainsi qu\u2019une grande vari\u00e9t\u00e9 <strong>d\u2019accessoires<\/strong> (foulard, ceinture, montre,\u2026) pour customiser tous vos styles.<\/p>\n<p>VOG vous garantit un excellent service, de la commande jusqu'\u00e0 l'apr\u00e8s-vente<strong>.<\/strong><\/style>\n<p>[\/vc_column_text][\/vc_column_inner][\/vc_row_inner][\/vc_column][\/vc_row]<\/p>\n","protected":false},"excerpt":{"rendered":"<p>[vc_row el_class=\u00a0\u00bbcustom-content-main\u00a0\u00bb css=\u00a0\u00bb.vc_custom_1559626499181{margin-bottom: 30px !important;}\u00a0\u00bb][vc_column][vc_row_inner][vc_column_inner el_class=\u00a0\u00bbabout-us\u00a0\u00bb css=\u00a0\u00bb.vc_custom_1570610803927{margin-bottom: 30px !important;margin-left: 20px !important;}\u00a0\u00bb][vc_column_text css=\u00a0\u00bb.vc_custom_1678886283026{padding-bottom: 10px !important;}\u00a0\u00bb el_class=\u00a0\u00bbcolor :black;\u00a0\u00bb] VOG est une histoire de passion et d\u2019ambition ! Vente en ligne de v\u00eatements, chaussures, sacs et accessoires\u2026 [\/vc_column_text][\/vc_column_inner][\/vc_row_inner][vc_row_inner][vc_column_inner el_class=\u00a0\u00bbabout-us\u00a0\u00bb width=\u00a0\u00bb1\/2&Prime; css=\u00a0\u00bb.vc_custom_1570610803927{margin-bottom: 30px !important;margin-left: 20px !important;}\u00a0\u00bb][vc_column_text css=\u00a0\u00bb.vc_custom_1678886583641{padding-bottom: 10px !important;}\u00a0\u00bb el_class=\u00a0\u00bbcolor :black;\u00a0\u00bb] L\u2019histoire de VOG pr\u00eat \u00e0 porter Tunisie Vog, sp\u00e9cialis\u00e9 dans la vente des v\u00eatements, chaussures et accessoires de mode pour femme et homme. L\u2019histoire de VOG a commenc\u00e9 depuis 1959 lorsque le p\u00e8re Messaoud Ben Sabbah\u00a0 s\u2019est lanc\u00e9 dans le march\u00e9 et a ouvert son 1\u00e9r magasin du pr\u00eat \u00e0 porter \u00e0 Bizerte. Par la suite, il a d\u00e9velopp\u00e9 sonr\u00e9seau de magasins\u00a0 pour que la famille Ben Sabbah marque son nom dans le secteur du pr\u00eat \u00e0 porter et dispose jusqu\u2019aujourd\u2019hui de 6 points de vente sise \u00e0 Bizerte : 1\u00e9r point de vente : fond\u00e9 en 3 septembre 1970 (Sp\u00e9cialis\u00e9 dans la vente du pr\u00eat\u00a0 \u00e0 porter\u00a0 uniquement pour femme) 2\u00e8me point de vente : fond\u00e9 en\u00a0 juin 1995 (Sp\u00e9cialis\u00e9 dans la vente du\u00a0 pr\u00eat \u00e0 porter mode homme et femme) 3\u00e8me point de vente : fond\u00e9 en 2010 (Sp\u00e9cialis\u00e9 dans la vente des accessoires, sacs \u00e0 main, foulard,\u2026) 4\u00e8me point de&hellip; <a class=\"read-more-link\" href=\"https:\/\/vog.com.tn\/?page_id=211\">Read More<\/a><\/p>\n","protected":false},"author":1,"featured_media":0,"parent":0,"menu_order":0,"comment_status":"closed","ping_status":"closed","template":"","meta":{"footnotes":""},"class_list":["post-211","page","type-page","status-publish","hentry"],"yoast_head":"<!-- This site is optimized with the Yoast SEO plugin v27.5 - https:\/\/yoast.com\/product\/yoast-seo-wordpress\/ -->\n<title>Histoire de VOG\u2502Vente v\u00eatements Tunisie\u2502pr\u00eat \u00e0 porter &amp; chaussures<\/title>\n<meta name=\"description\" content=\"VOG est une cha\u00eene de boutiques de pr\u00eat \u00e0 porter \u00e0 Bizerte, Tunisie, sp\u00e9cialis\u00e9e dans la vente en ligne de v\u00eatements, chaussures et sacs\u2026 pour femme et homme.\" \/>\n<meta name=\"robots\" content=\"index, follow, max-snippet:-1, max-image-preview:large, max-video-preview:-1\" \/>\n<link rel=\"canonical\" href=\"https:\/\/vog.com.tn\/?page_id=211\" \/>\n<meta property=\"og:locale\" content=\"fr_FR\" \/>\n<meta property=\"og:type\" content=\"article\" \/>\n<meta property=\"og:title\" content=\"Histoire de VOG\u2502Vente v\u00eatements Tunisie\u2502pr\u00eat \u00e0 porter &amp; chaussures\" \/>\n<meta property=\"og:description\" content=\"VOG est une cha\u00eene de boutiques de pr\u00eat \u00e0 porter \u00e0 Bizerte, Tunisie, sp\u00e9cialis\u00e9e dans la vente en ligne de v\u00eatements, chaussures et sacs\u2026 pour femme et homme.\" \/>\n<meta property=\"og:url\" content=\"https:\/\/vog.com.tn\/?page_id=211\" \/>\n<meta property=\"og:site_name\" content=\"Vog Tunisie\" \/>\n<meta name=\"twitter:card\" content=\"summary_large_image\" \/>\n<meta name=\"twitter:label1\" content=\"Dur\u00e9e de lecture estim\u00e9e\" \/>\n\t<meta name=\"twitter:data1\" content=\"3 minutes\" \/>\n<script type=\"application\/ld+json\" class=\"yoast-schema-graph\">{\"@context\":\"https:\\\/\\\/schema.org\",\"@graph\":[{\"@type\":\"WebPage\",\"@id\":\"https:\\\/\\\/vog.com.tn\\\/?page_id=211\",\"url\":\"https:\\\/\\\/vog.com.tn\\\/?page_id=211\",\"name\":\"Histoire de VOG\u2502Vente v\u00eatements Tunisie\u2502pr\u00eat \u00e0 porter & chaussures\",\"isPartOf\":{\"@id\":\"https:\\\/\\\/vog.com.tn\\\/#website\"},\"datePublished\":\"2025-08-13T09:32:05+00:00\",\"description\":\"VOG est une cha\u00eene de boutiques de pr\u00eat \u00e0 porter \u00e0 Bizerte, Tunisie, sp\u00e9cialis\u00e9e dans la vente en ligne de v\u00eatements, chaussures et sacs\u2026 pour femme et homme.\",\"breadcrumb\":{\"@id\":\"https:\\\/\\\/vog.com.tn\\\/?page_id=211#breadcrumb\"},\"inLanguage\":\"fr-FR\",\"potentialAction\":[{\"@type\":\"ReadAction\",\"target\":[\"https:\\\/\\\/vog.com.tn\\\/?page_id=211\"]}]},{\"@type\":\"BreadcrumbList\",\"@id\":\"https:\\\/\\\/vog.com.tn\\\/?page_id=211#breadcrumb\",\"itemListElement\":[{\"@type\":\"ListItem\",\"position\":1,\"name\":\"Home\",\"item\":\"https:\\\/\\\/vog.com.tn\\\/\"},{\"@type\":\"ListItem\",\"position\":2,\"name\":\"Notre histoire\"}]},{\"@type\":\"WebSite\",\"@id\":\"https:\\\/\\\/vog.com.tn\\\/#website\",\"url\":\"https:\\\/\\\/vog.com.tn\\\/\",\"name\":\"Vog Tunisie\",\"description\":\"Pr\u00eat-\u00e0-porter\",\"potentialAction\":[{\"@type\":\"SearchAction\",\"target\":{\"@type\":\"EntryPoint\",\"urlTemplate\":\"https:\\\/\\\/vog.com.tn\\\/?s={search_term_string}\"},\"query-input\":{\"@type\":\"PropertyValueSpecification\",\"valueRequired\":true,\"valueName\":\"search_term_string\"}}],\"inLanguage\":\"fr-FR\"}]}<\/script>\n<!-- \/ Yoast SEO plugin. -->","yoast_head_json":{"title":"Histoire de VOG\u2502Vente v\u00eatements Tunisie\u2502pr\u00eat \u00e0 porter & chaussures","description":"VOG est une cha\u00eene de boutiques de pr\u00eat \u00e0 porter \u00e0 Bizerte, Tunisie, sp\u00e9cialis\u00e9e dans la vente en ligne de v\u00eatements, chaussures et sacs\u2026 pour femme et homme.","robots":{"index":"index","follow":"follow","max-snippet":"max-snippet:-1","max-image-preview":"max-image-preview:large","max-video-preview":"max-video-preview:-1"},"canonical":"https:\/\/vog.com.tn\/?page_id=211","og_locale":"fr_FR","og_type":"article","og_title":"Histoire de VOG\u2502Vente v\u00eatements Tunisie\u2502pr\u00eat \u00e0 porter & chaussures","og_description":"VOG est une cha\u00eene de boutiques de pr\u00eat \u00e0 porter \u00e0 Bizerte, Tunisie, sp\u00e9cialis\u00e9e dans la vente en ligne de v\u00eatements, chaussures et sacs\u2026 pour femme et homme.","og_url":"https:\/\/vog.com.tn\/?page_id=211","og_site_name":"Vog Tunisie","twitter_card":"summary_large_image","twitter_misc":{"Dur\u00e9e de lecture estim\u00e9e":"3 minutes"},"schema":{"@context":"https:\/\/schema.org","@graph":[{"@type":"WebPage","@id":"https:\/\/vog.com.tn\/?page_id=211","url":"https:\/\/vog.com.tn\/?page_id=211","name":"Histoire de VOG\u2502Vente v\u00eatements Tunisie\u2502pr\u00eat \u00e0 porter & chaussures","isPartOf":{"@id":"https:\/\/vog.com.tn\/#website"},"datePublished":"2025-08-13T09:32:05+00:00","description":"VOG est une cha\u00eene de boutiques de pr\u00eat \u00e0 porter \u00e0 Bizerte, Tunisie, sp\u00e9cialis\u00e9e dans la vente en ligne de v\u00eatements, chaussures et sacs\u2026 pour femme et homme.","breadcrumb":{"@id":"https:\/\/vog.com.tn\/?page_id=211#breadcrumb"},"inLanguage":"fr-FR","potentialAction":[{"@type":"ReadAction","target":["https:\/\/vog.com.tn\/?page_id=211"]}]},{"@type":"BreadcrumbList","@id":"https:\/\/vog.com.tn\/?page_id=211#breadcrumb","itemListElement":[{"@type":"ListItem","position":1,"name":"Home","item":"https:\/\/vog.com.tn\/"},{"@type":"ListItem","position":2,"name":"Notre histoire"}]},{"@type":"WebSite","@id":"https:\/\/vog.com.tn\/#website","url":"https:\/\/vog.com.tn\/","name":"Vog Tunisie","description":"Pr\u00eat-\u00e0-porter","potentialAction":[{"@type":"SearchAction","target":{"@type":"EntryPoint","urlTemplate":"https:\/\/vog.com.tn\/?s={search_term_string}"},"query-input":{"@type":"PropertyValueSpecification","valueRequired":true,"valueName":"search_term_string"}}],"inLanguage":"fr-FR"}]}},"_links":{"self":[{"href":"https:\/\/vog.com.tn\/index.php?rest_route=\/wp\/v2\/pages\/211","targetHints":{"allow":["GET"]}}],"collection":[{"href":"https:\/\/vog.com.tn\/index.php?rest_route=\/wp\/v2\/pages"}],"about":[{"href":"https:\/\/vog.com.tn\/index.php?rest_route=\/wp\/v2\/types\/page"}],"author":[{"embeddable":true,"href":"https:\/\/vog.com.tn\/index.php?rest_route=\/wp\/v2\/users\/1"}],"replies":[{"embeddable":true,"href":"https:\/\/vog.com.tn\/index.php?rest_route=%2Fwp%2Fv2%2Fcomments&post=211"}],"version-history":[{"count":16,"href":"https:\/\/vog.com.tn\/index.php?rest_route=\/wp\/v2\/pages\/211\/revisions"}],"predecessor-version":[{"id":58066,"href":"https:\/\/vog.com.tn\/index.php?rest_route=\/wp\/v2\/pages\/211\/revisions\/58066"}],"wp:attachment":[{"href":"https:\/\/vog.com.tn\/index.php?rest_route=%2Fwp%2Fv2%2Fmedia&parent=211"}],"curies":[{"name":"wp","href":"https:\/\/api.w.org\/{rel}","templated":true}]}}