{"id":24036,"date":"2021-09-08T10:56:36","date_gmt":"2021-09-08T08:56:36","guid":{"rendered":"https:\/\/vog.com.tn\/?page_id=24036"},"modified":"2021-12-21T09:33:28","modified_gmt":"2021-12-21T08:33:28","slug":"test-acceuil","status":"publish","type":"page","link":"https:\/\/vog.com.tn\/?page_id=24036","title":{"rendered":"test-acceuil"},"content":{"rendered":"<p>[vc_row el_class=\u00a0\u00bbhome-slider\u00a0\u00bb][vc_column width=\u00a0\u00bb4\/5&Prime; el_class=\u00a0\u00bbcz-slider\u00a0\u00bb][rev_slider_vc alias=\u00a0\u00bbtmpmela_homeslider\u00a0\u00bb el_class=\u00a0\u00bbSlider-content\u00a0\u00bb][\/vc_column][vc_column width=\u00a0\u00bb1\/5&Prime; el_class=\u00a0\u00bbcz-contact\u00a0\u00bb][vc_column_text el_class=\u00a0\u00bbcz-contact-text\u00a0\u00bb]<a href=\"http:\/\/+21655 020252\">+216 55 020 252<\/a>[\/vc_column_text][\/vc_column][\/vc_row][vc_row el_class=\u00a0\u00bbtheme-container\u00a0\u00bb css=\u00a0\u00bb.vc_custom_1612446541711{margin-top: 10px !important;margin-bottom: 10px !important;padding-top: 20px !important;padding-bottom: 20px !important;}\u00a0\u00bb][vc_column width=\u00a0\u00bb1\/3&Prime; el_class=\u00a0\u00bbcz-categories-title\u00a0\u00bb][title title=\u00a0\u00bbCat\u00e9gories\u00a0\u00bb subtitle=\u00a0\u00bbTrouvez votre ajustement parfait dans notre collection de v\u00eatements et chaussures pour Homme et femme !\u00a0\u00bb align=\u00a0\u00bbleft\u00a0\u00bb color=\u00a0\u00bb#000000&Prime;][\/vc_column][vc_column width=\u00a0\u00bb1\/3&Prime;][vc_hoverbox image=\u00a0\u00bb21294&Prime; primary_title=\u00a0\u00bb\u00a0\u00bb hover_title=\u00a0\u00bbMode Femme\u00a0\u00bb shape=\u00a0\u00bbsquare\u00a0\u00bb hover_btn_title=\u00a0\u00bbVoir Plus\u00a0\u00bb css_animation=\u00a0\u00bbnone\u00a0\u00bb hover_add_button=\u00a0\u00bbtrue\u00a0\u00bb el_class=\u00a0\u00bbfont-color=\u00ab\u00a0white\u00ab\u00a0\u00a0\u00bb hover_btn_link=\u00a0\u00bburl:https%3A%2F%2Fvog.com.tn%2Fmode-femme%2F|title:Mode%20Femme||\u00a0\u00bb]Optez pour un look chic et moderne et d\u00e9couvrez notre collection de v\u00eatements, chaussures et accessoires pour femme![\/vc_hoverbox][\/vc_column][vc_column width=\u00a0\u00bb1\/3&Prime;][vc_hoverbox image=\u00a0\u00bb21339&Prime; primary_title=\u00a0\u00bb\u00a0\u00bb hover_title=\u00a0\u00bbMode Homme\u00a0\u00bb shape=\u00a0\u00bbsquare\u00a0\u00bb hover_btn_title=\u00a0\u00bbVoir Plus\u00a0\u00bb css_animation=\u00a0\u00bbnone\u00a0\u00bb hover_add_button=\u00a0\u00bbtrue\u00a0\u00bb el_class=\u00a0\u00bbfont-color=\u00ab\u00a0white\u00ab\u00a0\u00a0\u00bb hover_btn_link=\u00a0\u00bburl:https%3A%2F%2Fvog.com.tn%2Fmode-homme%2F|title:Mode%20Homme||\u00a0\u00bb]Cr\u00e9ez votre propre style avec VOG et shoppez vos articles les plus pr\u00e9f\u00e9r\u00e9s parmi notre collection de v\u00eatements et chaussures sp\u00e9cial homme\u00a0![\/vc_hoverbox][\/vc_column][\/vc_row][vc_row el_class=\u00a0\u00bbtheme-container cz-testimonial\u00a0\u00bb css=\u00a0\u00bb.vc_custom_1596884234973{margin-top: 20px !important;margin-bottom: 40px !important;padding-top: 30px !important;padding-bottom: 30px !important;}\u00a0\u00bb][vc_column][title title=\u00a0\u00bbNouvelle collection\u00a0\u00bb subtitle=\u00a0\u00bbTrouvez votre ajustement parfait dans notre collection de v\u00eatements et chaussures pour Homme et femme !\u00a0\u00bb align=\u00a0\u00bbleft\u00a0\u00bb color=\u00a0\u00bb#000000&Prime;][\/vc_column][\/vc_row][vc_row el_class=\u00a0\u00bbtheme-container\u00a0\u00bb css=\u00a0\u00bb.vc_custom_1596888977793{margin-top: 30px !important;margin-bottom: 30px !important;padding-top: 35px !important;padding-bottom: 35px !important;}\u00a0\u00bb][vc_column]<div class=\"woocommerce columns-5 \"><\/div><div class=\"woocommerce columns-5 \"><\/div>[\/vc_column][\/vc_row][vc_row el_class=\u00a0\u00bbtheme-container cz-testimonial\u00a0\u00bb css=\u00a0\u00bb.vc_custom_1596884234973{margin-top: 20px !important;margin-bottom: 40px !important;padding-top: 30px !important;padding-bottom: 30px !important;}\u00a0\u00bb][vc_column width=\u00a0\u00bb1\/5&Prime; el_class=\u00a0\u00bbcz-testimonial-left\u00a0\u00bb][title title=\u00a0\u00bbNos Clients\u00a0\u00bb color=\u00a0\u00bb#000000&Prime;][\/vc_column][vc_column width=\u00a0\u00bb4\/5&Prime; el_class=\u00a0\u00bbcz-testimonial-right\u00a0\u00bb][tmpmela_custom_testimonials type=\u00a0\u00bbslider\u00a0\u00bb style=\u00a0\u00bb1&Prime; items_per_column=\u00a0\u00bb1&Prime; number_of_posts=\u00a0\u00bb5&Prime; image_width=\u00a0\u00bb70&Prime; image_height=\u00a0\u00bb70&Prime;][\/vc_column][\/vc_row][vc_row el_class=\u00a0\u00bbtheme-container\u00a0\u00bb css=\u00a0\u00bb.vc_custom_1596888977793{margin-top: 30px !important;margin-bottom: 30px !important;padding-top: 35px !important;padding-bottom: 35px !important;}\u00a0\u00bb][vc_column][tmpmela_newsletter title=\u00a0\u00bbRECEVEZ TOUTES NOS OFFRES\u00a0\u00bb text=\u00a0\u00bbAbonnez-vous \u00e0 notre newsletter en laissant votre adresse email.\u00a0\u00bb][newsletter][\/tmpmela_newsletter][\/vc_column][\/vc_row][vc_row][vc_column][vc_gmaps link=\u00a0\u00bb#E-8_JTNDaWZyYW1lJTIwc3JjJTNEJTIyaHR0cHMlM0ElMkYlMkZ3d3cuZ29vZ2xlLmNvbSUyRm1hcHMlMkZlbWJlZCUzRnBiJTNEJTIxMW0xOCUyMTFtMTIlMjExbTMlMjExZDM5MDUzMy4wMTIxNzA4NTczJTIxMmQ5Ljg2NTc1MDUxNzQyNTczNSUyMTNkMzcuMDA2OTIwODIxNjU4NDQlMjEybTMlMjExZjAlMjEyZjAlMjEzZjAlMjEzbTIlMjExaTEwMjQlMjEyaTc2OCUyMTRmMTMuMSUyMTNtMyUyMTFtMiUyMTFzMHgwJTI1M0EweDNhMzg0MTFlYWMyOTBkNGQlMjEyc1ZvZyUyNTIwViUyNUMzJTI1QUF0ZW1lbnRzJTI1MjBQb3VyJTI1MjBIb21tZSUyNTIwRXQlMjUyMEZlbW1lJTIxNWUwJTIxM20yJTIxMXNmciUyMTJzdG4lMjE0djE2MTM0OTIxMDk3MDIlMjE1bTIlMjExc2ZyJTIxMnN0biUyMiUyMHdpZHRoJTNEJTIyNjAwJTIyJTIwaGVpZ2h0JTNEJTIyNDUwJTIyJTIwZnJhbWVib3JkZXIlM0QlMjIwJTIyJTIwc3R5bGUlM0QlMjJib3JkZXIlM0EwJTIyJTIwYWxsb3dmdWxsc2NyZWVuJTNFJTNDJTJGaWZyYW1lJTNF\u00a0\u00bb][\/vc_column][\/vc_row]<\/p>\n","protected":false},"excerpt":{"rendered":"<p>[vc_row el_class=\u00a0\u00bbhome-slider\u00a0\u00bb][vc_column width=\u00a0\u00bb4\/5&Prime; el_class=\u00a0\u00bbcz-slider\u00a0\u00bb][rev_slider_vc alias=\u00a0\u00bbtmpmela_homeslider\u00a0\u00bb el_class=\u00a0\u00bbSlider-content\u00a0\u00bb][\/vc_column][vc_column width=\u00a0\u00bb1\/5&Prime; el_class=\u00a0\u00bbcz-contact\u00a0\u00bb][vc_column_text el_class=\u00a0\u00bbcz-contact-text\u00a0\u00bb]+216 55 020 252[\/vc_column_text][\/vc_column][\/vc_row][vc_row el_class=\u00a0\u00bbtheme-container\u00a0\u00bb css=\u00a0\u00bb.vc_custom_1612446541711{margin-top: 10px !important;margin-bottom: 10px !important;padding-top: 20px !important;padding-bottom: 20px !important;}\u00a0\u00bb][vc_column width=\u00a0\u00bb1\/3&Prime; el_class=\u00a0\u00bbcz-categories-title\u00a0\u00bb][title title=\u00a0\u00bbCat\u00e9gories\u00a0\u00bb subtitle=\u00a0\u00bbTrouvez votre ajustement parfait dans notre collection de v\u00eatements et chaussures pour Homme et femme !\u00a0\u00bb align=\u00a0\u00bbleft\u00a0\u00bb color=\u00a0\u00bb#000000&Prime;][\/vc_column][vc_column width=\u00a0\u00bb1\/3&Prime;][vc_hoverbox image=\u00a0\u00bb21294&Prime; primary_title=\u00a0\u00bb\u00a0\u00bb hover_title=\u00a0\u00bbMode Femme\u00a0\u00bb shape=\u00a0\u00bbsquare\u00a0\u00bb hover_btn_title=\u00a0\u00bbVoir Plus\u00a0\u00bb css_animation=\u00a0\u00bbnone\u00a0\u00bb hover_add_button=\u00a0\u00bbtrue\u00a0\u00bb el_class=\u00a0\u00bbfont-color=\u00ab\u00a0white\u00ab\u00a0\u00a0\u00bb hover_btn_link=\u00a0\u00bburl:https%3A%2F%2Fvog.com.tn%2Fmode-femme%2F|title:Mode%20Femme||\u00a0\u00bb]Optez pour un look chic et moderne et d\u00e9couvrez notre collection de v\u00eatements, chaussures et accessoires pour femme![\/vc_hoverbox][\/vc_column][vc_column width=\u00a0\u00bb1\/3&Prime;][vc_hoverbox image=\u00a0\u00bb21339&Prime; primary_title=\u00a0\u00bb\u00a0\u00bb hover_title=\u00a0\u00bbMode Homme\u00a0\u00bb shape=\u00a0\u00bbsquare\u00a0\u00bb hover_btn_title=\u00a0\u00bbVoir Plus\u00a0\u00bb css_animation=\u00a0\u00bbnone\u00a0\u00bb hover_add_button=\u00a0\u00bbtrue\u00a0\u00bb el_class=\u00a0\u00bbfont-color=\u00ab\u00a0white\u00ab\u00a0\u00a0\u00bb hover_btn_link=\u00a0\u00bburl:https%3A%2F%2Fvog.com.tn%2Fmode-homme%2F|title:Mode%20Homme||\u00a0\u00bb]Cr\u00e9ez votre propre style avec VOG et shoppez vos articles les plus pr\u00e9f\u00e9r\u00e9s parmi notre collection de v\u00eatements et chaussures sp\u00e9cial homme\u00a0![\/vc_hoverbox][\/vc_column][\/vc_row][vc_row el_class=\u00a0\u00bbtheme-container cz-testimonial\u00a0\u00bb css=\u00a0\u00bb.vc_custom_1596884234973{margin-top: 20px !important;margin-bottom: 40px !important;padding-top: 30px !important;padding-bottom: 30px !important;}\u00a0\u00bb][vc_column][title title=\u00a0\u00bbNouvelle collection\u00a0\u00bb subtitle=\u00a0\u00bbTrouvez votre ajustement parfait dans notre collection de v\u00eatements et chaussures pour Homme et femme !\u00a0\u00bb align=\u00a0\u00bbleft\u00a0\u00bb color=\u00a0\u00bb#000000&Prime;][\/vc_column][\/vc_row][vc_row el_class=\u00a0\u00bbtheme-container\u00a0\u00bb css=\u00a0\u00bb.vc_custom_1596888977793{margin-top: 30px !important;margin-bottom: 30px !important;padding-top: 35px !important;padding-bottom: 35px !important;}\u00a0\u00bb][vc_column][\/vc_column][\/vc_row][vc_row el_class=\u00a0\u00bbtheme-container cz-testimonial\u00a0\u00bb css=\u00a0\u00bb.vc_custom_1596884234973{margin-top: 20px !important;margin-bottom: 40px !important;padding-top: 30px !important;padding-bottom: 30px !important;}\u00a0\u00bb][vc_column width=\u00a0\u00bb1\/5&Prime; el_class=\u00a0\u00bbcz-testimonial-left\u00a0\u00bb][title title=\u00a0\u00bbNos Clients\u00a0\u00bb color=\u00a0\u00bb#000000&Prime;][\/vc_column][vc_column width=\u00a0\u00bb4\/5&Prime; el_class=\u00a0\u00bbcz-testimonial-right\u00a0\u00bb][tmpmela_custom_testimonials type=\u00a0\u00bbslider\u00a0\u00bb style=\u00a0\u00bb1&Prime; items_per_column=\u00a0\u00bb1&Prime; number_of_posts=\u00a0\u00bb5&Prime; image_width=\u00a0\u00bb70&Prime; image_height=\u00a0\u00bb70&Prime;][\/vc_column][\/vc_row][vc_row el_class=\u00a0\u00bbtheme-container\u00a0\u00bb css=\u00a0\u00bb.vc_custom_1596888977793{margin-top: 30px !important;margin-bottom: 30px !important;padding-top: 35px !important;padding-bottom: 35px !important;}\u00a0\u00bb][vc_column][tmpmela_newsletter title=\u00a0\u00bbRECEVEZ TOUTES NOS OFFRES\u00a0\u00bb text=\u00a0\u00bbAbonnez-vous \u00e0 notre newsletter en laissant votre adresse email.\u00a0\u00bb][newsletter][\/tmpmela_newsletter][\/vc_column][\/vc_row][vc_row][vc_column][vc_gmaps link=\u00a0\u00bb#E-8_JTNDaWZyYW1lJTIwc3JjJTNEJTIyaHR0cHMlM0ElMkYlMkZ3d3cuZ29vZ2xlLmNvbSUyRm1hcHMlMkZlbWJlZCUzRnBiJTNEJTIxMW0xOCUyMTFtMTIlMjExbTMlMjExZDM5MDUzMy4wMTIxNzA4NTczJTIxMmQ5Ljg2NTc1MDUxNzQyNTczNSUyMTNkMzcuMDA2OTIwODIxNjU4NDQlMjEybTMlMjExZjAlMjEyZjAlMjEzZjAlMjEzbTIlMjExaTEwMjQlMjEyaTc2OCUyMTRmMTMuMSUyMTNtMyUyMTFtMiUyMTFzMHgwJTI1M0EweDNhMzg0MTFlYWMyOTBkNGQlMjEyc1ZvZyUyNTIwViUyNUMzJTI1QUF0ZW1lbnRzJTI1MjBQb3VyJTI1MjBIb21tZSUyNTIwRXQlMjUyMEZlbW1lJTIxNWUwJTIxM20yJTIxMXNmciUyMTJzdG4lMjE0djE2MTM0OTIxMDk3MDIlMjE1bTIlMjExc2ZyJTIxMnN0biUyMiUyMHdpZHRoJTNEJTIyNjAwJTIyJTIwaGVpZ2h0JTNEJTIyNDUwJTIyJTIwZnJhbWVib3JkZXIlM0QlMjIwJTIyJTIwc3R5bGUlM0QlMjJib3JkZXIlM0EwJTIyJTIwYWxsb3dmdWxsc2NyZWVuJTNFJTNDJTJGaWZyYW1lJTNF\u00a0\u00bb][\/vc_column][\/vc_row]<\/p>\n","protected":false},"author":17,"featured_media":0,"parent":0,"menu_order":0,"comment_status":"closed","ping_status":"open","template":"","meta":{"footnotes":""},"class_list":["post-24036","page","type-page","status-publish","hentry"],"yoast_head":"<!-- This site is optimized with the Yoast SEO plugin v27.5 - https:\/\/yoast.com\/product\/yoast-seo-wordpress\/ -->\n<title>test-acceuil - Vog Tunisie<\/title>\n<meta name=\"robots\" content=\"index, follow, max-snippet:-1, max-image-preview:large, max-video-preview:-1\" \/>\n<link rel=\"canonical\" href=\"https:\/\/vog.com.tn\/?page_id=24036\" \/>\n<meta property=\"og:locale\" content=\"fr_FR\" \/>\n<meta property=\"og:type\" content=\"article\" \/>\n<meta property=\"og:title\" content=\"test-acceuil - Vog Tunisie\" \/>\n<meta property=\"og:description\" content=\"[vc_row el_class=\u00a0\u00bbhome-slider\u00a0\u00bb][vc_column width=\u00a0\u00bb4\/5&Prime; el_class=\u00a0\u00bbcz-slider\u00a0\u00bb][rev_slider_vc alias=\u00a0\u00bbtmpmela_homeslider\u00a0\u00bb el_class=\u00a0\u00bbSlider-content\u00a0\u00bb][\/vc_column][vc_column width=\u00a0\u00bb1\/5&Prime; el_class=\u00a0\u00bbcz-contact\u00a0\u00bb][vc_column_text el_class=\u00a0\u00bbcz-contact-text\u00a0\u00bb]+216 55 020 252[\/vc_column_text][\/vc_column][\/vc_row][vc_row el_class=\u00a0\u00bbtheme-container\u00a0\u00bb css=\u00a0\u00bb.vc_custom_1612446541711{margin-top: 10px !important;margin-bottom: 10px !important;padding-top: 20px !important;padding-bottom: 20px !important;}\u00a0\u00bb][vc_column width=\u00a0\u00bb1\/3&Prime; el_class=\u00a0\u00bbcz-categories-title\u00a0\u00bb][title title=\u00a0\u00bbCat\u00e9gories\u00a0\u00bb subtitle=\u00a0\u00bbTrouvez votre ajustement parfait dans notre collection de v\u00eatements et chaussures pour Homme et femme !\u00a0\u00bb align=\u00a0\u00bbleft\u00a0\u00bb color=\u00a0\u00bb#000000&Prime;][\/vc_column][vc_column width=\u00a0\u00bb1\/3&Prime;][vc_hoverbox image=\u00a0\u00bb21294&Prime; primary_title=\u00a0\u00bb\u00a0\u00bb hover_title=\u00a0\u00bbMode Femme\u00a0\u00bb shape=\u00a0\u00bbsquare\u00a0\u00bb hover_btn_title=\u00a0\u00bbVoir Plus\u00a0\u00bb css_animation=\u00a0\u00bbnone\u00a0\u00bb hover_add_button=\u00a0\u00bbtrue\u00a0\u00bb el_class=\u00a0\u00bbfont-color=\u00ab\u00a0white\u00ab\u00a0\u00a0\u00bb hover_btn_link=\u00a0\u00bburl:https%3A%2F%2Fvog.com.tn%2Fmode-femme%2F|title:Mode%20Femme||\u00a0\u00bb]Optez pour un look chic et moderne et d\u00e9couvrez notre collection de v\u00eatements, chaussures et accessoires pour femme![\/vc_hoverbox][\/vc_column][vc_column width=\u00a0\u00bb1\/3&Prime;][vc_hoverbox image=\u00a0\u00bb21339&Prime; primary_title=\u00a0\u00bb\u00a0\u00bb hover_title=\u00a0\u00bbMode Homme\u00a0\u00bb shape=\u00a0\u00bbsquare\u00a0\u00bb hover_btn_title=\u00a0\u00bbVoir Plus\u00a0\u00bb css_animation=\u00a0\u00bbnone\u00a0\u00bb hover_add_button=\u00a0\u00bbtrue\u00a0\u00bb el_class=\u00a0\u00bbfont-color=\u00ab\u00a0white\u00ab\u00a0\u00a0\u00bb hover_btn_link=\u00a0\u00bburl:https%3A%2F%2Fvog.com.tn%2Fmode-homme%2F|title:Mode%20Homme||\u00a0\u00bb]Cr\u00e9ez votre propre style avec VOG et shoppez vos articles les plus pr\u00e9f\u00e9r\u00e9s parmi notre collection de v\u00eatements et chaussures sp\u00e9cial homme\u00a0![\/vc_hoverbox][\/vc_column][\/vc_row][vc_row el_class=\u00a0\u00bbtheme-container cz-testimonial\u00a0\u00bb css=\u00a0\u00bb.vc_custom_1596884234973{margin-top: 20px !important;margin-bottom: 40px !important;padding-top: 30px !important;padding-bottom: 30px !important;}\u00a0\u00bb][vc_column][title title=\u00a0\u00bbNouvelle collection\u00a0\u00bb subtitle=\u00a0\u00bbTrouvez votre ajustement parfait dans notre collection de v\u00eatements et chaussures pour Homme et femme !\u00a0\u00bb align=\u00a0\u00bbleft\u00a0\u00bb color=\u00a0\u00bb#000000&Prime;][\/vc_column][\/vc_row][vc_row el_class=\u00a0\u00bbtheme-container\u00a0\u00bb css=\u00a0\u00bb.vc_custom_1596888977793{margin-top: 30px !important;margin-bottom: 30px !important;padding-top: 35px !important;padding-bottom: 35px !important;}\u00a0\u00bb][vc_column][\/vc_column][\/vc_row][vc_row el_class=\u00a0\u00bbtheme-container cz-testimonial\u00a0\u00bb css=\u00a0\u00bb.vc_custom_1596884234973{margin-top: 20px !important;margin-bottom: 40px !important;padding-top: 30px !important;padding-bottom: 30px !important;}\u00a0\u00bb][vc_column width=\u00a0\u00bb1\/5&Prime; el_class=\u00a0\u00bbcz-testimonial-left\u00a0\u00bb][title title=\u00a0\u00bbNos Clients\u00a0\u00bb color=\u00a0\u00bb#000000&Prime;][\/vc_column][vc_column width=\u00a0\u00bb4\/5&Prime; el_class=\u00a0\u00bbcz-testimonial-right\u00a0\u00bb][tmpmela_custom_testimonials type=\u00a0\u00bbslider\u00a0\u00bb style=\u00a0\u00bb1&Prime; items_per_column=\u00a0\u00bb1&Prime; number_of_posts=\u00a0\u00bb5&Prime; image_width=\u00a0\u00bb70&Prime; image_height=\u00a0\u00bb70&Prime;][\/vc_column][\/vc_row][vc_row el_class=\u00a0\u00bbtheme-container\u00a0\u00bb css=\u00a0\u00bb.vc_custom_1596888977793{margin-top: 30px !important;margin-bottom: 30px !important;padding-top: 35px !important;padding-bottom: 35px !important;}\u00a0\u00bb][vc_column][tmpmela_newsletter title=\u00a0\u00bbRECEVEZ TOUTES NOS OFFRES\u00a0\u00bb text=\u00a0\u00bbAbonnez-vous \u00e0 notre newsletter en laissant votre adresse email.\u00a0\u00bb][newsletter][\/tmpmela_newsletter][\/vc_column][\/vc_row][vc_row][vc_column][vc_gmaps link=\u00a0\u00bb#E-8_JTNDaWZyYW1lJTIwc3JjJTNEJTIyaHR0cHMlM0ElMkYlMkZ3d3cuZ29vZ2xlLmNvbSUyRm1hcHMlMkZlbWJlZCUzRnBiJTNEJTIxMW0xOCUyMTFtMTIlMjExbTMlMjExZDM5MDUzMy4wMTIxNzA4NTczJTIxMmQ5Ljg2NTc1MDUxNzQyNTczNSUyMTNkMzcuMDA2OTIwODIxNjU4NDQlMjEybTMlMjExZjAlMjEyZjAlMjEzZjAlMjEzbTIlMjExaTEwMjQlMjEyaTc2OCUyMTRmMTMuMSUyMTNtMyUyMTFtMiUyMTFzMHgwJTI1M0EweDNhMzg0MTFlYWMyOTBkNGQlMjEyc1ZvZyUyNTIwViUyNUMzJTI1QUF0ZW1lbnRzJTI1MjBQb3VyJTI1MjBIb21tZSUyNTIwRXQlMjUyMEZlbW1lJTIxNWUwJTIxM20yJTIxMXNmciUyMTJzdG4lMjE0djE2MTM0OTIxMDk3MDIlMjE1bTIlMjExc2ZyJTIxMnN0biUyMiUyMHdpZHRoJTNEJTIyNjAwJTIyJTIwaGVpZ2h0JTNEJTIyNDUwJTIyJTIwZnJhbWVib3JkZXIlM0QlMjIwJTIyJTIwc3R5bGUlM0QlMjJib3JkZXIlM0EwJTIyJTIwYWxsb3dmdWxsc2NyZWVuJTNFJTNDJTJGaWZyYW1lJTNF\u00a0\u00bb][\/vc_column][\/vc_row]\" \/>\n<meta property=\"og:url\" content=\"https:\/\/vog.com.tn\/?page_id=24036\" \/>\n<meta property=\"og:site_name\" content=\"Vog Tunisie\" \/>\n<meta property=\"article:modified_time\" content=\"2021-12-21T08:33:28+00:00\" \/>\n<meta name=\"twitter:card\" content=\"summary_large_image\" \/>\n<meta name=\"twitter:label1\" content=\"Dur\u00e9e de lecture estim\u00e9e\" \/>\n\t<meta name=\"twitter:data1\" content=\"2 minutes\" \/>\n<script type=\"application\/ld+json\" class=\"yoast-schema-graph\">{\"@context\":\"https:\\\/\\\/schema.org\",\"@graph\":[{\"@type\":\"WebPage\",\"@id\":\"https:\\\/\\\/vog.com.tn\\\/?page_id=24036\",\"url\":\"https:\\\/\\\/vog.com.tn\\\/?page_id=24036\",\"name\":\"test-acceuil - Vog Tunisie\",\"isPartOf\":{\"@id\":\"https:\\\/\\\/vog.com.tn\\\/#website\"},\"datePublished\":\"2021-09-08T08:56:36+00:00\",\"dateModified\":\"2021-12-21T08:33:28+00:00\",\"breadcrumb\":{\"@id\":\"https:\\\/\\\/vog.com.tn\\\/?page_id=24036#breadcrumb\"},\"inLanguage\":\"fr-FR\",\"potentialAction\":[{\"@type\":\"ReadAction\",\"target\":[\"https:\\\/\\\/vog.com.tn\\\/?page_id=24036\"]}]},{\"@type\":\"BreadcrumbList\",\"@id\":\"https:\\\/\\\/vog.com.tn\\\/?page_id=24036#breadcrumb\",\"itemListElement\":[{\"@type\":\"ListItem\",\"position\":1,\"name\":\"Home\",\"item\":\"https:\\\/\\\/vog.com.tn\\\/\"},{\"@type\":\"ListItem\",\"position\":2,\"name\":\"test-acceuil\"}]},{\"@type\":\"WebSite\",\"@id\":\"https:\\\/\\\/vog.com.tn\\\/#website\",\"url\":\"https:\\\/\\\/vog.com.tn\\\/\",\"name\":\"Vog Tunisie\",\"description\":\"Pr\u00eat-\u00e0-porter\",\"potentialAction\":[{\"@type\":\"SearchAction\",\"target\":{\"@type\":\"EntryPoint\",\"urlTemplate\":\"https:\\\/\\\/vog.com.tn\\\/?s={search_term_string}\"},\"query-input\":{\"@type\":\"PropertyValueSpecification\",\"valueRequired\":true,\"valueName\":\"search_term_string\"}}],\"inLanguage\":\"fr-FR\"}]}<\/script>\n<!-- \/ Yoast SEO plugin. -->","yoast_head_json":{"title":"test-acceuil - Vog Tunisie","robots":{"index":"index","follow":"follow","max-snippet":"max-snippet:-1","max-image-preview":"max-image-preview:large","max-video-preview":"max-video-preview:-1"},"canonical":"https:\/\/vog.com.tn\/?page_id=24036","og_locale":"fr_FR","og_type":"article","og_title":"test-acceuil - Vog Tunisie","og_description":"[vc_row el_class=\u00a0\u00bbhome-slider\u00a0\u00bb][vc_column width=\u00a0\u00bb4\/5&Prime; el_class=\u00a0\u00bbcz-slider\u00a0\u00bb][rev_slider_vc alias=\u00a0\u00bbtmpmela_homeslider\u00a0\u00bb el_class=\u00a0\u00bbSlider-content\u00a0\u00bb][\/vc_column][vc_column width=\u00a0\u00bb1\/5&Prime; el_class=\u00a0\u00bbcz-contact\u00a0\u00bb][vc_column_text el_class=\u00a0\u00bbcz-contact-text\u00a0\u00bb]+216 55 020 252[\/vc_column_text][\/vc_column][\/vc_row][vc_row el_class=\u00a0\u00bbtheme-container\u00a0\u00bb css=\u00a0\u00bb.vc_custom_1612446541711{margin-top: 10px !important;margin-bottom: 10px !important;padding-top: 20px !important;padding-bottom: 20px !important;}\u00a0\u00bb][vc_column width=\u00a0\u00bb1\/3&Prime; el_class=\u00a0\u00bbcz-categories-title\u00a0\u00bb][title title=\u00a0\u00bbCat\u00e9gories\u00a0\u00bb subtitle=\u00a0\u00bbTrouvez votre ajustement parfait dans notre collection de v\u00eatements et chaussures pour Homme et femme !\u00a0\u00bb align=\u00a0\u00bbleft\u00a0\u00bb color=\u00a0\u00bb#000000&Prime;][\/vc_column][vc_column width=\u00a0\u00bb1\/3&Prime;][vc_hoverbox image=\u00a0\u00bb21294&Prime; primary_title=\u00a0\u00bb\u00a0\u00bb hover_title=\u00a0\u00bbMode Femme\u00a0\u00bb shape=\u00a0\u00bbsquare\u00a0\u00bb hover_btn_title=\u00a0\u00bbVoir Plus\u00a0\u00bb css_animation=\u00a0\u00bbnone\u00a0\u00bb hover_add_button=\u00a0\u00bbtrue\u00a0\u00bb el_class=\u00a0\u00bbfont-color=\u00ab\u00a0white\u00ab\u00a0\u00a0\u00bb hover_btn_link=\u00a0\u00bburl:https%3A%2F%2Fvog.com.tn%2Fmode-femme%2F|title:Mode%20Femme||\u00a0\u00bb]Optez pour un look chic et moderne et d\u00e9couvrez notre collection de v\u00eatements, chaussures et accessoires pour femme![\/vc_hoverbox][\/vc_column][vc_column width=\u00a0\u00bb1\/3&Prime;][vc_hoverbox image=\u00a0\u00bb21339&Prime; primary_title=\u00a0\u00bb\u00a0\u00bb hover_title=\u00a0\u00bbMode Homme\u00a0\u00bb shape=\u00a0\u00bbsquare\u00a0\u00bb hover_btn_title=\u00a0\u00bbVoir Plus\u00a0\u00bb css_animation=\u00a0\u00bbnone\u00a0\u00bb hover_add_button=\u00a0\u00bbtrue\u00a0\u00bb el_class=\u00a0\u00bbfont-color=\u00ab\u00a0white\u00ab\u00a0\u00a0\u00bb hover_btn_link=\u00a0\u00bburl:https%3A%2F%2Fvog.com.tn%2Fmode-homme%2F|title:Mode%20Homme||\u00a0\u00bb]Cr\u00e9ez votre propre style avec VOG et shoppez vos articles les plus pr\u00e9f\u00e9r\u00e9s parmi notre collection de v\u00eatements et chaussures sp\u00e9cial homme\u00a0![\/vc_hoverbox][\/vc_column][\/vc_row][vc_row el_class=\u00a0\u00bbtheme-container cz-testimonial\u00a0\u00bb css=\u00a0\u00bb.vc_custom_1596884234973{margin-top: 20px !important;margin-bottom: 40px !important;padding-top: 30px !important;padding-bottom: 30px !important;}\u00a0\u00bb][vc_column][title title=\u00a0\u00bbNouvelle collection\u00a0\u00bb subtitle=\u00a0\u00bbTrouvez votre ajustement parfait dans notre collection de v\u00eatements et chaussures pour Homme et femme !\u00a0\u00bb align=\u00a0\u00bbleft\u00a0\u00bb color=\u00a0\u00bb#000000&Prime;][\/vc_column][\/vc_row][vc_row el_class=\u00a0\u00bbtheme-container\u00a0\u00bb css=\u00a0\u00bb.vc_custom_1596888977793{margin-top: 30px !important;margin-bottom: 30px !important;padding-top: 35px !important;padding-bottom: 35px !important;}\u00a0\u00bb][vc_column][\/vc_column][\/vc_row][vc_row el_class=\u00a0\u00bbtheme-container cz-testimonial\u00a0\u00bb css=\u00a0\u00bb.vc_custom_1596884234973{margin-top: 20px !important;margin-bottom: 40px !important;padding-top: 30px !important;padding-bottom: 30px !important;}\u00a0\u00bb][vc_column width=\u00a0\u00bb1\/5&Prime; el_class=\u00a0\u00bbcz-testimonial-left\u00a0\u00bb][title title=\u00a0\u00bbNos Clients\u00a0\u00bb color=\u00a0\u00bb#000000&Prime;][\/vc_column][vc_column width=\u00a0\u00bb4\/5&Prime; el_class=\u00a0\u00bbcz-testimonial-right\u00a0\u00bb][tmpmela_custom_testimonials type=\u00a0\u00bbslider\u00a0\u00bb style=\u00a0\u00bb1&Prime; items_per_column=\u00a0\u00bb1&Prime; number_of_posts=\u00a0\u00bb5&Prime; image_width=\u00a0\u00bb70&Prime; image_height=\u00a0\u00bb70&Prime;][\/vc_column][\/vc_row][vc_row el_class=\u00a0\u00bbtheme-container\u00a0\u00bb css=\u00a0\u00bb.vc_custom_1596888977793{margin-top: 30px !important;margin-bottom: 30px !important;padding-top: 35px !important;padding-bottom: 35px !important;}\u00a0\u00bb][vc_column][tmpmela_newsletter title=\u00a0\u00bbRECEVEZ TOUTES NOS OFFRES\u00a0\u00bb text=\u00a0\u00bbAbonnez-vous \u00e0 notre newsletter en laissant votre adresse email.\u00a0\u00bb][newsletter][\/tmpmela_newsletter][\/vc_column][\/vc_row][vc_row][vc_column][vc_gmaps link=\u00a0\u00bb#E-8_JTNDaWZyYW1lJTIwc3JjJTNEJTIyaHR0cHMlM0ElMkYlMkZ3d3cuZ29vZ2xlLmNvbSUyRm1hcHMlMkZlbWJlZCUzRnBiJTNEJTIxMW0xOCUyMTFtMTIlMjExbTMlMjExZDM5MDUzMy4wMTIxNzA4NTczJTIxMmQ5Ljg2NTc1MDUxNzQyNTczNSUyMTNkMzcuMDA2OTIwODIxNjU4NDQlMjEybTMlMjExZjAlMjEyZjAlMjEzZjAlMjEzbTIlMjExaTEwMjQlMjEyaTc2OCUyMTRmMTMuMSUyMTNtMyUyMTFtMiUyMTFzMHgwJTI1M0EweDNhMzg0MTFlYWMyOTBkNGQlMjEyc1ZvZyUyNTIwViUyNUMzJTI1QUF0ZW1lbnRzJTI1MjBQb3VyJTI1MjBIb21tZSUyNTIwRXQlMjUyMEZlbW1lJTIxNWUwJTIxM20yJTIxMXNmciUyMTJzdG4lMjE0djE2MTM0OTIxMDk3MDIlMjE1bTIlMjExc2ZyJTIxMnN0biUyMiUyMHdpZHRoJTNEJTIyNjAwJTIyJTIwaGVpZ2h0JTNEJTIyNDUwJTIyJTIwZnJhbWVib3JkZXIlM0QlMjIwJTIyJTIwc3R5bGUlM0QlMjJib3JkZXIlM0EwJTIyJTIwYWxsb3dmdWxsc2NyZWVuJTNFJTNDJTJGaWZyYW1lJTNF\u00a0\u00bb][\/vc_column][\/vc_row]","og_url":"https:\/\/vog.com.tn\/?page_id=24036","og_site_name":"Vog Tunisie","article_modified_time":"2021-12-21T08:33:28+00:00","twitter_card":"summary_large_image","twitter_misc":{"Dur\u00e9e de lecture estim\u00e9e":"2 minutes"},"schema":{"@context":"https:\/\/schema.org","@graph":[{"@type":"WebPage","@id":"https:\/\/vog.com.tn\/?page_id=24036","url":"https:\/\/vog.com.tn\/?page_id=24036","name":"test-acceuil - Vog Tunisie","isPartOf":{"@id":"https:\/\/vog.com.tn\/#website"},"datePublished":"2021-09-08T08:56:36+00:00","dateModified":"2021-12-21T08:33:28+00:00","breadcrumb":{"@id":"https:\/\/vog.com.tn\/?page_id=24036#breadcrumb"},"inLanguage":"fr-FR","potentialAction":[{"@type":"ReadAction","target":["https:\/\/vog.com.tn\/?page_id=24036"]}]},{"@type":"BreadcrumbList","@id":"https:\/\/vog.com.tn\/?page_id=24036#breadcrumb","itemListElement":[{"@type":"ListItem","position":1,"name":"Home","item":"https:\/\/vog.com.tn\/"},{"@type":"ListItem","position":2,"name":"test-acceuil"}]},{"@type":"WebSite","@id":"https:\/\/vog.com.tn\/#website","url":"https:\/\/vog.com.tn\/","name":"Vog Tunisie","description":"Pr\u00eat-\u00e0-porter","potentialAction":[{"@type":"SearchAction","target":{"@type":"EntryPoint","urlTemplate":"https:\/\/vog.com.tn\/?s={search_term_string}"},"query-input":{"@type":"PropertyValueSpecification","valueRequired":true,"valueName":"search_term_string"}}],"inLanguage":"fr-FR"}]}},"_links":{"self":[{"href":"https:\/\/vog.com.tn\/index.php?rest_route=\/wp\/v2\/pages\/24036","targetHints":{"allow":["GET"]}}],"collection":[{"href":"https:\/\/vog.com.tn\/index.php?rest_route=\/wp\/v2\/pages"}],"about":[{"href":"https:\/\/vog.com.tn\/index.php?rest_route=\/wp\/v2\/types\/page"}],"author":[{"embeddable":true,"href":"https:\/\/vog.com.tn\/index.php?rest_route=\/wp\/v2\/users\/17"}],"replies":[{"embeddable":true,"href":"https:\/\/vog.com.tn\/index.php?rest_route=%2Fwp%2Fv2%2Fcomments&post=24036"}],"version-history":[{"count":41,"href":"https:\/\/vog.com.tn\/index.php?rest_route=\/wp\/v2\/pages\/24036\/revisions"}],"predecessor-version":[{"id":33183,"href":"https:\/\/vog.com.tn\/index.php?rest_route=\/wp\/v2\/pages\/24036\/revisions\/33183"}],"wp:attachment":[{"href":"https:\/\/vog.com.tn\/index.php?rest_route=%2Fwp%2Fv2%2Fmedia&parent=24036"}],"curies":[{"name":"wp","href":"https:\/\/api.w.org\/{rel}","templated":true}]}}