{"id":53018,"date":"2022-12-23T14:50:16","date_gmt":"2022-12-23T13:50:16","guid":{"rendered":"https:\/\/vog.com.tn\/?page_id=53018"},"modified":"2023-07-04T10:18:45","modified_gmt":"2023-07-04T08:18:45","slug":"livraison","status":"publish","type":"page","link":"https:\/\/vog.com.tn\/?page_id=53018","title":{"rendered":"Livraison"},"content":{"rendered":"<p>[vc_row el_class=\u00a0\u00bbcustom-content-main\u00a0\u00bb css=\u00a0\u00bb.vc_custom_1559626499181{margin-bottom: 30px !important;}\u00a0\u00bb][vc_column][vc_raw_html]JTNDaDElMjBzdHlsZSUzRCUyMnRleHQtYWxpZ24lM0ElMjBjZW50ZXIlM0Jmb250LXNpemUlM0ElMjAzM3B4JTNCbWFyZ2luLWJvdHRvbSUzQTQlMjUlM0IlMjIlM0VMaXZyYWlzb24lMjBkZXMlMjBjb21tYW5kZXMlM0MlMkZoMSUzRQ==[\/vc_raw_html][vc_column_text]<\/p>\n<h3>Exp\u00e9dition de votre colis<\/h3>\n<div class=\"colorBlack\">\n<p>Toutes les commandes pass\u00e9es sur Vog.com.tn sont\u00a0pr\u00e9par\u00e9es dans un d\u00e9lai de 24h du lundi au samedi (hors jours f\u00e9ri\u00e9s) sous r\u00e9serve de confirmation t\u00e9l\u00e9phonique ou validation du paiement. Les commandes effectu\u00e9es le week-end et les jours f\u00e9ri\u00e9s sont trait\u00e9es le jour ouvr\u00e9 suivant.<\/p>\n<p>En p\u00e9riodes exceptionnelles (ventes priv\u00e9es, Black Friday, f\u00eates, jours f\u00e9ri\u00e9s\u2026) ce d\u00e9lai peut varier jusqu&rsquo;\u00e0 72h.<\/p>\n<p>Le client a le choix entre deux modes de paiement:<\/p>\n<ul>\n<li>Paiement en esp\u00e8ce ou par ch\u00e8que \u00e0 la livraison<\/li>\n<li>Paiement en ligne sur notre site web avec les cartes de cr\u00e9dit ou de d\u00e9bit (carte visa, MasterCard, E-dinar)<\/li>\n<\/ul>\n<p>Le paiement par TPE ou tickets cadeaux est possible uniquement en magasin.<\/p>\n<p>Les frais de livraison vous seront indiqu\u00e9s lors de la validation de votre commande sur notre site.<\/p>\n<p>Les colis sont g\u00e9n\u00e9ralement exp\u00e9di\u00e9s dans un d\u00e9lai qui varie entre 48h et 5 jours ouvrable selon l\u2019adresse fournie. En p\u00e9riode de soldes et de promotions, le d\u00e9lai de livraison peut \u00eatre l\u00e9g\u00e8rement sup\u00e9rieur \u00e0 l&rsquo;habituel.<\/p>\n<p>A savoir Vog met tout en \u0153uvre pour respecter les d\u00e9lais de livraison mentionn\u00e9s lors de l&rsquo;enregistrement de votre commande. En cas de non r\u00e9ception d&rsquo;un colis dans les d\u00e9lais indiqu\u00e9s, merci de le signaler \u00e0 notre service client\u00a0pour qu\u2019une enqu\u00eate sera men\u00e9e aupr\u00e8s de la soci\u00e9t\u00e9 de livraison.<\/p>\n<p>Tous les colis sont soigneusement pr\u00e9par\u00e9s et contr\u00f4l\u00e9s par l\u2019\u00e9quipe avant l\u2019exp\u00e9dition. Toutefois, le client est tenu de v\u00e9rifier l\u2019\u00e9tat de son colis et la conformit\u00e9 des produits re\u00e7us apr\u00e8s la livraison et non pas au moment de la livraison.<br \/>\nToute anomalie apparente concernant la livraison telle que colis endommag\u00e9, produits manquants, produits d\u00e9t\u00e9rior\u00e9s, produits non conformes \u00e0 la commande; devra \u00eatre notifi\u00e9e dans un d\u00e9lai de 24h \u00e0 partir de la date de la r\u00e9ception de la commande soit par:<\/p>\n<ul>\n<li><i class=\"fa fa-envelope\"><\/i>\u00a0vogshoptunisie@gmail.com<\/li>\n<li><i class=\"fa fa-whatsapp\"><\/i> <a href=\"https:\/\/api.whatsapp.com\/send?phone=21655020252\">55.020.252<\/a><\/li>\n<\/ul>\n<\/div>\n<p>[\/vc_column_text][\/vc_column][\/vc_row]<\/p>\n","protected":false},"excerpt":{"rendered":"<p>[vc_row el_class=\u00a0\u00bbcustom-content-main\u00a0\u00bb css=\u00a0\u00bb.vc_custom_1559626499181{margin-bottom: 30px !important;}\u00a0\u00bb][vc_column][vc_raw_html]JTNDaDElMjBzdHlsZSUzRCUyMnRleHQtYWxpZ24lM0ElMjBjZW50ZXIlM0Jmb250LXNpemUlM0ElMjAzM3B4JTNCbWFyZ2luLWJvdHRvbSUzQTQlMjUlM0IlMjIlM0VMaXZyYWlzb24lMjBkZXMlMjBjb21tYW5kZXMlM0MlMkZoMSUzRQ==[\/vc_raw_html][vc_column_text] Exp\u00e9dition de votre colis Toutes les commandes pass\u00e9es sur Vog.com.tn sont\u00a0pr\u00e9par\u00e9es dans un d\u00e9lai de 24h du lundi au samedi (hors jours f\u00e9ri\u00e9s) sous r\u00e9serve de confirmation t\u00e9l\u00e9phonique ou validation du paiement. Les commandes effectu\u00e9es le week-end et les jours f\u00e9ri\u00e9s sont trait\u00e9es le jour ouvr\u00e9 suivant. En p\u00e9riodes exceptionnelles (ventes priv\u00e9es, Black Friday, f\u00eates, jours f\u00e9ri\u00e9s\u2026) ce d\u00e9lai peut varier jusqu&rsquo;\u00e0 72h. Le client a le choix entre deux modes de paiement: Paiement en esp\u00e8ce ou par ch\u00e8que \u00e0 la livraison Paiement en ligne sur notre site web avec les cartes de cr\u00e9dit ou de d\u00e9bit (carte visa, MasterCard, E-dinar) Le paiement par TPE ou tickets cadeaux est possible uniquement en magasin. Les frais de livraison vous seront indiqu\u00e9s lors de la validation de votre commande sur notre site. Les colis sont g\u00e9n\u00e9ralement exp\u00e9di\u00e9s dans un d\u00e9lai qui varie entre 48h et 5 jours ouvrable selon l\u2019adresse fournie. En p\u00e9riode de soldes et de promotions, le d\u00e9lai de livraison peut \u00eatre l\u00e9g\u00e8rement sup\u00e9rieur \u00e0 l&rsquo;habituel. A savoir Vog met tout en \u0153uvre pour respecter les d\u00e9lais de livraison mentionn\u00e9s lors de l&rsquo;enregistrement de votre commande. En cas de non r\u00e9ception d&rsquo;un colis dans les&hellip; <a class=\"read-more-link\" href=\"https:\/\/vog.com.tn\/?page_id=53018\">Read More<\/a><\/p>\n","protected":false},"author":291,"featured_media":0,"parent":0,"menu_order":0,"comment_status":"closed","ping_status":"closed","template":"","meta":{"footnotes":""},"class_list":["post-53018","page","type-page","status-publish","hentry"],"yoast_head":"<!-- This site is optimized with the Yoast SEO plugin v27.5 - https:\/\/yoast.com\/product\/yoast-seo-wordpress\/ -->\n<title>Livraison des commandes VOG Tunisie|VOG pr\u00eat \u00e0 porter Tunisie<\/title>\n<meta name=\"description\" content=\"VOG est une cha\u00eene de boutiques de pr\u00eat \u00e0 porter \u00e0 Bizerte, Tunisie, sp\u00e9cialis\u00e9e dans la vente en ligne de v\u00eatements, chaussures et sacs\u2026 pour femme et homme.\" \/>\n<meta name=\"robots\" content=\"index, follow, max-snippet:-1, max-image-preview:large, max-video-preview:-1\" \/>\n<link rel=\"canonical\" href=\"https:\/\/vog.com.tn\/?page_id=53018\" \/>\n<meta property=\"og:locale\" content=\"fr_FR\" \/>\n<meta property=\"og:type\" content=\"article\" \/>\n<meta property=\"og:title\" content=\"Livraison des commandes VOG Tunisie|VOG pr\u00eat \u00e0 porter Tunisie\" \/>\n<meta property=\"og:description\" content=\"VOG est une cha\u00eene de boutiques de pr\u00eat \u00e0 porter \u00e0 Bizerte, Tunisie, sp\u00e9cialis\u00e9e dans la vente en ligne de v\u00eatements, chaussures et sacs\u2026 pour femme et homme.\" \/>\n<meta property=\"og:url\" content=\"https:\/\/vog.com.tn\/?page_id=53018\" \/>\n<meta property=\"og:site_name\" content=\"Vog Tunisie\" \/>\n<meta property=\"article:modified_time\" content=\"2023-07-04T08:18:45+00:00\" \/>\n<meta name=\"twitter:card\" content=\"summary_large_image\" \/>\n<meta name=\"twitter:label1\" content=\"Dur\u00e9e de lecture estim\u00e9e\" \/>\n\t<meta name=\"twitter:data1\" content=\"2 minutes\" \/>\n<script type=\"application\/ld+json\" class=\"yoast-schema-graph\">{\"@context\":\"https:\\\/\\\/schema.org\",\"@graph\":[{\"@type\":\"WebPage\",\"@id\":\"https:\\\/\\\/vog.com.tn\\\/?page_id=53018\",\"url\":\"https:\\\/\\\/vog.com.tn\\\/?page_id=53018\",\"name\":\"Livraison des commandes VOG Tunisie|VOG pr\u00eat \u00e0 porter Tunisie\",\"isPartOf\":{\"@id\":\"https:\\\/\\\/vog.com.tn\\\/#website\"},\"datePublished\":\"2022-12-23T13:50:16+00:00\",\"dateModified\":\"2023-07-04T08:18:45+00:00\",\"description\":\"VOG est une cha\u00eene de boutiques de pr\u00eat \u00e0 porter \u00e0 Bizerte, Tunisie, sp\u00e9cialis\u00e9e dans la vente en ligne de v\u00eatements, chaussures et sacs\u2026 pour femme et homme.\",\"breadcrumb\":{\"@id\":\"https:\\\/\\\/vog.com.tn\\\/?page_id=53018#breadcrumb\"},\"inLanguage\":\"fr-FR\",\"potentialAction\":[{\"@type\":\"ReadAction\",\"target\":[\"https:\\\/\\\/vog.com.tn\\\/?page_id=53018\"]}]},{\"@type\":\"BreadcrumbList\",\"@id\":\"https:\\\/\\\/vog.com.tn\\\/?page_id=53018#breadcrumb\",\"itemListElement\":[{\"@type\":\"ListItem\",\"position\":1,\"name\":\"Home\",\"item\":\"https:\\\/\\\/vog.com.tn\\\/\"},{\"@type\":\"ListItem\",\"position\":2,\"name\":\"Livraison\"}]},{\"@type\":\"WebSite\",\"@id\":\"https:\\\/\\\/vog.com.tn\\\/#website\",\"url\":\"https:\\\/\\\/vog.com.tn\\\/\",\"name\":\"Vog Tunisie\",\"description\":\"Pr\u00eat-\u00e0-porter\",\"potentialAction\":[{\"@type\":\"SearchAction\",\"target\":{\"@type\":\"EntryPoint\",\"urlTemplate\":\"https:\\\/\\\/vog.com.tn\\\/?s={search_term_string}\"},\"query-input\":{\"@type\":\"PropertyValueSpecification\",\"valueRequired\":true,\"valueName\":\"search_term_string\"}}],\"inLanguage\":\"fr-FR\"}]}<\/script>\n<!-- \/ Yoast SEO plugin. -->","yoast_head_json":{"title":"Livraison des commandes VOG Tunisie|VOG pr\u00eat \u00e0 porter Tunisie","description":"VOG est une cha\u00eene de boutiques de pr\u00eat \u00e0 porter \u00e0 Bizerte, Tunisie, sp\u00e9cialis\u00e9e dans la vente en ligne de v\u00eatements, chaussures et sacs\u2026 pour femme et homme.","robots":{"index":"index","follow":"follow","max-snippet":"max-snippet:-1","max-image-preview":"max-image-preview:large","max-video-preview":"max-video-preview:-1"},"canonical":"https:\/\/vog.com.tn\/?page_id=53018","og_locale":"fr_FR","og_type":"article","og_title":"Livraison des commandes VOG Tunisie|VOG pr\u00eat \u00e0 porter Tunisie","og_description":"VOG est une cha\u00eene de boutiques de pr\u00eat \u00e0 porter \u00e0 Bizerte, Tunisie, sp\u00e9cialis\u00e9e dans la vente en ligne de v\u00eatements, chaussures et sacs\u2026 pour femme et homme.","og_url":"https:\/\/vog.com.tn\/?page_id=53018","og_site_name":"Vog Tunisie","article_modified_time":"2023-07-04T08:18:45+00:00","twitter_card":"summary_large_image","twitter_misc":{"Dur\u00e9e de lecture estim\u00e9e":"2 minutes"},"schema":{"@context":"https:\/\/schema.org","@graph":[{"@type":"WebPage","@id":"https:\/\/vog.com.tn\/?page_id=53018","url":"https:\/\/vog.com.tn\/?page_id=53018","name":"Livraison des commandes VOG Tunisie|VOG pr\u00eat \u00e0 porter Tunisie","isPartOf":{"@id":"https:\/\/vog.com.tn\/#website"},"datePublished":"2022-12-23T13:50:16+00:00","dateModified":"2023-07-04T08:18:45+00:00","description":"VOG est une cha\u00eene de boutiques de pr\u00eat \u00e0 porter \u00e0 Bizerte, Tunisie, sp\u00e9cialis\u00e9e dans la vente en ligne de v\u00eatements, chaussures et sacs\u2026 pour femme et homme.","breadcrumb":{"@id":"https:\/\/vog.com.tn\/?page_id=53018#breadcrumb"},"inLanguage":"fr-FR","potentialAction":[{"@type":"ReadAction","target":["https:\/\/vog.com.tn\/?page_id=53018"]}]},{"@type":"BreadcrumbList","@id":"https:\/\/vog.com.tn\/?page_id=53018#breadcrumb","itemListElement":[{"@type":"ListItem","position":1,"name":"Home","item":"https:\/\/vog.com.tn\/"},{"@type":"ListItem","position":2,"name":"Livraison"}]},{"@type":"WebSite","@id":"https:\/\/vog.com.tn\/#website","url":"https:\/\/vog.com.tn\/","name":"Vog Tunisie","description":"Pr\u00eat-\u00e0-porter","potentialAction":[{"@type":"SearchAction","target":{"@type":"EntryPoint","urlTemplate":"https:\/\/vog.com.tn\/?s={search_term_string}"},"query-input":{"@type":"PropertyValueSpecification","valueRequired":true,"valueName":"search_term_string"}}],"inLanguage":"fr-FR"}]}},"_links":{"self":[{"href":"https:\/\/vog.com.tn\/index.php?rest_route=\/wp\/v2\/pages\/53018","targetHints":{"allow":["GET"]}}],"collection":[{"href":"https:\/\/vog.com.tn\/index.php?rest_route=\/wp\/v2\/pages"}],"about":[{"href":"https:\/\/vog.com.tn\/index.php?rest_route=\/wp\/v2\/types\/page"}],"author":[{"embeddable":true,"href":"https:\/\/vog.com.tn\/index.php?rest_route=\/wp\/v2\/users\/291"}],"replies":[{"embeddable":true,"href":"https:\/\/vog.com.tn\/index.php?rest_route=%2Fwp%2Fv2%2Fcomments&post=53018"}],"version-history":[{"count":11,"href":"https:\/\/vog.com.tn\/index.php?rest_route=\/wp\/v2\/pages\/53018\/revisions"}],"predecessor-version":[{"id":62537,"href":"https:\/\/vog.com.tn\/index.php?rest_route=\/wp\/v2\/pages\/53018\/revisions\/62537"}],"wp:attachment":[{"href":"https:\/\/vog.com.tn\/index.php?rest_route=%2Fwp%2Fv2%2Fmedia&parent=53018"}],"curies":[{"name":"wp","href":"https:\/\/api.w.org\/{rel}","templated":true}]}}