{"id":57923,"date":"2023-03-01T16:57:31","date_gmt":"2023-03-01T15:57:31","guid":{"rendered":"https:\/\/vog.com.tn\/?page_id=57923"},"modified":"2023-03-01T17:08:54","modified_gmt":"2023-03-01T16:08:54","slug":"outfit","status":"publish","type":"page","link":"https:\/\/vog.com.tn\/?page_id=57923","title":{"rendered":"Outfit"},"content":{"rendered":"<p>[vc_row el_class=\u00a0\u00bbcustom-content-main\u00a0\u00bb css=\u00a0\u00bb.vc_custom_1559626499181{margin-bottom: 30px !important;}\u00a0\u00bb][vc_column][vc_raw_html]JTNDaDElMjBzdHlsZSUzRCUyMnRleHQtYWxpZ24lM0FjZW50ZXIlM0Jmb250LXNpemUlM0ElMjA0MHB4JTNCJTIyJTNFRCVDMyVBOWNvdXZyZXolMjBub3MlMjBvdXRmaXRzJTNDJTJGaDElM0U=[\/vc_raw_html][\/vc_column][\/vc_row][vc_row el_class=\u00a0\u00bbcustom-content-main\u00a0\u00bb css=\u00a0\u00bb.vc_custom_1559626499181{margin-bottom: 30px !important;}\u00a0\u00bb][vc_column][vc_raw_html]JTNDJTIxLS0lMjAlM0NoMiUyMHN0eWxlJTNEJTIyZm9udC1zaXplJTNBJTIwMnJlbSUzQmxldHRlci1zcGFjaW5nJTNBJTIwLS4zMnB4JTNCbGluZS1oZWlnaHQlM0ElMjAyLjI1cmVtJTNCJTIyJTNFSWQlQzMlQTllcyUyMGRlJTIwbG9vayUzQyUyRmgyJTNFJTBBJTNDZGl2JTIwc3R5bGUlM0QlMjJmb250LXNpemUlM0ElMjAycmVtJTNCbGV0dGVyLXNwYWNpbmclM0ElMjAtLjMycHglM0JsaW5lLWhlaWdodCUzQSUyMDIuMjVyZW0lM0IlM0Jjb2xvciUzQSUyMCUyMzAwMDAwMCUzQmZvbnQtd2VpZ2h0JTNBJTIwNTAwJTNCZm9udC1zdHlsZSUzQSUyMG5vcm1hbCUzQm1hcmdpbi1ib3R0b20lM0ElMjAzJTI1JTNCJTIyJTNFQWRvcHRleiUyMGxldXIlMjBzdHlsZSUzQyUyRmRpdiUzRSUwQS0tJTNFJTBBJTBBJTVCYXdsLXNsaWRlciUyMGlkJTNENTczNTIlNUQ=[\/vc_raw_html][\/vc_column][\/vc_row][vc_row el_class=\u00a0\u00bbcustom-content-main\u00a0\u00bb css=\u00a0\u00bb.vc_custom_1677686815693{margin-bottom: 30px !important;background-color: #018636 !important;}\u00a0\u00bb][vc_column width=\u00a0\u00bb1\/2&Prime;][vc_raw_html]JTNDaDIlMjBzdHlsZSUzRCUyMmZvbnQtc2l6ZSUzQSUyMDEuNXJlbSUzQmNvbG9yJTNBJTIzZmZmJTNCJTBBJTIwJTIwJTIwJTIwbGV0dGVyLXNwYWNpbmclM0ElMjAtLjMycHglM0IlMEElMjAlMjAlMjAlMjBsaW5lLWhlaWdodCUzQSUyMDIuMjVyZW0lM0IlMjAlMjAlMjAlMjBmb250LXdlaWdodCUzQSUyMDYwMCUzQiUyMCUyMCUyMCUyMG1hcmdpbi1sZWZ0JTNBJTIwNSUyNSUzQiUyMCUyMCUyMCUyMG1hcmdpbi10b3AlM0ElMjAxMiUyNSUzQiUwQSUyMiUzRU5ldyUyMGxvb2slMjBqdXN0JTIwZm9yJTIweW91JTIwJTIxJTBBJTNDJTJGaDIlM0UlMEElM0NoMiUyMHN0eWxlJTNEJTIyZm9udC1zaXplJTNBJTIwMjBweCUzQmNvbG9yJTNBJTIzZmZmJTNCJTBBJTIwJTIwJTIwJTIwbGV0dGVyLXNwYWNpbmclM0ElMjAtLjMycHglM0IlMEElMjAlMjAlMjAlMjBsaW5lLWhlaWdodCUzQSUyMGluaXRpYWwlM0IlMjAlMjAlMjAlMjBmb250LXdlaWdodCUzQSUyMDQwMCUzQiUyMCUyMCUyMCUyMG1hcmdpbi1sZWZ0JTNBJTIwNSUyNSUzQiUyMCUyMCUyMCUyMG1hcmdpbi10b3AlM0ElMjAzJTI1JTNCJTBBJTIyJTNFVHJvdXZleiUyMHZvdHJlJTIwYWp1c3RlbWVudCUyMHBhcmZhaXQlMjBkYW5zJTIwbm90cmUlMjBjb2xsZWN0aW9uJTIwZGUlMjB2JUMzJUFBdGVtZW50cyUyMGV0JTIwY2hhdXNzdXJlcyUyMHBvdXIlMjBmZW1tZSUyMGV0JTIwaG9tbWUlMjAlMjElM0MlMkZoMiUzRSUwQSUwQSUzQ2RpdiUyMHN0eWxlJTNEJTIybWFyZ2luLWxlZnQlM0ElMjA1JTI1JTNCbWFyZ2luLXRvcCUzQSUyMDUlMjUlM0Jmb250LXNpemUlM0ElMjAxcmVtJTNCJTBBJTIwJTIwJTIwJTIwbGV0dGVyLXNwYWNpbmclM0ElMjAtLjE2cHglM0IlMjAlMjAlMjAlMjBmb250LXdlaWdodCUzQSUyMDcwMCUzQiUwQSUyMCUyMCUyMCUyMGxpbmUtaGVpZ2h0JTNBJTIwMS41cmVtJTNCJTIyJTNFJTNDYSUyMHN0eWxlJTNEJTIyY29sb3IlM0ElMjNmZmYlM0IlMjIlMjBocmVmJTNEJTIyaHR0cHMlM0ElMkYlMkZ2b2cuY29tLnRuJTJGJTNGcG9zdF90eXBlJTNEcHJvZHVjdCUyMiUzRUQlQzMlQTljb3V2cmlyJTIwJTNDaSUyMGNsYXNzJTNEJTIyZmElMjBmYS1hcnJvdy1yaWdodCUyMiUzRSUzQyUyRmklM0UlM0MlMkZhJTNFJTNDJTJGZGl2JTNF[\/vc_raw_html][\/vc_column][vc_column width=\u00a0\u00bb1\/2&Prime;][vc_raw_html]JTNDdmlkZW8lMjBjb250cm9scyUyMHdpZHRoJTNEJTIyMTAwJTI1JTIyJTIwYXV0b3BsYXklM0UlMEElMjAlMjAlMjAlMjAlM0Nzb3VyY2UlMjBzcmMlM0QlMjJodHRwcyUzQSUyRiUyRnZvZy5jb20udG4lMkZ3cC1jb250ZW50JTJGdXBsb2FkcyUyRjIwMjMlMkYwMiUyRk91dGZpdHMtVm9nLVR1bmlzaWUtMS5tcDQlMjIlM0UlMEElM0MlMkZ2aWRlbyUzRQ==[\/vc_raw_html][\/vc_column][\/vc_row]<\/p>\n","protected":false},"excerpt":{"rendered":"<p>[vc_row el_class=\u00a0\u00bbcustom-content-main\u00a0\u00bb css=\u00a0\u00bb.vc_custom_1559626499181{margin-bottom: 30px !important;}\u00a0\u00bb][vc_column][vc_raw_html]JTNDaDElMjBzdHlsZSUzRCUyMnRleHQtYWxpZ24lM0FjZW50ZXIlM0Jmb250LXNpemUlM0ElMjA0MHB4JTNCJTIyJTNFRCVDMyVBOWNvdXZyZXolMjBub3MlMjBvdXRmaXRzJTNDJTJGaDElM0U=[\/vc_raw_html][\/vc_column][\/vc_row][vc_row el_class=\u00a0\u00bbcustom-content-main\u00a0\u00bb css=\u00a0\u00bb.vc_custom_1559626499181{margin-bottom: 30px !important;}\u00a0\u00bb][vc_column][vc_raw_html]JTNDJTIxLS0lMjAlM0NoMiUyMHN0eWxlJTNEJTIyZm9udC1zaXplJTNBJTIwMnJlbSUzQmxldHRlci1zcGFjaW5nJTNBJTIwLS4zMnB4JTNCbGluZS1oZWlnaHQlM0ElMjAyLjI1cmVtJTNCJTIyJTNFSWQlQzMlQTllcyUyMGRlJTIwbG9vayUzQyUyRmgyJTNFJTBBJTNDZGl2JTIwc3R5bGUlM0QlMjJmb250LXNpemUlM0ElMjAycmVtJTNCbGV0dGVyLXNwYWNpbmclM0ElMjAtLjMycHglM0JsaW5lLWhlaWdodCUzQSUyMDIuMjVyZW0lM0IlM0Jjb2xvciUzQSUyMCUyMzAwMDAwMCUzQmZvbnQtd2VpZ2h0JTNBJTIwNTAwJTNCZm9udC1zdHlsZSUzQSUyMG5vcm1hbCUzQm1hcmdpbi1ib3R0b20lM0ElMjAzJTI1JTNCJTIyJTNFQWRvcHRleiUyMGxldXIlMjBzdHlsZSUzQyUyRmRpdiUzRSUwQS0tJTNFJTBBJTBBJTVCYXdsLXNsaWRlciUyMGlkJTNENTczNTIlNUQ=[\/vc_raw_html][\/vc_column][\/vc_row][vc_row el_class=\u00a0\u00bbcustom-content-main\u00a0\u00bb css=\u00a0\u00bb.vc_custom_1677686815693{margin-bottom: 30px !important;background-color: #018636 !important;}\u00a0\u00bb][vc_column width=\u00a0\u00bb1\/2&Prime;][vc_raw_html]JTNDaDIlMjBzdHlsZSUzRCUyMmZvbnQtc2l6ZSUzQSUyMDEuNXJlbSUzQmNvbG9yJTNBJTIzZmZmJTNCJTBBJTIwJTIwJTIwJTIwbGV0dGVyLXNwYWNpbmclM0ElMjAtLjMycHglM0IlMEElMjAlMjAlMjAlMjBsaW5lLWhlaWdodCUzQSUyMDIuMjVyZW0lM0IlMjAlMjAlMjAlMjBmb250LXdlaWdodCUzQSUyMDYwMCUzQiUyMCUyMCUyMCUyMG1hcmdpbi1sZWZ0JTNBJTIwNSUyNSUzQiUyMCUyMCUyMCUyMG1hcmdpbi10b3AlM0ElMjAxMiUyNSUzQiUwQSUyMiUzRU5ldyUyMGxvb2slMjBqdXN0JTIwZm9yJTIweW91JTIwJTIxJTBBJTNDJTJGaDIlM0UlMEElM0NoMiUyMHN0eWxlJTNEJTIyZm9udC1zaXplJTNBJTIwMjBweCUzQmNvbG9yJTNBJTIzZmZmJTNCJTBBJTIwJTIwJTIwJTIwbGV0dGVyLXNwYWNpbmclM0ElMjAtLjMycHglM0IlMEElMjAlMjAlMjAlMjBsaW5lLWhlaWdodCUzQSUyMGluaXRpYWwlM0IlMjAlMjAlMjAlMjBmb250LXdlaWdodCUzQSUyMDQwMCUzQiUyMCUyMCUyMCUyMG1hcmdpbi1sZWZ0JTNBJTIwNSUyNSUzQiUyMCUyMCUyMCUyMG1hcmdpbi10b3AlM0ElMjAzJTI1JTNCJTBBJTIyJTNFVHJvdXZleiUyMHZvdHJlJTIwYWp1c3RlbWVudCUyMHBhcmZhaXQlMjBkYW5zJTIwbm90cmUlMjBjb2xsZWN0aW9uJTIwZGUlMjB2JUMzJUFBdGVtZW50cyUyMGV0JTIwY2hhdXNzdXJlcyUyMHBvdXIlMjBmZW1tZSUyMGV0JTIwaG9tbWUlMjAlMjElM0MlMkZoMiUzRSUwQSUwQSUzQ2RpdiUyMHN0eWxlJTNEJTIybWFyZ2luLWxlZnQlM0ElMjA1JTI1JTNCbWFyZ2luLXRvcCUzQSUyMDUlMjUlM0Jmb250LXNpemUlM0ElMjAxcmVtJTNCJTBBJTIwJTIwJTIwJTIwbGV0dGVyLXNwYWNpbmclM0ElMjAtLjE2cHglM0IlMjAlMjAlMjAlMjBmb250LXdlaWdodCUzQSUyMDcwMCUzQiUwQSUyMCUyMCUyMCUyMGxpbmUtaGVpZ2h0JTNBJTIwMS41cmVtJTNCJTIyJTNFJTNDYSUyMHN0eWxlJTNEJTIyY29sb3IlM0ElMjNmZmYlM0IlMjIlMjBocmVmJTNEJTIyaHR0cHMlM0ElMkYlMkZ2b2cuY29tLnRuJTJGJTNGcG9zdF90eXBlJTNEcHJvZHVjdCUyMiUzRUQlQzMlQTljb3V2cmlyJTIwJTNDaSUyMGNsYXNzJTNEJTIyZmElMjBmYS1hcnJvdy1yaWdodCUyMiUzRSUzQyUyRmklM0UlM0MlMkZhJTNFJTNDJTJGZGl2JTNF[\/vc_raw_html][\/vc_column][vc_column width=\u00a0\u00bb1\/2&Prime;][vc_raw_html]JTNDdmlkZW8lMjBjb250cm9scyUyMHdpZHRoJTNEJTIyMTAwJTI1JTIyJTIwYXV0b3BsYXklM0UlMEElMjAlMjAlMjAlMjAlM0Nzb3VyY2UlMjBzcmMlM0QlMjJodHRwcyUzQSUyRiUyRnZvZy5jb20udG4lMkZ3cC1jb250ZW50JTJGdXBsb2FkcyUyRjIwMjMlMkYwMiUyRk91dGZpdHMtVm9nLVR1bmlzaWUtMS5tcDQlMjIlM0UlMEElM0MlMkZ2aWRlbyUzRQ==[\/vc_raw_html][\/vc_column][\/vc_row]<\/p>\n","protected":false},"author":291,"featured_media":0,"parent":0,"menu_order":0,"comment_status":"closed","ping_status":"closed","template":"","meta":{"footnotes":""},"class_list":["post-57923","page","type-page","status-publish","hentry"],"yoast_head":"<!-- This site is optimized with the Yoast SEO plugin v27.5 - https:\/\/yoast.com\/product\/yoast-seo-wordpress\/ -->\n<title>Vente en ligne v\u00eatements Tunisie\u2502pr\u00eat \u00e0 porter &amp; chaussures<\/title>\n<meta name=\"description\" content=\"VOG est une cha\u00eene de boutiques de pr\u00eat \u00e0 porter \u00e0 Bizerte, Tunisie, sp\u00e9cialis\u00e9e dans la vente en ligne de v\u00eatements, chaussures et sacs\u2026 pour femme et homme.\" \/>\n<meta name=\"robots\" content=\"index, follow, max-snippet:-1, max-image-preview:large, max-video-preview:-1\" \/>\n<link rel=\"canonical\" href=\"https:\/\/vog.com.tn\/?page_id=57923\" \/>\n<meta property=\"og:locale\" content=\"fr_FR\" \/>\n<meta property=\"og:type\" content=\"article\" \/>\n<meta property=\"og:title\" content=\"Vente en ligne v\u00eatements Tunisie\u2502pr\u00eat \u00e0 porter &amp; chaussures\" \/>\n<meta property=\"og:description\" content=\"VOG est une cha\u00eene de boutiques de pr\u00eat \u00e0 porter \u00e0 Bizerte, Tunisie, sp\u00e9cialis\u00e9e dans la vente en ligne de v\u00eatements, chaussures et sacs\u2026 pour femme et homme.\" \/>\n<meta property=\"og:url\" content=\"https:\/\/vog.com.tn\/?page_id=57923\" \/>\n<meta property=\"og:site_name\" content=\"Vog Tunisie\" \/>\n<meta property=\"article:modified_time\" content=\"2023-03-01T16:08:54+00:00\" \/>\n<meta name=\"twitter:card\" content=\"summary_large_image\" \/>\n<meta name=\"twitter:label1\" content=\"Dur\u00e9e de lecture estim\u00e9e\" \/>\n\t<meta name=\"twitter:data1\" content=\"1 minute\" \/>\n<script type=\"application\/ld+json\" class=\"yoast-schema-graph\">{\"@context\":\"https:\\\/\\\/schema.org\",\"@graph\":[{\"@type\":\"WebPage\",\"@id\":\"https:\\\/\\\/vog.com.tn\\\/?page_id=57923\",\"url\":\"https:\\\/\\\/vog.com.tn\\\/?page_id=57923\",\"name\":\"Vente en ligne v\u00eatements Tunisie\u2502pr\u00eat \u00e0 porter & chaussures\",\"isPartOf\":{\"@id\":\"https:\\\/\\\/vog.com.tn\\\/#website\"},\"datePublished\":\"2023-03-01T15:57:31+00:00\",\"dateModified\":\"2023-03-01T16:08:54+00:00\",\"description\":\"VOG est une cha\u00eene de boutiques de pr\u00eat \u00e0 porter \u00e0 Bizerte, Tunisie, sp\u00e9cialis\u00e9e dans la vente en ligne de v\u00eatements, chaussures et sacs\u2026 pour femme et homme.\",\"breadcrumb\":{\"@id\":\"https:\\\/\\\/vog.com.tn\\\/?page_id=57923#breadcrumb\"},\"inLanguage\":\"fr-FR\",\"potentialAction\":[{\"@type\":\"ReadAction\",\"target\":[\"https:\\\/\\\/vog.com.tn\\\/?page_id=57923\"]}]},{\"@type\":\"BreadcrumbList\",\"@id\":\"https:\\\/\\\/vog.com.tn\\\/?page_id=57923#breadcrumb\",\"itemListElement\":[{\"@type\":\"ListItem\",\"position\":1,\"name\":\"Home\",\"item\":\"https:\\\/\\\/vog.com.tn\\\/\"},{\"@type\":\"ListItem\",\"position\":2,\"name\":\"Outfit\"}]},{\"@type\":\"WebSite\",\"@id\":\"https:\\\/\\\/vog.com.tn\\\/#website\",\"url\":\"https:\\\/\\\/vog.com.tn\\\/\",\"name\":\"Vog Tunisie\",\"description\":\"Pr\u00eat-\u00e0-porter\",\"potentialAction\":[{\"@type\":\"SearchAction\",\"target\":{\"@type\":\"EntryPoint\",\"urlTemplate\":\"https:\\\/\\\/vog.com.tn\\\/?s={search_term_string}\"},\"query-input\":{\"@type\":\"PropertyValueSpecification\",\"valueRequired\":true,\"valueName\":\"search_term_string\"}}],\"inLanguage\":\"fr-FR\"}]}<\/script>\n<!-- \/ Yoast SEO plugin. -->","yoast_head_json":{"title":"Vente en ligne v\u00eatements Tunisie\u2502pr\u00eat \u00e0 porter & chaussures","description":"VOG est une cha\u00eene de boutiques de pr\u00eat \u00e0 porter \u00e0 Bizerte, Tunisie, sp\u00e9cialis\u00e9e dans la vente en ligne de v\u00eatements, chaussures et sacs\u2026 pour femme et homme.","robots":{"index":"index","follow":"follow","max-snippet":"max-snippet:-1","max-image-preview":"max-image-preview:large","max-video-preview":"max-video-preview:-1"},"canonical":"https:\/\/vog.com.tn\/?page_id=57923","og_locale":"fr_FR","og_type":"article","og_title":"Vente en ligne v\u00eatements Tunisie\u2502pr\u00eat \u00e0 porter & chaussures","og_description":"VOG est une cha\u00eene de boutiques de pr\u00eat \u00e0 porter \u00e0 Bizerte, Tunisie, sp\u00e9cialis\u00e9e dans la vente en ligne de v\u00eatements, chaussures et sacs\u2026 pour femme et homme.","og_url":"https:\/\/vog.com.tn\/?page_id=57923","og_site_name":"Vog Tunisie","article_modified_time":"2023-03-01T16:08:54+00:00","twitter_card":"summary_large_image","twitter_misc":{"Dur\u00e9e de lecture estim\u00e9e":"1 minute"},"schema":{"@context":"https:\/\/schema.org","@graph":[{"@type":"WebPage","@id":"https:\/\/vog.com.tn\/?page_id=57923","url":"https:\/\/vog.com.tn\/?page_id=57923","name":"Vente en ligne v\u00eatements Tunisie\u2502pr\u00eat \u00e0 porter & chaussures","isPartOf":{"@id":"https:\/\/vog.com.tn\/#website"},"datePublished":"2023-03-01T15:57:31+00:00","dateModified":"2023-03-01T16:08:54+00:00","description":"VOG est une cha\u00eene de boutiques de pr\u00eat \u00e0 porter \u00e0 Bizerte, Tunisie, sp\u00e9cialis\u00e9e dans la vente en ligne de v\u00eatements, chaussures et sacs\u2026 pour femme et homme.","breadcrumb":{"@id":"https:\/\/vog.com.tn\/?page_id=57923#breadcrumb"},"inLanguage":"fr-FR","potentialAction":[{"@type":"ReadAction","target":["https:\/\/vog.com.tn\/?page_id=57923"]}]},{"@type":"BreadcrumbList","@id":"https:\/\/vog.com.tn\/?page_id=57923#breadcrumb","itemListElement":[{"@type":"ListItem","position":1,"name":"Home","item":"https:\/\/vog.com.tn\/"},{"@type":"ListItem","position":2,"name":"Outfit"}]},{"@type":"WebSite","@id":"https:\/\/vog.com.tn\/#website","url":"https:\/\/vog.com.tn\/","name":"Vog Tunisie","description":"Pr\u00eat-\u00e0-porter","potentialAction":[{"@type":"SearchAction","target":{"@type":"EntryPoint","urlTemplate":"https:\/\/vog.com.tn\/?s={search_term_string}"},"query-input":{"@type":"PropertyValueSpecification","valueRequired":true,"valueName":"search_term_string"}}],"inLanguage":"fr-FR"}]}},"_links":{"self":[{"href":"https:\/\/vog.com.tn\/index.php?rest_route=\/wp\/v2\/pages\/57923","targetHints":{"allow":["GET"]}}],"collection":[{"href":"https:\/\/vog.com.tn\/index.php?rest_route=\/wp\/v2\/pages"}],"about":[{"href":"https:\/\/vog.com.tn\/index.php?rest_route=\/wp\/v2\/types\/page"}],"author":[{"embeddable":true,"href":"https:\/\/vog.com.tn\/index.php?rest_route=\/wp\/v2\/users\/291"}],"replies":[{"embeddable":true,"href":"https:\/\/vog.com.tn\/index.php?rest_route=%2Fwp%2Fv2%2Fcomments&post=57923"}],"version-history":[{"count":6,"href":"https:\/\/vog.com.tn\/index.php?rest_route=\/wp\/v2\/pages\/57923\/revisions"}],"predecessor-version":[{"id":57931,"href":"https:\/\/vog.com.tn\/index.php?rest_route=\/wp\/v2\/pages\/57923\/revisions\/57931"}],"wp:attachment":[{"href":"https:\/\/vog.com.tn\/index.php?rest_route=%2Fwp%2Fv2%2Fmedia&parent=57923"}],"curies":[{"name":"wp","href":"https:\/\/api.w.org\/{rel}","templated":true}]}}