{"id":61102,"date":"2023-06-01T11:55:14","date_gmt":"2023-06-01T09:55:14","guid":{"rendered":"https:\/\/vog.com.tn\/?page_id=61102"},"modified":"2023-07-27T13:33:39","modified_gmt":"2023-07-27T11:33:39","slug":"actualites","status":"publish","type":"page","link":"https:\/\/vog.com.tn\/?page_id=61102","title":{"rendered":"Actualit\u00e9s recrutement"},"content":{"rendered":"<p>[vc_row el_class=\u00a0\u00bbcustom-content-main\u00a0\u00bb css=\u00a0\u00bb.vc_custom_1570611239032{padding-top: 30px !important;padding-bottom: 30px !important;}\u00a0\u00bb][vc_column][title title=\u00a0\u00bbAnnonce de recrutement VOG\u00a0\u00bb][vc_raw_html]JTNDcCUyMHN0eWxlJTNEJTIydGV4dC1hbGlnbiUzQWNlbnRlciUzQmNvbG9yJTNBJTIzQzA5MjI5JTNCZm9udC13ZWlnaHQlM0E3MDAlMjIlM0UwMS0wNi0yMDIzJTNDJTJGcCUzRSUwQSUzQ2JyJTNFJTBBQSUyMGwlRTIlODAlOTlvY2Nhc2lvbiUyMGRlJTIwbCVFMiU4MCU5OW91dmVydHVyZSUyMGRlJTIwc29uJTIwbm91dmVhdSUyMHBvaW50JTIwZGUlMjB2ZW50ZSUyMCVDMyVBMCUyMGwlRTIlODAlOTlBb3VpbmElMkMlMjBWT0clMjBwciVDMyVBQXQlMjAlQzMlQTAlMjBwb3J0ZXIlMjBjaGVyY2hlJTIwJUMzJUEwJTIwcmVjcnV0ZXIlMjB1biUyRnVuZSUyMGFzc2lzdGFudCUyOGUlMjklMjBhZG1pbmlzdHJhdGlmJTI4dmUlMjklMjBldCUyMHVuJTJGdW5lJTIwY29uc2VpbGxlciUyOCVDMyVBOHJlJTI5JTIwZGUlMjB2ZW50ZSUyQyUyMGR5bmFtaXF1ZXMlMjBldCUyMHRhbGVudHVldXglMjhzZXMlMjklMjBwb3VyJTIwcmVuZm9yY2VyJTIwc29uJTIwJUMzJUE5cXVpcGUlMjBjb21tZXJjaWFsZSUyMGV0JTIwYXBwb3J0ZXIlMjB1bmUlMjBwZXJzcGVjdGl2ZSUyMGZyYSVDMyVBRWNoZSUyMGV0JTIwZGUlMjBub3V2ZWxsZXMlMjBpZCVDMyVBOWVzJTIwJUMzJUEwJTIwc2VzJTIwYm91dGlxdWVzLiUyMCUzQ2JyJTNFJTBBJTNDYiUzRSVDMyU4MCUyMHByb3BvcyUyMGRlJTIwbm91cyUyMCUzQSUzQyUyRmIlM0UlMEFOb3VzJTIwc29tbWVzJTIwdW5lJTIwY2hhaW5lJTIwZGUlMjBib3V0aXF1ZXMlMkMlMjBjb25udWUlMjBwYXIlMjBub3RyZSUyMHMlQzMlQTlsZWN0aW9uJTIwZGUlMjBwcm9kdWl0cyUyMGRlJTIwcXVhbGl0JUMzJUE5JTIwZXQlMjBub3RyZSUyMHNlcnZpY2UlMjBjbGllbnQlMjBleGNlcHRpb25uZWwuJTIwTm90cmUlMjBjdWx0dXJlJTIwZCUyN2VudHJlcHJpc2UlMjBmYXZvcmlzZSUyMGxlJTIwcHJvZmVzc2lvbm5hbGlzbWUlMkMlMjBsZSUyMHJlc3BlY3QlMkMlMjBsYSUyMHRyYW5zcGFyZW5jZSUyMGV0JTIwbGElMjByZXNwb25zYWJpbGl0JUMzJUE5LiUwQQ==[\/vc_raw_html][vc_empty_space][vc_raw_html]JTNDaDIlM0VQb3N0ZXMlMjBkaXNwb25pYmxlcyUyMCUzQSUzQyUyRmgyJTNFJTBB[\/vc_raw_html][vc_empty_space][vc_raw_html]JTNDYiUzRTEuQXNzaXN0YW50JTI4ZSUyOSUyMGFkbWluaXN0cmF0aWYlMjh2ZSUyOSUyMCUzQSUyMCUzQyUyRmIlM0UlMEElM0NiciUzRSUwQSVFMiU4MCVBMiUyMEclQzMlQTlyZXIlMjBsZXMlMjB0JUMzJUEyY2hlcyUyMGFkbWluaXN0cmF0aXZlcyUyMGRlJTIwbGElMjBib3V0aXF1ZSUyQyUyMHRlbGxlcyUyMHF1ZSUyMGxhJTIwZ2VzdGlvbiUyMGRlcyUyMGFwcGVscyUyMHQlQzMlQTlsJUMzJUE5cGhvbmlxdWVzJTJDJTIwbGElMjBnZXN0aW9uJTIwZGVzJTIwY291cnJpZXJzJTIwJUMzJUE5bGVjdHJvbmlxdWVzJUUyJTgwJUE2JTNDYnIlM0UlMEElMEElRTIlODAlQTIlMjBBc3N1cmVyJTIwbGElMjBtaXNlJTIwJUMzJUEwJTIwam91ciUyMGRlcyUyMGRvc3NpZXJzJTIwY2xpZW50cyUyMGV0JTIwZGVzJTIwcmVnaXN0cmVzJTIwZGUlMjB2ZW50ZXMuJTNDYnIlM0UlMEElMEElRTIlODAlQTIlMjBBaWRlciUyMCVDMyVBMCUyMGxhJTIwcHIlQzMlQTlwYXJhdGlvbiUyMGRlcyUyMGludmVudGFpcmVzJTIwZXQlMjBkZXMlMjBjb21tYW5kZXMlMjBkZSUyMHByb2R1aXRzLiUzQ2JyJTNFJTBBJTBBJUUyJTgwJUEyJTIwQ29sbGFib3JlciUyMGF2ZWMlMjBsJTI3JUMzJUE5cXVpcGUlMjBkZSUyMHZlbnRlJTIwcG91ciUyMGZvdXJuaXIlMjB1biUyMHN1cHBvcnQlMjBhZG1pbmlzdHJhdGlmJTIwbG9ycyUyMGRlcyUyMHRyYW5zYWN0aW9ucyUyMGF2ZWMlMjBsZXMlMjBjbGllbnRzLiUzQ2JyJTNFJTBBJTBBJUUyJTgwJUEyJTIwQXNzaXN0ZXIlMjBkYW5zJTIwbCUyN29yZ2FuaXNhdGlvbiUyMGRlcyUyMCVDMyVBOXYlQzMlQTluZW1lbnRzJTIwc3AlQzMlQTljaWF1eCUyMGV0JTIwZGVzJTIwcHJvbW90aW9ucyUyMGRlJTIwbGElMjBib3V0aXF1ZS4lMEElM0NiciUzRSUwQSUzQ2JyJTNFJTBBJTNDYiUzRVF1YWxpZmljYXRpb25zJTIwcmVxdWlzZXMlMjAlM0ElM0MlMkZiJTNFJTNDYnIlM0UlMEElMEEtJTIwRXhwJUMzJUE5cmllbmNlJTIwcHIlQzMlQTlhbGFibGUlMjBlbiUyMHRhbnQlMjBxdSUyN2Fzc2lzdGFudCUyOGUlMjklMjBhZG1pbmlzdHJhdGlmJTI4dmUlMjklMjBvdSUyMGRhbnMlMjB1biUyMHIlQzMlQjRsZSUyMHNpbWlsYWlyZSUyQyUyMGRlJTIwcHIlQzMlQTlmJUMzJUE5cmVuY2UlMjBkYW5zJTIwbGUlMjBzZWN0ZXVyJTIwZGUlMjBsYSUyMHZlbnRlJTIwYXUlMjBkJUMzJUE5dGFpbC4lM0NiciUzRSUwQSUwQS0lMjBFeGNlbGxlbnRlcyUyMGNvbXAlQzMlQTl0ZW5jZXMlMjBlbiUyMG9yZ2FuaXNhdGlvbiUyMGV0JTIwZW4lMjBnZXN0aW9uJTIwZHUlMjB0ZW1wcy4lM0NiciUzRSUwQSUwQS0lMjBNYSVDMyVBRXRyaXNlJTIwZGVzJTIwb3V0aWxzJTIwaW5mb3JtYXRpcXVlcyUyMGNvdXJhbnRzJTIwdGVscyUyMHF1ZSUyME1pY3Jvc29mdCUyME9mZmljZS4lM0NiciUzRSUwQSUwQS0lMjBDYXBhY2l0JUMzJUE5JTIwJUMzJUEwJTIwdHJhdmFpbGxlciUyMGRlJTIwbWFuaSVDMyVBOHJlJTIwYXV0b25vbWUlMjBldCUyMCVDMyVBMCUyMGclQzMlQTlyZXIlMjBsZXMlMjB0JUMzJUEyY2hlcyUyMG11bHRpcGxlcy4lM0NiciUzRSUwQS0lMjBGb3J0ZXMlMjBjb21wJUMzJUE5dGVuY2VzJTIwZW4lMjBjb21tdW5pY2F0aW9uJTIwZXQlMjBvcmllbnRhdGlvbiUyMGNsaWVudC4lMEElM0NiciUzRSUwQSUzQ2JyJTNFJTBBJTNDYiUzRTIuQ29uc2VpbGxlciUyOCVDMyVBOHJlJTI5JTIwZGUlMjB2ZW50ZSUyMCUzQSUzQyUyRmIlM0UlMEElM0NiciUzRSUwQSVFMiU4MCVBMiUyMEFjY3VlaWwlMjBjaGFsZXVyZXV4JTIwZGVzJTIwY2xpZW50cyUyMGV0JTIwYXNzaXN0YW5jZSUyMGRhbnMlMjBsZXVycyUyMGFjaGF0cy4lM0NiciUzRSUwQSVFMiU4MCVBMiUyMENvbm5haXNzYW5jZSUyMGFwcHJvZm9uZGllJTIwZGVzJTIwcHJvZHVpdHMlMjBwb3VyJTIwZm91cm5pciUyMGRlcyUyMHJlY29tbWFuZGF0aW9ucyUyMHBlcnNvbm5hbGlzJUMzJUE5ZXMuJTNDYnIlM0UlMEElRTIlODAlQTIlMjBNYWludGllbiUyMGQlMjd1biUyMGVudmlyb25uZW1lbnQlMjBkZSUyMGJvdXRpcXVlJTIwcHJvcHJlJTIwZXQlMjBiaWVuJTIwb3JnYW5pcyVDMyVBOS4lM0NiciUzRSUwQSUzQ2JyJTNFJTBBJTNDYiUzRVF1YWxpZmljYXRpb25zJTIwcmVxdWlzZXMlMjAlM0ElM0MlMkZiJTNFJTBBJTNDYnIlM0UlMEEtJTIwUGFzc2lvbiUyMHBvdXIlMjBsYSUyMG1vZGUlMjBldCUyMGNvbm5haXNzYW5jZSUyMGR1JTIwc2VjdGV1ci4lM0NiciUzRSUwQS0lMjBFeGNlbGxlbnRlcyUyMGNvbXAlQzMlQTl0ZW5jZXMlMjBlbiUyMGNvbW11bmljYXRpb24lMjBldCUyMGNhcGFjaXQlQzMlQTklMjAlQzMlQTAlMjBpbnRlcmFnaXIlMjBhdmVjJTIwbGVzJTIwY2xpZW50cy4lM0NiciUzRSUwQS0lMjBPcmllbnRhdGlvbiUyMGNsaWVudCUyMGV0JTIwdm9sb250JUMzJUE5JTIwZGUlMjBmb3VybmlyJTIwdW4lMjBzZXJ2aWNlJTIwZXhjZXB0aW9ubmVsLiUzQ2JyJTNFJTBBLSUyMENhcGFjaXQlQzMlQTklMjAlQzMlQTAlMjB0cmF2YWlsbGVyJTIwZW4lMjAlQzMlQTlxdWlwZSUyMGV0JTIwJUMzJUEwJTIwcyUyN2FkYXB0ZXIlMjAlQzMlQTAlMjB1biUyMGVudmlyb25uZW1lbnQlMjBlbiUyMCVDMyVBOXZvbHV0aW9uJTIwcmFwaWRlLiUwQQ==[\/vc_raw_html][vc_empty_space][vc_raw_html]JTNDaDIlM0VOb3VzJTIwb2Zmcm9ucyUyMCUzQSUzQyUyRmgyJTNFJTBB[\/vc_raw_html][vc_raw_html]LSUyMFVuJTIwZW52aXJvbm5lbWVudCUyMGRlJTIwdHJhdmFpbCUyMHN0aW11bGFudCUyMGV0JTIwZHluYW1pcXVlLiUzQ2JyJTNFJTBBLSUyMFBvc3NpYmlsaXQlQzMlQTlzJTIwZCUyN2FwcHJlbnRpc3NhZ2UlMjBldCUyMGRlJTIwZCVDMyVBOXZlbG9wcGVtZW50JTIwcHJvZmVzc2lvbm5lbC4lM0NiciUzRSUwQS0lMjBVbmUlMjByJUMzJUE5bXVuJUMzJUE5cmF0aW9uJTIwY29tcCVDMyVBOXRpdGl2ZSUyMGV0JTIwZGVzJTIwYXZhbnRhZ2VzJTIwc29jaWF1eC4lM0NiciUzRSUwQS0lMjBVbmUlMjBvcHBvcnR1bml0JUMzJUE5JTIwZGUlMjBjb250cmlidWVyJTIwYXUlMjBzdWNjJUMzJUE4cyUyMGQlMjd1bmUlMjBib3V0aXF1ZSUyMGRlJTIwcmVub20uJTNDYnIlM0U=[\/vc_raw_html][vc_empty_space][vc_raw_html]JTNDaDIlM0VQb3VyJTIwcG9zdHVsZXIlMjAlM0ElM0MlMkZoMiUzRSUwQQ==[\/vc_raw_html][vc_raw_html]U2klMjB2b3VzJTIwJUMzJUFBdGVzJTIwbW90aXYlQzMlQTklMjhlJTI5JTJDJTIwcG9seXZhbGVudCUyOGUlMjklMjBldCUyMHF1ZSUyMHZvdXMlMjBhdmV6JTIwbGVzJTIwY29tcCVDMyVBOXRlbmNlcyUyMHJlcXVpc2VzJTIwcG91ciUyMGwlRTIlODAlOTl1biUyMGRlJTIwY2VzJTIwcG9zdGVzJTJDJTIwdmV1aWxsZXolMjByZW1wbGlyJTIwY2UlMjBmb3JtdWxhaXJlJTIwYXZlYyUyMHZvcyUyMHJlbnNlaWduZW1lbnRzJTJDJTIwZW4lMjBwciVDMyVBOWNpc2FudCUyMGxlJTIwcG9zdGUlMjBwb3VyJTIwbGVxdWVsJTIwdm91cyUyMHBvc3R1bGV6LiUyMCUzQ2ElMjBzdHlsZSUzRCUyMmNvbG9yJTNBJTIzRDVCMTRBJTIyJTIwaHJlZiUzRCUyMmh0dHBzJTNBJTJGJTJGdm9nLmNvbS50biUyRiUzRnBhZ2VfaWQlM0Q2MDgxMyUyMiUzRSUyMENsaXF1ZXotaWNpJTNDJTJGYSUzRSUwQQ==[\/vc_raw_html][vc_empty_space][\/vc_column][\/vc_row]<\/p>\n","protected":false},"excerpt":{"rendered":"<p>[vc_row el_class=\u00a0\u00bbcustom-content-main\u00a0\u00bb css=\u00a0\u00bb.vc_custom_1570611239032{padding-top: 30px !important;padding-bottom: 30px !important;}\u00a0\u00bb][vc_column][title title=\u00a0\u00bbAnnonce de recrutement VOG\u00a0\u00bb][vc_raw_html]JTNDcCUyMHN0eWxlJTNEJTIydGV4dC1hbGlnbiUzQWNlbnRlciUzQmNvbG9yJTNBJTIzQzA5MjI5JTNCZm9udC13ZWlnaHQlM0E3MDAlMjIlM0UwMS0wNi0yMDIzJTNDJTJGcCUzRSUwQSUzQ2JyJTNFJTBBQSUyMGwlRTIlODAlOTlvY2Nhc2lvbiUyMGRlJTIwbCVFMiU4MCU5OW91dmVydHVyZSUyMGRlJTIwc29uJTIwbm91dmVhdSUyMHBvaW50JTIwZGUlMjB2ZW50ZSUyMCVDMyVBMCUyMGwlRTIlODAlOTlBb3VpbmElMkMlMjBWT0clMjBwciVDMyVBQXQlMjAlQzMlQTAlMjBwb3J0ZXIlMjBjaGVyY2hlJTIwJUMzJUEwJTIwcmVjcnV0ZXIlMjB1biUyRnVuZSUyMGFzc2lzdGFudCUyOGUlMjklMjBhZG1pbmlzdHJhdGlmJTI4dmUlMjklMjBldCUyMHVuJTJGdW5lJTIwY29uc2VpbGxlciUyOCVDMyVBOHJlJTI5JTIwZGUlMjB2ZW50ZSUyQyUyMGR5bmFtaXF1ZXMlMjBldCUyMHRhbGVudHVldXglMjhzZXMlMjklMjBwb3VyJTIwcmVuZm9yY2VyJTIwc29uJTIwJUMzJUE5cXVpcGUlMjBjb21tZXJjaWFsZSUyMGV0JTIwYXBwb3J0ZXIlMjB1bmUlMjBwZXJzcGVjdGl2ZSUyMGZyYSVDMyVBRWNoZSUyMGV0JTIwZGUlMjBub3V2ZWxsZXMlMjBpZCVDMyVBOWVzJTIwJUMzJUEwJTIwc2VzJTIwYm91dGlxdWVzLiUyMCUzQ2JyJTNFJTBBJTNDYiUzRSVDMyU4MCUyMHByb3BvcyUyMGRlJTIwbm91cyUyMCUzQSUzQyUyRmIlM0UlMEFOb3VzJTIwc29tbWVzJTIwdW5lJTIwY2hhaW5lJTIwZGUlMjBib3V0aXF1ZXMlMkMlMjBjb25udWUlMjBwYXIlMjBub3RyZSUyMHMlQzMlQTlsZWN0aW9uJTIwZGUlMjBwcm9kdWl0cyUyMGRlJTIwcXVhbGl0JUMzJUE5JTIwZXQlMjBub3RyZSUyMHNlcnZpY2UlMjBjbGllbnQlMjBleGNlcHRpb25uZWwuJTIwTm90cmUlMjBjdWx0dXJlJTIwZCUyN2VudHJlcHJpc2UlMjBmYXZvcmlzZSUyMGxlJTIwcHJvZmVzc2lvbm5hbGlzbWUlMkMlMjBsZSUyMHJlc3BlY3QlMkMlMjBsYSUyMHRyYW5zcGFyZW5jZSUyMGV0JTIwbGElMjByZXNwb25zYWJpbGl0JUMzJUE5LiUwQQ==[\/vc_raw_html][vc_empty_space][vc_raw_html]JTNDaDIlM0VQb3N0ZXMlMjBkaXNwb25pYmxlcyUyMCUzQSUzQyUyRmgyJTNFJTBB[\/vc_raw_html][vc_empty_space][vc_raw_html]JTNDYiUzRTEuQXNzaXN0YW50JTI4ZSUyOSUyMGFkbWluaXN0cmF0aWYlMjh2ZSUyOSUyMCUzQSUyMCUzQyUyRmIlM0UlMEElM0NiciUzRSUwQSVFMiU4MCVBMiUyMEclQzMlQTlyZXIlMjBsZXMlMjB0JUMzJUEyY2hlcyUyMGFkbWluaXN0cmF0aXZlcyUyMGRlJTIwbGElMjBib3V0aXF1ZSUyQyUyMHRlbGxlcyUyMHF1ZSUyMGxhJTIwZ2VzdGlvbiUyMGRlcyUyMGFwcGVscyUyMHQlQzMlQTlsJUMzJUE5cGhvbmlxdWVzJTJDJTIwbGElMjBnZXN0aW9uJTIwZGVzJTIwY291cnJpZXJzJTIwJUMzJUE5bGVjdHJvbmlxdWVzJUUyJTgwJUE2JTNDYnIlM0UlMEElMEElRTIlODAlQTIlMjBBc3N1cmVyJTIwbGElMjBtaXNlJTIwJUMzJUEwJTIwam91ciUyMGRlcyUyMGRvc3NpZXJzJTIwY2xpZW50cyUyMGV0JTIwZGVzJTIwcmVnaXN0cmVzJTIwZGUlMjB2ZW50ZXMuJTNDYnIlM0UlMEElMEElRTIlODAlQTIlMjBBaWRlciUyMCVDMyVBMCUyMGxhJTIwcHIlQzMlQTlwYXJhdGlvbiUyMGRlcyUyMGludmVudGFpcmVzJTIwZXQlMjBkZXMlMjBjb21tYW5kZXMlMjBkZSUyMHByb2R1aXRzLiUzQ2JyJTNFJTBBJTBBJUUyJTgwJUEyJTIwQ29sbGFib3JlciUyMGF2ZWMlMjBsJTI3JUMzJUE5cXVpcGUlMjBkZSUyMHZlbnRlJTIwcG91ciUyMGZvdXJuaXIlMjB1biUyMHN1cHBvcnQlMjBhZG1pbmlzdHJhdGlmJTIwbG9ycyUyMGRlcyUyMHRyYW5zYWN0aW9ucyUyMGF2ZWMlMjBsZXMlMjBjbGllbnRzLiUzQ2JyJTNFJTBBJTBBJUUyJTgwJUEyJTIwQXNzaXN0ZXIlMjBkYW5zJTIwbCUyN29yZ2FuaXNhdGlvbiUyMGRlcyUyMCVDMyVBOXYlQzMlQTluZW1lbnRzJTIwc3AlQzMlQTljaWF1eCUyMGV0JTIwZGVzJTIwcHJvbW90aW9ucyUyMGRlJTIwbGElMjBib3V0aXF1ZS4lMEElM0NiciUzRSUwQSUzQ2JyJTNFJTBBJTNDYiUzRVF1YWxpZmljYXRpb25zJTIwcmVxdWlzZXMlMjAlM0ElM0MlMkZiJTNFJTNDYnIlM0UlMEElMEEtJTIwRXhwJUMzJUE5cmllbmNlJTIwcHIlQzMlQTlhbGFibGUlMjBlbiUyMHRhbnQlMjBxdSUyN2Fzc2lzdGFudCUyOGUlMjklMjBhZG1pbmlzdHJhdGlmJTI4dmUlMjklMjBvdSUyMGRhbnMlMjB1biUyMHIlQzMlQjRsZSUyMHNpbWlsYWlyZSUyQyUyMGRlJTIwcHIlQzMlQTlmJUMzJUE5cmVuY2UlMjBkYW5zJTIwbGUlMjBzZWN0ZXVyJTIwZGUlMjBsYSUyMHZlbnRlJTIwYXUlMjBkJUMzJUE5dGFpbC4lM0NiciUzRSUwQSUwQS0lMjBFeGNlbGxlbnRlcyUyMGNvbXAlQzMlQTl0ZW5jZXMlMjBlbiUyMG9yZ2FuaXNhdGlvbiUyMGV0JTIwZW4lMjBnZXN0aW9uJTIwZHUlMjB0ZW1wcy4lM0NiciUzRSUwQSUwQS0lMjBNYSVDMyVBRXRyaXNlJTIwZGVzJTIwb3V0aWxzJTIwaW5mb3JtYXRpcXVlcyUyMGNvdXJhbnRzJTIwdGVscyUyMHF1ZSUyME1pY3Jvc29mdCUyME9mZmljZS4lM0NiciUzRSUwQSUwQS0lMjBDYXBhY2l0JUMzJUE5JTIwJUMzJUEwJTIwdHJhdmFpbGxlciUyMGRlJTIwbWFuaSVDMyVBOHJlJTIwYXV0b25vbWUlMjBldCUyMCVDMyVBMCUyMGclQzMlQTlyZXIlMjBsZXMlMjB0JUMzJUEyY2hlcyUyMG11bHRpcGxlcy4lM0NiciUzRSUwQS0lMjBGb3J0ZXMlMjBjb21wJUMzJUE5dGVuY2VzJTIwZW4lMjBjb21tdW5pY2F0aW9uJTIwZXQlMjBvcmllbnRhdGlvbiUyMGNsaWVudC4lMEElM0NiciUzRSUwQSUzQ2JyJTNFJTBBJTNDYiUzRTIuQ29uc2VpbGxlciUyOCVDMyVBOHJlJTI5JTIwZGUlMjB2ZW50ZSUyMCUzQSUzQyUyRmIlM0UlMEElM0NiciUzRSUwQSVFMiU4MCVBMiUyMEFjY3VlaWwlMjBjaGFsZXVyZXV4JTIwZGVzJTIwY2xpZW50cyUyMGV0JTIwYXNzaXN0YW5jZSUyMGRhbnMlMjBsZXVycyUyMGFjaGF0cy4lM0NiciUzRSUwQSVFMiU4MCVBMiUyMENvbm5haXNzYW5jZSUyMGFwcHJvZm9uZGllJTIwZGVzJTIwcHJvZHVpdHMlMjBwb3VyJTIwZm91cm5pciUyMGRlcyUyMHJlY29tbWFuZGF0aW9ucyUyMHBlcnNvbm5hbGlzJUMzJUE5ZXMuJTNDYnIlM0UlMEElRTIlODAlQTIlMjBNYWludGllbiUyMGQlMjd1biUyMGVudmlyb25uZW1lbnQlMjBkZSUyMGJvdXRpcXVlJTIwcHJvcHJlJTIwZXQlMjBiaWVuJTIwb3JnYW5pcyVDMyVBOS4lM0NiciUzRSUwQSUzQ2JyJTNFJTBBJTNDYiUzRVF1YWxpZmljYXRpb25zJTIwcmVxdWlzZXMlMjAlM0ElM0MlMkZiJTNFJTBBJTNDYnIlM0UlMEEtJTIwUGFzc2lvbiUyMHBvdXIlMjBsYSUyMG1vZGUlMjBldCUyMGNvbm5haXNzYW5jZSUyMGR1JTIwc2VjdGV1ci4lM0NiciUzRSUwQS0lMjBFeGNlbGxlbnRlcyUyMGNvbXAlQzMlQTl0ZW5jZXMlMjBlbiUyMGNvbW11bmljYXRpb24lMjBldCUyMGNhcGFjaXQlQzMlQTklMjAlQzMlQTAlMjBpbnRlcmFnaXIlMjBhdmVjJTIwbGVzJTIwY2xpZW50cy4lM0NiciUzRSUwQS0lMjBPcmllbnRhdGlvbiUyMGNsaWVudCUyMGV0JTIwdm9sb250JUMzJUE5JTIwZGUlMjBmb3VybmlyJTIwdW4lMjBzZXJ2aWNlJTIwZXhjZXB0aW9ubmVsLiUzQ2JyJTNFJTBBLSUyMENhcGFjaXQlQzMlQTklMjAlQzMlQTAlMjB0cmF2YWlsbGVyJTIwZW4lMjAlQzMlQTlxdWlwZSUyMGV0JTIwJUMzJUEwJTIwcyUyN2FkYXB0ZXIlMjAlQzMlQTAlMjB1biUyMGVudmlyb25uZW1lbnQlMjBlbiUyMCVDMyVBOXZvbHV0aW9uJTIwcmFwaWRlLiUwQQ==[\/vc_raw_html][vc_empty_space][vc_raw_html]JTNDaDIlM0VOb3VzJTIwb2Zmcm9ucyUyMCUzQSUzQyUyRmgyJTNFJTBB[\/vc_raw_html][vc_raw_html]LSUyMFVuJTIwZW52aXJvbm5lbWVudCUyMGRlJTIwdHJhdmFpbCUyMHN0aW11bGFudCUyMGV0JTIwZHluYW1pcXVlLiUzQ2JyJTNFJTBBLSUyMFBvc3NpYmlsaXQlQzMlQTlzJTIwZCUyN2FwcHJlbnRpc3NhZ2UlMjBldCUyMGRlJTIwZCVDMyVBOXZlbG9wcGVtZW50JTIwcHJvZmVzc2lvbm5lbC4lM0NiciUzRSUwQS0lMjBVbmUlMjByJUMzJUE5bXVuJUMzJUE5cmF0aW9uJTIwY29tcCVDMyVBOXRpdGl2ZSUyMGV0JTIwZGVzJTIwYXZhbnRhZ2VzJTIwc29jaWF1eC4lM0NiciUzRSUwQS0lMjBVbmUlMjBvcHBvcnR1bml0JUMzJUE5JTIwZGUlMjBjb250cmlidWVyJTIwYXUlMjBzdWNjJUMzJUE4cyUyMGQlMjd1bmUlMjBib3V0aXF1ZSUyMGRlJTIwcmVub20uJTNDYnIlM0U=[\/vc_raw_html][vc_empty_space][vc_raw_html]JTNDaDIlM0VQb3VyJTIwcG9zdHVsZXIlMjAlM0ElM0MlMkZoMiUzRSUwQQ==[\/vc_raw_html][vc_raw_html]U2klMjB2b3VzJTIwJUMzJUFBdGVzJTIwbW90aXYlQzMlQTklMjhlJTI5JTJDJTIwcG9seXZhbGVudCUyOGUlMjklMjBldCUyMHF1ZSUyMHZvdXMlMjBhdmV6JTIwbGVzJTIwY29tcCVDMyVBOXRlbmNlcyUyMHJlcXVpc2VzJTIwcG91ciUyMGwlRTIlODAlOTl1biUyMGRlJTIwY2VzJTIwcG9zdGVzJTJDJTIwdmV1aWxsZXolMjByZW1wbGlyJTIwY2UlMjBmb3JtdWxhaXJlJTIwYXZlYyUyMHZvcyUyMHJlbnNlaWduZW1lbnRzJTJDJTIwZW4lMjBwciVDMyVBOWNpc2FudCUyMGxlJTIwcG9zdGUlMjBwb3VyJTIwbGVxdWVsJTIwdm91cyUyMHBvc3R1bGV6LiUyMCUzQ2ElMjBzdHlsZSUzRCUyMmNvbG9yJTNBJTIzRDVCMTRBJTIyJTIwaHJlZiUzRCUyMmh0dHBzJTNBJTJGJTJGdm9nLmNvbS50biUyRiUzRnBhZ2VfaWQlM0Q2MDgxMyUyMiUzRSUyMENsaXF1ZXotaWNpJTNDJTJGYSUzRSUwQQ==[\/vc_raw_html][vc_empty_space][\/vc_column][\/vc_row]<\/p>\n","protected":false},"author":291,"featured_media":0,"parent":0,"menu_order":0,"comment_status":"closed","ping_status":"closed","template":"","meta":{"footnotes":""},"class_list":["post-61102","page","type-page","status-publish","hentry"],"yoast_head":"<!-- This site is optimized with the Yoast SEO plugin v27.5 - https:\/\/yoast.com\/product\/yoast-seo-wordpress\/ -->\n<title>Actualit\u00e9s recrutement\u2502VOG pr\u00eat \u00e0 porter<\/title>\n<meta name=\"description\" content=\"VOG est une cha\u00eene de boutiques de pr\u00eat \u00e0 porter \u00e0 Bizerte, Tunisie, sp\u00e9cialis\u00e9e dans la vente en ligne de v\u00eatements, chaussures et sacs\u2026 pour femme et homme.\" \/>\n<meta name=\"robots\" content=\"index, follow, max-snippet:-1, max-image-preview:large, max-video-preview:-1\" \/>\n<link rel=\"canonical\" href=\"https:\/\/vog.com.tn\/?page_id=61102\" \/>\n<meta property=\"og:locale\" content=\"fr_FR\" \/>\n<meta property=\"og:type\" content=\"article\" \/>\n<meta property=\"og:title\" content=\"Actualit\u00e9s recrutement\u2502VOG pr\u00eat \u00e0 porter\" \/>\n<meta property=\"og:description\" content=\"VOG est une cha\u00eene de boutiques de pr\u00eat \u00e0 porter \u00e0 Bizerte, Tunisie, sp\u00e9cialis\u00e9e dans la vente en ligne de v\u00eatements, chaussures et sacs\u2026 pour femme et homme.\" \/>\n<meta property=\"og:url\" content=\"https:\/\/vog.com.tn\/?page_id=61102\" \/>\n<meta property=\"og:site_name\" content=\"Vog Tunisie\" \/>\n<meta property=\"article:modified_time\" content=\"2023-07-27T11:33:39+00:00\" \/>\n<meta name=\"twitter:card\" content=\"summary_large_image\" \/>\n<meta name=\"twitter:label1\" content=\"Dur\u00e9e de lecture estim\u00e9e\" \/>\n\t<meta name=\"twitter:data1\" content=\"1 minute\" \/>\n<script type=\"application\/ld+json\" class=\"yoast-schema-graph\">{\"@context\":\"https:\\\/\\\/schema.org\",\"@graph\":[{\"@type\":\"WebPage\",\"@id\":\"https:\\\/\\\/vog.com.tn\\\/?page_id=61102\",\"url\":\"https:\\\/\\\/vog.com.tn\\\/?page_id=61102\",\"name\":\"Actualit\u00e9s recrutement\u2502VOG pr\u00eat \u00e0 porter\",\"isPartOf\":{\"@id\":\"https:\\\/\\\/vog.com.tn\\\/#website\"},\"datePublished\":\"2023-06-01T09:55:14+00:00\",\"dateModified\":\"2023-07-27T11:33:39+00:00\",\"description\":\"VOG est une cha\u00eene de boutiques de pr\u00eat \u00e0 porter \u00e0 Bizerte, Tunisie, sp\u00e9cialis\u00e9e dans la vente en ligne de v\u00eatements, chaussures et sacs\u2026 pour femme et homme.\",\"breadcrumb\":{\"@id\":\"https:\\\/\\\/vog.com.tn\\\/?page_id=61102#breadcrumb\"},\"inLanguage\":\"fr-FR\",\"potentialAction\":[{\"@type\":\"ReadAction\",\"target\":[\"https:\\\/\\\/vog.com.tn\\\/?page_id=61102\"]}]},{\"@type\":\"BreadcrumbList\",\"@id\":\"https:\\\/\\\/vog.com.tn\\\/?page_id=61102#breadcrumb\",\"itemListElement\":[{\"@type\":\"ListItem\",\"position\":1,\"name\":\"Home\",\"item\":\"https:\\\/\\\/vog.com.tn\\\/\"},{\"@type\":\"ListItem\",\"position\":2,\"name\":\"Actualit\u00e9s recrutement\"}]},{\"@type\":\"WebSite\",\"@id\":\"https:\\\/\\\/vog.com.tn\\\/#website\",\"url\":\"https:\\\/\\\/vog.com.tn\\\/\",\"name\":\"Vog Tunisie\",\"description\":\"Pr\u00eat-\u00e0-porter\",\"potentialAction\":[{\"@type\":\"SearchAction\",\"target\":{\"@type\":\"EntryPoint\",\"urlTemplate\":\"https:\\\/\\\/vog.com.tn\\\/?s={search_term_string}\"},\"query-input\":{\"@type\":\"PropertyValueSpecification\",\"valueRequired\":true,\"valueName\":\"search_term_string\"}}],\"inLanguage\":\"fr-FR\"}]}<\/script>\n<!-- \/ Yoast SEO plugin. -->","yoast_head_json":{"title":"Actualit\u00e9s recrutement\u2502VOG pr\u00eat \u00e0 porter","description":"VOG est une cha\u00eene de boutiques de pr\u00eat \u00e0 porter \u00e0 Bizerte, Tunisie, sp\u00e9cialis\u00e9e dans la vente en ligne de v\u00eatements, chaussures et sacs\u2026 pour femme et homme.","robots":{"index":"index","follow":"follow","max-snippet":"max-snippet:-1","max-image-preview":"max-image-preview:large","max-video-preview":"max-video-preview:-1"},"canonical":"https:\/\/vog.com.tn\/?page_id=61102","og_locale":"fr_FR","og_type":"article","og_title":"Actualit\u00e9s recrutement\u2502VOG pr\u00eat \u00e0 porter","og_description":"VOG est une cha\u00eene de boutiques de pr\u00eat \u00e0 porter \u00e0 Bizerte, Tunisie, sp\u00e9cialis\u00e9e dans la vente en ligne de v\u00eatements, chaussures et sacs\u2026 pour femme et homme.","og_url":"https:\/\/vog.com.tn\/?page_id=61102","og_site_name":"Vog Tunisie","article_modified_time":"2023-07-27T11:33:39+00:00","twitter_card":"summary_large_image","twitter_misc":{"Dur\u00e9e de lecture estim\u00e9e":"1 minute"},"schema":{"@context":"https:\/\/schema.org","@graph":[{"@type":"WebPage","@id":"https:\/\/vog.com.tn\/?page_id=61102","url":"https:\/\/vog.com.tn\/?page_id=61102","name":"Actualit\u00e9s recrutement\u2502VOG pr\u00eat \u00e0 porter","isPartOf":{"@id":"https:\/\/vog.com.tn\/#website"},"datePublished":"2023-06-01T09:55:14+00:00","dateModified":"2023-07-27T11:33:39+00:00","description":"VOG est une cha\u00eene de boutiques de pr\u00eat \u00e0 porter \u00e0 Bizerte, Tunisie, sp\u00e9cialis\u00e9e dans la vente en ligne de v\u00eatements, chaussures et sacs\u2026 pour femme et homme.","breadcrumb":{"@id":"https:\/\/vog.com.tn\/?page_id=61102#breadcrumb"},"inLanguage":"fr-FR","potentialAction":[{"@type":"ReadAction","target":["https:\/\/vog.com.tn\/?page_id=61102"]}]},{"@type":"BreadcrumbList","@id":"https:\/\/vog.com.tn\/?page_id=61102#breadcrumb","itemListElement":[{"@type":"ListItem","position":1,"name":"Home","item":"https:\/\/vog.com.tn\/"},{"@type":"ListItem","position":2,"name":"Actualit\u00e9s recrutement"}]},{"@type":"WebSite","@id":"https:\/\/vog.com.tn\/#website","url":"https:\/\/vog.com.tn\/","name":"Vog Tunisie","description":"Pr\u00eat-\u00e0-porter","potentialAction":[{"@type":"SearchAction","target":{"@type":"EntryPoint","urlTemplate":"https:\/\/vog.com.tn\/?s={search_term_string}"},"query-input":{"@type":"PropertyValueSpecification","valueRequired":true,"valueName":"search_term_string"}}],"inLanguage":"fr-FR"}]}},"_links":{"self":[{"href":"https:\/\/vog.com.tn\/index.php?rest_route=\/wp\/v2\/pages\/61102","targetHints":{"allow":["GET"]}}],"collection":[{"href":"https:\/\/vog.com.tn\/index.php?rest_route=\/wp\/v2\/pages"}],"about":[{"href":"https:\/\/vog.com.tn\/index.php?rest_route=\/wp\/v2\/types\/page"}],"author":[{"embeddable":true,"href":"https:\/\/vog.com.tn\/index.php?rest_route=\/wp\/v2\/users\/291"}],"replies":[{"embeddable":true,"href":"https:\/\/vog.com.tn\/index.php?rest_route=%2Fwp%2Fv2%2Fcomments&post=61102"}],"version-history":[{"count":15,"href":"https:\/\/vog.com.tn\/index.php?rest_route=\/wp\/v2\/pages\/61102\/revisions"}],"predecessor-version":[{"id":63183,"href":"https:\/\/vog.com.tn\/index.php?rest_route=\/wp\/v2\/pages\/61102\/revisions\/63183"}],"wp:attachment":[{"href":"https:\/\/vog.com.tn\/index.php?rest_route=%2Fwp%2Fv2%2Fmedia&parent=61102"}],"curies":[{"name":"wp","href":"https:\/\/api.w.org\/{rel}","templated":true}]}}