{"id":82177,"date":"2024-12-09T12:48:35","date_gmt":"2024-12-09T11:48:35","guid":{"rendered":"https:\/\/vog.com.tn\/?page_id=82177"},"modified":"2024-12-09T14:12:37","modified_gmt":"2024-12-09T13:12:37","slug":"accessoires","status":"publish","type":"page","link":"https:\/\/vog.com.tn\/?page_id=82177","title":{"rendered":"Accessoires"},"content":{"rendered":"<p>[vc_row][vc_column el_class=\u00a0\u00bbcategory-page\u00a0\u00bb][vc_raw_html]JTNDaDElMjBzdHlsZSUzRCUyMnRleHQtYWxpZ24lM0ElMjBjZW50ZXIlM0IlMjIlM0VBY2Nlc3NvaXJlcyUyMFR1bmlzaWUlM0MlMkZoMSUzRSUwQSUzQ2gyJTIwc3R5bGUlM0QlMjJ0ZXh0LWFsaWduJTNBJTIwY2VudGVyJTNCZm9udC13ZWlnaHQlM0ElMjA0MDAlM0IlMEElMjAlMjAlMjAlMjBtYXJnaW4tdG9wJTNBJTIwMiUyNSUzQmZvbnQtc2l6ZSUzQSUyMDE2cHglM0IlMjIlM0VDYWNoZS1jb2xsZSUyMGV0JTIwJUMzJUE5Y2hhcnBlJTIwLSUyMENoYXBlYXV4JTIwLSUyMEJvbm5ldCUyMC0lMjBDYXNxdWV0dGUlMjAtJTIwQ2VpbnR1cmUlMjAtJTIwTHVuZXR0ZSUyMGRlJTIwc29sZWlsJTIwLSUyMEJpam91eCUyMCUzQyUyRmgyJTNFJTBBJTNDYnIlM0UlMEElM0NoMiUyMHN0eWxlJTNEJTIybWFyZ2luLWxlZnQlM0ElMjAxJTI1JTNCJTIyJTNFTm9zJTIwY2F0JUMzJUE5Z29yaWVzJTIwJTNBJTNDJTJGaDIlM0UlMEE=[\/vc_raw_html][\/vc_column][\/vc_row][vc_row][vc_column el_class=\u00a0\u00bbcategory-page\u00a0\u00bb]<div class=\"woocommerce columns-3\">\t<ul class=\"products\" >\n<li class=\"product-category product first\">\n\t<a aria-label=\"Acc\u00e9der \u00e0 la cat\u00e9gorie de produits Lunettes de Soleil\" href=\"https:\/\/vog.com.tn\/?product_cat=lunettes-de-soleil-femme\"><img loading=\"lazy\" decoding=\"async\" src=\"https:\/\/vog.com.tn\/wp-content\/uploads\/2025\/08\/185019-Noir-1.jpg\" alt=\"Lunettes de Soleil\" width=\"216\" height=\"302\" srcset=\"https:\/\/vog.com.tn\/wp-content\/uploads\/2025\/08\/185019-Noir-1.jpg 216w, https:\/\/vog.com.tn\/wp-content\/uploads\/2025\/08\/185019-Noir-1-215x300.jpg 215w, https:\/\/vog.com.tn\/wp-content\/uploads\/2025\/08\/185019-Noir-1-89x124.jpg 89w\" sizes=\"auto, (max-width: 216px) 100vw, 216px\" \/>\t\t<h2 class=\"woocommerce-loop-category__title\">\n\t\t\tLunettes de Soleil <mark class=\"count\">(1)<\/mark>\t\t<\/h2>\n\t\t<\/a><\/li>\n<li class=\"product-category product\">\n\t<a aria-label=\"Acc\u00e9der \u00e0 la cat\u00e9gorie de produits Sacs \u00e0 main\" href=\"https:\/\/vog.com.tn\/?product_cat=sacs-a-main-femme\"><img loading=\"lazy\" decoding=\"async\" src=\"https:\/\/vog.com.tn\/wp-content\/uploads\/2025\/10\/160458-choco-vog--216x302.png\" alt=\"Sacs \u00e0 main\" width=\"216\" height=\"302\" srcset=\"https:\/\/vog.com.tn\/wp-content\/uploads\/2025\/10\/160458-choco-vog--216x302.png 216w, https:\/\/vog.com.tn\/wp-content\/uploads\/2025\/10\/160458-choco-vog--215x300.png 215w, https:\/\/vog.com.tn\/wp-content\/uploads\/2025\/10\/160458-choco-vog--89x124.png 89w, https:\/\/vog.com.tn\/wp-content\/uploads\/2025\/10\/160458-choco-vog-.png 572w\" sizes=\"auto, (max-width: 216px) 100vw, 216px\" \/>\t\t<h2 class=\"woocommerce-loop-category__title\">\n\t\t\tSacs \u00e0 main <mark class=\"count\">(92)<\/mark>\t\t<\/h2>\n\t\t<\/a><\/li>\n<li class=\"product-category product last\">\n\t<a aria-label=\"Acc\u00e9der \u00e0 la cat\u00e9gorie de produits Pochettes &amp; Sac de soir\u00e9e\" href=\"https:\/\/vog.com.tn\/?product_cat=pochettes-sac-de-soiree\"><img loading=\"lazy\" decoding=\"async\" src=\"https:\/\/vog.com.tn\/wp-content\/uploads\/2025\/07\/sac-soiree-vog-2.jpg\" alt=\"Pochettes &amp; Sac de soir\u00e9e\" width=\"216\" height=\"302\" srcset=\"https:\/\/vog.com.tn\/wp-content\/uploads\/2025\/07\/sac-soiree-vog-2.jpg 216w, https:\/\/vog.com.tn\/wp-content\/uploads\/2025\/07\/sac-soiree-vog-2-215x300.jpg 215w, https:\/\/vog.com.tn\/wp-content\/uploads\/2025\/07\/sac-soiree-vog-2-89x124.jpg 89w\" sizes=\"auto, (max-width: 216px) 100vw, 216px\" \/>\t\t<h2 class=\"woocommerce-loop-category__title\">\n\t\t\tPochettes &amp; Sac de soir\u00e9e <mark class=\"count\">(24)<\/mark>\t\t<\/h2>\n\t\t<\/a><\/li>\n<li class=\"product-category product first\">\n\t<a aria-label=\"Acc\u00e9der \u00e0 la cat\u00e9gorie de produits Cache-col et \u00e9charpes\" href=\"https:\/\/vog.com.tn\/?product_cat=cache-col-et-echarpes\"><img loading=\"lazy\" decoding=\"async\" src=\"https:\/\/vog.com.tn\/wp-content\/uploads\/2021\/10\/195011-Noir-2-216x302.jpg\" alt=\"Cache-col et \u00e9charpes\" width=\"216\" height=\"302\" \/>\t\t<h2 class=\"woocommerce-loop-category__title\">\n\t\t\tCache-col et \u00e9charpes <mark class=\"count\">(25)<\/mark>\t\t<\/h2>\n\t\t<\/a><\/li>\n<li class=\"product-category product\">\n\t<a aria-label=\"Acc\u00e9der \u00e0 la cat\u00e9gorie de produits Bonnets\" href=\"https:\/\/vog.com.tn\/?product_cat=bonnet-accessoires-femme\"><img loading=\"lazy\" decoding=\"async\" src=\"https:\/\/vog.com.tn\/wp-content\/uploads\/2022\/06\/198023-Rouge-216x302.jpg\" alt=\"Bonnets\" width=\"216\" height=\"302\" \/>\t\t<h2 class=\"woocommerce-loop-category__title\">\n\t\t\tBonnets <mark class=\"count\">(1)<\/mark>\t\t<\/h2>\n\t\t<\/a><\/li>\n<\/ul>\n<\/div>[\/vc_column][\/vc_row]<\/p>\n","protected":false},"excerpt":{"rendered":"<p>[vc_row][vc_column el_class=\u00a0\u00bbcategory-page\u00a0\u00bb][vc_raw_html]JTNDaDElMjBzdHlsZSUzRCUyMnRleHQtYWxpZ24lM0ElMjBjZW50ZXIlM0IlMjIlM0VBY2Nlc3NvaXJlcyUyMFR1bmlzaWUlM0MlMkZoMSUzRSUwQSUzQ2gyJTIwc3R5bGUlM0QlMjJ0ZXh0LWFsaWduJTNBJTIwY2VudGVyJTNCZm9udC13ZWlnaHQlM0ElMjA0MDAlM0IlMEElMjAlMjAlMjAlMjBtYXJnaW4tdG9wJTNBJTIwMiUyNSUzQmZvbnQtc2l6ZSUzQSUyMDE2cHglM0IlMjIlM0VDYWNoZS1jb2xsZSUyMGV0JTIwJUMzJUE5Y2hhcnBlJTIwLSUyMENoYXBlYXV4JTIwLSUyMEJvbm5ldCUyMC0lMjBDYXNxdWV0dGUlMjAtJTIwQ2VpbnR1cmUlMjAtJTIwTHVuZXR0ZSUyMGRlJTIwc29sZWlsJTIwLSUyMEJpam91eCUyMCUzQyUyRmgyJTNFJTBBJTNDYnIlM0UlMEElM0NoMiUyMHN0eWxlJTNEJTIybWFyZ2luLWxlZnQlM0ElMjAxJTI1JTNCJTIyJTNFTm9zJTIwY2F0JUMzJUE5Z29yaWVzJTIwJTNBJTNDJTJGaDIlM0UlMEE=[\/vc_raw_html][\/vc_column][\/vc_row][vc_row][vc_column el_class=\u00a0\u00bbcategory-page\u00a0\u00bb][\/vc_column][\/vc_row]<\/p>\n","protected":false},"author":291,"featured_media":0,"parent":0,"menu_order":0,"comment_status":"closed","ping_status":"closed","template":"","meta":{"footnotes":""},"class_list":["post-82177","page","type-page","status-publish","hentry"],"yoast_head":"<!-- This site is optimized with the Yoast SEO plugin v27.5 - https:\/\/yoast.com\/product\/yoast-seo-wordpress\/ -->\n<title>Vente en ligne v\u00eatements femme Tunisie\u2502VOG pr\u00eat \u00e0 porter Tunisie<\/title>\n<meta name=\"description\" content=\"VOG est une cha\u00eene de boutiques de pr\u00eat \u00e0 porter \u00e0 Bizerte, Tunisie, sp\u00e9cialis\u00e9e dans la vente en ligne de v\u00eatements, chaussures et sacs\u2026 pour femme et homme.\" \/>\n<meta name=\"robots\" content=\"index, follow, max-snippet:-1, max-image-preview:large, max-video-preview:-1\" \/>\n<link rel=\"canonical\" href=\"https:\/\/vog.com.tn\/?page_id=82177\" \/>\n<meta property=\"og:locale\" content=\"fr_FR\" \/>\n<meta property=\"og:type\" content=\"article\" \/>\n<meta property=\"og:title\" content=\"Vente en ligne v\u00eatements femme Tunisie\u2502VOG pr\u00eat \u00e0 porter Tunisie\" \/>\n<meta property=\"og:description\" content=\"VOG est une cha\u00eene de boutiques de pr\u00eat \u00e0 porter \u00e0 Bizerte, Tunisie, sp\u00e9cialis\u00e9e dans la vente en ligne de v\u00eatements, chaussures et sacs\u2026 pour femme et homme.\" \/>\n<meta property=\"og:url\" content=\"https:\/\/vog.com.tn\/?page_id=82177\" \/>\n<meta property=\"og:site_name\" content=\"Vog Tunisie\" \/>\n<meta property=\"article:modified_time\" content=\"2024-12-09T13:12:37+00:00\" \/>\n<meta name=\"twitter:card\" content=\"summary_large_image\" \/>\n<meta name=\"twitter:label1\" content=\"Dur\u00e9e de lecture estim\u00e9e\" \/>\n\t<meta name=\"twitter:data1\" content=\"1 minute\" \/>\n<script type=\"application\/ld+json\" class=\"yoast-schema-graph\">{\"@context\":\"https:\\\/\\\/schema.org\",\"@graph\":[{\"@type\":\"WebPage\",\"@id\":\"https:\\\/\\\/vog.com.tn\\\/?page_id=82177\",\"url\":\"https:\\\/\\\/vog.com.tn\\\/?page_id=82177\",\"name\":\"Vente en ligne v\u00eatements femme Tunisie\u2502VOG pr\u00eat \u00e0 porter Tunisie\",\"isPartOf\":{\"@id\":\"https:\\\/\\\/vog.com.tn\\\/#website\"},\"datePublished\":\"2024-12-09T11:48:35+00:00\",\"dateModified\":\"2024-12-09T13:12:37+00:00\",\"description\":\"VOG est une cha\u00eene de boutiques de pr\u00eat \u00e0 porter \u00e0 Bizerte, Tunisie, sp\u00e9cialis\u00e9e dans la vente en ligne de v\u00eatements, chaussures et sacs\u2026 pour femme et homme.\",\"breadcrumb\":{\"@id\":\"https:\\\/\\\/vog.com.tn\\\/?page_id=82177#breadcrumb\"},\"inLanguage\":\"fr-FR\",\"potentialAction\":[{\"@type\":\"ReadAction\",\"target\":[\"https:\\\/\\\/vog.com.tn\\\/?page_id=82177\"]}]},{\"@type\":\"BreadcrumbList\",\"@id\":\"https:\\\/\\\/vog.com.tn\\\/?page_id=82177#breadcrumb\",\"itemListElement\":[{\"@type\":\"ListItem\",\"position\":1,\"name\":\"Home\",\"item\":\"https:\\\/\\\/vog.com.tn\\\/\"},{\"@type\":\"ListItem\",\"position\":2,\"name\":\"Accessoires\"}]},{\"@type\":\"WebSite\",\"@id\":\"https:\\\/\\\/vog.com.tn\\\/#website\",\"url\":\"https:\\\/\\\/vog.com.tn\\\/\",\"name\":\"Vog Tunisie\",\"description\":\"Pr\u00eat-\u00e0-porter\",\"potentialAction\":[{\"@type\":\"SearchAction\",\"target\":{\"@type\":\"EntryPoint\",\"urlTemplate\":\"https:\\\/\\\/vog.com.tn\\\/?s={search_term_string}\"},\"query-input\":{\"@type\":\"PropertyValueSpecification\",\"valueRequired\":true,\"valueName\":\"search_term_string\"}}],\"inLanguage\":\"fr-FR\"}]}<\/script>\n<!-- \/ Yoast SEO plugin. -->","yoast_head_json":{"title":"Vente en ligne v\u00eatements femme Tunisie\u2502VOG pr\u00eat \u00e0 porter Tunisie","description":"VOG est une cha\u00eene de boutiques de pr\u00eat \u00e0 porter \u00e0 Bizerte, Tunisie, sp\u00e9cialis\u00e9e dans la vente en ligne de v\u00eatements, chaussures et sacs\u2026 pour femme et homme.","robots":{"index":"index","follow":"follow","max-snippet":"max-snippet:-1","max-image-preview":"max-image-preview:large","max-video-preview":"max-video-preview:-1"},"canonical":"https:\/\/vog.com.tn\/?page_id=82177","og_locale":"fr_FR","og_type":"article","og_title":"Vente en ligne v\u00eatements femme Tunisie\u2502VOG pr\u00eat \u00e0 porter Tunisie","og_description":"VOG est une cha\u00eene de boutiques de pr\u00eat \u00e0 porter \u00e0 Bizerte, Tunisie, sp\u00e9cialis\u00e9e dans la vente en ligne de v\u00eatements, chaussures et sacs\u2026 pour femme et homme.","og_url":"https:\/\/vog.com.tn\/?page_id=82177","og_site_name":"Vog Tunisie","article_modified_time":"2024-12-09T13:12:37+00:00","twitter_card":"summary_large_image","twitter_misc":{"Dur\u00e9e de lecture estim\u00e9e":"1 minute"},"schema":{"@context":"https:\/\/schema.org","@graph":[{"@type":"WebPage","@id":"https:\/\/vog.com.tn\/?page_id=82177","url":"https:\/\/vog.com.tn\/?page_id=82177","name":"Vente en ligne v\u00eatements femme Tunisie\u2502VOG pr\u00eat \u00e0 porter Tunisie","isPartOf":{"@id":"https:\/\/vog.com.tn\/#website"},"datePublished":"2024-12-09T11:48:35+00:00","dateModified":"2024-12-09T13:12:37+00:00","description":"VOG est une cha\u00eene de boutiques de pr\u00eat \u00e0 porter \u00e0 Bizerte, Tunisie, sp\u00e9cialis\u00e9e dans la vente en ligne de v\u00eatements, chaussures et sacs\u2026 pour femme et homme.","breadcrumb":{"@id":"https:\/\/vog.com.tn\/?page_id=82177#breadcrumb"},"inLanguage":"fr-FR","potentialAction":[{"@type":"ReadAction","target":["https:\/\/vog.com.tn\/?page_id=82177"]}]},{"@type":"BreadcrumbList","@id":"https:\/\/vog.com.tn\/?page_id=82177#breadcrumb","itemListElement":[{"@type":"ListItem","position":1,"name":"Home","item":"https:\/\/vog.com.tn\/"},{"@type":"ListItem","position":2,"name":"Accessoires"}]},{"@type":"WebSite","@id":"https:\/\/vog.com.tn\/#website","url":"https:\/\/vog.com.tn\/","name":"Vog Tunisie","description":"Pr\u00eat-\u00e0-porter","potentialAction":[{"@type":"SearchAction","target":{"@type":"EntryPoint","urlTemplate":"https:\/\/vog.com.tn\/?s={search_term_string}"},"query-input":{"@type":"PropertyValueSpecification","valueRequired":true,"valueName":"search_term_string"}}],"inLanguage":"fr-FR"}]}},"_links":{"self":[{"href":"https:\/\/vog.com.tn\/index.php?rest_route=\/wp\/v2\/pages\/82177","targetHints":{"allow":["GET"]}}],"collection":[{"href":"https:\/\/vog.com.tn\/index.php?rest_route=\/wp\/v2\/pages"}],"about":[{"href":"https:\/\/vog.com.tn\/index.php?rest_route=\/wp\/v2\/types\/page"}],"author":[{"embeddable":true,"href":"https:\/\/vog.com.tn\/index.php?rest_route=\/wp\/v2\/users\/291"}],"replies":[{"embeddable":true,"href":"https:\/\/vog.com.tn\/index.php?rest_route=%2Fwp%2Fv2%2Fcomments&post=82177"}],"version-history":[{"count":7,"href":"https:\/\/vog.com.tn\/index.php?rest_route=\/wp\/v2\/pages\/82177\/revisions"}],"predecessor-version":[{"id":82200,"href":"https:\/\/vog.com.tn\/index.php?rest_route=\/wp\/v2\/pages\/82177\/revisions\/82200"}],"wp:attachment":[{"href":"https:\/\/vog.com.tn\/index.php?rest_route=%2Fwp%2Fv2%2Fmedia&parent=82177"}],"curies":[{"name":"wp","href":"https:\/\/api.w.org\/{rel}","templated":true}]}}