{"id":8311,"date":"2025-08-13T11:32:07","date_gmt":"2025-08-13T09:32:07","guid":{"rendered":"http:\/\/192.168.0.150\/user5\/WORDPRESS\/demo\/WCM010005\/contact-us\/"},"modified":"2025-10-31T12:39:56","modified_gmt":"2025-10-31T11:39:56","slug":"contact","status":"publish","type":"page","link":"https:\/\/vog.com.tn\/?page_id=8311","title":{"rendered":"Contact"},"content":{"rendered":"<p>[vc_row el_class=\u00a0\u00bbcustom-content-main\u00a0\u00bb css=\u00a0\u00bb.vc_custom_1570611239032{padding-top: 30px !important;padding-bottom: 30px !important;}\u00a0\u00bb][vc_column][vc_raw_html]JTNDaDElMjBjbGFzcyUzRCUyMmgxLXRpdHJlLWN0YyUyMiUzRUNvbnRhY3QlMjBWT0clMjBwciVDMyVBQXQlMjAlQzMlQTAlMjBwb3J0ZXIlMjBUdW5pc2llJTNDJTJGaDElM0UlMEElM0NoMiUyMGNsYXNzJTNEJTIyc291cy10aXRyZS1jbnRjdCUyMiUzRVBvdXIlMjBwbHVzJTIwZGUlMjBwcm94aW1pdCVDMyVBOSUyMGV0JTIwZGUlMjBkaXNwb25pYmlsaXQlQzMlQTklMkMlMjBWT0clMjBtZXQlMjAlQzMlQTAlMjB2b3RyZSUyMGRpc3Bvc2l0aW9uJTIwY2ktZGVzc291cyUyMHRvdXRlcyUyMHNlcyUyMGNvb3Jkb25uJUMzJUE5ZXMlMjAlM0ElM0MlMkZoMiUzRQ==[\/vc_raw_html][\/vc_column][\/vc_row][vc_row el_class=\u00a0\u00bbcustom-content-main\u00a0\u00bb css=\u00a0\u00bb.vc_custom_1570611239032{padding-top: 30px !important;padding-bottom: 30px !important;}\u00a0\u00bb][vc_column][vc_column_text]<\/p>\n<ul>\n<li>Num\u00e9ros de t\u00e9l\u00e9phone : +216 55 020 252 \/ +216 52 101 100<\/li>\n<li>Email:= stebendou@gmail.com<\/li>\n<li>Adresse : Rue du 2 mars 1934, 7000 Bizerte, Tunisie<\/li>\n<\/ul>\n<p>[\/vc_column_text][\/vc_column][\/vc_row][vc_row el_class=\u00a0\u00bbcustom-content-main\u00a0\u00bb css=\u00a0\u00bb.vc_custom_1677669833436{margin-bottom: 6% !important;}\u00a0\u00bb][vc_column][vc_raw_html]JTNDaDIlMjBjbGFzcyUzRCUyMnNvdXMtdGl0cmUtY250Y3QlMjIlM0VWb3VzJTIwYXZleiUyMGRlcyUyMHF1ZXN0aW9ucyUyMCUzRiUyME4lRTIlODAlOTloJUMzJUE5c2l0ZXolMjBwYXMlMjAlQzMlQTAlMjByZW1wbGlyJTIwbGUlMjBmb3JtdWxhaXJlJTNDJTJGaDIlM0U=[\/vc_raw_html][\/vc_column][\/vc_row][vc_row el_class=\u00a0\u00bbcustom-content-main\u00a0\u00bb css=\u00a0\u00bb.vc_custom_1597318075016{padding-top: 30px !important;padding-right: 30px !important;padding-bottom: 30px !important;padding-left: 30px !important;background-color: #f7f7f7 !important;}\u00a0\u00bb][vc_column]\n<div class=\"wpcf7 no-js\" id=\"wpcf7-f6-o1\" lang=\"fr-FR\" dir=\"ltr\" data-wpcf7-id=\"6\">\n<div class=\"screen-reader-response\"><p role=\"status\" aria-live=\"polite\" aria-atomic=\"true\"><\/p> <ul><\/ul><\/div>\n<form action=\"\/index.php?rest_route=%2Fwp%2Fv2%2Fpages%2F8311#wpcf7-f6-o1\" method=\"post\" class=\"wpcf7-form init\" aria-label=\"Formulaire de contact\" novalidate=\"novalidate\" data-status=\"init\">\n<fieldset class=\"hidden-fields-container\"><input type=\"hidden\" name=\"_wpcf7\" value=\"6\" \/><input type=\"hidden\" name=\"_wpcf7_version\" value=\"6.1.5\" \/><input type=\"hidden\" name=\"_wpcf7_locale\" value=\"fr_FR\" \/><input type=\"hidden\" name=\"_wpcf7_unit_tag\" value=\"wpcf7-f6-o1\" \/><input type=\"hidden\" name=\"_wpcf7_container_post\" value=\"0\" \/><input type=\"hidden\" name=\"_wpcf7_posted_data_hash\" value=\"\" \/><input type=\"hidden\" name=\"_wpcf7_recaptcha_response\" value=\"\" \/>\n<\/fieldset>\n<p><label> Nom et pr\u00e9nom<br \/>\n<span class=\"wpcf7-form-control-wrap\" data-name=\"your-name\"><input size=\"40\" maxlength=\"400\" class=\"wpcf7-form-control wpcf7-text wpcf7-validates-as-required\" aria-required=\"true\" aria-invalid=\"false\" value=\"\" type=\"text\" name=\"your-name\" \/><\/span> <\/label>\n<\/p>\n<p><label> E-mail<br \/>\n<span class=\"wpcf7-form-control-wrap\" data-name=\"your-email\"><input size=\"40\" maxlength=\"400\" class=\"wpcf7-form-control wpcf7-email wpcf7-validates-as-required wpcf7-text wpcf7-validates-as-email\" aria-required=\"true\" aria-invalid=\"false\" value=\"\" type=\"email\" name=\"your-email\" \/><\/span> <\/label>\n<\/p>\n<p><label> Objet<br \/>\n<span class=\"wpcf7-form-control-wrap\" data-name=\"your-subject\"><input size=\"40\" maxlength=\"400\" class=\"wpcf7-form-control wpcf7-text wpcf7-validates-as-required\" aria-required=\"true\" aria-invalid=\"false\" value=\"\" type=\"text\" name=\"your-subject\" \/><\/span> <\/label>\n<\/p>\n<p><label> Message<br \/>\n<span class=\"wpcf7-form-control-wrap\" data-name=\"your-message\"><textarea cols=\"40\" rows=\"10\" maxlength=\"2000\" class=\"wpcf7-form-control wpcf7-textarea\" aria-invalid=\"false\" name=\"your-message\"><\/textarea><\/span> <\/label>\n<\/p>\n<div style=\"margin-bottom:2%;\">\n\n<\/div>\n<p><input class=\"wpcf7-form-control wpcf7-submit has-spinner\" type=\"submit\" value=\"Envoyer\" \/>\n<\/p><div class=\"wpcf7-response-output\" aria-hidden=\"true\"><\/div>\n<\/form>\n<\/div>\n[\/vc_column][\/vc_row][vc_row el_class=\u00a0\u00bbcustom-content-main\u00a0\u00bb css=\u00a0\u00bb.vc_custom_1570611239032{padding-top: 30px !important;padding-bottom: 30px !important;}\u00a0\u00bb][vc_column][vc_raw_html]JTNDaDIlMjBjbGFzcyUzRCUyMnNvdXMtdGl0cmUtY250Y3QlMjIlMjBzdHlsZSUzRCUyMmZvbnQtd2VpZ2h0JTNBJTIwNTAwJTNCJTBBJTIwJTIwJTIwJTIwbWFyZ2luLXRvcCUzQSUyMDQlMjUlM0IlMjIlM0VWZW5leiUyMHZpc2l0ZXIlMjBub3MlMjBib3V0aXF1ZXMlMjAlQzMlQTAlMjBCaXplcnRlJTIwZXQlMjBkJUMzJUE5Y291dnJleiUyMGxlcyUyMGRlcm5pJUMzJUE4cmVzJTIwdGVuZGFuY2VzJTIwZGUlMjB2JUMzJUFBdGVtZW50cyUyQyUyMGNoYXVzc3VyZXMlMkMlMjBzYWNzJTIwZXQlMjBhY2Nlc3NvaXJlcyVFMiU4MCVBNiUzQyUyRmgyJTNF[\/vc_raw_html][\/vc_column][\/vc_row][vc_row css=\u00a0\u00bb.vc_custom_1570611247639{padding-bottom: 80px !important;}\u00a0\u00bb][vc_column][vc_row_inner el_class=\u00a0\u00bbcontent-main-other\u00a0\u00bb][vc_column_inner width=\u00a0\u00bb1\/3&Prime;][vc_gmaps link=\u00a0\u00bb#E-8_JTNDaWZyYW1lJTIwc3JjJTNEJTIyaHR0cHMlM0ElMkYlMkZ3d3cuZ29vZ2xlLmNvbSUyRm1hcHMlMkZlbWJlZCUzRnBiJTNEJTIxMW0xOCUyMTFtMTIlMjExbTMlMjExZDI1MzkxLjEyMTMxMDg2MTgyNSUyMTJkOS44NDk0NDQ2MDM4OTg4JTIxM2QzNy4yOTc3MzY4OTY4NDI5NiUyMTJtMyUyMTFmMCUyMTJmMCUyMTNmMCUyMTNtMiUyMTFpMTAyNCUyMTJpNzY4JTIxNGYxMy4xJTIxM20zJTIxMW0yJTIxMXMweDEyZTMxZjM0NDE5NjJjNjUlMjUzQTB4NzNhODM5NzcxZjYwMTI3NCUyMTJzVk9HJTIxNWUwJTIxM20yJTIxMXNmciUyMTJzdG4lMjE0djE2NzIxNTMxMzYwNjIlMjE1bTIlMjExc2ZyJTIxMnN0biUyMiUyMHdpZHRoJTNEJTIyNjAwJTIyJTIwaGVpZ2h0JTNEJTIyNDUwJTIyJTIwc3R5bGUlM0QlMjJib3JkZXIlM0EwJTNCJTIyJTIwYWxsb3dmdWxsc2NyZWVuJTNEJTIyJTIyJTIwbG9hZGluZyUzRCUyMmxhenklMjIlMjByZWZlcnJlcnBvbGljeSUzRCUyMm5vLXJlZmVycmVyLXdoZW4tZG93bmdyYWRlJTIyJTNFJTNDJTJGaWZyYW1lJTNF\u00a0\u00bb el_class=\u00a0\u00bbgoogle-map\u00a0\u00bb][\/vc_column_inner][vc_column_inner width=\u00a0\u00bb1\/3&Prime;][vc_gmaps link=\u00a0\u00bb#E-8_JTNDaWZyYW1lJTIwc3JjJTNEJTIyaHR0cHMlM0ElMkYlMkZ3d3cuZ29vZ2xlLmNvbSUyRm1hcHMlMkZlbWJlZCUzRnBiJTNEJTIxMW0xOCUyMTFtMTIlMjExbTMlMjExZDM5MDUzMy4wMTIxNzA4NTczJTIxMmQ5Ljg2NTc1MDUxNzQyNTczNSUyMTNkMzcuMDA2OTIwODIxNjU4NDQlMjEybTMlMjExZjAlMjEyZjAlMjEzZjAlMjEzbTIlMjExaTEwMjQlMjEyaTc2OCUyMTRmMTMuMSUyMTNtMyUyMTFtMiUyMTFzMHgwJTI1M0EweDNhMzg0MTFlYWMyOTBkNGQlMjEyc1ZvZyUyNTIwViUyNUMzJTI1QUF0ZW1lbnRzJTI1MjBQb3VyJTI1MjBIb21tZSUyNTIwRXQlMjUyMEZlbW1lJTIxNWUwJTIxM20yJTIxMXNmciUyMTJzdG4lMjE0djE2MTM0OTIxMDk3MDIlMjE1bTIlMjExc2ZyJTIxMnN0biUyMiUyMHdpZHRoJTNEJTIyNjAwJTIyJTIwaGVpZ2h0JTNEJTIyNDUwJTIyJTIwZnJhbWVib3JkZXIlM0QlMjIwJTIyJTIwc3R5bGUlM0QlMjJib3JkZXIlM0EwJTNCJTIyJTIwYWxsb3dmdWxsc2NyZWVuJTNEJTIyJTIyJTIwYXJpYS1oaWRkZW4lM0QlMjJmYWxzZSUyMiUyMHRhYmluZGV4JTNEJTIyMCUyMiUzRSUzQyUyRmlmcmFtZSUzRQ==\u00a0\u00bb el_class=\u00a0\u00bbgoogle-map\u00a0\u00bb][\/vc_column_inner][vc_column_inner width=\u00a0\u00bb1\/3&Prime;][vc_gmaps link=\u00a0\u00bb#E-8_JTNDaWZyYW1lJTIwc3JjJTNEJTIyaHR0cHMlM0ElMkYlMkZ3d3cuZ29vZ2xlLmNvbSUyRm1hcHMlMkZlbWJlZCUzRnBiJTNEJTIxMW0xOCUyMTFtMTIlMjExbTMlMjExZDMxNzMuODkxNzI5MTk5MDQlMjEyZDkuODY2OTU0MjAwMDAwMDAyJTIxM2QzNy4yOTc2OTk4JTIxMm0zJTIxMWYwJTIxMmYwJTIxM2YwJTIxM20yJTIxMWkxMDI0JTIxMmk3NjglMjE0ZjEzLjElMjEzbTMlMjExbTIlMjExczB4MTJlMzFmMjQ1ODAxMjg0ZCUyNTNBMHg3NjUzMjhkMjZiMzU3ZGJjJTIxMnNWb2clMjUyMGJvdXRpcXVlJTIxNWUwJTIxM20yJTIxMXNmciUyMTJzdG4lMjE0djE2NzIxNTMxMzgxNjQlMjE1bTIlMjExc2ZyJTIxMnN0biUyMiUyMHdpZHRoJTNEJTIyNjAwJTIyJTIwaGVpZ2h0JTNEJTIyNDUwJTIyJTIwc3R5bGUlM0QlMjJib3JkZXIlM0EwJTNCJTIyJTIwYWxsb3dmdWxsc2NyZWVuJTNEJTIyJTIyJTIwbG9hZGluZyUzRCUyMmxhenklMjIlMjByZWZlcnJlcnBvbGljeSUzRCUyMm5vLXJlZmVycmVyLXdoZW4tZG93bmdyYWRlJTIyJTNFJTNDJTJGaWZyYW1lJTNF\u00a0\u00bb el_class=\u00a0\u00bbgoogle-map\u00a0\u00bb][\/vc_column_inner][\/vc_row_inner][\/vc_column][\/vc_row]<\/p>\n","protected":false},"excerpt":{"rendered":"<p>[vc_row el_class=\u00a0\u00bbcustom-content-main\u00a0\u00bb css=\u00a0\u00bb.vc_custom_1570611239032{padding-top: 30px !important;padding-bottom: 30px !important;}\u00a0\u00bb][vc_column][vc_raw_html]JTNDaDElMjBjbGFzcyUzRCUyMmgxLXRpdHJlLWN0YyUyMiUzRUNvbnRhY3QlMjBWT0clMjBwciVDMyVBQXQlMjAlQzMlQTAlMjBwb3J0ZXIlMjBUdW5pc2llJTNDJTJGaDElM0UlMEElM0NoMiUyMGNsYXNzJTNEJTIyc291cy10aXRyZS1jbnRjdCUyMiUzRVBvdXIlMjBwbHVzJTIwZGUlMjBwcm94aW1pdCVDMyVBOSUyMGV0JTIwZGUlMjBkaXNwb25pYmlsaXQlQzMlQTklMkMlMjBWT0clMjBtZXQlMjAlQzMlQTAlMjB2b3RyZSUyMGRpc3Bvc2l0aW9uJTIwY2ktZGVzc291cyUyMHRvdXRlcyUyMHNlcyUyMGNvb3Jkb25uJUMzJUE5ZXMlMjAlM0ElM0MlMkZoMiUzRQ==[\/vc_raw_html][\/vc_column][\/vc_row][vc_row el_class=\u00a0\u00bbcustom-content-main\u00a0\u00bb css=\u00a0\u00bb.vc_custom_1570611239032{padding-top: 30px !important;padding-bottom: 30px !important;}\u00a0\u00bb][vc_column][vc_column_text] Num\u00e9ros de t\u00e9l\u00e9phone : +216 55 020 252 \/ +216 52 101 100 Email:= stebendou@gmail.com Adresse : Rue du 2 mars 1934, 7000 Bizerte, Tunisie [\/vc_column_text][\/vc_column][\/vc_row][vc_row el_class=\u00a0\u00bbcustom-content-main\u00a0\u00bb css=\u00a0\u00bb.vc_custom_1677669833436{margin-bottom: 6% !important;}\u00a0\u00bb][vc_column][vc_raw_html]JTNDaDIlMjBjbGFzcyUzRCUyMnNvdXMtdGl0cmUtY250Y3QlMjIlM0VWb3VzJTIwYXZleiUyMGRlcyUyMHF1ZXN0aW9ucyUyMCUzRiUyME4lRTIlODAlOTloJUMzJUE5c2l0ZXolMjBwYXMlMjAlQzMlQTAlMjByZW1wbGlyJTIwbGUlMjBmb3JtdWxhaXJlJTNDJTJGaDIlM0U=[\/vc_raw_html][\/vc_column][\/vc_row][vc_row el_class=\u00a0\u00bbcustom-content-main\u00a0\u00bb css=\u00a0\u00bb.vc_custom_1597318075016{padding-top: 30px !important;padding-right: 30px !important;padding-bottom: 30px !important;padding-left: 30px !important;background-color: #f7f7f7 !important;}\u00a0\u00bb][vc_column][\/vc_column][\/vc_row][vc_row el_class=\u00a0\u00bbcustom-content-main\u00a0\u00bb css=\u00a0\u00bb.vc_custom_1570611239032{padding-top: 30px !important;padding-bottom: 30px !important;}\u00a0\u00bb][vc_column][vc_raw_html]JTNDaDIlMjBjbGFzcyUzRCUyMnNvdXMtdGl0cmUtY250Y3QlMjIlMjBzdHlsZSUzRCUyMmZvbnQtd2VpZ2h0JTNBJTIwNTAwJTNCJTBBJTIwJTIwJTIwJTIwbWFyZ2luLXRvcCUzQSUyMDQlMjUlM0IlMjIlM0VWZW5leiUyMHZpc2l0ZXIlMjBub3MlMjBib3V0aXF1ZXMlMjAlQzMlQTAlMjBCaXplcnRlJTIwZXQlMjBkJUMzJUE5Y291dnJleiUyMGxlcyUyMGRlcm5pJUMzJUE4cmVzJTIwdGVuZGFuY2VzJTIwZGUlMjB2JUMzJUFBdGVtZW50cyUyQyUyMGNoYXVzc3VyZXMlMkMlMjBzYWNzJTIwZXQlMjBhY2Nlc3NvaXJlcyVFMiU4MCVBNiUzQyUyRmgyJTNF[\/vc_raw_html][\/vc_column][\/vc_row][vc_row css=\u00a0\u00bb.vc_custom_1570611247639{padding-bottom: 80px !important;}\u00a0\u00bb][vc_column][vc_row_inner el_class=\u00a0\u00bbcontent-main-other\u00a0\u00bb][vc_column_inner width=\u00a0\u00bb1\/3&Prime;][vc_gmaps link=\u00a0\u00bb#E-8_JTNDaWZyYW1lJTIwc3JjJTNEJTIyaHR0cHMlM0ElMkYlMkZ3d3cuZ29vZ2xlLmNvbSUyRm1hcHMlMkZlbWJlZCUzRnBiJTNEJTIxMW0xOCUyMTFtMTIlMjExbTMlMjExZDI1MzkxLjEyMTMxMDg2MTgyNSUyMTJkOS44NDk0NDQ2MDM4OTg4JTIxM2QzNy4yOTc3MzY4OTY4NDI5NiUyMTJtMyUyMTFmMCUyMTJmMCUyMTNmMCUyMTNtMiUyMTFpMTAyNCUyMTJpNzY4JTIxNGYxMy4xJTIxM20zJTIxMW0yJTIxMXMweDEyZTMxZjM0NDE5NjJjNjUlMjUzQTB4NzNhODM5NzcxZjYwMTI3NCUyMTJzVk9HJTIxNWUwJTIxM20yJTIxMXNmciUyMTJzdG4lMjE0djE2NzIxNTMxMzYwNjIlMjE1bTIlMjExc2ZyJTIxMnN0biUyMiUyMHdpZHRoJTNEJTIyNjAwJTIyJTIwaGVpZ2h0JTNEJTIyNDUwJTIyJTIwc3R5bGUlM0QlMjJib3JkZXIlM0EwJTNCJTIyJTIwYWxsb3dmdWxsc2NyZWVuJTNEJTIyJTIyJTIwbG9hZGluZyUzRCUyMmxhenklMjIlMjByZWZlcnJlcnBvbGljeSUzRCUyMm5vLXJlZmVycmVyLXdoZW4tZG93bmdyYWRlJTIyJTNFJTNDJTJGaWZyYW1lJTNF\u00a0\u00bb el_class=\u00a0\u00bbgoogle-map\u00a0\u00bb][\/vc_column_inner][vc_column_inner width=\u00a0\u00bb1\/3&Prime;][vc_gmaps link=\u00a0\u00bb#E-8_JTNDaWZyYW1lJTIwc3JjJTNEJTIyaHR0cHMlM0ElMkYlMkZ3d3cuZ29vZ2xlLmNvbSUyRm1hcHMlMkZlbWJlZCUzRnBiJTNEJTIxMW0xOCUyMTFtMTIlMjExbTMlMjExZDM5MDUzMy4wMTIxNzA4NTczJTIxMmQ5Ljg2NTc1MDUxNzQyNTczNSUyMTNkMzcuMDA2OTIwODIxNjU4NDQlMjEybTMlMjExZjAlMjEyZjAlMjEzZjAlMjEzbTIlMjExaTEwMjQlMjEyaTc2OCUyMTRmMTMuMSUyMTNtMyUyMTFtMiUyMTFzMHgwJTI1M0EweDNhMzg0MTFlYWMyOTBkNGQlMjEyc1ZvZyUyNTIwViUyNUMzJTI1QUF0ZW1lbnRzJTI1MjBQb3VyJTI1MjBIb21tZSUyNTIwRXQlMjUyMEZlbW1lJTIxNWUwJTIxM20yJTIxMXNmciUyMTJzdG4lMjE0djE2MTM0OTIxMDk3MDIlMjE1bTIlMjExc2ZyJTIxMnN0biUyMiUyMHdpZHRoJTNEJTIyNjAwJTIyJTIwaGVpZ2h0JTNEJTIyNDUwJTIyJTIwZnJhbWVib3JkZXIlM0QlMjIwJTIyJTIwc3R5bGUlM0QlMjJib3JkZXIlM0EwJTNCJTIyJTIwYWxsb3dmdWxsc2NyZWVuJTNEJTIyJTIyJTIwYXJpYS1oaWRkZW4lM0QlMjJmYWxzZSUyMiUyMHRhYmluZGV4JTNEJTIyMCUyMiUzRSUzQyUyRmlmcmFtZSUzRQ==\u00a0\u00bb el_class=\u00a0\u00bbgoogle-map\u00a0\u00bb][\/vc_column_inner][vc_column_inner width=\u00a0\u00bb1\/3&Prime;][vc_gmaps link=\u00a0\u00bb#E-8_JTNDaWZyYW1lJTIwc3JjJTNEJTIyaHR0cHMlM0ElMkYlMkZ3d3cuZ29vZ2xlLmNvbSUyRm1hcHMlMkZlbWJlZCUzRnBiJTNEJTIxMW0xOCUyMTFtMTIlMjExbTMlMjExZDMxNzMuODkxNzI5MTk5MDQlMjEyZDkuODY2OTU0MjAwMDAwMDAyJTIxM2QzNy4yOTc2OTk4JTIxMm0zJTIxMWYwJTIxMmYwJTIxM2YwJTIxM20yJTIxMWkxMDI0JTIxMmk3NjglMjE0ZjEzLjElMjEzbTMlMjExbTIlMjExczB4MTJlMzFmMjQ1ODAxMjg0ZCUyNTNBMHg3NjUzMjhkMjZiMzU3ZGJjJTIxMnNWb2clMjUyMGJvdXRpcXVlJTIxNWUwJTIxM20yJTIxMXNmciUyMTJzdG4lMjE0djE2NzIxNTMxMzgxNjQlMjE1bTIlMjExc2ZyJTIxMnN0biUyMiUyMHdpZHRoJTNEJTIyNjAwJTIyJTIwaGVpZ2h0JTNEJTIyNDUwJTIyJTIwc3R5bGUlM0QlMjJib3JkZXIlM0EwJTNCJTIyJTIwYWxsb3dmdWxsc2NyZWVuJTNEJTIyJTIyJTIwbG9hZGluZyUzRCUyMmxhenklMjIlMjByZWZlcnJlcnBvbGljeSUzRCUyMm5vLXJlZmVycmVyLXdoZW4tZG93bmdyYWRlJTIyJTNFJTNDJTJGaWZyYW1lJTNF\u00a0\u00bb el_class=\u00a0\u00bbgoogle-map\u00a0\u00bb][\/vc_column_inner][\/vc_row_inner][\/vc_column][\/vc_row]<\/p>\n","protected":false},"author":1,"featured_media":0,"parent":0,"menu_order":0,"comment_status":"closed","ping_status":"closed","template":"","meta":{"footnotes":""},"class_list":["post-8311","page","type-page","status-publish","hentry"],"yoast_head":"<!-- This site is optimized with the Yoast SEO plugin v27.5 - https:\/\/yoast.com\/product\/yoast-seo-wordpress\/ -->\n<title>Contact VOG\u2502vente en ligne v\u00eatements Tunisie\u2502VOG pr\u00eat \u00e0 porter<\/title>\n<meta name=\"description\" content=\"VOG est une cha\u00eene de boutiques de pr\u00eat \u00e0 porter \u00e0 Bizerte, Tunisie, sp\u00e9cialis\u00e9e dans la vente en ligne de v\u00eatements, chaussures et sacs\u2026 pour femme et homme.\" \/>\n<meta name=\"robots\" content=\"index, follow, max-snippet:-1, max-image-preview:large, max-video-preview:-1\" \/>\n<link rel=\"canonical\" href=\"https:\/\/vog.com.tn\/?page_id=8311\" \/>\n<meta property=\"og:locale\" content=\"fr_FR\" \/>\n<meta property=\"og:type\" content=\"article\" \/>\n<meta property=\"og:title\" content=\"Contact VOG\u2502vente en ligne v\u00eatements Tunisie\u2502VOG pr\u00eat \u00e0 porter\" \/>\n<meta property=\"og:description\" content=\"VOG est une cha\u00eene de boutiques de pr\u00eat \u00e0 porter \u00e0 Bizerte, Tunisie, sp\u00e9cialis\u00e9e dans la vente en ligne de v\u00eatements, chaussures et sacs\u2026 pour femme et homme.\" \/>\n<meta property=\"og:url\" content=\"https:\/\/vog.com.tn\/?page_id=8311\" \/>\n<meta property=\"og:site_name\" content=\"Vog Tunisie\" \/>\n<meta property=\"article:modified_time\" content=\"2025-10-31T11:39:56+00:00\" \/>\n<meta name=\"twitter:card\" content=\"summary_large_image\" \/>\n<meta name=\"twitter:label1\" content=\"Dur\u00e9e de lecture estim\u00e9e\" \/>\n\t<meta name=\"twitter:data1\" content=\"1 minute\" \/>\n<script type=\"application\/ld+json\" class=\"yoast-schema-graph\">{\"@context\":\"https:\\\/\\\/schema.org\",\"@graph\":[{\"@type\":\"WebPage\",\"@id\":\"https:\\\/\\\/vog.com.tn\\\/?page_id=8311\",\"url\":\"https:\\\/\\\/vog.com.tn\\\/?page_id=8311\",\"name\":\"Contact VOG\u2502vente en ligne v\u00eatements Tunisie\u2502VOG pr\u00eat \u00e0 porter\",\"isPartOf\":{\"@id\":\"https:\\\/\\\/vog.com.tn\\\/#website\"},\"datePublished\":\"2025-08-13T09:32:07+00:00\",\"dateModified\":\"2025-10-31T11:39:56+00:00\",\"description\":\"VOG est une cha\u00eene de boutiques de pr\u00eat \u00e0 porter \u00e0 Bizerte, Tunisie, sp\u00e9cialis\u00e9e dans la vente en ligne de v\u00eatements, chaussures et sacs\u2026 pour femme et homme.\",\"breadcrumb\":{\"@id\":\"https:\\\/\\\/vog.com.tn\\\/?page_id=8311#breadcrumb\"},\"inLanguage\":\"fr-FR\",\"potentialAction\":[{\"@type\":\"ReadAction\",\"target\":[\"https:\\\/\\\/vog.com.tn\\\/?page_id=8311\"]}]},{\"@type\":\"BreadcrumbList\",\"@id\":\"https:\\\/\\\/vog.com.tn\\\/?page_id=8311#breadcrumb\",\"itemListElement\":[{\"@type\":\"ListItem\",\"position\":1,\"name\":\"Home\",\"item\":\"https:\\\/\\\/vog.com.tn\\\/\"},{\"@type\":\"ListItem\",\"position\":2,\"name\":\"Contact\"}]},{\"@type\":\"WebSite\",\"@id\":\"https:\\\/\\\/vog.com.tn\\\/#website\",\"url\":\"https:\\\/\\\/vog.com.tn\\\/\",\"name\":\"Vog Tunisie\",\"description\":\"Pr\u00eat-\u00e0-porter\",\"potentialAction\":[{\"@type\":\"SearchAction\",\"target\":{\"@type\":\"EntryPoint\",\"urlTemplate\":\"https:\\\/\\\/vog.com.tn\\\/?s={search_term_string}\"},\"query-input\":{\"@type\":\"PropertyValueSpecification\",\"valueRequired\":true,\"valueName\":\"search_term_string\"}}],\"inLanguage\":\"fr-FR\"}]}<\/script>\n<!-- \/ Yoast SEO plugin. -->","yoast_head_json":{"title":"Contact VOG\u2502vente en ligne v\u00eatements Tunisie\u2502VOG pr\u00eat \u00e0 porter","description":"VOG est une cha\u00eene de boutiques de pr\u00eat \u00e0 porter \u00e0 Bizerte, Tunisie, sp\u00e9cialis\u00e9e dans la vente en ligne de v\u00eatements, chaussures et sacs\u2026 pour femme et homme.","robots":{"index":"index","follow":"follow","max-snippet":"max-snippet:-1","max-image-preview":"max-image-preview:large","max-video-preview":"max-video-preview:-1"},"canonical":"https:\/\/vog.com.tn\/?page_id=8311","og_locale":"fr_FR","og_type":"article","og_title":"Contact VOG\u2502vente en ligne v\u00eatements Tunisie\u2502VOG pr\u00eat \u00e0 porter","og_description":"VOG est une cha\u00eene de boutiques de pr\u00eat \u00e0 porter \u00e0 Bizerte, Tunisie, sp\u00e9cialis\u00e9e dans la vente en ligne de v\u00eatements, chaussures et sacs\u2026 pour femme et homme.","og_url":"https:\/\/vog.com.tn\/?page_id=8311","og_site_name":"Vog Tunisie","article_modified_time":"2025-10-31T11:39:56+00:00","twitter_card":"summary_large_image","twitter_misc":{"Dur\u00e9e de lecture estim\u00e9e":"1 minute"},"schema":{"@context":"https:\/\/schema.org","@graph":[{"@type":"WebPage","@id":"https:\/\/vog.com.tn\/?page_id=8311","url":"https:\/\/vog.com.tn\/?page_id=8311","name":"Contact VOG\u2502vente en ligne v\u00eatements Tunisie\u2502VOG pr\u00eat \u00e0 porter","isPartOf":{"@id":"https:\/\/vog.com.tn\/#website"},"datePublished":"2025-08-13T09:32:07+00:00","dateModified":"2025-10-31T11:39:56+00:00","description":"VOG est une cha\u00eene de boutiques de pr\u00eat \u00e0 porter \u00e0 Bizerte, Tunisie, sp\u00e9cialis\u00e9e dans la vente en ligne de v\u00eatements, chaussures et sacs\u2026 pour femme et homme.","breadcrumb":{"@id":"https:\/\/vog.com.tn\/?page_id=8311#breadcrumb"},"inLanguage":"fr-FR","potentialAction":[{"@type":"ReadAction","target":["https:\/\/vog.com.tn\/?page_id=8311"]}]},{"@type":"BreadcrumbList","@id":"https:\/\/vog.com.tn\/?page_id=8311#breadcrumb","itemListElement":[{"@type":"ListItem","position":1,"name":"Home","item":"https:\/\/vog.com.tn\/"},{"@type":"ListItem","position":2,"name":"Contact"}]},{"@type":"WebSite","@id":"https:\/\/vog.com.tn\/#website","url":"https:\/\/vog.com.tn\/","name":"Vog Tunisie","description":"Pr\u00eat-\u00e0-porter","potentialAction":[{"@type":"SearchAction","target":{"@type":"EntryPoint","urlTemplate":"https:\/\/vog.com.tn\/?s={search_term_string}"},"query-input":{"@type":"PropertyValueSpecification","valueRequired":true,"valueName":"search_term_string"}}],"inLanguage":"fr-FR"}]}},"_links":{"self":[{"href":"https:\/\/vog.com.tn\/index.php?rest_route=\/wp\/v2\/pages\/8311","targetHints":{"allow":["GET"]}}],"collection":[{"href":"https:\/\/vog.com.tn\/index.php?rest_route=\/wp\/v2\/pages"}],"about":[{"href":"https:\/\/vog.com.tn\/index.php?rest_route=\/wp\/v2\/types\/page"}],"author":[{"embeddable":true,"href":"https:\/\/vog.com.tn\/index.php?rest_route=\/wp\/v2\/users\/1"}],"replies":[{"embeddable":true,"href":"https:\/\/vog.com.tn\/index.php?rest_route=%2Fwp%2Fv2%2Fcomments&post=8311"}],"version-history":[{"count":24,"href":"https:\/\/vog.com.tn\/index.php?rest_route=\/wp\/v2\/pages\/8311\/revisions"}],"predecessor-version":[{"id":103039,"href":"https:\/\/vog.com.tn\/index.php?rest_route=\/wp\/v2\/pages\/8311\/revisions\/103039"}],"wp:attachment":[{"href":"https:\/\/vog.com.tn\/index.php?rest_route=%2Fwp%2Fv2%2Fmedia&parent=8311"}],"curies":[{"name":"wp","href":"https:\/\/api.w.org\/{rel}","templated":true}]}}