{"id":8966,"date":"2025-08-13T11:32:07","date_gmt":"2025-08-13T09:32:07","guid":{"rendered":"http:\/\/164.132.44.157\/vog\/?page_id=8966"},"modified":"2025-08-13T11:32:07","modified_gmt":"2025-08-13T09:32:07","slug":"mode-femme","status":"publish","type":"page","link":"https:\/\/vog.com.tn\/?page_id=8966","title":{"rendered":"Mode Femme"},"content":{"rendered":"<p>[vc_row][vc_column el_class=\u00a0\u00bbcategory-page\u00a0\u00bb][vc_raw_html]JTNDaDElMjBzdHlsZSUzRCUyMnRleHQtYWxpZ24lM0ElMjBjZW50ZXIlM0IlMjIlM0VNb2RlJTIwRmVtbWUlMjBUdW5pc2llJTNDJTJGaDElM0UlMEElM0NoMiUyMHN0eWxlJTNEJTIydGV4dC1hbGlnbiUzQSUyMGNlbnRlciUzQmZvbnQtd2VpZ2h0JTNBJTIwNDAwJTNCJTBBJTIwJTIwJTIwJTIwbWFyZ2luLXRvcCUzQSUyMDIlMjUlM0Jmb250LXNpemUlM0ElMjAxNnB4JTNCJTIyJTNFTGluZ2VyaWUlMjAtJTIwUm9iZXMlMjAtJTIwVmVzdGVzJTIwJTI2JTIwYmxvdXNvbnMlMjAtJTIwQWNjZXNzb2lyZXMlMjBQYW50YWxvbnMlMjAtJTIwQ2hhdXNzdXJlcyUyMC0lMjBTYWNzJTIwUG9jaGV0dGVzJTIwJTI2JTIwU2FjcyUyMGRlJTIwc29pciVDMyVBOWUlM0MlMkZoMiUzRSUwQSUzQ2JyJTNFJTBBJTNDaDIlMjBzdHlsZSUzRCUyMm1hcmdpbi1sZWZ0JTNBJTIwMSUyNSUzQiUyMiUzRU5vcyUyMGNhdCVDMyVBOWdvcmllcyUyMCUzQSUzQyUyRmgyJTNFJTBB[\/vc_raw_html][\/vc_column][\/vc_row][vc_row][vc_column el_class=\u00a0\u00bbcategory-page\u00a0\u00bb]<div class=\"woocommerce columns-4\">\t<ul class=\"products\" >\n<li class=\"product-category product first\">\n\t<a aria-label=\"Acc\u00e9der \u00e0 la cat\u00e9gorie de produits Lingerie\" href=\"https:\/\/vog.com.tn\/?product_cat=lingerie\"><img loading=\"lazy\" decoding=\"async\" src=\"https:\/\/vog.com.tn\/wp-content\/uploads\/2021\/07\/body-noir-avec-dentelle-216x302.jpg\" alt=\"Lingerie\" width=\"216\" height=\"302\" \/>\t\t<h2 class=\"woocommerce-loop-category__title\">\n\t\t\tLingerie <mark class=\"count\">(34)<\/mark>\t\t<\/h2>\n\t\t<\/a><\/li>\n<li class=\"product-category product\">\n\t<a aria-label=\"Acc\u00e9der \u00e0 la cat\u00e9gorie de produits Robes\" href=\"https:\/\/vog.com.tn\/?product_cat=robes-femme\"><img loading=\"lazy\" decoding=\"async\" src=\"https:\/\/vog.com.tn\/wp-content\/uploads\/2025\/07\/Robes-vog.jpg\" alt=\"Robes\" width=\"216\" height=\"302\" srcset=\"https:\/\/vog.com.tn\/wp-content\/uploads\/2025\/07\/Robes-vog.jpg 216w, https:\/\/vog.com.tn\/wp-content\/uploads\/2025\/07\/Robes-vog-215x300.jpg 215w, https:\/\/vog.com.tn\/wp-content\/uploads\/2025\/07\/Robes-vog-89x124.jpg 89w\" sizes=\"auto, (max-width: 216px) 100vw, 216px\" \/>\t\t<h2 class=\"woocommerce-loop-category__title\">\n\t\t\tRobes <mark class=\"count\">(168)<\/mark>\t\t<\/h2>\n\t\t<\/a><\/li>\n<li class=\"product-category product\">\n\t<a aria-label=\"Acc\u00e9der \u00e0 la cat\u00e9gorie de produits Accessoires divers\" href=\"https:\/\/vog.com.tn\/?product_cat=accessoires-pour-femme\"><img loading=\"lazy\" decoding=\"async\" src=\"https:\/\/vog.com.tn\/wp-content\/uploads\/2025\/07\/accessoires-vog.jpg\" alt=\"Accessoires divers\" width=\"216\" height=\"302\" srcset=\"https:\/\/vog.com.tn\/wp-content\/uploads\/2025\/07\/accessoires-vog.jpg 216w, https:\/\/vog.com.tn\/wp-content\/uploads\/2025\/07\/accessoires-vog-215x300.jpg 215w, https:\/\/vog.com.tn\/wp-content\/uploads\/2025\/07\/accessoires-vog-89x124.jpg 89w\" sizes=\"auto, (max-width: 216px) 100vw, 216px\" \/>\t\t<h2 class=\"woocommerce-loop-category__title\">\n\t\t\tAccessoires divers <mark class=\"count\">(145)<\/mark>\t\t<\/h2>\n\t\t<\/a><\/li>\n<li class=\"product-category product last\">\n\t<a aria-label=\"Acc\u00e9der \u00e0 la cat\u00e9gorie de produits Pantalons\" href=\"https:\/\/vog.com.tn\/?product_cat=pantalons\"><img loading=\"lazy\" decoding=\"async\" src=\"https:\/\/vog.com.tn\/wp-content\/uploads\/2025\/07\/pontallon-vog.jpg\" alt=\"Pantalons\" width=\"216\" height=\"302\" srcset=\"https:\/\/vog.com.tn\/wp-content\/uploads\/2025\/07\/pontallon-vog.jpg 216w, https:\/\/vog.com.tn\/wp-content\/uploads\/2025\/07\/pontallon-vog-215x300.jpg 215w, https:\/\/vog.com.tn\/wp-content\/uploads\/2025\/07\/pontallon-vog-89x124.jpg 89w\" sizes=\"auto, (max-width: 216px) 100vw, 216px\" \/>\t\t<h2 class=\"woocommerce-loop-category__title\">\n\t\t\tPantalons <mark class=\"count\">(112)<\/mark>\t\t<\/h2>\n\t\t<\/a><\/li>\n<li class=\"product-category product first\">\n\t<a aria-label=\"Acc\u00e9der \u00e0 la cat\u00e9gorie de produits Chaussures\" href=\"https:\/\/vog.com.tn\/?product_cat=chaussures-femme\"><img loading=\"lazy\" decoding=\"async\" src=\"https:\/\/vog.com.tn\/wp-content\/uploads\/2025\/10\/sandalles-vog-215x300-1.jpg\" alt=\"Chaussures\" width=\"216\" height=\"302\" srcset=\"https:\/\/vog.com.tn\/wp-content\/uploads\/2025\/10\/sandalles-vog-215x300-1.jpg 215w, https:\/\/vog.com.tn\/wp-content\/uploads\/2025\/10\/sandalles-vog-215x300-1-89x124.jpg 89w\" sizes=\"auto, (max-width: 215px) 100vw, 215px\" \/>\t\t<h2 class=\"woocommerce-loop-category__title\">\n\t\t\tChaussures <mark class=\"count\">(211)<\/mark>\t\t<\/h2>\n\t\t<\/a><\/li>\n<li class=\"product-category product\">\n\t<a aria-label=\"Acc\u00e9der \u00e0 la cat\u00e9gorie de produits Sacs\" href=\"https:\/\/vog.com.tn\/?product_cat=vente-en-ligne-sacs-femme-tunisie%e2%94%82vog-pret-a-porter-tunisie\"><img loading=\"lazy\" decoding=\"async\" src=\"https:\/\/vog.com.tn\/wp-content\/uploads\/2025\/07\/sac-vog.jpg\" alt=\"Sacs\" width=\"216\" height=\"302\" srcset=\"https:\/\/vog.com.tn\/wp-content\/uploads\/2025\/07\/sac-vog.jpg 216w, https:\/\/vog.com.tn\/wp-content\/uploads\/2025\/07\/sac-vog-215x300.jpg 215w, https:\/\/vog.com.tn\/wp-content\/uploads\/2025\/07\/sac-vog-89x124.jpg 89w\" sizes=\"auto, (max-width: 216px) 100vw, 216px\" \/>\t\t<h2 class=\"woocommerce-loop-category__title\">\n\t\t\tSacs <mark class=\"count\">(118)<\/mark>\t\t<\/h2>\n\t\t<\/a><\/li>\n<li class=\"product-category product\">\n\t<a aria-label=\"Acc\u00e9der \u00e0 la cat\u00e9gorie de produits Pochettes &amp; Sac de soir\u00e9e\" href=\"https:\/\/vog.com.tn\/?product_cat=pochettes-sac-de-soiree\"><img loading=\"lazy\" decoding=\"async\" src=\"https:\/\/vog.com.tn\/wp-content\/uploads\/2025\/07\/sac-soiree-vog-2.jpg\" alt=\"Pochettes &amp; Sac de soir\u00e9e\" width=\"216\" height=\"302\" srcset=\"https:\/\/vog.com.tn\/wp-content\/uploads\/2025\/07\/sac-soiree-vog-2.jpg 216w, https:\/\/vog.com.tn\/wp-content\/uploads\/2025\/07\/sac-soiree-vog-2-215x300.jpg 215w, https:\/\/vog.com.tn\/wp-content\/uploads\/2025\/07\/sac-soiree-vog-2-89x124.jpg 89w\" sizes=\"auto, (max-width: 216px) 100vw, 216px\" \/>\t\t<h2 class=\"woocommerce-loop-category__title\">\n\t\t\tPochettes &amp; Sac de soir\u00e9e <mark class=\"count\">(24)<\/mark>\t\t<\/h2>\n\t\t<\/a><\/li>\n<li class=\"product-category product last\">\n\t<a aria-label=\"Acc\u00e9der \u00e0 la cat\u00e9gorie de produits Gilet\" href=\"https:\/\/vog.com.tn\/?product_cat=gilet\"><img loading=\"lazy\" decoding=\"async\" src=\"https:\/\/vog.com.tn\/wp-content\/uploads\/2025\/07\/gilet-vog.jpg\" alt=\"Gilet\" width=\"216\" height=\"302\" srcset=\"https:\/\/vog.com.tn\/wp-content\/uploads\/2025\/07\/gilet-vog.jpg 216w, https:\/\/vog.com.tn\/wp-content\/uploads\/2025\/07\/gilet-vog-215x300.jpg 215w, https:\/\/vog.com.tn\/wp-content\/uploads\/2025\/07\/gilet-vog-89x124.jpg 89w\" sizes=\"auto, (max-width: 216px) 100vw, 216px\" \/>\t\t<h2 class=\"woocommerce-loop-category__title\">\n\t\t\tGilet <mark class=\"count\">(49)<\/mark>\t\t<\/h2>\n\t\t<\/a><\/li>\n<\/ul>\n<\/div>[\/vc_column][\/vc_row]<\/p>\n","protected":false},"excerpt":{"rendered":"<p>[vc_row][vc_column el_class=\u00a0\u00bbcategory-page\u00a0\u00bb][vc_raw_html]JTNDaDElMjBzdHlsZSUzRCUyMnRleHQtYWxpZ24lM0ElMjBjZW50ZXIlM0IlMjIlM0VNb2RlJTIwRmVtbWUlMjBUdW5pc2llJTNDJTJGaDElM0UlMEElM0NoMiUyMHN0eWxlJTNEJTIydGV4dC1hbGlnbiUzQSUyMGNlbnRlciUzQmZvbnQtd2VpZ2h0JTNBJTIwNDAwJTNCJTBBJTIwJTIwJTIwJTIwbWFyZ2luLXRvcCUzQSUyMDIlMjUlM0Jmb250LXNpemUlM0ElMjAxNnB4JTNCJTIyJTNFTGluZ2VyaWUlMjAtJTIwUm9iZXMlMjAtJTIwVmVzdGVzJTIwJTI2JTIwYmxvdXNvbnMlMjAtJTIwQWNjZXNzb2lyZXMlMjBQYW50YWxvbnMlMjAtJTIwQ2hhdXNzdXJlcyUyMC0lMjBTYWNzJTIwUG9jaGV0dGVzJTIwJTI2JTIwU2FjcyUyMGRlJTIwc29pciVDMyVBOWUlM0MlMkZoMiUzRSUwQSUzQ2JyJTNFJTBBJTNDaDIlMjBzdHlsZSUzRCUyMm1hcmdpbi1sZWZ0JTNBJTIwMSUyNSUzQiUyMiUzRU5vcyUyMGNhdCVDMyVBOWdvcmllcyUyMCUzQSUzQyUyRmgyJTNFJTBB[\/vc_raw_html][\/vc_column][\/vc_row][vc_row][vc_column el_class=\u00a0\u00bbcategory-page\u00a0\u00bb][\/vc_column][\/vc_row]<\/p>\n","protected":false},"author":1,"featured_media":0,"parent":0,"menu_order":0,"comment_status":"closed","ping_status":"closed","template":"","meta":{"footnotes":""},"class_list":["post-8966","page","type-page","status-publish","hentry"],"yoast_head":"<!-- This site is optimized with the Yoast SEO plugin v27.5 - https:\/\/yoast.com\/product\/yoast-seo-wordpress\/ -->\n<title>Vente en ligne v\u00eatements femme Tunisie\u2502VOG pr\u00eat \u00e0 porter Tunisie<\/title>\n<meta name=\"description\" content=\"VOG est une cha\u00eene de boutiques de pr\u00eat \u00e0 porter \u00e0 Bizerte, Tunisie, sp\u00e9cialis\u00e9e dans la vente en ligne de v\u00eatements, chaussures et sacs\u2026 pour femme et homme.\" \/>\n<meta name=\"robots\" content=\"index, follow, max-snippet:-1, max-image-preview:large, max-video-preview:-1\" \/>\n<link rel=\"canonical\" href=\"https:\/\/vog.com.tn\/?page_id=8966\" \/>\n<meta property=\"og:locale\" content=\"fr_FR\" \/>\n<meta property=\"og:type\" content=\"article\" \/>\n<meta property=\"og:title\" content=\"Vente en ligne v\u00eatements femme Tunisie\u2502VOG pr\u00eat \u00e0 porter Tunisie\" \/>\n<meta property=\"og:description\" content=\"VOG est une cha\u00eene de boutiques de pr\u00eat \u00e0 porter \u00e0 Bizerte, Tunisie, sp\u00e9cialis\u00e9e dans la vente en ligne de v\u00eatements, chaussures et sacs\u2026 pour femme et homme.\" \/>\n<meta property=\"og:url\" content=\"https:\/\/vog.com.tn\/?page_id=8966\" \/>\n<meta property=\"og:site_name\" content=\"Vog Tunisie\" \/>\n<meta name=\"twitter:card\" content=\"summary_large_image\" \/>\n<meta name=\"twitter:label1\" content=\"Dur\u00e9e de lecture estim\u00e9e\" \/>\n\t<meta name=\"twitter:data1\" content=\"1 minute\" \/>\n<script type=\"application\/ld+json\" class=\"yoast-schema-graph\">{\"@context\":\"https:\\\/\\\/schema.org\",\"@graph\":[{\"@type\":\"WebPage\",\"@id\":\"https:\\\/\\\/vog.com.tn\\\/?page_id=8966\",\"url\":\"https:\\\/\\\/vog.com.tn\\\/?page_id=8966\",\"name\":\"Vente en ligne v\u00eatements femme Tunisie\u2502VOG pr\u00eat \u00e0 porter Tunisie\",\"isPartOf\":{\"@id\":\"https:\\\/\\\/vog.com.tn\\\/#website\"},\"datePublished\":\"2025-08-13T09:32:07+00:00\",\"description\":\"VOG est une cha\u00eene de boutiques de pr\u00eat \u00e0 porter \u00e0 Bizerte, Tunisie, sp\u00e9cialis\u00e9e dans la vente en ligne de v\u00eatements, chaussures et sacs\u2026 pour femme et homme.\",\"breadcrumb\":{\"@id\":\"https:\\\/\\\/vog.com.tn\\\/?page_id=8966#breadcrumb\"},\"inLanguage\":\"fr-FR\",\"potentialAction\":[{\"@type\":\"ReadAction\",\"target\":[\"https:\\\/\\\/vog.com.tn\\\/?page_id=8966\"]}]},{\"@type\":\"BreadcrumbList\",\"@id\":\"https:\\\/\\\/vog.com.tn\\\/?page_id=8966#breadcrumb\",\"itemListElement\":[{\"@type\":\"ListItem\",\"position\":1,\"name\":\"Home\",\"item\":\"https:\\\/\\\/vog.com.tn\\\/\"},{\"@type\":\"ListItem\",\"position\":2,\"name\":\"Mode Femme\"}]},{\"@type\":\"WebSite\",\"@id\":\"https:\\\/\\\/vog.com.tn\\\/#website\",\"url\":\"https:\\\/\\\/vog.com.tn\\\/\",\"name\":\"Vog Tunisie\",\"description\":\"Pr\u00eat-\u00e0-porter\",\"potentialAction\":[{\"@type\":\"SearchAction\",\"target\":{\"@type\":\"EntryPoint\",\"urlTemplate\":\"https:\\\/\\\/vog.com.tn\\\/?s={search_term_string}\"},\"query-input\":{\"@type\":\"PropertyValueSpecification\",\"valueRequired\":true,\"valueName\":\"search_term_string\"}}],\"inLanguage\":\"fr-FR\"}]}<\/script>\n<!-- \/ Yoast SEO plugin. -->","yoast_head_json":{"title":"Vente en ligne v\u00eatements femme Tunisie\u2502VOG pr\u00eat \u00e0 porter Tunisie","description":"VOG est une cha\u00eene de boutiques de pr\u00eat \u00e0 porter \u00e0 Bizerte, Tunisie, sp\u00e9cialis\u00e9e dans la vente en ligne de v\u00eatements, chaussures et sacs\u2026 pour femme et homme.","robots":{"index":"index","follow":"follow","max-snippet":"max-snippet:-1","max-image-preview":"max-image-preview:large","max-video-preview":"max-video-preview:-1"},"canonical":"https:\/\/vog.com.tn\/?page_id=8966","og_locale":"fr_FR","og_type":"article","og_title":"Vente en ligne v\u00eatements femme Tunisie\u2502VOG pr\u00eat \u00e0 porter Tunisie","og_description":"VOG est une cha\u00eene de boutiques de pr\u00eat \u00e0 porter \u00e0 Bizerte, Tunisie, sp\u00e9cialis\u00e9e dans la vente en ligne de v\u00eatements, chaussures et sacs\u2026 pour femme et homme.","og_url":"https:\/\/vog.com.tn\/?page_id=8966","og_site_name":"Vog Tunisie","twitter_card":"summary_large_image","twitter_misc":{"Dur\u00e9e de lecture estim\u00e9e":"1 minute"},"schema":{"@context":"https:\/\/schema.org","@graph":[{"@type":"WebPage","@id":"https:\/\/vog.com.tn\/?page_id=8966","url":"https:\/\/vog.com.tn\/?page_id=8966","name":"Vente en ligne v\u00eatements femme Tunisie\u2502VOG pr\u00eat \u00e0 porter Tunisie","isPartOf":{"@id":"https:\/\/vog.com.tn\/#website"},"datePublished":"2025-08-13T09:32:07+00:00","description":"VOG est une cha\u00eene de boutiques de pr\u00eat \u00e0 porter \u00e0 Bizerte, Tunisie, sp\u00e9cialis\u00e9e dans la vente en ligne de v\u00eatements, chaussures et sacs\u2026 pour femme et homme.","breadcrumb":{"@id":"https:\/\/vog.com.tn\/?page_id=8966#breadcrumb"},"inLanguage":"fr-FR","potentialAction":[{"@type":"ReadAction","target":["https:\/\/vog.com.tn\/?page_id=8966"]}]},{"@type":"BreadcrumbList","@id":"https:\/\/vog.com.tn\/?page_id=8966#breadcrumb","itemListElement":[{"@type":"ListItem","position":1,"name":"Home","item":"https:\/\/vog.com.tn\/"},{"@type":"ListItem","position":2,"name":"Mode Femme"}]},{"@type":"WebSite","@id":"https:\/\/vog.com.tn\/#website","url":"https:\/\/vog.com.tn\/","name":"Vog Tunisie","description":"Pr\u00eat-\u00e0-porter","potentialAction":[{"@type":"SearchAction","target":{"@type":"EntryPoint","urlTemplate":"https:\/\/vog.com.tn\/?s={search_term_string}"},"query-input":{"@type":"PropertyValueSpecification","valueRequired":true,"valueName":"search_term_string"}}],"inLanguage":"fr-FR"}]}},"_links":{"self":[{"href":"https:\/\/vog.com.tn\/index.php?rest_route=\/wp\/v2\/pages\/8966","targetHints":{"allow":["GET"]}}],"collection":[{"href":"https:\/\/vog.com.tn\/index.php?rest_route=\/wp\/v2\/pages"}],"about":[{"href":"https:\/\/vog.com.tn\/index.php?rest_route=\/wp\/v2\/types\/page"}],"author":[{"embeddable":true,"href":"https:\/\/vog.com.tn\/index.php?rest_route=\/wp\/v2\/users\/1"}],"replies":[{"embeddable":true,"href":"https:\/\/vog.com.tn\/index.php?rest_route=%2Fwp%2Fv2%2Fcomments&post=8966"}],"version-history":[{"count":10,"href":"https:\/\/vog.com.tn\/index.php?rest_route=\/wp\/v2\/pages\/8966\/revisions"}],"predecessor-version":[{"id":102133,"href":"https:\/\/vog.com.tn\/index.php?rest_route=\/wp\/v2\/pages\/8966\/revisions\/102133"}],"wp:attachment":[{"href":"https:\/\/vog.com.tn\/index.php?rest_route=%2Fwp%2Fv2%2Fmedia&parent=8966"}],"curies":[{"name":"wp","href":"https:\/\/api.w.org\/{rel}","templated":true}]}}