{"id":8973,"date":"2025-08-13T11:32:07","date_gmt":"2025-08-13T09:32:07","guid":{"rendered":"http:\/\/164.132.44.157\/vog\/?page_id=8973"},"modified":"2025-08-13T11:32:07","modified_gmt":"2025-08-13T09:32:07","slug":"mode-homme","status":"publish","type":"page","link":"https:\/\/vog.com.tn\/?page_id=8973","title":{"rendered":"Mode Homme"},"content":{"rendered":"<p>[vc_row][vc_column el_class=\u00a0\u00bbcategory-page\u00a0\u00bb][vc_raw_html]JTNDaDElMjBzdHlsZSUzRCUyMnRleHQtYWxpZ24lM0ElMjBjZW50ZXIlM0IlMjIlM0VNb2RlJTIwSG9tbWUlMjBUdW5pc2llJTNDJTJGaDElM0UlMEElM0NwJTIwc3R5bGUlM0QlMjJ0ZXh0LWFsaWduJTNBJTIwY2VudGVyJTNCZm9udC13ZWlnaHQlM0ElMjA0MDAlM0IlMEElMjAlMjAlMjAlMjBtYXJnaW4tdG9wJTNBJTIwMiUyNSUzQmZvbnQtc2l6ZSUzQSUyMDE2cHglM0IlMjIlM0VWJUMzJUFBdGVtZW50cyUyMCUyNiUyMENoYXVzc3VyZXMlMjBUdW5pc2llJTNDJTJGcCUzRSUwQSUzQ2JyJTNFJTBBJTNDaDIlMjBzdHlsZSUzRCUyMm1hcmdpbi1sZWZ0JTNBJTIwMSUyNSUzQiUyMiUzRU5vcyUyMGNhdCVDMyVBOWdvcmllcyUyMCUzQSUzQyUyRmgyJTNFJTBB[\/vc_raw_html][\/vc_column][\/vc_row][vc_row][vc_column el_class=\u00a0\u00bbcategory-page\u00a0\u00bb]<div class=\"woocommerce columns-4\"><\/div>[\/vc_column][\/vc_row]<\/p>\n","protected":false},"excerpt":{"rendered":"<p>[vc_row][vc_column el_class=\u00a0\u00bbcategory-page\u00a0\u00bb][vc_raw_html]JTNDaDElMjBzdHlsZSUzRCUyMnRleHQtYWxpZ24lM0ElMjBjZW50ZXIlM0IlMjIlM0VNb2RlJTIwSG9tbWUlMjBUdW5pc2llJTNDJTJGaDElM0UlMEElM0NwJTIwc3R5bGUlM0QlMjJ0ZXh0LWFsaWduJTNBJTIwY2VudGVyJTNCZm9udC13ZWlnaHQlM0ElMjA0MDAlM0IlMEElMjAlMjAlMjAlMjBtYXJnaW4tdG9wJTNBJTIwMiUyNSUzQmZvbnQtc2l6ZSUzQSUyMDE2cHglM0IlMjIlM0VWJUMzJUFBdGVtZW50cyUyMCUyNiUyMENoYXVzc3VyZXMlMjBUdW5pc2llJTNDJTJGcCUzRSUwQSUzQ2JyJTNFJTBBJTNDaDIlMjBzdHlsZSUzRCUyMm1hcmdpbi1sZWZ0JTNBJTIwMSUyNSUzQiUyMiUzRU5vcyUyMGNhdCVDMyVBOWdvcmllcyUyMCUzQSUzQyUyRmgyJTNFJTBB[\/vc_raw_html][\/vc_column][\/vc_row][vc_row][vc_column el_class=\u00a0\u00bbcategory-page\u00a0\u00bb][\/vc_column][\/vc_row]<\/p>\n","protected":false},"author":1,"featured_media":0,"parent":0,"menu_order":0,"comment_status":"closed","ping_status":"closed","template":"","meta":{"footnotes":""},"class_list":["post-8973","page","type-page","status-publish","hentry"],"yoast_head":"<!-- This site is optimized with the Yoast SEO plugin v27.5 - https:\/\/yoast.com\/product\/yoast-seo-wordpress\/ -->\n<title>Vente en ligne v\u00eatements homme Tunisie\u2502VOG pr\u00eat \u00e0 porter Tunisie<\/title>\n<meta name=\"description\" content=\"VOG est une cha\u00eene de boutiques de pr\u00eat \u00e0 porter \u00e0 Bizerte, Tunisie, sp\u00e9cialis\u00e9e dans la vente en ligne de v\u00eatements, chaussures et sacs\u2026 pour femme et homme.\" \/>\n<meta name=\"robots\" content=\"index, follow, max-snippet:-1, max-image-preview:large, max-video-preview:-1\" \/>\n<link rel=\"canonical\" href=\"https:\/\/vog.com.tn\/?page_id=8973\" \/>\n<meta property=\"og:locale\" content=\"fr_FR\" \/>\n<meta property=\"og:type\" content=\"article\" \/>\n<meta property=\"og:title\" content=\"Vente en ligne v\u00eatements homme Tunisie\u2502VOG pr\u00eat \u00e0 porter Tunisie\" \/>\n<meta property=\"og:description\" content=\"VOG est une cha\u00eene de boutiques de pr\u00eat \u00e0 porter \u00e0 Bizerte, Tunisie, sp\u00e9cialis\u00e9e dans la vente en ligne de v\u00eatements, chaussures et sacs\u2026 pour femme et homme.\" \/>\n<meta property=\"og:url\" content=\"https:\/\/vog.com.tn\/?page_id=8973\" \/>\n<meta property=\"og:site_name\" content=\"Vog Tunisie\" \/>\n<meta name=\"twitter:card\" content=\"summary_large_image\" \/>\n<meta name=\"twitter:label1\" content=\"Dur\u00e9e de lecture estim\u00e9e\" \/>\n\t<meta name=\"twitter:data1\" content=\"1 minute\" \/>\n<script type=\"application\/ld+json\" class=\"yoast-schema-graph\">{\"@context\":\"https:\\\/\\\/schema.org\",\"@graph\":[{\"@type\":\"WebPage\",\"@id\":\"https:\\\/\\\/vog.com.tn\\\/?page_id=8973\",\"url\":\"https:\\\/\\\/vog.com.tn\\\/?page_id=8973\",\"name\":\"Vente en ligne v\u00eatements homme Tunisie\u2502VOG pr\u00eat \u00e0 porter Tunisie\",\"isPartOf\":{\"@id\":\"https:\\\/\\\/vog.com.tn\\\/#website\"},\"datePublished\":\"2025-08-13T09:32:07+00:00\",\"description\":\"VOG est une cha\u00eene de boutiques de pr\u00eat \u00e0 porter \u00e0 Bizerte, Tunisie, sp\u00e9cialis\u00e9e dans la vente en ligne de v\u00eatements, chaussures et sacs\u2026 pour femme et homme.\",\"breadcrumb\":{\"@id\":\"https:\\\/\\\/vog.com.tn\\\/?page_id=8973#breadcrumb\"},\"inLanguage\":\"fr-FR\",\"potentialAction\":[{\"@type\":\"ReadAction\",\"target\":[\"https:\\\/\\\/vog.com.tn\\\/?page_id=8973\"]}]},{\"@type\":\"BreadcrumbList\",\"@id\":\"https:\\\/\\\/vog.com.tn\\\/?page_id=8973#breadcrumb\",\"itemListElement\":[{\"@type\":\"ListItem\",\"position\":1,\"name\":\"Home\",\"item\":\"https:\\\/\\\/vog.com.tn\\\/\"},{\"@type\":\"ListItem\",\"position\":2,\"name\":\"Mode Homme\"}]},{\"@type\":\"WebSite\",\"@id\":\"https:\\\/\\\/vog.com.tn\\\/#website\",\"url\":\"https:\\\/\\\/vog.com.tn\\\/\",\"name\":\"Vog Tunisie\",\"description\":\"Pr\u00eat-\u00e0-porter\",\"potentialAction\":[{\"@type\":\"SearchAction\",\"target\":{\"@type\":\"EntryPoint\",\"urlTemplate\":\"https:\\\/\\\/vog.com.tn\\\/?s={search_term_string}\"},\"query-input\":{\"@type\":\"PropertyValueSpecification\",\"valueRequired\":true,\"valueName\":\"search_term_string\"}}],\"inLanguage\":\"fr-FR\"}]}<\/script>\n<!-- \/ Yoast SEO plugin. -->","yoast_head_json":{"title":"Vente en ligne v\u00eatements homme Tunisie\u2502VOG pr\u00eat \u00e0 porter Tunisie","description":"VOG est une cha\u00eene de boutiques de pr\u00eat \u00e0 porter \u00e0 Bizerte, Tunisie, sp\u00e9cialis\u00e9e dans la vente en ligne de v\u00eatements, chaussures et sacs\u2026 pour femme et homme.","robots":{"index":"index","follow":"follow","max-snippet":"max-snippet:-1","max-image-preview":"max-image-preview:large","max-video-preview":"max-video-preview:-1"},"canonical":"https:\/\/vog.com.tn\/?page_id=8973","og_locale":"fr_FR","og_type":"article","og_title":"Vente en ligne v\u00eatements homme Tunisie\u2502VOG pr\u00eat \u00e0 porter Tunisie","og_description":"VOG est une cha\u00eene de boutiques de pr\u00eat \u00e0 porter \u00e0 Bizerte, Tunisie, sp\u00e9cialis\u00e9e dans la vente en ligne de v\u00eatements, chaussures et sacs\u2026 pour femme et homme.","og_url":"https:\/\/vog.com.tn\/?page_id=8973","og_site_name":"Vog Tunisie","twitter_card":"summary_large_image","twitter_misc":{"Dur\u00e9e de lecture estim\u00e9e":"1 minute"},"schema":{"@context":"https:\/\/schema.org","@graph":[{"@type":"WebPage","@id":"https:\/\/vog.com.tn\/?page_id=8973","url":"https:\/\/vog.com.tn\/?page_id=8973","name":"Vente en ligne v\u00eatements homme Tunisie\u2502VOG pr\u00eat \u00e0 porter Tunisie","isPartOf":{"@id":"https:\/\/vog.com.tn\/#website"},"datePublished":"2025-08-13T09:32:07+00:00","description":"VOG est une cha\u00eene de boutiques de pr\u00eat \u00e0 porter \u00e0 Bizerte, Tunisie, sp\u00e9cialis\u00e9e dans la vente en ligne de v\u00eatements, chaussures et sacs\u2026 pour femme et homme.","breadcrumb":{"@id":"https:\/\/vog.com.tn\/?page_id=8973#breadcrumb"},"inLanguage":"fr-FR","potentialAction":[{"@type":"ReadAction","target":["https:\/\/vog.com.tn\/?page_id=8973"]}]},{"@type":"BreadcrumbList","@id":"https:\/\/vog.com.tn\/?page_id=8973#breadcrumb","itemListElement":[{"@type":"ListItem","position":1,"name":"Home","item":"https:\/\/vog.com.tn\/"},{"@type":"ListItem","position":2,"name":"Mode Homme"}]},{"@type":"WebSite","@id":"https:\/\/vog.com.tn\/#website","url":"https:\/\/vog.com.tn\/","name":"Vog Tunisie","description":"Pr\u00eat-\u00e0-porter","potentialAction":[{"@type":"SearchAction","target":{"@type":"EntryPoint","urlTemplate":"https:\/\/vog.com.tn\/?s={search_term_string}"},"query-input":{"@type":"PropertyValueSpecification","valueRequired":true,"valueName":"search_term_string"}}],"inLanguage":"fr-FR"}]}},"_links":{"self":[{"href":"https:\/\/vog.com.tn\/index.php?rest_route=\/wp\/v2\/pages\/8973","targetHints":{"allow":["GET"]}}],"collection":[{"href":"https:\/\/vog.com.tn\/index.php?rest_route=\/wp\/v2\/pages"}],"about":[{"href":"https:\/\/vog.com.tn\/index.php?rest_route=\/wp\/v2\/types\/page"}],"author":[{"embeddable":true,"href":"https:\/\/vog.com.tn\/index.php?rest_route=\/wp\/v2\/users\/1"}],"replies":[{"embeddable":true,"href":"https:\/\/vog.com.tn\/index.php?rest_route=%2Fwp%2Fv2%2Fcomments&post=8973"}],"version-history":[{"count":6,"href":"https:\/\/vog.com.tn\/index.php?rest_route=\/wp\/v2\/pages\/8973\/revisions"}],"predecessor-version":[{"id":62538,"href":"https:\/\/vog.com.tn\/index.php?rest_route=\/wp\/v2\/pages\/8973\/revisions\/62538"}],"wp:attachment":[{"href":"https:\/\/vog.com.tn\/index.php?rest_route=%2Fwp%2Fv2%2Fmedia&parent=8973"}],"curies":[{"name":"wp","href":"https:\/\/api.w.org\/{rel}","templated":true}]}}