{"id":100338,"date":"2025-07-11T12:47:45","date_gmt":"2025-07-11T10:47:45","guid":{"rendered":"https:\/\/vog.com.tn\/?post_type=product&#038;p=100338"},"modified":"2026-04-15T12:11:40","modified_gmt":"2026-04-15T10:11:40","slug":"mules-plates-305009-vog","status":"publish","type":"product","link":"https:\/\/vog.com.tn\/?product=mules-plates-305009-vog","title":{"rendered":"Mules Plates femme \u2013 305009 \u2013 VOG"},"content":{"rendered":"<p>Mule plate en simili cuir camel ou noir, orn\u00e9e de m\u00e9daillons dor\u00e9s tendance. Semelle int\u00e9rieure rembourr\u00e9e, doublure douce et talon plat ultra confortable. Parfaite pour un look chic et d\u00e9contract\u00e9 !<\/p>\n","protected":false},"excerpt":{"rendered":"<p>Vente en lignes mules plates pour femmes.<\/p>\n<ul>\n<li data-start=\"403\" data-end=\"556\">L\u00e9g\u00e8rement <strong data-start=\"825\" data-end=\"839\">rembourr\u00e9e<\/strong> pour plus de confort lors de la marche.<\/li>\n<li data-start=\"403\" data-end=\"556\"><strong data-start=\"886\" data-end=\"915\">Rev\u00eatement en simili cuir<\/strong> assorti \u00e0 la couleur ext\u00e9rieure.<\/li>\n<li data-start=\"403\" data-end=\"556\">Finition soign\u00e9e avec <strong data-start=\"977\" data-end=\"1014\">coutures contrastantes apparentes<\/strong> sur le pourtour.<\/li>\n<li data-start=\"403\" data-end=\"556\"><strong data-start=\"1055\" data-end=\"1069\">Talon plat<\/strong> d\u2019environ <strong data-start=\"1080\" data-end=\"1094\">1 \u00e0 1,5 cm.<\/strong><\/li>\n<li data-start=\"403\" data-end=\"556\">Semelle ext\u00e9rieure en mati\u00e8re <strong data-start=\"1194\" data-end=\"1211\">antid\u00e9rapante<\/strong>, garantissant une bonne stabilit\u00e9 sur diff\u00e9rents types de sol.<\/li>\n<li><strong data-start=\"278\" data-end=\"302\">Mati\u00e8re ext\u00e9rieure :<\/strong> Simili cuir de qualit\u00e9, finition lisse, souple et r\u00e9sistante.<\/li>\n<li><strong data-start=\"405\" data-end=\"420\">Ornements :<\/strong> La bride est agr\u00e9ment\u00e9e de plusieurs m\u00e9daillons m\u00e9talliques dor\u00e9s \u00e0 relief.<\/li>\n<li><strong data-start=\"582\" data-end=\"605\">Doublure int\u00e9rieure<\/strong> douce et lisse, \u00e9galement en simili cuir<\/li>\n<li><strong data-start=\"697\" data-end=\"723\">Sans couture apparente<\/strong> \u00e0 l&rsquo;int\u00e9rieur pour \u00e9viter les frottements d\u00e9sagr\u00e9ables.<\/li>\n<li><strong>Livraison \u00e0 domicile :<\/strong> 8 TND.<\/li>\n<li><strong>D\u00e9lai de livraison :<\/strong> 2 \u00e0 3 jours.<\/li>\n<li><strong>\u00c9change possible :<\/strong> Vous payez le frais de livraison pour le second colis (<strong>D\u00e9lai d&rsquo;\u00e9change 1jour)<\/strong><\/li>\n<li><strong>D\u00e9lai d\u2019\u00e9change :<\/strong> Maximum 1 jour.<\/li>\n<\/ul>\n","protected":false},"featured_media":103996,"template":"","meta":[],"product_brand":[],"product_cat":[96,137,130,360],"product_tag":[],"class_list":{"0":"post-100338","1":"product","2":"type-product","3":"status-publish","4":"has-post-thumbnail","6":"product_cat-chaussures-femme","7":"product_cat-mode-femme","8":"product_cat-mules-femme","9":"product_cat-nouvelle-collection","10":"pa_couleurs-camel","11":"pa_couleurs-noir","12":"pa_pointure-105","13":"pa_pointure-106","14":"pa_pointure-107","15":"pa_pointure-108","16":"pa_pointure-109","17":"pa_pointure-110","20":"first","21":"instock","22":"sale","23":"taxable","24":"shipping-taxable","25":"purchasable","26":"product-type-variable"},"yoast_head":"<!-- This site is optimized with the Yoast SEO plugin v27.5 - https:\/\/yoast.com\/product\/yoast-seo-wordpress\/ -->\n<title>Mules Plates femme \u2013 305009 \u2013 VOG - Vog Tunisie<\/title>\n<meta name=\"robots\" content=\"index, follow, max-snippet:-1, max-image-preview:large, max-video-preview:-1\" \/>\n<link rel=\"canonical\" href=\"https:\/\/vog.com.tn\/?product=mules-plates-305009-vog\" \/>\n<meta property=\"og:locale\" content=\"fr_FR\" \/>\n<meta property=\"og:type\" content=\"article\" \/>\n<meta property=\"og:title\" content=\"Mules Plates femme \u2013 305009 \u2013 VOG - Vog Tunisie\" \/>\n<meta property=\"og:description\" content=\"Vente en lignes mules plates pour femmes.   L\u00e9g\u00e8rement rembourr\u00e9e pour plus de confort lors de la marche.  Rev\u00eatement en simili cuir assorti \u00e0 la couleur ext\u00e9rieure.  Finition soign\u00e9e avec coutures contrastantes apparentes sur le pourtour.  Talon plat d\u2019environ 1 \u00e0 1,5 cm.  Semelle ext\u00e9rieure en mati\u00e8re antid\u00e9rapante, garantissant une bonne stabilit\u00e9 sur diff\u00e9rents types de sol.  Mati\u00e8re ext\u00e9rieure : Simili cuir de qualit\u00e9, finition lisse, souple et r\u00e9sistante.  Ornements : La bride est agr\u00e9ment\u00e9e de plusieurs m\u00e9daillons m\u00e9talliques dor\u00e9s \u00e0 relief.  Doublure int\u00e9rieure douce et lisse, \u00e9galement en simili cuir  Sans couture apparente \u00e0 l&#039;int\u00e9rieur pour \u00e9viter les frottements d\u00e9sagr\u00e9ables.  Livraison \u00e0 domicile : 8 TND.  D\u00e9lai de livraison : 2 \u00e0 3 jours.  \u00c9change possible : Vous payez le frais de livraison pour le second colis (D\u00e9lai d&#039;\u00e9change 1jour)  D\u00e9lai d\u2019\u00e9change : Maximum 1 jour.\" \/>\n<meta property=\"og:url\" content=\"https:\/\/vog.com.tn\/?product=mules-plates-305009-vog\" \/>\n<meta property=\"og:site_name\" content=\"Vog Tunisie\" \/>\n<meta property=\"article:modified_time\" content=\"2026-04-15T10:11:40+00:00\" \/>\n<meta property=\"og:image\" content=\"https:\/\/vog.com.tn\/wp-content\/uploads\/2025\/07\/305009-1-572x858-1.jpg\" \/>\n\t<meta property=\"og:image:width\" content=\"572\" \/>\n\t<meta property=\"og:image:height\" content=\"858\" \/>\n\t<meta property=\"og:image:type\" content=\"image\/jpeg\" \/>\n<meta name=\"twitter:card\" content=\"summary_large_image\" \/>\n<meta name=\"twitter:label1\" content=\"Dur\u00e9e de lecture estim\u00e9e\" \/>\n\t<meta name=\"twitter:data1\" content=\"1 minute\" \/>\n<script type=\"application\/ld+json\" class=\"yoast-schema-graph\">{\"@context\":\"https:\\\/\\\/schema.org\",\"@graph\":[{\"@type\":\"WebPage\",\"@id\":\"https:\\\/\\\/vog.com.tn\\\/?product=mules-plates-305009-vog\",\"url\":\"https:\\\/\\\/vog.com.tn\\\/?product=mules-plates-305009-vog\",\"name\":\"Mules Plates femme \u2013 305009 \u2013 VOG - Vog Tunisie\",\"isPartOf\":{\"@id\":\"https:\\\/\\\/vog.com.tn\\\/#website\"},\"primaryImageOfPage\":{\"@id\":\"https:\\\/\\\/vog.com.tn\\\/?product=mules-plates-305009-vog#primaryimage\"},\"image\":{\"@id\":\"https:\\\/\\\/vog.com.tn\\\/?product=mules-plates-305009-vog#primaryimage\"},\"thumbnailUrl\":\"https:\\\/\\\/vog.com.tn\\\/wp-content\\\/uploads\\\/2025\\\/07\\\/305009-1-572x858-1.jpg\",\"datePublished\":\"2025-07-11T10:47:45+00:00\",\"dateModified\":\"2026-04-15T10:11:40+00:00\",\"breadcrumb\":{\"@id\":\"https:\\\/\\\/vog.com.tn\\\/?product=mules-plates-305009-vog#breadcrumb\"},\"inLanguage\":\"fr-FR\",\"potentialAction\":[{\"@type\":\"ReadAction\",\"target\":[\"https:\\\/\\\/vog.com.tn\\\/?product=mules-plates-305009-vog\"]}]},{\"@type\":\"ImageObject\",\"inLanguage\":\"fr-FR\",\"@id\":\"https:\\\/\\\/vog.com.tn\\\/?product=mules-plates-305009-vog#primaryimage\",\"url\":\"https:\\\/\\\/vog.com.tn\\\/wp-content\\\/uploads\\\/2025\\\/07\\\/305009-1-572x858-1.jpg\",\"contentUrl\":\"https:\\\/\\\/vog.com.tn\\\/wp-content\\\/uploads\\\/2025\\\/07\\\/305009-1-572x858-1.jpg\",\"width\":572,\"height\":858},{\"@type\":\"BreadcrumbList\",\"@id\":\"https:\\\/\\\/vog.com.tn\\\/?product=mules-plates-305009-vog#breadcrumb\",\"itemListElement\":[{\"@type\":\"ListItem\",\"position\":1,\"name\":\"Home\",\"item\":\"https:\\\/\\\/vog.com.tn\\\/\"},{\"@type\":\"ListItem\",\"position\":2,\"name\":\"Produits\",\"item\":\"https:\\\/\\\/vog.com.tn\\\/?page_id=8\"},{\"@type\":\"ListItem\",\"position\":3,\"name\":\"Mules Plates femme \u2013 305009 \u2013 VOG\"}]},{\"@type\":\"WebSite\",\"@id\":\"https:\\\/\\\/vog.com.tn\\\/#website\",\"url\":\"https:\\\/\\\/vog.com.tn\\\/\",\"name\":\"Vog Tunisie\",\"description\":\"Pr\u00eat-\u00e0-porter\",\"potentialAction\":[{\"@type\":\"SearchAction\",\"target\":{\"@type\":\"EntryPoint\",\"urlTemplate\":\"https:\\\/\\\/vog.com.tn\\\/?s={search_term_string}\"},\"query-input\":{\"@type\":\"PropertyValueSpecification\",\"valueRequired\":true,\"valueName\":\"search_term_string\"}}],\"inLanguage\":\"fr-FR\"}]}<\/script>\n<!-- \/ Yoast SEO plugin. -->","yoast_head_json":{"title":"Mules Plates femme \u2013 305009 \u2013 VOG - Vog Tunisie","robots":{"index":"index","follow":"follow","max-snippet":"max-snippet:-1","max-image-preview":"max-image-preview:large","max-video-preview":"max-video-preview:-1"},"canonical":"https:\/\/vog.com.tn\/?product=mules-plates-305009-vog","og_locale":"fr_FR","og_type":"article","og_title":"Mules Plates femme \u2013 305009 \u2013 VOG - Vog Tunisie","og_description":"Vente en lignes mules plates pour femmes.   L\u00e9g\u00e8rement rembourr\u00e9e pour plus de confort lors de la marche.  Rev\u00eatement en simili cuir assorti \u00e0 la couleur ext\u00e9rieure.  Finition soign\u00e9e avec coutures contrastantes apparentes sur le pourtour.  Talon plat d\u2019environ 1 \u00e0 1,5 cm.  Semelle ext\u00e9rieure en mati\u00e8re antid\u00e9rapante, garantissant une bonne stabilit\u00e9 sur diff\u00e9rents types de sol.  Mati\u00e8re ext\u00e9rieure : Simili cuir de qualit\u00e9, finition lisse, souple et r\u00e9sistante.  Ornements : La bride est agr\u00e9ment\u00e9e de plusieurs m\u00e9daillons m\u00e9talliques dor\u00e9s \u00e0 relief.  Doublure int\u00e9rieure douce et lisse, \u00e9galement en simili cuir  Sans couture apparente \u00e0 l'int\u00e9rieur pour \u00e9viter les frottements d\u00e9sagr\u00e9ables.  Livraison \u00e0 domicile : 8 TND.  D\u00e9lai de livraison : 2 \u00e0 3 jours.  \u00c9change possible : Vous payez le frais de livraison pour le second colis (D\u00e9lai d'\u00e9change 1jour)  D\u00e9lai d\u2019\u00e9change : Maximum 1 jour.","og_url":"https:\/\/vog.com.tn\/?product=mules-plates-305009-vog","og_site_name":"Vog Tunisie","article_modified_time":"2026-04-15T10:11:40+00:00","og_image":[{"width":572,"height":858,"url":"https:\/\/vog.com.tn\/wp-content\/uploads\/2025\/07\/305009-1-572x858-1.jpg","type":"image\/jpeg"}],"twitter_card":"summary_large_image","twitter_misc":{"Dur\u00e9e de lecture estim\u00e9e":"1 minute"},"schema":{"@context":"https:\/\/schema.org","@graph":[{"@type":"WebPage","@id":"https:\/\/vog.com.tn\/?product=mules-plates-305009-vog","url":"https:\/\/vog.com.tn\/?product=mules-plates-305009-vog","name":"Mules Plates femme \u2013 305009 \u2013 VOG - Vog Tunisie","isPartOf":{"@id":"https:\/\/vog.com.tn\/#website"},"primaryImageOfPage":{"@id":"https:\/\/vog.com.tn\/?product=mules-plates-305009-vog#primaryimage"},"image":{"@id":"https:\/\/vog.com.tn\/?product=mules-plates-305009-vog#primaryimage"},"thumbnailUrl":"https:\/\/vog.com.tn\/wp-content\/uploads\/2025\/07\/305009-1-572x858-1.jpg","datePublished":"2025-07-11T10:47:45+00:00","dateModified":"2026-04-15T10:11:40+00:00","breadcrumb":{"@id":"https:\/\/vog.com.tn\/?product=mules-plates-305009-vog#breadcrumb"},"inLanguage":"fr-FR","potentialAction":[{"@type":"ReadAction","target":["https:\/\/vog.com.tn\/?product=mules-plates-305009-vog"]}]},{"@type":"ImageObject","inLanguage":"fr-FR","@id":"https:\/\/vog.com.tn\/?product=mules-plates-305009-vog#primaryimage","url":"https:\/\/vog.com.tn\/wp-content\/uploads\/2025\/07\/305009-1-572x858-1.jpg","contentUrl":"https:\/\/vog.com.tn\/wp-content\/uploads\/2025\/07\/305009-1-572x858-1.jpg","width":572,"height":858},{"@type":"BreadcrumbList","@id":"https:\/\/vog.com.tn\/?product=mules-plates-305009-vog#breadcrumb","itemListElement":[{"@type":"ListItem","position":1,"name":"Home","item":"https:\/\/vog.com.tn\/"},{"@type":"ListItem","position":2,"name":"Produits","item":"https:\/\/vog.com.tn\/?page_id=8"},{"@type":"ListItem","position":3,"name":"Mules Plates femme \u2013 305009 \u2013 VOG"}]},{"@type":"WebSite","@id":"https:\/\/vog.com.tn\/#website","url":"https:\/\/vog.com.tn\/","name":"Vog Tunisie","description":"Pr\u00eat-\u00e0-porter","potentialAction":[{"@type":"SearchAction","target":{"@type":"EntryPoint","urlTemplate":"https:\/\/vog.com.tn\/?s={search_term_string}"},"query-input":{"@type":"PropertyValueSpecification","valueRequired":true,"valueName":"search_term_string"}}],"inLanguage":"fr-FR"}]}},"_links":{"self":[{"href":"https:\/\/vog.com.tn\/index.php?rest_route=\/wp\/v2\/product\/100338","targetHints":{"allow":["GET"]}}],"collection":[{"href":"https:\/\/vog.com.tn\/index.php?rest_route=\/wp\/v2\/product"}],"about":[{"href":"https:\/\/vog.com.tn\/index.php?rest_route=\/wp\/v2\/types\/product"}],"wp:featuredmedia":[{"embeddable":true,"href":"https:\/\/vog.com.tn\/index.php?rest_route=\/wp\/v2\/media\/103996"}],"wp:attachment":[{"href":"https:\/\/vog.com.tn\/index.php?rest_route=%2Fwp%2Fv2%2Fmedia&parent=100338"}],"wp:term":[{"taxonomy":"product_brand","embeddable":true,"href":"https:\/\/vog.com.tn\/index.php?rest_route=%2Fwp%2Fv2%2Fproduct_brand&post=100338"},{"taxonomy":"product_cat","embeddable":true,"href":"https:\/\/vog.com.tn\/index.php?rest_route=%2Fwp%2Fv2%2Fproduct_cat&post=100338"},{"taxonomy":"product_tag","embeddable":true,"href":"https:\/\/vog.com.tn\/index.php?rest_route=%2Fwp%2Fv2%2Fproduct_tag&post=100338"}],"curies":[{"name":"wp","href":"https:\/\/api.w.org\/{rel}","templated":true}]}}