{"id":100358,"date":"2025-07-11T13:09:38","date_gmt":"2025-07-11T11:09:38","guid":{"rendered":"https:\/\/vog.com.tn\/?post_type=product&#038;p=100358"},"modified":"2026-04-25T12:12:20","modified_gmt":"2026-04-25T10:12:20","slug":"mules-plates-305010-vog","status":"publish","type":"product","link":"https:\/\/vog.com.tn\/?product=mules-plates-305010-vog","title":{"rendered":"Mules Plates femme \u2013 305010 \u2013 VOG"},"content":{"rendered":"<p><strong data-start=\"1056\" data-end=\"1093\">Chic, minimaliste et audacieuse !<\/strong><\/p>\n<p>Craquez pour cette mule plate \u00e0 d\u00e9tail dor\u00e9, une touche glamour sur un design \u00e9pur\u00e9. Confort et style r\u00e9unis pour sublimer vos tenues d\u2019\u00e9t\u00e9.<\/p>\n<p>Plate, <strong data-start=\"891\" data-end=\"908\">antid\u00e9rapante<\/strong>, en caoutchouc souple, l<strong data-start=\"735\" data-end=\"760\">\u00e9g\u00e8rement matelass\u00e9e<\/strong> pour un bon amorti et un rev\u00eatement lisse et confortable assorti \u00e0 la couleur ext\u00e9rieure.<\/p>\n","protected":false},"excerpt":{"rendered":"<p>Vente en lignes mules plates pour femmes.<\/p>\n<ul>\n<li><strong data-start=\"194\" data-end=\"220\">Couleurs disponibles :<\/strong> Blanc ou noir, deux basiques intemporels<\/li>\n<li><strong data-start=\"266\" data-end=\"290\">Mati\u00e8re ext\u00e9rieure :<\/strong> Simili cuir lisse de haute qualit\u00e9, souple et r\u00e9sistant<\/li>\n<li>Deux fines brides crois\u00e9es \u00e0 l\u2019avant pour bien maintenir le pied<\/li>\n<li>Ornement central <strong data-start=\"470\" data-end=\"487\">dor\u00e9 over size<\/strong>\u00a0en forme ovale, tr\u00e8s styl\u00e9 et moderne, effet miroir<\/li>\n<li><strong data-start=\"567\" data-end=\"594\">Doublure en simili cuir<\/strong>, douce au contact de la peau<\/li>\n<li><strong data-start=\"630\" data-end=\"663\">Finition sans couture g\u00eanante<\/strong>, assurant un confort sans frottement<\/li>\n<li data-start=\"264\" data-end=\"348\">Talon tr\u00e8s bas, environ <strong data-start=\"961\" data-end=\"969\">1 cm<\/strong>, parfait pour un usage quotidien.<\/li>\n<li><strong>Livraison \u00e0 domicile :<\/strong>\u00a08 TND.<\/li>\n<li><strong>D\u00e9lai de livraison :<\/strong>\u00a02 \u00e0 3 jours.<\/li>\n<li><strong>\u00c9change possible :<\/strong>\u00a0Vous payez le frais de livraison pour le second colis (<strong>D\u00e9lai d\u2019\u00e9change 1jour)<\/strong><\/li>\n<li><strong>D\u00e9lai d\u2019\u00e9change :<\/strong>\u00a0Maximum 1 jour.<\/li>\n<\/ul>\n<p>&nbsp;<\/p>\n","protected":false},"featured_media":113477,"template":"","meta":[],"product_brand":[],"product_cat":[96,137,130,360],"product_tag":[],"class_list":{"0":"post-100358","1":"product","2":"type-product","3":"status-publish","4":"has-post-thumbnail","6":"product_cat-chaussures-femme","7":"product_cat-mode-femme","8":"product_cat-mules-femme","9":"product_cat-nouvelle-collection","10":"pa_couleurs-blanc","11":"pa_couleurs-noir","12":"pa_pointure-105","13":"pa_pointure-106","14":"pa_pointure-107","15":"pa_pointure-108","16":"pa_pointure-109","17":"pa_pointure-110","20":"first","21":"instock","22":"sale","23":"taxable","24":"shipping-taxable","25":"purchasable","26":"product-type-variable"},"yoast_head":"<!-- This site is optimized with the Yoast SEO plugin v27.5 - https:\/\/yoast.com\/product\/yoast-seo-wordpress\/ -->\n<title>Mules Plates femme \u2013 305010 \u2013 VOG - Vog Tunisie<\/title>\n<meta name=\"robots\" content=\"index, follow, max-snippet:-1, max-image-preview:large, max-video-preview:-1\" \/>\n<link rel=\"canonical\" href=\"https:\/\/vog.com.tn\/?product=mules-plates-305010-vog\" \/>\n<meta property=\"og:locale\" content=\"fr_FR\" \/>\n<meta property=\"og:type\" content=\"article\" \/>\n<meta property=\"og:title\" content=\"Mules Plates femme \u2013 305010 \u2013 VOG - Vog Tunisie\" \/>\n<meta property=\"og:description\" content=\"Vente en lignes mules plates pour femmes.   Couleurs disponibles : Blanc ou noir, deux basiques intemporels  Mati\u00e8re ext\u00e9rieure : Simili cuir lisse de haute qualit\u00e9, souple et r\u00e9sistant  Deux fines brides crois\u00e9es \u00e0 l\u2019avant pour bien maintenir le pied  Ornement central dor\u00e9 over size\u00a0en forme ovale, tr\u00e8s styl\u00e9 et moderne, effet miroir  Doublure en simili cuir, douce au contact de la peau  Finition sans couture g\u00eanante, assurant un confort sans frottement  Talon tr\u00e8s bas, environ 1 cm, parfait pour un usage quotidien.  Livraison \u00e0 domicile :\u00a08 TND.  D\u00e9lai de livraison :\u00a02 \u00e0 3 jours.  \u00c9change possible :\u00a0Vous payez le frais de livraison pour le second colis (D\u00e9lai d\u2019\u00e9change 1jour)  D\u00e9lai d\u2019\u00e9change :\u00a0Maximum 1 jour.  &nbsp;\" \/>\n<meta property=\"og:url\" content=\"https:\/\/vog.com.tn\/?product=mules-plates-305010-vog\" \/>\n<meta property=\"og:site_name\" content=\"Vog Tunisie\" \/>\n<meta property=\"article:modified_time\" content=\"2026-04-25T10:12:20+00:00\" \/>\n<meta property=\"og:image\" content=\"https:\/\/vog.com.tn\/wp-content\/uploads\/2025\/07\/305010-noir-2.jpg\" \/>\n\t<meta property=\"og:image:width\" content=\"800\" \/>\n\t<meta property=\"og:image:height\" content=\"1180\" \/>\n\t<meta property=\"og:image:type\" content=\"image\/jpeg\" \/>\n<meta name=\"twitter:card\" content=\"summary_large_image\" \/>\n<meta name=\"twitter:label1\" content=\"Dur\u00e9e de lecture estim\u00e9e\" \/>\n\t<meta name=\"twitter:data1\" content=\"1 minute\" \/>\n<script type=\"application\/ld+json\" class=\"yoast-schema-graph\">{\"@context\":\"https:\\\/\\\/schema.org\",\"@graph\":[{\"@type\":\"WebPage\",\"@id\":\"https:\\\/\\\/vog.com.tn\\\/?product=mules-plates-305010-vog\",\"url\":\"https:\\\/\\\/vog.com.tn\\\/?product=mules-plates-305010-vog\",\"name\":\"Mules Plates femme \u2013 305010 \u2013 VOG - Vog Tunisie\",\"isPartOf\":{\"@id\":\"https:\\\/\\\/vog.com.tn\\\/#website\"},\"primaryImageOfPage\":{\"@id\":\"https:\\\/\\\/vog.com.tn\\\/?product=mules-plates-305010-vog#primaryimage\"},\"image\":{\"@id\":\"https:\\\/\\\/vog.com.tn\\\/?product=mules-plates-305010-vog#primaryimage\"},\"thumbnailUrl\":\"https:\\\/\\\/vog.com.tn\\\/wp-content\\\/uploads\\\/2025\\\/07\\\/305010-noir-2.jpg\",\"datePublished\":\"2025-07-11T11:09:38+00:00\",\"dateModified\":\"2026-04-25T10:12:20+00:00\",\"breadcrumb\":{\"@id\":\"https:\\\/\\\/vog.com.tn\\\/?product=mules-plates-305010-vog#breadcrumb\"},\"inLanguage\":\"fr-FR\",\"potentialAction\":[{\"@type\":\"ReadAction\",\"target\":[\"https:\\\/\\\/vog.com.tn\\\/?product=mules-plates-305010-vog\"]}]},{\"@type\":\"ImageObject\",\"inLanguage\":\"fr-FR\",\"@id\":\"https:\\\/\\\/vog.com.tn\\\/?product=mules-plates-305010-vog#primaryimage\",\"url\":\"https:\\\/\\\/vog.com.tn\\\/wp-content\\\/uploads\\\/2025\\\/07\\\/305010-noir-2.jpg\",\"contentUrl\":\"https:\\\/\\\/vog.com.tn\\\/wp-content\\\/uploads\\\/2025\\\/07\\\/305010-noir-2.jpg\",\"width\":800,\"height\":1180},{\"@type\":\"BreadcrumbList\",\"@id\":\"https:\\\/\\\/vog.com.tn\\\/?product=mules-plates-305010-vog#breadcrumb\",\"itemListElement\":[{\"@type\":\"ListItem\",\"position\":1,\"name\":\"Home\",\"item\":\"https:\\\/\\\/vog.com.tn\\\/\"},{\"@type\":\"ListItem\",\"position\":2,\"name\":\"Produits\",\"item\":\"https:\\\/\\\/vog.com.tn\\\/?page_id=8\"},{\"@type\":\"ListItem\",\"position\":3,\"name\":\"Mules Plates femme \u2013 305010 \u2013 VOG\"}]},{\"@type\":\"WebSite\",\"@id\":\"https:\\\/\\\/vog.com.tn\\\/#website\",\"url\":\"https:\\\/\\\/vog.com.tn\\\/\",\"name\":\"Vog Tunisie\",\"description\":\"Pr\u00eat-\u00e0-porter\",\"potentialAction\":[{\"@type\":\"SearchAction\",\"target\":{\"@type\":\"EntryPoint\",\"urlTemplate\":\"https:\\\/\\\/vog.com.tn\\\/?s={search_term_string}\"},\"query-input\":{\"@type\":\"PropertyValueSpecification\",\"valueRequired\":true,\"valueName\":\"search_term_string\"}}],\"inLanguage\":\"fr-FR\"}]}<\/script>\n<!-- \/ Yoast SEO plugin. -->","yoast_head_json":{"title":"Mules Plates femme \u2013 305010 \u2013 VOG - Vog Tunisie","robots":{"index":"index","follow":"follow","max-snippet":"max-snippet:-1","max-image-preview":"max-image-preview:large","max-video-preview":"max-video-preview:-1"},"canonical":"https:\/\/vog.com.tn\/?product=mules-plates-305010-vog","og_locale":"fr_FR","og_type":"article","og_title":"Mules Plates femme \u2013 305010 \u2013 VOG - Vog Tunisie","og_description":"Vente en lignes mules plates pour femmes.   Couleurs disponibles : Blanc ou noir, deux basiques intemporels  Mati\u00e8re ext\u00e9rieure : Simili cuir lisse de haute qualit\u00e9, souple et r\u00e9sistant  Deux fines brides crois\u00e9es \u00e0 l\u2019avant pour bien maintenir le pied  Ornement central dor\u00e9 over size\u00a0en forme ovale, tr\u00e8s styl\u00e9 et moderne, effet miroir  Doublure en simili cuir, douce au contact de la peau  Finition sans couture g\u00eanante, assurant un confort sans frottement  Talon tr\u00e8s bas, environ 1 cm, parfait pour un usage quotidien.  Livraison \u00e0 domicile :\u00a08 TND.  D\u00e9lai de livraison :\u00a02 \u00e0 3 jours.  \u00c9change possible :\u00a0Vous payez le frais de livraison pour le second colis (D\u00e9lai d\u2019\u00e9change 1jour)  D\u00e9lai d\u2019\u00e9change :\u00a0Maximum 1 jour.  &nbsp;","og_url":"https:\/\/vog.com.tn\/?product=mules-plates-305010-vog","og_site_name":"Vog Tunisie","article_modified_time":"2026-04-25T10:12:20+00:00","og_image":[{"width":800,"height":1180,"url":"https:\/\/vog.com.tn\/wp-content\/uploads\/2025\/07\/305010-noir-2.jpg","type":"image\/jpeg"}],"twitter_card":"summary_large_image","twitter_misc":{"Dur\u00e9e de lecture estim\u00e9e":"1 minute"},"schema":{"@context":"https:\/\/schema.org","@graph":[{"@type":"WebPage","@id":"https:\/\/vog.com.tn\/?product=mules-plates-305010-vog","url":"https:\/\/vog.com.tn\/?product=mules-plates-305010-vog","name":"Mules Plates femme \u2013 305010 \u2013 VOG - Vog Tunisie","isPartOf":{"@id":"https:\/\/vog.com.tn\/#website"},"primaryImageOfPage":{"@id":"https:\/\/vog.com.tn\/?product=mules-plates-305010-vog#primaryimage"},"image":{"@id":"https:\/\/vog.com.tn\/?product=mules-plates-305010-vog#primaryimage"},"thumbnailUrl":"https:\/\/vog.com.tn\/wp-content\/uploads\/2025\/07\/305010-noir-2.jpg","datePublished":"2025-07-11T11:09:38+00:00","dateModified":"2026-04-25T10:12:20+00:00","breadcrumb":{"@id":"https:\/\/vog.com.tn\/?product=mules-plates-305010-vog#breadcrumb"},"inLanguage":"fr-FR","potentialAction":[{"@type":"ReadAction","target":["https:\/\/vog.com.tn\/?product=mules-plates-305010-vog"]}]},{"@type":"ImageObject","inLanguage":"fr-FR","@id":"https:\/\/vog.com.tn\/?product=mules-plates-305010-vog#primaryimage","url":"https:\/\/vog.com.tn\/wp-content\/uploads\/2025\/07\/305010-noir-2.jpg","contentUrl":"https:\/\/vog.com.tn\/wp-content\/uploads\/2025\/07\/305010-noir-2.jpg","width":800,"height":1180},{"@type":"BreadcrumbList","@id":"https:\/\/vog.com.tn\/?product=mules-plates-305010-vog#breadcrumb","itemListElement":[{"@type":"ListItem","position":1,"name":"Home","item":"https:\/\/vog.com.tn\/"},{"@type":"ListItem","position":2,"name":"Produits","item":"https:\/\/vog.com.tn\/?page_id=8"},{"@type":"ListItem","position":3,"name":"Mules Plates femme \u2013 305010 \u2013 VOG"}]},{"@type":"WebSite","@id":"https:\/\/vog.com.tn\/#website","url":"https:\/\/vog.com.tn\/","name":"Vog Tunisie","description":"Pr\u00eat-\u00e0-porter","potentialAction":[{"@type":"SearchAction","target":{"@type":"EntryPoint","urlTemplate":"https:\/\/vog.com.tn\/?s={search_term_string}"},"query-input":{"@type":"PropertyValueSpecification","valueRequired":true,"valueName":"search_term_string"}}],"inLanguage":"fr-FR"}]}},"_links":{"self":[{"href":"https:\/\/vog.com.tn\/index.php?rest_route=\/wp\/v2\/product\/100358","targetHints":{"allow":["GET"]}}],"collection":[{"href":"https:\/\/vog.com.tn\/index.php?rest_route=\/wp\/v2\/product"}],"about":[{"href":"https:\/\/vog.com.tn\/index.php?rest_route=\/wp\/v2\/types\/product"}],"wp:featuredmedia":[{"embeddable":true,"href":"https:\/\/vog.com.tn\/index.php?rest_route=\/wp\/v2\/media\/113477"}],"wp:attachment":[{"href":"https:\/\/vog.com.tn\/index.php?rest_route=%2Fwp%2Fv2%2Fmedia&parent=100358"}],"wp:term":[{"taxonomy":"product_brand","embeddable":true,"href":"https:\/\/vog.com.tn\/index.php?rest_route=%2Fwp%2Fv2%2Fproduct_brand&post=100358"},{"taxonomy":"product_cat","embeddable":true,"href":"https:\/\/vog.com.tn\/index.php?rest_route=%2Fwp%2Fv2%2Fproduct_cat&post=100358"},{"taxonomy":"product_tag","embeddable":true,"href":"https:\/\/vog.com.tn\/index.php?rest_route=%2Fwp%2Fv2%2Fproduct_tag&post=100358"}],"curies":[{"name":"wp","href":"https:\/\/api.w.org\/{rel}","templated":true}]}}