{"id":100415,"date":"2025-07-11T17:00:33","date_gmt":"2025-07-11T15:00:33","guid":{"rendered":"https:\/\/vog.com.tn\/?post_type=product&#038;p=100415"},"modified":"2026-02-26T17:14:46","modified_gmt":"2026-02-26T16:14:46","slug":"mules-femmes-305146-vog","status":"publish","type":"product","link":"https:\/\/vog.com.tn\/?product=mules-femmes-305146-vog","title":{"rendered":"Mules moyenne femme \u2013 305146\u2013 VOG"},"content":{"rendered":"<p>Ajoutez une touche de glamour \u00e0 vos looks estivaux avec ces mules compens\u00e9es. Ce mod\u00e8le moderne mise sur le confort sans n\u00e9gliger le style, avec une <strong data-start=\"413\" data-end=\"442\">semelle plateforme l\u00e9g\u00e8re<\/strong> qui \u00e9lance la silhouette tout en assurant un bon maintien. La <strong data-start=\"506\" data-end=\"542\">structure \u00e0 double bride ondul\u00e9e<\/strong> est sublim\u00e9e par des <strong data-start=\"564\" data-end=\"591\">m\u00e9daillons dor\u00e9s grav\u00e9s<\/strong>, apportant une inspiration antique raffin\u00e9e.<\/p>\n","protected":false},"excerpt":{"rendered":"<p>Vente en lignes mules pour femme.<\/p>\n<p>ces Mules s\u2019adaptent parfaitement \u00e0 toutes vos tenues estivales \u2013 robes, jeans, shorts ou jupes.<\/p>\n<ul>\n<li>Semelle compens\u00e9e confortable<\/li>\n<li>Design double bride ondul\u00e9e<\/li>\n<li>M\u00e9daillons dor\u00e9s textur\u00e9s int\u00e9gr\u00e9s<\/li>\n<li>Disponible en deux coloris : <strong data-start=\"1001\" data-end=\"1009\">noir<\/strong> et <strong data-start=\"1013\" data-end=\"1025\">chocolat<\/strong><\/li>\n<li><strong>Style<\/strong> tendance, parfait pour l&rsquo;\u00e9t\u00e9<\/li>\n<li><strong>Tige :<\/strong> <strong data-start=\"759\" data-end=\"778\">Similicuir (PU)<\/strong> souple et r\u00e9sistant<\/li>\n<li><strong>Hauteur de semelle :<\/strong> env. <strong data-start=\"1048\" data-end=\"1058\">4-5 cm<\/strong><\/li>\n<li><strong>Livraison \u00e0 domicile :<\/strong> 8 TND.<\/li>\n<li><strong>D\u00e9lai de livraison :<\/strong> 2 \u00e0 3 jours.<\/li>\n<li><strong>\u00c9change possible :<\/strong> Vous ne payez que les frais de livraison pour le second colis.<\/li>\n<li><strong>D\u00e9lai d\u2019\u00e9change :<\/strong> Maximum 1 jour.<\/li>\n<\/ul>\n","protected":false},"featured_media":104594,"template":"","meta":[],"product_brand":[],"product_cat":[96,137,130,360],"product_tag":[],"class_list":{"0":"post-100415","1":"product","2":"type-product","3":"status-publish","4":"has-post-thumbnail","6":"product_cat-chaussures-femme","7":"product_cat-mode-femme","8":"product_cat-mules-femme","9":"product_cat-nouvelle-collection","10":"pa_couleurs-choco","11":"pa_couleurs-noir","12":"pa_pointure-105","13":"pa_pointure-106","14":"pa_pointure-107","15":"pa_pointure-108","16":"pa_pointure-109","17":"pa_pointure-110","20":"first","21":"outofstock","22":"taxable","23":"shipping-taxable","24":"product-type-variable"},"yoast_head":"<!-- This site is optimized with the Yoast SEO plugin v27.5 - https:\/\/yoast.com\/product\/yoast-seo-wordpress\/ -->\n<title>Mules moyenne femme \u2013 305146\u2013 VOG - Vog Tunisie<\/title>\n<meta name=\"robots\" content=\"index, follow, max-snippet:-1, max-image-preview:large, max-video-preview:-1\" \/>\n<link rel=\"canonical\" href=\"https:\/\/vog.com.tn\/?product=mules-femmes-305146-vog\" \/>\n<meta property=\"og:locale\" content=\"fr_FR\" \/>\n<meta property=\"og:type\" content=\"article\" \/>\n<meta property=\"og:title\" content=\"Mules moyenne femme \u2013 305146\u2013 VOG - Vog Tunisie\" \/>\n<meta property=\"og:description\" content=\"Vente en lignes mules pour femme.  ces Mules s\u2019adaptent parfaitement \u00e0 toutes vos tenues estivales \u2013 robes, jeans, shorts ou jupes.   Semelle compens\u00e9e confortable  Design double bride ondul\u00e9e  M\u00e9daillons dor\u00e9s textur\u00e9s int\u00e9gr\u00e9s  Disponible en deux coloris : noir et chocolat  Style tendance, parfait pour l&#039;\u00e9t\u00e9  Tige : Similicuir (PU) souple et r\u00e9sistant  Hauteur de semelle : env. 4-5 cm  Livraison \u00e0 domicile : 8 TND.  D\u00e9lai de livraison : 2 \u00e0 3 jours.  \u00c9change possible : Vous ne payez que les frais de livraison pour le second colis.  D\u00e9lai d\u2019\u00e9change : Maximum 1 jour.\" \/>\n<meta property=\"og:url\" content=\"https:\/\/vog.com.tn\/?product=mules-femmes-305146-vog\" \/>\n<meta property=\"og:site_name\" content=\"Vog Tunisie\" \/>\n<meta property=\"article:modified_time\" content=\"2026-02-26T16:14:46+00:00\" \/>\n<meta property=\"og:image\" content=\"https:\/\/vog.com.tn\/wp-content\/uploads\/2025\/07\/305146-noir-2.jpg\" \/>\n\t<meta property=\"og:image:width\" content=\"1086\" \/>\n\t<meta property=\"og:image:height\" content=\"1600\" \/>\n\t<meta property=\"og:image:type\" content=\"image\/jpeg\" \/>\n<meta name=\"twitter:card\" content=\"summary_large_image\" \/>\n<meta name=\"twitter:label1\" content=\"Dur\u00e9e de lecture estim\u00e9e\" \/>\n\t<meta name=\"twitter:data1\" content=\"1 minute\" \/>\n<script type=\"application\/ld+json\" class=\"yoast-schema-graph\">{\"@context\":\"https:\\\/\\\/schema.org\",\"@graph\":[{\"@type\":\"WebPage\",\"@id\":\"https:\\\/\\\/vog.com.tn\\\/?product=mules-femmes-305146-vog\",\"url\":\"https:\\\/\\\/vog.com.tn\\\/?product=mules-femmes-305146-vog\",\"name\":\"Mules moyenne femme \u2013 305146\u2013 VOG - Vog Tunisie\",\"isPartOf\":{\"@id\":\"https:\\\/\\\/vog.com.tn\\\/#website\"},\"primaryImageOfPage\":{\"@id\":\"https:\\\/\\\/vog.com.tn\\\/?product=mules-femmes-305146-vog#primaryimage\"},\"image\":{\"@id\":\"https:\\\/\\\/vog.com.tn\\\/?product=mules-femmes-305146-vog#primaryimage\"},\"thumbnailUrl\":\"https:\\\/\\\/vog.com.tn\\\/wp-content\\\/uploads\\\/2025\\\/07\\\/305146-noir-2.jpg\",\"datePublished\":\"2025-07-11T15:00:33+00:00\",\"dateModified\":\"2026-02-26T16:14:46+00:00\",\"breadcrumb\":{\"@id\":\"https:\\\/\\\/vog.com.tn\\\/?product=mules-femmes-305146-vog#breadcrumb\"},\"inLanguage\":\"fr-FR\",\"potentialAction\":[{\"@type\":\"ReadAction\",\"target\":[\"https:\\\/\\\/vog.com.tn\\\/?product=mules-femmes-305146-vog\"]}]},{\"@type\":\"ImageObject\",\"inLanguage\":\"fr-FR\",\"@id\":\"https:\\\/\\\/vog.com.tn\\\/?product=mules-femmes-305146-vog#primaryimage\",\"url\":\"https:\\\/\\\/vog.com.tn\\\/wp-content\\\/uploads\\\/2025\\\/07\\\/305146-noir-2.jpg\",\"contentUrl\":\"https:\\\/\\\/vog.com.tn\\\/wp-content\\\/uploads\\\/2025\\\/07\\\/305146-noir-2.jpg\",\"width\":1086,\"height\":1600},{\"@type\":\"BreadcrumbList\",\"@id\":\"https:\\\/\\\/vog.com.tn\\\/?product=mules-femmes-305146-vog#breadcrumb\",\"itemListElement\":[{\"@type\":\"ListItem\",\"position\":1,\"name\":\"Home\",\"item\":\"https:\\\/\\\/vog.com.tn\\\/\"},{\"@type\":\"ListItem\",\"position\":2,\"name\":\"Produits\",\"item\":\"https:\\\/\\\/vog.com.tn\\\/?page_id=8\"},{\"@type\":\"ListItem\",\"position\":3,\"name\":\"Mules moyenne femme \u2013 305146\u2013 VOG\"}]},{\"@type\":\"WebSite\",\"@id\":\"https:\\\/\\\/vog.com.tn\\\/#website\",\"url\":\"https:\\\/\\\/vog.com.tn\\\/\",\"name\":\"Vog Tunisie\",\"description\":\"Pr\u00eat-\u00e0-porter\",\"potentialAction\":[{\"@type\":\"SearchAction\",\"target\":{\"@type\":\"EntryPoint\",\"urlTemplate\":\"https:\\\/\\\/vog.com.tn\\\/?s={search_term_string}\"},\"query-input\":{\"@type\":\"PropertyValueSpecification\",\"valueRequired\":true,\"valueName\":\"search_term_string\"}}],\"inLanguage\":\"fr-FR\"}]}<\/script>\n<!-- \/ Yoast SEO plugin. -->","yoast_head_json":{"title":"Mules moyenne femme \u2013 305146\u2013 VOG - Vog Tunisie","robots":{"index":"index","follow":"follow","max-snippet":"max-snippet:-1","max-image-preview":"max-image-preview:large","max-video-preview":"max-video-preview:-1"},"canonical":"https:\/\/vog.com.tn\/?product=mules-femmes-305146-vog","og_locale":"fr_FR","og_type":"article","og_title":"Mules moyenne femme \u2013 305146\u2013 VOG - Vog Tunisie","og_description":"Vente en lignes mules pour femme.  ces Mules s\u2019adaptent parfaitement \u00e0 toutes vos tenues estivales \u2013 robes, jeans, shorts ou jupes.   Semelle compens\u00e9e confortable  Design double bride ondul\u00e9e  M\u00e9daillons dor\u00e9s textur\u00e9s int\u00e9gr\u00e9s  Disponible en deux coloris : noir et chocolat  Style tendance, parfait pour l'\u00e9t\u00e9  Tige : Similicuir (PU) souple et r\u00e9sistant  Hauteur de semelle : env. 4-5 cm  Livraison \u00e0 domicile : 8 TND.  D\u00e9lai de livraison : 2 \u00e0 3 jours.  \u00c9change possible : Vous ne payez que les frais de livraison pour le second colis.  D\u00e9lai d\u2019\u00e9change : Maximum 1 jour.","og_url":"https:\/\/vog.com.tn\/?product=mules-femmes-305146-vog","og_site_name":"Vog Tunisie","article_modified_time":"2026-02-26T16:14:46+00:00","og_image":[{"width":1086,"height":1600,"url":"https:\/\/vog.com.tn\/wp-content\/uploads\/2025\/07\/305146-noir-2.jpg","type":"image\/jpeg"}],"twitter_card":"summary_large_image","twitter_misc":{"Dur\u00e9e de lecture estim\u00e9e":"1 minute"},"schema":{"@context":"https:\/\/schema.org","@graph":[{"@type":"WebPage","@id":"https:\/\/vog.com.tn\/?product=mules-femmes-305146-vog","url":"https:\/\/vog.com.tn\/?product=mules-femmes-305146-vog","name":"Mules moyenne femme \u2013 305146\u2013 VOG - Vog Tunisie","isPartOf":{"@id":"https:\/\/vog.com.tn\/#website"},"primaryImageOfPage":{"@id":"https:\/\/vog.com.tn\/?product=mules-femmes-305146-vog#primaryimage"},"image":{"@id":"https:\/\/vog.com.tn\/?product=mules-femmes-305146-vog#primaryimage"},"thumbnailUrl":"https:\/\/vog.com.tn\/wp-content\/uploads\/2025\/07\/305146-noir-2.jpg","datePublished":"2025-07-11T15:00:33+00:00","dateModified":"2026-02-26T16:14:46+00:00","breadcrumb":{"@id":"https:\/\/vog.com.tn\/?product=mules-femmes-305146-vog#breadcrumb"},"inLanguage":"fr-FR","potentialAction":[{"@type":"ReadAction","target":["https:\/\/vog.com.tn\/?product=mules-femmes-305146-vog"]}]},{"@type":"ImageObject","inLanguage":"fr-FR","@id":"https:\/\/vog.com.tn\/?product=mules-femmes-305146-vog#primaryimage","url":"https:\/\/vog.com.tn\/wp-content\/uploads\/2025\/07\/305146-noir-2.jpg","contentUrl":"https:\/\/vog.com.tn\/wp-content\/uploads\/2025\/07\/305146-noir-2.jpg","width":1086,"height":1600},{"@type":"BreadcrumbList","@id":"https:\/\/vog.com.tn\/?product=mules-femmes-305146-vog#breadcrumb","itemListElement":[{"@type":"ListItem","position":1,"name":"Home","item":"https:\/\/vog.com.tn\/"},{"@type":"ListItem","position":2,"name":"Produits","item":"https:\/\/vog.com.tn\/?page_id=8"},{"@type":"ListItem","position":3,"name":"Mules moyenne femme \u2013 305146\u2013 VOG"}]},{"@type":"WebSite","@id":"https:\/\/vog.com.tn\/#website","url":"https:\/\/vog.com.tn\/","name":"Vog Tunisie","description":"Pr\u00eat-\u00e0-porter","potentialAction":[{"@type":"SearchAction","target":{"@type":"EntryPoint","urlTemplate":"https:\/\/vog.com.tn\/?s={search_term_string}"},"query-input":{"@type":"PropertyValueSpecification","valueRequired":true,"valueName":"search_term_string"}}],"inLanguage":"fr-FR"}]}},"_links":{"self":[{"href":"https:\/\/vog.com.tn\/index.php?rest_route=\/wp\/v2\/product\/100415","targetHints":{"allow":["GET"]}}],"collection":[{"href":"https:\/\/vog.com.tn\/index.php?rest_route=\/wp\/v2\/product"}],"about":[{"href":"https:\/\/vog.com.tn\/index.php?rest_route=\/wp\/v2\/types\/product"}],"wp:featuredmedia":[{"embeddable":true,"href":"https:\/\/vog.com.tn\/index.php?rest_route=\/wp\/v2\/media\/104594"}],"wp:attachment":[{"href":"https:\/\/vog.com.tn\/index.php?rest_route=%2Fwp%2Fv2%2Fmedia&parent=100415"}],"wp:term":[{"taxonomy":"product_brand","embeddable":true,"href":"https:\/\/vog.com.tn\/index.php?rest_route=%2Fwp%2Fv2%2Fproduct_brand&post=100415"},{"taxonomy":"product_cat","embeddable":true,"href":"https:\/\/vog.com.tn\/index.php?rest_route=%2Fwp%2Fv2%2Fproduct_cat&post=100415"},{"taxonomy":"product_tag","embeddable":true,"href":"https:\/\/vog.com.tn\/index.php?rest_route=%2Fwp%2Fv2%2Fproduct_tag&post=100415"}],"curies":[{"name":"wp","href":"https:\/\/api.w.org\/{rel}","templated":true}]}}