{"id":100479,"date":"2025-07-11T17:40:40","date_gmt":"2025-07-11T15:40:40","guid":{"rendered":"https:\/\/vog.com.tn\/?post_type=product&#038;p=100479"},"modified":"2026-05-03T12:11:55","modified_gmt":"2026-05-03T10:11:55","slug":"mules-femmes-305147-vog","status":"publish","type":"product","link":"https:\/\/vog.com.tn\/?product=mules-femmes-305147-vog","title":{"rendered":"Mules moyenne femmes \u2013 305147\u2013 VOG"},"content":{"rendered":"<p>Chic &amp; confort au quotidien !<\/p>\n<p>Ces mules plates sont l\u2019alliance parfaite entre confort et \u00e9l\u00e9gance. Dot\u00e9es de deux larges brides orn\u00e9es de boucles rectangulaires serties de strass, elles ajoutent une touche sophistiqu\u00e9e \u00e0 vos tenues du quotidien. Faciles \u00e0 enfiler, elles sont id\u00e9ales pour un usage quotidien tout en restant styl\u00e9e.<\/p>\n<p>&nbsp;<\/p>\n","protected":false},"excerpt":{"rendered":"<p>Vente en lignes mules plates pour femmes.<\/p>\n<p>Craquez pour ces mules \u00e0 strass ultra tendance, parfaites pour briller tout l&rsquo;\u00e9t\u00e9.<\/p>\n<ul>\n<li>L\u00e9g\u00e8res, pratiques et styl\u00e9es<\/li>\n<li><strong data-start=\"486\" data-end=\"498\">Mod\u00e8le :<\/strong> Mule plate \u00e0 enfiler<\/li>\n<li><strong data-start=\"524\" data-end=\"551\">Hauteur de la semelle :<\/strong> Environ 3,5 cm<\/li>\n<li><strong data-start=\"571\" data-end=\"595\">Mati\u00e8re principale :<\/strong> Textile effet toile<\/li>\n<li><strong data-start=\"620\" data-end=\"644\">Semelle ext\u00e9rieure :<\/strong> Caoutchouc noir antid\u00e9rapant<\/li>\n<li><strong data-start=\"678\" data-end=\"692\">Ornement :<\/strong> Boucles d\u00e9coratives en strass<\/li>\n<li><strong><strong>Coloris disponibles : <\/strong><\/strong>Beige, Bleu jeans, Noir,\u00a0 Taupe<\/li>\n<li><strong>Livraison \u00e0 domicile :<\/strong>\u00a08 TND.<\/li>\n<li><strong>D\u00e9lai de livraison :<\/strong>\u00a02 \u00e0 3 jours.<\/li>\n<li><strong>\u00c9change possible :<\/strong>\u00a0Vous payez le frais de livraison pour le second colis (<strong>D\u00e9lai d\u2019\u00e9change 1jour)<\/strong><\/li>\n<li><strong>D\u00e9lai d\u2019\u00e9change :<\/strong>\u00a0Maximum 1 jour.<\/li>\n<\/ul>\n","protected":false},"featured_media":105566,"template":"","meta":[],"product_brand":[],"product_cat":[96,137,130,360],"product_tag":[],"class_list":{"0":"post-100479","1":"product","2":"type-product","3":"status-publish","4":"has-post-thumbnail","6":"product_cat-chaussures-femme","7":"product_cat-mode-femme","8":"product_cat-mules-femme","9":"product_cat-nouvelle-collection","10":"pa_couleurs-beige","11":"pa_couleurs-bleu-djean","12":"pa_couleurs-noir","13":"pa_couleurs-taupe","14":"pa_pointure-105","15":"pa_pointure-106","16":"pa_pointure-107","17":"pa_pointure-108","18":"pa_pointure-109","19":"pa_pointure-110","22":"first","23":"instock","24":"sale","25":"taxable","26":"shipping-taxable","27":"purchasable","28":"product-type-variable"},"yoast_head":"<!-- This site is optimized with the Yoast SEO plugin v27.5 - https:\/\/yoast.com\/product\/yoast-seo-wordpress\/ -->\n<title>Mules moyenne femmes \u2013 305147\u2013 VOG - Vog Tunisie<\/title>\n<meta name=\"robots\" content=\"index, follow, max-snippet:-1, max-image-preview:large, max-video-preview:-1\" \/>\n<link rel=\"canonical\" href=\"https:\/\/vog.com.tn\/?product=mules-femmes-305147-vog\" \/>\n<meta property=\"og:locale\" content=\"fr_FR\" \/>\n<meta property=\"og:type\" content=\"article\" \/>\n<meta property=\"og:title\" content=\"Mules moyenne femmes \u2013 305147\u2013 VOG - Vog Tunisie\" \/>\n<meta property=\"og:description\" content=\"Vente en lignes mules plates pour femmes.  Craquez pour ces mules \u00e0 strass ultra tendance, parfaites pour briller tout l&#039;\u00e9t\u00e9.   L\u00e9g\u00e8res, pratiques et styl\u00e9es  Mod\u00e8le : Mule plate \u00e0 enfiler  Hauteur de la semelle : Environ 3,5 cm  Mati\u00e8re principale : Textile effet toile  Semelle ext\u00e9rieure : Caoutchouc noir antid\u00e9rapant  Ornement : Boucles d\u00e9coratives en strass  Coloris disponibles : Beige, Bleu jeans, Noir,\u00a0 Taupe  Livraison \u00e0 domicile :\u00a08 TND.  D\u00e9lai de livraison :\u00a02 \u00e0 3 jours.  \u00c9change possible :\u00a0Vous payez le frais de livraison pour le second colis (D\u00e9lai d\u2019\u00e9change 1jour)  D\u00e9lai d\u2019\u00e9change :\u00a0Maximum 1 jour.\" \/>\n<meta property=\"og:url\" content=\"https:\/\/vog.com.tn\/?product=mules-femmes-305147-vog\" \/>\n<meta property=\"og:site_name\" content=\"Vog Tunisie\" \/>\n<meta property=\"article:modified_time\" content=\"2026-05-03T10:11:55+00:00\" \/>\n<meta property=\"og:image\" content=\"https:\/\/vog.com.tn\/wp-content\/uploads\/2025\/07\/305147-taupe-2.jpg\" \/>\n\t<meta property=\"og:image:width\" content=\"800\" \/>\n\t<meta property=\"og:image:height\" content=\"1180\" \/>\n\t<meta property=\"og:image:type\" content=\"image\/jpeg\" \/>\n<meta name=\"twitter:card\" content=\"summary_large_image\" \/>\n<meta name=\"twitter:label1\" content=\"Dur\u00e9e de lecture estim\u00e9e\" \/>\n\t<meta name=\"twitter:data1\" content=\"1 minute\" \/>\n<script type=\"application\/ld+json\" class=\"yoast-schema-graph\">{\"@context\":\"https:\\\/\\\/schema.org\",\"@graph\":[{\"@type\":\"WebPage\",\"@id\":\"https:\\\/\\\/vog.com.tn\\\/?product=mules-femmes-305147-vog\",\"url\":\"https:\\\/\\\/vog.com.tn\\\/?product=mules-femmes-305147-vog\",\"name\":\"Mules moyenne femmes \u2013 305147\u2013 VOG - Vog Tunisie\",\"isPartOf\":{\"@id\":\"https:\\\/\\\/vog.com.tn\\\/#website\"},\"primaryImageOfPage\":{\"@id\":\"https:\\\/\\\/vog.com.tn\\\/?product=mules-femmes-305147-vog#primaryimage\"},\"image\":{\"@id\":\"https:\\\/\\\/vog.com.tn\\\/?product=mules-femmes-305147-vog#primaryimage\"},\"thumbnailUrl\":\"https:\\\/\\\/vog.com.tn\\\/wp-content\\\/uploads\\\/2025\\\/07\\\/305147-taupe-2.jpg\",\"datePublished\":\"2025-07-11T15:40:40+00:00\",\"dateModified\":\"2026-05-03T10:11:55+00:00\",\"breadcrumb\":{\"@id\":\"https:\\\/\\\/vog.com.tn\\\/?product=mules-femmes-305147-vog#breadcrumb\"},\"inLanguage\":\"fr-FR\",\"potentialAction\":[{\"@type\":\"ReadAction\",\"target\":[\"https:\\\/\\\/vog.com.tn\\\/?product=mules-femmes-305147-vog\"]}]},{\"@type\":\"ImageObject\",\"inLanguage\":\"fr-FR\",\"@id\":\"https:\\\/\\\/vog.com.tn\\\/?product=mules-femmes-305147-vog#primaryimage\",\"url\":\"https:\\\/\\\/vog.com.tn\\\/wp-content\\\/uploads\\\/2025\\\/07\\\/305147-taupe-2.jpg\",\"contentUrl\":\"https:\\\/\\\/vog.com.tn\\\/wp-content\\\/uploads\\\/2025\\\/07\\\/305147-taupe-2.jpg\",\"width\":800,\"height\":1180},{\"@type\":\"BreadcrumbList\",\"@id\":\"https:\\\/\\\/vog.com.tn\\\/?product=mules-femmes-305147-vog#breadcrumb\",\"itemListElement\":[{\"@type\":\"ListItem\",\"position\":1,\"name\":\"Home\",\"item\":\"https:\\\/\\\/vog.com.tn\\\/\"},{\"@type\":\"ListItem\",\"position\":2,\"name\":\"Produits\",\"item\":\"https:\\\/\\\/vog.com.tn\\\/?page_id=8\"},{\"@type\":\"ListItem\",\"position\":3,\"name\":\"Mules moyenne femmes \u2013 305147\u2013 VOG\"}]},{\"@type\":\"WebSite\",\"@id\":\"https:\\\/\\\/vog.com.tn\\\/#website\",\"url\":\"https:\\\/\\\/vog.com.tn\\\/\",\"name\":\"Vog Tunisie\",\"description\":\"Pr\u00eat-\u00e0-porter\",\"potentialAction\":[{\"@type\":\"SearchAction\",\"target\":{\"@type\":\"EntryPoint\",\"urlTemplate\":\"https:\\\/\\\/vog.com.tn\\\/?s={search_term_string}\"},\"query-input\":{\"@type\":\"PropertyValueSpecification\",\"valueRequired\":true,\"valueName\":\"search_term_string\"}}],\"inLanguage\":\"fr-FR\"}]}<\/script>\n<!-- \/ Yoast SEO plugin. -->","yoast_head_json":{"title":"Mules moyenne femmes \u2013 305147\u2013 VOG - Vog Tunisie","robots":{"index":"index","follow":"follow","max-snippet":"max-snippet:-1","max-image-preview":"max-image-preview:large","max-video-preview":"max-video-preview:-1"},"canonical":"https:\/\/vog.com.tn\/?product=mules-femmes-305147-vog","og_locale":"fr_FR","og_type":"article","og_title":"Mules moyenne femmes \u2013 305147\u2013 VOG - Vog Tunisie","og_description":"Vente en lignes mules plates pour femmes.  Craquez pour ces mules \u00e0 strass ultra tendance, parfaites pour briller tout l'\u00e9t\u00e9.   L\u00e9g\u00e8res, pratiques et styl\u00e9es  Mod\u00e8le : Mule plate \u00e0 enfiler  Hauteur de la semelle : Environ 3,5 cm  Mati\u00e8re principale : Textile effet toile  Semelle ext\u00e9rieure : Caoutchouc noir antid\u00e9rapant  Ornement : Boucles d\u00e9coratives en strass  Coloris disponibles : Beige, Bleu jeans, Noir,\u00a0 Taupe  Livraison \u00e0 domicile :\u00a08 TND.  D\u00e9lai de livraison :\u00a02 \u00e0 3 jours.  \u00c9change possible :\u00a0Vous payez le frais de livraison pour le second colis (D\u00e9lai d\u2019\u00e9change 1jour)  D\u00e9lai d\u2019\u00e9change :\u00a0Maximum 1 jour.","og_url":"https:\/\/vog.com.tn\/?product=mules-femmes-305147-vog","og_site_name":"Vog Tunisie","article_modified_time":"2026-05-03T10:11:55+00:00","og_image":[{"width":800,"height":1180,"url":"https:\/\/vog.com.tn\/wp-content\/uploads\/2025\/07\/305147-taupe-2.jpg","type":"image\/jpeg"}],"twitter_card":"summary_large_image","twitter_misc":{"Dur\u00e9e de lecture estim\u00e9e":"1 minute"},"schema":{"@context":"https:\/\/schema.org","@graph":[{"@type":"WebPage","@id":"https:\/\/vog.com.tn\/?product=mules-femmes-305147-vog","url":"https:\/\/vog.com.tn\/?product=mules-femmes-305147-vog","name":"Mules moyenne femmes \u2013 305147\u2013 VOG - Vog Tunisie","isPartOf":{"@id":"https:\/\/vog.com.tn\/#website"},"primaryImageOfPage":{"@id":"https:\/\/vog.com.tn\/?product=mules-femmes-305147-vog#primaryimage"},"image":{"@id":"https:\/\/vog.com.tn\/?product=mules-femmes-305147-vog#primaryimage"},"thumbnailUrl":"https:\/\/vog.com.tn\/wp-content\/uploads\/2025\/07\/305147-taupe-2.jpg","datePublished":"2025-07-11T15:40:40+00:00","dateModified":"2026-05-03T10:11:55+00:00","breadcrumb":{"@id":"https:\/\/vog.com.tn\/?product=mules-femmes-305147-vog#breadcrumb"},"inLanguage":"fr-FR","potentialAction":[{"@type":"ReadAction","target":["https:\/\/vog.com.tn\/?product=mules-femmes-305147-vog"]}]},{"@type":"ImageObject","inLanguage":"fr-FR","@id":"https:\/\/vog.com.tn\/?product=mules-femmes-305147-vog#primaryimage","url":"https:\/\/vog.com.tn\/wp-content\/uploads\/2025\/07\/305147-taupe-2.jpg","contentUrl":"https:\/\/vog.com.tn\/wp-content\/uploads\/2025\/07\/305147-taupe-2.jpg","width":800,"height":1180},{"@type":"BreadcrumbList","@id":"https:\/\/vog.com.tn\/?product=mules-femmes-305147-vog#breadcrumb","itemListElement":[{"@type":"ListItem","position":1,"name":"Home","item":"https:\/\/vog.com.tn\/"},{"@type":"ListItem","position":2,"name":"Produits","item":"https:\/\/vog.com.tn\/?page_id=8"},{"@type":"ListItem","position":3,"name":"Mules moyenne femmes \u2013 305147\u2013 VOG"}]},{"@type":"WebSite","@id":"https:\/\/vog.com.tn\/#website","url":"https:\/\/vog.com.tn\/","name":"Vog Tunisie","description":"Pr\u00eat-\u00e0-porter","potentialAction":[{"@type":"SearchAction","target":{"@type":"EntryPoint","urlTemplate":"https:\/\/vog.com.tn\/?s={search_term_string}"},"query-input":{"@type":"PropertyValueSpecification","valueRequired":true,"valueName":"search_term_string"}}],"inLanguage":"fr-FR"}]}},"_links":{"self":[{"href":"https:\/\/vog.com.tn\/index.php?rest_route=\/wp\/v2\/product\/100479","targetHints":{"allow":["GET"]}}],"collection":[{"href":"https:\/\/vog.com.tn\/index.php?rest_route=\/wp\/v2\/product"}],"about":[{"href":"https:\/\/vog.com.tn\/index.php?rest_route=\/wp\/v2\/types\/product"}],"wp:featuredmedia":[{"embeddable":true,"href":"https:\/\/vog.com.tn\/index.php?rest_route=\/wp\/v2\/media\/105566"}],"wp:attachment":[{"href":"https:\/\/vog.com.tn\/index.php?rest_route=%2Fwp%2Fv2%2Fmedia&parent=100479"}],"wp:term":[{"taxonomy":"product_brand","embeddable":true,"href":"https:\/\/vog.com.tn\/index.php?rest_route=%2Fwp%2Fv2%2Fproduct_brand&post=100479"},{"taxonomy":"product_cat","embeddable":true,"href":"https:\/\/vog.com.tn\/index.php?rest_route=%2Fwp%2Fv2%2Fproduct_cat&post=100479"},{"taxonomy":"product_tag","embeddable":true,"href":"https:\/\/vog.com.tn\/index.php?rest_route=%2Fwp%2Fv2%2Fproduct_tag&post=100479"}],"curies":[{"name":"wp","href":"https:\/\/api.w.org\/{rel}","templated":true}]}}