{"id":100706,"date":"2025-07-12T13:34:10","date_gmt":"2025-07-12T11:34:10","guid":{"rendered":"https:\/\/vog.com.tn\/?post_type=product&#038;p=100706"},"modified":"2026-05-05T12:11:30","modified_gmt":"2026-05-05T10:11:30","slug":"mules-moyenne-femmes-305152-vog","status":"publish","type":"product","link":"https:\/\/vog.com.tn\/?product=mules-moyenne-femmes-305152-vog","title":{"rendered":"Mules moyenne Femmes \u2013 305152 \u2013 VOG"},"content":{"rendered":"<p>Adoptez un look raffin\u00e9 et naturel avec ces superbes mules tress\u00e9es orn\u00e9es de boucles strass. Con\u00e7ues pour allier <strong data-start=\"465\" data-end=\"498\">\u00e9l\u00e9gance, l\u00e9g\u00e8ret\u00e9 et confort<\/strong>, elles sont id\u00e9ales pour un \u00e9t\u00e9 styl\u00e9 en toute simplicit\u00e9.<\/p>\n","protected":false},"excerpt":{"rendered":"<p data-start=\"160\" data-end=\"261\">Vente en ligne &#8211; Mules moyenne pour femmes<\/p>\n<p data-start=\"160\" data-end=\"261\">Style boh\u00e8me chic &amp; confort absolu ! Ces mules \u00e0 boucles strass vont sublimer vos tenues estivales.<\/p>\n<ul>\n<li data-start=\"563\" data-end=\"598\"><strong data-start=\"563\" data-end=\"573\">Mod\u00e8le<\/strong> : Mule plate \u00e0 enfiler<\/li>\n<li data-start=\"563\" data-end=\"598\"><strong data-start=\"601\" data-end=\"626\">Hauteur de la semelle<\/strong> : Environ <strong data-start=\"637\" data-end=\"647\">3,5 cm<\/strong><\/li>\n<li data-start=\"563\" data-end=\"598\"><strong data-start=\"652\" data-end=\"674\">Mati\u00e8re principale<\/strong> : Textile effet rotin\/tress\u00e9<\/li>\n<li data-start=\"563\" data-end=\"598\"><strong data-start=\"712\" data-end=\"734\">Semelle ext\u00e9rieure<\/strong> : Caoutchouc antid\u00e9rapant<\/li>\n<li data-start=\"563\" data-end=\"598\"><strong data-start=\"769\" data-end=\"781\">Ornement<\/strong> : Boucles d\u00e9coratives en strass<\/li>\n<li data-start=\"563\" data-end=\"598\"><strong data-start=\"822\" data-end=\"845\">Coloris disponibles<\/strong> : Camel, Beige et Noir<\/li>\n<li data-start=\"563\" data-end=\"598\"><strong data-start=\"874\" data-end=\"898\">Livraison \u00e0 domicile<\/strong> : 8 TND<\/li>\n<li data-start=\"563\" data-end=\"598\"><strong data-start=\"911\" data-end=\"933\">D\u00e9lai de livraison<\/strong> : 2 \u00e0 3 jours<\/li>\n<li data-start=\"563\" data-end=\"598\"><strong data-start=\"952\" data-end=\"972\">\u00c9change possible<\/strong> : Vous payez les frais de livraison du second colis.<\/li>\n<li data-start=\"563\" data-end=\"598\"><strong data-start=\"1040\" data-end=\"1059\">D\u00e9lai d\u2019\u00e9change<\/strong> : Maximum 1 jour<\/li>\n<\/ul>\n","protected":false},"featured_media":113623,"template":"","meta":[],"product_brand":[],"product_cat":[96,137,130,360],"product_tag":[],"class_list":{"0":"post-100706","1":"product","2":"type-product","3":"status-publish","4":"has-post-thumbnail","6":"product_cat-chaussures-femme","7":"product_cat-mode-femme","8":"product_cat-mules-femme","9":"product_cat-nouvelle-collection","10":"pa_couleurs-beige","11":"pa_couleurs-camel","12":"pa_couleurs-noir","13":"pa_pointure-105","14":"pa_pointure-106","15":"pa_pointure-107","16":"pa_pointure-108","17":"pa_pointure-109","18":"pa_pointure-110","21":"first","22":"instock","23":"sale","24":"taxable","25":"shipping-taxable","26":"purchasable","27":"product-type-variable"},"yoast_head":"<!-- This site is optimized with the Yoast SEO plugin v27.5 - https:\/\/yoast.com\/product\/yoast-seo-wordpress\/ -->\n<title>Mules moyenne Femmes \u2013 305152 \u2013 VOG - Vog Tunisie<\/title>\n<meta name=\"robots\" content=\"index, follow, max-snippet:-1, max-image-preview:large, max-video-preview:-1\" \/>\n<link rel=\"canonical\" href=\"https:\/\/vog.com.tn\/?product=mules-moyenne-femmes-305152-vog\" \/>\n<meta property=\"og:locale\" content=\"fr_FR\" \/>\n<meta property=\"og:type\" content=\"article\" \/>\n<meta property=\"og:title\" content=\"Mules moyenne Femmes \u2013 305152 \u2013 VOG - Vog Tunisie\" \/>\n<meta property=\"og:description\" content=\"Vente en ligne - Mules moyenne pour femmes Style boh\u00e8me chic &amp; confort absolu ! Ces mules \u00e0 boucles strass vont sublimer vos tenues estivales.    Mod\u00e8le : Mule plate \u00e0 enfiler  Hauteur de la semelle : Environ 3,5 cm  Mati\u00e8re principale : Textile effet rotin\/tress\u00e9  Semelle ext\u00e9rieure : Caoutchouc antid\u00e9rapant  Ornement : Boucles d\u00e9coratives en strass  Coloris disponibles : Camel, Beige et Noir  Livraison \u00e0 domicile : 8 TND  D\u00e9lai de livraison : 2 \u00e0 3 jours  \u00c9change possible : Vous payez les frais de livraison du second colis.  D\u00e9lai d\u2019\u00e9change : Maximum 1 jour\" \/>\n<meta property=\"og:url\" content=\"https:\/\/vog.com.tn\/?product=mules-moyenne-femmes-305152-vog\" \/>\n<meta property=\"og:site_name\" content=\"Vog Tunisie\" \/>\n<meta property=\"article:modified_time\" content=\"2026-05-05T10:11:30+00:00\" \/>\n<meta property=\"og:image\" content=\"https:\/\/vog.com.tn\/wp-content\/uploads\/2025\/07\/305152-beige-4.jpg\" \/>\n\t<meta property=\"og:image:width\" content=\"1084\" \/>\n\t<meta property=\"og:image:height\" content=\"1600\" \/>\n\t<meta property=\"og:image:type\" content=\"image\/jpeg\" \/>\n<meta name=\"twitter:card\" content=\"summary_large_image\" \/>\n<meta name=\"twitter:label1\" content=\"Dur\u00e9e de lecture estim\u00e9e\" \/>\n\t<meta name=\"twitter:data1\" content=\"1 minute\" \/>\n<script type=\"application\/ld+json\" class=\"yoast-schema-graph\">{\"@context\":\"https:\\\/\\\/schema.org\",\"@graph\":[{\"@type\":\"WebPage\",\"@id\":\"https:\\\/\\\/vog.com.tn\\\/?product=mules-moyenne-femmes-305152-vog\",\"url\":\"https:\\\/\\\/vog.com.tn\\\/?product=mules-moyenne-femmes-305152-vog\",\"name\":\"Mules moyenne Femmes \u2013 305152 \u2013 VOG - Vog Tunisie\",\"isPartOf\":{\"@id\":\"https:\\\/\\\/vog.com.tn\\\/#website\"},\"primaryImageOfPage\":{\"@id\":\"https:\\\/\\\/vog.com.tn\\\/?product=mules-moyenne-femmes-305152-vog#primaryimage\"},\"image\":{\"@id\":\"https:\\\/\\\/vog.com.tn\\\/?product=mules-moyenne-femmes-305152-vog#primaryimage\"},\"thumbnailUrl\":\"https:\\\/\\\/vog.com.tn\\\/wp-content\\\/uploads\\\/2025\\\/07\\\/305152-beige-4.jpg\",\"datePublished\":\"2025-07-12T11:34:10+00:00\",\"dateModified\":\"2026-05-05T10:11:30+00:00\",\"breadcrumb\":{\"@id\":\"https:\\\/\\\/vog.com.tn\\\/?product=mules-moyenne-femmes-305152-vog#breadcrumb\"},\"inLanguage\":\"fr-FR\",\"potentialAction\":[{\"@type\":\"ReadAction\",\"target\":[\"https:\\\/\\\/vog.com.tn\\\/?product=mules-moyenne-femmes-305152-vog\"]}]},{\"@type\":\"ImageObject\",\"inLanguage\":\"fr-FR\",\"@id\":\"https:\\\/\\\/vog.com.tn\\\/?product=mules-moyenne-femmes-305152-vog#primaryimage\",\"url\":\"https:\\\/\\\/vog.com.tn\\\/wp-content\\\/uploads\\\/2025\\\/07\\\/305152-beige-4.jpg\",\"contentUrl\":\"https:\\\/\\\/vog.com.tn\\\/wp-content\\\/uploads\\\/2025\\\/07\\\/305152-beige-4.jpg\",\"width\":1084,\"height\":1600},{\"@type\":\"BreadcrumbList\",\"@id\":\"https:\\\/\\\/vog.com.tn\\\/?product=mules-moyenne-femmes-305152-vog#breadcrumb\",\"itemListElement\":[{\"@type\":\"ListItem\",\"position\":1,\"name\":\"Home\",\"item\":\"https:\\\/\\\/vog.com.tn\\\/\"},{\"@type\":\"ListItem\",\"position\":2,\"name\":\"Produits\",\"item\":\"https:\\\/\\\/vog.com.tn\\\/?page_id=8\"},{\"@type\":\"ListItem\",\"position\":3,\"name\":\"Mules moyenne Femmes \u2013 305152 \u2013 VOG\"}]},{\"@type\":\"WebSite\",\"@id\":\"https:\\\/\\\/vog.com.tn\\\/#website\",\"url\":\"https:\\\/\\\/vog.com.tn\\\/\",\"name\":\"Vog Tunisie\",\"description\":\"Pr\u00eat-\u00e0-porter\",\"potentialAction\":[{\"@type\":\"SearchAction\",\"target\":{\"@type\":\"EntryPoint\",\"urlTemplate\":\"https:\\\/\\\/vog.com.tn\\\/?s={search_term_string}\"},\"query-input\":{\"@type\":\"PropertyValueSpecification\",\"valueRequired\":true,\"valueName\":\"search_term_string\"}}],\"inLanguage\":\"fr-FR\"}]}<\/script>\n<!-- \/ Yoast SEO plugin. -->","yoast_head_json":{"title":"Mules moyenne Femmes \u2013 305152 \u2013 VOG - Vog Tunisie","robots":{"index":"index","follow":"follow","max-snippet":"max-snippet:-1","max-image-preview":"max-image-preview:large","max-video-preview":"max-video-preview:-1"},"canonical":"https:\/\/vog.com.tn\/?product=mules-moyenne-femmes-305152-vog","og_locale":"fr_FR","og_type":"article","og_title":"Mules moyenne Femmes \u2013 305152 \u2013 VOG - Vog Tunisie","og_description":"Vente en ligne - Mules moyenne pour femmes Style boh\u00e8me chic &amp; confort absolu ! Ces mules \u00e0 boucles strass vont sublimer vos tenues estivales.    Mod\u00e8le : Mule plate \u00e0 enfiler  Hauteur de la semelle : Environ 3,5 cm  Mati\u00e8re principale : Textile effet rotin\/tress\u00e9  Semelle ext\u00e9rieure : Caoutchouc antid\u00e9rapant  Ornement : Boucles d\u00e9coratives en strass  Coloris disponibles : Camel, Beige et Noir  Livraison \u00e0 domicile : 8 TND  D\u00e9lai de livraison : 2 \u00e0 3 jours  \u00c9change possible : Vous payez les frais de livraison du second colis.  D\u00e9lai d\u2019\u00e9change : Maximum 1 jour","og_url":"https:\/\/vog.com.tn\/?product=mules-moyenne-femmes-305152-vog","og_site_name":"Vog Tunisie","article_modified_time":"2026-05-05T10:11:30+00:00","og_image":[{"width":1084,"height":1600,"url":"https:\/\/vog.com.tn\/wp-content\/uploads\/2025\/07\/305152-beige-4.jpg","type":"image\/jpeg"}],"twitter_card":"summary_large_image","twitter_misc":{"Dur\u00e9e de lecture estim\u00e9e":"1 minute"},"schema":{"@context":"https:\/\/schema.org","@graph":[{"@type":"WebPage","@id":"https:\/\/vog.com.tn\/?product=mules-moyenne-femmes-305152-vog","url":"https:\/\/vog.com.tn\/?product=mules-moyenne-femmes-305152-vog","name":"Mules moyenne Femmes \u2013 305152 \u2013 VOG - Vog Tunisie","isPartOf":{"@id":"https:\/\/vog.com.tn\/#website"},"primaryImageOfPage":{"@id":"https:\/\/vog.com.tn\/?product=mules-moyenne-femmes-305152-vog#primaryimage"},"image":{"@id":"https:\/\/vog.com.tn\/?product=mules-moyenne-femmes-305152-vog#primaryimage"},"thumbnailUrl":"https:\/\/vog.com.tn\/wp-content\/uploads\/2025\/07\/305152-beige-4.jpg","datePublished":"2025-07-12T11:34:10+00:00","dateModified":"2026-05-05T10:11:30+00:00","breadcrumb":{"@id":"https:\/\/vog.com.tn\/?product=mules-moyenne-femmes-305152-vog#breadcrumb"},"inLanguage":"fr-FR","potentialAction":[{"@type":"ReadAction","target":["https:\/\/vog.com.tn\/?product=mules-moyenne-femmes-305152-vog"]}]},{"@type":"ImageObject","inLanguage":"fr-FR","@id":"https:\/\/vog.com.tn\/?product=mules-moyenne-femmes-305152-vog#primaryimage","url":"https:\/\/vog.com.tn\/wp-content\/uploads\/2025\/07\/305152-beige-4.jpg","contentUrl":"https:\/\/vog.com.tn\/wp-content\/uploads\/2025\/07\/305152-beige-4.jpg","width":1084,"height":1600},{"@type":"BreadcrumbList","@id":"https:\/\/vog.com.tn\/?product=mules-moyenne-femmes-305152-vog#breadcrumb","itemListElement":[{"@type":"ListItem","position":1,"name":"Home","item":"https:\/\/vog.com.tn\/"},{"@type":"ListItem","position":2,"name":"Produits","item":"https:\/\/vog.com.tn\/?page_id=8"},{"@type":"ListItem","position":3,"name":"Mules moyenne Femmes \u2013 305152 \u2013 VOG"}]},{"@type":"WebSite","@id":"https:\/\/vog.com.tn\/#website","url":"https:\/\/vog.com.tn\/","name":"Vog Tunisie","description":"Pr\u00eat-\u00e0-porter","potentialAction":[{"@type":"SearchAction","target":{"@type":"EntryPoint","urlTemplate":"https:\/\/vog.com.tn\/?s={search_term_string}"},"query-input":{"@type":"PropertyValueSpecification","valueRequired":true,"valueName":"search_term_string"}}],"inLanguage":"fr-FR"}]}},"_links":{"self":[{"href":"https:\/\/vog.com.tn\/index.php?rest_route=\/wp\/v2\/product\/100706","targetHints":{"allow":["GET"]}}],"collection":[{"href":"https:\/\/vog.com.tn\/index.php?rest_route=\/wp\/v2\/product"}],"about":[{"href":"https:\/\/vog.com.tn\/index.php?rest_route=\/wp\/v2\/types\/product"}],"wp:featuredmedia":[{"embeddable":true,"href":"https:\/\/vog.com.tn\/index.php?rest_route=\/wp\/v2\/media\/113623"}],"wp:attachment":[{"href":"https:\/\/vog.com.tn\/index.php?rest_route=%2Fwp%2Fv2%2Fmedia&parent=100706"}],"wp:term":[{"taxonomy":"product_brand","embeddable":true,"href":"https:\/\/vog.com.tn\/index.php?rest_route=%2Fwp%2Fv2%2Fproduct_brand&post=100706"},{"taxonomy":"product_cat","embeddable":true,"href":"https:\/\/vog.com.tn\/index.php?rest_route=%2Fwp%2Fv2%2Fproduct_cat&post=100706"},{"taxonomy":"product_tag","embeddable":true,"href":"https:\/\/vog.com.tn\/index.php?rest_route=%2Fwp%2Fv2%2Fproduct_tag&post=100706"}],"curies":[{"name":"wp","href":"https:\/\/api.w.org\/{rel}","templated":true}]}}