{"id":100838,"date":"2025-07-12T14:19:33","date_gmt":"2025-07-12T12:19:33","guid":{"rendered":"https:\/\/vog.com.tn\/?post_type=product&#038;p=100838"},"modified":"2026-04-12T12:11:41","modified_gmt":"2026-04-12T10:11:41","slug":"mules-a-talon-femme-305251-vog","status":"publish","type":"product","link":"https:\/\/vog.com.tn\/?product=mules-a-talon-femme-305251-vog","title":{"rendered":"Mules \u00e0 Talon Femme \u2013 305251 \u2013 VOG"},"content":{"rendered":"<p>Craquez pour ces mules \u00e0 talons blocs au design tress\u00e9 ultra tendance, parfaites pour sublimer vos tenues d&rsquo;\u00e9t\u00e9 avec style et l\u00e9g\u00e8ret\u00e9. Leur finition soign\u00e9e et leur confort optimal en font un choix incontournable pour vos sorties ou vos journ\u00e9es chic d\u00e9contract\u00e9es.<\/p>\n","protected":false},"excerpt":{"rendered":"<p>Vente en ligne mules \u00e0 talon pour femme<\/p>\n<ul>\n<li data-start=\"424\" data-end=\"461\"><strong data-start=\"424\" data-end=\"434\">Mod\u00e8le<\/strong> : Mule ouverte \u00e0 enfiler<\/li>\n<li data-start=\"424\" data-end=\"461\"><strong data-start=\"464\" data-end=\"473\">Talon<\/strong> : Bloc stable d\u2019environ 6 cm<\/li>\n<li data-start=\"424\" data-end=\"461\"><strong data-start=\"507\" data-end=\"529\">Mati\u00e8re principale<\/strong> : Textile effet raphia tress\u00e9<\/li>\n<li data-start=\"424\" data-end=\"461\"><strong data-start=\"564\" data-end=\"586\">Semelle ext\u00e9rieure<\/strong> : Caoutchouc antid\u00e9rapant<\/li>\n<li data-start=\"424\" data-end=\"461\"><strong data-start=\"617\" data-end=\"625\">Bout<\/strong> : Carr\u00e9 moderne<\/li>\n<li data-start=\"644\" data-end=\"685\"><strong data-start=\"646\" data-end=\"669\">Coloris disponibles<\/strong> : Gold &amp; Noir<\/li>\n<li data-start=\"644\" data-end=\"685\"><strong data-start=\"688\" data-end=\"712\">Livraison \u00e0 domicile<\/strong> : 8 TND<\/li>\n<li data-start=\"644\" data-end=\"685\"><strong data-start=\"725\" data-end=\"747\">D\u00e9lai de livraison<\/strong> : 2 \u00e0 3 jours<\/li>\n<li data-start=\"644\" data-end=\"685\"><strong data-start=\"766\" data-end=\"786\">\u00c9change possible<\/strong> : Vous payez les frais de livraison du second colis (D\u00e9lai d\u2019\u00e9change : maximum 1 jour)<\/li>\n<\/ul>\n","protected":false},"featured_media":104016,"template":"","meta":[],"product_brand":[],"product_cat":[96,137,246,360],"product_tag":[],"class_list":{"0":"post-100838","1":"product","2":"type-product","3":"status-publish","4":"has-post-thumbnail","6":"product_cat-chaussures-femme","7":"product_cat-mode-femme","8":"product_cat-mules-talon","9":"product_cat-nouvelle-collection","10":"pa_couleurs-gold","11":"pa_couleurs-noir","12":"pa_pointure-105","13":"pa_pointure-106","14":"pa_pointure-107","15":"pa_pointure-108","16":"pa_pointure-109","17":"pa_pointure-110","20":"first","21":"instock","22":"taxable","23":"shipping-taxable","24":"purchasable","25":"product-type-variable"},"yoast_head":"<!-- This site is optimized with the Yoast SEO plugin v27.5 - https:\/\/yoast.com\/product\/yoast-seo-wordpress\/ -->\n<title>Mules \u00e0 Talon Femme \u2013 305251 \u2013 VOG - Vog Tunisie<\/title>\n<meta name=\"robots\" content=\"index, follow, max-snippet:-1, max-image-preview:large, max-video-preview:-1\" \/>\n<link rel=\"canonical\" href=\"https:\/\/vog.com.tn\/?product=mules-a-talon-femme-305251-vog\" \/>\n<meta property=\"og:locale\" content=\"fr_FR\" \/>\n<meta property=\"og:type\" content=\"article\" \/>\n<meta property=\"og:title\" content=\"Mules \u00e0 Talon Femme \u2013 305251 \u2013 VOG - Vog Tunisie\" \/>\n<meta property=\"og:description\" content=\"Vente en ligne mules \u00e0 talon pour femme   Mod\u00e8le : Mule ouverte \u00e0 enfiler  Talon : Bloc stable d\u2019environ 6 cm  Mati\u00e8re principale : Textile effet raphia tress\u00e9  Semelle ext\u00e9rieure : Caoutchouc antid\u00e9rapant  Bout : Carr\u00e9 moderne  Coloris disponibles : Gold &amp; Noir  Livraison \u00e0 domicile : 8 TND  D\u00e9lai de livraison : 2 \u00e0 3 jours  \u00c9change possible : Vous payez les frais de livraison du second colis (D\u00e9lai d\u2019\u00e9change : maximum 1 jour)\" \/>\n<meta property=\"og:url\" content=\"https:\/\/vog.com.tn\/?product=mules-a-talon-femme-305251-vog\" \/>\n<meta property=\"og:site_name\" content=\"Vog Tunisie\" \/>\n<meta property=\"article:modified_time\" content=\"2026-04-12T10:11:41+00:00\" \/>\n<meta property=\"og:image\" content=\"https:\/\/vog.com.tn\/wp-content\/uploads\/2025\/07\/305251-gold-2.jpg\" \/>\n\t<meta property=\"og:image:width\" content=\"799\" \/>\n\t<meta property=\"og:image:height\" content=\"1180\" \/>\n\t<meta property=\"og:image:type\" content=\"image\/jpeg\" \/>\n<meta name=\"twitter:card\" content=\"summary_large_image\" \/>\n<meta name=\"twitter:label1\" content=\"Dur\u00e9e de lecture estim\u00e9e\" \/>\n\t<meta name=\"twitter:data1\" content=\"1 minute\" \/>\n<script type=\"application\/ld+json\" class=\"yoast-schema-graph\">{\"@context\":\"https:\\\/\\\/schema.org\",\"@graph\":[{\"@type\":\"WebPage\",\"@id\":\"https:\\\/\\\/vog.com.tn\\\/?product=mules-a-talon-femme-305251-vog\",\"url\":\"https:\\\/\\\/vog.com.tn\\\/?product=mules-a-talon-femme-305251-vog\",\"name\":\"Mules \u00e0 Talon Femme \u2013 305251 \u2013 VOG - Vog Tunisie\",\"isPartOf\":{\"@id\":\"https:\\\/\\\/vog.com.tn\\\/#website\"},\"primaryImageOfPage\":{\"@id\":\"https:\\\/\\\/vog.com.tn\\\/?product=mules-a-talon-femme-305251-vog#primaryimage\"},\"image\":{\"@id\":\"https:\\\/\\\/vog.com.tn\\\/?product=mules-a-talon-femme-305251-vog#primaryimage\"},\"thumbnailUrl\":\"https:\\\/\\\/vog.com.tn\\\/wp-content\\\/uploads\\\/2025\\\/07\\\/305251-gold-2.jpg\",\"datePublished\":\"2025-07-12T12:19:33+00:00\",\"dateModified\":\"2026-04-12T10:11:41+00:00\",\"breadcrumb\":{\"@id\":\"https:\\\/\\\/vog.com.tn\\\/?product=mules-a-talon-femme-305251-vog#breadcrumb\"},\"inLanguage\":\"fr-FR\",\"potentialAction\":[{\"@type\":\"ReadAction\",\"target\":[\"https:\\\/\\\/vog.com.tn\\\/?product=mules-a-talon-femme-305251-vog\"]}]},{\"@type\":\"ImageObject\",\"inLanguage\":\"fr-FR\",\"@id\":\"https:\\\/\\\/vog.com.tn\\\/?product=mules-a-talon-femme-305251-vog#primaryimage\",\"url\":\"https:\\\/\\\/vog.com.tn\\\/wp-content\\\/uploads\\\/2025\\\/07\\\/305251-gold-2.jpg\",\"contentUrl\":\"https:\\\/\\\/vog.com.tn\\\/wp-content\\\/uploads\\\/2025\\\/07\\\/305251-gold-2.jpg\",\"width\":799,\"height\":1180},{\"@type\":\"BreadcrumbList\",\"@id\":\"https:\\\/\\\/vog.com.tn\\\/?product=mules-a-talon-femme-305251-vog#breadcrumb\",\"itemListElement\":[{\"@type\":\"ListItem\",\"position\":1,\"name\":\"Home\",\"item\":\"https:\\\/\\\/vog.com.tn\\\/\"},{\"@type\":\"ListItem\",\"position\":2,\"name\":\"Produits\",\"item\":\"https:\\\/\\\/vog.com.tn\\\/?page_id=8\"},{\"@type\":\"ListItem\",\"position\":3,\"name\":\"Mules \u00e0 Talon Femme \u2013 305251 \u2013 VOG\"}]},{\"@type\":\"WebSite\",\"@id\":\"https:\\\/\\\/vog.com.tn\\\/#website\",\"url\":\"https:\\\/\\\/vog.com.tn\\\/\",\"name\":\"Vog Tunisie\",\"description\":\"Pr\u00eat-\u00e0-porter\",\"potentialAction\":[{\"@type\":\"SearchAction\",\"target\":{\"@type\":\"EntryPoint\",\"urlTemplate\":\"https:\\\/\\\/vog.com.tn\\\/?s={search_term_string}\"},\"query-input\":{\"@type\":\"PropertyValueSpecification\",\"valueRequired\":true,\"valueName\":\"search_term_string\"}}],\"inLanguage\":\"fr-FR\"}]}<\/script>\n<!-- \/ Yoast SEO plugin. -->","yoast_head_json":{"title":"Mules \u00e0 Talon Femme \u2013 305251 \u2013 VOG - Vog Tunisie","robots":{"index":"index","follow":"follow","max-snippet":"max-snippet:-1","max-image-preview":"max-image-preview:large","max-video-preview":"max-video-preview:-1"},"canonical":"https:\/\/vog.com.tn\/?product=mules-a-talon-femme-305251-vog","og_locale":"fr_FR","og_type":"article","og_title":"Mules \u00e0 Talon Femme \u2013 305251 \u2013 VOG - Vog Tunisie","og_description":"Vente en ligne mules \u00e0 talon pour femme   Mod\u00e8le : Mule ouverte \u00e0 enfiler  Talon : Bloc stable d\u2019environ 6 cm  Mati\u00e8re principale : Textile effet raphia tress\u00e9  Semelle ext\u00e9rieure : Caoutchouc antid\u00e9rapant  Bout : Carr\u00e9 moderne  Coloris disponibles : Gold &amp; Noir  Livraison \u00e0 domicile : 8 TND  D\u00e9lai de livraison : 2 \u00e0 3 jours  \u00c9change possible : Vous payez les frais de livraison du second colis (D\u00e9lai d\u2019\u00e9change : maximum 1 jour)","og_url":"https:\/\/vog.com.tn\/?product=mules-a-talon-femme-305251-vog","og_site_name":"Vog Tunisie","article_modified_time":"2026-04-12T10:11:41+00:00","og_image":[{"width":799,"height":1180,"url":"https:\/\/vog.com.tn\/wp-content\/uploads\/2025\/07\/305251-gold-2.jpg","type":"image\/jpeg"}],"twitter_card":"summary_large_image","twitter_misc":{"Dur\u00e9e de lecture estim\u00e9e":"1 minute"},"schema":{"@context":"https:\/\/schema.org","@graph":[{"@type":"WebPage","@id":"https:\/\/vog.com.tn\/?product=mules-a-talon-femme-305251-vog","url":"https:\/\/vog.com.tn\/?product=mules-a-talon-femme-305251-vog","name":"Mules \u00e0 Talon Femme \u2013 305251 \u2013 VOG - Vog Tunisie","isPartOf":{"@id":"https:\/\/vog.com.tn\/#website"},"primaryImageOfPage":{"@id":"https:\/\/vog.com.tn\/?product=mules-a-talon-femme-305251-vog#primaryimage"},"image":{"@id":"https:\/\/vog.com.tn\/?product=mules-a-talon-femme-305251-vog#primaryimage"},"thumbnailUrl":"https:\/\/vog.com.tn\/wp-content\/uploads\/2025\/07\/305251-gold-2.jpg","datePublished":"2025-07-12T12:19:33+00:00","dateModified":"2026-04-12T10:11:41+00:00","breadcrumb":{"@id":"https:\/\/vog.com.tn\/?product=mules-a-talon-femme-305251-vog#breadcrumb"},"inLanguage":"fr-FR","potentialAction":[{"@type":"ReadAction","target":["https:\/\/vog.com.tn\/?product=mules-a-talon-femme-305251-vog"]}]},{"@type":"ImageObject","inLanguage":"fr-FR","@id":"https:\/\/vog.com.tn\/?product=mules-a-talon-femme-305251-vog#primaryimage","url":"https:\/\/vog.com.tn\/wp-content\/uploads\/2025\/07\/305251-gold-2.jpg","contentUrl":"https:\/\/vog.com.tn\/wp-content\/uploads\/2025\/07\/305251-gold-2.jpg","width":799,"height":1180},{"@type":"BreadcrumbList","@id":"https:\/\/vog.com.tn\/?product=mules-a-talon-femme-305251-vog#breadcrumb","itemListElement":[{"@type":"ListItem","position":1,"name":"Home","item":"https:\/\/vog.com.tn\/"},{"@type":"ListItem","position":2,"name":"Produits","item":"https:\/\/vog.com.tn\/?page_id=8"},{"@type":"ListItem","position":3,"name":"Mules \u00e0 Talon Femme \u2013 305251 \u2013 VOG"}]},{"@type":"WebSite","@id":"https:\/\/vog.com.tn\/#website","url":"https:\/\/vog.com.tn\/","name":"Vog Tunisie","description":"Pr\u00eat-\u00e0-porter","potentialAction":[{"@type":"SearchAction","target":{"@type":"EntryPoint","urlTemplate":"https:\/\/vog.com.tn\/?s={search_term_string}"},"query-input":{"@type":"PropertyValueSpecification","valueRequired":true,"valueName":"search_term_string"}}],"inLanguage":"fr-FR"}]}},"_links":{"self":[{"href":"https:\/\/vog.com.tn\/index.php?rest_route=\/wp\/v2\/product\/100838","targetHints":{"allow":["GET"]}}],"collection":[{"href":"https:\/\/vog.com.tn\/index.php?rest_route=\/wp\/v2\/product"}],"about":[{"href":"https:\/\/vog.com.tn\/index.php?rest_route=\/wp\/v2\/types\/product"}],"wp:featuredmedia":[{"embeddable":true,"href":"https:\/\/vog.com.tn\/index.php?rest_route=\/wp\/v2\/media\/104016"}],"wp:attachment":[{"href":"https:\/\/vog.com.tn\/index.php?rest_route=%2Fwp%2Fv2%2Fmedia&parent=100838"}],"wp:term":[{"taxonomy":"product_brand","embeddable":true,"href":"https:\/\/vog.com.tn\/index.php?rest_route=%2Fwp%2Fv2%2Fproduct_brand&post=100838"},{"taxonomy":"product_cat","embeddable":true,"href":"https:\/\/vog.com.tn\/index.php?rest_route=%2Fwp%2Fv2%2Fproduct_cat&post=100838"},{"taxonomy":"product_tag","embeddable":true,"href":"https:\/\/vog.com.tn\/index.php?rest_route=%2Fwp%2Fv2%2Fproduct_tag&post=100838"}],"curies":[{"name":"wp","href":"https:\/\/api.w.org\/{rel}","templated":true}]}}