{"id":100855,"date":"2025-07-12T15:56:05","date_gmt":"2025-07-12T13:56:05","guid":{"rendered":"https:\/\/vog.com.tn\/?post_type=product&#038;p=100855"},"modified":"2026-04-02T12:11:37","modified_gmt":"2026-04-02T10:11:37","slug":"sandales-moyenne-femme-305366-vog","status":"publish","type":"product","link":"https:\/\/vog.com.tn\/?product=sandales-moyenne-femme-305366-vog","title":{"rendered":"Sandales moyenne Femme \u2013305366\u2013 VOG"},"content":{"rendered":"<p>Alliez confort et style avec ces sandales \u00e0 l&rsquo;allure d\u00e9contract\u00e9e et tendance. Con\u00e7ues avec une semelle \u00e9paisse crant\u00e9e pour un maintien optimal et une touche urbaine, elles sont dot\u00e9es de deux brides \u00e0 scratch r\u00e9glables sur le dessus et d\u2019une bride arri\u00e8re assurant un bon maintien du pied. Le d\u00e9tail clout\u00e9 en m\u00e9tal dor\u00e9 ajoute une finition chic et moderne \u00e0 ce mod\u00e8le polyvalent.<\/p>\n","protected":false},"excerpt":{"rendered":"<p>Vente en lignes sandales moyenne pour femmes :<\/p>\n<ul>\n<li data-start=\"594\" data-end=\"642\"><strong data-start=\"596\" data-end=\"605\">Forme<\/strong> : sandales ouvertes \u00e0 bout arrondi<\/li>\n<li data-start=\"594\" data-end=\"642\"><strong data-start=\"645\" data-end=\"658\">Fermeture<\/strong> : brides \u00e0 scratch ajustables<\/li>\n<li data-start=\"594\" data-end=\"642\"><strong data-start=\"693\" data-end=\"704\">Semelle<\/strong> : crant\u00e9e, confortable et antid\u00e9rapante<\/li>\n<li data-start=\"594\" data-end=\"642\"><strong data-start=\"749\" data-end=\"760\">D\u00e9tails<\/strong> : rivets m\u00e9talliques d\u00e9coratifs sur les brides<\/li>\n<li data-start=\"594\" data-end=\"642\"><strong data-start=\"812\" data-end=\"823\">Mati\u00e8re<\/strong> : effet cuir pour le blanc, camel et noir ; effet tissu textur\u00e9 pour le taupe<\/li>\n<li data-start=\"594\" data-end=\"642\"><strong data-start=\"906\" data-end=\"925\">Hauteur semelle<\/strong> : environ 4 cm<\/li>\n<li data-start=\"594\" data-end=\"642\"><strong data-start=\"977\" data-end=\"1001\">Couleurs disponibles<\/strong> : Blanc (chic et lumineux) Camel (chaud et naturel) Noir (sobre et intemporel) Taupe (effet tissu, original et doux)<\/li>\n<li data-start=\"594\" data-end=\"642\"><strong data-start=\"688\" data-end=\"712\">Livraison \u00e0 domicile<\/strong> : 8 TND<\/li>\n<li data-start=\"594\" data-end=\"642\"><strong data-start=\"725\" data-end=\"747\">D\u00e9lai de livraison<\/strong> : 2 \u00e0 3 jours<\/li>\n<li data-start=\"594\" data-end=\"642\"><strong data-start=\"766\" data-end=\"786\">\u00c9change possible<\/strong> : Vous payez les frais de livraison du second colis (D\u00e9lai d\u2019\u00e9change : maximum 1 jour)<\/li>\n<\/ul>\n","protected":false},"featured_media":113520,"template":"","meta":[],"product_brand":[],"product_cat":[405,96,137,360,78,497,259],"product_tag":[],"class_list":{"0":"post-100855","1":"product","2":"type-product","3":"status-publish","4":"has-post-thumbnail","6":"product_cat-boucles-doreilles","7":"product_cat-chaussures-femme","8":"product_cat-mode-femme","9":"product_cat-nouvelle-collection","10":"product_cat-sandales-nu-pieds-femme","11":"product_cat-sandales-moyenne-femme","12":"product_cat-sandales-plates","13":"pa_couleurs-blanc","14":"pa_couleurs-camel","15":"pa_couleurs-noir","16":"pa_couleurs-taupe","17":"pa_pointure-105","18":"pa_pointure-106","19":"pa_pointure-107","20":"pa_pointure-108","21":"pa_pointure-109","22":"pa_pointure-110","25":"first","26":"outofstock","27":"taxable","28":"shipping-taxable","29":"product-type-variable"},"yoast_head":"<!-- This site is optimized with the Yoast SEO plugin v27.5 - https:\/\/yoast.com\/product\/yoast-seo-wordpress\/ -->\n<title>Sandales moyenne Femme \u2013305366\u2013 VOG - Vog Tunisie<\/title>\n<meta name=\"robots\" content=\"index, follow, max-snippet:-1, max-image-preview:large, max-video-preview:-1\" \/>\n<link rel=\"canonical\" href=\"https:\/\/vog.com.tn\/?product=sandales-moyenne-femme-305366-vog\" \/>\n<meta property=\"og:locale\" content=\"fr_FR\" \/>\n<meta property=\"og:type\" content=\"article\" \/>\n<meta property=\"og:title\" content=\"Sandales moyenne Femme \u2013305366\u2013 VOG - Vog Tunisie\" \/>\n<meta property=\"og:description\" content=\"Vente en lignes sandales moyenne pour femmes :   Forme : sandales ouvertes \u00e0 bout arrondi  Fermeture : brides \u00e0 scratch ajustables  Semelle : crant\u00e9e, confortable et antid\u00e9rapante  D\u00e9tails : rivets m\u00e9talliques d\u00e9coratifs sur les brides  Mati\u00e8re : effet cuir pour le blanc, camel et noir ; effet tissu textur\u00e9 pour le taupe  Hauteur semelle : environ 4 cm  Couleurs disponibles : Blanc (chic et lumineux) Camel (chaud et naturel) Noir (sobre et intemporel) Taupe (effet tissu, original et doux)  Livraison \u00e0 domicile : 8 TND  D\u00e9lai de livraison : 2 \u00e0 3 jours  \u00c9change possible : Vous payez les frais de livraison du second colis (D\u00e9lai d\u2019\u00e9change : maximum 1 jour)\" \/>\n<meta property=\"og:url\" content=\"https:\/\/vog.com.tn\/?product=sandales-moyenne-femme-305366-vog\" \/>\n<meta property=\"og:site_name\" content=\"Vog Tunisie\" \/>\n<meta property=\"article:modified_time\" content=\"2026-04-02T10:11:37+00:00\" \/>\n<meta property=\"og:image\" content=\"https:\/\/vog.com.tn\/wp-content\/uploads\/2025\/07\/305366-noir-1.jpg\" \/>\n\t<meta property=\"og:image:width\" content=\"1066\" \/>\n\t<meta property=\"og:image:height\" content=\"1600\" \/>\n\t<meta property=\"og:image:type\" content=\"image\/jpeg\" \/>\n<meta name=\"twitter:card\" content=\"summary_large_image\" \/>\n<meta name=\"twitter:label1\" content=\"Dur\u00e9e de lecture estim\u00e9e\" \/>\n\t<meta name=\"twitter:data1\" content=\"1 minute\" \/>\n<script type=\"application\/ld+json\" class=\"yoast-schema-graph\">{\"@context\":\"https:\\\/\\\/schema.org\",\"@graph\":[{\"@type\":\"WebPage\",\"@id\":\"https:\\\/\\\/vog.com.tn\\\/?product=sandales-moyenne-femme-305366-vog\",\"url\":\"https:\\\/\\\/vog.com.tn\\\/?product=sandales-moyenne-femme-305366-vog\",\"name\":\"Sandales moyenne Femme \u2013305366\u2013 VOG - Vog Tunisie\",\"isPartOf\":{\"@id\":\"https:\\\/\\\/vog.com.tn\\\/#website\"},\"primaryImageOfPage\":{\"@id\":\"https:\\\/\\\/vog.com.tn\\\/?product=sandales-moyenne-femme-305366-vog#primaryimage\"},\"image\":{\"@id\":\"https:\\\/\\\/vog.com.tn\\\/?product=sandales-moyenne-femme-305366-vog#primaryimage\"},\"thumbnailUrl\":\"https:\\\/\\\/vog.com.tn\\\/wp-content\\\/uploads\\\/2025\\\/07\\\/305366-noir-1.jpg\",\"datePublished\":\"2025-07-12T13:56:05+00:00\",\"dateModified\":\"2026-04-02T10:11:37+00:00\",\"breadcrumb\":{\"@id\":\"https:\\\/\\\/vog.com.tn\\\/?product=sandales-moyenne-femme-305366-vog#breadcrumb\"},\"inLanguage\":\"fr-FR\",\"potentialAction\":[{\"@type\":\"ReadAction\",\"target\":[\"https:\\\/\\\/vog.com.tn\\\/?product=sandales-moyenne-femme-305366-vog\"]}]},{\"@type\":\"ImageObject\",\"inLanguage\":\"fr-FR\",\"@id\":\"https:\\\/\\\/vog.com.tn\\\/?product=sandales-moyenne-femme-305366-vog#primaryimage\",\"url\":\"https:\\\/\\\/vog.com.tn\\\/wp-content\\\/uploads\\\/2025\\\/07\\\/305366-noir-1.jpg\",\"contentUrl\":\"https:\\\/\\\/vog.com.tn\\\/wp-content\\\/uploads\\\/2025\\\/07\\\/305366-noir-1.jpg\",\"width\":1066,\"height\":1600},{\"@type\":\"BreadcrumbList\",\"@id\":\"https:\\\/\\\/vog.com.tn\\\/?product=sandales-moyenne-femme-305366-vog#breadcrumb\",\"itemListElement\":[{\"@type\":\"ListItem\",\"position\":1,\"name\":\"Home\",\"item\":\"https:\\\/\\\/vog.com.tn\\\/\"},{\"@type\":\"ListItem\",\"position\":2,\"name\":\"Produits\",\"item\":\"https:\\\/\\\/vog.com.tn\\\/?page_id=8\"},{\"@type\":\"ListItem\",\"position\":3,\"name\":\"Sandales moyenne Femme \u2013305366\u2013 VOG\"}]},{\"@type\":\"WebSite\",\"@id\":\"https:\\\/\\\/vog.com.tn\\\/#website\",\"url\":\"https:\\\/\\\/vog.com.tn\\\/\",\"name\":\"Vog Tunisie\",\"description\":\"Pr\u00eat-\u00e0-porter\",\"potentialAction\":[{\"@type\":\"SearchAction\",\"target\":{\"@type\":\"EntryPoint\",\"urlTemplate\":\"https:\\\/\\\/vog.com.tn\\\/?s={search_term_string}\"},\"query-input\":{\"@type\":\"PropertyValueSpecification\",\"valueRequired\":true,\"valueName\":\"search_term_string\"}}],\"inLanguage\":\"fr-FR\"}]}<\/script>\n<!-- \/ Yoast SEO plugin. -->","yoast_head_json":{"title":"Sandales moyenne Femme \u2013305366\u2013 VOG - Vog Tunisie","robots":{"index":"index","follow":"follow","max-snippet":"max-snippet:-1","max-image-preview":"max-image-preview:large","max-video-preview":"max-video-preview:-1"},"canonical":"https:\/\/vog.com.tn\/?product=sandales-moyenne-femme-305366-vog","og_locale":"fr_FR","og_type":"article","og_title":"Sandales moyenne Femme \u2013305366\u2013 VOG - Vog Tunisie","og_description":"Vente en lignes sandales moyenne pour femmes :   Forme : sandales ouvertes \u00e0 bout arrondi  Fermeture : brides \u00e0 scratch ajustables  Semelle : crant\u00e9e, confortable et antid\u00e9rapante  D\u00e9tails : rivets m\u00e9talliques d\u00e9coratifs sur les brides  Mati\u00e8re : effet cuir pour le blanc, camel et noir ; effet tissu textur\u00e9 pour le taupe  Hauteur semelle : environ 4 cm  Couleurs disponibles : Blanc (chic et lumineux) Camel (chaud et naturel) Noir (sobre et intemporel) Taupe (effet tissu, original et doux)  Livraison \u00e0 domicile : 8 TND  D\u00e9lai de livraison : 2 \u00e0 3 jours  \u00c9change possible : Vous payez les frais de livraison du second colis (D\u00e9lai d\u2019\u00e9change : maximum 1 jour)","og_url":"https:\/\/vog.com.tn\/?product=sandales-moyenne-femme-305366-vog","og_site_name":"Vog Tunisie","article_modified_time":"2026-04-02T10:11:37+00:00","og_image":[{"width":1066,"height":1600,"url":"https:\/\/vog.com.tn\/wp-content\/uploads\/2025\/07\/305366-noir-1.jpg","type":"image\/jpeg"}],"twitter_card":"summary_large_image","twitter_misc":{"Dur\u00e9e de lecture estim\u00e9e":"1 minute"},"schema":{"@context":"https:\/\/schema.org","@graph":[{"@type":"WebPage","@id":"https:\/\/vog.com.tn\/?product=sandales-moyenne-femme-305366-vog","url":"https:\/\/vog.com.tn\/?product=sandales-moyenne-femme-305366-vog","name":"Sandales moyenne Femme \u2013305366\u2013 VOG - Vog Tunisie","isPartOf":{"@id":"https:\/\/vog.com.tn\/#website"},"primaryImageOfPage":{"@id":"https:\/\/vog.com.tn\/?product=sandales-moyenne-femme-305366-vog#primaryimage"},"image":{"@id":"https:\/\/vog.com.tn\/?product=sandales-moyenne-femme-305366-vog#primaryimage"},"thumbnailUrl":"https:\/\/vog.com.tn\/wp-content\/uploads\/2025\/07\/305366-noir-1.jpg","datePublished":"2025-07-12T13:56:05+00:00","dateModified":"2026-04-02T10:11:37+00:00","breadcrumb":{"@id":"https:\/\/vog.com.tn\/?product=sandales-moyenne-femme-305366-vog#breadcrumb"},"inLanguage":"fr-FR","potentialAction":[{"@type":"ReadAction","target":["https:\/\/vog.com.tn\/?product=sandales-moyenne-femme-305366-vog"]}]},{"@type":"ImageObject","inLanguage":"fr-FR","@id":"https:\/\/vog.com.tn\/?product=sandales-moyenne-femme-305366-vog#primaryimage","url":"https:\/\/vog.com.tn\/wp-content\/uploads\/2025\/07\/305366-noir-1.jpg","contentUrl":"https:\/\/vog.com.tn\/wp-content\/uploads\/2025\/07\/305366-noir-1.jpg","width":1066,"height":1600},{"@type":"BreadcrumbList","@id":"https:\/\/vog.com.tn\/?product=sandales-moyenne-femme-305366-vog#breadcrumb","itemListElement":[{"@type":"ListItem","position":1,"name":"Home","item":"https:\/\/vog.com.tn\/"},{"@type":"ListItem","position":2,"name":"Produits","item":"https:\/\/vog.com.tn\/?page_id=8"},{"@type":"ListItem","position":3,"name":"Sandales moyenne Femme \u2013305366\u2013 VOG"}]},{"@type":"WebSite","@id":"https:\/\/vog.com.tn\/#website","url":"https:\/\/vog.com.tn\/","name":"Vog Tunisie","description":"Pr\u00eat-\u00e0-porter","potentialAction":[{"@type":"SearchAction","target":{"@type":"EntryPoint","urlTemplate":"https:\/\/vog.com.tn\/?s={search_term_string}"},"query-input":{"@type":"PropertyValueSpecification","valueRequired":true,"valueName":"search_term_string"}}],"inLanguage":"fr-FR"}]}},"_links":{"self":[{"href":"https:\/\/vog.com.tn\/index.php?rest_route=\/wp\/v2\/product\/100855","targetHints":{"allow":["GET"]}}],"collection":[{"href":"https:\/\/vog.com.tn\/index.php?rest_route=\/wp\/v2\/product"}],"about":[{"href":"https:\/\/vog.com.tn\/index.php?rest_route=\/wp\/v2\/types\/product"}],"wp:featuredmedia":[{"embeddable":true,"href":"https:\/\/vog.com.tn\/index.php?rest_route=\/wp\/v2\/media\/113520"}],"wp:attachment":[{"href":"https:\/\/vog.com.tn\/index.php?rest_route=%2Fwp%2Fv2%2Fmedia&parent=100855"}],"wp:term":[{"taxonomy":"product_brand","embeddable":true,"href":"https:\/\/vog.com.tn\/index.php?rest_route=%2Fwp%2Fv2%2Fproduct_brand&post=100855"},{"taxonomy":"product_cat","embeddable":true,"href":"https:\/\/vog.com.tn\/index.php?rest_route=%2Fwp%2Fv2%2Fproduct_cat&post=100855"},{"taxonomy":"product_tag","embeddable":true,"href":"https:\/\/vog.com.tn\/index.php?rest_route=%2Fwp%2Fv2%2Fproduct_tag&post=100855"}],"curies":[{"name":"wp","href":"https:\/\/api.w.org\/{rel}","templated":true}]}}