{"id":100894,"date":"2025-07-12T16:26:59","date_gmt":"2025-07-12T14:26:59","guid":{"rendered":"https:\/\/vog.com.tn\/?post_type=product&#038;p=100894"},"modified":"2026-04-10T12:11:28","modified_gmt":"2026-04-10T10:11:28","slug":"sandales-moyenne-femme-305367-vog","status":"publish","type":"product","link":"https:\/\/vog.com.tn\/?product=sandales-moyenne-femme-305367-vog","title":{"rendered":"Sandales moyenne Femme \u2013305367\u2013 VOG"},"content":{"rendered":"<p>Alliez style affirm\u00e9 et confort absolu avec ce mod\u00e8le de sandales plates \u00e0 clous m\u00e9talliques. Mont\u00e9es sur une semelle crant\u00e9e \u00e9paisse, ces sandales vous assurent une excellente stabilit\u00e9 tout en ajoutant une touche tendance \u00e0 vos looks quotidiens.<\/p>\n","protected":false},"excerpt":{"rendered":"<p>Vente en lignes sandales moyenne pour femmes :<\/p>\n<ul>\n<li data-start=\"86\" data-end=\"209\"><strong data-start=\"86\" data-end=\"118\">Clous d\u00e9coratifs ton sur ton<\/strong> pour une touche rock et moderne qui sublime aussi bien un jean casual qu\u2019une robe d\u2019\u00e9t\u00e9.<\/li>\n<li data-start=\"86\" data-end=\"209\"><strong data-start=\"212\" data-end=\"261\">Double bride :<\/strong> auto-agrippant et bride arri\u00e8re pour un maintien parfait et un ajustement personnalis\u00e9.<\/li>\n<li data-start=\"86\" data-end=\"209\"><strong data-start=\"693\" data-end=\"718\">Coloris disponibles :<\/strong> Camel \u2013 Noir<\/li>\n<li data-start=\"86\" data-end=\"209\"><strong data-start=\"736\" data-end=\"751\">Fermeture :<\/strong> Brides \u00e0 scratch<\/li>\n<li data-start=\"86\" data-end=\"209\"><strong data-start=\"773\" data-end=\"786\">D\u00e9tails :<\/strong> Clous m\u00e9talliques d\u00e9coratifs, semelle crant\u00e9e antid\u00e9rapante<\/li>\n<li data-start=\"86\" data-end=\"209\"><strong data-start=\"851\" data-end=\"862\">Style :<\/strong> Urbain, casual, rock chic<\/li>\n<li data-start=\"86\" data-end=\"209\"><strong data-start=\"893\" data-end=\"906\">Confort :<\/strong> Parfait pour les longues journ\u00e9es en ext\u00e9rieur<\/li>\n<li data-start=\"86\" data-end=\"209\"><strong data-start=\"688\" data-end=\"712\">Livraison \u00e0 domicile<\/strong> : 8 TND<\/li>\n<li data-start=\"86\" data-end=\"209\"><strong data-start=\"725\" data-end=\"747\">D\u00e9lai de livraison<\/strong> : 2 \u00e0 3 jours<\/li>\n<li data-start=\"86\" data-end=\"209\"><strong data-start=\"766\" data-end=\"786\">\u00c9change possible<\/strong> : Vous payez les frais de livraison du second colis (D\u00e9lai d\u2019\u00e9change : maximum 1 jour)<\/li>\n<\/ul>\n","protected":false},"featured_media":113516,"template":"","meta":[],"product_brand":[],"product_cat":[96,137,360,78,497,259],"product_tag":[],"class_list":{"0":"post-100894","1":"product","2":"type-product","3":"status-publish","4":"has-post-thumbnail","6":"product_cat-chaussures-femme","7":"product_cat-mode-femme","8":"product_cat-nouvelle-collection","9":"product_cat-sandales-nu-pieds-femme","10":"product_cat-sandales-moyenne-femme","11":"product_cat-sandales-plates","12":"pa_couleurs-camel","13":"pa_couleurs-noir","14":"pa_pointure-105","15":"pa_pointure-106","16":"pa_pointure-107","17":"pa_pointure-108","18":"pa_pointure-109","19":"pa_pointure-110","22":"first","23":"outofstock","24":"taxable","25":"shipping-taxable","26":"product-type-variable"},"yoast_head":"<!-- This site is optimized with the Yoast SEO plugin v27.5 - https:\/\/yoast.com\/product\/yoast-seo-wordpress\/ -->\n<title>Sandales moyenne Femme \u2013305367\u2013 VOG - Vog Tunisie<\/title>\n<meta name=\"robots\" content=\"index, follow, max-snippet:-1, max-image-preview:large, max-video-preview:-1\" \/>\n<link rel=\"canonical\" href=\"https:\/\/vog.com.tn\/?product=sandales-moyenne-femme-305367-vog\" \/>\n<meta property=\"og:locale\" content=\"fr_FR\" \/>\n<meta property=\"og:type\" content=\"article\" \/>\n<meta property=\"og:title\" content=\"Sandales moyenne Femme \u2013305367\u2013 VOG - Vog Tunisie\" \/>\n<meta property=\"og:description\" content=\"Vente en lignes sandales moyenne pour femmes :   Clous d\u00e9coratifs ton sur ton pour une touche rock et moderne qui sublime aussi bien un jean casual qu\u2019une robe d\u2019\u00e9t\u00e9.  Double bride : auto-agrippant et bride arri\u00e8re pour un maintien parfait et un ajustement personnalis\u00e9.  Coloris disponibles : Camel \u2013 Noir  Fermeture : Brides \u00e0 scratch  D\u00e9tails : Clous m\u00e9talliques d\u00e9coratifs, semelle crant\u00e9e antid\u00e9rapante  Style : Urbain, casual, rock chic  Confort : Parfait pour les longues journ\u00e9es en ext\u00e9rieur  Livraison \u00e0 domicile : 8 TND  D\u00e9lai de livraison : 2 \u00e0 3 jours  \u00c9change possible : Vous payez les frais de livraison du second colis (D\u00e9lai d\u2019\u00e9change : maximum 1 jour)\" \/>\n<meta property=\"og:url\" content=\"https:\/\/vog.com.tn\/?product=sandales-moyenne-femme-305367-vog\" \/>\n<meta property=\"og:site_name\" content=\"Vog Tunisie\" \/>\n<meta property=\"article:modified_time\" content=\"2026-04-10T10:11:28+00:00\" \/>\n<meta property=\"og:image\" content=\"https:\/\/vog.com.tn\/wp-content\/uploads\/2025\/07\/305367-noir-2.jpg\" \/>\n\t<meta property=\"og:image:width\" content=\"800\" \/>\n\t<meta property=\"og:image:height\" content=\"1180\" \/>\n\t<meta property=\"og:image:type\" content=\"image\/jpeg\" \/>\n<meta name=\"twitter:card\" content=\"summary_large_image\" \/>\n<meta name=\"twitter:label1\" content=\"Dur\u00e9e de lecture estim\u00e9e\" \/>\n\t<meta name=\"twitter:data1\" content=\"1 minute\" \/>\n<script type=\"application\/ld+json\" class=\"yoast-schema-graph\">{\"@context\":\"https:\\\/\\\/schema.org\",\"@graph\":[{\"@type\":\"WebPage\",\"@id\":\"https:\\\/\\\/vog.com.tn\\\/?product=sandales-moyenne-femme-305367-vog\",\"url\":\"https:\\\/\\\/vog.com.tn\\\/?product=sandales-moyenne-femme-305367-vog\",\"name\":\"Sandales moyenne Femme \u2013305367\u2013 VOG - Vog Tunisie\",\"isPartOf\":{\"@id\":\"https:\\\/\\\/vog.com.tn\\\/#website\"},\"primaryImageOfPage\":{\"@id\":\"https:\\\/\\\/vog.com.tn\\\/?product=sandales-moyenne-femme-305367-vog#primaryimage\"},\"image\":{\"@id\":\"https:\\\/\\\/vog.com.tn\\\/?product=sandales-moyenne-femme-305367-vog#primaryimage\"},\"thumbnailUrl\":\"https:\\\/\\\/vog.com.tn\\\/wp-content\\\/uploads\\\/2025\\\/07\\\/305367-noir-2.jpg\",\"datePublished\":\"2025-07-12T14:26:59+00:00\",\"dateModified\":\"2026-04-10T10:11:28+00:00\",\"breadcrumb\":{\"@id\":\"https:\\\/\\\/vog.com.tn\\\/?product=sandales-moyenne-femme-305367-vog#breadcrumb\"},\"inLanguage\":\"fr-FR\",\"potentialAction\":[{\"@type\":\"ReadAction\",\"target\":[\"https:\\\/\\\/vog.com.tn\\\/?product=sandales-moyenne-femme-305367-vog\"]}]},{\"@type\":\"ImageObject\",\"inLanguage\":\"fr-FR\",\"@id\":\"https:\\\/\\\/vog.com.tn\\\/?product=sandales-moyenne-femme-305367-vog#primaryimage\",\"url\":\"https:\\\/\\\/vog.com.tn\\\/wp-content\\\/uploads\\\/2025\\\/07\\\/305367-noir-2.jpg\",\"contentUrl\":\"https:\\\/\\\/vog.com.tn\\\/wp-content\\\/uploads\\\/2025\\\/07\\\/305367-noir-2.jpg\",\"width\":800,\"height\":1180},{\"@type\":\"BreadcrumbList\",\"@id\":\"https:\\\/\\\/vog.com.tn\\\/?product=sandales-moyenne-femme-305367-vog#breadcrumb\",\"itemListElement\":[{\"@type\":\"ListItem\",\"position\":1,\"name\":\"Home\",\"item\":\"https:\\\/\\\/vog.com.tn\\\/\"},{\"@type\":\"ListItem\",\"position\":2,\"name\":\"Produits\",\"item\":\"https:\\\/\\\/vog.com.tn\\\/?page_id=8\"},{\"@type\":\"ListItem\",\"position\":3,\"name\":\"Sandales moyenne Femme \u2013305367\u2013 VOG\"}]},{\"@type\":\"WebSite\",\"@id\":\"https:\\\/\\\/vog.com.tn\\\/#website\",\"url\":\"https:\\\/\\\/vog.com.tn\\\/\",\"name\":\"Vog Tunisie\",\"description\":\"Pr\u00eat-\u00e0-porter\",\"potentialAction\":[{\"@type\":\"SearchAction\",\"target\":{\"@type\":\"EntryPoint\",\"urlTemplate\":\"https:\\\/\\\/vog.com.tn\\\/?s={search_term_string}\"},\"query-input\":{\"@type\":\"PropertyValueSpecification\",\"valueRequired\":true,\"valueName\":\"search_term_string\"}}],\"inLanguage\":\"fr-FR\"}]}<\/script>\n<!-- \/ Yoast SEO plugin. -->","yoast_head_json":{"title":"Sandales moyenne Femme \u2013305367\u2013 VOG - Vog Tunisie","robots":{"index":"index","follow":"follow","max-snippet":"max-snippet:-1","max-image-preview":"max-image-preview:large","max-video-preview":"max-video-preview:-1"},"canonical":"https:\/\/vog.com.tn\/?product=sandales-moyenne-femme-305367-vog","og_locale":"fr_FR","og_type":"article","og_title":"Sandales moyenne Femme \u2013305367\u2013 VOG - Vog Tunisie","og_description":"Vente en lignes sandales moyenne pour femmes :   Clous d\u00e9coratifs ton sur ton pour une touche rock et moderne qui sublime aussi bien un jean casual qu\u2019une robe d\u2019\u00e9t\u00e9.  Double bride : auto-agrippant et bride arri\u00e8re pour un maintien parfait et un ajustement personnalis\u00e9.  Coloris disponibles : Camel \u2013 Noir  Fermeture : Brides \u00e0 scratch  D\u00e9tails : Clous m\u00e9talliques d\u00e9coratifs, semelle crant\u00e9e antid\u00e9rapante  Style : Urbain, casual, rock chic  Confort : Parfait pour les longues journ\u00e9es en ext\u00e9rieur  Livraison \u00e0 domicile : 8 TND  D\u00e9lai de livraison : 2 \u00e0 3 jours  \u00c9change possible : Vous payez les frais de livraison du second colis (D\u00e9lai d\u2019\u00e9change : maximum 1 jour)","og_url":"https:\/\/vog.com.tn\/?product=sandales-moyenne-femme-305367-vog","og_site_name":"Vog Tunisie","article_modified_time":"2026-04-10T10:11:28+00:00","og_image":[{"width":800,"height":1180,"url":"https:\/\/vog.com.tn\/wp-content\/uploads\/2025\/07\/305367-noir-2.jpg","type":"image\/jpeg"}],"twitter_card":"summary_large_image","twitter_misc":{"Dur\u00e9e de lecture estim\u00e9e":"1 minute"},"schema":{"@context":"https:\/\/schema.org","@graph":[{"@type":"WebPage","@id":"https:\/\/vog.com.tn\/?product=sandales-moyenne-femme-305367-vog","url":"https:\/\/vog.com.tn\/?product=sandales-moyenne-femme-305367-vog","name":"Sandales moyenne Femme \u2013305367\u2013 VOG - Vog Tunisie","isPartOf":{"@id":"https:\/\/vog.com.tn\/#website"},"primaryImageOfPage":{"@id":"https:\/\/vog.com.tn\/?product=sandales-moyenne-femme-305367-vog#primaryimage"},"image":{"@id":"https:\/\/vog.com.tn\/?product=sandales-moyenne-femme-305367-vog#primaryimage"},"thumbnailUrl":"https:\/\/vog.com.tn\/wp-content\/uploads\/2025\/07\/305367-noir-2.jpg","datePublished":"2025-07-12T14:26:59+00:00","dateModified":"2026-04-10T10:11:28+00:00","breadcrumb":{"@id":"https:\/\/vog.com.tn\/?product=sandales-moyenne-femme-305367-vog#breadcrumb"},"inLanguage":"fr-FR","potentialAction":[{"@type":"ReadAction","target":["https:\/\/vog.com.tn\/?product=sandales-moyenne-femme-305367-vog"]}]},{"@type":"ImageObject","inLanguage":"fr-FR","@id":"https:\/\/vog.com.tn\/?product=sandales-moyenne-femme-305367-vog#primaryimage","url":"https:\/\/vog.com.tn\/wp-content\/uploads\/2025\/07\/305367-noir-2.jpg","contentUrl":"https:\/\/vog.com.tn\/wp-content\/uploads\/2025\/07\/305367-noir-2.jpg","width":800,"height":1180},{"@type":"BreadcrumbList","@id":"https:\/\/vog.com.tn\/?product=sandales-moyenne-femme-305367-vog#breadcrumb","itemListElement":[{"@type":"ListItem","position":1,"name":"Home","item":"https:\/\/vog.com.tn\/"},{"@type":"ListItem","position":2,"name":"Produits","item":"https:\/\/vog.com.tn\/?page_id=8"},{"@type":"ListItem","position":3,"name":"Sandales moyenne Femme \u2013305367\u2013 VOG"}]},{"@type":"WebSite","@id":"https:\/\/vog.com.tn\/#website","url":"https:\/\/vog.com.tn\/","name":"Vog Tunisie","description":"Pr\u00eat-\u00e0-porter","potentialAction":[{"@type":"SearchAction","target":{"@type":"EntryPoint","urlTemplate":"https:\/\/vog.com.tn\/?s={search_term_string}"},"query-input":{"@type":"PropertyValueSpecification","valueRequired":true,"valueName":"search_term_string"}}],"inLanguage":"fr-FR"}]}},"_links":{"self":[{"href":"https:\/\/vog.com.tn\/index.php?rest_route=\/wp\/v2\/product\/100894","targetHints":{"allow":["GET"]}}],"collection":[{"href":"https:\/\/vog.com.tn\/index.php?rest_route=\/wp\/v2\/product"}],"about":[{"href":"https:\/\/vog.com.tn\/index.php?rest_route=\/wp\/v2\/types\/product"}],"wp:featuredmedia":[{"embeddable":true,"href":"https:\/\/vog.com.tn\/index.php?rest_route=\/wp\/v2\/media\/113516"}],"wp:attachment":[{"href":"https:\/\/vog.com.tn\/index.php?rest_route=%2Fwp%2Fv2%2Fmedia&parent=100894"}],"wp:term":[{"taxonomy":"product_brand","embeddable":true,"href":"https:\/\/vog.com.tn\/index.php?rest_route=%2Fwp%2Fv2%2Fproduct_brand&post=100894"},{"taxonomy":"product_cat","embeddable":true,"href":"https:\/\/vog.com.tn\/index.php?rest_route=%2Fwp%2Fv2%2Fproduct_cat&post=100894"},{"taxonomy":"product_tag","embeddable":true,"href":"https:\/\/vog.com.tn\/index.php?rest_route=%2Fwp%2Fv2%2Fproduct_tag&post=100894"}],"curies":[{"name":"wp","href":"https:\/\/api.w.org\/{rel}","templated":true}]}}