{"id":100912,"date":"2025-07-12T16:53:11","date_gmt":"2025-07-12T14:53:11","guid":{"rendered":"https:\/\/vog.com.tn\/?post_type=product&#038;p=100912"},"modified":"2025-11-01T11:57:54","modified_gmt":"2025-11-01T10:57:54","slug":"escarpins-femme-305400-vog","status":"publish","type":"product","link":"https:\/\/vog.com.tn\/?product=escarpins-femme-305400-vog","title":{"rendered":"Escarpins Femme \u2013 305400 \u2013 VOG"},"content":{"rendered":"<p>Strass scintillants ton sur ton pour une allure chic et glamour, parfaite avec un jean ou une robe habill\u00e9e.<br data-start=\"266\" data-end=\"269\" \/>Bride arri\u00e8re \u00e9lastiqu\u00e9e pour un bon maintien du pied et un confort optimal tout au long de la journ\u00e9e.<\/p>\n","protected":false},"excerpt":{"rendered":"<p>Vente en ligne escarpins pour femme.<\/p>\n<ul>\n<li><strong data-start=\"497\" data-end=\"508\">D\u00e9tails<\/strong> : Tissu mesh orn\u00e9 de strass, talon fin confortable<\/li>\n<li><strong data-start=\"416\" data-end=\"429\">Fermeture<\/strong> : Bride arri\u00e8re \u00e9lastique<\/li>\n<li><strong data-start=\"458\" data-end=\"478\" data-is-only-node=\"\">Hauteur du talon<\/strong> : Environ 6 cm<\/li>\n<li><strong data-start=\"375\" data-end=\"398\">Coloris disponibles<\/strong> : Noir \u2013 Beige<\/li>\n<li><strong data-start=\"562\" data-end=\"571\">Style<\/strong> : \u00c9l\u00e9gant, soir\u00e9e, city chic<\/li>\n<li><strong data-start=\"603\" data-end=\"614\">Confort<\/strong> : Id\u00e9al pour les sorties ou \u00e9v\u00e9nements sans sacrifier le confort<\/li>\n<li><strong data-start=\"682\" data-end=\"706\">Livraison \u00e0 domicile<\/strong> : 8 TND<\/li>\n<li><strong data-start=\"717\" data-end=\"739\">D\u00e9lai de livraison<\/strong> : 2 \u00e0 3 jours<\/li>\n<li><strong data-start=\"756\" data-end=\"776\">\u00c9change possible<\/strong> : Vous payez les frais de livraison du second colis (D\u00e9lai d\u2019\u00e9change : maximum 1 jour)<\/li>\n<\/ul>\n","protected":false},"featured_media":100927,"template":"","meta":[],"product_brand":[],"product_cat":[96,131,137,360],"product_tag":[],"class_list":{"0":"post-100912","1":"product","2":"type-product","3":"status-publish","4":"has-post-thumbnail","6":"product_cat-chaussures-femme","7":"product_cat-escarpins-femme","8":"product_cat-mode-femme","9":"product_cat-nouvelle-collection","10":"pa_couleurs-beige","11":"pa_couleurs-noir","12":"pa_pointure-105","13":"pa_pointure-106","14":"pa_pointure-107","15":"pa_pointure-108","16":"pa_pointure-109","17":"pa_pointure-110","20":"first","21":"instock","22":"taxable","23":"shipping-taxable","24":"purchasable","25":"product-type-variable"},"yoast_head":"<!-- This site is optimized with the Yoast SEO plugin v27.5 - https:\/\/yoast.com\/product\/yoast-seo-wordpress\/ -->\n<title>Escarpins Femme \u2013 305400 \u2013 VOG - Vog Tunisie<\/title>\n<meta name=\"robots\" content=\"index, follow, max-snippet:-1, max-image-preview:large, max-video-preview:-1\" \/>\n<link rel=\"canonical\" href=\"https:\/\/vog.com.tn\/?product=escarpins-femme-305400-vog\" \/>\n<meta property=\"og:locale\" content=\"fr_FR\" \/>\n<meta property=\"og:type\" content=\"article\" \/>\n<meta property=\"og:title\" content=\"Escarpins Femme \u2013 305400 \u2013 VOG - Vog Tunisie\" \/>\n<meta property=\"og:description\" content=\"Vente en ligne escarpins pour femme.   D\u00e9tails : Tissu mesh orn\u00e9 de strass, talon fin confortable  Fermeture : Bride arri\u00e8re \u00e9lastique  Hauteur du talon : Environ 6 cm  Coloris disponibles : Noir \u2013 Beige  Style : \u00c9l\u00e9gant, soir\u00e9e, city chic  Confort : Id\u00e9al pour les sorties ou \u00e9v\u00e9nements sans sacrifier le confort  Livraison \u00e0 domicile : 8 TND  D\u00e9lai de livraison : 2 \u00e0 3 jours  \u00c9change possible : Vous payez les frais de livraison du second colis (D\u00e9lai d\u2019\u00e9change : maximum 1 jour)\" \/>\n<meta property=\"og:url\" content=\"https:\/\/vog.com.tn\/?product=escarpins-femme-305400-vog\" \/>\n<meta property=\"og:site_name\" content=\"Vog Tunisie\" \/>\n<meta property=\"article:modified_time\" content=\"2025-11-01T10:57:54+00:00\" \/>\n<meta property=\"og:image\" content=\"https:\/\/vog.com.tn\/wp-content\/uploads\/2025\/07\/305400-noir.jpg\" \/>\n\t<meta property=\"og:image:width\" content=\"1066\" \/>\n\t<meta property=\"og:image:height\" content=\"1600\" \/>\n\t<meta property=\"og:image:type\" content=\"image\/jpeg\" \/>\n<meta name=\"twitter:card\" content=\"summary_large_image\" \/>\n<meta name=\"twitter:label1\" content=\"Dur\u00e9e de lecture estim\u00e9e\" \/>\n\t<meta name=\"twitter:data1\" content=\"1 minute\" \/>\n<script type=\"application\/ld+json\" class=\"yoast-schema-graph\">{\"@context\":\"https:\\\/\\\/schema.org\",\"@graph\":[{\"@type\":\"WebPage\",\"@id\":\"https:\\\/\\\/vog.com.tn\\\/?product=escarpins-femme-305400-vog\",\"url\":\"https:\\\/\\\/vog.com.tn\\\/?product=escarpins-femme-305400-vog\",\"name\":\"Escarpins Femme \u2013 305400 \u2013 VOG - Vog Tunisie\",\"isPartOf\":{\"@id\":\"https:\\\/\\\/vog.com.tn\\\/#website\"},\"primaryImageOfPage\":{\"@id\":\"https:\\\/\\\/vog.com.tn\\\/?product=escarpins-femme-305400-vog#primaryimage\"},\"image\":{\"@id\":\"https:\\\/\\\/vog.com.tn\\\/?product=escarpins-femme-305400-vog#primaryimage\"},\"thumbnailUrl\":\"https:\\\/\\\/vog.com.tn\\\/wp-content\\\/uploads\\\/2025\\\/07\\\/305400-noir.jpg\",\"datePublished\":\"2025-07-12T14:53:11+00:00\",\"dateModified\":\"2025-11-01T10:57:54+00:00\",\"breadcrumb\":{\"@id\":\"https:\\\/\\\/vog.com.tn\\\/?product=escarpins-femme-305400-vog#breadcrumb\"},\"inLanguage\":\"fr-FR\",\"potentialAction\":[{\"@type\":\"ReadAction\",\"target\":[\"https:\\\/\\\/vog.com.tn\\\/?product=escarpins-femme-305400-vog\"]}]},{\"@type\":\"ImageObject\",\"inLanguage\":\"fr-FR\",\"@id\":\"https:\\\/\\\/vog.com.tn\\\/?product=escarpins-femme-305400-vog#primaryimage\",\"url\":\"https:\\\/\\\/vog.com.tn\\\/wp-content\\\/uploads\\\/2025\\\/07\\\/305400-noir.jpg\",\"contentUrl\":\"https:\\\/\\\/vog.com.tn\\\/wp-content\\\/uploads\\\/2025\\\/07\\\/305400-noir.jpg\",\"width\":1066,\"height\":1600},{\"@type\":\"BreadcrumbList\",\"@id\":\"https:\\\/\\\/vog.com.tn\\\/?product=escarpins-femme-305400-vog#breadcrumb\",\"itemListElement\":[{\"@type\":\"ListItem\",\"position\":1,\"name\":\"Home\",\"item\":\"https:\\\/\\\/vog.com.tn\\\/\"},{\"@type\":\"ListItem\",\"position\":2,\"name\":\"Produits\",\"item\":\"https:\\\/\\\/vog.com.tn\\\/?page_id=8\"},{\"@type\":\"ListItem\",\"position\":3,\"name\":\"Escarpins Femme \u2013 305400 \u2013 VOG\"}]},{\"@type\":\"WebSite\",\"@id\":\"https:\\\/\\\/vog.com.tn\\\/#website\",\"url\":\"https:\\\/\\\/vog.com.tn\\\/\",\"name\":\"Vog Tunisie\",\"description\":\"Pr\u00eat-\u00e0-porter\",\"potentialAction\":[{\"@type\":\"SearchAction\",\"target\":{\"@type\":\"EntryPoint\",\"urlTemplate\":\"https:\\\/\\\/vog.com.tn\\\/?s={search_term_string}\"},\"query-input\":{\"@type\":\"PropertyValueSpecification\",\"valueRequired\":true,\"valueName\":\"search_term_string\"}}],\"inLanguage\":\"fr-FR\"}]}<\/script>\n<!-- \/ Yoast SEO plugin. -->","yoast_head_json":{"title":"Escarpins Femme \u2013 305400 \u2013 VOG - Vog Tunisie","robots":{"index":"index","follow":"follow","max-snippet":"max-snippet:-1","max-image-preview":"max-image-preview:large","max-video-preview":"max-video-preview:-1"},"canonical":"https:\/\/vog.com.tn\/?product=escarpins-femme-305400-vog","og_locale":"fr_FR","og_type":"article","og_title":"Escarpins Femme \u2013 305400 \u2013 VOG - Vog Tunisie","og_description":"Vente en ligne escarpins pour femme.   D\u00e9tails : Tissu mesh orn\u00e9 de strass, talon fin confortable  Fermeture : Bride arri\u00e8re \u00e9lastique  Hauteur du talon : Environ 6 cm  Coloris disponibles : Noir \u2013 Beige  Style : \u00c9l\u00e9gant, soir\u00e9e, city chic  Confort : Id\u00e9al pour les sorties ou \u00e9v\u00e9nements sans sacrifier le confort  Livraison \u00e0 domicile : 8 TND  D\u00e9lai de livraison : 2 \u00e0 3 jours  \u00c9change possible : Vous payez les frais de livraison du second colis (D\u00e9lai d\u2019\u00e9change : maximum 1 jour)","og_url":"https:\/\/vog.com.tn\/?product=escarpins-femme-305400-vog","og_site_name":"Vog Tunisie","article_modified_time":"2025-11-01T10:57:54+00:00","og_image":[{"width":1066,"height":1600,"url":"https:\/\/vog.com.tn\/wp-content\/uploads\/2025\/07\/305400-noir.jpg","type":"image\/jpeg"}],"twitter_card":"summary_large_image","twitter_misc":{"Dur\u00e9e de lecture estim\u00e9e":"1 minute"},"schema":{"@context":"https:\/\/schema.org","@graph":[{"@type":"WebPage","@id":"https:\/\/vog.com.tn\/?product=escarpins-femme-305400-vog","url":"https:\/\/vog.com.tn\/?product=escarpins-femme-305400-vog","name":"Escarpins Femme \u2013 305400 \u2013 VOG - Vog Tunisie","isPartOf":{"@id":"https:\/\/vog.com.tn\/#website"},"primaryImageOfPage":{"@id":"https:\/\/vog.com.tn\/?product=escarpins-femme-305400-vog#primaryimage"},"image":{"@id":"https:\/\/vog.com.tn\/?product=escarpins-femme-305400-vog#primaryimage"},"thumbnailUrl":"https:\/\/vog.com.tn\/wp-content\/uploads\/2025\/07\/305400-noir.jpg","datePublished":"2025-07-12T14:53:11+00:00","dateModified":"2025-11-01T10:57:54+00:00","breadcrumb":{"@id":"https:\/\/vog.com.tn\/?product=escarpins-femme-305400-vog#breadcrumb"},"inLanguage":"fr-FR","potentialAction":[{"@type":"ReadAction","target":["https:\/\/vog.com.tn\/?product=escarpins-femme-305400-vog"]}]},{"@type":"ImageObject","inLanguage":"fr-FR","@id":"https:\/\/vog.com.tn\/?product=escarpins-femme-305400-vog#primaryimage","url":"https:\/\/vog.com.tn\/wp-content\/uploads\/2025\/07\/305400-noir.jpg","contentUrl":"https:\/\/vog.com.tn\/wp-content\/uploads\/2025\/07\/305400-noir.jpg","width":1066,"height":1600},{"@type":"BreadcrumbList","@id":"https:\/\/vog.com.tn\/?product=escarpins-femme-305400-vog#breadcrumb","itemListElement":[{"@type":"ListItem","position":1,"name":"Home","item":"https:\/\/vog.com.tn\/"},{"@type":"ListItem","position":2,"name":"Produits","item":"https:\/\/vog.com.tn\/?page_id=8"},{"@type":"ListItem","position":3,"name":"Escarpins Femme \u2013 305400 \u2013 VOG"}]},{"@type":"WebSite","@id":"https:\/\/vog.com.tn\/#website","url":"https:\/\/vog.com.tn\/","name":"Vog Tunisie","description":"Pr\u00eat-\u00e0-porter","potentialAction":[{"@type":"SearchAction","target":{"@type":"EntryPoint","urlTemplate":"https:\/\/vog.com.tn\/?s={search_term_string}"},"query-input":{"@type":"PropertyValueSpecification","valueRequired":true,"valueName":"search_term_string"}}],"inLanguage":"fr-FR"}]}},"_links":{"self":[{"href":"https:\/\/vog.com.tn\/index.php?rest_route=\/wp\/v2\/product\/100912","targetHints":{"allow":["GET"]}}],"collection":[{"href":"https:\/\/vog.com.tn\/index.php?rest_route=\/wp\/v2\/product"}],"about":[{"href":"https:\/\/vog.com.tn\/index.php?rest_route=\/wp\/v2\/types\/product"}],"wp:featuredmedia":[{"embeddable":true,"href":"https:\/\/vog.com.tn\/index.php?rest_route=\/wp\/v2\/media\/100927"}],"wp:attachment":[{"href":"https:\/\/vog.com.tn\/index.php?rest_route=%2Fwp%2Fv2%2Fmedia&parent=100912"}],"wp:term":[{"taxonomy":"product_brand","embeddable":true,"href":"https:\/\/vog.com.tn\/index.php?rest_route=%2Fwp%2Fv2%2Fproduct_brand&post=100912"},{"taxonomy":"product_cat","embeddable":true,"href":"https:\/\/vog.com.tn\/index.php?rest_route=%2Fwp%2Fv2%2Fproduct_cat&post=100912"},{"taxonomy":"product_tag","embeddable":true,"href":"https:\/\/vog.com.tn\/index.php?rest_route=%2Fwp%2Fv2%2Fproduct_tag&post=100912"}],"curies":[{"name":"wp","href":"https:\/\/api.w.org\/{rel}","templated":true}]}}