{"id":100929,"date":"2025-07-12T17:02:51","date_gmt":"2025-07-12T15:02:51","guid":{"rendered":"https:\/\/vog.com.tn\/?post_type=product&#038;p=100929"},"modified":"2025-11-19T08:32:54","modified_gmt":"2025-11-19T07:32:54","slug":"escarpins-femme-305401-vog","status":"publish","type":"product","link":"https:\/\/vog.com.tn\/?product=escarpins-femme-305401-vog","title":{"rendered":"Escarpins Femme \u2013 305401 \u2013 VOG"},"content":{"rendered":"<p>Boucle bijou multicolore sur l&rsquo;avant pour une touche sophistiqu\u00e9e et \u00e9clatante, parfaite pour rehausser une tenue de soir\u00e9e ou un look chic.<br data-start=\"288\" data-end=\"291\" \/>Bride arri\u00e8re \u00e9lastiqu\u00e9e avec finition m\u00e9tallis\u00e9e pour un ajustement s\u00e9curis\u00e9 et une allure \u00e9l\u00e9gante.<\/p>\n","protected":false},"excerpt":{"rendered":"<p>Vente en ligne escarpins pour femme.<\/p>\n<ul>\n<li><strong data-start=\"517\" data-end=\"528\">D\u00e9tails<\/strong> : Tissu effet scintillant, boucle d\u00e9corative sertie de strass color\u00e9s, talon fin<\/li>\n<li><strong data-start=\"436\" data-end=\"449\">Fermeture<\/strong> : Bride arri\u00e8re \u00e9lastique<\/li>\n<li><strong data-start=\"478\" data-end=\"498\" data-is-only-node=\"\">Hauteur du talon<\/strong> : Environ 6 cm<\/li>\n<li><strong data-start=\"395\" data-end=\"418\">Coloris disponibles<\/strong> : seulement\u00a0 Dor\u00e9<\/li>\n<li><strong data-start=\"612\" data-end=\"621\">Style<\/strong> : \u00c9l\u00e9gant, soir\u00e9e, festif<\/li>\n<li><strong data-start=\"650\" data-end=\"661\">Confort<\/strong> : Adapt\u00e9 aux \u00e9v\u00e9nements et longues soir\u00e9es sans compromettre le style<\/li>\n<li><strong data-start=\"734\" data-end=\"758\">Livraison \u00e0 domicile<\/strong> : 8 TND<\/li>\n<li><strong data-start=\"769\" data-end=\"791\">D\u00e9lai de livraison<\/strong> : 2 \u00e0 3 jours<\/li>\n<li><strong data-start=\"808\" data-end=\"828\">\u00c9change possible<\/strong> : Vous payez les frais de livraison du second colis (D\u00e9lai d\u2019\u00e9change : maximum 1 jour)<\/li>\n<\/ul>\n","protected":false},"featured_media":104596,"template":"","meta":[],"product_brand":[],"product_cat":[96,131,137,360],"product_tag":[],"class_list":{"0":"post-100929","1":"product","2":"type-product","3":"status-publish","4":"has-post-thumbnail","6":"product_cat-chaussures-femme","7":"product_cat-escarpins-femme","8":"product_cat-mode-femme","9":"product_cat-nouvelle-collection","10":"pa_couleurs-gold","11":"pa_pointure-105","12":"pa_pointure-106","13":"pa_pointure-107","14":"pa_pointure-108","15":"pa_pointure-109","16":"pa_pointure-110","19":"first","20":"instock","21":"taxable","22":"shipping-taxable","23":"purchasable","24":"product-type-variable"},"yoast_head":"<!-- This site is optimized with the Yoast SEO plugin v27.5 - https:\/\/yoast.com\/product\/yoast-seo-wordpress\/ -->\n<title>Escarpins Femme \u2013 305401 \u2013 VOG - Vog Tunisie<\/title>\n<meta name=\"robots\" content=\"index, follow, max-snippet:-1, max-image-preview:large, max-video-preview:-1\" \/>\n<link rel=\"canonical\" href=\"https:\/\/vog.com.tn\/?product=escarpins-femme-305401-vog\" \/>\n<meta property=\"og:locale\" content=\"fr_FR\" \/>\n<meta property=\"og:type\" content=\"article\" \/>\n<meta property=\"og:title\" content=\"Escarpins Femme \u2013 305401 \u2013 VOG - Vog Tunisie\" \/>\n<meta property=\"og:description\" content=\"Vente en ligne escarpins pour femme.   D\u00e9tails : Tissu effet scintillant, boucle d\u00e9corative sertie de strass color\u00e9s, talon fin  Fermeture : Bride arri\u00e8re \u00e9lastique  Hauteur du talon : Environ 6 cm  Coloris disponibles : seulement\u00a0 Dor\u00e9  Style : \u00c9l\u00e9gant, soir\u00e9e, festif  Confort : Adapt\u00e9 aux \u00e9v\u00e9nements et longues soir\u00e9es sans compromettre le style  Livraison \u00e0 domicile : 8 TND  D\u00e9lai de livraison : 2 \u00e0 3 jours  \u00c9change possible : Vous payez les frais de livraison du second colis (D\u00e9lai d\u2019\u00e9change : maximum 1 jour)\" \/>\n<meta property=\"og:url\" content=\"https:\/\/vog.com.tn\/?product=escarpins-femme-305401-vog\" \/>\n<meta property=\"og:site_name\" content=\"Vog Tunisie\" \/>\n<meta property=\"article:modified_time\" content=\"2025-11-19T07:32:54+00:00\" \/>\n<meta property=\"og:image\" content=\"https:\/\/vog.com.tn\/wp-content\/uploads\/2025\/07\/305401-gold.jpg\" \/>\n\t<meta property=\"og:image:width\" content=\"1066\" \/>\n\t<meta property=\"og:image:height\" content=\"1600\" \/>\n\t<meta property=\"og:image:type\" content=\"image\/jpeg\" \/>\n<meta name=\"twitter:card\" content=\"summary_large_image\" \/>\n<meta name=\"twitter:label1\" content=\"Dur\u00e9e de lecture estim\u00e9e\" \/>\n\t<meta name=\"twitter:data1\" content=\"1 minute\" \/>\n<script type=\"application\/ld+json\" class=\"yoast-schema-graph\">{\"@context\":\"https:\\\/\\\/schema.org\",\"@graph\":[{\"@type\":\"WebPage\",\"@id\":\"https:\\\/\\\/vog.com.tn\\\/?product=escarpins-femme-305401-vog\",\"url\":\"https:\\\/\\\/vog.com.tn\\\/?product=escarpins-femme-305401-vog\",\"name\":\"Escarpins Femme \u2013 305401 \u2013 VOG - Vog Tunisie\",\"isPartOf\":{\"@id\":\"https:\\\/\\\/vog.com.tn\\\/#website\"},\"primaryImageOfPage\":{\"@id\":\"https:\\\/\\\/vog.com.tn\\\/?product=escarpins-femme-305401-vog#primaryimage\"},\"image\":{\"@id\":\"https:\\\/\\\/vog.com.tn\\\/?product=escarpins-femme-305401-vog#primaryimage\"},\"thumbnailUrl\":\"https:\\\/\\\/vog.com.tn\\\/wp-content\\\/uploads\\\/2025\\\/07\\\/305401-gold-572x859-1.jpg\",\"datePublished\":\"2025-07-12T15:02:51+00:00\",\"dateModified\":\"2025-11-19T07:32:54+00:00\",\"breadcrumb\":{\"@id\":\"https:\\\/\\\/vog.com.tn\\\/?product=escarpins-femme-305401-vog#breadcrumb\"},\"inLanguage\":\"fr-FR\",\"potentialAction\":[{\"@type\":\"ReadAction\",\"target\":[\"https:\\\/\\\/vog.com.tn\\\/?product=escarpins-femme-305401-vog\"]}]},{\"@type\":\"ImageObject\",\"inLanguage\":\"fr-FR\",\"@id\":\"https:\\\/\\\/vog.com.tn\\\/?product=escarpins-femme-305401-vog#primaryimage\",\"url\":\"https:\\\/\\\/vog.com.tn\\\/wp-content\\\/uploads\\\/2025\\\/07\\\/305401-gold-572x859-1.jpg\",\"contentUrl\":\"https:\\\/\\\/vog.com.tn\\\/wp-content\\\/uploads\\\/2025\\\/07\\\/305401-gold-572x859-1.jpg\",\"width\":572,\"height\":859},{\"@type\":\"BreadcrumbList\",\"@id\":\"https:\\\/\\\/vog.com.tn\\\/?product=escarpins-femme-305401-vog#breadcrumb\",\"itemListElement\":[{\"@type\":\"ListItem\",\"position\":1,\"name\":\"Home\",\"item\":\"https:\\\/\\\/vog.com.tn\\\/\"},{\"@type\":\"ListItem\",\"position\":2,\"name\":\"Produits\",\"item\":\"https:\\\/\\\/vog.com.tn\\\/?page_id=8\"},{\"@type\":\"ListItem\",\"position\":3,\"name\":\"Escarpins Femme \u2013 305401 \u2013 VOG\"}]},{\"@type\":\"WebSite\",\"@id\":\"https:\\\/\\\/vog.com.tn\\\/#website\",\"url\":\"https:\\\/\\\/vog.com.tn\\\/\",\"name\":\"Vog Tunisie\",\"description\":\"Pr\u00eat-\u00e0-porter\",\"potentialAction\":[{\"@type\":\"SearchAction\",\"target\":{\"@type\":\"EntryPoint\",\"urlTemplate\":\"https:\\\/\\\/vog.com.tn\\\/?s={search_term_string}\"},\"query-input\":{\"@type\":\"PropertyValueSpecification\",\"valueRequired\":true,\"valueName\":\"search_term_string\"}}],\"inLanguage\":\"fr-FR\"}]}<\/script>\n<!-- \/ Yoast SEO plugin. -->","yoast_head_json":{"title":"Escarpins Femme \u2013 305401 \u2013 VOG - Vog Tunisie","robots":{"index":"index","follow":"follow","max-snippet":"max-snippet:-1","max-image-preview":"max-image-preview:large","max-video-preview":"max-video-preview:-1"},"canonical":"https:\/\/vog.com.tn\/?product=escarpins-femme-305401-vog","og_locale":"fr_FR","og_type":"article","og_title":"Escarpins Femme \u2013 305401 \u2013 VOG - Vog Tunisie","og_description":"Vente en ligne escarpins pour femme.   D\u00e9tails : Tissu effet scintillant, boucle d\u00e9corative sertie de strass color\u00e9s, talon fin  Fermeture : Bride arri\u00e8re \u00e9lastique  Hauteur du talon : Environ 6 cm  Coloris disponibles : seulement\u00a0 Dor\u00e9  Style : \u00c9l\u00e9gant, soir\u00e9e, festif  Confort : Adapt\u00e9 aux \u00e9v\u00e9nements et longues soir\u00e9es sans compromettre le style  Livraison \u00e0 domicile : 8 TND  D\u00e9lai de livraison : 2 \u00e0 3 jours  \u00c9change possible : Vous payez les frais de livraison du second colis (D\u00e9lai d\u2019\u00e9change : maximum 1 jour)","og_url":"https:\/\/vog.com.tn\/?product=escarpins-femme-305401-vog","og_site_name":"Vog Tunisie","article_modified_time":"2025-11-19T07:32:54+00:00","og_image":[{"width":1066,"height":1600,"url":"https:\/\/vog.com.tn\/wp-content\/uploads\/2025\/07\/305401-gold.jpg","type":"image\/jpeg"}],"twitter_card":"summary_large_image","twitter_misc":{"Dur\u00e9e de lecture estim\u00e9e":"1 minute"},"schema":{"@context":"https:\/\/schema.org","@graph":[{"@type":"WebPage","@id":"https:\/\/vog.com.tn\/?product=escarpins-femme-305401-vog","url":"https:\/\/vog.com.tn\/?product=escarpins-femme-305401-vog","name":"Escarpins Femme \u2013 305401 \u2013 VOG - Vog Tunisie","isPartOf":{"@id":"https:\/\/vog.com.tn\/#website"},"primaryImageOfPage":{"@id":"https:\/\/vog.com.tn\/?product=escarpins-femme-305401-vog#primaryimage"},"image":{"@id":"https:\/\/vog.com.tn\/?product=escarpins-femme-305401-vog#primaryimage"},"thumbnailUrl":"https:\/\/vog.com.tn\/wp-content\/uploads\/2025\/07\/305401-gold-572x859-1.jpg","datePublished":"2025-07-12T15:02:51+00:00","dateModified":"2025-11-19T07:32:54+00:00","breadcrumb":{"@id":"https:\/\/vog.com.tn\/?product=escarpins-femme-305401-vog#breadcrumb"},"inLanguage":"fr-FR","potentialAction":[{"@type":"ReadAction","target":["https:\/\/vog.com.tn\/?product=escarpins-femme-305401-vog"]}]},{"@type":"ImageObject","inLanguage":"fr-FR","@id":"https:\/\/vog.com.tn\/?product=escarpins-femme-305401-vog#primaryimage","url":"https:\/\/vog.com.tn\/wp-content\/uploads\/2025\/07\/305401-gold-572x859-1.jpg","contentUrl":"https:\/\/vog.com.tn\/wp-content\/uploads\/2025\/07\/305401-gold-572x859-1.jpg","width":572,"height":859},{"@type":"BreadcrumbList","@id":"https:\/\/vog.com.tn\/?product=escarpins-femme-305401-vog#breadcrumb","itemListElement":[{"@type":"ListItem","position":1,"name":"Home","item":"https:\/\/vog.com.tn\/"},{"@type":"ListItem","position":2,"name":"Produits","item":"https:\/\/vog.com.tn\/?page_id=8"},{"@type":"ListItem","position":3,"name":"Escarpins Femme \u2013 305401 \u2013 VOG"}]},{"@type":"WebSite","@id":"https:\/\/vog.com.tn\/#website","url":"https:\/\/vog.com.tn\/","name":"Vog Tunisie","description":"Pr\u00eat-\u00e0-porter","potentialAction":[{"@type":"SearchAction","target":{"@type":"EntryPoint","urlTemplate":"https:\/\/vog.com.tn\/?s={search_term_string}"},"query-input":{"@type":"PropertyValueSpecification","valueRequired":true,"valueName":"search_term_string"}}],"inLanguage":"fr-FR"}]}},"_links":{"self":[{"href":"https:\/\/vog.com.tn\/index.php?rest_route=\/wp\/v2\/product\/100929","targetHints":{"allow":["GET"]}}],"collection":[{"href":"https:\/\/vog.com.tn\/index.php?rest_route=\/wp\/v2\/product"}],"about":[{"href":"https:\/\/vog.com.tn\/index.php?rest_route=\/wp\/v2\/types\/product"}],"wp:featuredmedia":[{"embeddable":true,"href":"https:\/\/vog.com.tn\/index.php?rest_route=\/wp\/v2\/media\/104596"}],"wp:attachment":[{"href":"https:\/\/vog.com.tn\/index.php?rest_route=%2Fwp%2Fv2%2Fmedia&parent=100929"}],"wp:term":[{"taxonomy":"product_brand","embeddable":true,"href":"https:\/\/vog.com.tn\/index.php?rest_route=%2Fwp%2Fv2%2Fproduct_brand&post=100929"},{"taxonomy":"product_cat","embeddable":true,"href":"https:\/\/vog.com.tn\/index.php?rest_route=%2Fwp%2Fv2%2Fproduct_cat&post=100929"},{"taxonomy":"product_tag","embeddable":true,"href":"https:\/\/vog.com.tn\/index.php?rest_route=%2Fwp%2Fv2%2Fproduct_tag&post=100929"}],"curies":[{"name":"wp","href":"https:\/\/api.w.org\/{rel}","templated":true}]}}