{"id":100939,"date":"2025-07-12T17:19:15","date_gmt":"2025-07-12T15:19:15","guid":{"rendered":"https:\/\/vog.com.tn\/?post_type=product&#038;p=100939"},"modified":"2026-04-19T12:11:28","modified_gmt":"2026-04-19T10:11:28","slug":"sandales-a-talon-femme-305450-vog","status":"publish","type":"product","link":"https:\/\/vog.com.tn\/?product=sandales-a-talon-femme-305450-vog","title":{"rendered":"Sandales \u00e0 talon Femme \u2013 305450 \u2013 VOG"},"content":{"rendered":"<p>Brillez de mille feux avec ces sandales \u00e0 talon chic et transparence glamour, parfaites pour sublimer toutes vos tenues.<\/p>\n","protected":false},"excerpt":{"rendered":"<p>Vente en ligne \u2013 Sandales \u00e0 talon transparent et bride strass\u00e9e pour femmes :<\/p>\n<ul>\n<li>Talon haut effet bobine et bride fine orn\u00e9e de strass pour une allure \u00e9l\u00e9gante et raffin\u00e9e en toute l\u00e9g\u00e8ret\u00e9.<\/li>\n<li>Design transparent et minimaliste qui sublime la silhouette sans alourdir le pied.<\/li>\n<li><strong data-start=\"521\" data-end=\"534\">D\u00e9tails : <\/strong>Talon bobine stable \u2013 Finitions strass\u00e9es \u2013 Semelle antid\u00e9rapante<\/li>\n<li><strong data-start=\"484\" data-end=\"506\">Hauteur du talon :<\/strong> Environ 9 cm<\/li>\n<li><strong data-start=\"442\" data-end=\"457\">Fermeture :<\/strong> Bride arri\u00e8re \u00e9lastique<\/li>\n<li><strong data-start=\"400\" data-end=\"425\">Coloris disponibles :<\/strong> Gold \u2013 Silver<\/li>\n<li><strong data-start=\"604\" data-end=\"615\">Style :<\/strong> Chic, soir\u00e9e, mariage, \u00e9v\u00e9nement<\/li>\n<li><strong data-start=\"651\" data-end=\"664\">Confort :<\/strong> L\u00e9ger et agr\u00e9able pour les occasions sp\u00e9ciales<\/li>\n<li><strong data-start=\"713\" data-end=\"739\">Livraison \u00e0 domicile :<\/strong> 8 TND<\/li>\n<li><strong data-start=\"748\" data-end=\"772\">D\u00e9lai de livraison :<\/strong> 2 \u00e0 3 jours<\/li>\n<li><strong data-start=\"787\" data-end=\"809\">\u00c9change possible :<\/strong> Vous payez uniquement les frais de livraison du second colis (D\u00e9lai d\u2019\u00e9change : maximum 1 jour)<\/li>\n<\/ul>\n","protected":false},"featured_media":113502,"template":"","meta":[],"product_brand":[],"product_cat":[96,137,360,78,260],"product_tag":[],"class_list":{"0":"post-100939","1":"product","2":"type-product","3":"status-publish","4":"has-post-thumbnail","6":"product_cat-chaussures-femme","7":"product_cat-mode-femme","8":"product_cat-nouvelle-collection","9":"product_cat-sandales-nu-pieds-femme","10":"product_cat-sandales-a-talon","11":"pa_couleurs-gold","12":"pa_couleurs-silver","13":"pa_pointure-105","14":"pa_pointure-106","15":"pa_pointure-107","16":"pa_pointure-108","17":"pa_pointure-109","18":"pa_pointure-110","21":"first","22":"instock","23":"taxable","24":"shipping-taxable","25":"purchasable","26":"product-type-variable"},"yoast_head":"<!-- This site is optimized with the Yoast SEO plugin v27.5 - https:\/\/yoast.com\/product\/yoast-seo-wordpress\/ -->\n<title>Sandales \u00e0 talon Femme \u2013 305450 \u2013 VOG - Vog Tunisie<\/title>\n<meta name=\"robots\" content=\"index, follow, max-snippet:-1, max-image-preview:large, max-video-preview:-1\" \/>\n<link rel=\"canonical\" href=\"https:\/\/vog.com.tn\/?product=sandales-a-talon-femme-305450-vog\" \/>\n<meta property=\"og:locale\" content=\"fr_FR\" \/>\n<meta property=\"og:type\" content=\"article\" \/>\n<meta property=\"og:title\" content=\"Sandales \u00e0 talon Femme \u2013 305450 \u2013 VOG - Vog Tunisie\" \/>\n<meta property=\"og:description\" content=\"Vente en ligne \u2013 Sandales \u00e0 talon transparent et bride strass\u00e9e pour femmes :   Talon haut effet bobine et bride fine orn\u00e9e de strass pour une allure \u00e9l\u00e9gante et raffin\u00e9e en toute l\u00e9g\u00e8ret\u00e9.  Design transparent et minimaliste qui sublime la silhouette sans alourdir le pied.  D\u00e9tails : Talon bobine stable \u2013 Finitions strass\u00e9es \u2013 Semelle antid\u00e9rapante  Hauteur du talon : Environ 9 cm  Fermeture : Bride arri\u00e8re \u00e9lastique  Coloris disponibles : Gold \u2013 Silver  Style : Chic, soir\u00e9e, mariage, \u00e9v\u00e9nement  Confort : L\u00e9ger et agr\u00e9able pour les occasions sp\u00e9ciales  Livraison \u00e0 domicile : 8 TND  D\u00e9lai de livraison : 2 \u00e0 3 jours  \u00c9change possible : Vous payez uniquement les frais de livraison du second colis (D\u00e9lai d\u2019\u00e9change : maximum 1 jour)\" \/>\n<meta property=\"og:url\" content=\"https:\/\/vog.com.tn\/?product=sandales-a-talon-femme-305450-vog\" \/>\n<meta property=\"og:site_name\" content=\"Vog Tunisie\" \/>\n<meta property=\"article:modified_time\" content=\"2026-04-19T10:11:28+00:00\" \/>\n<meta property=\"og:image\" content=\"https:\/\/vog.com.tn\/wp-content\/uploads\/2025\/07\/305450-gold-2.jpg\" \/>\n\t<meta property=\"og:image:width\" content=\"800\" \/>\n\t<meta property=\"og:image:height\" content=\"1180\" \/>\n\t<meta property=\"og:image:type\" content=\"image\/jpeg\" \/>\n<meta name=\"twitter:card\" content=\"summary_large_image\" \/>\n<meta name=\"twitter:label1\" content=\"Dur\u00e9e de lecture estim\u00e9e\" \/>\n\t<meta name=\"twitter:data1\" content=\"1 minute\" \/>\n<script type=\"application\/ld+json\" class=\"yoast-schema-graph\">{\"@context\":\"https:\\\/\\\/schema.org\",\"@graph\":[{\"@type\":\"WebPage\",\"@id\":\"https:\\\/\\\/vog.com.tn\\\/?product=sandales-a-talon-femme-305450-vog\",\"url\":\"https:\\\/\\\/vog.com.tn\\\/?product=sandales-a-talon-femme-305450-vog\",\"name\":\"Sandales \u00e0 talon Femme \u2013 305450 \u2013 VOG - Vog Tunisie\",\"isPartOf\":{\"@id\":\"https:\\\/\\\/vog.com.tn\\\/#website\"},\"primaryImageOfPage\":{\"@id\":\"https:\\\/\\\/vog.com.tn\\\/?product=sandales-a-talon-femme-305450-vog#primaryimage\"},\"image\":{\"@id\":\"https:\\\/\\\/vog.com.tn\\\/?product=sandales-a-talon-femme-305450-vog#primaryimage\"},\"thumbnailUrl\":\"https:\\\/\\\/vog.com.tn\\\/wp-content\\\/uploads\\\/2025\\\/07\\\/305450-gold-2.jpg\",\"datePublished\":\"2025-07-12T15:19:15+00:00\",\"dateModified\":\"2026-04-19T10:11:28+00:00\",\"breadcrumb\":{\"@id\":\"https:\\\/\\\/vog.com.tn\\\/?product=sandales-a-talon-femme-305450-vog#breadcrumb\"},\"inLanguage\":\"fr-FR\",\"potentialAction\":[{\"@type\":\"ReadAction\",\"target\":[\"https:\\\/\\\/vog.com.tn\\\/?product=sandales-a-talon-femme-305450-vog\"]}]},{\"@type\":\"ImageObject\",\"inLanguage\":\"fr-FR\",\"@id\":\"https:\\\/\\\/vog.com.tn\\\/?product=sandales-a-talon-femme-305450-vog#primaryimage\",\"url\":\"https:\\\/\\\/vog.com.tn\\\/wp-content\\\/uploads\\\/2025\\\/07\\\/305450-gold-2.jpg\",\"contentUrl\":\"https:\\\/\\\/vog.com.tn\\\/wp-content\\\/uploads\\\/2025\\\/07\\\/305450-gold-2.jpg\",\"width\":800,\"height\":1180},{\"@type\":\"BreadcrumbList\",\"@id\":\"https:\\\/\\\/vog.com.tn\\\/?product=sandales-a-talon-femme-305450-vog#breadcrumb\",\"itemListElement\":[{\"@type\":\"ListItem\",\"position\":1,\"name\":\"Home\",\"item\":\"https:\\\/\\\/vog.com.tn\\\/\"},{\"@type\":\"ListItem\",\"position\":2,\"name\":\"Produits\",\"item\":\"https:\\\/\\\/vog.com.tn\\\/?page_id=8\"},{\"@type\":\"ListItem\",\"position\":3,\"name\":\"Sandales \u00e0 talon Femme \u2013 305450 \u2013 VOG\"}]},{\"@type\":\"WebSite\",\"@id\":\"https:\\\/\\\/vog.com.tn\\\/#website\",\"url\":\"https:\\\/\\\/vog.com.tn\\\/\",\"name\":\"Vog Tunisie\",\"description\":\"Pr\u00eat-\u00e0-porter\",\"potentialAction\":[{\"@type\":\"SearchAction\",\"target\":{\"@type\":\"EntryPoint\",\"urlTemplate\":\"https:\\\/\\\/vog.com.tn\\\/?s={search_term_string}\"},\"query-input\":{\"@type\":\"PropertyValueSpecification\",\"valueRequired\":true,\"valueName\":\"search_term_string\"}}],\"inLanguage\":\"fr-FR\"}]}<\/script>\n<!-- \/ Yoast SEO plugin. -->","yoast_head_json":{"title":"Sandales \u00e0 talon Femme \u2013 305450 \u2013 VOG - Vog Tunisie","robots":{"index":"index","follow":"follow","max-snippet":"max-snippet:-1","max-image-preview":"max-image-preview:large","max-video-preview":"max-video-preview:-1"},"canonical":"https:\/\/vog.com.tn\/?product=sandales-a-talon-femme-305450-vog","og_locale":"fr_FR","og_type":"article","og_title":"Sandales \u00e0 talon Femme \u2013 305450 \u2013 VOG - Vog Tunisie","og_description":"Vente en ligne \u2013 Sandales \u00e0 talon transparent et bride strass\u00e9e pour femmes :   Talon haut effet bobine et bride fine orn\u00e9e de strass pour une allure \u00e9l\u00e9gante et raffin\u00e9e en toute l\u00e9g\u00e8ret\u00e9.  Design transparent et minimaliste qui sublime la silhouette sans alourdir le pied.  D\u00e9tails : Talon bobine stable \u2013 Finitions strass\u00e9es \u2013 Semelle antid\u00e9rapante  Hauteur du talon : Environ 9 cm  Fermeture : Bride arri\u00e8re \u00e9lastique  Coloris disponibles : Gold \u2013 Silver  Style : Chic, soir\u00e9e, mariage, \u00e9v\u00e9nement  Confort : L\u00e9ger et agr\u00e9able pour les occasions sp\u00e9ciales  Livraison \u00e0 domicile : 8 TND  D\u00e9lai de livraison : 2 \u00e0 3 jours  \u00c9change possible : Vous payez uniquement les frais de livraison du second colis (D\u00e9lai d\u2019\u00e9change : maximum 1 jour)","og_url":"https:\/\/vog.com.tn\/?product=sandales-a-talon-femme-305450-vog","og_site_name":"Vog Tunisie","article_modified_time":"2026-04-19T10:11:28+00:00","og_image":[{"width":800,"height":1180,"url":"https:\/\/vog.com.tn\/wp-content\/uploads\/2025\/07\/305450-gold-2.jpg","type":"image\/jpeg"}],"twitter_card":"summary_large_image","twitter_misc":{"Dur\u00e9e de lecture estim\u00e9e":"1 minute"},"schema":{"@context":"https:\/\/schema.org","@graph":[{"@type":"WebPage","@id":"https:\/\/vog.com.tn\/?product=sandales-a-talon-femme-305450-vog","url":"https:\/\/vog.com.tn\/?product=sandales-a-talon-femme-305450-vog","name":"Sandales \u00e0 talon Femme \u2013 305450 \u2013 VOG - Vog Tunisie","isPartOf":{"@id":"https:\/\/vog.com.tn\/#website"},"primaryImageOfPage":{"@id":"https:\/\/vog.com.tn\/?product=sandales-a-talon-femme-305450-vog#primaryimage"},"image":{"@id":"https:\/\/vog.com.tn\/?product=sandales-a-talon-femme-305450-vog#primaryimage"},"thumbnailUrl":"https:\/\/vog.com.tn\/wp-content\/uploads\/2025\/07\/305450-gold-2.jpg","datePublished":"2025-07-12T15:19:15+00:00","dateModified":"2026-04-19T10:11:28+00:00","breadcrumb":{"@id":"https:\/\/vog.com.tn\/?product=sandales-a-talon-femme-305450-vog#breadcrumb"},"inLanguage":"fr-FR","potentialAction":[{"@type":"ReadAction","target":["https:\/\/vog.com.tn\/?product=sandales-a-talon-femme-305450-vog"]}]},{"@type":"ImageObject","inLanguage":"fr-FR","@id":"https:\/\/vog.com.tn\/?product=sandales-a-talon-femme-305450-vog#primaryimage","url":"https:\/\/vog.com.tn\/wp-content\/uploads\/2025\/07\/305450-gold-2.jpg","contentUrl":"https:\/\/vog.com.tn\/wp-content\/uploads\/2025\/07\/305450-gold-2.jpg","width":800,"height":1180},{"@type":"BreadcrumbList","@id":"https:\/\/vog.com.tn\/?product=sandales-a-talon-femme-305450-vog#breadcrumb","itemListElement":[{"@type":"ListItem","position":1,"name":"Home","item":"https:\/\/vog.com.tn\/"},{"@type":"ListItem","position":2,"name":"Produits","item":"https:\/\/vog.com.tn\/?page_id=8"},{"@type":"ListItem","position":3,"name":"Sandales \u00e0 talon Femme \u2013 305450 \u2013 VOG"}]},{"@type":"WebSite","@id":"https:\/\/vog.com.tn\/#website","url":"https:\/\/vog.com.tn\/","name":"Vog Tunisie","description":"Pr\u00eat-\u00e0-porter","potentialAction":[{"@type":"SearchAction","target":{"@type":"EntryPoint","urlTemplate":"https:\/\/vog.com.tn\/?s={search_term_string}"},"query-input":{"@type":"PropertyValueSpecification","valueRequired":true,"valueName":"search_term_string"}}],"inLanguage":"fr-FR"}]}},"_links":{"self":[{"href":"https:\/\/vog.com.tn\/index.php?rest_route=\/wp\/v2\/product\/100939","targetHints":{"allow":["GET"]}}],"collection":[{"href":"https:\/\/vog.com.tn\/index.php?rest_route=\/wp\/v2\/product"}],"about":[{"href":"https:\/\/vog.com.tn\/index.php?rest_route=\/wp\/v2\/types\/product"}],"wp:featuredmedia":[{"embeddable":true,"href":"https:\/\/vog.com.tn\/index.php?rest_route=\/wp\/v2\/media\/113502"}],"wp:attachment":[{"href":"https:\/\/vog.com.tn\/index.php?rest_route=%2Fwp%2Fv2%2Fmedia&parent=100939"}],"wp:term":[{"taxonomy":"product_brand","embeddable":true,"href":"https:\/\/vog.com.tn\/index.php?rest_route=%2Fwp%2Fv2%2Fproduct_brand&post=100939"},{"taxonomy":"product_cat","embeddable":true,"href":"https:\/\/vog.com.tn\/index.php?rest_route=%2Fwp%2Fv2%2Fproduct_cat&post=100939"},{"taxonomy":"product_tag","embeddable":true,"href":"https:\/\/vog.com.tn\/index.php?rest_route=%2Fwp%2Fv2%2Fproduct_tag&post=100939"}],"curies":[{"name":"wp","href":"https:\/\/api.w.org\/{rel}","templated":true}]}}