{"id":101015,"date":"2025-07-12T18:21:12","date_gmt":"2025-07-12T16:21:12","guid":{"rendered":"https:\/\/vog.com.tn\/?post_type=product&#038;p=101015"},"modified":"2026-05-03T12:11:54","modified_gmt":"2026-05-03T10:11:54","slug":"sandales-a-talon-femme-305454-vog","status":"publish","type":"product","link":"https:\/\/vog.com.tn\/?product=sandales-a-talon-femme-305454-vog","title":{"rendered":"Sandales \u00e0 talon Femme \u2013 305454 \u2013 VOG"},"content":{"rendered":"<p>Osez le glamour avec ces talons, Chaque pas devient une d\u00e9claration. Brillez, marchez, impressionnez.<\/p>\n<p>Glamour assur\u00e9, confort garanti.<\/p>\n","protected":false},"excerpt":{"rendered":"<p>Vente en ligne \u2013 Sandales \u00e0 talon pour femmes :<\/p>\n<p><strong data-start=\"94\" data-end=\"116\">Hauteur du talon :<\/strong> 11 cm<br data-start=\"122\" data-end=\"125\" \/><strong data-start=\"125\" data-end=\"140\">Fermeture :<\/strong> Bride \u00e0 boucle r\u00e9glable \u00e0 la cheville<br data-start=\"178\" data-end=\"181\" data-is-only-node=\"\" \/><strong data-start=\"181\" data-end=\"192\">Style :<\/strong> \u00c9l\u00e9gant, glamour, sophistiqu\u00e9<br data-start=\"222\" data-end=\"225\" \/><strong data-start=\"225\" data-end=\"238\">Confort :<\/strong> Semelle int\u00e9rieure l\u00e9g\u00e8rement rembourr\u00e9e avec plateforme avant pour plus de stabilit\u00e9<br data-start=\"324\" data-end=\"327\" \/><strong data-start=\"327\" data-end=\"353\">Couleurs disponibles :<\/strong> Blanc, Gold, Bronze, Silver<br data-start=\"381\" data-end=\"384\" \/><strong data-start=\"384\" data-end=\"410\">Livraison \u00e0 domicile :<\/strong> 8 TND<br data-start=\"416\" data-end=\"419\" \/><strong data-start=\"419\" data-end=\"443\">D\u00e9lai de livraison :<\/strong> 2 \u00e0 3 jours<br data-start=\"455\" data-end=\"458\" \/><strong data-start=\"458\" data-end=\"480\">\u00c9change possible :<\/strong> D\u00e9lai max. 1 jour (frais de retour \u00e0 votre charge)<\/p>\n","protected":false},"featured_media":104598,"template":"","meta":[],"product_brand":[],"product_cat":[96,137,360,78,260],"product_tag":[],"class_list":{"0":"post-101015","1":"product","2":"type-product","3":"status-publish","4":"has-post-thumbnail","6":"product_cat-chaussures-femme","7":"product_cat-mode-femme","8":"product_cat-nouvelle-collection","9":"product_cat-sandales-nu-pieds-femme","10":"product_cat-sandales-a-talon","11":"pa_couleurs-blanc","12":"pa_couleurs-bronze","13":"pa_couleurs-gold","14":"pa_couleurs-silver","15":"pa_pointure-105","16":"pa_pointure-106","17":"pa_pointure-107","18":"pa_pointure-108","19":"pa_pointure-109","20":"pa_pointure-110","23":"first","24":"instock","25":"taxable","26":"shipping-taxable","27":"purchasable","28":"product-type-variable"},"yoast_head":"<!-- This site is optimized with the Yoast SEO plugin v27.5 - https:\/\/yoast.com\/product\/yoast-seo-wordpress\/ -->\n<title>Sandales \u00e0 talon Femme \u2013 305454 \u2013 VOG - Vog Tunisie<\/title>\n<meta name=\"robots\" content=\"index, follow, max-snippet:-1, max-image-preview:large, max-video-preview:-1\" \/>\n<link rel=\"canonical\" href=\"https:\/\/vog.com.tn\/?product=sandales-a-talon-femme-305454-vog\" \/>\n<meta property=\"og:locale\" content=\"fr_FR\" \/>\n<meta property=\"og:type\" content=\"article\" \/>\n<meta property=\"og:title\" content=\"Sandales \u00e0 talon Femme \u2013 305454 \u2013 VOG - Vog Tunisie\" \/>\n<meta property=\"og:description\" content=\"Vente en ligne \u2013 Sandales \u00e0 talon pour femmes :  Hauteur du talon : 11 cmFermeture : Bride \u00e0 boucle r\u00e9glable \u00e0 la chevilleStyle : \u00c9l\u00e9gant, glamour, sophistiqu\u00e9Confort : Semelle int\u00e9rieure l\u00e9g\u00e8rement rembourr\u00e9e avec plateforme avant pour plus de stabilit\u00e9Couleurs disponibles : Blanc, Gold, Bronze, SilverLivraison \u00e0 domicile : 8 TNDD\u00e9lai de livraison : 2 \u00e0 3 jours\u00c9change possible : D\u00e9lai max. 1 jour (frais de retour \u00e0 votre charge)\" \/>\n<meta property=\"og:url\" content=\"https:\/\/vog.com.tn\/?product=sandales-a-talon-femme-305454-vog\" \/>\n<meta property=\"og:site_name\" content=\"Vog Tunisie\" \/>\n<meta property=\"article:modified_time\" content=\"2026-05-03T10:11:54+00:00\" \/>\n<meta property=\"og:image\" content=\"https:\/\/vog.com.tn\/wp-content\/uploads\/2025\/07\/305454-silver-1-1.jpg\" \/>\n\t<meta property=\"og:image:width\" content=\"800\" \/>\n\t<meta property=\"og:image:height\" content=\"1180\" \/>\n\t<meta property=\"og:image:type\" content=\"image\/jpeg\" \/>\n<meta name=\"twitter:card\" content=\"summary_large_image\" \/>\n<meta name=\"twitter:label1\" content=\"Dur\u00e9e de lecture estim\u00e9e\" \/>\n\t<meta name=\"twitter:data1\" content=\"1 minute\" \/>\n<script type=\"application\/ld+json\" class=\"yoast-schema-graph\">{\"@context\":\"https:\\\/\\\/schema.org\",\"@graph\":[{\"@type\":\"WebPage\",\"@id\":\"https:\\\/\\\/vog.com.tn\\\/?product=sandales-a-talon-femme-305454-vog\",\"url\":\"https:\\\/\\\/vog.com.tn\\\/?product=sandales-a-talon-femme-305454-vog\",\"name\":\"Sandales \u00e0 talon Femme \u2013 305454 \u2013 VOG - Vog Tunisie\",\"isPartOf\":{\"@id\":\"https:\\\/\\\/vog.com.tn\\\/#website\"},\"primaryImageOfPage\":{\"@id\":\"https:\\\/\\\/vog.com.tn\\\/?product=sandales-a-talon-femme-305454-vog#primaryimage\"},\"image\":{\"@id\":\"https:\\\/\\\/vog.com.tn\\\/?product=sandales-a-talon-femme-305454-vog#primaryimage\"},\"thumbnailUrl\":\"https:\\\/\\\/vog.com.tn\\\/wp-content\\\/uploads\\\/2025\\\/07\\\/305454-silver-1-1.jpg\",\"datePublished\":\"2025-07-12T16:21:12+00:00\",\"dateModified\":\"2026-05-03T10:11:54+00:00\",\"breadcrumb\":{\"@id\":\"https:\\\/\\\/vog.com.tn\\\/?product=sandales-a-talon-femme-305454-vog#breadcrumb\"},\"inLanguage\":\"fr-FR\",\"potentialAction\":[{\"@type\":\"ReadAction\",\"target\":[\"https:\\\/\\\/vog.com.tn\\\/?product=sandales-a-talon-femme-305454-vog\"]}]},{\"@type\":\"ImageObject\",\"inLanguage\":\"fr-FR\",\"@id\":\"https:\\\/\\\/vog.com.tn\\\/?product=sandales-a-talon-femme-305454-vog#primaryimage\",\"url\":\"https:\\\/\\\/vog.com.tn\\\/wp-content\\\/uploads\\\/2025\\\/07\\\/305454-silver-1-1.jpg\",\"contentUrl\":\"https:\\\/\\\/vog.com.tn\\\/wp-content\\\/uploads\\\/2025\\\/07\\\/305454-silver-1-1.jpg\",\"width\":800,\"height\":1180},{\"@type\":\"BreadcrumbList\",\"@id\":\"https:\\\/\\\/vog.com.tn\\\/?product=sandales-a-talon-femme-305454-vog#breadcrumb\",\"itemListElement\":[{\"@type\":\"ListItem\",\"position\":1,\"name\":\"Home\",\"item\":\"https:\\\/\\\/vog.com.tn\\\/\"},{\"@type\":\"ListItem\",\"position\":2,\"name\":\"Produits\",\"item\":\"https:\\\/\\\/vog.com.tn\\\/?page_id=8\"},{\"@type\":\"ListItem\",\"position\":3,\"name\":\"Sandales \u00e0 talon Femme \u2013 305454 \u2013 VOG\"}]},{\"@type\":\"WebSite\",\"@id\":\"https:\\\/\\\/vog.com.tn\\\/#website\",\"url\":\"https:\\\/\\\/vog.com.tn\\\/\",\"name\":\"Vog Tunisie\",\"description\":\"Pr\u00eat-\u00e0-porter\",\"potentialAction\":[{\"@type\":\"SearchAction\",\"target\":{\"@type\":\"EntryPoint\",\"urlTemplate\":\"https:\\\/\\\/vog.com.tn\\\/?s={search_term_string}\"},\"query-input\":{\"@type\":\"PropertyValueSpecification\",\"valueRequired\":true,\"valueName\":\"search_term_string\"}}],\"inLanguage\":\"fr-FR\"}]}<\/script>\n<!-- \/ Yoast SEO plugin. -->","yoast_head_json":{"title":"Sandales \u00e0 talon Femme \u2013 305454 \u2013 VOG - Vog Tunisie","robots":{"index":"index","follow":"follow","max-snippet":"max-snippet:-1","max-image-preview":"max-image-preview:large","max-video-preview":"max-video-preview:-1"},"canonical":"https:\/\/vog.com.tn\/?product=sandales-a-talon-femme-305454-vog","og_locale":"fr_FR","og_type":"article","og_title":"Sandales \u00e0 talon Femme \u2013 305454 \u2013 VOG - Vog Tunisie","og_description":"Vente en ligne \u2013 Sandales \u00e0 talon pour femmes :  Hauteur du talon : 11 cmFermeture : Bride \u00e0 boucle r\u00e9glable \u00e0 la chevilleStyle : \u00c9l\u00e9gant, glamour, sophistiqu\u00e9Confort : Semelle int\u00e9rieure l\u00e9g\u00e8rement rembourr\u00e9e avec plateforme avant pour plus de stabilit\u00e9Couleurs disponibles : Blanc, Gold, Bronze, SilverLivraison \u00e0 domicile : 8 TNDD\u00e9lai de livraison : 2 \u00e0 3 jours\u00c9change possible : D\u00e9lai max. 1 jour (frais de retour \u00e0 votre charge)","og_url":"https:\/\/vog.com.tn\/?product=sandales-a-talon-femme-305454-vog","og_site_name":"Vog Tunisie","article_modified_time":"2026-05-03T10:11:54+00:00","og_image":[{"width":800,"height":1180,"url":"https:\/\/vog.com.tn\/wp-content\/uploads\/2025\/07\/305454-silver-1-1.jpg","type":"image\/jpeg"}],"twitter_card":"summary_large_image","twitter_misc":{"Dur\u00e9e de lecture estim\u00e9e":"1 minute"},"schema":{"@context":"https:\/\/schema.org","@graph":[{"@type":"WebPage","@id":"https:\/\/vog.com.tn\/?product=sandales-a-talon-femme-305454-vog","url":"https:\/\/vog.com.tn\/?product=sandales-a-talon-femme-305454-vog","name":"Sandales \u00e0 talon Femme \u2013 305454 \u2013 VOG - Vog Tunisie","isPartOf":{"@id":"https:\/\/vog.com.tn\/#website"},"primaryImageOfPage":{"@id":"https:\/\/vog.com.tn\/?product=sandales-a-talon-femme-305454-vog#primaryimage"},"image":{"@id":"https:\/\/vog.com.tn\/?product=sandales-a-talon-femme-305454-vog#primaryimage"},"thumbnailUrl":"https:\/\/vog.com.tn\/wp-content\/uploads\/2025\/07\/305454-silver-1-1.jpg","datePublished":"2025-07-12T16:21:12+00:00","dateModified":"2026-05-03T10:11:54+00:00","breadcrumb":{"@id":"https:\/\/vog.com.tn\/?product=sandales-a-talon-femme-305454-vog#breadcrumb"},"inLanguage":"fr-FR","potentialAction":[{"@type":"ReadAction","target":["https:\/\/vog.com.tn\/?product=sandales-a-talon-femme-305454-vog"]}]},{"@type":"ImageObject","inLanguage":"fr-FR","@id":"https:\/\/vog.com.tn\/?product=sandales-a-talon-femme-305454-vog#primaryimage","url":"https:\/\/vog.com.tn\/wp-content\/uploads\/2025\/07\/305454-silver-1-1.jpg","contentUrl":"https:\/\/vog.com.tn\/wp-content\/uploads\/2025\/07\/305454-silver-1-1.jpg","width":800,"height":1180},{"@type":"BreadcrumbList","@id":"https:\/\/vog.com.tn\/?product=sandales-a-talon-femme-305454-vog#breadcrumb","itemListElement":[{"@type":"ListItem","position":1,"name":"Home","item":"https:\/\/vog.com.tn\/"},{"@type":"ListItem","position":2,"name":"Produits","item":"https:\/\/vog.com.tn\/?page_id=8"},{"@type":"ListItem","position":3,"name":"Sandales \u00e0 talon Femme \u2013 305454 \u2013 VOG"}]},{"@type":"WebSite","@id":"https:\/\/vog.com.tn\/#website","url":"https:\/\/vog.com.tn\/","name":"Vog Tunisie","description":"Pr\u00eat-\u00e0-porter","potentialAction":[{"@type":"SearchAction","target":{"@type":"EntryPoint","urlTemplate":"https:\/\/vog.com.tn\/?s={search_term_string}"},"query-input":{"@type":"PropertyValueSpecification","valueRequired":true,"valueName":"search_term_string"}}],"inLanguage":"fr-FR"}]}},"_links":{"self":[{"href":"https:\/\/vog.com.tn\/index.php?rest_route=\/wp\/v2\/product\/101015","targetHints":{"allow":["GET"]}}],"collection":[{"href":"https:\/\/vog.com.tn\/index.php?rest_route=\/wp\/v2\/product"}],"about":[{"href":"https:\/\/vog.com.tn\/index.php?rest_route=\/wp\/v2\/types\/product"}],"wp:featuredmedia":[{"embeddable":true,"href":"https:\/\/vog.com.tn\/index.php?rest_route=\/wp\/v2\/media\/104598"}],"wp:attachment":[{"href":"https:\/\/vog.com.tn\/index.php?rest_route=%2Fwp%2Fv2%2Fmedia&parent=101015"}],"wp:term":[{"taxonomy":"product_brand","embeddable":true,"href":"https:\/\/vog.com.tn\/index.php?rest_route=%2Fwp%2Fv2%2Fproduct_brand&post=101015"},{"taxonomy":"product_cat","embeddable":true,"href":"https:\/\/vog.com.tn\/index.php?rest_route=%2Fwp%2Fv2%2Fproduct_cat&post=101015"},{"taxonomy":"product_tag","embeddable":true,"href":"https:\/\/vog.com.tn\/index.php?rest_route=%2Fwp%2Fv2%2Fproduct_tag&post=101015"}],"curies":[{"name":"wp","href":"https:\/\/api.w.org\/{rel}","templated":true}]}}