{"id":101340,"date":"2025-07-14T17:50:58","date_gmt":"2025-07-14T15:50:58","guid":{"rendered":"https:\/\/vog.com.tn\/?post_type=product&#038;p=101340"},"modified":"2026-05-05T14:00:25","modified_gmt":"2026-05-05T12:00:25","slug":"ensemble-femme-159951-vog","status":"publish","type":"product","link":"https:\/\/vog.com.tn\/?product=ensemble-femme-159951-vog","title":{"rendered":"Ensemble Femme-159951-Vog"},"content":{"rendered":"<p>VOG met en vente en ligne ensemble Femme en Tunisie. Des ensembles confortable pour femme tendances pour accueillir la nouvelle saison d\u2019\u00e9t\u00e9 ! Notre s\u00e9lection comprend des ensembles \u00e9l\u00e9gants.<\/p>\n<div class=\"heateorSssClear\"><\/div>\n<div class=\"heateor_sss_sharing_container heateor_sss_horizontal_sharing\" data-heateor-sss-href=\"https:\/\/vog.com.tn\/?product=ensemble-femme-306802-vog\"><\/div>\n","protected":false},"excerpt":{"rendered":"<p>Vente en linge ensemble pour femme .<\/p>\n<ul>\n<li data-start=\"350\" data-end=\"523\"><strong data-start=\"350\" data-end=\"379\">T-shirt \u00e0 manches courtes<\/strong><\/li>\n<li data-start=\"350\" data-end=\"523\"><strong data-start=\"526\" data-end=\"548\">Pantalon longue fluide<\/strong>\u00a0avec taille \u00e9lastique \u00e0 cordon ajustable, fente discr\u00e8te sur le c\u00f4t\u00e9 et poches plaqu\u00e9es pour un style pratique et f\u00e9minin.<\/li>\n<li data-start=\"350\" data-end=\"523\"><strong data-start=\"674\" data-end=\"697\">Couleur\u00a0 douce<\/strong>, facile \u00e0 associer avec vos accessoires pr\u00e9f\u00e9r\u00e9s.<\/li>\n<li data-start=\"350\" data-end=\"523\"><strong data-start=\"750\" data-end=\"773\">Mati\u00e8re confortable<\/strong>, id\u00e9ale pour une utilisation quotidienne.<\/li>\n<li><strong data-start=\"817\" data-end=\"843\">Livraison \u00e0 domicile :<\/strong> 8.500 TND<\/li>\n<li><strong data-start=\"852\" data-end=\"876\">D\u00e9lai de livraison :<\/strong>\u00a02 \u00e0 3 jours<\/li>\n<li><strong data-start=\"891\" data-end=\"913\">\u00c9change possible :<\/strong>\u00a0vous ne payez que les frais de livraison pour le second colis<\/li>\n<li><strong data-start=\"978\" data-end=\"999\">D\u00e9lai d\u2019\u00e9change :<\/strong>\u00a0maximum 1 jour apr\u00e8s r\u00e9ception<\/li>\n<\/ul>\n","protected":false},"featured_media":101375,"template":"","meta":[],"product_brand":[],"product_cat":[239,441,137,360,71],"product_tag":[],"class_list":{"0":"post-101340","1":"product","2":"type-product","3":"status-publish","4":"has-post-thumbnail","6":"product_cat-ensembles","7":"product_cat-ensembles-dete","8":"product_cat-mode-femme","9":"product_cat-nouvelle-collection","10":"product_cat-vetements-femme","11":"pa_couleurs-beige","12":"pa_couleurs-blanc","13":"pa_couleurs-ciel-2","14":"pa_couleurs-ecru","15":"pa_couleurs-fushia","16":"pa_couleurs-gris","17":"pa_couleurs-kaki","18":"pa_couleurs-noir","19":"pa_couleurs-rose","20":"pa_couleurs-vert","21":"pa_taille-l-xl","22":"pa_taille-m-l","23":"pa_taille-s-m","26":"first","27":"instock","28":"taxable","29":"shipping-taxable","30":"purchasable","31":"product-type-variable"},"yoast_head":"<!-- This site is optimized with the Yoast SEO plugin v27.5 - https:\/\/yoast.com\/product\/yoast-seo-wordpress\/ -->\n<title>Ensemble Femme-159951-Vog - Vog Tunisie<\/title>\n<meta name=\"robots\" content=\"index, follow, max-snippet:-1, max-image-preview:large, max-video-preview:-1\" \/>\n<link rel=\"canonical\" href=\"https:\/\/vog.com.tn\/?product=ensemble-femme-159951-vog\" \/>\n<meta property=\"og:locale\" content=\"fr_FR\" \/>\n<meta property=\"og:type\" content=\"article\" \/>\n<meta property=\"og:title\" content=\"Ensemble Femme-159951-Vog - Vog Tunisie\" \/>\n<meta property=\"og:description\" content=\"Vente en linge ensemble pour femme .   T-shirt \u00e0 manches courtes  Pantalon longue fluide\u00a0avec taille \u00e9lastique \u00e0 cordon ajustable, fente discr\u00e8te sur le c\u00f4t\u00e9 et poches plaqu\u00e9es pour un style pratique et f\u00e9minin.  Couleur\u00a0 douce, facile \u00e0 associer avec vos accessoires pr\u00e9f\u00e9r\u00e9s.  Mati\u00e8re confortable, id\u00e9ale pour une utilisation quotidienne.  Livraison \u00e0 domicile : 8.500 TND  D\u00e9lai de livraison :\u00a02 \u00e0 3 jours  \u00c9change possible :\u00a0vous ne payez que les frais de livraison pour le second colis  D\u00e9lai d\u2019\u00e9change :\u00a0maximum 1 jour apr\u00e8s r\u00e9ception\" \/>\n<meta property=\"og:url\" content=\"https:\/\/vog.com.tn\/?product=ensemble-femme-159951-vog\" \/>\n<meta property=\"og:site_name\" content=\"Vog Tunisie\" \/>\n<meta property=\"article:modified_time\" content=\"2026-05-05T12:00:25+00:00\" \/>\n<meta property=\"og:image\" content=\"https:\/\/vog.com.tn\/wp-content\/uploads\/2025\/07\/159951-ciel.jpg\" \/>\n\t<meta property=\"og:image:width\" content=\"572\" \/>\n\t<meta property=\"og:image:height\" content=\"800\" \/>\n\t<meta property=\"og:image:type\" content=\"image\/jpeg\" \/>\n<meta name=\"twitter:card\" content=\"summary_large_image\" \/>\n<meta name=\"twitter:label1\" content=\"Dur\u00e9e de lecture estim\u00e9e\" \/>\n\t<meta name=\"twitter:data1\" content=\"1 minute\" \/>\n<script type=\"application\/ld+json\" class=\"yoast-schema-graph\">{\"@context\":\"https:\\\/\\\/schema.org\",\"@graph\":[{\"@type\":\"WebPage\",\"@id\":\"https:\\\/\\\/vog.com.tn\\\/?product=ensemble-femme-159951-vog\",\"url\":\"https:\\\/\\\/vog.com.tn\\\/?product=ensemble-femme-159951-vog\",\"name\":\"Ensemble Femme-159951-Vog - Vog Tunisie\",\"isPartOf\":{\"@id\":\"https:\\\/\\\/vog.com.tn\\\/#website\"},\"primaryImageOfPage\":{\"@id\":\"https:\\\/\\\/vog.com.tn\\\/?product=ensemble-femme-159951-vog#primaryimage\"},\"image\":{\"@id\":\"https:\\\/\\\/vog.com.tn\\\/?product=ensemble-femme-159951-vog#primaryimage\"},\"thumbnailUrl\":\"https:\\\/\\\/vog.com.tn\\\/wp-content\\\/uploads\\\/2025\\\/07\\\/159951-ciel.jpg\",\"datePublished\":\"2025-07-14T15:50:58+00:00\",\"dateModified\":\"2026-05-05T12:00:25+00:00\",\"breadcrumb\":{\"@id\":\"https:\\\/\\\/vog.com.tn\\\/?product=ensemble-femme-159951-vog#breadcrumb\"},\"inLanguage\":\"fr-FR\",\"potentialAction\":[{\"@type\":\"ReadAction\",\"target\":[\"https:\\\/\\\/vog.com.tn\\\/?product=ensemble-femme-159951-vog\"]}]},{\"@type\":\"ImageObject\",\"inLanguage\":\"fr-FR\",\"@id\":\"https:\\\/\\\/vog.com.tn\\\/?product=ensemble-femme-159951-vog#primaryimage\",\"url\":\"https:\\\/\\\/vog.com.tn\\\/wp-content\\\/uploads\\\/2025\\\/07\\\/159951-ciel.jpg\",\"contentUrl\":\"https:\\\/\\\/vog.com.tn\\\/wp-content\\\/uploads\\\/2025\\\/07\\\/159951-ciel.jpg\",\"width\":572,\"height\":800},{\"@type\":\"BreadcrumbList\",\"@id\":\"https:\\\/\\\/vog.com.tn\\\/?product=ensemble-femme-159951-vog#breadcrumb\",\"itemListElement\":[{\"@type\":\"ListItem\",\"position\":1,\"name\":\"Home\",\"item\":\"https:\\\/\\\/vog.com.tn\\\/\"},{\"@type\":\"ListItem\",\"position\":2,\"name\":\"Produits\",\"item\":\"https:\\\/\\\/vog.com.tn\\\/?page_id=8\"},{\"@type\":\"ListItem\",\"position\":3,\"name\":\"Ensemble Femme-159951-Vog\"}]},{\"@type\":\"WebSite\",\"@id\":\"https:\\\/\\\/vog.com.tn\\\/#website\",\"url\":\"https:\\\/\\\/vog.com.tn\\\/\",\"name\":\"Vog Tunisie\",\"description\":\"Pr\u00eat-\u00e0-porter\",\"potentialAction\":[{\"@type\":\"SearchAction\",\"target\":{\"@type\":\"EntryPoint\",\"urlTemplate\":\"https:\\\/\\\/vog.com.tn\\\/?s={search_term_string}\"},\"query-input\":{\"@type\":\"PropertyValueSpecification\",\"valueRequired\":true,\"valueName\":\"search_term_string\"}}],\"inLanguage\":\"fr-FR\"}]}<\/script>\n<!-- \/ Yoast SEO plugin. -->","yoast_head_json":{"title":"Ensemble Femme-159951-Vog - Vog Tunisie","robots":{"index":"index","follow":"follow","max-snippet":"max-snippet:-1","max-image-preview":"max-image-preview:large","max-video-preview":"max-video-preview:-1"},"canonical":"https:\/\/vog.com.tn\/?product=ensemble-femme-159951-vog","og_locale":"fr_FR","og_type":"article","og_title":"Ensemble Femme-159951-Vog - Vog Tunisie","og_description":"Vente en linge ensemble pour femme .   T-shirt \u00e0 manches courtes  Pantalon longue fluide\u00a0avec taille \u00e9lastique \u00e0 cordon ajustable, fente discr\u00e8te sur le c\u00f4t\u00e9 et poches plaqu\u00e9es pour un style pratique et f\u00e9minin.  Couleur\u00a0 douce, facile \u00e0 associer avec vos accessoires pr\u00e9f\u00e9r\u00e9s.  Mati\u00e8re confortable, id\u00e9ale pour une utilisation quotidienne.  Livraison \u00e0 domicile : 8.500 TND  D\u00e9lai de livraison :\u00a02 \u00e0 3 jours  \u00c9change possible :\u00a0vous ne payez que les frais de livraison pour le second colis  D\u00e9lai d\u2019\u00e9change :\u00a0maximum 1 jour apr\u00e8s r\u00e9ception","og_url":"https:\/\/vog.com.tn\/?product=ensemble-femme-159951-vog","og_site_name":"Vog Tunisie","article_modified_time":"2026-05-05T12:00:25+00:00","og_image":[{"width":572,"height":800,"url":"https:\/\/vog.com.tn\/wp-content\/uploads\/2025\/07\/159951-ciel.jpg","type":"image\/jpeg"}],"twitter_card":"summary_large_image","twitter_misc":{"Dur\u00e9e de lecture estim\u00e9e":"1 minute"},"schema":{"@context":"https:\/\/schema.org","@graph":[{"@type":"WebPage","@id":"https:\/\/vog.com.tn\/?product=ensemble-femme-159951-vog","url":"https:\/\/vog.com.tn\/?product=ensemble-femme-159951-vog","name":"Ensemble Femme-159951-Vog - Vog Tunisie","isPartOf":{"@id":"https:\/\/vog.com.tn\/#website"},"primaryImageOfPage":{"@id":"https:\/\/vog.com.tn\/?product=ensemble-femme-159951-vog#primaryimage"},"image":{"@id":"https:\/\/vog.com.tn\/?product=ensemble-femme-159951-vog#primaryimage"},"thumbnailUrl":"https:\/\/vog.com.tn\/wp-content\/uploads\/2025\/07\/159951-ciel.jpg","datePublished":"2025-07-14T15:50:58+00:00","dateModified":"2026-05-05T12:00:25+00:00","breadcrumb":{"@id":"https:\/\/vog.com.tn\/?product=ensemble-femme-159951-vog#breadcrumb"},"inLanguage":"fr-FR","potentialAction":[{"@type":"ReadAction","target":["https:\/\/vog.com.tn\/?product=ensemble-femme-159951-vog"]}]},{"@type":"ImageObject","inLanguage":"fr-FR","@id":"https:\/\/vog.com.tn\/?product=ensemble-femme-159951-vog#primaryimage","url":"https:\/\/vog.com.tn\/wp-content\/uploads\/2025\/07\/159951-ciel.jpg","contentUrl":"https:\/\/vog.com.tn\/wp-content\/uploads\/2025\/07\/159951-ciel.jpg","width":572,"height":800},{"@type":"BreadcrumbList","@id":"https:\/\/vog.com.tn\/?product=ensemble-femme-159951-vog#breadcrumb","itemListElement":[{"@type":"ListItem","position":1,"name":"Home","item":"https:\/\/vog.com.tn\/"},{"@type":"ListItem","position":2,"name":"Produits","item":"https:\/\/vog.com.tn\/?page_id=8"},{"@type":"ListItem","position":3,"name":"Ensemble Femme-159951-Vog"}]},{"@type":"WebSite","@id":"https:\/\/vog.com.tn\/#website","url":"https:\/\/vog.com.tn\/","name":"Vog Tunisie","description":"Pr\u00eat-\u00e0-porter","potentialAction":[{"@type":"SearchAction","target":{"@type":"EntryPoint","urlTemplate":"https:\/\/vog.com.tn\/?s={search_term_string}"},"query-input":{"@type":"PropertyValueSpecification","valueRequired":true,"valueName":"search_term_string"}}],"inLanguage":"fr-FR"}]}},"_links":{"self":[{"href":"https:\/\/vog.com.tn\/index.php?rest_route=\/wp\/v2\/product\/101340","targetHints":{"allow":["GET"]}}],"collection":[{"href":"https:\/\/vog.com.tn\/index.php?rest_route=\/wp\/v2\/product"}],"about":[{"href":"https:\/\/vog.com.tn\/index.php?rest_route=\/wp\/v2\/types\/product"}],"wp:featuredmedia":[{"embeddable":true,"href":"https:\/\/vog.com.tn\/index.php?rest_route=\/wp\/v2\/media\/101375"}],"wp:attachment":[{"href":"https:\/\/vog.com.tn\/index.php?rest_route=%2Fwp%2Fv2%2Fmedia&parent=101340"}],"wp:term":[{"taxonomy":"product_brand","embeddable":true,"href":"https:\/\/vog.com.tn\/index.php?rest_route=%2Fwp%2Fv2%2Fproduct_brand&post=101340"},{"taxonomy":"product_cat","embeddable":true,"href":"https:\/\/vog.com.tn\/index.php?rest_route=%2Fwp%2Fv2%2Fproduct_cat&post=101340"},{"taxonomy":"product_tag","embeddable":true,"href":"https:\/\/vog.com.tn\/index.php?rest_route=%2Fwp%2Fv2%2Fproduct_tag&post=101340"}],"curies":[{"name":"wp","href":"https:\/\/api.w.org\/{rel}","templated":true}]}}