{"id":101547,"date":"2025-07-16T13:26:54","date_gmt":"2025-07-16T11:26:54","guid":{"rendered":"https:\/\/vog.com.tn\/?post_type=product&#038;p=101547"},"modified":"2026-05-05T14:10:53","modified_gmt":"2026-05-05T12:10:53","slug":"ensemble-femme-306543-vog","status":"publish","type":"product","link":"https:\/\/vog.com.tn\/?product=ensemble-femme-306543-vog","title":{"rendered":"Ensemble Femme-306543-Vog"},"content":{"rendered":"<p>VOG met en vente en ligne ensemble Femme en Tunisie. Des ensembles confortable pour femme tendances pour accueillir la nouvelle saison d\u2019\u00e9t\u00e9 ! Notre s\u00e9lection comprend des ensembles \u00e9l\u00e9gants.<\/p>\n","protected":false},"excerpt":{"rendered":"<p>Vente en linge ensemble pour femme .<\/p>\n<ul>\n<li>Ensemble sans manches chic et l\u00e9ger.<\/li>\n<li>Compos\u00e9 d\u2019un gilet sans manches \u00e0 col en V et d\u2019un pantalon fluide \u00e0 taille haute.<\/li>\n<li>Fermeture boutonn\u00e9e \u00e0 l\u2019avant avec d\u00e9tails \u00e9l\u00e9gants.<\/li>\n<li>Coupe ample et confortable, id\u00e9ale pour les journ\u00e9es chaudes.<\/li>\n<li>Tissu doux et respirant, parfait pour un look styl\u00e9 et d\u00e9contract\u00e9.<\/li>\n<li>\u00c0 porter ensemble ou s\u00e9par\u00e9ment selon vos envies.<\/li>\n<li><strong data-start=\"466\" data-end=\"492\">Livraison \u00e0 domicile :<\/strong>\u00a08 TND.<\/li>\n<li><strong data-start=\"501\" data-end=\"525\">D\u00e9lai de livraison :<\/strong>\u00a02 \u00e0 3 jours.<\/li>\n<li><strong data-start=\"540\" data-end=\"562\">\u00c9change possible :<\/strong>\u00a0Vous ne payez que les frais de livraison pour le second colis.<\/li>\n<li><strong data-start=\"628\" data-end=\"649\">D\u00e9lai d\u2019\u00e9change :<\/strong>\u00a0Maximum 1 jour.<\/li>\n<\/ul>\n","protected":false},"featured_media":115936,"template":"","meta":[],"product_brand":[],"product_cat":[239,441,137,360,71],"product_tag":[],"class_list":{"0":"post-101547","1":"product","2":"type-product","3":"status-publish","4":"has-post-thumbnail","6":"product_cat-ensembles","7":"product_cat-ensembles-dete","8":"product_cat-mode-femme","9":"product_cat-nouvelle-collection","10":"product_cat-vetements-femme","11":"pa_couleurs-bleu","12":"pa_taille-m-l","13":"pa_taille-s-m","16":"first","17":"instock","18":"taxable","19":"shipping-taxable","20":"purchasable","21":"product-type-variable"},"yoast_head":"<!-- This site is optimized with the Yoast SEO plugin v27.5 - https:\/\/yoast.com\/product\/yoast-seo-wordpress\/ -->\n<title>Ensemble Femme-306543-Vog - Vog Tunisie<\/title>\n<meta name=\"robots\" content=\"index, follow, max-snippet:-1, max-image-preview:large, max-video-preview:-1\" \/>\n<link rel=\"canonical\" href=\"https:\/\/vog.com.tn\/?product=ensemble-femme-306543-vog\" \/>\n<meta property=\"og:locale\" content=\"fr_FR\" \/>\n<meta property=\"og:type\" content=\"article\" \/>\n<meta property=\"og:title\" content=\"Ensemble Femme-306543-Vog - Vog Tunisie\" \/>\n<meta property=\"og:description\" content=\"Vente en linge ensemble pour femme .   Ensemble sans manches chic et l\u00e9ger.  Compos\u00e9 d\u2019un gilet sans manches \u00e0 col en V et d\u2019un pantalon fluide \u00e0 taille haute.  Fermeture boutonn\u00e9e \u00e0 l\u2019avant avec d\u00e9tails \u00e9l\u00e9gants.  Coupe ample et confortable, id\u00e9ale pour les journ\u00e9es chaudes.  Tissu doux et respirant, parfait pour un look styl\u00e9 et d\u00e9contract\u00e9.  \u00c0 porter ensemble ou s\u00e9par\u00e9ment selon vos envies.  Livraison \u00e0 domicile :\u00a08 TND.  D\u00e9lai de livraison :\u00a02 \u00e0 3 jours.  \u00c9change possible :\u00a0Vous ne payez que les frais de livraison pour le second colis.  D\u00e9lai d\u2019\u00e9change :\u00a0Maximum 1 jour.\" \/>\n<meta property=\"og:url\" content=\"https:\/\/vog.com.tn\/?product=ensemble-femme-306543-vog\" \/>\n<meta property=\"og:site_name\" content=\"Vog Tunisie\" \/>\n<meta property=\"article:modified_time\" content=\"2026-05-05T12:10:53+00:00\" \/>\n<meta property=\"og:image\" content=\"https:\/\/vog.com.tn\/wp-content\/uploads\/2025\/07\/306543-bleu-2.jpg\" \/>\n\t<meta property=\"og:image:width\" content=\"572\" \/>\n\t<meta property=\"og:image:height\" content=\"800\" \/>\n\t<meta property=\"og:image:type\" content=\"image\/jpeg\" \/>\n<meta name=\"twitter:card\" content=\"summary_large_image\" \/>\n<meta name=\"twitter:label1\" content=\"Dur\u00e9e de lecture estim\u00e9e\" \/>\n\t<meta name=\"twitter:data1\" content=\"1 minute\" \/>\n<script type=\"application\/ld+json\" class=\"yoast-schema-graph\">{\"@context\":\"https:\\\/\\\/schema.org\",\"@graph\":[{\"@type\":\"WebPage\",\"@id\":\"https:\\\/\\\/vog.com.tn\\\/?product=ensemble-femme-306543-vog\",\"url\":\"https:\\\/\\\/vog.com.tn\\\/?product=ensemble-femme-306543-vog\",\"name\":\"Ensemble Femme-306543-Vog - Vog Tunisie\",\"isPartOf\":{\"@id\":\"https:\\\/\\\/vog.com.tn\\\/#website\"},\"primaryImageOfPage\":{\"@id\":\"https:\\\/\\\/vog.com.tn\\\/?product=ensemble-femme-306543-vog#primaryimage\"},\"image\":{\"@id\":\"https:\\\/\\\/vog.com.tn\\\/?product=ensemble-femme-306543-vog#primaryimage\"},\"thumbnailUrl\":\"https:\\\/\\\/vog.com.tn\\\/wp-content\\\/uploads\\\/2025\\\/07\\\/306543-bleu-2.jpg\",\"datePublished\":\"2025-07-16T11:26:54+00:00\",\"dateModified\":\"2026-05-05T12:10:53+00:00\",\"breadcrumb\":{\"@id\":\"https:\\\/\\\/vog.com.tn\\\/?product=ensemble-femme-306543-vog#breadcrumb\"},\"inLanguage\":\"fr-FR\",\"potentialAction\":[{\"@type\":\"ReadAction\",\"target\":[\"https:\\\/\\\/vog.com.tn\\\/?product=ensemble-femme-306543-vog\"]}]},{\"@type\":\"ImageObject\",\"inLanguage\":\"fr-FR\",\"@id\":\"https:\\\/\\\/vog.com.tn\\\/?product=ensemble-femme-306543-vog#primaryimage\",\"url\":\"https:\\\/\\\/vog.com.tn\\\/wp-content\\\/uploads\\\/2025\\\/07\\\/306543-bleu-2.jpg\",\"contentUrl\":\"https:\\\/\\\/vog.com.tn\\\/wp-content\\\/uploads\\\/2025\\\/07\\\/306543-bleu-2.jpg\",\"width\":572,\"height\":800},{\"@type\":\"BreadcrumbList\",\"@id\":\"https:\\\/\\\/vog.com.tn\\\/?product=ensemble-femme-306543-vog#breadcrumb\",\"itemListElement\":[{\"@type\":\"ListItem\",\"position\":1,\"name\":\"Home\",\"item\":\"https:\\\/\\\/vog.com.tn\\\/\"},{\"@type\":\"ListItem\",\"position\":2,\"name\":\"Produits\",\"item\":\"https:\\\/\\\/vog.com.tn\\\/?page_id=8\"},{\"@type\":\"ListItem\",\"position\":3,\"name\":\"Ensemble Femme-306543-Vog\"}]},{\"@type\":\"WebSite\",\"@id\":\"https:\\\/\\\/vog.com.tn\\\/#website\",\"url\":\"https:\\\/\\\/vog.com.tn\\\/\",\"name\":\"Vog Tunisie\",\"description\":\"Pr\u00eat-\u00e0-porter\",\"potentialAction\":[{\"@type\":\"SearchAction\",\"target\":{\"@type\":\"EntryPoint\",\"urlTemplate\":\"https:\\\/\\\/vog.com.tn\\\/?s={search_term_string}\"},\"query-input\":{\"@type\":\"PropertyValueSpecification\",\"valueRequired\":true,\"valueName\":\"search_term_string\"}}],\"inLanguage\":\"fr-FR\"}]}<\/script>\n<!-- \/ Yoast SEO plugin. -->","yoast_head_json":{"title":"Ensemble Femme-306543-Vog - Vog Tunisie","robots":{"index":"index","follow":"follow","max-snippet":"max-snippet:-1","max-image-preview":"max-image-preview:large","max-video-preview":"max-video-preview:-1"},"canonical":"https:\/\/vog.com.tn\/?product=ensemble-femme-306543-vog","og_locale":"fr_FR","og_type":"article","og_title":"Ensemble Femme-306543-Vog - Vog Tunisie","og_description":"Vente en linge ensemble pour femme .   Ensemble sans manches chic et l\u00e9ger.  Compos\u00e9 d\u2019un gilet sans manches \u00e0 col en V et d\u2019un pantalon fluide \u00e0 taille haute.  Fermeture boutonn\u00e9e \u00e0 l\u2019avant avec d\u00e9tails \u00e9l\u00e9gants.  Coupe ample et confortable, id\u00e9ale pour les journ\u00e9es chaudes.  Tissu doux et respirant, parfait pour un look styl\u00e9 et d\u00e9contract\u00e9.  \u00c0 porter ensemble ou s\u00e9par\u00e9ment selon vos envies.  Livraison \u00e0 domicile :\u00a08 TND.  D\u00e9lai de livraison :\u00a02 \u00e0 3 jours.  \u00c9change possible :\u00a0Vous ne payez que les frais de livraison pour le second colis.  D\u00e9lai d\u2019\u00e9change :\u00a0Maximum 1 jour.","og_url":"https:\/\/vog.com.tn\/?product=ensemble-femme-306543-vog","og_site_name":"Vog Tunisie","article_modified_time":"2026-05-05T12:10:53+00:00","og_image":[{"width":572,"height":800,"url":"https:\/\/vog.com.tn\/wp-content\/uploads\/2025\/07\/306543-bleu-2.jpg","type":"image\/jpeg"}],"twitter_card":"summary_large_image","twitter_misc":{"Dur\u00e9e de lecture estim\u00e9e":"1 minute"},"schema":{"@context":"https:\/\/schema.org","@graph":[{"@type":"WebPage","@id":"https:\/\/vog.com.tn\/?product=ensemble-femme-306543-vog","url":"https:\/\/vog.com.tn\/?product=ensemble-femme-306543-vog","name":"Ensemble Femme-306543-Vog - Vog Tunisie","isPartOf":{"@id":"https:\/\/vog.com.tn\/#website"},"primaryImageOfPage":{"@id":"https:\/\/vog.com.tn\/?product=ensemble-femme-306543-vog#primaryimage"},"image":{"@id":"https:\/\/vog.com.tn\/?product=ensemble-femme-306543-vog#primaryimage"},"thumbnailUrl":"https:\/\/vog.com.tn\/wp-content\/uploads\/2025\/07\/306543-bleu-2.jpg","datePublished":"2025-07-16T11:26:54+00:00","dateModified":"2026-05-05T12:10:53+00:00","breadcrumb":{"@id":"https:\/\/vog.com.tn\/?product=ensemble-femme-306543-vog#breadcrumb"},"inLanguage":"fr-FR","potentialAction":[{"@type":"ReadAction","target":["https:\/\/vog.com.tn\/?product=ensemble-femme-306543-vog"]}]},{"@type":"ImageObject","inLanguage":"fr-FR","@id":"https:\/\/vog.com.tn\/?product=ensemble-femme-306543-vog#primaryimage","url":"https:\/\/vog.com.tn\/wp-content\/uploads\/2025\/07\/306543-bleu-2.jpg","contentUrl":"https:\/\/vog.com.tn\/wp-content\/uploads\/2025\/07\/306543-bleu-2.jpg","width":572,"height":800},{"@type":"BreadcrumbList","@id":"https:\/\/vog.com.tn\/?product=ensemble-femme-306543-vog#breadcrumb","itemListElement":[{"@type":"ListItem","position":1,"name":"Home","item":"https:\/\/vog.com.tn\/"},{"@type":"ListItem","position":2,"name":"Produits","item":"https:\/\/vog.com.tn\/?page_id=8"},{"@type":"ListItem","position":3,"name":"Ensemble Femme-306543-Vog"}]},{"@type":"WebSite","@id":"https:\/\/vog.com.tn\/#website","url":"https:\/\/vog.com.tn\/","name":"Vog Tunisie","description":"Pr\u00eat-\u00e0-porter","potentialAction":[{"@type":"SearchAction","target":{"@type":"EntryPoint","urlTemplate":"https:\/\/vog.com.tn\/?s={search_term_string}"},"query-input":{"@type":"PropertyValueSpecification","valueRequired":true,"valueName":"search_term_string"}}],"inLanguage":"fr-FR"}]}},"_links":{"self":[{"href":"https:\/\/vog.com.tn\/index.php?rest_route=\/wp\/v2\/product\/101547","targetHints":{"allow":["GET"]}}],"collection":[{"href":"https:\/\/vog.com.tn\/index.php?rest_route=\/wp\/v2\/product"}],"about":[{"href":"https:\/\/vog.com.tn\/index.php?rest_route=\/wp\/v2\/types\/product"}],"wp:featuredmedia":[{"embeddable":true,"href":"https:\/\/vog.com.tn\/index.php?rest_route=\/wp\/v2\/media\/115936"}],"wp:attachment":[{"href":"https:\/\/vog.com.tn\/index.php?rest_route=%2Fwp%2Fv2%2Fmedia&parent=101547"}],"wp:term":[{"taxonomy":"product_brand","embeddable":true,"href":"https:\/\/vog.com.tn\/index.php?rest_route=%2Fwp%2Fv2%2Fproduct_brand&post=101547"},{"taxonomy":"product_cat","embeddable":true,"href":"https:\/\/vog.com.tn\/index.php?rest_route=%2Fwp%2Fv2%2Fproduct_cat&post=101547"},{"taxonomy":"product_tag","embeddable":true,"href":"https:\/\/vog.com.tn\/index.php?rest_route=%2Fwp%2Fv2%2Fproduct_tag&post=101547"}],"curies":[{"name":"wp","href":"https:\/\/api.w.org\/{rel}","templated":true}]}}