{"id":103967,"date":"2025-11-10T17:14:27","date_gmt":"2025-11-10T16:14:27","guid":{"rendered":"https:\/\/vog.com.tn\/?post_type=product&#038;p=103967"},"modified":"2026-04-29T12:12:39","modified_gmt":"2026-04-29T10:12:39","slug":"ensemble-femme-311782-vog","status":"publish","type":"product","link":"https:\/\/vog.com.tn\/?product=ensemble-femme-311782-vog","title":{"rendered":"Ensemble Femme \u2013311782\u2013 VOG"},"content":{"rendered":"<p>VOG met en vente en ligne Ensemble femme en Tunisie. Des ensembles pour femme chics et tendances pour accueillir la nouvelle saison d\u2019hiver\u00a0 ! Notre s\u00e9lection comprend des ensembles \u00e9l\u00e9gants et versatiles que vous pourrez porter au bureau, mais aussi le week-end.<\/p>\n","protected":false},"excerpt":{"rendered":"<h4 class=\"vente-lgn-dsc\">Vente en ligne ensemble pour femme.<\/h4>\n<ul>\n<li>Ensemble deux pi\u00e8ces : gilet et jupe.<\/li>\n<li>Jupe ajust\u00e9e , droit et fluide.<\/li>\n<li>Style chic \u00e9l\u00e9gant.<\/li>\n<li>Livraison \u00e0 domicile : 8 TND<\/li>\n<li>D\u00e9lai de livraison : 2 \u00e0 3 jours<\/li>\n<li>\u00c9change possible : Vous ne payez que les frais de livraison pour le second colis.<\/li>\n<li>D\u00e9lai d\u2019\u00e9change : Maximum 1 jour.<\/li>\n<\/ul>\n","protected":false},"featured_media":104240,"template":"","meta":[],"product_brand":[],"product_cat":[251,239,442,137,360,71],"product_tag":[],"class_list":{"0":"post-103967","1":"product","2":"type-product","3":"status-publish","4":"has-post-thumbnail","6":"product_cat-ensemble-jupe","7":"product_cat-ensembles","8":"product_cat-ensembles-dhiver","9":"product_cat-mode-femme","10":"product_cat-nouvelle-collection","11":"product_cat-vetements-femme","12":"pa_couleurs-bordeaux","13":"pa_couleurs-choco","14":"pa_couleurs-ecru","15":"pa_couleurs-noir","16":"pa_taille-tu","19":"first","20":"instock","21":"taxable","22":"shipping-taxable","23":"purchasable","24":"product-type-variable"},"yoast_head":"<!-- This site is optimized with the Yoast SEO plugin v27.5 - https:\/\/yoast.com\/product\/yoast-seo-wordpress\/ -->\n<title>Ensemble Femme \u2013311782\u2013 VOG - Vog Tunisie<\/title>\n<meta name=\"robots\" content=\"index, follow, max-snippet:-1, max-image-preview:large, max-video-preview:-1\" \/>\n<link rel=\"canonical\" href=\"https:\/\/vog.com.tn\/?product=ensemble-femme-311782-vog\" \/>\n<meta property=\"og:locale\" content=\"fr_FR\" \/>\n<meta property=\"og:type\" content=\"article\" \/>\n<meta property=\"og:title\" content=\"Ensemble Femme \u2013311782\u2013 VOG - Vog Tunisie\" \/>\n<meta property=\"og:description\" content=\"Vente en ligne ensemble pour femme.   Ensemble deux pi\u00e8ces : gilet et jupe.  Jupe ajust\u00e9e , droit et fluide.  Style chic \u00e9l\u00e9gant.  Livraison \u00e0 domicile : 8 TND  D\u00e9lai de livraison : 2 \u00e0 3 jours  \u00c9change possible : Vous ne payez que les frais de livraison pour le second colis.  D\u00e9lai d\u2019\u00e9change : Maximum 1 jour.\" \/>\n<meta property=\"og:url\" content=\"https:\/\/vog.com.tn\/?product=ensemble-femme-311782-vog\" \/>\n<meta property=\"og:site_name\" content=\"Vog Tunisie\" \/>\n<meta property=\"article:modified_time\" content=\"2026-04-29T10:12:39+00:00\" \/>\n<meta property=\"og:image\" content=\"https:\/\/vog.com.tn\/wp-content\/uploads\/2025\/11\/311782-NOIR-vog-2.jpg\" \/>\n\t<meta property=\"og:image:width\" content=\"572\" \/>\n\t<meta property=\"og:image:height\" content=\"800\" \/>\n\t<meta property=\"og:image:type\" content=\"image\/jpeg\" \/>\n<meta name=\"twitter:card\" content=\"summary_large_image\" \/>\n<meta name=\"twitter:label1\" content=\"Dur\u00e9e de lecture estim\u00e9e\" \/>\n\t<meta name=\"twitter:data1\" content=\"1 minute\" \/>\n<script type=\"application\/ld+json\" class=\"yoast-schema-graph\">{\"@context\":\"https:\\\/\\\/schema.org\",\"@graph\":[{\"@type\":\"WebPage\",\"@id\":\"https:\\\/\\\/vog.com.tn\\\/?product=ensemble-femme-311782-vog\",\"url\":\"https:\\\/\\\/vog.com.tn\\\/?product=ensemble-femme-311782-vog\",\"name\":\"Ensemble Femme \u2013311782\u2013 VOG - Vog Tunisie\",\"isPartOf\":{\"@id\":\"https:\\\/\\\/vog.com.tn\\\/#website\"},\"primaryImageOfPage\":{\"@id\":\"https:\\\/\\\/vog.com.tn\\\/?product=ensemble-femme-311782-vog#primaryimage\"},\"image\":{\"@id\":\"https:\\\/\\\/vog.com.tn\\\/?product=ensemble-femme-311782-vog#primaryimage\"},\"thumbnailUrl\":\"https:\\\/\\\/vog.com.tn\\\/wp-content\\\/uploads\\\/2025\\\/11\\\/311782-NOIR-vog-2.jpg\",\"datePublished\":\"2025-11-10T16:14:27+00:00\",\"dateModified\":\"2026-04-29T10:12:39+00:00\",\"breadcrumb\":{\"@id\":\"https:\\\/\\\/vog.com.tn\\\/?product=ensemble-femme-311782-vog#breadcrumb\"},\"inLanguage\":\"fr-FR\",\"potentialAction\":[{\"@type\":\"ReadAction\",\"target\":[\"https:\\\/\\\/vog.com.tn\\\/?product=ensemble-femme-311782-vog\"]}]},{\"@type\":\"ImageObject\",\"inLanguage\":\"fr-FR\",\"@id\":\"https:\\\/\\\/vog.com.tn\\\/?product=ensemble-femme-311782-vog#primaryimage\",\"url\":\"https:\\\/\\\/vog.com.tn\\\/wp-content\\\/uploads\\\/2025\\\/11\\\/311782-NOIR-vog-2.jpg\",\"contentUrl\":\"https:\\\/\\\/vog.com.tn\\\/wp-content\\\/uploads\\\/2025\\\/11\\\/311782-NOIR-vog-2.jpg\",\"width\":572,\"height\":800},{\"@type\":\"BreadcrumbList\",\"@id\":\"https:\\\/\\\/vog.com.tn\\\/?product=ensemble-femme-311782-vog#breadcrumb\",\"itemListElement\":[{\"@type\":\"ListItem\",\"position\":1,\"name\":\"Home\",\"item\":\"https:\\\/\\\/vog.com.tn\\\/\"},{\"@type\":\"ListItem\",\"position\":2,\"name\":\"Produits\",\"item\":\"https:\\\/\\\/vog.com.tn\\\/?page_id=8\"},{\"@type\":\"ListItem\",\"position\":3,\"name\":\"Ensemble Femme \u2013311782\u2013 VOG\"}]},{\"@type\":\"WebSite\",\"@id\":\"https:\\\/\\\/vog.com.tn\\\/#website\",\"url\":\"https:\\\/\\\/vog.com.tn\\\/\",\"name\":\"Vog Tunisie\",\"description\":\"Pr\u00eat-\u00e0-porter\",\"potentialAction\":[{\"@type\":\"SearchAction\",\"target\":{\"@type\":\"EntryPoint\",\"urlTemplate\":\"https:\\\/\\\/vog.com.tn\\\/?s={search_term_string}\"},\"query-input\":{\"@type\":\"PropertyValueSpecification\",\"valueRequired\":true,\"valueName\":\"search_term_string\"}}],\"inLanguage\":\"fr-FR\"}]}<\/script>\n<!-- \/ Yoast SEO plugin. -->","yoast_head_json":{"title":"Ensemble Femme \u2013311782\u2013 VOG - Vog Tunisie","robots":{"index":"index","follow":"follow","max-snippet":"max-snippet:-1","max-image-preview":"max-image-preview:large","max-video-preview":"max-video-preview:-1"},"canonical":"https:\/\/vog.com.tn\/?product=ensemble-femme-311782-vog","og_locale":"fr_FR","og_type":"article","og_title":"Ensemble Femme \u2013311782\u2013 VOG - Vog Tunisie","og_description":"Vente en ligne ensemble pour femme.   Ensemble deux pi\u00e8ces : gilet et jupe.  Jupe ajust\u00e9e , droit et fluide.  Style chic \u00e9l\u00e9gant.  Livraison \u00e0 domicile : 8 TND  D\u00e9lai de livraison : 2 \u00e0 3 jours  \u00c9change possible : Vous ne payez que les frais de livraison pour le second colis.  D\u00e9lai d\u2019\u00e9change : Maximum 1 jour.","og_url":"https:\/\/vog.com.tn\/?product=ensemble-femme-311782-vog","og_site_name":"Vog Tunisie","article_modified_time":"2026-04-29T10:12:39+00:00","og_image":[{"width":572,"height":800,"url":"https:\/\/vog.com.tn\/wp-content\/uploads\/2025\/11\/311782-NOIR-vog-2.jpg","type":"image\/jpeg"}],"twitter_card":"summary_large_image","twitter_misc":{"Dur\u00e9e de lecture estim\u00e9e":"1 minute"},"schema":{"@context":"https:\/\/schema.org","@graph":[{"@type":"WebPage","@id":"https:\/\/vog.com.tn\/?product=ensemble-femme-311782-vog","url":"https:\/\/vog.com.tn\/?product=ensemble-femme-311782-vog","name":"Ensemble Femme \u2013311782\u2013 VOG - Vog Tunisie","isPartOf":{"@id":"https:\/\/vog.com.tn\/#website"},"primaryImageOfPage":{"@id":"https:\/\/vog.com.tn\/?product=ensemble-femme-311782-vog#primaryimage"},"image":{"@id":"https:\/\/vog.com.tn\/?product=ensemble-femme-311782-vog#primaryimage"},"thumbnailUrl":"https:\/\/vog.com.tn\/wp-content\/uploads\/2025\/11\/311782-NOIR-vog-2.jpg","datePublished":"2025-11-10T16:14:27+00:00","dateModified":"2026-04-29T10:12:39+00:00","breadcrumb":{"@id":"https:\/\/vog.com.tn\/?product=ensemble-femme-311782-vog#breadcrumb"},"inLanguage":"fr-FR","potentialAction":[{"@type":"ReadAction","target":["https:\/\/vog.com.tn\/?product=ensemble-femme-311782-vog"]}]},{"@type":"ImageObject","inLanguage":"fr-FR","@id":"https:\/\/vog.com.tn\/?product=ensemble-femme-311782-vog#primaryimage","url":"https:\/\/vog.com.tn\/wp-content\/uploads\/2025\/11\/311782-NOIR-vog-2.jpg","contentUrl":"https:\/\/vog.com.tn\/wp-content\/uploads\/2025\/11\/311782-NOIR-vog-2.jpg","width":572,"height":800},{"@type":"BreadcrumbList","@id":"https:\/\/vog.com.tn\/?product=ensemble-femme-311782-vog#breadcrumb","itemListElement":[{"@type":"ListItem","position":1,"name":"Home","item":"https:\/\/vog.com.tn\/"},{"@type":"ListItem","position":2,"name":"Produits","item":"https:\/\/vog.com.tn\/?page_id=8"},{"@type":"ListItem","position":3,"name":"Ensemble Femme \u2013311782\u2013 VOG"}]},{"@type":"WebSite","@id":"https:\/\/vog.com.tn\/#website","url":"https:\/\/vog.com.tn\/","name":"Vog Tunisie","description":"Pr\u00eat-\u00e0-porter","potentialAction":[{"@type":"SearchAction","target":{"@type":"EntryPoint","urlTemplate":"https:\/\/vog.com.tn\/?s={search_term_string}"},"query-input":{"@type":"PropertyValueSpecification","valueRequired":true,"valueName":"search_term_string"}}],"inLanguage":"fr-FR"}]}},"_links":{"self":[{"href":"https:\/\/vog.com.tn\/index.php?rest_route=\/wp\/v2\/product\/103967","targetHints":{"allow":["GET"]}}],"collection":[{"href":"https:\/\/vog.com.tn\/index.php?rest_route=\/wp\/v2\/product"}],"about":[{"href":"https:\/\/vog.com.tn\/index.php?rest_route=\/wp\/v2\/types\/product"}],"wp:featuredmedia":[{"embeddable":true,"href":"https:\/\/vog.com.tn\/index.php?rest_route=\/wp\/v2\/media\/104240"}],"wp:attachment":[{"href":"https:\/\/vog.com.tn\/index.php?rest_route=%2Fwp%2Fv2%2Fmedia&parent=103967"}],"wp:term":[{"taxonomy":"product_brand","embeddable":true,"href":"https:\/\/vog.com.tn\/index.php?rest_route=%2Fwp%2Fv2%2Fproduct_brand&post=103967"},{"taxonomy":"product_cat","embeddable":true,"href":"https:\/\/vog.com.tn\/index.php?rest_route=%2Fwp%2Fv2%2Fproduct_cat&post=103967"},{"taxonomy":"product_tag","embeddable":true,"href":"https:\/\/vog.com.tn\/index.php?rest_route=%2Fwp%2Fv2%2Fproduct_tag&post=103967"}],"curies":[{"name":"wp","href":"https:\/\/api.w.org\/{rel}","templated":true}]}}