{"id":105317,"date":"2025-11-23T13:35:35","date_gmt":"2025-11-23T12:35:35","guid":{"rendered":"https:\/\/vog.com.tn\/?post_type=product&#038;p=105317"},"modified":"2026-04-16T12:11:37","modified_gmt":"2026-04-16T10:11:37","slug":"ensemble-femme-311901-vog","status":"publish","type":"product","link":"https:\/\/vog.com.tn\/?product=ensemble-femme-311901-vog","title":{"rendered":"Ensemble Femme \u2013311901\u2013 VOG"},"content":{"rendered":"<p>VOG met en vente en ligne ensemble Femme en Tunisie. Des ensembles confortable pour femme\u00a0tendances pour accueillir la nouvelle saison d\u2019hiver ! Notre s\u00e9lection comprend des ensembles \u00e9l\u00e9gants.<\/p>\n","protected":false},"excerpt":{"rendered":"<p>Vente en ligne ensemble pour femme.<\/p>\n<ul>\n<li>Ensemble chic femme avec chemise mi-long<\/li>\n<li>Ensemble \u00e9l\u00e9gant compos\u00e9 d\u2019un chemise mi-long et d\u2019un pantalon en jeans douce.<\/li>\n<li>Tissu confortable et coupe moderne pour un look \u00e0 la fois chic et d\u00e9contract\u00e9.<\/li>\n<li>Finitions soign\u00e9es et d\u00e9tails raffin\u00e9s pour une allure f\u00e9minine.<\/li>\n<li>Peut se porter ensemble ou s\u00e9par\u00e9ment selon ton style.<\/li>\n<li>Id\u00e9al pour un look cosy, tendance et \u00e9l\u00e9gant cet hiver.<br data-start=\"523\" data-end=\"526\" \/>\ud83d\ude9a\u00a0Livraison \u00e0 domicile : 8 TND<br data-start=\"557\" data-end=\"560\" \/>\u23f1\ufe0f\u00a0D\u00e9lai de livraison : 2 \u00e0 3 jours<br data-start=\"595\" data-end=\"598\" \/>\ud83d\udd01\u00a0\u00c9change possible \u2013 vous ne payez que les frais de livraison pour le second colis (d\u00e9lai : 1 jour).<\/li>\n<\/ul>\n","protected":false},"featured_media":105320,"template":"","meta":[],"product_brand":[],"product_cat":[239,442,137,360,71],"product_tag":[],"class_list":{"0":"post-105317","1":"product","2":"type-product","3":"status-publish","4":"has-post-thumbnail","6":"product_cat-ensembles","7":"product_cat-ensembles-dhiver","8":"product_cat-mode-femme","9":"product_cat-nouvelle-collection","10":"product_cat-vetements-femme","11":"pa_couleurs-djeans","12":"pa_taille-s-m","15":"first","16":"outofstock","17":"taxable","18":"shipping-taxable","19":"product-type-variable"},"yoast_head":"<!-- This site is optimized with the Yoast SEO plugin v27.5 - https:\/\/yoast.com\/product\/yoast-seo-wordpress\/ -->\n<title>Ensemble Femme \u2013311901\u2013 VOG - Vog Tunisie<\/title>\n<meta name=\"robots\" content=\"index, follow, max-snippet:-1, max-image-preview:large, max-video-preview:-1\" \/>\n<link rel=\"canonical\" href=\"https:\/\/vog.com.tn\/?product=ensemble-femme-311901-vog\" \/>\n<meta property=\"og:locale\" content=\"fr_FR\" \/>\n<meta property=\"og:type\" content=\"article\" \/>\n<meta property=\"og:title\" content=\"Ensemble Femme \u2013311901\u2013 VOG - Vog Tunisie\" \/>\n<meta property=\"og:description\" content=\"Vente en ligne ensemble pour femme.   Ensemble chic femme avec chemise mi-long  Ensemble \u00e9l\u00e9gant compos\u00e9 d\u2019un chemise mi-long et d\u2019un pantalon en jeans douce.  Tissu confortable et coupe moderne pour un look \u00e0 la fois chic et d\u00e9contract\u00e9.  Finitions soign\u00e9es et d\u00e9tails raffin\u00e9s pour une allure f\u00e9minine.  Peut se porter ensemble ou s\u00e9par\u00e9ment selon ton style.  Id\u00e9al pour un look cosy, tendance et \u00e9l\u00e9gant cet hiver.\ud83d\ude9a\u00a0Livraison \u00e0 domicile : 8 TND\u23f1\ufe0f\u00a0D\u00e9lai de livraison : 2 \u00e0 3 jours\ud83d\udd01\u00a0\u00c9change possible \u2013 vous ne payez que les frais de livraison pour le second colis (d\u00e9lai : 1 jour).\" \/>\n<meta property=\"og:url\" content=\"https:\/\/vog.com.tn\/?product=ensemble-femme-311901-vog\" \/>\n<meta property=\"og:site_name\" content=\"Vog Tunisie\" \/>\n<meta property=\"article:modified_time\" content=\"2026-04-16T10:11:37+00:00\" \/>\n<meta property=\"og:image\" content=\"https:\/\/vog.com.tn\/wp-content\/uploads\/2025\/11\/311901-djean-vog.jpg\" \/>\n\t<meta property=\"og:image:width\" content=\"572\" \/>\n\t<meta property=\"og:image:height\" content=\"800\" \/>\n\t<meta property=\"og:image:type\" content=\"image\/jpeg\" \/>\n<meta name=\"twitter:card\" content=\"summary_large_image\" \/>\n<script type=\"application\/ld+json\" class=\"yoast-schema-graph\">{\"@context\":\"https:\\\/\\\/schema.org\",\"@graph\":[{\"@type\":\"WebPage\",\"@id\":\"https:\\\/\\\/vog.com.tn\\\/?product=ensemble-femme-311901-vog\",\"url\":\"https:\\\/\\\/vog.com.tn\\\/?product=ensemble-femme-311901-vog\",\"name\":\"Ensemble Femme \u2013311901\u2013 VOG - Vog Tunisie\",\"isPartOf\":{\"@id\":\"https:\\\/\\\/vog.com.tn\\\/#website\"},\"primaryImageOfPage\":{\"@id\":\"https:\\\/\\\/vog.com.tn\\\/?product=ensemble-femme-311901-vog#primaryimage\"},\"image\":{\"@id\":\"https:\\\/\\\/vog.com.tn\\\/?product=ensemble-femme-311901-vog#primaryimage\"},\"thumbnailUrl\":\"https:\\\/\\\/vog.com.tn\\\/wp-content\\\/uploads\\\/2025\\\/11\\\/311901-djean-vog.jpg\",\"datePublished\":\"2025-11-23T12:35:35+00:00\",\"dateModified\":\"2026-04-16T10:11:37+00:00\",\"breadcrumb\":{\"@id\":\"https:\\\/\\\/vog.com.tn\\\/?product=ensemble-femme-311901-vog#breadcrumb\"},\"inLanguage\":\"fr-FR\",\"potentialAction\":[{\"@type\":\"ReadAction\",\"target\":[\"https:\\\/\\\/vog.com.tn\\\/?product=ensemble-femme-311901-vog\"]}]},{\"@type\":\"ImageObject\",\"inLanguage\":\"fr-FR\",\"@id\":\"https:\\\/\\\/vog.com.tn\\\/?product=ensemble-femme-311901-vog#primaryimage\",\"url\":\"https:\\\/\\\/vog.com.tn\\\/wp-content\\\/uploads\\\/2025\\\/11\\\/311901-djean-vog.jpg\",\"contentUrl\":\"https:\\\/\\\/vog.com.tn\\\/wp-content\\\/uploads\\\/2025\\\/11\\\/311901-djean-vog.jpg\",\"width\":572,\"height\":800},{\"@type\":\"BreadcrumbList\",\"@id\":\"https:\\\/\\\/vog.com.tn\\\/?product=ensemble-femme-311901-vog#breadcrumb\",\"itemListElement\":[{\"@type\":\"ListItem\",\"position\":1,\"name\":\"Home\",\"item\":\"https:\\\/\\\/vog.com.tn\\\/\"},{\"@type\":\"ListItem\",\"position\":2,\"name\":\"Produits\",\"item\":\"https:\\\/\\\/vog.com.tn\\\/?page_id=8\"},{\"@type\":\"ListItem\",\"position\":3,\"name\":\"Ensemble Femme \u2013311901\u2013 VOG\"}]},{\"@type\":\"WebSite\",\"@id\":\"https:\\\/\\\/vog.com.tn\\\/#website\",\"url\":\"https:\\\/\\\/vog.com.tn\\\/\",\"name\":\"Vog Tunisie\",\"description\":\"Pr\u00eat-\u00e0-porter\",\"potentialAction\":[{\"@type\":\"SearchAction\",\"target\":{\"@type\":\"EntryPoint\",\"urlTemplate\":\"https:\\\/\\\/vog.com.tn\\\/?s={search_term_string}\"},\"query-input\":{\"@type\":\"PropertyValueSpecification\",\"valueRequired\":true,\"valueName\":\"search_term_string\"}}],\"inLanguage\":\"fr-FR\"}]}<\/script>\n<!-- \/ Yoast SEO plugin. -->","yoast_head_json":{"title":"Ensemble Femme \u2013311901\u2013 VOG - Vog Tunisie","robots":{"index":"index","follow":"follow","max-snippet":"max-snippet:-1","max-image-preview":"max-image-preview:large","max-video-preview":"max-video-preview:-1"},"canonical":"https:\/\/vog.com.tn\/?product=ensemble-femme-311901-vog","og_locale":"fr_FR","og_type":"article","og_title":"Ensemble Femme \u2013311901\u2013 VOG - Vog Tunisie","og_description":"Vente en ligne ensemble pour femme.   Ensemble chic femme avec chemise mi-long  Ensemble \u00e9l\u00e9gant compos\u00e9 d\u2019un chemise mi-long et d\u2019un pantalon en jeans douce.  Tissu confortable et coupe moderne pour un look \u00e0 la fois chic et d\u00e9contract\u00e9.  Finitions soign\u00e9es et d\u00e9tails raffin\u00e9s pour une allure f\u00e9minine.  Peut se porter ensemble ou s\u00e9par\u00e9ment selon ton style.  Id\u00e9al pour un look cosy, tendance et \u00e9l\u00e9gant cet hiver.\ud83d\ude9a\u00a0Livraison \u00e0 domicile : 8 TND\u23f1\ufe0f\u00a0D\u00e9lai de livraison : 2 \u00e0 3 jours\ud83d\udd01\u00a0\u00c9change possible \u2013 vous ne payez que les frais de livraison pour le second colis (d\u00e9lai : 1 jour).","og_url":"https:\/\/vog.com.tn\/?product=ensemble-femme-311901-vog","og_site_name":"Vog Tunisie","article_modified_time":"2026-04-16T10:11:37+00:00","og_image":[{"width":572,"height":800,"url":"https:\/\/vog.com.tn\/wp-content\/uploads\/2025\/11\/311901-djean-vog.jpg","type":"image\/jpeg"}],"twitter_card":"summary_large_image","schema":{"@context":"https:\/\/schema.org","@graph":[{"@type":"WebPage","@id":"https:\/\/vog.com.tn\/?product=ensemble-femme-311901-vog","url":"https:\/\/vog.com.tn\/?product=ensemble-femme-311901-vog","name":"Ensemble Femme \u2013311901\u2013 VOG - Vog Tunisie","isPartOf":{"@id":"https:\/\/vog.com.tn\/#website"},"primaryImageOfPage":{"@id":"https:\/\/vog.com.tn\/?product=ensemble-femme-311901-vog#primaryimage"},"image":{"@id":"https:\/\/vog.com.tn\/?product=ensemble-femme-311901-vog#primaryimage"},"thumbnailUrl":"https:\/\/vog.com.tn\/wp-content\/uploads\/2025\/11\/311901-djean-vog.jpg","datePublished":"2025-11-23T12:35:35+00:00","dateModified":"2026-04-16T10:11:37+00:00","breadcrumb":{"@id":"https:\/\/vog.com.tn\/?product=ensemble-femme-311901-vog#breadcrumb"},"inLanguage":"fr-FR","potentialAction":[{"@type":"ReadAction","target":["https:\/\/vog.com.tn\/?product=ensemble-femme-311901-vog"]}]},{"@type":"ImageObject","inLanguage":"fr-FR","@id":"https:\/\/vog.com.tn\/?product=ensemble-femme-311901-vog#primaryimage","url":"https:\/\/vog.com.tn\/wp-content\/uploads\/2025\/11\/311901-djean-vog.jpg","contentUrl":"https:\/\/vog.com.tn\/wp-content\/uploads\/2025\/11\/311901-djean-vog.jpg","width":572,"height":800},{"@type":"BreadcrumbList","@id":"https:\/\/vog.com.tn\/?product=ensemble-femme-311901-vog#breadcrumb","itemListElement":[{"@type":"ListItem","position":1,"name":"Home","item":"https:\/\/vog.com.tn\/"},{"@type":"ListItem","position":2,"name":"Produits","item":"https:\/\/vog.com.tn\/?page_id=8"},{"@type":"ListItem","position":3,"name":"Ensemble Femme \u2013311901\u2013 VOG"}]},{"@type":"WebSite","@id":"https:\/\/vog.com.tn\/#website","url":"https:\/\/vog.com.tn\/","name":"Vog Tunisie","description":"Pr\u00eat-\u00e0-porter","potentialAction":[{"@type":"SearchAction","target":{"@type":"EntryPoint","urlTemplate":"https:\/\/vog.com.tn\/?s={search_term_string}"},"query-input":{"@type":"PropertyValueSpecification","valueRequired":true,"valueName":"search_term_string"}}],"inLanguage":"fr-FR"}]}},"_links":{"self":[{"href":"https:\/\/vog.com.tn\/index.php?rest_route=\/wp\/v2\/product\/105317","targetHints":{"allow":["GET"]}}],"collection":[{"href":"https:\/\/vog.com.tn\/index.php?rest_route=\/wp\/v2\/product"}],"about":[{"href":"https:\/\/vog.com.tn\/index.php?rest_route=\/wp\/v2\/types\/product"}],"wp:featuredmedia":[{"embeddable":true,"href":"https:\/\/vog.com.tn\/index.php?rest_route=\/wp\/v2\/media\/105320"}],"wp:attachment":[{"href":"https:\/\/vog.com.tn\/index.php?rest_route=%2Fwp%2Fv2%2Fmedia&parent=105317"}],"wp:term":[{"taxonomy":"product_brand","embeddable":true,"href":"https:\/\/vog.com.tn\/index.php?rest_route=%2Fwp%2Fv2%2Fproduct_brand&post=105317"},{"taxonomy":"product_cat","embeddable":true,"href":"https:\/\/vog.com.tn\/index.php?rest_route=%2Fwp%2Fv2%2Fproduct_cat&post=105317"},{"taxonomy":"product_tag","embeddable":true,"href":"https:\/\/vog.com.tn\/index.php?rest_route=%2Fwp%2Fv2%2Fproduct_tag&post=105317"}],"curies":[{"name":"wp","href":"https:\/\/api.w.org\/{rel}","templated":true}]}}