{"id":105577,"date":"2025-12-02T17:11:01","date_gmt":"2025-12-02T16:11:01","guid":{"rendered":"https:\/\/vog.com.tn\/?post_type=product&#038;p=105577"},"modified":"2026-04-17T12:11:29","modified_gmt":"2026-04-17T10:11:29","slug":"gilet-femme-312400-vog","status":"publish","type":"product","link":"https:\/\/vog.com.tn\/?product=gilet-femme-312400-vog","title":{"rendered":"Gilet Femme-312400-VOG"},"content":{"rendered":"<p>Vog met en vente en ligne des gilet pour femme en Tunisie<strong>.\u00a0<\/strong>Pr\u00e9parez-vous au froid tout en restant \u00e9l\u00e9gante gr\u00e2ce \u00e0 nos cardigans modernes et confortables. Parfaits pour affronter l\u2019automne et l\u2019hiver, ils sont con\u00e7us pour vous tenir bien au chaud tout en ajoutant une touche tendance \u00e0 vos tenues. Adoptez ce gilet chic et pratique pour traverser la saison avec style et confort.<\/p>\n","protected":false},"excerpt":{"rendered":"<p><strong>Vente en ligne gilet pour femme.<\/strong><\/p>\n<ul>\n<li data-start=\"101\" data-end=\"618\">Gilet sans manches chic femme<\/li>\n<li data-start=\"101\" data-end=\"618\">Gilet \u00e9l\u00e9gant en su\u00e9dine douce avec int\u00e9rieur effet fourrure.<\/li>\n<li data-start=\"101\" data-end=\"618\">Coupe droite et confortable, parfaite pour la mi-saison.<\/li>\n<li data-start=\"101\" data-end=\"618\">Fermeture \u00e0 boutons dor\u00e9s pour une touche raffin\u00e9e.<\/li>\n<li data-start=\"101\" data-end=\"618\">Facile \u00e0 associer avec un pull ou une chemise pour un look tendance et chaleureux.<\/li>\n<li data-start=\"101\" data-end=\"618\">Id\u00e9al pour un style chic et d\u00e9contract\u00e9.<br data-start=\"442\" data-end=\"445\" \/>\ud83d\ude9a\u00a0Livraison \u00e0 domicile : 8 TND<br data-start=\"476\" data-end=\"479\" \/>\u23f1\ufe0f\u00a0D\u00e9lai de livraison : 2 \u00e0 3 jours<br data-start=\"514\" data-end=\"517\" \/>\ud83d\udd01\u00a0\u00c9change possible \u2013 vous ne payez que les frais de livraison pour le second colis (d\u00e9lai : 1 jour).<\/li>\n<\/ul>\n","protected":false},"featured_media":105594,"template":"","meta":[],"product_brand":[],"product_cat":[398,397,137,360],"product_tag":[],"class_list":{"0":"post-105577","1":"product","2":"type-product","3":"status-publish","4":"has-post-thumbnail","6":"product_cat-gilet-mode-femme","7":"product_cat-gilet","8":"product_cat-mode-femme","9":"product_cat-nouvelle-collection","10":"pa_couleurs-choco","11":"pa_couleurs-noir","12":"pa_taille-m-l","13":"pa_taille-s-m","16":"first","17":"instock","18":"taxable","19":"shipping-taxable","20":"purchasable","21":"product-type-variable"},"yoast_head":"<!-- This site is optimized with the Yoast SEO plugin v27.5 - https:\/\/yoast.com\/product\/yoast-seo-wordpress\/ -->\n<title>Gilet Femme-312400-VOG - Vog Tunisie<\/title>\n<meta name=\"robots\" content=\"index, follow, max-snippet:-1, max-image-preview:large, max-video-preview:-1\" \/>\n<link rel=\"canonical\" href=\"https:\/\/vog.com.tn\/?product=gilet-femme-312400-vog\" \/>\n<meta property=\"og:locale\" content=\"fr_FR\" \/>\n<meta property=\"og:type\" content=\"article\" \/>\n<meta property=\"og:title\" content=\"Gilet Femme-312400-VOG - Vog Tunisie\" \/>\n<meta property=\"og:description\" content=\"Vente en ligne gilet pour femme.   Gilet sans manches chic femme  Gilet \u00e9l\u00e9gant en su\u00e9dine douce avec int\u00e9rieur effet fourrure.  Coupe droite et confortable, parfaite pour la mi-saison.  Fermeture \u00e0 boutons dor\u00e9s pour une touche raffin\u00e9e.  Facile \u00e0 associer avec un pull ou une chemise pour un look tendance et chaleureux.  Id\u00e9al pour un style chic et d\u00e9contract\u00e9.\ud83d\ude9a\u00a0Livraison \u00e0 domicile : 8 TND\u23f1\ufe0f\u00a0D\u00e9lai de livraison : 2 \u00e0 3 jours\ud83d\udd01\u00a0\u00c9change possible \u2013 vous ne payez que les frais de livraison pour le second colis (d\u00e9lai : 1 jour).\" \/>\n<meta property=\"og:url\" content=\"https:\/\/vog.com.tn\/?product=gilet-femme-312400-vog\" \/>\n<meta property=\"og:site_name\" content=\"Vog Tunisie\" \/>\n<meta property=\"article:modified_time\" content=\"2026-04-17T10:11:29+00:00\" \/>\n<meta property=\"og:image\" content=\"https:\/\/vog.com.tn\/wp-content\/uploads\/2025\/12\/312400-choco-vog-1.jpg\" \/>\n\t<meta property=\"og:image:width\" content=\"572\" \/>\n\t<meta property=\"og:image:height\" content=\"800\" \/>\n\t<meta property=\"og:image:type\" content=\"image\/jpeg\" \/>\n<meta name=\"twitter:card\" content=\"summary_large_image\" \/>\n<script type=\"application\/ld+json\" class=\"yoast-schema-graph\">{\"@context\":\"https:\\\/\\\/schema.org\",\"@graph\":[{\"@type\":\"WebPage\",\"@id\":\"https:\\\/\\\/vog.com.tn\\\/?product=gilet-femme-312400-vog\",\"url\":\"https:\\\/\\\/vog.com.tn\\\/?product=gilet-femme-312400-vog\",\"name\":\"Gilet Femme-312400-VOG - Vog Tunisie\",\"isPartOf\":{\"@id\":\"https:\\\/\\\/vog.com.tn\\\/#website\"},\"primaryImageOfPage\":{\"@id\":\"https:\\\/\\\/vog.com.tn\\\/?product=gilet-femme-312400-vog#primaryimage\"},\"image\":{\"@id\":\"https:\\\/\\\/vog.com.tn\\\/?product=gilet-femme-312400-vog#primaryimage\"},\"thumbnailUrl\":\"https:\\\/\\\/vog.com.tn\\\/wp-content\\\/uploads\\\/2025\\\/12\\\/312400-choco-vog-1.jpg\",\"datePublished\":\"2025-12-02T16:11:01+00:00\",\"dateModified\":\"2026-04-17T10:11:29+00:00\",\"breadcrumb\":{\"@id\":\"https:\\\/\\\/vog.com.tn\\\/?product=gilet-femme-312400-vog#breadcrumb\"},\"inLanguage\":\"fr-FR\",\"potentialAction\":[{\"@type\":\"ReadAction\",\"target\":[\"https:\\\/\\\/vog.com.tn\\\/?product=gilet-femme-312400-vog\"]}]},{\"@type\":\"ImageObject\",\"inLanguage\":\"fr-FR\",\"@id\":\"https:\\\/\\\/vog.com.tn\\\/?product=gilet-femme-312400-vog#primaryimage\",\"url\":\"https:\\\/\\\/vog.com.tn\\\/wp-content\\\/uploads\\\/2025\\\/12\\\/312400-choco-vog-1.jpg\",\"contentUrl\":\"https:\\\/\\\/vog.com.tn\\\/wp-content\\\/uploads\\\/2025\\\/12\\\/312400-choco-vog-1.jpg\",\"width\":572,\"height\":800},{\"@type\":\"BreadcrumbList\",\"@id\":\"https:\\\/\\\/vog.com.tn\\\/?product=gilet-femme-312400-vog#breadcrumb\",\"itemListElement\":[{\"@type\":\"ListItem\",\"position\":1,\"name\":\"Home\",\"item\":\"https:\\\/\\\/vog.com.tn\\\/\"},{\"@type\":\"ListItem\",\"position\":2,\"name\":\"Produits\",\"item\":\"https:\\\/\\\/vog.com.tn\\\/?page_id=8\"},{\"@type\":\"ListItem\",\"position\":3,\"name\":\"Gilet Femme-312400-VOG\"}]},{\"@type\":\"WebSite\",\"@id\":\"https:\\\/\\\/vog.com.tn\\\/#website\",\"url\":\"https:\\\/\\\/vog.com.tn\\\/\",\"name\":\"Vog Tunisie\",\"description\":\"Pr\u00eat-\u00e0-porter\",\"potentialAction\":[{\"@type\":\"SearchAction\",\"target\":{\"@type\":\"EntryPoint\",\"urlTemplate\":\"https:\\\/\\\/vog.com.tn\\\/?s={search_term_string}\"},\"query-input\":{\"@type\":\"PropertyValueSpecification\",\"valueRequired\":true,\"valueName\":\"search_term_string\"}}],\"inLanguage\":\"fr-FR\"}]}<\/script>\n<!-- \/ Yoast SEO plugin. -->","yoast_head_json":{"title":"Gilet Femme-312400-VOG - Vog Tunisie","robots":{"index":"index","follow":"follow","max-snippet":"max-snippet:-1","max-image-preview":"max-image-preview:large","max-video-preview":"max-video-preview:-1"},"canonical":"https:\/\/vog.com.tn\/?product=gilet-femme-312400-vog","og_locale":"fr_FR","og_type":"article","og_title":"Gilet Femme-312400-VOG - Vog Tunisie","og_description":"Vente en ligne gilet pour femme.   Gilet sans manches chic femme  Gilet \u00e9l\u00e9gant en su\u00e9dine douce avec int\u00e9rieur effet fourrure.  Coupe droite et confortable, parfaite pour la mi-saison.  Fermeture \u00e0 boutons dor\u00e9s pour une touche raffin\u00e9e.  Facile \u00e0 associer avec un pull ou une chemise pour un look tendance et chaleureux.  Id\u00e9al pour un style chic et d\u00e9contract\u00e9.\ud83d\ude9a\u00a0Livraison \u00e0 domicile : 8 TND\u23f1\ufe0f\u00a0D\u00e9lai de livraison : 2 \u00e0 3 jours\ud83d\udd01\u00a0\u00c9change possible \u2013 vous ne payez que les frais de livraison pour le second colis (d\u00e9lai : 1 jour).","og_url":"https:\/\/vog.com.tn\/?product=gilet-femme-312400-vog","og_site_name":"Vog Tunisie","article_modified_time":"2026-04-17T10:11:29+00:00","og_image":[{"width":572,"height":800,"url":"https:\/\/vog.com.tn\/wp-content\/uploads\/2025\/12\/312400-choco-vog-1.jpg","type":"image\/jpeg"}],"twitter_card":"summary_large_image","schema":{"@context":"https:\/\/schema.org","@graph":[{"@type":"WebPage","@id":"https:\/\/vog.com.tn\/?product=gilet-femme-312400-vog","url":"https:\/\/vog.com.tn\/?product=gilet-femme-312400-vog","name":"Gilet Femme-312400-VOG - Vog Tunisie","isPartOf":{"@id":"https:\/\/vog.com.tn\/#website"},"primaryImageOfPage":{"@id":"https:\/\/vog.com.tn\/?product=gilet-femme-312400-vog#primaryimage"},"image":{"@id":"https:\/\/vog.com.tn\/?product=gilet-femme-312400-vog#primaryimage"},"thumbnailUrl":"https:\/\/vog.com.tn\/wp-content\/uploads\/2025\/12\/312400-choco-vog-1.jpg","datePublished":"2025-12-02T16:11:01+00:00","dateModified":"2026-04-17T10:11:29+00:00","breadcrumb":{"@id":"https:\/\/vog.com.tn\/?product=gilet-femme-312400-vog#breadcrumb"},"inLanguage":"fr-FR","potentialAction":[{"@type":"ReadAction","target":["https:\/\/vog.com.tn\/?product=gilet-femme-312400-vog"]}]},{"@type":"ImageObject","inLanguage":"fr-FR","@id":"https:\/\/vog.com.tn\/?product=gilet-femme-312400-vog#primaryimage","url":"https:\/\/vog.com.tn\/wp-content\/uploads\/2025\/12\/312400-choco-vog-1.jpg","contentUrl":"https:\/\/vog.com.tn\/wp-content\/uploads\/2025\/12\/312400-choco-vog-1.jpg","width":572,"height":800},{"@type":"BreadcrumbList","@id":"https:\/\/vog.com.tn\/?product=gilet-femme-312400-vog#breadcrumb","itemListElement":[{"@type":"ListItem","position":1,"name":"Home","item":"https:\/\/vog.com.tn\/"},{"@type":"ListItem","position":2,"name":"Produits","item":"https:\/\/vog.com.tn\/?page_id=8"},{"@type":"ListItem","position":3,"name":"Gilet Femme-312400-VOG"}]},{"@type":"WebSite","@id":"https:\/\/vog.com.tn\/#website","url":"https:\/\/vog.com.tn\/","name":"Vog Tunisie","description":"Pr\u00eat-\u00e0-porter","potentialAction":[{"@type":"SearchAction","target":{"@type":"EntryPoint","urlTemplate":"https:\/\/vog.com.tn\/?s={search_term_string}"},"query-input":{"@type":"PropertyValueSpecification","valueRequired":true,"valueName":"search_term_string"}}],"inLanguage":"fr-FR"}]}},"_links":{"self":[{"href":"https:\/\/vog.com.tn\/index.php?rest_route=\/wp\/v2\/product\/105577","targetHints":{"allow":["GET"]}}],"collection":[{"href":"https:\/\/vog.com.tn\/index.php?rest_route=\/wp\/v2\/product"}],"about":[{"href":"https:\/\/vog.com.tn\/index.php?rest_route=\/wp\/v2\/types\/product"}],"wp:featuredmedia":[{"embeddable":true,"href":"https:\/\/vog.com.tn\/index.php?rest_route=\/wp\/v2\/media\/105594"}],"wp:attachment":[{"href":"https:\/\/vog.com.tn\/index.php?rest_route=%2Fwp%2Fv2%2Fmedia&parent=105577"}],"wp:term":[{"taxonomy":"product_brand","embeddable":true,"href":"https:\/\/vog.com.tn\/index.php?rest_route=%2Fwp%2Fv2%2Fproduct_brand&post=105577"},{"taxonomy":"product_cat","embeddable":true,"href":"https:\/\/vog.com.tn\/index.php?rest_route=%2Fwp%2Fv2%2Fproduct_cat&post=105577"},{"taxonomy":"product_tag","embeddable":true,"href":"https:\/\/vog.com.tn\/index.php?rest_route=%2Fwp%2Fv2%2Fproduct_tag&post=105577"}],"curies":[{"name":"wp","href":"https:\/\/api.w.org\/{rel}","templated":true}]}}