{"id":105648,"date":"2025-12-03T12:15:32","date_gmt":"2025-12-03T11:15:32","guid":{"rendered":"https:\/\/vog.com.tn\/?post_type=product&#038;p=105648"},"modified":"2025-12-13T11:44:22","modified_gmt":"2025-12-13T10:44:22","slug":"sweat-a-capuche-femme-311990-vog","status":"publish","type":"product","link":"https:\/\/vog.com.tn\/?product=sweat-a-capuche-femme-311990-vog","title":{"rendered":"Sweat \u00e0 Capuche Femme-311990-VOG"},"content":{"rendered":"<p>Vog met en vente en ligne des sweats \u00e0 capuche pour femme en Tunisie. Pr\u00e9parez-vous au froid tout en restant \u00e9l\u00e9gante gr\u00e2ce \u00e0 nos hoodies modernes et confortables. Parfaits pour affronter l\u2019automne et l\u2019hiver, ils sont con\u00e7us pour vous tenir bien au chaud tout en ajoutant une touche tendance \u00e0 vos tenues. Adoptez ce sweat \u00e0 capuche chic et pratique pour traverser la saison avec style et confort.<\/p>\n","protected":false},"excerpt":{"rendered":"<p><strong>vente en ligne Sweat \u00e0 Capuche \u00c9l\u00e9gant pour Femme -311990-vog<\/strong><\/p>\n<ul>\n<li>Sweat-shirt tendance et confortable en mati\u00e8re douce \u00e0 l&rsquo;int\u00e9rieur.<\/li>\n<li>Capuche \u00e0 cordon de serrage ajustable.<\/li>\n<li>Poche kangourou sur le devant.<\/li>\n<li>Coupe droite et finitions soign\u00e9es pour un look moderne et d\u00e9contract\u00e9. Le petit motif discret sur la poitrine ajoute une touche raffin\u00e9e.<\/li>\n<li>Parfait \u00e0 porter avec un jean (comme sur la photo) ou un legging pour un style chic et d\u00e9contract\u00e9.<\/li>\n<\/ul>\n<p data-start=\"356\" data-end=\"540\">\ud83d\ude9a <strong data-start=\"359\" data-end=\"391\">Livraison \u00e0 domicile : 8 TND<\/strong><br data-start=\"391\" data-end=\"394\" \/>\u23f1\ufe0f <strong data-start=\"397\" data-end=\"433\">D\u00e9lai de livraison : 2 \u00e0 3 jours<\/strong><br data-start=\"433\" data-end=\"436\" \/>\ud83d\udd01 <strong data-start=\"439\" data-end=\"459\">\u00c9change possible<\/strong> \u2013 vous ne payez que les frais de livraison pour le second colis (d\u00e9lai : 1 jour)<\/p>\n","protected":false},"featured_media":105653,"template":"","meta":[],"product_brand":[],"product_cat":[397,398,137,360],"product_tag":[],"class_list":{"0":"post-105648","1":"product","2":"type-product","3":"status-publish","4":"has-post-thumbnail","6":"product_cat-gilet","7":"product_cat-gilet-mode-femme","8":"product_cat-mode-femme","9":"product_cat-nouvelle-collection","10":"pa_couleurs-beige","11":"pa_taille-large","12":"pa_taille-moyenne","13":"pa_taille-small","16":"first","17":"instock","18":"taxable","19":"shipping-taxable","20":"purchasable","21":"product-type-variable"},"yoast_head":"<!-- This site is optimized with the Yoast SEO plugin v27.5 - https:\/\/yoast.com\/product\/yoast-seo-wordpress\/ -->\n<title>Sweat \u00e0 Capuche Femme-311990-VOG - Vog Tunisie<\/title>\n<meta name=\"robots\" content=\"index, follow, max-snippet:-1, max-image-preview:large, max-video-preview:-1\" \/>\n<link rel=\"canonical\" href=\"https:\/\/vog.com.tn\/?product=sweat-a-capuche-femme-311990-vog\" \/>\n<meta property=\"og:locale\" content=\"fr_FR\" \/>\n<meta property=\"og:type\" content=\"article\" \/>\n<meta property=\"og:title\" content=\"Sweat \u00e0 Capuche Femme-311990-VOG - Vog Tunisie\" \/>\n<meta property=\"og:description\" content=\"vente en ligne Sweat \u00e0 Capuche \u00c9l\u00e9gant pour Femme -311990-vog   Sweat-shirt tendance et confortable en mati\u00e8re douce \u00e0 l&#039;int\u00e9rieur.  Capuche \u00e0 cordon de serrage ajustable.  Poche kangourou sur le devant.  Coupe droite et finitions soign\u00e9es pour un look moderne et d\u00e9contract\u00e9. Le petit motif discret sur la poitrine ajoute une touche raffin\u00e9e.  Parfait \u00e0 porter avec un jean (comme sur la photo) ou un legging pour un style chic et d\u00e9contract\u00e9.  \ud83d\ude9a Livraison \u00e0 domicile : 8 TND\u23f1\ufe0f D\u00e9lai de livraison : 2 \u00e0 3 jours\ud83d\udd01 \u00c9change possible \u2013 vous ne payez que les frais de livraison pour le second colis (d\u00e9lai : 1 jour)\" \/>\n<meta property=\"og:url\" content=\"https:\/\/vog.com.tn\/?product=sweat-a-capuche-femme-311990-vog\" \/>\n<meta property=\"og:site_name\" content=\"Vog Tunisie\" \/>\n<meta property=\"article:modified_time\" content=\"2025-12-13T10:44:22+00:00\" \/>\n<meta property=\"og:image\" content=\"https:\/\/vog.com.tn\/wp-content\/uploads\/2025\/12\/311990-beige-vog-1.jpg\" \/>\n\t<meta property=\"og:image:width\" content=\"572\" \/>\n\t<meta property=\"og:image:height\" content=\"800\" \/>\n\t<meta property=\"og:image:type\" content=\"image\/jpeg\" \/>\n<meta name=\"twitter:card\" content=\"summary_large_image\" \/>\n<script type=\"application\/ld+json\" class=\"yoast-schema-graph\">{\"@context\":\"https:\\\/\\\/schema.org\",\"@graph\":[{\"@type\":\"WebPage\",\"@id\":\"https:\\\/\\\/vog.com.tn\\\/?product=sweat-a-capuche-femme-311990-vog\",\"url\":\"https:\\\/\\\/vog.com.tn\\\/?product=sweat-a-capuche-femme-311990-vog\",\"name\":\"Sweat \u00e0 Capuche Femme-311990-VOG - Vog Tunisie\",\"isPartOf\":{\"@id\":\"https:\\\/\\\/vog.com.tn\\\/#website\"},\"primaryImageOfPage\":{\"@id\":\"https:\\\/\\\/vog.com.tn\\\/?product=sweat-a-capuche-femme-311990-vog#primaryimage\"},\"image\":{\"@id\":\"https:\\\/\\\/vog.com.tn\\\/?product=sweat-a-capuche-femme-311990-vog#primaryimage\"},\"thumbnailUrl\":\"https:\\\/\\\/vog.com.tn\\\/wp-content\\\/uploads\\\/2025\\\/12\\\/311990-beige-vog-1.jpg\",\"datePublished\":\"2025-12-03T11:15:32+00:00\",\"dateModified\":\"2025-12-13T10:44:22+00:00\",\"breadcrumb\":{\"@id\":\"https:\\\/\\\/vog.com.tn\\\/?product=sweat-a-capuche-femme-311990-vog#breadcrumb\"},\"inLanguage\":\"fr-FR\",\"potentialAction\":[{\"@type\":\"ReadAction\",\"target\":[\"https:\\\/\\\/vog.com.tn\\\/?product=sweat-a-capuche-femme-311990-vog\"]}]},{\"@type\":\"ImageObject\",\"inLanguage\":\"fr-FR\",\"@id\":\"https:\\\/\\\/vog.com.tn\\\/?product=sweat-a-capuche-femme-311990-vog#primaryimage\",\"url\":\"https:\\\/\\\/vog.com.tn\\\/wp-content\\\/uploads\\\/2025\\\/12\\\/311990-beige-vog-1.jpg\",\"contentUrl\":\"https:\\\/\\\/vog.com.tn\\\/wp-content\\\/uploads\\\/2025\\\/12\\\/311990-beige-vog-1.jpg\",\"width\":572,\"height\":800},{\"@type\":\"BreadcrumbList\",\"@id\":\"https:\\\/\\\/vog.com.tn\\\/?product=sweat-a-capuche-femme-311990-vog#breadcrumb\",\"itemListElement\":[{\"@type\":\"ListItem\",\"position\":1,\"name\":\"Home\",\"item\":\"https:\\\/\\\/vog.com.tn\\\/\"},{\"@type\":\"ListItem\",\"position\":2,\"name\":\"Produits\",\"item\":\"https:\\\/\\\/vog.com.tn\\\/?page_id=8\"},{\"@type\":\"ListItem\",\"position\":3,\"name\":\"Sweat \u00e0 Capuche Femme-311990-VOG\"}]},{\"@type\":\"WebSite\",\"@id\":\"https:\\\/\\\/vog.com.tn\\\/#website\",\"url\":\"https:\\\/\\\/vog.com.tn\\\/\",\"name\":\"Vog Tunisie\",\"description\":\"Pr\u00eat-\u00e0-porter\",\"potentialAction\":[{\"@type\":\"SearchAction\",\"target\":{\"@type\":\"EntryPoint\",\"urlTemplate\":\"https:\\\/\\\/vog.com.tn\\\/?s={search_term_string}\"},\"query-input\":{\"@type\":\"PropertyValueSpecification\",\"valueRequired\":true,\"valueName\":\"search_term_string\"}}],\"inLanguage\":\"fr-FR\"}]}<\/script>\n<!-- \/ Yoast SEO plugin. -->","yoast_head_json":{"title":"Sweat \u00e0 Capuche Femme-311990-VOG - Vog Tunisie","robots":{"index":"index","follow":"follow","max-snippet":"max-snippet:-1","max-image-preview":"max-image-preview:large","max-video-preview":"max-video-preview:-1"},"canonical":"https:\/\/vog.com.tn\/?product=sweat-a-capuche-femme-311990-vog","og_locale":"fr_FR","og_type":"article","og_title":"Sweat \u00e0 Capuche Femme-311990-VOG - Vog Tunisie","og_description":"vente en ligne Sweat \u00e0 Capuche \u00c9l\u00e9gant pour Femme -311990-vog   Sweat-shirt tendance et confortable en mati\u00e8re douce \u00e0 l'int\u00e9rieur.  Capuche \u00e0 cordon de serrage ajustable.  Poche kangourou sur le devant.  Coupe droite et finitions soign\u00e9es pour un look moderne et d\u00e9contract\u00e9. Le petit motif discret sur la poitrine ajoute une touche raffin\u00e9e.  Parfait \u00e0 porter avec un jean (comme sur la photo) ou un legging pour un style chic et d\u00e9contract\u00e9.  \ud83d\ude9a Livraison \u00e0 domicile : 8 TND\u23f1\ufe0f D\u00e9lai de livraison : 2 \u00e0 3 jours\ud83d\udd01 \u00c9change possible \u2013 vous ne payez que les frais de livraison pour le second colis (d\u00e9lai : 1 jour)","og_url":"https:\/\/vog.com.tn\/?product=sweat-a-capuche-femme-311990-vog","og_site_name":"Vog Tunisie","article_modified_time":"2025-12-13T10:44:22+00:00","og_image":[{"width":572,"height":800,"url":"https:\/\/vog.com.tn\/wp-content\/uploads\/2025\/12\/311990-beige-vog-1.jpg","type":"image\/jpeg"}],"twitter_card":"summary_large_image","schema":{"@context":"https:\/\/schema.org","@graph":[{"@type":"WebPage","@id":"https:\/\/vog.com.tn\/?product=sweat-a-capuche-femme-311990-vog","url":"https:\/\/vog.com.tn\/?product=sweat-a-capuche-femme-311990-vog","name":"Sweat \u00e0 Capuche Femme-311990-VOG - Vog Tunisie","isPartOf":{"@id":"https:\/\/vog.com.tn\/#website"},"primaryImageOfPage":{"@id":"https:\/\/vog.com.tn\/?product=sweat-a-capuche-femme-311990-vog#primaryimage"},"image":{"@id":"https:\/\/vog.com.tn\/?product=sweat-a-capuche-femme-311990-vog#primaryimage"},"thumbnailUrl":"https:\/\/vog.com.tn\/wp-content\/uploads\/2025\/12\/311990-beige-vog-1.jpg","datePublished":"2025-12-03T11:15:32+00:00","dateModified":"2025-12-13T10:44:22+00:00","breadcrumb":{"@id":"https:\/\/vog.com.tn\/?product=sweat-a-capuche-femme-311990-vog#breadcrumb"},"inLanguage":"fr-FR","potentialAction":[{"@type":"ReadAction","target":["https:\/\/vog.com.tn\/?product=sweat-a-capuche-femme-311990-vog"]}]},{"@type":"ImageObject","inLanguage":"fr-FR","@id":"https:\/\/vog.com.tn\/?product=sweat-a-capuche-femme-311990-vog#primaryimage","url":"https:\/\/vog.com.tn\/wp-content\/uploads\/2025\/12\/311990-beige-vog-1.jpg","contentUrl":"https:\/\/vog.com.tn\/wp-content\/uploads\/2025\/12\/311990-beige-vog-1.jpg","width":572,"height":800},{"@type":"BreadcrumbList","@id":"https:\/\/vog.com.tn\/?product=sweat-a-capuche-femme-311990-vog#breadcrumb","itemListElement":[{"@type":"ListItem","position":1,"name":"Home","item":"https:\/\/vog.com.tn\/"},{"@type":"ListItem","position":2,"name":"Produits","item":"https:\/\/vog.com.tn\/?page_id=8"},{"@type":"ListItem","position":3,"name":"Sweat \u00e0 Capuche Femme-311990-VOG"}]},{"@type":"WebSite","@id":"https:\/\/vog.com.tn\/#website","url":"https:\/\/vog.com.tn\/","name":"Vog Tunisie","description":"Pr\u00eat-\u00e0-porter","potentialAction":[{"@type":"SearchAction","target":{"@type":"EntryPoint","urlTemplate":"https:\/\/vog.com.tn\/?s={search_term_string}"},"query-input":{"@type":"PropertyValueSpecification","valueRequired":true,"valueName":"search_term_string"}}],"inLanguage":"fr-FR"}]}},"_links":{"self":[{"href":"https:\/\/vog.com.tn\/index.php?rest_route=\/wp\/v2\/product\/105648","targetHints":{"allow":["GET"]}}],"collection":[{"href":"https:\/\/vog.com.tn\/index.php?rest_route=\/wp\/v2\/product"}],"about":[{"href":"https:\/\/vog.com.tn\/index.php?rest_route=\/wp\/v2\/types\/product"}],"wp:featuredmedia":[{"embeddable":true,"href":"https:\/\/vog.com.tn\/index.php?rest_route=\/wp\/v2\/media\/105653"}],"wp:attachment":[{"href":"https:\/\/vog.com.tn\/index.php?rest_route=%2Fwp%2Fv2%2Fmedia&parent=105648"}],"wp:term":[{"taxonomy":"product_brand","embeddable":true,"href":"https:\/\/vog.com.tn\/index.php?rest_route=%2Fwp%2Fv2%2Fproduct_brand&post=105648"},{"taxonomy":"product_cat","embeddable":true,"href":"https:\/\/vog.com.tn\/index.php?rest_route=%2Fwp%2Fv2%2Fproduct_cat&post=105648"},{"taxonomy":"product_tag","embeddable":true,"href":"https:\/\/vog.com.tn\/index.php?rest_route=%2Fwp%2Fv2%2Fproduct_tag&post=105648"}],"curies":[{"name":"wp","href":"https:\/\/api.w.org\/{rel}","templated":true}]}}