{"id":105654,"date":"2025-12-03T13:10:34","date_gmt":"2025-12-03T12:10:34","guid":{"rendered":"https:\/\/vog.com.tn\/?post_type=product&#038;p=105654"},"modified":"2026-03-17T11:12:09","modified_gmt":"2026-03-17T10:12:09","slug":"gilet-femme-312318-vog","status":"publish","type":"product","link":"https:\/\/vog.com.tn\/?product=gilet-femme-312318-vog","title":{"rendered":"Gilet Femme-312318-VOG"},"content":{"rendered":"<p data-path-to-node=\"2\">VOG met en vente en ligne des blousons pour femme en Tunisie.\u00a0Pr\u00e9parez-vous au froid tout en restant \u00e9l\u00e9gante gr\u00e2ce \u00e0 nos blousons modernes et confortables. Parfaits pour affronter l\u2019automne et l\u2019hiver, ils sont con\u00e7us pour vous tenir bien au chaud tout en ajoutant une touche tendance \u00e0 vos tenues. Adoptez ce blouson chic et pratique pour traverser la saison avec style et confort.<\/p>\n","protected":false},"excerpt":{"rendered":"<p><strong>Vente en ligne : Blouson zipp\u00e9 en maille duveteuse pour femme<\/strong><\/p>\n<ul>\n<li>Blouson tendance en maille duveteuse de couleur \u00e9cru, douce et confortable.<\/li>\n<li>Col montant avec fermeture \u00e0 glissi\u00e8re.<\/li>\n<li>Fermeture \u00e9clair principale sur le devant avec d\u00e9tails dor\u00e9s.<\/li>\n<li>Coupe droite et courte, avec deux poches pratiques \u00e0 l&rsquo;avant.<\/li>\n<li>Parfait \u00e0 porter avec un jean (comme sur la photo) ou un pantalon noir pour un look d\u00e9contract\u00e9 et \u00e9l\u00e9gant.<\/li>\n<\/ul>\n<p>\ud83d\ude9a <strong data-start=\"359\" data-end=\"391\">Livraison \u00e0 domicile : 8 TND<\/strong><br data-start=\"391\" data-end=\"394\" \/>\u23f1\ufe0f <strong data-start=\"397\" data-end=\"433\">D\u00e9lai de livraison : 2 \u00e0 3 jours<\/strong><br data-start=\"433\" data-end=\"436\" \/>\ud83d\udd01 <strong data-start=\"439\" data-end=\"459\">\u00c9change possible<\/strong> \u2013 vous ne payez que les frais de livraison pour le second colis (d\u00e9lai : 1 jour)<\/p>\n","protected":false},"featured_media":105662,"template":"","meta":[],"product_brand":[],"product_cat":[398,397,137,360],"product_tag":[],"class_list":{"0":"post-105654","1":"product","2":"type-product","3":"status-publish","4":"has-post-thumbnail","6":"product_cat-gilet-mode-femme","7":"product_cat-gilet","8":"product_cat-mode-femme","9":"product_cat-nouvelle-collection","10":"pa_couleurs-ecru","11":"pa_couleurs-taupe","12":"pa_taille-m-l","13":"pa_taille-s-m","16":"first","17":"instock","18":"taxable","19":"shipping-taxable","20":"purchasable","21":"product-type-variable"},"yoast_head":"<!-- This site is optimized with the Yoast SEO plugin v27.5 - https:\/\/yoast.com\/product\/yoast-seo-wordpress\/ -->\n<title>Gilet Femme-312318-VOG - Vog Tunisie<\/title>\n<meta name=\"robots\" content=\"index, follow, max-snippet:-1, max-image-preview:large, max-video-preview:-1\" \/>\n<link rel=\"canonical\" href=\"https:\/\/vog.com.tn\/?product=gilet-femme-312318-vog\" \/>\n<meta property=\"og:locale\" content=\"fr_FR\" \/>\n<meta property=\"og:type\" content=\"article\" \/>\n<meta property=\"og:title\" content=\"Gilet Femme-312318-VOG - Vog Tunisie\" \/>\n<meta property=\"og:description\" content=\"Vente en ligne : Blouson zipp\u00e9 en maille duveteuse pour femme   Blouson tendance en maille duveteuse de couleur \u00e9cru, douce et confortable.  Col montant avec fermeture \u00e0 glissi\u00e8re.  Fermeture \u00e9clair principale sur le devant avec d\u00e9tails dor\u00e9s.  Coupe droite et courte, avec deux poches pratiques \u00e0 l&#039;avant.  Parfait \u00e0 porter avec un jean (comme sur la photo) ou un pantalon noir pour un look d\u00e9contract\u00e9 et \u00e9l\u00e9gant.  \ud83d\ude9a Livraison \u00e0 domicile : 8 TND\u23f1\ufe0f D\u00e9lai de livraison : 2 \u00e0 3 jours\ud83d\udd01 \u00c9change possible \u2013 vous ne payez que les frais de livraison pour le second colis (d\u00e9lai : 1 jour)\" \/>\n<meta property=\"og:url\" content=\"https:\/\/vog.com.tn\/?product=gilet-femme-312318-vog\" \/>\n<meta property=\"og:site_name\" content=\"Vog Tunisie\" \/>\n<meta property=\"article:modified_time\" content=\"2026-03-17T10:12:09+00:00\" \/>\n<meta property=\"og:image\" content=\"https:\/\/vog.com.tn\/wp-content\/uploads\/2025\/12\/312318-ecru-vog-1.jpg\" \/>\n\t<meta property=\"og:image:width\" content=\"572\" \/>\n\t<meta property=\"og:image:height\" content=\"800\" \/>\n\t<meta property=\"og:image:type\" content=\"image\/jpeg\" \/>\n<meta name=\"twitter:card\" content=\"summary_large_image\" \/>\n<meta name=\"twitter:label1\" content=\"Dur\u00e9e de lecture estim\u00e9e\" \/>\n\t<meta name=\"twitter:data1\" content=\"1 minute\" \/>\n<script type=\"application\/ld+json\" class=\"yoast-schema-graph\">{\"@context\":\"https:\\\/\\\/schema.org\",\"@graph\":[{\"@type\":\"WebPage\",\"@id\":\"https:\\\/\\\/vog.com.tn\\\/?product=gilet-femme-312318-vog\",\"url\":\"https:\\\/\\\/vog.com.tn\\\/?product=gilet-femme-312318-vog\",\"name\":\"Gilet Femme-312318-VOG - Vog Tunisie\",\"isPartOf\":{\"@id\":\"https:\\\/\\\/vog.com.tn\\\/#website\"},\"primaryImageOfPage\":{\"@id\":\"https:\\\/\\\/vog.com.tn\\\/?product=gilet-femme-312318-vog#primaryimage\"},\"image\":{\"@id\":\"https:\\\/\\\/vog.com.tn\\\/?product=gilet-femme-312318-vog#primaryimage\"},\"thumbnailUrl\":\"https:\\\/\\\/vog.com.tn\\\/wp-content\\\/uploads\\\/2025\\\/12\\\/312318-ecru-vog-1.jpg\",\"datePublished\":\"2025-12-03T12:10:34+00:00\",\"dateModified\":\"2026-03-17T10:12:09+00:00\",\"breadcrumb\":{\"@id\":\"https:\\\/\\\/vog.com.tn\\\/?product=gilet-femme-312318-vog#breadcrumb\"},\"inLanguage\":\"fr-FR\",\"potentialAction\":[{\"@type\":\"ReadAction\",\"target\":[\"https:\\\/\\\/vog.com.tn\\\/?product=gilet-femme-312318-vog\"]}]},{\"@type\":\"ImageObject\",\"inLanguage\":\"fr-FR\",\"@id\":\"https:\\\/\\\/vog.com.tn\\\/?product=gilet-femme-312318-vog#primaryimage\",\"url\":\"https:\\\/\\\/vog.com.tn\\\/wp-content\\\/uploads\\\/2025\\\/12\\\/312318-ecru-vog-1.jpg\",\"contentUrl\":\"https:\\\/\\\/vog.com.tn\\\/wp-content\\\/uploads\\\/2025\\\/12\\\/312318-ecru-vog-1.jpg\",\"width\":572,\"height\":800},{\"@type\":\"BreadcrumbList\",\"@id\":\"https:\\\/\\\/vog.com.tn\\\/?product=gilet-femme-312318-vog#breadcrumb\",\"itemListElement\":[{\"@type\":\"ListItem\",\"position\":1,\"name\":\"Home\",\"item\":\"https:\\\/\\\/vog.com.tn\\\/\"},{\"@type\":\"ListItem\",\"position\":2,\"name\":\"Produits\",\"item\":\"https:\\\/\\\/vog.com.tn\\\/?page_id=8\"},{\"@type\":\"ListItem\",\"position\":3,\"name\":\"Gilet Femme-312318-VOG\"}]},{\"@type\":\"WebSite\",\"@id\":\"https:\\\/\\\/vog.com.tn\\\/#website\",\"url\":\"https:\\\/\\\/vog.com.tn\\\/\",\"name\":\"Vog Tunisie\",\"description\":\"Pr\u00eat-\u00e0-porter\",\"potentialAction\":[{\"@type\":\"SearchAction\",\"target\":{\"@type\":\"EntryPoint\",\"urlTemplate\":\"https:\\\/\\\/vog.com.tn\\\/?s={search_term_string}\"},\"query-input\":{\"@type\":\"PropertyValueSpecification\",\"valueRequired\":true,\"valueName\":\"search_term_string\"}}],\"inLanguage\":\"fr-FR\"}]}<\/script>\n<!-- \/ Yoast SEO plugin. -->","yoast_head_json":{"title":"Gilet Femme-312318-VOG - Vog Tunisie","robots":{"index":"index","follow":"follow","max-snippet":"max-snippet:-1","max-image-preview":"max-image-preview:large","max-video-preview":"max-video-preview:-1"},"canonical":"https:\/\/vog.com.tn\/?product=gilet-femme-312318-vog","og_locale":"fr_FR","og_type":"article","og_title":"Gilet Femme-312318-VOG - Vog Tunisie","og_description":"Vente en ligne : Blouson zipp\u00e9 en maille duveteuse pour femme   Blouson tendance en maille duveteuse de couleur \u00e9cru, douce et confortable.  Col montant avec fermeture \u00e0 glissi\u00e8re.  Fermeture \u00e9clair principale sur le devant avec d\u00e9tails dor\u00e9s.  Coupe droite et courte, avec deux poches pratiques \u00e0 l'avant.  Parfait \u00e0 porter avec un jean (comme sur la photo) ou un pantalon noir pour un look d\u00e9contract\u00e9 et \u00e9l\u00e9gant.  \ud83d\ude9a Livraison \u00e0 domicile : 8 TND\u23f1\ufe0f D\u00e9lai de livraison : 2 \u00e0 3 jours\ud83d\udd01 \u00c9change possible \u2013 vous ne payez que les frais de livraison pour le second colis (d\u00e9lai : 1 jour)","og_url":"https:\/\/vog.com.tn\/?product=gilet-femme-312318-vog","og_site_name":"Vog Tunisie","article_modified_time":"2026-03-17T10:12:09+00:00","og_image":[{"width":572,"height":800,"url":"https:\/\/vog.com.tn\/wp-content\/uploads\/2025\/12\/312318-ecru-vog-1.jpg","type":"image\/jpeg"}],"twitter_card":"summary_large_image","twitter_misc":{"Dur\u00e9e de lecture estim\u00e9e":"1 minute"},"schema":{"@context":"https:\/\/schema.org","@graph":[{"@type":"WebPage","@id":"https:\/\/vog.com.tn\/?product=gilet-femme-312318-vog","url":"https:\/\/vog.com.tn\/?product=gilet-femme-312318-vog","name":"Gilet Femme-312318-VOG - Vog Tunisie","isPartOf":{"@id":"https:\/\/vog.com.tn\/#website"},"primaryImageOfPage":{"@id":"https:\/\/vog.com.tn\/?product=gilet-femme-312318-vog#primaryimage"},"image":{"@id":"https:\/\/vog.com.tn\/?product=gilet-femme-312318-vog#primaryimage"},"thumbnailUrl":"https:\/\/vog.com.tn\/wp-content\/uploads\/2025\/12\/312318-ecru-vog-1.jpg","datePublished":"2025-12-03T12:10:34+00:00","dateModified":"2026-03-17T10:12:09+00:00","breadcrumb":{"@id":"https:\/\/vog.com.tn\/?product=gilet-femme-312318-vog#breadcrumb"},"inLanguage":"fr-FR","potentialAction":[{"@type":"ReadAction","target":["https:\/\/vog.com.tn\/?product=gilet-femme-312318-vog"]}]},{"@type":"ImageObject","inLanguage":"fr-FR","@id":"https:\/\/vog.com.tn\/?product=gilet-femme-312318-vog#primaryimage","url":"https:\/\/vog.com.tn\/wp-content\/uploads\/2025\/12\/312318-ecru-vog-1.jpg","contentUrl":"https:\/\/vog.com.tn\/wp-content\/uploads\/2025\/12\/312318-ecru-vog-1.jpg","width":572,"height":800},{"@type":"BreadcrumbList","@id":"https:\/\/vog.com.tn\/?product=gilet-femme-312318-vog#breadcrumb","itemListElement":[{"@type":"ListItem","position":1,"name":"Home","item":"https:\/\/vog.com.tn\/"},{"@type":"ListItem","position":2,"name":"Produits","item":"https:\/\/vog.com.tn\/?page_id=8"},{"@type":"ListItem","position":3,"name":"Gilet Femme-312318-VOG"}]},{"@type":"WebSite","@id":"https:\/\/vog.com.tn\/#website","url":"https:\/\/vog.com.tn\/","name":"Vog Tunisie","description":"Pr\u00eat-\u00e0-porter","potentialAction":[{"@type":"SearchAction","target":{"@type":"EntryPoint","urlTemplate":"https:\/\/vog.com.tn\/?s={search_term_string}"},"query-input":{"@type":"PropertyValueSpecification","valueRequired":true,"valueName":"search_term_string"}}],"inLanguage":"fr-FR"}]}},"_links":{"self":[{"href":"https:\/\/vog.com.tn\/index.php?rest_route=\/wp\/v2\/product\/105654","targetHints":{"allow":["GET"]}}],"collection":[{"href":"https:\/\/vog.com.tn\/index.php?rest_route=\/wp\/v2\/product"}],"about":[{"href":"https:\/\/vog.com.tn\/index.php?rest_route=\/wp\/v2\/types\/product"}],"wp:featuredmedia":[{"embeddable":true,"href":"https:\/\/vog.com.tn\/index.php?rest_route=\/wp\/v2\/media\/105662"}],"wp:attachment":[{"href":"https:\/\/vog.com.tn\/index.php?rest_route=%2Fwp%2Fv2%2Fmedia&parent=105654"}],"wp:term":[{"taxonomy":"product_brand","embeddable":true,"href":"https:\/\/vog.com.tn\/index.php?rest_route=%2Fwp%2Fv2%2Fproduct_brand&post=105654"},{"taxonomy":"product_cat","embeddable":true,"href":"https:\/\/vog.com.tn\/index.php?rest_route=%2Fwp%2Fv2%2Fproduct_cat&post=105654"},{"taxonomy":"product_tag","embeddable":true,"href":"https:\/\/vog.com.tn\/index.php?rest_route=%2Fwp%2Fv2%2Fproduct_tag&post=105654"}],"curies":[{"name":"wp","href":"https:\/\/api.w.org\/{rel}","templated":true}]}}