{"id":105672,"date":"2025-12-03T13:49:36","date_gmt":"2025-12-03T12:49:36","guid":{"rendered":"https:\/\/vog.com.tn\/?post_type=product&#038;p=105672"},"modified":"2026-02-17T10:41:28","modified_gmt":"2026-02-17T09:41:28","slug":"manteau-femme-311540-vog","status":"publish","type":"product","link":"https:\/\/vog.com.tn\/?product=manteau-femme-311540-vog","title":{"rendered":"Manteau Femme \u2013 311540\u2013 VOG"},"content":{"rendered":"<p>Vog met en vente en ligne manteau\u00a0 en Tunisie. Les manteaux sont des pi\u00e8ces phares pour l\u2019hiver. Notre s\u00e9lection de manteaux pour femmes offre tout ce dont vous avez besoin : des anoraks confortables aux manteaux de laine \u00e9l\u00e9gants. Vous trouverez \u00e9galement une vari\u00e9t\u00e9 de manteaux de fourrure, de parka, en cuir, cachemires \u2026<br \/>\nOn craque pour ces manteaux polyvalents qui rehaussent la simplicit\u00e9 d\u2019un jean et temp\u00e8rent l\u2019extr\u00eame f\u00e9minit\u00e9 d\u2019une robe. \u00c0 vous de jouer !<\/p>\n","protected":false},"excerpt":{"rendered":"<p data-path-to-node=\"2\">Vente en ligne : Manteau long ceintur\u00e9 pour femme<\/p>\n<ul>\n<li data-path-to-node=\"3\">Manteau long et \u00e9l\u00e9gant de couleur beige, parfait pour l&rsquo;hiver.<\/li>\n<li data-path-to-node=\"3\">Mati\u00e8re douce et chaude offrant un confort optimal.<\/li>\n<li data-path-to-node=\"3\">Coupe droite longue (midi), style trench-coat, id\u00e9ale pour affiner la silhouette.<\/li>\n<li data-path-to-node=\"3\">Col tailleur \u00e0 revers.<\/li>\n<li data-path-to-node=\"3\">Fermeture crois\u00e9e (double boutonnage discret).<\/li>\n<li data-path-to-node=\"3\">Ceinture assortie \u00e0 nouer \u00e0 la taille pour un ajustement personnalis\u00e9 et une touche f\u00e9minine.<\/li>\n<li data-path-to-node=\"3\">Deux poches lat\u00e9rales pratiques. Parfait pour un style sophistiqu\u00e9 au bureau ou pour une sortie \u00e9l\u00e9gante.<\/li>\n<\/ul>\n<p>\ud83d\ude9a <strong data-start=\"359\" data-end=\"391\">Livraison \u00e0 domicile : 8 TND<\/strong><br data-start=\"391\" data-end=\"394\" \/>\u23f1\ufe0f <strong data-start=\"397\" data-end=\"433\">D\u00e9lai de livraison : 2 \u00e0 3 jours<\/strong><br data-start=\"433\" data-end=\"436\" \/>\ud83d\udd01 <strong data-start=\"439\" data-end=\"459\">\u00c9change possible<\/strong> \u2013 vous ne payez que les frais de livraison pour le second colis (d\u00e9lai : 1 jour)<\/p>\n","protected":false},"featured_media":105675,"template":"","meta":[],"product_brand":[],"product_cat":[48,269,137,360,71],"product_tag":[],"class_list":{"0":"post-105672","1":"product","2":"type-product","3":"status-publish","4":"has-post-thumbnail","6":"product_cat-manteaux-femme","7":"product_cat-manteaux-femme-longs","8":"product_cat-mode-femme","9":"product_cat-nouvelle-collection","10":"product_cat-vetements-femme","11":"pa_couleurs-beige","12":"pa_couleurs-noir","13":"pa_taille-m-l","14":"pa_taille-s-m","17":"first","18":"outofstock","19":"taxable","20":"shipping-taxable","21":"product-type-variable"},"yoast_head":"<!-- This site is optimized with the Yoast SEO plugin v27.5 - https:\/\/yoast.com\/product\/yoast-seo-wordpress\/ -->\n<title>Manteau Femme \u2013 311540\u2013 VOG - Vog Tunisie<\/title>\n<meta name=\"robots\" content=\"index, follow, max-snippet:-1, max-image-preview:large, max-video-preview:-1\" \/>\n<link rel=\"canonical\" href=\"https:\/\/vog.com.tn\/?product=manteau-femme-311540-vog\" \/>\n<meta property=\"og:locale\" content=\"fr_FR\" \/>\n<meta property=\"og:type\" content=\"article\" \/>\n<meta property=\"og:title\" content=\"Manteau Femme \u2013 311540\u2013 VOG - Vog Tunisie\" \/>\n<meta property=\"og:description\" content=\"Vente en ligne : Manteau long ceintur\u00e9 pour femme    Manteau long et \u00e9l\u00e9gant de couleur beige, parfait pour l&#039;hiver.  Mati\u00e8re douce et chaude offrant un confort optimal.  Coupe droite longue (midi), style trench-coat, id\u00e9ale pour affiner la silhouette.  Col tailleur \u00e0 revers.  Fermeture crois\u00e9e (double boutonnage discret).  Ceinture assortie \u00e0 nouer \u00e0 la taille pour un ajustement personnalis\u00e9 et une touche f\u00e9minine.  Deux poches lat\u00e9rales pratiques. Parfait pour un style sophistiqu\u00e9 au bureau ou pour une sortie \u00e9l\u00e9gante.  \ud83d\ude9a Livraison \u00e0 domicile : 8 TND\u23f1\ufe0f D\u00e9lai de livraison : 2 \u00e0 3 jours\ud83d\udd01 \u00c9change possible \u2013 vous ne payez que les frais de livraison pour le second colis (d\u00e9lai : 1 jour)\" \/>\n<meta property=\"og:url\" content=\"https:\/\/vog.com.tn\/?product=manteau-femme-311540-vog\" \/>\n<meta property=\"og:site_name\" content=\"Vog Tunisie\" \/>\n<meta property=\"article:modified_time\" content=\"2026-02-17T09:41:28+00:00\" \/>\n<meta property=\"og:image\" content=\"https:\/\/vog.com.tn\/wp-content\/uploads\/2025\/12\/311540-noir-vog.jpg\" \/>\n\t<meta property=\"og:image:width\" content=\"572\" \/>\n\t<meta property=\"og:image:height\" content=\"800\" \/>\n\t<meta property=\"og:image:type\" content=\"image\/jpeg\" \/>\n<meta name=\"twitter:card\" content=\"summary_large_image\" \/>\n<script type=\"application\/ld+json\" class=\"yoast-schema-graph\">{\"@context\":\"https:\\\/\\\/schema.org\",\"@graph\":[{\"@type\":\"WebPage\",\"@id\":\"https:\\\/\\\/vog.com.tn\\\/?product=manteau-femme-311540-vog\",\"url\":\"https:\\\/\\\/vog.com.tn\\\/?product=manteau-femme-311540-vog\",\"name\":\"Manteau Femme \u2013 311540\u2013 VOG - Vog Tunisie\",\"isPartOf\":{\"@id\":\"https:\\\/\\\/vog.com.tn\\\/#website\"},\"primaryImageOfPage\":{\"@id\":\"https:\\\/\\\/vog.com.tn\\\/?product=manteau-femme-311540-vog#primaryimage\"},\"image\":{\"@id\":\"https:\\\/\\\/vog.com.tn\\\/?product=manteau-femme-311540-vog#primaryimage\"},\"thumbnailUrl\":\"https:\\\/\\\/vog.com.tn\\\/wp-content\\\/uploads\\\/2025\\\/12\\\/311540-noir-vog.jpg\",\"datePublished\":\"2025-12-03T12:49:36+00:00\",\"dateModified\":\"2026-02-17T09:41:28+00:00\",\"breadcrumb\":{\"@id\":\"https:\\\/\\\/vog.com.tn\\\/?product=manteau-femme-311540-vog#breadcrumb\"},\"inLanguage\":\"fr-FR\",\"potentialAction\":[{\"@type\":\"ReadAction\",\"target\":[\"https:\\\/\\\/vog.com.tn\\\/?product=manteau-femme-311540-vog\"]}]},{\"@type\":\"ImageObject\",\"inLanguage\":\"fr-FR\",\"@id\":\"https:\\\/\\\/vog.com.tn\\\/?product=manteau-femme-311540-vog#primaryimage\",\"url\":\"https:\\\/\\\/vog.com.tn\\\/wp-content\\\/uploads\\\/2025\\\/12\\\/311540-noir-vog.jpg\",\"contentUrl\":\"https:\\\/\\\/vog.com.tn\\\/wp-content\\\/uploads\\\/2025\\\/12\\\/311540-noir-vog.jpg\",\"width\":572,\"height\":800},{\"@type\":\"BreadcrumbList\",\"@id\":\"https:\\\/\\\/vog.com.tn\\\/?product=manteau-femme-311540-vog#breadcrumb\",\"itemListElement\":[{\"@type\":\"ListItem\",\"position\":1,\"name\":\"Home\",\"item\":\"https:\\\/\\\/vog.com.tn\\\/\"},{\"@type\":\"ListItem\",\"position\":2,\"name\":\"Produits\",\"item\":\"https:\\\/\\\/vog.com.tn\\\/?page_id=8\"},{\"@type\":\"ListItem\",\"position\":3,\"name\":\"Manteau Femme \u2013 311540\u2013 VOG\"}]},{\"@type\":\"WebSite\",\"@id\":\"https:\\\/\\\/vog.com.tn\\\/#website\",\"url\":\"https:\\\/\\\/vog.com.tn\\\/\",\"name\":\"Vog Tunisie\",\"description\":\"Pr\u00eat-\u00e0-porter\",\"potentialAction\":[{\"@type\":\"SearchAction\",\"target\":{\"@type\":\"EntryPoint\",\"urlTemplate\":\"https:\\\/\\\/vog.com.tn\\\/?s={search_term_string}\"},\"query-input\":{\"@type\":\"PropertyValueSpecification\",\"valueRequired\":true,\"valueName\":\"search_term_string\"}}],\"inLanguage\":\"fr-FR\"}]}<\/script>\n<!-- \/ Yoast SEO plugin. -->","yoast_head_json":{"title":"Manteau Femme \u2013 311540\u2013 VOG - Vog Tunisie","robots":{"index":"index","follow":"follow","max-snippet":"max-snippet:-1","max-image-preview":"max-image-preview:large","max-video-preview":"max-video-preview:-1"},"canonical":"https:\/\/vog.com.tn\/?product=manteau-femme-311540-vog","og_locale":"fr_FR","og_type":"article","og_title":"Manteau Femme \u2013 311540\u2013 VOG - Vog Tunisie","og_description":"Vente en ligne : Manteau long ceintur\u00e9 pour femme    Manteau long et \u00e9l\u00e9gant de couleur beige, parfait pour l'hiver.  Mati\u00e8re douce et chaude offrant un confort optimal.  Coupe droite longue (midi), style trench-coat, id\u00e9ale pour affiner la silhouette.  Col tailleur \u00e0 revers.  Fermeture crois\u00e9e (double boutonnage discret).  Ceinture assortie \u00e0 nouer \u00e0 la taille pour un ajustement personnalis\u00e9 et une touche f\u00e9minine.  Deux poches lat\u00e9rales pratiques. Parfait pour un style sophistiqu\u00e9 au bureau ou pour une sortie \u00e9l\u00e9gante.  \ud83d\ude9a Livraison \u00e0 domicile : 8 TND\u23f1\ufe0f D\u00e9lai de livraison : 2 \u00e0 3 jours\ud83d\udd01 \u00c9change possible \u2013 vous ne payez que les frais de livraison pour le second colis (d\u00e9lai : 1 jour)","og_url":"https:\/\/vog.com.tn\/?product=manteau-femme-311540-vog","og_site_name":"Vog Tunisie","article_modified_time":"2026-02-17T09:41:28+00:00","og_image":[{"width":572,"height":800,"url":"https:\/\/vog.com.tn\/wp-content\/uploads\/2025\/12\/311540-noir-vog.jpg","type":"image\/jpeg"}],"twitter_card":"summary_large_image","schema":{"@context":"https:\/\/schema.org","@graph":[{"@type":"WebPage","@id":"https:\/\/vog.com.tn\/?product=manteau-femme-311540-vog","url":"https:\/\/vog.com.tn\/?product=manteau-femme-311540-vog","name":"Manteau Femme \u2013 311540\u2013 VOG - Vog Tunisie","isPartOf":{"@id":"https:\/\/vog.com.tn\/#website"},"primaryImageOfPage":{"@id":"https:\/\/vog.com.tn\/?product=manteau-femme-311540-vog#primaryimage"},"image":{"@id":"https:\/\/vog.com.tn\/?product=manteau-femme-311540-vog#primaryimage"},"thumbnailUrl":"https:\/\/vog.com.tn\/wp-content\/uploads\/2025\/12\/311540-noir-vog.jpg","datePublished":"2025-12-03T12:49:36+00:00","dateModified":"2026-02-17T09:41:28+00:00","breadcrumb":{"@id":"https:\/\/vog.com.tn\/?product=manteau-femme-311540-vog#breadcrumb"},"inLanguage":"fr-FR","potentialAction":[{"@type":"ReadAction","target":["https:\/\/vog.com.tn\/?product=manteau-femme-311540-vog"]}]},{"@type":"ImageObject","inLanguage":"fr-FR","@id":"https:\/\/vog.com.tn\/?product=manteau-femme-311540-vog#primaryimage","url":"https:\/\/vog.com.tn\/wp-content\/uploads\/2025\/12\/311540-noir-vog.jpg","contentUrl":"https:\/\/vog.com.tn\/wp-content\/uploads\/2025\/12\/311540-noir-vog.jpg","width":572,"height":800},{"@type":"BreadcrumbList","@id":"https:\/\/vog.com.tn\/?product=manteau-femme-311540-vog#breadcrumb","itemListElement":[{"@type":"ListItem","position":1,"name":"Home","item":"https:\/\/vog.com.tn\/"},{"@type":"ListItem","position":2,"name":"Produits","item":"https:\/\/vog.com.tn\/?page_id=8"},{"@type":"ListItem","position":3,"name":"Manteau Femme \u2013 311540\u2013 VOG"}]},{"@type":"WebSite","@id":"https:\/\/vog.com.tn\/#website","url":"https:\/\/vog.com.tn\/","name":"Vog Tunisie","description":"Pr\u00eat-\u00e0-porter","potentialAction":[{"@type":"SearchAction","target":{"@type":"EntryPoint","urlTemplate":"https:\/\/vog.com.tn\/?s={search_term_string}"},"query-input":{"@type":"PropertyValueSpecification","valueRequired":true,"valueName":"search_term_string"}}],"inLanguage":"fr-FR"}]}},"_links":{"self":[{"href":"https:\/\/vog.com.tn\/index.php?rest_route=\/wp\/v2\/product\/105672","targetHints":{"allow":["GET"]}}],"collection":[{"href":"https:\/\/vog.com.tn\/index.php?rest_route=\/wp\/v2\/product"}],"about":[{"href":"https:\/\/vog.com.tn\/index.php?rest_route=\/wp\/v2\/types\/product"}],"wp:featuredmedia":[{"embeddable":true,"href":"https:\/\/vog.com.tn\/index.php?rest_route=\/wp\/v2\/media\/105675"}],"wp:attachment":[{"href":"https:\/\/vog.com.tn\/index.php?rest_route=%2Fwp%2Fv2%2Fmedia&parent=105672"}],"wp:term":[{"taxonomy":"product_brand","embeddable":true,"href":"https:\/\/vog.com.tn\/index.php?rest_route=%2Fwp%2Fv2%2Fproduct_brand&post=105672"},{"taxonomy":"product_cat","embeddable":true,"href":"https:\/\/vog.com.tn\/index.php?rest_route=%2Fwp%2Fv2%2Fproduct_cat&post=105672"},{"taxonomy":"product_tag","embeddable":true,"href":"https:\/\/vog.com.tn\/index.php?rest_route=%2Fwp%2Fv2%2Fproduct_tag&post=105672"}],"curies":[{"name":"wp","href":"https:\/\/api.w.org\/{rel}","templated":true}]}}