{"id":105689,"date":"2025-12-03T15:28:51","date_gmt":"2025-12-03T14:28:51","guid":{"rendered":"https:\/\/vog.com.tn\/?post_type=product&#038;p=105689"},"modified":"2026-04-09T12:12:20","modified_gmt":"2026-04-09T10:12:20","slug":"pantalon-femme-313002-vog","status":"publish","type":"product","link":"https:\/\/vog.com.tn\/?product=pantalon-femme-313002-vog","title":{"rendered":"Pantalon Femme \u2013313002\u2013 VOG"},"content":{"rendered":"<p>VOG met en vente en ligne en Tunisie ce magnifique pantalon. Il est taille haute pour un confort quotidien et une silhouette allong\u00e9e. Dot\u00e9 d\u2019une coupe large (style Palazzo) et fluide, ce mod\u00e8le convient \u00e0 toutes les morphologies. Naturellement large aux hanches et aux jambes, il souligne \u00e9l\u00e9gamment la taille de celle qui le porte et est accessoiris\u00e9 d&rsquo;une ceinture fantaisie. Il s\u2019adapte \u00e0 tous les styles ; on vous conseille de le porter avec un t-shirt ou une chemise l\u00e9g\u00e8rement rentr\u00e9e dedans pour marquer la taille.<\/p>\n","protected":false},"excerpt":{"rendered":"<p data-path-to-node=\"2\">Vente en ligne Pantalon large pour femme<\/p>\n<ul data-path-to-node=\"3\">\n<li>\n<p data-path-to-node=\"3,0,0\"><b>Coupe :<\/b> Large et fluide (Palazzo). La jambe est ample, droite, et \u00e9vas\u00e9e, offrant un tomb\u00e9 parfait.<\/p>\n<\/li>\n<li>\n<p data-path-to-node=\"3,1,0\"><b>D\u00e9tails :<\/b> Le pantalon est \u00e9quip\u00e9 de poches lat\u00e9rales discr\u00e8tes et est livr\u00e9 avec une ceinture \u00e0 boucle d\u00e9corative en forme de c\u0153ur.<\/p>\n<\/li>\n<li>\n<p data-path-to-node=\"3,2,0\"><b>Ceinture :<\/b> Taille haute pour un ajustement confortable et un maintien \u00e9l\u00e9gant, soulignant la taille.<\/p>\n<\/li>\n<li>\n<p data-path-to-node=\"3,3,0\"><b>Style :<\/b> Chic, lumineux et polyvalent, id\u00e9al pour les tenues de bureau, les looks de jour sophistiqu\u00e9s ou les occasions sp\u00e9ciales.<\/p>\n<\/li>\n<li><strong>Tissu :\u00a0<\/strong>Confortable, extensible et l\u00e9g\u00e8rement structur\u00e9.<\/li>\n<\/ul>\n<p>\ud83d\ude9a <strong data-start=\"359\" data-end=\"391\">Livraison \u00e0 domicile : 8 TND<\/strong><br data-start=\"391\" data-end=\"394\" \/>\u23f1\ufe0f <strong data-start=\"397\" data-end=\"433\">D\u00e9lai de livraison : 2 \u00e0 3 jours<\/strong><br data-start=\"433\" data-end=\"436\" \/>\ud83d\udd01 <strong data-start=\"439\" data-end=\"459\">\u00c9change possible<\/strong> \u2013 vous ne payez que les frais de livraison pour le second colis (d\u00e9lai : 1 jour)<\/p>\n","protected":false},"featured_media":105708,"template":"","meta":[],"product_brand":[],"product_cat":[137,360,92,71],"product_tag":[],"class_list":{"0":"post-105689","1":"product","2":"type-product","3":"status-publish","4":"has-post-thumbnail","6":"product_cat-mode-femme","7":"product_cat-nouvelle-collection","8":"product_cat-pantalons","9":"product_cat-vetements-femme","10":"pa_couleurs-beige","11":"pa_couleurs-marine","12":"pa_couleurs-noir","13":"pa_taille-large","14":"pa_taille-moyenne","15":"pa_taille-small","18":"first","19":"instock","20":"taxable","21":"shipping-taxable","22":"purchasable","23":"product-type-variable"},"yoast_head":"<!-- This site is optimized with the Yoast SEO plugin v27.5 - https:\/\/yoast.com\/product\/yoast-seo-wordpress\/ -->\n<title>Pantalon Femme \u2013313002\u2013 VOG - Vog Tunisie<\/title>\n<meta name=\"robots\" content=\"index, follow, max-snippet:-1, max-image-preview:large, max-video-preview:-1\" \/>\n<link rel=\"canonical\" href=\"https:\/\/vog.com.tn\/?product=pantalon-femme-313002-vog\" \/>\n<meta property=\"og:locale\" content=\"fr_FR\" \/>\n<meta property=\"og:type\" content=\"article\" \/>\n<meta property=\"og:title\" content=\"Pantalon Femme \u2013313002\u2013 VOG - Vog Tunisie\" \/>\n<meta property=\"og:description\" content=\"Vente en ligne Pantalon large pour femme     Coupe : Large et fluide (Palazzo). La jambe est ample, droite, et \u00e9vas\u00e9e, offrant un tomb\u00e9 parfait.    D\u00e9tails : Le pantalon est \u00e9quip\u00e9 de poches lat\u00e9rales discr\u00e8tes et est livr\u00e9 avec une ceinture \u00e0 boucle d\u00e9corative en forme de c\u0153ur.    Ceinture : Taille haute pour un ajustement confortable et un maintien \u00e9l\u00e9gant, soulignant la taille.    Style : Chic, lumineux et polyvalent, id\u00e9al pour les tenues de bureau, les looks de jour sophistiqu\u00e9s ou les occasions sp\u00e9ciales.   Tissu :\u00a0Confortable, extensible et l\u00e9g\u00e8rement structur\u00e9.  \ud83d\ude9a Livraison \u00e0 domicile : 8 TND\u23f1\ufe0f D\u00e9lai de livraison : 2 \u00e0 3 jours\ud83d\udd01 \u00c9change possible \u2013 vous ne payez que les frais de livraison pour le second colis (d\u00e9lai : 1 jour)\" \/>\n<meta property=\"og:url\" content=\"https:\/\/vog.com.tn\/?product=pantalon-femme-313002-vog\" \/>\n<meta property=\"og:site_name\" content=\"Vog Tunisie\" \/>\n<meta property=\"article:modified_time\" content=\"2026-04-09T10:12:20+00:00\" \/>\n<meta property=\"og:image\" content=\"https:\/\/vog.com.tn\/wp-content\/uploads\/2025\/12\/313002-noir-vog-2.jpg\" \/>\n\t<meta property=\"og:image:width\" content=\"572\" \/>\n\t<meta property=\"og:image:height\" content=\"800\" \/>\n\t<meta property=\"og:image:type\" content=\"image\/jpeg\" \/>\n<meta name=\"twitter:card\" content=\"summary_large_image\" \/>\n<script type=\"application\/ld+json\" class=\"yoast-schema-graph\">{\"@context\":\"https:\\\/\\\/schema.org\",\"@graph\":[{\"@type\":\"WebPage\",\"@id\":\"https:\\\/\\\/vog.com.tn\\\/?product=pantalon-femme-313002-vog\",\"url\":\"https:\\\/\\\/vog.com.tn\\\/?product=pantalon-femme-313002-vog\",\"name\":\"Pantalon Femme \u2013313002\u2013 VOG - Vog Tunisie\",\"isPartOf\":{\"@id\":\"https:\\\/\\\/vog.com.tn\\\/#website\"},\"primaryImageOfPage\":{\"@id\":\"https:\\\/\\\/vog.com.tn\\\/?product=pantalon-femme-313002-vog#primaryimage\"},\"image\":{\"@id\":\"https:\\\/\\\/vog.com.tn\\\/?product=pantalon-femme-313002-vog#primaryimage\"},\"thumbnailUrl\":\"https:\\\/\\\/vog.com.tn\\\/wp-content\\\/uploads\\\/2025\\\/12\\\/313002-noir-vog-2.jpg\",\"datePublished\":\"2025-12-03T14:28:51+00:00\",\"dateModified\":\"2026-04-09T10:12:20+00:00\",\"breadcrumb\":{\"@id\":\"https:\\\/\\\/vog.com.tn\\\/?product=pantalon-femme-313002-vog#breadcrumb\"},\"inLanguage\":\"fr-FR\",\"potentialAction\":[{\"@type\":\"ReadAction\",\"target\":[\"https:\\\/\\\/vog.com.tn\\\/?product=pantalon-femme-313002-vog\"]}]},{\"@type\":\"ImageObject\",\"inLanguage\":\"fr-FR\",\"@id\":\"https:\\\/\\\/vog.com.tn\\\/?product=pantalon-femme-313002-vog#primaryimage\",\"url\":\"https:\\\/\\\/vog.com.tn\\\/wp-content\\\/uploads\\\/2025\\\/12\\\/313002-noir-vog-2.jpg\",\"contentUrl\":\"https:\\\/\\\/vog.com.tn\\\/wp-content\\\/uploads\\\/2025\\\/12\\\/313002-noir-vog-2.jpg\",\"width\":572,\"height\":800},{\"@type\":\"BreadcrumbList\",\"@id\":\"https:\\\/\\\/vog.com.tn\\\/?product=pantalon-femme-313002-vog#breadcrumb\",\"itemListElement\":[{\"@type\":\"ListItem\",\"position\":1,\"name\":\"Home\",\"item\":\"https:\\\/\\\/vog.com.tn\\\/\"},{\"@type\":\"ListItem\",\"position\":2,\"name\":\"Produits\",\"item\":\"https:\\\/\\\/vog.com.tn\\\/?page_id=8\"},{\"@type\":\"ListItem\",\"position\":3,\"name\":\"Pantalon Femme \u2013313002\u2013 VOG\"}]},{\"@type\":\"WebSite\",\"@id\":\"https:\\\/\\\/vog.com.tn\\\/#website\",\"url\":\"https:\\\/\\\/vog.com.tn\\\/\",\"name\":\"Vog Tunisie\",\"description\":\"Pr\u00eat-\u00e0-porter\",\"potentialAction\":[{\"@type\":\"SearchAction\",\"target\":{\"@type\":\"EntryPoint\",\"urlTemplate\":\"https:\\\/\\\/vog.com.tn\\\/?s={search_term_string}\"},\"query-input\":{\"@type\":\"PropertyValueSpecification\",\"valueRequired\":true,\"valueName\":\"search_term_string\"}}],\"inLanguage\":\"fr-FR\"}]}<\/script>\n<!-- \/ Yoast SEO plugin. -->","yoast_head_json":{"title":"Pantalon Femme \u2013313002\u2013 VOG - Vog Tunisie","robots":{"index":"index","follow":"follow","max-snippet":"max-snippet:-1","max-image-preview":"max-image-preview:large","max-video-preview":"max-video-preview:-1"},"canonical":"https:\/\/vog.com.tn\/?product=pantalon-femme-313002-vog","og_locale":"fr_FR","og_type":"article","og_title":"Pantalon Femme \u2013313002\u2013 VOG - Vog Tunisie","og_description":"Vente en ligne Pantalon large pour femme     Coupe : Large et fluide (Palazzo). La jambe est ample, droite, et \u00e9vas\u00e9e, offrant un tomb\u00e9 parfait.    D\u00e9tails : Le pantalon est \u00e9quip\u00e9 de poches lat\u00e9rales discr\u00e8tes et est livr\u00e9 avec une ceinture \u00e0 boucle d\u00e9corative en forme de c\u0153ur.    Ceinture : Taille haute pour un ajustement confortable et un maintien \u00e9l\u00e9gant, soulignant la taille.    Style : Chic, lumineux et polyvalent, id\u00e9al pour les tenues de bureau, les looks de jour sophistiqu\u00e9s ou les occasions sp\u00e9ciales.   Tissu :\u00a0Confortable, extensible et l\u00e9g\u00e8rement structur\u00e9.  \ud83d\ude9a Livraison \u00e0 domicile : 8 TND\u23f1\ufe0f D\u00e9lai de livraison : 2 \u00e0 3 jours\ud83d\udd01 \u00c9change possible \u2013 vous ne payez que les frais de livraison pour le second colis (d\u00e9lai : 1 jour)","og_url":"https:\/\/vog.com.tn\/?product=pantalon-femme-313002-vog","og_site_name":"Vog Tunisie","article_modified_time":"2026-04-09T10:12:20+00:00","og_image":[{"width":572,"height":800,"url":"https:\/\/vog.com.tn\/wp-content\/uploads\/2025\/12\/313002-noir-vog-2.jpg","type":"image\/jpeg"}],"twitter_card":"summary_large_image","schema":{"@context":"https:\/\/schema.org","@graph":[{"@type":"WebPage","@id":"https:\/\/vog.com.tn\/?product=pantalon-femme-313002-vog","url":"https:\/\/vog.com.tn\/?product=pantalon-femme-313002-vog","name":"Pantalon Femme \u2013313002\u2013 VOG - Vog Tunisie","isPartOf":{"@id":"https:\/\/vog.com.tn\/#website"},"primaryImageOfPage":{"@id":"https:\/\/vog.com.tn\/?product=pantalon-femme-313002-vog#primaryimage"},"image":{"@id":"https:\/\/vog.com.tn\/?product=pantalon-femme-313002-vog#primaryimage"},"thumbnailUrl":"https:\/\/vog.com.tn\/wp-content\/uploads\/2025\/12\/313002-noir-vog-2.jpg","datePublished":"2025-12-03T14:28:51+00:00","dateModified":"2026-04-09T10:12:20+00:00","breadcrumb":{"@id":"https:\/\/vog.com.tn\/?product=pantalon-femme-313002-vog#breadcrumb"},"inLanguage":"fr-FR","potentialAction":[{"@type":"ReadAction","target":["https:\/\/vog.com.tn\/?product=pantalon-femme-313002-vog"]}]},{"@type":"ImageObject","inLanguage":"fr-FR","@id":"https:\/\/vog.com.tn\/?product=pantalon-femme-313002-vog#primaryimage","url":"https:\/\/vog.com.tn\/wp-content\/uploads\/2025\/12\/313002-noir-vog-2.jpg","contentUrl":"https:\/\/vog.com.tn\/wp-content\/uploads\/2025\/12\/313002-noir-vog-2.jpg","width":572,"height":800},{"@type":"BreadcrumbList","@id":"https:\/\/vog.com.tn\/?product=pantalon-femme-313002-vog#breadcrumb","itemListElement":[{"@type":"ListItem","position":1,"name":"Home","item":"https:\/\/vog.com.tn\/"},{"@type":"ListItem","position":2,"name":"Produits","item":"https:\/\/vog.com.tn\/?page_id=8"},{"@type":"ListItem","position":3,"name":"Pantalon Femme \u2013313002\u2013 VOG"}]},{"@type":"WebSite","@id":"https:\/\/vog.com.tn\/#website","url":"https:\/\/vog.com.tn\/","name":"Vog Tunisie","description":"Pr\u00eat-\u00e0-porter","potentialAction":[{"@type":"SearchAction","target":{"@type":"EntryPoint","urlTemplate":"https:\/\/vog.com.tn\/?s={search_term_string}"},"query-input":{"@type":"PropertyValueSpecification","valueRequired":true,"valueName":"search_term_string"}}],"inLanguage":"fr-FR"}]}},"_links":{"self":[{"href":"https:\/\/vog.com.tn\/index.php?rest_route=\/wp\/v2\/product\/105689","targetHints":{"allow":["GET"]}}],"collection":[{"href":"https:\/\/vog.com.tn\/index.php?rest_route=\/wp\/v2\/product"}],"about":[{"href":"https:\/\/vog.com.tn\/index.php?rest_route=\/wp\/v2\/types\/product"}],"wp:featuredmedia":[{"embeddable":true,"href":"https:\/\/vog.com.tn\/index.php?rest_route=\/wp\/v2\/media\/105708"}],"wp:attachment":[{"href":"https:\/\/vog.com.tn\/index.php?rest_route=%2Fwp%2Fv2%2Fmedia&parent=105689"}],"wp:term":[{"taxonomy":"product_brand","embeddable":true,"href":"https:\/\/vog.com.tn\/index.php?rest_route=%2Fwp%2Fv2%2Fproduct_brand&post=105689"},{"taxonomy":"product_cat","embeddable":true,"href":"https:\/\/vog.com.tn\/index.php?rest_route=%2Fwp%2Fv2%2Fproduct_cat&post=105689"},{"taxonomy":"product_tag","embeddable":true,"href":"https:\/\/vog.com.tn\/index.php?rest_route=%2Fwp%2Fv2%2Fproduct_tag&post=105689"}],"curies":[{"name":"wp","href":"https:\/\/api.w.org\/{rel}","templated":true}]}}