{"id":105747,"date":"2025-12-05T10:55:19","date_gmt":"2025-12-05T09:55:19","guid":{"rendered":"https:\/\/vog.com.tn\/?post_type=product&#038;p=105747"},"modified":"2026-04-09T12:11:48","modified_gmt":"2026-04-09T10:11:48","slug":"robe-femme-311811-vog","status":"publish","type":"product","link":"https:\/\/vog.com.tn\/?product=robe-femme-311811-vog","title":{"rendered":"Robe Femme-311811-vog"},"content":{"rendered":"<p>VOG met en vente en ligne en Tunisie cette \u00e9l\u00e9gante robe longue noire en maille. Elle est dot\u00e9e d&rsquo;une coupe ajust\u00e9e qui \u00e9pouse et allonge la silhouette. La maille fine assure un confort quotidien et une chaleur agr\u00e9able, tandis que les manches longues en font une pi\u00e8ce id\u00e9ale pour la saison froide. Son design minimaliste est rehauss\u00e9 par les fines bordures blanches au col et aux poignets, lui conf\u00e9rant un chic intemporel. Elle se porte facilement avec des escarpins pour un look professionnel ou des bottes pour un style plus d\u00e9contract\u00e9.<\/p>\n","protected":false},"excerpt":{"rendered":"<p>Vente en ligne robe pour femme<\/p>\n<ul>\n<li>\n<p data-path-to-node=\"4,0,0\"><b>Coupe :<\/b> Ajust\u00e9e (bodycon) sur le buste et la taille, tombant droite jusqu&rsquo;\u00e0 mi-mollet (coupe midi\/longue).<\/p>\n<\/li>\n<li>\n<p data-path-to-node=\"4,1,0\"><b>D\u00e9tails :<\/b> Robe en maille fine avec un col rond. Le col et le bord des manches longues sont soulign\u00e9s par une fine bordure contrastante de couleur blanche, ajoutant une touche graphique et \u00e9l\u00e9gante.<\/p>\n<\/li>\n<li>\n<p data-path-to-node=\"4,2,0\"><b>Longueur :<\/b> Mi-mollet (Midi\/Longue).<\/p>\n<\/li>\n<li>\n<p data-path-to-node=\"4,3,0\"><b>Style :<\/b> \u00c9l\u00e9gant, minimaliste et confortable. Parfait pour un look d&rsquo;hiver, il se porte aussi bien au bureau qu&rsquo;en soir\u00e9e.<\/p>\n<\/li>\n<li>\n<p data-path-to-node=\"4,4,0\"><b>Tissu :<\/b> Maille tricot\u00e9e fine, offrant chaleur et extensibilit\u00e9 pour un confort optimal.<\/p>\n<\/li>\n<\/ul>\n<p>\ud83d\ude9a <strong data-start=\"490\" data-end=\"522\">Livraison \u00e0 domicile : 8 TND<\/strong><br data-start=\"522\" data-end=\"525\" \/>\u23f1\ufe0f <strong data-start=\"528\" data-end=\"564\">D\u00e9lai de livraison : 2 \u00e0 3 jours<\/strong><br data-start=\"564\" data-end=\"567\" \/>\ud83d\udd01 <strong data-start=\"570\" data-end=\"590\">\u00c9change possible<\/strong> \u2013 vous ne payez que les frais de livraison pour le second colis (d\u00e9lai : 1 jour)<\/p>\n","protected":false},"featured_media":105752,"template":"","meta":[],"product_brand":[],"product_cat":[137,360,281,44,71],"product_tag":[],"class_list":{"0":"post-105747","1":"product","2":"type-product","3":"status-publish","4":"has-post-thumbnail","6":"product_cat-mode-femme","7":"product_cat-nouvelle-collection","8":"product_cat-robe-robe-dhiver","9":"product_cat-robes-femme","10":"product_cat-vetements-femme","11":"pa_couleurs-beige","12":"pa_couleurs-bordeaux","13":"pa_couleurs-noir","14":"pa_taille-m-l","15":"pa_taille-s-m","18":"first","19":"instock","20":"taxable","21":"shipping-taxable","22":"purchasable","23":"product-type-variable"},"yoast_head":"<!-- This site is optimized with the Yoast SEO plugin v27.5 - https:\/\/yoast.com\/product\/yoast-seo-wordpress\/ -->\n<title>Robe Femme-311811-vog - Vog Tunisie<\/title>\n<meta name=\"robots\" content=\"index, follow, max-snippet:-1, max-image-preview:large, max-video-preview:-1\" \/>\n<link rel=\"canonical\" href=\"https:\/\/vog.com.tn\/?product=robe-femme-311811-vog\" \/>\n<meta property=\"og:locale\" content=\"fr_FR\" \/>\n<meta property=\"og:type\" content=\"article\" \/>\n<meta property=\"og:title\" content=\"Robe Femme-311811-vog - Vog Tunisie\" \/>\n<meta property=\"og:description\" content=\"Vente en ligne robe pour femme    Coupe : Ajust\u00e9e (bodycon) sur le buste et la taille, tombant droite jusqu&#039;\u00e0 mi-mollet (coupe midi\/longue).    D\u00e9tails : Robe en maille fine avec un col rond. Le col et le bord des manches longues sont soulign\u00e9s par une fine bordure contrastante de couleur blanche, ajoutant une touche graphique et \u00e9l\u00e9gante.    Longueur : Mi-mollet (Midi\/Longue).    Style : \u00c9l\u00e9gant, minimaliste et confortable. Parfait pour un look d&#039;hiver, il se porte aussi bien au bureau qu&#039;en soir\u00e9e.    Tissu : Maille tricot\u00e9e fine, offrant chaleur et extensibilit\u00e9 pour un confort optimal.   \ud83d\ude9a Livraison \u00e0 domicile : 8 TND\u23f1\ufe0f D\u00e9lai de livraison : 2 \u00e0 3 jours\ud83d\udd01 \u00c9change possible \u2013 vous ne payez que les frais de livraison pour le second colis (d\u00e9lai : 1 jour)\" \/>\n<meta property=\"og:url\" content=\"https:\/\/vog.com.tn\/?product=robe-femme-311811-vog\" \/>\n<meta property=\"og:site_name\" content=\"Vog Tunisie\" \/>\n<meta property=\"article:modified_time\" content=\"2026-04-09T10:11:48+00:00\" \/>\n<meta property=\"og:image\" content=\"https:\/\/vog.com.tn\/wp-content\/uploads\/2025\/12\/311811-noir-vog-2.jpg\" \/>\n\t<meta property=\"og:image:width\" content=\"572\" \/>\n\t<meta property=\"og:image:height\" content=\"800\" \/>\n\t<meta property=\"og:image:type\" content=\"image\/jpeg\" \/>\n<meta name=\"twitter:card\" content=\"summary_large_image\" \/>\n<meta name=\"twitter:label1\" content=\"Dur\u00e9e de lecture estim\u00e9e\" \/>\n\t<meta name=\"twitter:data1\" content=\"1 minute\" \/>\n<script type=\"application\/ld+json\" class=\"yoast-schema-graph\">{\"@context\":\"https:\\\/\\\/schema.org\",\"@graph\":[{\"@type\":\"WebPage\",\"@id\":\"https:\\\/\\\/vog.com.tn\\\/?product=robe-femme-311811-vog\",\"url\":\"https:\\\/\\\/vog.com.tn\\\/?product=robe-femme-311811-vog\",\"name\":\"Robe Femme-311811-vog - Vog Tunisie\",\"isPartOf\":{\"@id\":\"https:\\\/\\\/vog.com.tn\\\/#website\"},\"primaryImageOfPage\":{\"@id\":\"https:\\\/\\\/vog.com.tn\\\/?product=robe-femme-311811-vog#primaryimage\"},\"image\":{\"@id\":\"https:\\\/\\\/vog.com.tn\\\/?product=robe-femme-311811-vog#primaryimage\"},\"thumbnailUrl\":\"https:\\\/\\\/vog.com.tn\\\/wp-content\\\/uploads\\\/2025\\\/12\\\/311811-noir-vog-2.jpg\",\"datePublished\":\"2025-12-05T09:55:19+00:00\",\"dateModified\":\"2026-04-09T10:11:48+00:00\",\"breadcrumb\":{\"@id\":\"https:\\\/\\\/vog.com.tn\\\/?product=robe-femme-311811-vog#breadcrumb\"},\"inLanguage\":\"fr-FR\",\"potentialAction\":[{\"@type\":\"ReadAction\",\"target\":[\"https:\\\/\\\/vog.com.tn\\\/?product=robe-femme-311811-vog\"]}]},{\"@type\":\"ImageObject\",\"inLanguage\":\"fr-FR\",\"@id\":\"https:\\\/\\\/vog.com.tn\\\/?product=robe-femme-311811-vog#primaryimage\",\"url\":\"https:\\\/\\\/vog.com.tn\\\/wp-content\\\/uploads\\\/2025\\\/12\\\/311811-noir-vog-2.jpg\",\"contentUrl\":\"https:\\\/\\\/vog.com.tn\\\/wp-content\\\/uploads\\\/2025\\\/12\\\/311811-noir-vog-2.jpg\",\"width\":572,\"height\":800},{\"@type\":\"BreadcrumbList\",\"@id\":\"https:\\\/\\\/vog.com.tn\\\/?product=robe-femme-311811-vog#breadcrumb\",\"itemListElement\":[{\"@type\":\"ListItem\",\"position\":1,\"name\":\"Home\",\"item\":\"https:\\\/\\\/vog.com.tn\\\/\"},{\"@type\":\"ListItem\",\"position\":2,\"name\":\"Produits\",\"item\":\"https:\\\/\\\/vog.com.tn\\\/?page_id=8\"},{\"@type\":\"ListItem\",\"position\":3,\"name\":\"Robe Femme-311811-vog\"}]},{\"@type\":\"WebSite\",\"@id\":\"https:\\\/\\\/vog.com.tn\\\/#website\",\"url\":\"https:\\\/\\\/vog.com.tn\\\/\",\"name\":\"Vog Tunisie\",\"description\":\"Pr\u00eat-\u00e0-porter\",\"potentialAction\":[{\"@type\":\"SearchAction\",\"target\":{\"@type\":\"EntryPoint\",\"urlTemplate\":\"https:\\\/\\\/vog.com.tn\\\/?s={search_term_string}\"},\"query-input\":{\"@type\":\"PropertyValueSpecification\",\"valueRequired\":true,\"valueName\":\"search_term_string\"}}],\"inLanguage\":\"fr-FR\"}]}<\/script>\n<!-- \/ Yoast SEO plugin. -->","yoast_head_json":{"title":"Robe Femme-311811-vog - Vog Tunisie","robots":{"index":"index","follow":"follow","max-snippet":"max-snippet:-1","max-image-preview":"max-image-preview:large","max-video-preview":"max-video-preview:-1"},"canonical":"https:\/\/vog.com.tn\/?product=robe-femme-311811-vog","og_locale":"fr_FR","og_type":"article","og_title":"Robe Femme-311811-vog - Vog Tunisie","og_description":"Vente en ligne robe pour femme    Coupe : Ajust\u00e9e (bodycon) sur le buste et la taille, tombant droite jusqu'\u00e0 mi-mollet (coupe midi\/longue).    D\u00e9tails : Robe en maille fine avec un col rond. Le col et le bord des manches longues sont soulign\u00e9s par une fine bordure contrastante de couleur blanche, ajoutant une touche graphique et \u00e9l\u00e9gante.    Longueur : Mi-mollet (Midi\/Longue).    Style : \u00c9l\u00e9gant, minimaliste et confortable. Parfait pour un look d'hiver, il se porte aussi bien au bureau qu'en soir\u00e9e.    Tissu : Maille tricot\u00e9e fine, offrant chaleur et extensibilit\u00e9 pour un confort optimal.   \ud83d\ude9a Livraison \u00e0 domicile : 8 TND\u23f1\ufe0f D\u00e9lai de livraison : 2 \u00e0 3 jours\ud83d\udd01 \u00c9change possible \u2013 vous ne payez que les frais de livraison pour le second colis (d\u00e9lai : 1 jour)","og_url":"https:\/\/vog.com.tn\/?product=robe-femme-311811-vog","og_site_name":"Vog Tunisie","article_modified_time":"2026-04-09T10:11:48+00:00","og_image":[{"width":572,"height":800,"url":"https:\/\/vog.com.tn\/wp-content\/uploads\/2025\/12\/311811-noir-vog-2.jpg","type":"image\/jpeg"}],"twitter_card":"summary_large_image","twitter_misc":{"Dur\u00e9e de lecture estim\u00e9e":"1 minute"},"schema":{"@context":"https:\/\/schema.org","@graph":[{"@type":"WebPage","@id":"https:\/\/vog.com.tn\/?product=robe-femme-311811-vog","url":"https:\/\/vog.com.tn\/?product=robe-femme-311811-vog","name":"Robe Femme-311811-vog - Vog Tunisie","isPartOf":{"@id":"https:\/\/vog.com.tn\/#website"},"primaryImageOfPage":{"@id":"https:\/\/vog.com.tn\/?product=robe-femme-311811-vog#primaryimage"},"image":{"@id":"https:\/\/vog.com.tn\/?product=robe-femme-311811-vog#primaryimage"},"thumbnailUrl":"https:\/\/vog.com.tn\/wp-content\/uploads\/2025\/12\/311811-noir-vog-2.jpg","datePublished":"2025-12-05T09:55:19+00:00","dateModified":"2026-04-09T10:11:48+00:00","breadcrumb":{"@id":"https:\/\/vog.com.tn\/?product=robe-femme-311811-vog#breadcrumb"},"inLanguage":"fr-FR","potentialAction":[{"@type":"ReadAction","target":["https:\/\/vog.com.tn\/?product=robe-femme-311811-vog"]}]},{"@type":"ImageObject","inLanguage":"fr-FR","@id":"https:\/\/vog.com.tn\/?product=robe-femme-311811-vog#primaryimage","url":"https:\/\/vog.com.tn\/wp-content\/uploads\/2025\/12\/311811-noir-vog-2.jpg","contentUrl":"https:\/\/vog.com.tn\/wp-content\/uploads\/2025\/12\/311811-noir-vog-2.jpg","width":572,"height":800},{"@type":"BreadcrumbList","@id":"https:\/\/vog.com.tn\/?product=robe-femme-311811-vog#breadcrumb","itemListElement":[{"@type":"ListItem","position":1,"name":"Home","item":"https:\/\/vog.com.tn\/"},{"@type":"ListItem","position":2,"name":"Produits","item":"https:\/\/vog.com.tn\/?page_id=8"},{"@type":"ListItem","position":3,"name":"Robe Femme-311811-vog"}]},{"@type":"WebSite","@id":"https:\/\/vog.com.tn\/#website","url":"https:\/\/vog.com.tn\/","name":"Vog Tunisie","description":"Pr\u00eat-\u00e0-porter","potentialAction":[{"@type":"SearchAction","target":{"@type":"EntryPoint","urlTemplate":"https:\/\/vog.com.tn\/?s={search_term_string}"},"query-input":{"@type":"PropertyValueSpecification","valueRequired":true,"valueName":"search_term_string"}}],"inLanguage":"fr-FR"}]}},"_links":{"self":[{"href":"https:\/\/vog.com.tn\/index.php?rest_route=\/wp\/v2\/product\/105747","targetHints":{"allow":["GET"]}}],"collection":[{"href":"https:\/\/vog.com.tn\/index.php?rest_route=\/wp\/v2\/product"}],"about":[{"href":"https:\/\/vog.com.tn\/index.php?rest_route=\/wp\/v2\/types\/product"}],"wp:featuredmedia":[{"embeddable":true,"href":"https:\/\/vog.com.tn\/index.php?rest_route=\/wp\/v2\/media\/105752"}],"wp:attachment":[{"href":"https:\/\/vog.com.tn\/index.php?rest_route=%2Fwp%2Fv2%2Fmedia&parent=105747"}],"wp:term":[{"taxonomy":"product_brand","embeddable":true,"href":"https:\/\/vog.com.tn\/index.php?rest_route=%2Fwp%2Fv2%2Fproduct_brand&post=105747"},{"taxonomy":"product_cat","embeddable":true,"href":"https:\/\/vog.com.tn\/index.php?rest_route=%2Fwp%2Fv2%2Fproduct_cat&post=105747"},{"taxonomy":"product_tag","embeddable":true,"href":"https:\/\/vog.com.tn\/index.php?rest_route=%2Fwp%2Fv2%2Fproduct_tag&post=105747"}],"curies":[{"name":"wp","href":"https:\/\/api.w.org\/{rel}","templated":true}]}}