{"id":105795,"date":"2025-12-05T12:39:23","date_gmt":"2025-12-05T11:39:23","guid":{"rendered":"https:\/\/vog.com.tn\/?post_type=product&#038;p=105795"},"modified":"2026-05-04T12:11:31","modified_gmt":"2026-05-04T10:11:31","slug":"ensemble-femme-311788-vog","status":"publish","type":"product","link":"https:\/\/vog.com.tn\/?product=ensemble-femme-311788-vog","title":{"rendered":"Ensemble Femme \u2013311788\u2013 VOG"},"content":{"rendered":"<p>VOG met en vente en ligne Ensemble femme en Tunisie. Des ensembles pour femme chics et tendances pour accueillir la nouvelle saison d\u2019hiver\u00a0 ! Notre s\u00e9lection comprend des ensembles \u00e9l\u00e9gants et versatiles que vous pourrez porter au bureau, mais aussi le week-end.<\/p>\n","protected":false},"excerpt":{"rendered":"<p class=\"vente-lgn-dsc\">Vente en ligne ensemble pour femme.<\/p>\n<ul>\n<li>\n<p data-path-to-node=\"4,0,0\"><b>Coupe :<\/b> Ensemble coordonn\u00e9 (twin-set). Le haut est un pull \u00e0 col roul\u00e9 ajust\u00e9. Le bas est une jupe longue (midi\/maxi) avec une coupe \u00e9vas\u00e9e.<\/p>\n<\/li>\n<li>\n<p data-path-to-node=\"4,1,0\"><b>D\u00e9tails :<\/b> Le tissu est une maille c\u00f4tel\u00e9e avec un fil scintillant\/brillant (effet Lurex) int\u00e9gr\u00e9, id\u00e9al pour les f\u00eates ou les soir\u00e9es. Le pull est ajust\u00e9 et la jupe est pliss\u00e9e.<\/p>\n<\/li>\n<li>\n<p data-path-to-node=\"4,2,0\"><b>Style :<\/b> \u00c9l\u00e9gant, festif et sophistiqu\u00e9. L&rsquo;ensemble cr\u00e9e un look complet et harmonieux.<\/p>\n<\/li>\n<li>\n<p data-path-to-node=\"4,3,0\"><b>Tissu :<\/b> Maille fine et extensible, c\u00f4tel\u00e9e, int\u00e9grant un fil brillant pour l&rsquo;\u00e9clat et le confort.<\/p>\n<\/li>\n<\/ul>\n<p data-path-to-node=\"10,0,0\"><b>\ud83d\ude9a Livraison \u00e0 domicile :<\/b> 8 TND<\/p>\n<p data-path-to-node=\"10,1,0\"><b>\u23f1\ufe0f D\u00e9lai de livraison :<\/b> 2 \u00e0 3 jours ouvrables<\/p>\n<p data-path-to-node=\"10,2,0\"><b>\ud83d\udd01 \u00c9change possible :<\/b> Vous ne payez que les frais de livraison pour le second colis (d\u00e9lai : Maximum 1 jour).<\/p>\n<p>&nbsp;<\/p>\n","protected":false},"featured_media":105798,"template":"","meta":[],"product_brand":[],"product_cat":[251,239,137,360,71],"product_tag":[],"class_list":{"0":"post-105795","1":"product","2":"type-product","3":"status-publish","4":"has-post-thumbnail","6":"product_cat-ensemble-jupe","7":"product_cat-ensembles","8":"product_cat-mode-femme","9":"product_cat-nouvelle-collection","10":"product_cat-vetements-femme","11":"pa_couleurs-bordeaux","12":"pa_couleurs-gris","13":"pa_couleurs-noir","14":"pa_couleurs-taupe","15":"pa_taille-tu","18":"first","19":"instock","20":"taxable","21":"shipping-taxable","22":"purchasable","23":"product-type-variable"},"yoast_head":"<!-- This site is optimized with the Yoast SEO plugin v27.5 - https:\/\/yoast.com\/product\/yoast-seo-wordpress\/ -->\n<title>Ensemble Femme \u2013311788\u2013 VOG - Vog Tunisie<\/title>\n<meta name=\"robots\" content=\"index, follow, max-snippet:-1, max-image-preview:large, max-video-preview:-1\" \/>\n<link rel=\"canonical\" href=\"https:\/\/vog.com.tn\/?product=ensemble-femme-311788-vog\" \/>\n<meta property=\"og:locale\" content=\"fr_FR\" \/>\n<meta property=\"og:type\" content=\"article\" \/>\n<meta property=\"og:title\" content=\"Ensemble Femme \u2013311788\u2013 VOG - Vog Tunisie\" \/>\n<meta property=\"og:description\" content=\"Vente en ligne ensemble pour femme.     Coupe : Ensemble coordonn\u00e9 (twin-set). Le haut est un pull \u00e0 col roul\u00e9 ajust\u00e9. Le bas est une jupe longue (midi\/maxi) avec une coupe \u00e9vas\u00e9e.    D\u00e9tails : Le tissu est une maille c\u00f4tel\u00e9e avec un fil scintillant\/brillant (effet Lurex) int\u00e9gr\u00e9, id\u00e9al pour les f\u00eates ou les soir\u00e9es. Le pull est ajust\u00e9 et la jupe est pliss\u00e9e.    Style : \u00c9l\u00e9gant, festif et sophistiqu\u00e9. L&#039;ensemble cr\u00e9e un look complet et harmonieux.    Tissu : Maille fine et extensible, c\u00f4tel\u00e9e, int\u00e9grant un fil brillant pour l&#039;\u00e9clat et le confort.   \ud83d\ude9a Livraison \u00e0 domicile : 8 TND \u23f1\ufe0f D\u00e9lai de livraison : 2 \u00e0 3 jours ouvrables \ud83d\udd01 \u00c9change possible : Vous ne payez que les frais de livraison pour le second colis (d\u00e9lai : Maximum 1 jour). &nbsp;\" \/>\n<meta property=\"og:url\" content=\"https:\/\/vog.com.tn\/?product=ensemble-femme-311788-vog\" \/>\n<meta property=\"og:site_name\" content=\"Vog Tunisie\" \/>\n<meta property=\"article:modified_time\" content=\"2026-05-04T10:11:31+00:00\" \/>\n<meta property=\"og:image\" content=\"https:\/\/vog.com.tn\/wp-content\/uploads\/2025\/12\/311788-bordeaux-vog-2.jpg\" \/>\n\t<meta property=\"og:image:width\" content=\"572\" \/>\n\t<meta property=\"og:image:height\" content=\"800\" \/>\n\t<meta property=\"og:image:type\" content=\"image\/jpeg\" \/>\n<meta name=\"twitter:card\" content=\"summary_large_image\" \/>\n<script type=\"application\/ld+json\" class=\"yoast-schema-graph\">{\"@context\":\"https:\\\/\\\/schema.org\",\"@graph\":[{\"@type\":\"WebPage\",\"@id\":\"https:\\\/\\\/vog.com.tn\\\/?product=ensemble-femme-311788-vog\",\"url\":\"https:\\\/\\\/vog.com.tn\\\/?product=ensemble-femme-311788-vog\",\"name\":\"Ensemble Femme \u2013311788\u2013 VOG - Vog Tunisie\",\"isPartOf\":{\"@id\":\"https:\\\/\\\/vog.com.tn\\\/#website\"},\"primaryImageOfPage\":{\"@id\":\"https:\\\/\\\/vog.com.tn\\\/?product=ensemble-femme-311788-vog#primaryimage\"},\"image\":{\"@id\":\"https:\\\/\\\/vog.com.tn\\\/?product=ensemble-femme-311788-vog#primaryimage\"},\"thumbnailUrl\":\"https:\\\/\\\/vog.com.tn\\\/wp-content\\\/uploads\\\/2025\\\/12\\\/311788-bordeaux-vog-2.jpg\",\"datePublished\":\"2025-12-05T11:39:23+00:00\",\"dateModified\":\"2026-05-04T10:11:31+00:00\",\"breadcrumb\":{\"@id\":\"https:\\\/\\\/vog.com.tn\\\/?product=ensemble-femme-311788-vog#breadcrumb\"},\"inLanguage\":\"fr-FR\",\"potentialAction\":[{\"@type\":\"ReadAction\",\"target\":[\"https:\\\/\\\/vog.com.tn\\\/?product=ensemble-femme-311788-vog\"]}]},{\"@type\":\"ImageObject\",\"inLanguage\":\"fr-FR\",\"@id\":\"https:\\\/\\\/vog.com.tn\\\/?product=ensemble-femme-311788-vog#primaryimage\",\"url\":\"https:\\\/\\\/vog.com.tn\\\/wp-content\\\/uploads\\\/2025\\\/12\\\/311788-bordeaux-vog-2.jpg\",\"contentUrl\":\"https:\\\/\\\/vog.com.tn\\\/wp-content\\\/uploads\\\/2025\\\/12\\\/311788-bordeaux-vog-2.jpg\",\"width\":572,\"height\":800},{\"@type\":\"BreadcrumbList\",\"@id\":\"https:\\\/\\\/vog.com.tn\\\/?product=ensemble-femme-311788-vog#breadcrumb\",\"itemListElement\":[{\"@type\":\"ListItem\",\"position\":1,\"name\":\"Home\",\"item\":\"https:\\\/\\\/vog.com.tn\\\/\"},{\"@type\":\"ListItem\",\"position\":2,\"name\":\"Produits\",\"item\":\"https:\\\/\\\/vog.com.tn\\\/?page_id=8\"},{\"@type\":\"ListItem\",\"position\":3,\"name\":\"Ensemble Femme \u2013311788\u2013 VOG\"}]},{\"@type\":\"WebSite\",\"@id\":\"https:\\\/\\\/vog.com.tn\\\/#website\",\"url\":\"https:\\\/\\\/vog.com.tn\\\/\",\"name\":\"Vog Tunisie\",\"description\":\"Pr\u00eat-\u00e0-porter\",\"potentialAction\":[{\"@type\":\"SearchAction\",\"target\":{\"@type\":\"EntryPoint\",\"urlTemplate\":\"https:\\\/\\\/vog.com.tn\\\/?s={search_term_string}\"},\"query-input\":{\"@type\":\"PropertyValueSpecification\",\"valueRequired\":true,\"valueName\":\"search_term_string\"}}],\"inLanguage\":\"fr-FR\"}]}<\/script>\n<!-- \/ Yoast SEO plugin. -->","yoast_head_json":{"title":"Ensemble Femme \u2013311788\u2013 VOG - Vog Tunisie","robots":{"index":"index","follow":"follow","max-snippet":"max-snippet:-1","max-image-preview":"max-image-preview:large","max-video-preview":"max-video-preview:-1"},"canonical":"https:\/\/vog.com.tn\/?product=ensemble-femme-311788-vog","og_locale":"fr_FR","og_type":"article","og_title":"Ensemble Femme \u2013311788\u2013 VOG - Vog Tunisie","og_description":"Vente en ligne ensemble pour femme.     Coupe : Ensemble coordonn\u00e9 (twin-set). Le haut est un pull \u00e0 col roul\u00e9 ajust\u00e9. Le bas est une jupe longue (midi\/maxi) avec une coupe \u00e9vas\u00e9e.    D\u00e9tails : Le tissu est une maille c\u00f4tel\u00e9e avec un fil scintillant\/brillant (effet Lurex) int\u00e9gr\u00e9, id\u00e9al pour les f\u00eates ou les soir\u00e9es. Le pull est ajust\u00e9 et la jupe est pliss\u00e9e.    Style : \u00c9l\u00e9gant, festif et sophistiqu\u00e9. L'ensemble cr\u00e9e un look complet et harmonieux.    Tissu : Maille fine et extensible, c\u00f4tel\u00e9e, int\u00e9grant un fil brillant pour l'\u00e9clat et le confort.   \ud83d\ude9a Livraison \u00e0 domicile : 8 TND \u23f1\ufe0f D\u00e9lai de livraison : 2 \u00e0 3 jours ouvrables \ud83d\udd01 \u00c9change possible : Vous ne payez que les frais de livraison pour le second colis (d\u00e9lai : Maximum 1 jour). &nbsp;","og_url":"https:\/\/vog.com.tn\/?product=ensemble-femme-311788-vog","og_site_name":"Vog Tunisie","article_modified_time":"2026-05-04T10:11:31+00:00","og_image":[{"width":572,"height":800,"url":"https:\/\/vog.com.tn\/wp-content\/uploads\/2025\/12\/311788-bordeaux-vog-2.jpg","type":"image\/jpeg"}],"twitter_card":"summary_large_image","schema":{"@context":"https:\/\/schema.org","@graph":[{"@type":"WebPage","@id":"https:\/\/vog.com.tn\/?product=ensemble-femme-311788-vog","url":"https:\/\/vog.com.tn\/?product=ensemble-femme-311788-vog","name":"Ensemble Femme \u2013311788\u2013 VOG - Vog Tunisie","isPartOf":{"@id":"https:\/\/vog.com.tn\/#website"},"primaryImageOfPage":{"@id":"https:\/\/vog.com.tn\/?product=ensemble-femme-311788-vog#primaryimage"},"image":{"@id":"https:\/\/vog.com.tn\/?product=ensemble-femme-311788-vog#primaryimage"},"thumbnailUrl":"https:\/\/vog.com.tn\/wp-content\/uploads\/2025\/12\/311788-bordeaux-vog-2.jpg","datePublished":"2025-12-05T11:39:23+00:00","dateModified":"2026-05-04T10:11:31+00:00","breadcrumb":{"@id":"https:\/\/vog.com.tn\/?product=ensemble-femme-311788-vog#breadcrumb"},"inLanguage":"fr-FR","potentialAction":[{"@type":"ReadAction","target":["https:\/\/vog.com.tn\/?product=ensemble-femme-311788-vog"]}]},{"@type":"ImageObject","inLanguage":"fr-FR","@id":"https:\/\/vog.com.tn\/?product=ensemble-femme-311788-vog#primaryimage","url":"https:\/\/vog.com.tn\/wp-content\/uploads\/2025\/12\/311788-bordeaux-vog-2.jpg","contentUrl":"https:\/\/vog.com.tn\/wp-content\/uploads\/2025\/12\/311788-bordeaux-vog-2.jpg","width":572,"height":800},{"@type":"BreadcrumbList","@id":"https:\/\/vog.com.tn\/?product=ensemble-femme-311788-vog#breadcrumb","itemListElement":[{"@type":"ListItem","position":1,"name":"Home","item":"https:\/\/vog.com.tn\/"},{"@type":"ListItem","position":2,"name":"Produits","item":"https:\/\/vog.com.tn\/?page_id=8"},{"@type":"ListItem","position":3,"name":"Ensemble Femme \u2013311788\u2013 VOG"}]},{"@type":"WebSite","@id":"https:\/\/vog.com.tn\/#website","url":"https:\/\/vog.com.tn\/","name":"Vog Tunisie","description":"Pr\u00eat-\u00e0-porter","potentialAction":[{"@type":"SearchAction","target":{"@type":"EntryPoint","urlTemplate":"https:\/\/vog.com.tn\/?s={search_term_string}"},"query-input":{"@type":"PropertyValueSpecification","valueRequired":true,"valueName":"search_term_string"}}],"inLanguage":"fr-FR"}]}},"_links":{"self":[{"href":"https:\/\/vog.com.tn\/index.php?rest_route=\/wp\/v2\/product\/105795","targetHints":{"allow":["GET"]}}],"collection":[{"href":"https:\/\/vog.com.tn\/index.php?rest_route=\/wp\/v2\/product"}],"about":[{"href":"https:\/\/vog.com.tn\/index.php?rest_route=\/wp\/v2\/types\/product"}],"wp:featuredmedia":[{"embeddable":true,"href":"https:\/\/vog.com.tn\/index.php?rest_route=\/wp\/v2\/media\/105798"}],"wp:attachment":[{"href":"https:\/\/vog.com.tn\/index.php?rest_route=%2Fwp%2Fv2%2Fmedia&parent=105795"}],"wp:term":[{"taxonomy":"product_brand","embeddable":true,"href":"https:\/\/vog.com.tn\/index.php?rest_route=%2Fwp%2Fv2%2Fproduct_brand&post=105795"},{"taxonomy":"product_cat","embeddable":true,"href":"https:\/\/vog.com.tn\/index.php?rest_route=%2Fwp%2Fv2%2Fproduct_cat&post=105795"},{"taxonomy":"product_tag","embeddable":true,"href":"https:\/\/vog.com.tn\/index.php?rest_route=%2Fwp%2Fv2%2Fproduct_tag&post=105795"}],"curies":[{"name":"wp","href":"https:\/\/api.w.org\/{rel}","templated":true}]}}