{"id":105826,"date":"2025-12-05T16:27:58","date_gmt":"2025-12-05T15:27:58","guid":{"rendered":"https:\/\/vog.com.tn\/?post_type=product&#038;p=105826"},"modified":"2026-03-19T11:12:02","modified_gmt":"2026-03-19T10:12:02","slug":"ensemble-femme-311930-vog","status":"publish","type":"product","link":"https:\/\/vog.com.tn\/?product=ensemble-femme-311930-vog","title":{"rendered":"Ensemble Femme \u2013311930\u2013 VOG"},"content":{"rendered":"<p>VOG met en vente en ligne Ensemble femme en Tunisie. Des ensembles pour femme chics et tendances pour accueillir la nouvelle saison d\u2019hiver\u00a0 ! Notre s\u00e9lection comprend des ensembles \u00e9l\u00e9gants et versatiles que vous pourrez porter au bureau, mais aussi le week-end.<\/p>\n","protected":false},"excerpt":{"rendered":"<p class=\"vente-lgn-dsc\">Vente en ligne ensemble pour femme.<\/p>\n<ul>\n<li>\n<p data-path-to-node=\"4,0,0\"><b>Coupe :<\/b> Ensemble coordonn\u00e9 (tailleur) compos\u00e9 d&rsquo;une veste et d&rsquo;une jupe. La veste est courte et cintr\u00e9e. La jupe est longue (maxi) et pr\u00e9sente des plis soleil fins.<\/p>\n<\/li>\n<li>\n<p data-path-to-node=\"4,1,0\"><b>D\u00e9tails :<\/b> La veste est sans col et se ferme avec de gros boutons dor\u00e9s d\u00e9coratifs. La jupe est opaque et le pliss\u00e9 est r\u00e9gulier, offrant un mouvement fluide.<\/p>\n<\/li>\n<li>\n<p data-path-to-node=\"4,2,0\"><b>Style :<\/b> \u00c9l\u00e9gant, habill\u00e9 et sophistiqu\u00e9. Cet ensemble est id\u00e9al pour des \u00e9v\u00e9nements, des c\u00e9r\u00e9monies, ou un look de bureau tr\u00e8s chic.<\/p>\n<\/li>\n<li>\n<p data-path-to-node=\"4,3,0\"><b>Tissu :<\/b> Tissu de bonne tenue, l\u00e9g\u00e8rement structur\u00e9, assurant que les plis de la jupe restent bien d\u00e9finis et que la veste garde sa forme.<\/p>\n<\/li>\n<\/ul>\n<p data-path-to-node=\"10,0,0\"><b>\ud83d\ude9a Livraison \u00e0 domicile :<\/b> 8 TND<\/p>\n<p data-path-to-node=\"10,1,0\"><b>\u23f1\ufe0f D\u00e9lai de livraison :<\/b> 2 \u00e0 3 jours ouvrables<\/p>\n<p data-path-to-node=\"10,2,0\"><b>\ud83d\udd01 \u00c9change possible :<\/b> Vous ne payez que les frais de livraison pour le second colis (d\u00e9lai : Maximum 1 jour).<\/p>\n<p>&nbsp;<\/p>\n","protected":false},"featured_media":105835,"template":"","meta":[],"product_brand":[],"product_cat":[251,239,442,137,360,71],"product_tag":[],"class_list":{"0":"post-105826","1":"product","2":"type-product","3":"status-publish","4":"has-post-thumbnail","6":"product_cat-ensemble-jupe","7":"product_cat-ensembles","8":"product_cat-ensembles-dhiver","9":"product_cat-mode-femme","10":"product_cat-nouvelle-collection","11":"product_cat-vetements-femme","12":"pa_couleurs-beige","13":"pa_couleurs-taupe","14":"pa_taille-l-xl","15":"pa_taille-m-l","16":"pa_taille-s-m","19":"first","20":"instock","21":"taxable","22":"shipping-taxable","23":"purchasable","24":"product-type-variable"},"yoast_head":"<!-- This site is optimized with the Yoast SEO plugin v27.5 - https:\/\/yoast.com\/product\/yoast-seo-wordpress\/ -->\n<title>Ensemble Femme \u2013311930\u2013 VOG - Vog Tunisie<\/title>\n<meta name=\"robots\" content=\"index, follow, max-snippet:-1, max-image-preview:large, max-video-preview:-1\" \/>\n<link rel=\"canonical\" href=\"https:\/\/vog.com.tn\/?product=ensemble-femme-311930-vog\" \/>\n<meta property=\"og:locale\" content=\"fr_FR\" \/>\n<meta property=\"og:type\" content=\"article\" \/>\n<meta property=\"og:title\" content=\"Ensemble Femme \u2013311930\u2013 VOG - Vog Tunisie\" \/>\n<meta property=\"og:description\" content=\"Vente en ligne ensemble pour femme.     Coupe : Ensemble coordonn\u00e9 (tailleur) compos\u00e9 d&#039;une veste et d&#039;une jupe. La veste est courte et cintr\u00e9e. La jupe est longue (maxi) et pr\u00e9sente des plis soleil fins.    D\u00e9tails : La veste est sans col et se ferme avec de gros boutons dor\u00e9s d\u00e9coratifs. La jupe est opaque et le pliss\u00e9 est r\u00e9gulier, offrant un mouvement fluide.    Style : \u00c9l\u00e9gant, habill\u00e9 et sophistiqu\u00e9. Cet ensemble est id\u00e9al pour des \u00e9v\u00e9nements, des c\u00e9r\u00e9monies, ou un look de bureau tr\u00e8s chic.    Tissu : Tissu de bonne tenue, l\u00e9g\u00e8rement structur\u00e9, assurant que les plis de la jupe restent bien d\u00e9finis et que la veste garde sa forme.   \ud83d\ude9a Livraison \u00e0 domicile : 8 TND \u23f1\ufe0f D\u00e9lai de livraison : 2 \u00e0 3 jours ouvrables \ud83d\udd01 \u00c9change possible : Vous ne payez que les frais de livraison pour le second colis (d\u00e9lai : Maximum 1 jour). &nbsp;\" \/>\n<meta property=\"og:url\" content=\"https:\/\/vog.com.tn\/?product=ensemble-femme-311930-vog\" \/>\n<meta property=\"og:site_name\" content=\"Vog Tunisie\" \/>\n<meta property=\"article:modified_time\" content=\"2026-03-19T10:12:02+00:00\" \/>\n<meta property=\"og:image\" content=\"https:\/\/vog.com.tn\/wp-content\/uploads\/2025\/12\/311930-beige-vog-2.jpg\" \/>\n\t<meta property=\"og:image:width\" content=\"572\" \/>\n\t<meta property=\"og:image:height\" content=\"800\" \/>\n\t<meta property=\"og:image:type\" content=\"image\/jpeg\" \/>\n<meta name=\"twitter:card\" content=\"summary_large_image\" \/>\n<script type=\"application\/ld+json\" class=\"yoast-schema-graph\">{\"@context\":\"https:\\\/\\\/schema.org\",\"@graph\":[{\"@type\":\"WebPage\",\"@id\":\"https:\\\/\\\/vog.com.tn\\\/?product=ensemble-femme-311930-vog\",\"url\":\"https:\\\/\\\/vog.com.tn\\\/?product=ensemble-femme-311930-vog\",\"name\":\"Ensemble Femme \u2013311930\u2013 VOG - Vog Tunisie\",\"isPartOf\":{\"@id\":\"https:\\\/\\\/vog.com.tn\\\/#website\"},\"primaryImageOfPage\":{\"@id\":\"https:\\\/\\\/vog.com.tn\\\/?product=ensemble-femme-311930-vog#primaryimage\"},\"image\":{\"@id\":\"https:\\\/\\\/vog.com.tn\\\/?product=ensemble-femme-311930-vog#primaryimage\"},\"thumbnailUrl\":\"https:\\\/\\\/vog.com.tn\\\/wp-content\\\/uploads\\\/2025\\\/12\\\/311930-beige-vog-2.jpg\",\"datePublished\":\"2025-12-05T15:27:58+00:00\",\"dateModified\":\"2026-03-19T10:12:02+00:00\",\"breadcrumb\":{\"@id\":\"https:\\\/\\\/vog.com.tn\\\/?product=ensemble-femme-311930-vog#breadcrumb\"},\"inLanguage\":\"fr-FR\",\"potentialAction\":[{\"@type\":\"ReadAction\",\"target\":[\"https:\\\/\\\/vog.com.tn\\\/?product=ensemble-femme-311930-vog\"]}]},{\"@type\":\"ImageObject\",\"inLanguage\":\"fr-FR\",\"@id\":\"https:\\\/\\\/vog.com.tn\\\/?product=ensemble-femme-311930-vog#primaryimage\",\"url\":\"https:\\\/\\\/vog.com.tn\\\/wp-content\\\/uploads\\\/2025\\\/12\\\/311930-beige-vog-2.jpg\",\"contentUrl\":\"https:\\\/\\\/vog.com.tn\\\/wp-content\\\/uploads\\\/2025\\\/12\\\/311930-beige-vog-2.jpg\",\"width\":572,\"height\":800},{\"@type\":\"BreadcrumbList\",\"@id\":\"https:\\\/\\\/vog.com.tn\\\/?product=ensemble-femme-311930-vog#breadcrumb\",\"itemListElement\":[{\"@type\":\"ListItem\",\"position\":1,\"name\":\"Home\",\"item\":\"https:\\\/\\\/vog.com.tn\\\/\"},{\"@type\":\"ListItem\",\"position\":2,\"name\":\"Produits\",\"item\":\"https:\\\/\\\/vog.com.tn\\\/?page_id=8\"},{\"@type\":\"ListItem\",\"position\":3,\"name\":\"Ensemble Femme \u2013311930\u2013 VOG\"}]},{\"@type\":\"WebSite\",\"@id\":\"https:\\\/\\\/vog.com.tn\\\/#website\",\"url\":\"https:\\\/\\\/vog.com.tn\\\/\",\"name\":\"Vog Tunisie\",\"description\":\"Pr\u00eat-\u00e0-porter\",\"potentialAction\":[{\"@type\":\"SearchAction\",\"target\":{\"@type\":\"EntryPoint\",\"urlTemplate\":\"https:\\\/\\\/vog.com.tn\\\/?s={search_term_string}\"},\"query-input\":{\"@type\":\"PropertyValueSpecification\",\"valueRequired\":true,\"valueName\":\"search_term_string\"}}],\"inLanguage\":\"fr-FR\"}]}<\/script>\n<!-- \/ Yoast SEO plugin. -->","yoast_head_json":{"title":"Ensemble Femme \u2013311930\u2013 VOG - Vog Tunisie","robots":{"index":"index","follow":"follow","max-snippet":"max-snippet:-1","max-image-preview":"max-image-preview:large","max-video-preview":"max-video-preview:-1"},"canonical":"https:\/\/vog.com.tn\/?product=ensemble-femme-311930-vog","og_locale":"fr_FR","og_type":"article","og_title":"Ensemble Femme \u2013311930\u2013 VOG - Vog Tunisie","og_description":"Vente en ligne ensemble pour femme.     Coupe : Ensemble coordonn\u00e9 (tailleur) compos\u00e9 d'une veste et d'une jupe. La veste est courte et cintr\u00e9e. La jupe est longue (maxi) et pr\u00e9sente des plis soleil fins.    D\u00e9tails : La veste est sans col et se ferme avec de gros boutons dor\u00e9s d\u00e9coratifs. La jupe est opaque et le pliss\u00e9 est r\u00e9gulier, offrant un mouvement fluide.    Style : \u00c9l\u00e9gant, habill\u00e9 et sophistiqu\u00e9. Cet ensemble est id\u00e9al pour des \u00e9v\u00e9nements, des c\u00e9r\u00e9monies, ou un look de bureau tr\u00e8s chic.    Tissu : Tissu de bonne tenue, l\u00e9g\u00e8rement structur\u00e9, assurant que les plis de la jupe restent bien d\u00e9finis et que la veste garde sa forme.   \ud83d\ude9a Livraison \u00e0 domicile : 8 TND \u23f1\ufe0f D\u00e9lai de livraison : 2 \u00e0 3 jours ouvrables \ud83d\udd01 \u00c9change possible : Vous ne payez que les frais de livraison pour le second colis (d\u00e9lai : Maximum 1 jour). &nbsp;","og_url":"https:\/\/vog.com.tn\/?product=ensemble-femme-311930-vog","og_site_name":"Vog Tunisie","article_modified_time":"2026-03-19T10:12:02+00:00","og_image":[{"width":572,"height":800,"url":"https:\/\/vog.com.tn\/wp-content\/uploads\/2025\/12\/311930-beige-vog-2.jpg","type":"image\/jpeg"}],"twitter_card":"summary_large_image","schema":{"@context":"https:\/\/schema.org","@graph":[{"@type":"WebPage","@id":"https:\/\/vog.com.tn\/?product=ensemble-femme-311930-vog","url":"https:\/\/vog.com.tn\/?product=ensemble-femme-311930-vog","name":"Ensemble Femme \u2013311930\u2013 VOG - Vog Tunisie","isPartOf":{"@id":"https:\/\/vog.com.tn\/#website"},"primaryImageOfPage":{"@id":"https:\/\/vog.com.tn\/?product=ensemble-femme-311930-vog#primaryimage"},"image":{"@id":"https:\/\/vog.com.tn\/?product=ensemble-femme-311930-vog#primaryimage"},"thumbnailUrl":"https:\/\/vog.com.tn\/wp-content\/uploads\/2025\/12\/311930-beige-vog-2.jpg","datePublished":"2025-12-05T15:27:58+00:00","dateModified":"2026-03-19T10:12:02+00:00","breadcrumb":{"@id":"https:\/\/vog.com.tn\/?product=ensemble-femme-311930-vog#breadcrumb"},"inLanguage":"fr-FR","potentialAction":[{"@type":"ReadAction","target":["https:\/\/vog.com.tn\/?product=ensemble-femme-311930-vog"]}]},{"@type":"ImageObject","inLanguage":"fr-FR","@id":"https:\/\/vog.com.tn\/?product=ensemble-femme-311930-vog#primaryimage","url":"https:\/\/vog.com.tn\/wp-content\/uploads\/2025\/12\/311930-beige-vog-2.jpg","contentUrl":"https:\/\/vog.com.tn\/wp-content\/uploads\/2025\/12\/311930-beige-vog-2.jpg","width":572,"height":800},{"@type":"BreadcrumbList","@id":"https:\/\/vog.com.tn\/?product=ensemble-femme-311930-vog#breadcrumb","itemListElement":[{"@type":"ListItem","position":1,"name":"Home","item":"https:\/\/vog.com.tn\/"},{"@type":"ListItem","position":2,"name":"Produits","item":"https:\/\/vog.com.tn\/?page_id=8"},{"@type":"ListItem","position":3,"name":"Ensemble Femme \u2013311930\u2013 VOG"}]},{"@type":"WebSite","@id":"https:\/\/vog.com.tn\/#website","url":"https:\/\/vog.com.tn\/","name":"Vog Tunisie","description":"Pr\u00eat-\u00e0-porter","potentialAction":[{"@type":"SearchAction","target":{"@type":"EntryPoint","urlTemplate":"https:\/\/vog.com.tn\/?s={search_term_string}"},"query-input":{"@type":"PropertyValueSpecification","valueRequired":true,"valueName":"search_term_string"}}],"inLanguage":"fr-FR"}]}},"_links":{"self":[{"href":"https:\/\/vog.com.tn\/index.php?rest_route=\/wp\/v2\/product\/105826","targetHints":{"allow":["GET"]}}],"collection":[{"href":"https:\/\/vog.com.tn\/index.php?rest_route=\/wp\/v2\/product"}],"about":[{"href":"https:\/\/vog.com.tn\/index.php?rest_route=\/wp\/v2\/types\/product"}],"wp:featuredmedia":[{"embeddable":true,"href":"https:\/\/vog.com.tn\/index.php?rest_route=\/wp\/v2\/media\/105835"}],"wp:attachment":[{"href":"https:\/\/vog.com.tn\/index.php?rest_route=%2Fwp%2Fv2%2Fmedia&parent=105826"}],"wp:term":[{"taxonomy":"product_brand","embeddable":true,"href":"https:\/\/vog.com.tn\/index.php?rest_route=%2Fwp%2Fv2%2Fproduct_brand&post=105826"},{"taxonomy":"product_cat","embeddable":true,"href":"https:\/\/vog.com.tn\/index.php?rest_route=%2Fwp%2Fv2%2Fproduct_cat&post=105826"},{"taxonomy":"product_tag","embeddable":true,"href":"https:\/\/vog.com.tn\/index.php?rest_route=%2Fwp%2Fv2%2Fproduct_tag&post=105826"}],"curies":[{"name":"wp","href":"https:\/\/api.w.org\/{rel}","templated":true}]}}