{"id":105876,"date":"2025-12-05T17:19:40","date_gmt":"2025-12-05T16:19:40","guid":{"rendered":"https:\/\/vog.com.tn\/?post_type=product&#038;p=105876"},"modified":"2025-12-15T11:45:30","modified_gmt":"2025-12-15T10:45:30","slug":"ensemble-femme-311721-vog","status":"publish","type":"product","link":"https:\/\/vog.com.tn\/?product=ensemble-femme-311721-vog","title":{"rendered":"Ensemble Femme \u2013311721\u2013 VOG"},"content":{"rendered":"<p>VOG met en vente en ligne ensemble Femme en Tunisie. Des ensembles confortable pour femme\u00a0tendances pour accueillir la nouvelle saison d\u2019hiver ! Notre s\u00e9lection comprend des ensembles \u00e9l\u00e9gants.<\/p>\n","protected":false},"excerpt":{"rendered":"<p><strong>Vente en ligne ensemble pour femme.<\/strong><\/p>\n<ul>\n<li>Ensemble deux pi\u00e8ces confortable et \u00e9l\u00e9gant.<\/li>\n<li>Haut en maille textur\u00e9e avec boutons d\u00e9coratifs.<\/li>\n<li>Coupe l\u00e9g\u00e8rement \u00e9vas\u00e9e pour une allure f\u00e9minine.<\/li>\n<li>Pantalon souple et agr\u00e9able, parfait pour un look relax.<\/li>\n<li>Id\u00e9al pour un style cosy, chic et quotidien.<\/li>\n<\/ul>\n<p>\ud83d\ude9a <strong data-start=\"560\" data-end=\"592\">Livraison \u00e0 domicile : 8 TND<\/strong><br data-start=\"592\" data-end=\"595\" \/>\u23f1\ufe0f <strong data-start=\"598\" data-end=\"634\">D\u00e9lai de livraison : 2 \u00e0 3 jours<\/strong><br data-start=\"634\" data-end=\"637\" \/>\ud83d\udd01 <strong data-start=\"640\" data-end=\"660\">\u00c9change possible<\/strong> \u2013 vous ne payez que les frais de livraison pour le second colis (d\u00e9lai : 1 jour)<\/p>\n","protected":false},"featured_media":105880,"template":"","meta":[],"product_brand":[],"product_cat":[252,239,442,137,360,71],"product_tag":[],"class_list":{"0":"post-105876","1":"product","2":"type-product","3":"status-publish","4":"has-post-thumbnail","6":"product_cat-ensemble-pantalon","7":"product_cat-ensembles","8":"product_cat-ensembles-dhiver","9":"product_cat-mode-femme","10":"product_cat-nouvelle-collection","11":"product_cat-vetements-femme","12":"pa_couleurs-ecru","13":"pa_taille-m-l","16":"first","17":"outofstock","18":"taxable","19":"shipping-taxable","20":"product-type-variable"},"yoast_head":"<!-- This site is optimized with the Yoast SEO plugin v27.5 - https:\/\/yoast.com\/product\/yoast-seo-wordpress\/ -->\n<title>Ensemble Femme \u2013311721\u2013 VOG - Vog Tunisie<\/title>\n<meta name=\"robots\" content=\"index, follow, max-snippet:-1, max-image-preview:large, max-video-preview:-1\" \/>\n<link rel=\"canonical\" href=\"https:\/\/vog.com.tn\/?product=ensemble-femme-311721-vog\" \/>\n<meta property=\"og:locale\" content=\"fr_FR\" \/>\n<meta property=\"og:type\" content=\"article\" \/>\n<meta property=\"og:title\" content=\"Ensemble Femme \u2013311721\u2013 VOG - Vog Tunisie\" \/>\n<meta property=\"og:description\" content=\"Vente en ligne ensemble pour femme.   Ensemble deux pi\u00e8ces confortable et \u00e9l\u00e9gant.  Haut en maille textur\u00e9e avec boutons d\u00e9coratifs.  Coupe l\u00e9g\u00e8rement \u00e9vas\u00e9e pour une allure f\u00e9minine.  Pantalon souple et agr\u00e9able, parfait pour un look relax.  Id\u00e9al pour un style cosy, chic et quotidien.  \ud83d\ude9a Livraison \u00e0 domicile : 8 TND\u23f1\ufe0f D\u00e9lai de livraison : 2 \u00e0 3 jours\ud83d\udd01 \u00c9change possible \u2013 vous ne payez que les frais de livraison pour le second colis (d\u00e9lai : 1 jour)\" \/>\n<meta property=\"og:url\" content=\"https:\/\/vog.com.tn\/?product=ensemble-femme-311721-vog\" \/>\n<meta property=\"og:site_name\" content=\"Vog Tunisie\" \/>\n<meta property=\"article:modified_time\" content=\"2025-12-15T10:45:30+00:00\" \/>\n<meta property=\"og:image\" content=\"https:\/\/vog.com.tn\/wp-content\/uploads\/2025\/12\/311721-ecru-vog-2.jpg\" \/>\n\t<meta property=\"og:image:width\" content=\"572\" \/>\n\t<meta property=\"og:image:height\" content=\"800\" \/>\n\t<meta property=\"og:image:type\" content=\"image\/jpeg\" \/>\n<meta name=\"twitter:card\" content=\"summary_large_image\" \/>\n<script type=\"application\/ld+json\" class=\"yoast-schema-graph\">{\"@context\":\"https:\\\/\\\/schema.org\",\"@graph\":[{\"@type\":\"WebPage\",\"@id\":\"https:\\\/\\\/vog.com.tn\\\/?product=ensemble-femme-311721-vog\",\"url\":\"https:\\\/\\\/vog.com.tn\\\/?product=ensemble-femme-311721-vog\",\"name\":\"Ensemble Femme \u2013311721\u2013 VOG - Vog Tunisie\",\"isPartOf\":{\"@id\":\"https:\\\/\\\/vog.com.tn\\\/#website\"},\"primaryImageOfPage\":{\"@id\":\"https:\\\/\\\/vog.com.tn\\\/?product=ensemble-femme-311721-vog#primaryimage\"},\"image\":{\"@id\":\"https:\\\/\\\/vog.com.tn\\\/?product=ensemble-femme-311721-vog#primaryimage\"},\"thumbnailUrl\":\"https:\\\/\\\/vog.com.tn\\\/wp-content\\\/uploads\\\/2025\\\/12\\\/311721-ecru-vog-2.jpg\",\"datePublished\":\"2025-12-05T16:19:40+00:00\",\"dateModified\":\"2025-12-15T10:45:30+00:00\",\"breadcrumb\":{\"@id\":\"https:\\\/\\\/vog.com.tn\\\/?product=ensemble-femme-311721-vog#breadcrumb\"},\"inLanguage\":\"fr-FR\",\"potentialAction\":[{\"@type\":\"ReadAction\",\"target\":[\"https:\\\/\\\/vog.com.tn\\\/?product=ensemble-femme-311721-vog\"]}]},{\"@type\":\"ImageObject\",\"inLanguage\":\"fr-FR\",\"@id\":\"https:\\\/\\\/vog.com.tn\\\/?product=ensemble-femme-311721-vog#primaryimage\",\"url\":\"https:\\\/\\\/vog.com.tn\\\/wp-content\\\/uploads\\\/2025\\\/12\\\/311721-ecru-vog-2.jpg\",\"contentUrl\":\"https:\\\/\\\/vog.com.tn\\\/wp-content\\\/uploads\\\/2025\\\/12\\\/311721-ecru-vog-2.jpg\",\"width\":572,\"height\":800},{\"@type\":\"BreadcrumbList\",\"@id\":\"https:\\\/\\\/vog.com.tn\\\/?product=ensemble-femme-311721-vog#breadcrumb\",\"itemListElement\":[{\"@type\":\"ListItem\",\"position\":1,\"name\":\"Home\",\"item\":\"https:\\\/\\\/vog.com.tn\\\/\"},{\"@type\":\"ListItem\",\"position\":2,\"name\":\"Produits\",\"item\":\"https:\\\/\\\/vog.com.tn\\\/?page_id=8\"},{\"@type\":\"ListItem\",\"position\":3,\"name\":\"Ensemble Femme \u2013311721\u2013 VOG\"}]},{\"@type\":\"WebSite\",\"@id\":\"https:\\\/\\\/vog.com.tn\\\/#website\",\"url\":\"https:\\\/\\\/vog.com.tn\\\/\",\"name\":\"Vog Tunisie\",\"description\":\"Pr\u00eat-\u00e0-porter\",\"potentialAction\":[{\"@type\":\"SearchAction\",\"target\":{\"@type\":\"EntryPoint\",\"urlTemplate\":\"https:\\\/\\\/vog.com.tn\\\/?s={search_term_string}\"},\"query-input\":{\"@type\":\"PropertyValueSpecification\",\"valueRequired\":true,\"valueName\":\"search_term_string\"}}],\"inLanguage\":\"fr-FR\"}]}<\/script>\n<!-- \/ Yoast SEO plugin. -->","yoast_head_json":{"title":"Ensemble Femme \u2013311721\u2013 VOG - Vog Tunisie","robots":{"index":"index","follow":"follow","max-snippet":"max-snippet:-1","max-image-preview":"max-image-preview:large","max-video-preview":"max-video-preview:-1"},"canonical":"https:\/\/vog.com.tn\/?product=ensemble-femme-311721-vog","og_locale":"fr_FR","og_type":"article","og_title":"Ensemble Femme \u2013311721\u2013 VOG - Vog Tunisie","og_description":"Vente en ligne ensemble pour femme.   Ensemble deux pi\u00e8ces confortable et \u00e9l\u00e9gant.  Haut en maille textur\u00e9e avec boutons d\u00e9coratifs.  Coupe l\u00e9g\u00e8rement \u00e9vas\u00e9e pour une allure f\u00e9minine.  Pantalon souple et agr\u00e9able, parfait pour un look relax.  Id\u00e9al pour un style cosy, chic et quotidien.  \ud83d\ude9a Livraison \u00e0 domicile : 8 TND\u23f1\ufe0f D\u00e9lai de livraison : 2 \u00e0 3 jours\ud83d\udd01 \u00c9change possible \u2013 vous ne payez que les frais de livraison pour le second colis (d\u00e9lai : 1 jour)","og_url":"https:\/\/vog.com.tn\/?product=ensemble-femme-311721-vog","og_site_name":"Vog Tunisie","article_modified_time":"2025-12-15T10:45:30+00:00","og_image":[{"width":572,"height":800,"url":"https:\/\/vog.com.tn\/wp-content\/uploads\/2025\/12\/311721-ecru-vog-2.jpg","type":"image\/jpeg"}],"twitter_card":"summary_large_image","schema":{"@context":"https:\/\/schema.org","@graph":[{"@type":"WebPage","@id":"https:\/\/vog.com.tn\/?product=ensemble-femme-311721-vog","url":"https:\/\/vog.com.tn\/?product=ensemble-femme-311721-vog","name":"Ensemble Femme \u2013311721\u2013 VOG - Vog Tunisie","isPartOf":{"@id":"https:\/\/vog.com.tn\/#website"},"primaryImageOfPage":{"@id":"https:\/\/vog.com.tn\/?product=ensemble-femme-311721-vog#primaryimage"},"image":{"@id":"https:\/\/vog.com.tn\/?product=ensemble-femme-311721-vog#primaryimage"},"thumbnailUrl":"https:\/\/vog.com.tn\/wp-content\/uploads\/2025\/12\/311721-ecru-vog-2.jpg","datePublished":"2025-12-05T16:19:40+00:00","dateModified":"2025-12-15T10:45:30+00:00","breadcrumb":{"@id":"https:\/\/vog.com.tn\/?product=ensemble-femme-311721-vog#breadcrumb"},"inLanguage":"fr-FR","potentialAction":[{"@type":"ReadAction","target":["https:\/\/vog.com.tn\/?product=ensemble-femme-311721-vog"]}]},{"@type":"ImageObject","inLanguage":"fr-FR","@id":"https:\/\/vog.com.tn\/?product=ensemble-femme-311721-vog#primaryimage","url":"https:\/\/vog.com.tn\/wp-content\/uploads\/2025\/12\/311721-ecru-vog-2.jpg","contentUrl":"https:\/\/vog.com.tn\/wp-content\/uploads\/2025\/12\/311721-ecru-vog-2.jpg","width":572,"height":800},{"@type":"BreadcrumbList","@id":"https:\/\/vog.com.tn\/?product=ensemble-femme-311721-vog#breadcrumb","itemListElement":[{"@type":"ListItem","position":1,"name":"Home","item":"https:\/\/vog.com.tn\/"},{"@type":"ListItem","position":2,"name":"Produits","item":"https:\/\/vog.com.tn\/?page_id=8"},{"@type":"ListItem","position":3,"name":"Ensemble Femme \u2013311721\u2013 VOG"}]},{"@type":"WebSite","@id":"https:\/\/vog.com.tn\/#website","url":"https:\/\/vog.com.tn\/","name":"Vog Tunisie","description":"Pr\u00eat-\u00e0-porter","potentialAction":[{"@type":"SearchAction","target":{"@type":"EntryPoint","urlTemplate":"https:\/\/vog.com.tn\/?s={search_term_string}"},"query-input":{"@type":"PropertyValueSpecification","valueRequired":true,"valueName":"search_term_string"}}],"inLanguage":"fr-FR"}]}},"_links":{"self":[{"href":"https:\/\/vog.com.tn\/index.php?rest_route=\/wp\/v2\/product\/105876","targetHints":{"allow":["GET"]}}],"collection":[{"href":"https:\/\/vog.com.tn\/index.php?rest_route=\/wp\/v2\/product"}],"about":[{"href":"https:\/\/vog.com.tn\/index.php?rest_route=\/wp\/v2\/types\/product"}],"wp:featuredmedia":[{"embeddable":true,"href":"https:\/\/vog.com.tn\/index.php?rest_route=\/wp\/v2\/media\/105880"}],"wp:attachment":[{"href":"https:\/\/vog.com.tn\/index.php?rest_route=%2Fwp%2Fv2%2Fmedia&parent=105876"}],"wp:term":[{"taxonomy":"product_brand","embeddable":true,"href":"https:\/\/vog.com.tn\/index.php?rest_route=%2Fwp%2Fv2%2Fproduct_brand&post=105876"},{"taxonomy":"product_cat","embeddable":true,"href":"https:\/\/vog.com.tn\/index.php?rest_route=%2Fwp%2Fv2%2Fproduct_cat&post=105876"},{"taxonomy":"product_tag","embeddable":true,"href":"https:\/\/vog.com.tn\/index.php?rest_route=%2Fwp%2Fv2%2Fproduct_tag&post=105876"}],"curies":[{"name":"wp","href":"https:\/\/api.w.org\/{rel}","templated":true}]}}