{"id":106549,"date":"2025-12-12T15:05:21","date_gmt":"2025-12-12T14:05:21","guid":{"rendered":"https:\/\/vog.com.tn\/?post_type=product&#038;p=106549"},"modified":"2026-04-26T12:12:22","modified_gmt":"2026-04-26T10:12:22","slug":"robe-femme-311817-vog","status":"publish","type":"product","link":"https:\/\/vog.com.tn\/?product=robe-femme-311817-vog","title":{"rendered":"Robe Femme-311817-vog"},"content":{"rendered":"<div class=\"woocommerce-tabs wc-tabs-wrapper\">\n<div id=\"tab-description\" class=\"woocommerce-Tabs-panel woocommerce-Tabs-panel--description panel entry-content wc-tab\" role=\"tabpanel\" aria-labelledby=\"tab-title-description\">\n<p>Vog met en vente en ligne Robe\u00a0 en Tunisie. Qu\u2019il s\u2019agisse de mod\u00e8les\u00a0 ajust\u00e9s , nous vous proposons tous les styles, couleurs et imprim\u00e9s pour<strong>\u00a0les robes<\/strong>\u00a0de la saison. Que vous cherchiez une robe chemise classique pour le travail ou une robe en maille pour \u00eatre \u00e0 l\u2019aise le week-end, trouvez la robe id\u00e9ale pour chaque occasion dans notre collection<\/p>\n<\/div>\n<\/div>\n","protected":false},"excerpt":{"rendered":"<p>Vente en ligne robe pour femme.<\/p>\n<ul>\n<li>\n<p data-path-to-node=\"4,0,0\"><b>Coupe :<\/b> Ajust\u00e9e (<i>bodycon<\/i>), longue (midi).<\/p>\n<\/li>\n<li>\n<p data-path-to-node=\"4,1,0\"><b>Encolure :<\/b> Col rond simple.<\/p>\n<\/li>\n<li>\n<p data-path-to-node=\"4,2,0\"><b>Manches :<\/b> Sans manches.<\/p>\n<\/li>\n<li>\n<p data-path-to-node=\"4,4,0\"><b>Motif :<\/b> Effet de texture gaufr\u00e9e ou damier\/quadrillage en relief.<\/p>\n<\/li>\n<li>\n<p data-path-to-node=\"4,5,0\"><b>Tissu :<\/b> Maille dense et extensible, qui \u00e9pouse la forme du corps.<\/p>\n<\/li>\n<li>\n<p data-path-to-node=\"4,6,0\"><b>Style :<\/b> \u00c9l\u00e9gant, moderne et textur\u00e9.<\/p>\n<\/li>\n<\/ul>\n<p data-path-to-node=\"8,0,0\">\ud83d\ude9a <b>Livraison \u00e0 domicile :<\/b> 8 TND<\/p>\n<p data-path-to-node=\"8,1,0\">\u23f1\ufe0f <b>D\u00e9lai :<\/b> 2 \u00e0 3 jours ouvrables<\/p>\n<p data-path-to-node=\"8,2,0\">\ud83d\udd01 <b>\u00c9change :<\/b> Possible (vous payez seulement les frais de livraison retour).<\/p>\n<p>&nbsp;<\/p>\n","protected":false},"featured_media":106559,"template":"","meta":[],"product_brand":[],"product_cat":[137,360,281,44,71],"product_tag":[],"class_list":{"0":"post-106549","1":"product","2":"type-product","3":"status-publish","4":"has-post-thumbnail","6":"product_cat-mode-femme","7":"product_cat-nouvelle-collection","8":"product_cat-robe-robe-dhiver","9":"product_cat-robes-femme","10":"product_cat-vetements-femme","11":"pa_couleurs-beige","12":"pa_couleurs-choco","13":"pa_couleurs-noir","14":"pa_taille-m-l","15":"pa_taille-s-m","18":"first","19":"instock","20":"taxable","21":"shipping-taxable","22":"purchasable","23":"product-type-variable"},"yoast_head":"<!-- This site is optimized with the Yoast SEO plugin v27.5 - https:\/\/yoast.com\/product\/yoast-seo-wordpress\/ -->\n<title>Robe Femme-311817-vog - Vog Tunisie<\/title>\n<meta name=\"robots\" content=\"index, follow, max-snippet:-1, max-image-preview:large, max-video-preview:-1\" \/>\n<link rel=\"canonical\" href=\"https:\/\/vog.com.tn\/?product=robe-femme-311817-vog\" \/>\n<meta property=\"og:locale\" content=\"fr_FR\" \/>\n<meta property=\"og:type\" content=\"article\" \/>\n<meta property=\"og:title\" content=\"Robe Femme-311817-vog - Vog Tunisie\" \/>\n<meta property=\"og:description\" content=\"Vente en ligne robe pour femme.    Coupe : Ajust\u00e9e (bodycon), longue (midi).    Encolure : Col rond simple.    Manches : Sans manches.    Motif : Effet de texture gaufr\u00e9e ou damier\/quadrillage en relief.    Tissu : Maille dense et extensible, qui \u00e9pouse la forme du corps.    Style : \u00c9l\u00e9gant, moderne et textur\u00e9.   \ud83d\ude9a Livraison \u00e0 domicile : 8 TND \u23f1\ufe0f D\u00e9lai : 2 \u00e0 3 jours ouvrables \ud83d\udd01 \u00c9change : Possible (vous payez seulement les frais de livraison retour). &nbsp;\" \/>\n<meta property=\"og:url\" content=\"https:\/\/vog.com.tn\/?product=robe-femme-311817-vog\" \/>\n<meta property=\"og:site_name\" content=\"Vog Tunisie\" \/>\n<meta property=\"article:modified_time\" content=\"2026-04-26T10:12:22+00:00\" \/>\n<meta property=\"og:image\" content=\"https:\/\/vog.com.tn\/wp-content\/uploads\/2025\/12\/311817-choco-vog-1.jpg\" \/>\n\t<meta property=\"og:image:width\" content=\"572\" \/>\n\t<meta property=\"og:image:height\" content=\"800\" \/>\n\t<meta property=\"og:image:type\" content=\"image\/jpeg\" \/>\n<meta name=\"twitter:card\" content=\"summary_large_image\" \/>\n<meta name=\"twitter:label1\" content=\"Dur\u00e9e de lecture estim\u00e9e\" \/>\n\t<meta name=\"twitter:data1\" content=\"1 minute\" \/>\n<script type=\"application\/ld+json\" class=\"yoast-schema-graph\">{\"@context\":\"https:\\\/\\\/schema.org\",\"@graph\":[{\"@type\":\"WebPage\",\"@id\":\"https:\\\/\\\/vog.com.tn\\\/?product=robe-femme-311817-vog\",\"url\":\"https:\\\/\\\/vog.com.tn\\\/?product=robe-femme-311817-vog\",\"name\":\"Robe Femme-311817-vog - Vog Tunisie\",\"isPartOf\":{\"@id\":\"https:\\\/\\\/vog.com.tn\\\/#website\"},\"primaryImageOfPage\":{\"@id\":\"https:\\\/\\\/vog.com.tn\\\/?product=robe-femme-311817-vog#primaryimage\"},\"image\":{\"@id\":\"https:\\\/\\\/vog.com.tn\\\/?product=robe-femme-311817-vog#primaryimage\"},\"thumbnailUrl\":\"https:\\\/\\\/vog.com.tn\\\/wp-content\\\/uploads\\\/2025\\\/12\\\/311817-choco-vog-1.jpg\",\"datePublished\":\"2025-12-12T14:05:21+00:00\",\"dateModified\":\"2026-04-26T10:12:22+00:00\",\"breadcrumb\":{\"@id\":\"https:\\\/\\\/vog.com.tn\\\/?product=robe-femme-311817-vog#breadcrumb\"},\"inLanguage\":\"fr-FR\",\"potentialAction\":[{\"@type\":\"ReadAction\",\"target\":[\"https:\\\/\\\/vog.com.tn\\\/?product=robe-femme-311817-vog\"]}]},{\"@type\":\"ImageObject\",\"inLanguage\":\"fr-FR\",\"@id\":\"https:\\\/\\\/vog.com.tn\\\/?product=robe-femme-311817-vog#primaryimage\",\"url\":\"https:\\\/\\\/vog.com.tn\\\/wp-content\\\/uploads\\\/2025\\\/12\\\/311817-choco-vog-1.jpg\",\"contentUrl\":\"https:\\\/\\\/vog.com.tn\\\/wp-content\\\/uploads\\\/2025\\\/12\\\/311817-choco-vog-1.jpg\",\"width\":572,\"height\":800},{\"@type\":\"BreadcrumbList\",\"@id\":\"https:\\\/\\\/vog.com.tn\\\/?product=robe-femme-311817-vog#breadcrumb\",\"itemListElement\":[{\"@type\":\"ListItem\",\"position\":1,\"name\":\"Home\",\"item\":\"https:\\\/\\\/vog.com.tn\\\/\"},{\"@type\":\"ListItem\",\"position\":2,\"name\":\"Produits\",\"item\":\"https:\\\/\\\/vog.com.tn\\\/?page_id=8\"},{\"@type\":\"ListItem\",\"position\":3,\"name\":\"Robe Femme-311817-vog\"}]},{\"@type\":\"WebSite\",\"@id\":\"https:\\\/\\\/vog.com.tn\\\/#website\",\"url\":\"https:\\\/\\\/vog.com.tn\\\/\",\"name\":\"Vog Tunisie\",\"description\":\"Pr\u00eat-\u00e0-porter\",\"potentialAction\":[{\"@type\":\"SearchAction\",\"target\":{\"@type\":\"EntryPoint\",\"urlTemplate\":\"https:\\\/\\\/vog.com.tn\\\/?s={search_term_string}\"},\"query-input\":{\"@type\":\"PropertyValueSpecification\",\"valueRequired\":true,\"valueName\":\"search_term_string\"}}],\"inLanguage\":\"fr-FR\"}]}<\/script>\n<!-- \/ Yoast SEO plugin. -->","yoast_head_json":{"title":"Robe Femme-311817-vog - Vog Tunisie","robots":{"index":"index","follow":"follow","max-snippet":"max-snippet:-1","max-image-preview":"max-image-preview:large","max-video-preview":"max-video-preview:-1"},"canonical":"https:\/\/vog.com.tn\/?product=robe-femme-311817-vog","og_locale":"fr_FR","og_type":"article","og_title":"Robe Femme-311817-vog - Vog Tunisie","og_description":"Vente en ligne robe pour femme.    Coupe : Ajust\u00e9e (bodycon), longue (midi).    Encolure : Col rond simple.    Manches : Sans manches.    Motif : Effet de texture gaufr\u00e9e ou damier\/quadrillage en relief.    Tissu : Maille dense et extensible, qui \u00e9pouse la forme du corps.    Style : \u00c9l\u00e9gant, moderne et textur\u00e9.   \ud83d\ude9a Livraison \u00e0 domicile : 8 TND \u23f1\ufe0f D\u00e9lai : 2 \u00e0 3 jours ouvrables \ud83d\udd01 \u00c9change : Possible (vous payez seulement les frais de livraison retour). &nbsp;","og_url":"https:\/\/vog.com.tn\/?product=robe-femme-311817-vog","og_site_name":"Vog Tunisie","article_modified_time":"2026-04-26T10:12:22+00:00","og_image":[{"width":572,"height":800,"url":"https:\/\/vog.com.tn\/wp-content\/uploads\/2025\/12\/311817-choco-vog-1.jpg","type":"image\/jpeg"}],"twitter_card":"summary_large_image","twitter_misc":{"Dur\u00e9e de lecture estim\u00e9e":"1 minute"},"schema":{"@context":"https:\/\/schema.org","@graph":[{"@type":"WebPage","@id":"https:\/\/vog.com.tn\/?product=robe-femme-311817-vog","url":"https:\/\/vog.com.tn\/?product=robe-femme-311817-vog","name":"Robe Femme-311817-vog - Vog Tunisie","isPartOf":{"@id":"https:\/\/vog.com.tn\/#website"},"primaryImageOfPage":{"@id":"https:\/\/vog.com.tn\/?product=robe-femme-311817-vog#primaryimage"},"image":{"@id":"https:\/\/vog.com.tn\/?product=robe-femme-311817-vog#primaryimage"},"thumbnailUrl":"https:\/\/vog.com.tn\/wp-content\/uploads\/2025\/12\/311817-choco-vog-1.jpg","datePublished":"2025-12-12T14:05:21+00:00","dateModified":"2026-04-26T10:12:22+00:00","breadcrumb":{"@id":"https:\/\/vog.com.tn\/?product=robe-femme-311817-vog#breadcrumb"},"inLanguage":"fr-FR","potentialAction":[{"@type":"ReadAction","target":["https:\/\/vog.com.tn\/?product=robe-femme-311817-vog"]}]},{"@type":"ImageObject","inLanguage":"fr-FR","@id":"https:\/\/vog.com.tn\/?product=robe-femme-311817-vog#primaryimage","url":"https:\/\/vog.com.tn\/wp-content\/uploads\/2025\/12\/311817-choco-vog-1.jpg","contentUrl":"https:\/\/vog.com.tn\/wp-content\/uploads\/2025\/12\/311817-choco-vog-1.jpg","width":572,"height":800},{"@type":"BreadcrumbList","@id":"https:\/\/vog.com.tn\/?product=robe-femme-311817-vog#breadcrumb","itemListElement":[{"@type":"ListItem","position":1,"name":"Home","item":"https:\/\/vog.com.tn\/"},{"@type":"ListItem","position":2,"name":"Produits","item":"https:\/\/vog.com.tn\/?page_id=8"},{"@type":"ListItem","position":3,"name":"Robe Femme-311817-vog"}]},{"@type":"WebSite","@id":"https:\/\/vog.com.tn\/#website","url":"https:\/\/vog.com.tn\/","name":"Vog Tunisie","description":"Pr\u00eat-\u00e0-porter","potentialAction":[{"@type":"SearchAction","target":{"@type":"EntryPoint","urlTemplate":"https:\/\/vog.com.tn\/?s={search_term_string}"},"query-input":{"@type":"PropertyValueSpecification","valueRequired":true,"valueName":"search_term_string"}}],"inLanguage":"fr-FR"}]}},"_links":{"self":[{"href":"https:\/\/vog.com.tn\/index.php?rest_route=\/wp\/v2\/product\/106549","targetHints":{"allow":["GET"]}}],"collection":[{"href":"https:\/\/vog.com.tn\/index.php?rest_route=\/wp\/v2\/product"}],"about":[{"href":"https:\/\/vog.com.tn\/index.php?rest_route=\/wp\/v2\/types\/product"}],"wp:featuredmedia":[{"embeddable":true,"href":"https:\/\/vog.com.tn\/index.php?rest_route=\/wp\/v2\/media\/106559"}],"wp:attachment":[{"href":"https:\/\/vog.com.tn\/index.php?rest_route=%2Fwp%2Fv2%2Fmedia&parent=106549"}],"wp:term":[{"taxonomy":"product_brand","embeddable":true,"href":"https:\/\/vog.com.tn\/index.php?rest_route=%2Fwp%2Fv2%2Fproduct_brand&post=106549"},{"taxonomy":"product_cat","embeddable":true,"href":"https:\/\/vog.com.tn\/index.php?rest_route=%2Fwp%2Fv2%2Fproduct_cat&post=106549"},{"taxonomy":"product_tag","embeddable":true,"href":"https:\/\/vog.com.tn\/index.php?rest_route=%2Fwp%2Fv2%2Fproduct_tag&post=106549"}],"curies":[{"name":"wp","href":"https:\/\/api.w.org\/{rel}","templated":true}]}}