{"id":106564,"date":"2025-12-12T15:24:14","date_gmt":"2025-12-12T14:24:14","guid":{"rendered":"https:\/\/vog.com.tn\/?post_type=product&#038;p=106564"},"modified":"2026-04-04T12:12:14","modified_gmt":"2026-04-04T10:12:14","slug":"veste-en-denim-ceinturee-311351-vog","status":"publish","type":"product","link":"https:\/\/vog.com.tn\/?product=veste-en-denim-ceinturee-311351-vog","title":{"rendered":"Veste en Denim Ceintur\u00e9e-311351-vog"},"content":{"rendered":"<p>V\u00e9ritable pi\u00e8ce ma\u00eetresse dans votre garde-robe, le chemise pour femme est un v\u00eatement f\u00e9minin par excellence. C\u2019est un parfait alli\u00e9 soit pour vos journ\u00e9es de travail ou vos escapades. Laissez-vous tenter par notre surchemise avec sa coupe fluide et sa composition l\u00e9g\u00e8re. Rien de mieux pour passer une journ\u00e9e au travail ou pour sortir, vous pouvez l\u2019associer avec des baskets et une paire de jeans ou avec une jupe droite et des escarpins pour un look plus professionnel.<\/p>\n","protected":false},"excerpt":{"rendered":"<p>Vente en ligne Veste\/Surchemise en Denim Ceintur\u00e9e pour femme<\/p>\n<ul>\n<li>\n<p data-path-to-node=\"5,0,0\"><b>Coupe :<\/b> Droite, l\u00e9g\u00e8rement ample et longue, type <i>Shacket<\/i> (chemise-veste).<\/p>\n<\/li>\n<li>\n<p data-path-to-node=\"5,1,0\"><b>Tissu :<\/b> Denim (jean).<\/p>\n<\/li>\n<li>\n<p data-path-to-node=\"5,2,0\"><b>Fermeture :<\/b> Boutons sur le devant.<\/p>\n<\/li>\n<li>\n<p data-path-to-node=\"5,3,0\"><b>D\u00e9tails :<\/b> Ceinture amovible assortie \u00e0 nouer \u00e0 la taille.<\/p>\n<\/li>\n<li>\n<p data-path-to-node=\"5,4,0\"><b>Poches :<\/b> Quatre poches plaqu\u00e9es : deux sur la poitrine avec rabat boutonn\u00e9 et deux grandes poches inf\u00e9rieures.<\/p>\n<\/li>\n<li>\n<p data-path-to-node=\"5,6,0\"><b>Style :<\/b> Tendance, utilitaire et polyvalent.<\/p>\n<\/li>\n<\/ul>\n<p data-path-to-node=\"9,0,0\">\ud83d\ude9a <b>Livraison \u00e0 domicile :<\/b> 8 TND<\/p>\n<p data-path-to-node=\"9,1,0\">\u23f1\ufe0f <b>D\u00e9lai :<\/b> 2 \u00e0 3 jours ouvrables<\/p>\n<p data-path-to-node=\"9,2,0\">\ud83d\udd01 <b>\u00c9change :<\/b> Possible (vous payez seulement les frais de livraison retour).<\/p>\n<p>&nbsp;<\/p>\n","protected":false},"featured_media":106572,"template":"","meta":[],"product_brand":[],"product_cat":[416,137,360,274,46,71],"product_tag":[],"class_list":{"0":"post-106564","1":"product","2":"type-product","3":"status-publish","4":"has-post-thumbnail","6":"product_cat-chemise","7":"product_cat-mode-femme","8":"product_cat-nouvelle-collection","9":"product_cat-veste-jeans-femme","10":"product_cat-vestes-blousons","11":"product_cat-vetements-femme","12":"pa_couleurs-petrole","13":"pa_taille-large","14":"pa_taille-moyenne","15":"pa_taille-small","16":"pa_taille-xl","19":"first","20":"instock","21":"taxable","22":"shipping-taxable","23":"purchasable","24":"product-type-variable"},"yoast_head":"<!-- This site is optimized with the Yoast SEO plugin v27.5 - https:\/\/yoast.com\/product\/yoast-seo-wordpress\/ -->\n<title>Veste en Denim Ceintur\u00e9e-311351-vog - Vog Tunisie<\/title>\n<meta name=\"robots\" content=\"index, follow, max-snippet:-1, max-image-preview:large, max-video-preview:-1\" \/>\n<link rel=\"canonical\" href=\"https:\/\/vog.com.tn\/?product=veste-en-denim-ceinturee-311351-vog\" \/>\n<meta property=\"og:locale\" content=\"fr_FR\" \/>\n<meta property=\"og:type\" content=\"article\" \/>\n<meta property=\"og:title\" content=\"Veste en Denim Ceintur\u00e9e-311351-vog - Vog Tunisie\" \/>\n<meta property=\"og:description\" content=\"Vente en ligne Veste\/Surchemise en Denim Ceintur\u00e9e pour femme    Coupe : Droite, l\u00e9g\u00e8rement ample et longue, type Shacket (chemise-veste).    Tissu : Denim (jean).    Fermeture : Boutons sur le devant.    D\u00e9tails : Ceinture amovible assortie \u00e0 nouer \u00e0 la taille.    Poches : Quatre poches plaqu\u00e9es : deux sur la poitrine avec rabat boutonn\u00e9 et deux grandes poches inf\u00e9rieures.    Style : Tendance, utilitaire et polyvalent.   \ud83d\ude9a Livraison \u00e0 domicile : 8 TND \u23f1\ufe0f D\u00e9lai : 2 \u00e0 3 jours ouvrables \ud83d\udd01 \u00c9change : Possible (vous payez seulement les frais de livraison retour). &nbsp;\" \/>\n<meta property=\"og:url\" content=\"https:\/\/vog.com.tn\/?product=veste-en-denim-ceinturee-311351-vog\" \/>\n<meta property=\"og:site_name\" content=\"Vog Tunisie\" \/>\n<meta property=\"article:modified_time\" content=\"2026-04-04T10:12:14+00:00\" \/>\n<meta property=\"og:image\" content=\"https:\/\/vog.com.tn\/wp-content\/uploads\/2025\/12\/311351-petrol-vog-2.jpg\" \/>\n\t<meta property=\"og:image:width\" content=\"572\" \/>\n\t<meta property=\"og:image:height\" content=\"800\" \/>\n\t<meta property=\"og:image:type\" content=\"image\/jpeg\" \/>\n<meta name=\"twitter:card\" content=\"summary_large_image\" \/>\n<meta name=\"twitter:label1\" content=\"Dur\u00e9e de lecture estim\u00e9e\" \/>\n\t<meta name=\"twitter:data1\" content=\"1 minute\" \/>\n<script type=\"application\/ld+json\" class=\"yoast-schema-graph\">{\"@context\":\"https:\\\/\\\/schema.org\",\"@graph\":[{\"@type\":\"WebPage\",\"@id\":\"https:\\\/\\\/vog.com.tn\\\/?product=veste-en-denim-ceinturee-311351-vog\",\"url\":\"https:\\\/\\\/vog.com.tn\\\/?product=veste-en-denim-ceinturee-311351-vog\",\"name\":\"Veste en Denim Ceintur\u00e9e-311351-vog - Vog Tunisie\",\"isPartOf\":{\"@id\":\"https:\\\/\\\/vog.com.tn\\\/#website\"},\"primaryImageOfPage\":{\"@id\":\"https:\\\/\\\/vog.com.tn\\\/?product=veste-en-denim-ceinturee-311351-vog#primaryimage\"},\"image\":{\"@id\":\"https:\\\/\\\/vog.com.tn\\\/?product=veste-en-denim-ceinturee-311351-vog#primaryimage\"},\"thumbnailUrl\":\"https:\\\/\\\/vog.com.tn\\\/wp-content\\\/uploads\\\/2025\\\/12\\\/311351-petrol-vog-2.jpg\",\"datePublished\":\"2025-12-12T14:24:14+00:00\",\"dateModified\":\"2026-04-04T10:12:14+00:00\",\"breadcrumb\":{\"@id\":\"https:\\\/\\\/vog.com.tn\\\/?product=veste-en-denim-ceinturee-311351-vog#breadcrumb\"},\"inLanguage\":\"fr-FR\",\"potentialAction\":[{\"@type\":\"ReadAction\",\"target\":[\"https:\\\/\\\/vog.com.tn\\\/?product=veste-en-denim-ceinturee-311351-vog\"]}]},{\"@type\":\"ImageObject\",\"inLanguage\":\"fr-FR\",\"@id\":\"https:\\\/\\\/vog.com.tn\\\/?product=veste-en-denim-ceinturee-311351-vog#primaryimage\",\"url\":\"https:\\\/\\\/vog.com.tn\\\/wp-content\\\/uploads\\\/2025\\\/12\\\/311351-petrol-vog-2.jpg\",\"contentUrl\":\"https:\\\/\\\/vog.com.tn\\\/wp-content\\\/uploads\\\/2025\\\/12\\\/311351-petrol-vog-2.jpg\",\"width\":572,\"height\":800},{\"@type\":\"BreadcrumbList\",\"@id\":\"https:\\\/\\\/vog.com.tn\\\/?product=veste-en-denim-ceinturee-311351-vog#breadcrumb\",\"itemListElement\":[{\"@type\":\"ListItem\",\"position\":1,\"name\":\"Home\",\"item\":\"https:\\\/\\\/vog.com.tn\\\/\"},{\"@type\":\"ListItem\",\"position\":2,\"name\":\"Produits\",\"item\":\"https:\\\/\\\/vog.com.tn\\\/?page_id=8\"},{\"@type\":\"ListItem\",\"position\":3,\"name\":\"Veste en Denim Ceintur\u00e9e-311351-vog\"}]},{\"@type\":\"WebSite\",\"@id\":\"https:\\\/\\\/vog.com.tn\\\/#website\",\"url\":\"https:\\\/\\\/vog.com.tn\\\/\",\"name\":\"Vog Tunisie\",\"description\":\"Pr\u00eat-\u00e0-porter\",\"potentialAction\":[{\"@type\":\"SearchAction\",\"target\":{\"@type\":\"EntryPoint\",\"urlTemplate\":\"https:\\\/\\\/vog.com.tn\\\/?s={search_term_string}\"},\"query-input\":{\"@type\":\"PropertyValueSpecification\",\"valueRequired\":true,\"valueName\":\"search_term_string\"}}],\"inLanguage\":\"fr-FR\"}]}<\/script>\n<!-- \/ Yoast SEO plugin. -->","yoast_head_json":{"title":"Veste en Denim Ceintur\u00e9e-311351-vog - Vog Tunisie","robots":{"index":"index","follow":"follow","max-snippet":"max-snippet:-1","max-image-preview":"max-image-preview:large","max-video-preview":"max-video-preview:-1"},"canonical":"https:\/\/vog.com.tn\/?product=veste-en-denim-ceinturee-311351-vog","og_locale":"fr_FR","og_type":"article","og_title":"Veste en Denim Ceintur\u00e9e-311351-vog - Vog Tunisie","og_description":"Vente en ligne Veste\/Surchemise en Denim Ceintur\u00e9e pour femme    Coupe : Droite, l\u00e9g\u00e8rement ample et longue, type Shacket (chemise-veste).    Tissu : Denim (jean).    Fermeture : Boutons sur le devant.    D\u00e9tails : Ceinture amovible assortie \u00e0 nouer \u00e0 la taille.    Poches : Quatre poches plaqu\u00e9es : deux sur la poitrine avec rabat boutonn\u00e9 et deux grandes poches inf\u00e9rieures.    Style : Tendance, utilitaire et polyvalent.   \ud83d\ude9a Livraison \u00e0 domicile : 8 TND \u23f1\ufe0f D\u00e9lai : 2 \u00e0 3 jours ouvrables \ud83d\udd01 \u00c9change : Possible (vous payez seulement les frais de livraison retour). &nbsp;","og_url":"https:\/\/vog.com.tn\/?product=veste-en-denim-ceinturee-311351-vog","og_site_name":"Vog Tunisie","article_modified_time":"2026-04-04T10:12:14+00:00","og_image":[{"width":572,"height":800,"url":"https:\/\/vog.com.tn\/wp-content\/uploads\/2025\/12\/311351-petrol-vog-2.jpg","type":"image\/jpeg"}],"twitter_card":"summary_large_image","twitter_misc":{"Dur\u00e9e de lecture estim\u00e9e":"1 minute"},"schema":{"@context":"https:\/\/schema.org","@graph":[{"@type":"WebPage","@id":"https:\/\/vog.com.tn\/?product=veste-en-denim-ceinturee-311351-vog","url":"https:\/\/vog.com.tn\/?product=veste-en-denim-ceinturee-311351-vog","name":"Veste en Denim Ceintur\u00e9e-311351-vog - Vog Tunisie","isPartOf":{"@id":"https:\/\/vog.com.tn\/#website"},"primaryImageOfPage":{"@id":"https:\/\/vog.com.tn\/?product=veste-en-denim-ceinturee-311351-vog#primaryimage"},"image":{"@id":"https:\/\/vog.com.tn\/?product=veste-en-denim-ceinturee-311351-vog#primaryimage"},"thumbnailUrl":"https:\/\/vog.com.tn\/wp-content\/uploads\/2025\/12\/311351-petrol-vog-2.jpg","datePublished":"2025-12-12T14:24:14+00:00","dateModified":"2026-04-04T10:12:14+00:00","breadcrumb":{"@id":"https:\/\/vog.com.tn\/?product=veste-en-denim-ceinturee-311351-vog#breadcrumb"},"inLanguage":"fr-FR","potentialAction":[{"@type":"ReadAction","target":["https:\/\/vog.com.tn\/?product=veste-en-denim-ceinturee-311351-vog"]}]},{"@type":"ImageObject","inLanguage":"fr-FR","@id":"https:\/\/vog.com.tn\/?product=veste-en-denim-ceinturee-311351-vog#primaryimage","url":"https:\/\/vog.com.tn\/wp-content\/uploads\/2025\/12\/311351-petrol-vog-2.jpg","contentUrl":"https:\/\/vog.com.tn\/wp-content\/uploads\/2025\/12\/311351-petrol-vog-2.jpg","width":572,"height":800},{"@type":"BreadcrumbList","@id":"https:\/\/vog.com.tn\/?product=veste-en-denim-ceinturee-311351-vog#breadcrumb","itemListElement":[{"@type":"ListItem","position":1,"name":"Home","item":"https:\/\/vog.com.tn\/"},{"@type":"ListItem","position":2,"name":"Produits","item":"https:\/\/vog.com.tn\/?page_id=8"},{"@type":"ListItem","position":3,"name":"Veste en Denim Ceintur\u00e9e-311351-vog"}]},{"@type":"WebSite","@id":"https:\/\/vog.com.tn\/#website","url":"https:\/\/vog.com.tn\/","name":"Vog Tunisie","description":"Pr\u00eat-\u00e0-porter","potentialAction":[{"@type":"SearchAction","target":{"@type":"EntryPoint","urlTemplate":"https:\/\/vog.com.tn\/?s={search_term_string}"},"query-input":{"@type":"PropertyValueSpecification","valueRequired":true,"valueName":"search_term_string"}}],"inLanguage":"fr-FR"}]}},"_links":{"self":[{"href":"https:\/\/vog.com.tn\/index.php?rest_route=\/wp\/v2\/product\/106564","targetHints":{"allow":["GET"]}}],"collection":[{"href":"https:\/\/vog.com.tn\/index.php?rest_route=\/wp\/v2\/product"}],"about":[{"href":"https:\/\/vog.com.tn\/index.php?rest_route=\/wp\/v2\/types\/product"}],"wp:featuredmedia":[{"embeddable":true,"href":"https:\/\/vog.com.tn\/index.php?rest_route=\/wp\/v2\/media\/106572"}],"wp:attachment":[{"href":"https:\/\/vog.com.tn\/index.php?rest_route=%2Fwp%2Fv2%2Fmedia&parent=106564"}],"wp:term":[{"taxonomy":"product_brand","embeddable":true,"href":"https:\/\/vog.com.tn\/index.php?rest_route=%2Fwp%2Fv2%2Fproduct_brand&post=106564"},{"taxonomy":"product_cat","embeddable":true,"href":"https:\/\/vog.com.tn\/index.php?rest_route=%2Fwp%2Fv2%2Fproduct_cat&post=106564"},{"taxonomy":"product_tag","embeddable":true,"href":"https:\/\/vog.com.tn\/index.php?rest_route=%2Fwp%2Fv2%2Fproduct_tag&post=106564"}],"curies":[{"name":"wp","href":"https:\/\/api.w.org\/{rel}","templated":true}]}}