{"id":107113,"date":"2025-12-15T11:57:49","date_gmt":"2025-12-15T10:57:49","guid":{"rendered":"https:\/\/vog.com.tn\/?post_type=product&#038;p=107113"},"modified":"2026-03-08T11:13:04","modified_gmt":"2026-03-08T10:13:04","slug":"debardeur-femme-312401-vog","status":"publish","type":"product","link":"https:\/\/vog.com.tn\/?product=debardeur-femme-312401-vog","title":{"rendered":"D\u00e9bardeur Femme-312401-VOG"},"content":{"rendered":"<p data-path-to-node=\"2\">Vog met en vente en ligne des d\u00e9bardeurs pour femme en Tunisie. Pr\u00e9parez-vous \u00e0 sublimer vos tenues avec nos d\u00e9bardeurs modernes et raffin\u00e9s. Parfaits pour apporter une touche chic et d\u00e9licate \u00e0 vos ensembles, ils sont con\u00e7us pour mettre en valeur votre style tout en assurant un confort optimal. Adoptez ce d\u00e9bardeur tendance et \u00e9l\u00e9gant pour traverser la saison avec panache.<\/p>\n","protected":false},"excerpt":{"rendered":"<p><strong>Vente en ligne d\u00e9bardeur \u00c9l\u00e9gant Broderie Florale pour femme.<\/strong><\/p>\n<p data-path-to-node=\"3\">Le haut parfait pour un look f\u00e9minin et raffin\u00e9, id\u00e9al pour les occasions sp\u00e9ciales.<\/p>\n<ul data-path-to-node=\"4\">\n<li>\n<p data-path-to-node=\"4,0,0\"><b>Couleur :<\/b> Blanc cass\u00e9 \/ Cr\u00e8me.<\/p>\n<\/li>\n<li>\n<p data-path-to-node=\"4,1,0\"><b>D\u00e9tails :<\/b> Magnifiques motifs floraux brod\u00e9s en relief, rehauss\u00e9s de fines paillettes pour un effet scintillant.<\/p>\n<\/li>\n<li>\n<p data-path-to-node=\"4,2,0\"><b>Coupe :<\/b> Sans manches, finition c\u00f4tel\u00e9e \u00e0 l&rsquo;ourlet.<\/p>\n<\/li>\n<li>\n<p data-path-to-node=\"4,3,0\"><b>Style :<\/b> Chic, d\u00e9licat et tr\u00e8s tendance.<\/p>\n<\/li>\n<\/ul>\n<p data-path-to-node=\"9,0,0\">\ud83d\ude9a <b>Livraison \u00e0 domicile :<\/b> 8 TND<\/p>\n<p data-path-to-node=\"9,1,0\">\u23f1\ufe0f <b>D\u00e9lai :<\/b> 2 \u00e0 3 jours ouvrables<\/p>\n<p data-path-to-node=\"9,2,0\">\ud83d\udd01 <b>\u00c9change :<\/b> Possible (vous payez seulement les frais de livraison retour).<\/p>\n<p>&nbsp;<\/p>\n","protected":false},"featured_media":107130,"template":"","meta":[],"product_brand":[],"product_cat":[503,137,360],"product_tag":[],"class_list":{"0":"post-107113","1":"product","2":"type-product","3":"status-publish","4":"has-post-thumbnail","6":"product_cat-debardeurs","7":"product_cat-mode-femme","8":"product_cat-nouvelle-collection","9":"pa_couleurs-b-rose","10":"pa_couleurs-b-vert","11":"pa_couleurs-beige","12":"pa_taille-tu","15":"first","16":"outofstock","17":"taxable","18":"shipping-taxable","19":"product-type-variable"},"yoast_head":"<!-- This site is optimized with the Yoast SEO plugin v27.5 - https:\/\/yoast.com\/product\/yoast-seo-wordpress\/ -->\n<title>D\u00e9bardeur Femme-312401-VOG - Vog Tunisie<\/title>\n<meta name=\"robots\" content=\"index, follow, max-snippet:-1, max-image-preview:large, max-video-preview:-1\" \/>\n<link rel=\"canonical\" href=\"https:\/\/vog.com.tn\/?product=debardeur-femme-312401-vog\" \/>\n<meta property=\"og:locale\" content=\"fr_FR\" \/>\n<meta property=\"og:type\" content=\"article\" \/>\n<meta property=\"og:title\" content=\"D\u00e9bardeur Femme-312401-VOG - Vog Tunisie\" \/>\n<meta property=\"og:description\" content=\"Vente en ligne d\u00e9bardeur \u00c9l\u00e9gant Broderie Florale pour femme. Le haut parfait pour un look f\u00e9minin et raffin\u00e9, id\u00e9al pour les occasions sp\u00e9ciales.     Couleur : Blanc cass\u00e9 \/ Cr\u00e8me.    D\u00e9tails : Magnifiques motifs floraux brod\u00e9s en relief, rehauss\u00e9s de fines paillettes pour un effet scintillant.    Coupe : Sans manches, finition c\u00f4tel\u00e9e \u00e0 l&#039;ourlet.    Style : Chic, d\u00e9licat et tr\u00e8s tendance.   \ud83d\ude9a Livraison \u00e0 domicile : 8 TND \u23f1\ufe0f D\u00e9lai : 2 \u00e0 3 jours ouvrables \ud83d\udd01 \u00c9change : Possible (vous payez seulement les frais de livraison retour). &nbsp;\" \/>\n<meta property=\"og:url\" content=\"https:\/\/vog.com.tn\/?product=debardeur-femme-312401-vog\" \/>\n<meta property=\"og:site_name\" content=\"Vog Tunisie\" \/>\n<meta property=\"article:modified_time\" content=\"2026-03-08T10:13:04+00:00\" \/>\n<meta property=\"og:image\" content=\"https:\/\/vog.com.tn\/wp-content\/uploads\/2025\/12\/312401-B-ROSE-VOG-1.jpg\" \/>\n\t<meta property=\"og:image:width\" content=\"572\" \/>\n\t<meta property=\"og:image:height\" content=\"800\" \/>\n\t<meta property=\"og:image:type\" content=\"image\/jpeg\" \/>\n<meta name=\"twitter:card\" content=\"summary_large_image\" \/>\n<meta name=\"twitter:label1\" content=\"Dur\u00e9e de lecture estim\u00e9e\" \/>\n\t<meta name=\"twitter:data1\" content=\"1 minute\" \/>\n<script type=\"application\/ld+json\" class=\"yoast-schema-graph\">{\"@context\":\"https:\\\/\\\/schema.org\",\"@graph\":[{\"@type\":\"WebPage\",\"@id\":\"https:\\\/\\\/vog.com.tn\\\/?product=debardeur-femme-312401-vog\",\"url\":\"https:\\\/\\\/vog.com.tn\\\/?product=debardeur-femme-312401-vog\",\"name\":\"D\u00e9bardeur Femme-312401-VOG - Vog Tunisie\",\"isPartOf\":{\"@id\":\"https:\\\/\\\/vog.com.tn\\\/#website\"},\"primaryImageOfPage\":{\"@id\":\"https:\\\/\\\/vog.com.tn\\\/?product=debardeur-femme-312401-vog#primaryimage\"},\"image\":{\"@id\":\"https:\\\/\\\/vog.com.tn\\\/?product=debardeur-femme-312401-vog#primaryimage\"},\"thumbnailUrl\":\"https:\\\/\\\/vog.com.tn\\\/wp-content\\\/uploads\\\/2025\\\/12\\\/312401-B-ROSE-VOG-1.jpg\",\"datePublished\":\"2025-12-15T10:57:49+00:00\",\"dateModified\":\"2026-03-08T10:13:04+00:00\",\"breadcrumb\":{\"@id\":\"https:\\\/\\\/vog.com.tn\\\/?product=debardeur-femme-312401-vog#breadcrumb\"},\"inLanguage\":\"fr-FR\",\"potentialAction\":[{\"@type\":\"ReadAction\",\"target\":[\"https:\\\/\\\/vog.com.tn\\\/?product=debardeur-femme-312401-vog\"]}]},{\"@type\":\"ImageObject\",\"inLanguage\":\"fr-FR\",\"@id\":\"https:\\\/\\\/vog.com.tn\\\/?product=debardeur-femme-312401-vog#primaryimage\",\"url\":\"https:\\\/\\\/vog.com.tn\\\/wp-content\\\/uploads\\\/2025\\\/12\\\/312401-B-ROSE-VOG-1.jpg\",\"contentUrl\":\"https:\\\/\\\/vog.com.tn\\\/wp-content\\\/uploads\\\/2025\\\/12\\\/312401-B-ROSE-VOG-1.jpg\",\"width\":572,\"height\":800},{\"@type\":\"BreadcrumbList\",\"@id\":\"https:\\\/\\\/vog.com.tn\\\/?product=debardeur-femme-312401-vog#breadcrumb\",\"itemListElement\":[{\"@type\":\"ListItem\",\"position\":1,\"name\":\"Home\",\"item\":\"https:\\\/\\\/vog.com.tn\\\/\"},{\"@type\":\"ListItem\",\"position\":2,\"name\":\"Produits\",\"item\":\"https:\\\/\\\/vog.com.tn\\\/?page_id=8\"},{\"@type\":\"ListItem\",\"position\":3,\"name\":\"D\u00e9bardeur Femme-312401-VOG\"}]},{\"@type\":\"WebSite\",\"@id\":\"https:\\\/\\\/vog.com.tn\\\/#website\",\"url\":\"https:\\\/\\\/vog.com.tn\\\/\",\"name\":\"Vog Tunisie\",\"description\":\"Pr\u00eat-\u00e0-porter\",\"potentialAction\":[{\"@type\":\"SearchAction\",\"target\":{\"@type\":\"EntryPoint\",\"urlTemplate\":\"https:\\\/\\\/vog.com.tn\\\/?s={search_term_string}\"},\"query-input\":{\"@type\":\"PropertyValueSpecification\",\"valueRequired\":true,\"valueName\":\"search_term_string\"}}],\"inLanguage\":\"fr-FR\"}]}<\/script>\n<!-- \/ Yoast SEO plugin. -->","yoast_head_json":{"title":"D\u00e9bardeur Femme-312401-VOG - Vog Tunisie","robots":{"index":"index","follow":"follow","max-snippet":"max-snippet:-1","max-image-preview":"max-image-preview:large","max-video-preview":"max-video-preview:-1"},"canonical":"https:\/\/vog.com.tn\/?product=debardeur-femme-312401-vog","og_locale":"fr_FR","og_type":"article","og_title":"D\u00e9bardeur Femme-312401-VOG - Vog Tunisie","og_description":"Vente en ligne d\u00e9bardeur \u00c9l\u00e9gant Broderie Florale pour femme. Le haut parfait pour un look f\u00e9minin et raffin\u00e9, id\u00e9al pour les occasions sp\u00e9ciales.     Couleur : Blanc cass\u00e9 \/ Cr\u00e8me.    D\u00e9tails : Magnifiques motifs floraux brod\u00e9s en relief, rehauss\u00e9s de fines paillettes pour un effet scintillant.    Coupe : Sans manches, finition c\u00f4tel\u00e9e \u00e0 l'ourlet.    Style : Chic, d\u00e9licat et tr\u00e8s tendance.   \ud83d\ude9a Livraison \u00e0 domicile : 8 TND \u23f1\ufe0f D\u00e9lai : 2 \u00e0 3 jours ouvrables \ud83d\udd01 \u00c9change : Possible (vous payez seulement les frais de livraison retour). &nbsp;","og_url":"https:\/\/vog.com.tn\/?product=debardeur-femme-312401-vog","og_site_name":"Vog Tunisie","article_modified_time":"2026-03-08T10:13:04+00:00","og_image":[{"width":572,"height":800,"url":"https:\/\/vog.com.tn\/wp-content\/uploads\/2025\/12\/312401-B-ROSE-VOG-1.jpg","type":"image\/jpeg"}],"twitter_card":"summary_large_image","twitter_misc":{"Dur\u00e9e de lecture estim\u00e9e":"1 minute"},"schema":{"@context":"https:\/\/schema.org","@graph":[{"@type":"WebPage","@id":"https:\/\/vog.com.tn\/?product=debardeur-femme-312401-vog","url":"https:\/\/vog.com.tn\/?product=debardeur-femme-312401-vog","name":"D\u00e9bardeur Femme-312401-VOG - Vog Tunisie","isPartOf":{"@id":"https:\/\/vog.com.tn\/#website"},"primaryImageOfPage":{"@id":"https:\/\/vog.com.tn\/?product=debardeur-femme-312401-vog#primaryimage"},"image":{"@id":"https:\/\/vog.com.tn\/?product=debardeur-femme-312401-vog#primaryimage"},"thumbnailUrl":"https:\/\/vog.com.tn\/wp-content\/uploads\/2025\/12\/312401-B-ROSE-VOG-1.jpg","datePublished":"2025-12-15T10:57:49+00:00","dateModified":"2026-03-08T10:13:04+00:00","breadcrumb":{"@id":"https:\/\/vog.com.tn\/?product=debardeur-femme-312401-vog#breadcrumb"},"inLanguage":"fr-FR","potentialAction":[{"@type":"ReadAction","target":["https:\/\/vog.com.tn\/?product=debardeur-femme-312401-vog"]}]},{"@type":"ImageObject","inLanguage":"fr-FR","@id":"https:\/\/vog.com.tn\/?product=debardeur-femme-312401-vog#primaryimage","url":"https:\/\/vog.com.tn\/wp-content\/uploads\/2025\/12\/312401-B-ROSE-VOG-1.jpg","contentUrl":"https:\/\/vog.com.tn\/wp-content\/uploads\/2025\/12\/312401-B-ROSE-VOG-1.jpg","width":572,"height":800},{"@type":"BreadcrumbList","@id":"https:\/\/vog.com.tn\/?product=debardeur-femme-312401-vog#breadcrumb","itemListElement":[{"@type":"ListItem","position":1,"name":"Home","item":"https:\/\/vog.com.tn\/"},{"@type":"ListItem","position":2,"name":"Produits","item":"https:\/\/vog.com.tn\/?page_id=8"},{"@type":"ListItem","position":3,"name":"D\u00e9bardeur Femme-312401-VOG"}]},{"@type":"WebSite","@id":"https:\/\/vog.com.tn\/#website","url":"https:\/\/vog.com.tn\/","name":"Vog Tunisie","description":"Pr\u00eat-\u00e0-porter","potentialAction":[{"@type":"SearchAction","target":{"@type":"EntryPoint","urlTemplate":"https:\/\/vog.com.tn\/?s={search_term_string}"},"query-input":{"@type":"PropertyValueSpecification","valueRequired":true,"valueName":"search_term_string"}}],"inLanguage":"fr-FR"}]}},"_links":{"self":[{"href":"https:\/\/vog.com.tn\/index.php?rest_route=\/wp\/v2\/product\/107113","targetHints":{"allow":["GET"]}}],"collection":[{"href":"https:\/\/vog.com.tn\/index.php?rest_route=\/wp\/v2\/product"}],"about":[{"href":"https:\/\/vog.com.tn\/index.php?rest_route=\/wp\/v2\/types\/product"}],"wp:featuredmedia":[{"embeddable":true,"href":"https:\/\/vog.com.tn\/index.php?rest_route=\/wp\/v2\/media\/107130"}],"wp:attachment":[{"href":"https:\/\/vog.com.tn\/index.php?rest_route=%2Fwp%2Fv2%2Fmedia&parent=107113"}],"wp:term":[{"taxonomy":"product_brand","embeddable":true,"href":"https:\/\/vog.com.tn\/index.php?rest_route=%2Fwp%2Fv2%2Fproduct_brand&post=107113"},{"taxonomy":"product_cat","embeddable":true,"href":"https:\/\/vog.com.tn\/index.php?rest_route=%2Fwp%2Fv2%2Fproduct_cat&post=107113"},{"taxonomy":"product_tag","embeddable":true,"href":"https:\/\/vog.com.tn\/index.php?rest_route=%2Fwp%2Fv2%2Fproduct_tag&post=107113"}],"curies":[{"name":"wp","href":"https:\/\/api.w.org\/{rel}","templated":true}]}}