{"id":107190,"date":"2025-12-15T16:55:26","date_gmt":"2025-12-15T15:55:26","guid":{"rendered":"https:\/\/vog.com.tn\/?post_type=product&#038;p=107190"},"modified":"2026-05-03T12:11:52","modified_gmt":"2026-05-03T10:11:52","slug":"escarpins-femme-315600-vog","status":"publish","type":"product","link":"https:\/\/vog.com.tn\/?product=escarpins-femme-315600-vog","title":{"rendered":"Escarpins Femme \u2013 315600 \u2013 VOG"},"content":{"rendered":"<p>Pour les belles soir\u00e9es, habill\u00e9es vos pieds avec ces Escarpins f\u00e9minines, souples, confortables et facile \u00e0 porter avec une coupe originale et \u00e9l\u00e9gante. L\u2019escarpin reste une source d\u2019inspiration intarissable chez les cr\u00e9ateurs de mode. Des plus prestigieuses maisons aux marques accessibles, la chaussure embl\u00e9matique se d\u00e9cline avec autant de cr\u00e9ativit\u00e9 que de justesse pour une silhouette toujours plus \u00e9l\u00e9gante.<\/p>\n","protected":false},"excerpt":{"rendered":"<p>Vente en ligne escarpins pour femme.<\/p>\n<ul data-path-to-node=\"3\">\n<li>\n<p data-path-to-node=\"3,0,0\"><b>Style :<\/b> Escarpins modernes, parfaits pour les \u00e9v\u00e9nements ou le bureau.<\/p>\n<\/li>\n<li>\n<p data-path-to-node=\"3,1,0\"><b>Forme :<\/b> Bout pointu tr\u00e8s chic.<\/p>\n<\/li>\n<li>\n<p data-path-to-node=\"3,2,0\"><b>D\u00e9tail :<\/b> Bride arri\u00e8re r\u00e9glable pour un bon maintien.<\/p>\n<\/li>\n<li>\n<p data-path-to-node=\"3,2,0\"><b>Talon :<\/b> Talon bloc (carr\u00e9) \u00e9pais et stable, pour le confort sans sacrifier la hauteur.<\/p>\n<\/li>\n<\/ul>\n<p data-path-to-node=\"6,0,0\"><b>\ud83d\ude9a Livraison \u00e0 Domicile :<\/b> <b>8 TND<\/b><\/p>\n<p data-path-to-node=\"6,1,0\"><b>\u23f1\ufe0f D\u00e9lai :<\/b> 2 \u00e0 3 jours ouvrables<\/p>\n<p data-path-to-node=\"6,2,0\"><b>\ud83d\udd01 \u00c9change :<\/b> Possible (vous payez seulement les frais de livraison retour).<\/p>\n<p>&nbsp;<\/p>\n","protected":false},"featured_media":107220,"template":"","meta":[],"product_brand":[],"product_cat":[96,131,137,360],"product_tag":[],"class_list":{"0":"post-107190","1":"product","2":"type-product","3":"status-publish","4":"has-post-thumbnail","6":"product_cat-chaussures-femme","7":"product_cat-escarpins-femme","8":"product_cat-mode-femme","9":"product_cat-nouvelle-collection","10":"pa_couleurs-beige","11":"pa_couleurs-blanc","12":"pa_couleurs-bronze","13":"pa_couleurs-noir","14":"pa_pointure-105","15":"pa_pointure-106","16":"pa_pointure-107","17":"pa_pointure-108","18":"pa_pointure-109","19":"pa_pointure-110","22":"first","23":"instock","24":"taxable","25":"shipping-taxable","26":"purchasable","27":"product-type-variable"},"yoast_head":"<!-- This site is optimized with the Yoast SEO plugin v27.5 - https:\/\/yoast.com\/product\/yoast-seo-wordpress\/ -->\n<title>Escarpins Femme \u2013 315600 \u2013 VOG - Vog Tunisie<\/title>\n<meta name=\"robots\" content=\"index, follow, max-snippet:-1, max-image-preview:large, max-video-preview:-1\" \/>\n<link rel=\"canonical\" href=\"https:\/\/vog.com.tn\/?product=escarpins-femme-315600-vog\" \/>\n<meta property=\"og:locale\" content=\"fr_FR\" \/>\n<meta property=\"og:type\" content=\"article\" \/>\n<meta property=\"og:title\" content=\"Escarpins Femme \u2013 315600 \u2013 VOG - Vog Tunisie\" \/>\n<meta property=\"og:description\" content=\"Vente en ligne escarpins pour femme.    Style : Escarpins modernes, parfaits pour les \u00e9v\u00e9nements ou le bureau.    Forme : Bout pointu tr\u00e8s chic.    D\u00e9tail : Bride arri\u00e8re r\u00e9glable pour un bon maintien.    Talon : Talon bloc (carr\u00e9) \u00e9pais et stable, pour le confort sans sacrifier la hauteur.   \ud83d\ude9a Livraison \u00e0 Domicile : 8 TND \u23f1\ufe0f D\u00e9lai : 2 \u00e0 3 jours ouvrables \ud83d\udd01 \u00c9change : Possible (vous payez seulement les frais de livraison retour). &nbsp;\" \/>\n<meta property=\"og:url\" content=\"https:\/\/vog.com.tn\/?product=escarpins-femme-315600-vog\" \/>\n<meta property=\"og:site_name\" content=\"Vog Tunisie\" \/>\n<meta property=\"article:modified_time\" content=\"2026-05-03T10:11:52+00:00\" \/>\n<meta property=\"og:image\" content=\"https:\/\/vog.com.tn\/wp-content\/uploads\/2025\/12\/315600-blanc-vog-2.jpg\" \/>\n\t<meta property=\"og:image:width\" content=\"572\" \/>\n\t<meta property=\"og:image:height\" content=\"800\" \/>\n\t<meta property=\"og:image:type\" content=\"image\/jpeg\" \/>\n<meta name=\"twitter:card\" content=\"summary_large_image\" \/>\n<meta name=\"twitter:label1\" content=\"Dur\u00e9e de lecture estim\u00e9e\" \/>\n\t<meta name=\"twitter:data1\" content=\"1 minute\" \/>\n<script type=\"application\/ld+json\" class=\"yoast-schema-graph\">{\"@context\":\"https:\\\/\\\/schema.org\",\"@graph\":[{\"@type\":\"WebPage\",\"@id\":\"https:\\\/\\\/vog.com.tn\\\/?product=escarpins-femme-315600-vog\",\"url\":\"https:\\\/\\\/vog.com.tn\\\/?product=escarpins-femme-315600-vog\",\"name\":\"Escarpins Femme \u2013 315600 \u2013 VOG - Vog Tunisie\",\"isPartOf\":{\"@id\":\"https:\\\/\\\/vog.com.tn\\\/#website\"},\"primaryImageOfPage\":{\"@id\":\"https:\\\/\\\/vog.com.tn\\\/?product=escarpins-femme-315600-vog#primaryimage\"},\"image\":{\"@id\":\"https:\\\/\\\/vog.com.tn\\\/?product=escarpins-femme-315600-vog#primaryimage\"},\"thumbnailUrl\":\"https:\\\/\\\/vog.com.tn\\\/wp-content\\\/uploads\\\/2025\\\/12\\\/315600-blanc-vog-2.jpg\",\"datePublished\":\"2025-12-15T15:55:26+00:00\",\"dateModified\":\"2026-05-03T10:11:52+00:00\",\"breadcrumb\":{\"@id\":\"https:\\\/\\\/vog.com.tn\\\/?product=escarpins-femme-315600-vog#breadcrumb\"},\"inLanguage\":\"fr-FR\",\"potentialAction\":[{\"@type\":\"ReadAction\",\"target\":[\"https:\\\/\\\/vog.com.tn\\\/?product=escarpins-femme-315600-vog\"]}]},{\"@type\":\"ImageObject\",\"inLanguage\":\"fr-FR\",\"@id\":\"https:\\\/\\\/vog.com.tn\\\/?product=escarpins-femme-315600-vog#primaryimage\",\"url\":\"https:\\\/\\\/vog.com.tn\\\/wp-content\\\/uploads\\\/2025\\\/12\\\/315600-blanc-vog-2.jpg\",\"contentUrl\":\"https:\\\/\\\/vog.com.tn\\\/wp-content\\\/uploads\\\/2025\\\/12\\\/315600-blanc-vog-2.jpg\",\"width\":572,\"height\":800},{\"@type\":\"BreadcrumbList\",\"@id\":\"https:\\\/\\\/vog.com.tn\\\/?product=escarpins-femme-315600-vog#breadcrumb\",\"itemListElement\":[{\"@type\":\"ListItem\",\"position\":1,\"name\":\"Home\",\"item\":\"https:\\\/\\\/vog.com.tn\\\/\"},{\"@type\":\"ListItem\",\"position\":2,\"name\":\"Produits\",\"item\":\"https:\\\/\\\/vog.com.tn\\\/?page_id=8\"},{\"@type\":\"ListItem\",\"position\":3,\"name\":\"Escarpins Femme \u2013 315600 \u2013 VOG\"}]},{\"@type\":\"WebSite\",\"@id\":\"https:\\\/\\\/vog.com.tn\\\/#website\",\"url\":\"https:\\\/\\\/vog.com.tn\\\/\",\"name\":\"Vog Tunisie\",\"description\":\"Pr\u00eat-\u00e0-porter\",\"potentialAction\":[{\"@type\":\"SearchAction\",\"target\":{\"@type\":\"EntryPoint\",\"urlTemplate\":\"https:\\\/\\\/vog.com.tn\\\/?s={search_term_string}\"},\"query-input\":{\"@type\":\"PropertyValueSpecification\",\"valueRequired\":true,\"valueName\":\"search_term_string\"}}],\"inLanguage\":\"fr-FR\"}]}<\/script>\n<!-- \/ Yoast SEO plugin. -->","yoast_head_json":{"title":"Escarpins Femme \u2013 315600 \u2013 VOG - Vog Tunisie","robots":{"index":"index","follow":"follow","max-snippet":"max-snippet:-1","max-image-preview":"max-image-preview:large","max-video-preview":"max-video-preview:-1"},"canonical":"https:\/\/vog.com.tn\/?product=escarpins-femme-315600-vog","og_locale":"fr_FR","og_type":"article","og_title":"Escarpins Femme \u2013 315600 \u2013 VOG - Vog Tunisie","og_description":"Vente en ligne escarpins pour femme.    Style : Escarpins modernes, parfaits pour les \u00e9v\u00e9nements ou le bureau.    Forme : Bout pointu tr\u00e8s chic.    D\u00e9tail : Bride arri\u00e8re r\u00e9glable pour un bon maintien.    Talon : Talon bloc (carr\u00e9) \u00e9pais et stable, pour le confort sans sacrifier la hauteur.   \ud83d\ude9a Livraison \u00e0 Domicile : 8 TND \u23f1\ufe0f D\u00e9lai : 2 \u00e0 3 jours ouvrables \ud83d\udd01 \u00c9change : Possible (vous payez seulement les frais de livraison retour). &nbsp;","og_url":"https:\/\/vog.com.tn\/?product=escarpins-femme-315600-vog","og_site_name":"Vog Tunisie","article_modified_time":"2026-05-03T10:11:52+00:00","og_image":[{"width":572,"height":800,"url":"https:\/\/vog.com.tn\/wp-content\/uploads\/2025\/12\/315600-blanc-vog-2.jpg","type":"image\/jpeg"}],"twitter_card":"summary_large_image","twitter_misc":{"Dur\u00e9e de lecture estim\u00e9e":"1 minute"},"schema":{"@context":"https:\/\/schema.org","@graph":[{"@type":"WebPage","@id":"https:\/\/vog.com.tn\/?product=escarpins-femme-315600-vog","url":"https:\/\/vog.com.tn\/?product=escarpins-femme-315600-vog","name":"Escarpins Femme \u2013 315600 \u2013 VOG - Vog Tunisie","isPartOf":{"@id":"https:\/\/vog.com.tn\/#website"},"primaryImageOfPage":{"@id":"https:\/\/vog.com.tn\/?product=escarpins-femme-315600-vog#primaryimage"},"image":{"@id":"https:\/\/vog.com.tn\/?product=escarpins-femme-315600-vog#primaryimage"},"thumbnailUrl":"https:\/\/vog.com.tn\/wp-content\/uploads\/2025\/12\/315600-blanc-vog-2.jpg","datePublished":"2025-12-15T15:55:26+00:00","dateModified":"2026-05-03T10:11:52+00:00","breadcrumb":{"@id":"https:\/\/vog.com.tn\/?product=escarpins-femme-315600-vog#breadcrumb"},"inLanguage":"fr-FR","potentialAction":[{"@type":"ReadAction","target":["https:\/\/vog.com.tn\/?product=escarpins-femme-315600-vog"]}]},{"@type":"ImageObject","inLanguage":"fr-FR","@id":"https:\/\/vog.com.tn\/?product=escarpins-femme-315600-vog#primaryimage","url":"https:\/\/vog.com.tn\/wp-content\/uploads\/2025\/12\/315600-blanc-vog-2.jpg","contentUrl":"https:\/\/vog.com.tn\/wp-content\/uploads\/2025\/12\/315600-blanc-vog-2.jpg","width":572,"height":800},{"@type":"BreadcrumbList","@id":"https:\/\/vog.com.tn\/?product=escarpins-femme-315600-vog#breadcrumb","itemListElement":[{"@type":"ListItem","position":1,"name":"Home","item":"https:\/\/vog.com.tn\/"},{"@type":"ListItem","position":2,"name":"Produits","item":"https:\/\/vog.com.tn\/?page_id=8"},{"@type":"ListItem","position":3,"name":"Escarpins Femme \u2013 315600 \u2013 VOG"}]},{"@type":"WebSite","@id":"https:\/\/vog.com.tn\/#website","url":"https:\/\/vog.com.tn\/","name":"Vog Tunisie","description":"Pr\u00eat-\u00e0-porter","potentialAction":[{"@type":"SearchAction","target":{"@type":"EntryPoint","urlTemplate":"https:\/\/vog.com.tn\/?s={search_term_string}"},"query-input":{"@type":"PropertyValueSpecification","valueRequired":true,"valueName":"search_term_string"}}],"inLanguage":"fr-FR"}]}},"_links":{"self":[{"href":"https:\/\/vog.com.tn\/index.php?rest_route=\/wp\/v2\/product\/107190","targetHints":{"allow":["GET"]}}],"collection":[{"href":"https:\/\/vog.com.tn\/index.php?rest_route=\/wp\/v2\/product"}],"about":[{"href":"https:\/\/vog.com.tn\/index.php?rest_route=\/wp\/v2\/types\/product"}],"wp:featuredmedia":[{"embeddable":true,"href":"https:\/\/vog.com.tn\/index.php?rest_route=\/wp\/v2\/media\/107220"}],"wp:attachment":[{"href":"https:\/\/vog.com.tn\/index.php?rest_route=%2Fwp%2Fv2%2Fmedia&parent=107190"}],"wp:term":[{"taxonomy":"product_brand","embeddable":true,"href":"https:\/\/vog.com.tn\/index.php?rest_route=%2Fwp%2Fv2%2Fproduct_brand&post=107190"},{"taxonomy":"product_cat","embeddable":true,"href":"https:\/\/vog.com.tn\/index.php?rest_route=%2Fwp%2Fv2%2Fproduct_cat&post=107190"},{"taxonomy":"product_tag","embeddable":true,"href":"https:\/\/vog.com.tn\/index.php?rest_route=%2Fwp%2Fv2%2Fproduct_tag&post=107190"}],"curies":[{"name":"wp","href":"https:\/\/api.w.org\/{rel}","templated":true}]}}