{"id":107498,"date":"2025-12-18T16:32:08","date_gmt":"2025-12-18T15:32:08","guid":{"rendered":"https:\/\/vog.com.tn\/?post_type=product&#038;p=107498"},"modified":"2026-04-11T12:12:09","modified_gmt":"2026-04-11T10:12:09","slug":"mocassins-femme-315408-vog","status":"publish","type":"product","link":"https:\/\/vog.com.tn\/?product=mocassins-femme-315408-vog","title":{"rendered":"Mocassins Femme \u2013315408-VOG"},"content":{"rendered":"<p>Les mocassins sont un choix intemporel qui s\u2019adapte \u00e0 toutes les saisons et \u00e0 tous les styles. Leur confort et leur polyvalence en font des alli\u00e9s indispensables, que ce soit pour une journ\u00e9e d\u00e9contract\u00e9e ou une occasion plus habill\u00e9e. De leur c\u00f4t\u00e9, les baskets ou tennis en toile sont des chaussures id\u00e9ales pour la mi-saison, offrant un parfait \u00e9quilibre entre l\u00e9g\u00e8ret\u00e9 et praticit\u00e9. Ces mod\u00e8les, avec leur touche ethnique-chic, peuvent \u00eatre port\u00e9s \u00e0 tout moment et en toute circonstance, que vous optiez pour un look casual chic, un style working girl, ou une allure romantico-champ\u00eatre.<\/p>\n","protected":false},"excerpt":{"rendered":"<p data-start=\"40\" data-end=\"82\"><strong data-start=\"40\" data-end=\"80\">Vente en ligne mocassins pour femme.<\/strong><\/p>\n<ul>\n<li>\n<p data-path-to-node=\"3,0,0\"><b data-path-to-node=\"3,0,0\" data-index-in-node=\"0\">Style :<\/b> Mocassins en mati\u00e8re douce et agr\u00e9able au toucher.<\/p>\n<\/li>\n<li>\n<p data-path-to-node=\"3,1,0\"><b data-path-to-node=\"3,1,0\" data-index-in-node=\"0\">D\u00e9tail :<\/b> \u00c9l\u00e9gant n\u0153ud d\u00e9coratif sur le dessus avec une petite touche de m\u00e9tal dor\u00e9.<\/p>\n<\/li>\n<li>\n<p data-path-to-node=\"3,2,0\"><b data-path-to-node=\"3,2,0\" data-index-in-node=\"0\">Finition :<\/b> Jolie bordure contrastante qui souligne la forme de la chaussure.<\/p>\n<\/li>\n<li>\n<p data-path-to-node=\"3,3,0\"><b data-path-to-node=\"3,3,0\" data-index-in-node=\"0\">Confort :<\/b> Semelle plate l\u00e9g\u00e8re et souple, con\u00e7ue pour un confort quotidien.<\/p>\n<\/li>\n<li>\n<p data-path-to-node=\"3,4,0\"><b data-path-to-node=\"3,4,0\" data-index-in-node=\"0\">Look :<\/b> Parfaits pour ajouter une touche f\u00e9minine et \u00e9l\u00e9gante \u00e0 toutes vos tenues.<\/p>\n<\/li>\n<\/ul>\n<p data-path-to-node=\"6,0,0\"><b data-path-to-node=\"6,0,0\" data-index-in-node=\"0\">\ud83d\ude9a Livraison \u00e0 Domicile :<\/b> 8 TND<\/p>\n<p data-path-to-node=\"6,1,0\"><b data-path-to-node=\"6,1,0\" data-index-in-node=\"0\">\u23f1\ufe0f D\u00e9lai :<\/b> 2 \u00e0 3 jours ouvrables<\/p>\n<p data-path-to-node=\"6,2,0\"><b data-path-to-node=\"6,2,0\" data-index-in-node=\"0\">\ud83d\udd01 \u00c9change :<\/b> Possible (vous payez seulement les frais de livraison retour).<\/p>\n<p>&nbsp;<\/p>\n","protected":false},"featured_media":107515,"template":"","meta":[],"product_brand":[],"product_cat":[96,128,137,360],"product_tag":[],"class_list":{"0":"post-107498","1":"product","2":"type-product","3":"status-publish","4":"has-post-thumbnail","6":"product_cat-chaussures-femme","7":"product_cat-mocassins-ballerines-femme","8":"product_cat-mode-femme","9":"product_cat-nouvelle-collection","10":"pa_couleurs-beige","11":"pa_couleurs-taupe","12":"pa_pointure-105","13":"pa_pointure-106","14":"pa_pointure-107","15":"pa_pointure-108","16":"pa_pointure-109","17":"pa_pointure-110","20":"first","21":"outofstock","22":"taxable","23":"shipping-taxable","24":"product-type-variable"},"yoast_head":"<!-- This site is optimized with the Yoast SEO plugin v27.5 - https:\/\/yoast.com\/product\/yoast-seo-wordpress\/ -->\n<title>Mocassins Femme \u2013315408-VOG - Vog Tunisie<\/title>\n<meta name=\"robots\" content=\"index, follow, max-snippet:-1, max-image-preview:large, max-video-preview:-1\" \/>\n<link rel=\"canonical\" href=\"https:\/\/vog.com.tn\/?product=mocassins-femme-315408-vog\" \/>\n<meta property=\"og:locale\" content=\"fr_FR\" \/>\n<meta property=\"og:type\" content=\"article\" \/>\n<meta property=\"og:title\" content=\"Mocassins Femme \u2013315408-VOG - Vog Tunisie\" \/>\n<meta property=\"og:description\" content=\"Vente en ligne mocassins pour femme.     Style : Mocassins en mati\u00e8re douce et agr\u00e9able au toucher.    D\u00e9tail : \u00c9l\u00e9gant n\u0153ud d\u00e9coratif sur le dessus avec une petite touche de m\u00e9tal dor\u00e9.    Finition : Jolie bordure contrastante qui souligne la forme de la chaussure.    Confort : Semelle plate l\u00e9g\u00e8re et souple, con\u00e7ue pour un confort quotidien.    Look : Parfaits pour ajouter une touche f\u00e9minine et \u00e9l\u00e9gante \u00e0 toutes vos tenues.   \ud83d\ude9a Livraison \u00e0 Domicile : 8 TND \u23f1\ufe0f D\u00e9lai : 2 \u00e0 3 jours ouvrables \ud83d\udd01 \u00c9change : Possible (vous payez seulement les frais de livraison retour). &nbsp;\" \/>\n<meta property=\"og:url\" content=\"https:\/\/vog.com.tn\/?product=mocassins-femme-315408-vog\" \/>\n<meta property=\"og:site_name\" content=\"Vog Tunisie\" \/>\n<meta property=\"article:modified_time\" content=\"2026-04-11T10:12:09+00:00\" \/>\n<meta property=\"og:image\" content=\"https:\/\/vog.com.tn\/wp-content\/uploads\/2025\/12\/315408-taupe-vog-1.jpg\" \/>\n\t<meta property=\"og:image:width\" content=\"572\" \/>\n\t<meta property=\"og:image:height\" content=\"800\" \/>\n\t<meta property=\"og:image:type\" content=\"image\/jpeg\" \/>\n<meta name=\"twitter:card\" content=\"summary_large_image\" \/>\n<meta name=\"twitter:label1\" content=\"Dur\u00e9e de lecture estim\u00e9e\" \/>\n\t<meta name=\"twitter:data1\" content=\"1 minute\" \/>\n<script type=\"application\/ld+json\" class=\"yoast-schema-graph\">{\"@context\":\"https:\\\/\\\/schema.org\",\"@graph\":[{\"@type\":\"WebPage\",\"@id\":\"https:\\\/\\\/vog.com.tn\\\/?product=mocassins-femme-315408-vog\",\"url\":\"https:\\\/\\\/vog.com.tn\\\/?product=mocassins-femme-315408-vog\",\"name\":\"Mocassins Femme \u2013315408-VOG - Vog Tunisie\",\"isPartOf\":{\"@id\":\"https:\\\/\\\/vog.com.tn\\\/#website\"},\"primaryImageOfPage\":{\"@id\":\"https:\\\/\\\/vog.com.tn\\\/?product=mocassins-femme-315408-vog#primaryimage\"},\"image\":{\"@id\":\"https:\\\/\\\/vog.com.tn\\\/?product=mocassins-femme-315408-vog#primaryimage\"},\"thumbnailUrl\":\"https:\\\/\\\/vog.com.tn\\\/wp-content\\\/uploads\\\/2025\\\/12\\\/315408-taupe-vog-1.jpg\",\"datePublished\":\"2025-12-18T15:32:08+00:00\",\"dateModified\":\"2026-04-11T10:12:09+00:00\",\"breadcrumb\":{\"@id\":\"https:\\\/\\\/vog.com.tn\\\/?product=mocassins-femme-315408-vog#breadcrumb\"},\"inLanguage\":\"fr-FR\",\"potentialAction\":[{\"@type\":\"ReadAction\",\"target\":[\"https:\\\/\\\/vog.com.tn\\\/?product=mocassins-femme-315408-vog\"]}]},{\"@type\":\"ImageObject\",\"inLanguage\":\"fr-FR\",\"@id\":\"https:\\\/\\\/vog.com.tn\\\/?product=mocassins-femme-315408-vog#primaryimage\",\"url\":\"https:\\\/\\\/vog.com.tn\\\/wp-content\\\/uploads\\\/2025\\\/12\\\/315408-taupe-vog-1.jpg\",\"contentUrl\":\"https:\\\/\\\/vog.com.tn\\\/wp-content\\\/uploads\\\/2025\\\/12\\\/315408-taupe-vog-1.jpg\",\"width\":572,\"height\":800},{\"@type\":\"BreadcrumbList\",\"@id\":\"https:\\\/\\\/vog.com.tn\\\/?product=mocassins-femme-315408-vog#breadcrumb\",\"itemListElement\":[{\"@type\":\"ListItem\",\"position\":1,\"name\":\"Home\",\"item\":\"https:\\\/\\\/vog.com.tn\\\/\"},{\"@type\":\"ListItem\",\"position\":2,\"name\":\"Produits\",\"item\":\"https:\\\/\\\/vog.com.tn\\\/?page_id=8\"},{\"@type\":\"ListItem\",\"position\":3,\"name\":\"Mocassins Femme \u2013315408-VOG\"}]},{\"@type\":\"WebSite\",\"@id\":\"https:\\\/\\\/vog.com.tn\\\/#website\",\"url\":\"https:\\\/\\\/vog.com.tn\\\/\",\"name\":\"Vog Tunisie\",\"description\":\"Pr\u00eat-\u00e0-porter\",\"potentialAction\":[{\"@type\":\"SearchAction\",\"target\":{\"@type\":\"EntryPoint\",\"urlTemplate\":\"https:\\\/\\\/vog.com.tn\\\/?s={search_term_string}\"},\"query-input\":{\"@type\":\"PropertyValueSpecification\",\"valueRequired\":true,\"valueName\":\"search_term_string\"}}],\"inLanguage\":\"fr-FR\"}]}<\/script>\n<!-- \/ Yoast SEO plugin. -->","yoast_head_json":{"title":"Mocassins Femme \u2013315408-VOG - Vog Tunisie","robots":{"index":"index","follow":"follow","max-snippet":"max-snippet:-1","max-image-preview":"max-image-preview:large","max-video-preview":"max-video-preview:-1"},"canonical":"https:\/\/vog.com.tn\/?product=mocassins-femme-315408-vog","og_locale":"fr_FR","og_type":"article","og_title":"Mocassins Femme \u2013315408-VOG - Vog Tunisie","og_description":"Vente en ligne mocassins pour femme.     Style : Mocassins en mati\u00e8re douce et agr\u00e9able au toucher.    D\u00e9tail : \u00c9l\u00e9gant n\u0153ud d\u00e9coratif sur le dessus avec une petite touche de m\u00e9tal dor\u00e9.    Finition : Jolie bordure contrastante qui souligne la forme de la chaussure.    Confort : Semelle plate l\u00e9g\u00e8re et souple, con\u00e7ue pour un confort quotidien.    Look : Parfaits pour ajouter une touche f\u00e9minine et \u00e9l\u00e9gante \u00e0 toutes vos tenues.   \ud83d\ude9a Livraison \u00e0 Domicile : 8 TND \u23f1\ufe0f D\u00e9lai : 2 \u00e0 3 jours ouvrables \ud83d\udd01 \u00c9change : Possible (vous payez seulement les frais de livraison retour). &nbsp;","og_url":"https:\/\/vog.com.tn\/?product=mocassins-femme-315408-vog","og_site_name":"Vog Tunisie","article_modified_time":"2026-04-11T10:12:09+00:00","og_image":[{"width":572,"height":800,"url":"https:\/\/vog.com.tn\/wp-content\/uploads\/2025\/12\/315408-taupe-vog-1.jpg","type":"image\/jpeg"}],"twitter_card":"summary_large_image","twitter_misc":{"Dur\u00e9e de lecture estim\u00e9e":"1 minute"},"schema":{"@context":"https:\/\/schema.org","@graph":[{"@type":"WebPage","@id":"https:\/\/vog.com.tn\/?product=mocassins-femme-315408-vog","url":"https:\/\/vog.com.tn\/?product=mocassins-femme-315408-vog","name":"Mocassins Femme \u2013315408-VOG - Vog Tunisie","isPartOf":{"@id":"https:\/\/vog.com.tn\/#website"},"primaryImageOfPage":{"@id":"https:\/\/vog.com.tn\/?product=mocassins-femme-315408-vog#primaryimage"},"image":{"@id":"https:\/\/vog.com.tn\/?product=mocassins-femme-315408-vog#primaryimage"},"thumbnailUrl":"https:\/\/vog.com.tn\/wp-content\/uploads\/2025\/12\/315408-taupe-vog-1.jpg","datePublished":"2025-12-18T15:32:08+00:00","dateModified":"2026-04-11T10:12:09+00:00","breadcrumb":{"@id":"https:\/\/vog.com.tn\/?product=mocassins-femme-315408-vog#breadcrumb"},"inLanguage":"fr-FR","potentialAction":[{"@type":"ReadAction","target":["https:\/\/vog.com.tn\/?product=mocassins-femme-315408-vog"]}]},{"@type":"ImageObject","inLanguage":"fr-FR","@id":"https:\/\/vog.com.tn\/?product=mocassins-femme-315408-vog#primaryimage","url":"https:\/\/vog.com.tn\/wp-content\/uploads\/2025\/12\/315408-taupe-vog-1.jpg","contentUrl":"https:\/\/vog.com.tn\/wp-content\/uploads\/2025\/12\/315408-taupe-vog-1.jpg","width":572,"height":800},{"@type":"BreadcrumbList","@id":"https:\/\/vog.com.tn\/?product=mocassins-femme-315408-vog#breadcrumb","itemListElement":[{"@type":"ListItem","position":1,"name":"Home","item":"https:\/\/vog.com.tn\/"},{"@type":"ListItem","position":2,"name":"Produits","item":"https:\/\/vog.com.tn\/?page_id=8"},{"@type":"ListItem","position":3,"name":"Mocassins Femme \u2013315408-VOG"}]},{"@type":"WebSite","@id":"https:\/\/vog.com.tn\/#website","url":"https:\/\/vog.com.tn\/","name":"Vog Tunisie","description":"Pr\u00eat-\u00e0-porter","potentialAction":[{"@type":"SearchAction","target":{"@type":"EntryPoint","urlTemplate":"https:\/\/vog.com.tn\/?s={search_term_string}"},"query-input":{"@type":"PropertyValueSpecification","valueRequired":true,"valueName":"search_term_string"}}],"inLanguage":"fr-FR"}]}},"_links":{"self":[{"href":"https:\/\/vog.com.tn\/index.php?rest_route=\/wp\/v2\/product\/107498","targetHints":{"allow":["GET"]}}],"collection":[{"href":"https:\/\/vog.com.tn\/index.php?rest_route=\/wp\/v2\/product"}],"about":[{"href":"https:\/\/vog.com.tn\/index.php?rest_route=\/wp\/v2\/types\/product"}],"wp:featuredmedia":[{"embeddable":true,"href":"https:\/\/vog.com.tn\/index.php?rest_route=\/wp\/v2\/media\/107515"}],"wp:attachment":[{"href":"https:\/\/vog.com.tn\/index.php?rest_route=%2Fwp%2Fv2%2Fmedia&parent=107498"}],"wp:term":[{"taxonomy":"product_brand","embeddable":true,"href":"https:\/\/vog.com.tn\/index.php?rest_route=%2Fwp%2Fv2%2Fproduct_brand&post=107498"},{"taxonomy":"product_cat","embeddable":true,"href":"https:\/\/vog.com.tn\/index.php?rest_route=%2Fwp%2Fv2%2Fproduct_cat&post=107498"},{"taxonomy":"product_tag","embeddable":true,"href":"https:\/\/vog.com.tn\/index.php?rest_route=%2Fwp%2Fv2%2Fproduct_tag&post=107498"}],"curies":[{"name":"wp","href":"https:\/\/api.w.org\/{rel}","templated":true}]}}