{"id":107602,"date":"2025-12-19T10:53:53","date_gmt":"2025-12-19T09:53:53","guid":{"rendered":"https:\/\/vog.com.tn\/?post_type=product&#038;p=107602"},"modified":"2026-05-06T12:11:38","modified_gmt":"2026-05-06T10:11:38","slug":"pantalon-femme-313006-vog","status":"publish","type":"product","link":"https:\/\/vog.com.tn\/?product=pantalon-femme-313006-vog","title":{"rendered":"Pantalon Femme \u2013313006\u2013 VOG"},"content":{"rendered":"<p>VOG met en vente en ligne en Tunisie ce magnifique pantalon. Il est taille haute pour un confort quotidien et une silhouette allong\u00e9e. Dot\u00e9 d\u2019une coupe large (style Palazzo) et fluide, ce mod\u00e8le convient \u00e0 toutes les morphologies. Naturellement large aux hanches et aux jambes, il souligne \u00e9l\u00e9gamment la taille de celle qui le porte et est accessoiris\u00e9 d\u2019une ceinture fantaisie. Il s\u2019adapte \u00e0 tous les styles ; on vous conseille de le porter avec un t-shirt ou une chemise l\u00e9g\u00e8rement rentr\u00e9e dedans pour marquer la taille.<\/p>\n","protected":false},"excerpt":{"rendered":"<p data-path-to-node=\"2\">Vente en ligne Pantalon large pour femme<\/p>\n<ul data-path-to-node=\"3\">\n<li>\n<p data-path-to-node=\"4,0,0\"><b data-path-to-node=\"4,0,0\" data-index-in-node=\"0\">Coupe :<\/b> Large, droite et fluide pour un tomb\u00e9 impeccable.<\/p>\n<\/li>\n<li>\n<p data-path-to-node=\"4,1,0\"><b data-path-to-node=\"4,1,0\" data-index-in-node=\"0\">Taille :<\/b> Taille haute pour un maintien \u00e9l\u00e9gant et une silhouette \u00e9lanc\u00e9e.<\/p>\n<\/li>\n<li>\n<p data-path-to-node=\"4,2,0\"><b data-path-to-node=\"4,2,0\" data-index-in-node=\"0\">Pratique :<\/b> \u00c9quip\u00e9 de poches lat\u00e9rales discr\u00e8tes.<\/p>\n<\/li>\n<li>\n<p data-path-to-node=\"4,3,0\"><b data-path-to-node=\"4,3,0\" data-index-in-node=\"0\">Tissu :<\/b> Mati\u00e8re confortable, extensible et l\u00e9g\u00e8rement structur\u00e9e.<\/p>\n<\/li>\n<li>\n<p data-path-to-node=\"4,4,0\"><b data-path-to-node=\"4,4,0\" data-index-in-node=\"0\">Style :<\/b> Chic et polyvalent, parfait pour le bureau ou vos sorties.<\/p>\n<\/li>\n<\/ul>\n<p data-path-to-node=\"6,0,0\"><b data-path-to-node=\"6,0,0\" data-index-in-node=\"0\">\ud83d\ude9a Livraison \u00e0 Domicile :<\/b> 8 TND<\/p>\n<p data-path-to-node=\"6,1,0\"><b data-path-to-node=\"6,1,0\" data-index-in-node=\"0\">\u23f1\ufe0f D\u00e9lai :<\/b> 2 \u00e0 3 jours ouvrables<\/p>\n<p data-path-to-node=\"6,2,0\"><b data-path-to-node=\"6,2,0\" data-index-in-node=\"0\">\ud83d\udd01 \u00c9change :<\/b> Possible (vous payez seulement les frais de livraison retour).<\/p>\n<p>&nbsp;<\/p>\n","protected":false},"featured_media":107632,"template":"","meta":[],"product_brand":[],"product_cat":[137,360,92,71],"product_tag":[],"class_list":{"0":"post-107602","1":"product","2":"type-product","3":"status-publish","4":"has-post-thumbnail","6":"product_cat-mode-femme","7":"product_cat-nouvelle-collection","8":"product_cat-pantalons","9":"product_cat-vetements-femme","10":"pa_couleurs-bordeaux","11":"pa_couleurs-choco","12":"pa_couleurs-kaki","13":"pa_couleurs-taupe","14":"pa_taille-large","15":"pa_taille-moyenne","16":"pa_taille-small","17":"pa_taille-xl","20":"first","21":"instock","22":"taxable","23":"shipping-taxable","24":"purchasable","25":"product-type-variable"},"yoast_head":"<!-- This site is optimized with the Yoast SEO plugin v27.5 - https:\/\/yoast.com\/product\/yoast-seo-wordpress\/ -->\n<title>Pantalon Femme \u2013313006\u2013 VOG - Vog Tunisie<\/title>\n<meta name=\"robots\" content=\"index, follow, max-snippet:-1, max-image-preview:large, max-video-preview:-1\" \/>\n<link rel=\"canonical\" href=\"https:\/\/vog.com.tn\/?product=pantalon-femme-313006-vog\" \/>\n<meta property=\"og:locale\" content=\"fr_FR\" \/>\n<meta property=\"og:type\" content=\"article\" \/>\n<meta property=\"og:title\" content=\"Pantalon Femme \u2013313006\u2013 VOG - Vog Tunisie\" \/>\n<meta property=\"og:description\" content=\"Vente en ligne Pantalon large pour femme     Coupe : Large, droite et fluide pour un tomb\u00e9 impeccable.    Taille : Taille haute pour un maintien \u00e9l\u00e9gant et une silhouette \u00e9lanc\u00e9e.    Pratique : \u00c9quip\u00e9 de poches lat\u00e9rales discr\u00e8tes.    Tissu : Mati\u00e8re confortable, extensible et l\u00e9g\u00e8rement structur\u00e9e.    Style : Chic et polyvalent, parfait pour le bureau ou vos sorties.   \ud83d\ude9a Livraison \u00e0 Domicile : 8 TND \u23f1\ufe0f D\u00e9lai : 2 \u00e0 3 jours ouvrables \ud83d\udd01 \u00c9change : Possible (vous payez seulement les frais de livraison retour). &nbsp;\" \/>\n<meta property=\"og:url\" content=\"https:\/\/vog.com.tn\/?product=pantalon-femme-313006-vog\" \/>\n<meta property=\"og:site_name\" content=\"Vog Tunisie\" \/>\n<meta property=\"article:modified_time\" content=\"2026-05-06T10:11:38+00:00\" \/>\n<meta property=\"og:image\" content=\"https:\/\/vog.com.tn\/wp-content\/uploads\/2025\/12\/313006-TAUPE-VOG-2.jpg\" \/>\n\t<meta property=\"og:image:width\" content=\"572\" \/>\n\t<meta property=\"og:image:height\" content=\"800\" \/>\n\t<meta property=\"og:image:type\" content=\"image\/jpeg\" \/>\n<meta name=\"twitter:card\" content=\"summary_large_image\" \/>\n<meta name=\"twitter:label1\" content=\"Dur\u00e9e de lecture estim\u00e9e\" \/>\n\t<meta name=\"twitter:data1\" content=\"1 minute\" \/>\n<script type=\"application\/ld+json\" class=\"yoast-schema-graph\">{\"@context\":\"https:\\\/\\\/schema.org\",\"@graph\":[{\"@type\":\"WebPage\",\"@id\":\"https:\\\/\\\/vog.com.tn\\\/?product=pantalon-femme-313006-vog\",\"url\":\"https:\\\/\\\/vog.com.tn\\\/?product=pantalon-femme-313006-vog\",\"name\":\"Pantalon Femme \u2013313006\u2013 VOG - Vog Tunisie\",\"isPartOf\":{\"@id\":\"https:\\\/\\\/vog.com.tn\\\/#website\"},\"primaryImageOfPage\":{\"@id\":\"https:\\\/\\\/vog.com.tn\\\/?product=pantalon-femme-313006-vog#primaryimage\"},\"image\":{\"@id\":\"https:\\\/\\\/vog.com.tn\\\/?product=pantalon-femme-313006-vog#primaryimage\"},\"thumbnailUrl\":\"https:\\\/\\\/vog.com.tn\\\/wp-content\\\/uploads\\\/2025\\\/12\\\/313006-TAUPE-VOG-2.jpg\",\"datePublished\":\"2025-12-19T09:53:53+00:00\",\"dateModified\":\"2026-05-06T10:11:38+00:00\",\"breadcrumb\":{\"@id\":\"https:\\\/\\\/vog.com.tn\\\/?product=pantalon-femme-313006-vog#breadcrumb\"},\"inLanguage\":\"fr-FR\",\"potentialAction\":[{\"@type\":\"ReadAction\",\"target\":[\"https:\\\/\\\/vog.com.tn\\\/?product=pantalon-femme-313006-vog\"]}]},{\"@type\":\"ImageObject\",\"inLanguage\":\"fr-FR\",\"@id\":\"https:\\\/\\\/vog.com.tn\\\/?product=pantalon-femme-313006-vog#primaryimage\",\"url\":\"https:\\\/\\\/vog.com.tn\\\/wp-content\\\/uploads\\\/2025\\\/12\\\/313006-TAUPE-VOG-2.jpg\",\"contentUrl\":\"https:\\\/\\\/vog.com.tn\\\/wp-content\\\/uploads\\\/2025\\\/12\\\/313006-TAUPE-VOG-2.jpg\",\"width\":572,\"height\":800},{\"@type\":\"BreadcrumbList\",\"@id\":\"https:\\\/\\\/vog.com.tn\\\/?product=pantalon-femme-313006-vog#breadcrumb\",\"itemListElement\":[{\"@type\":\"ListItem\",\"position\":1,\"name\":\"Home\",\"item\":\"https:\\\/\\\/vog.com.tn\\\/\"},{\"@type\":\"ListItem\",\"position\":2,\"name\":\"Produits\",\"item\":\"https:\\\/\\\/vog.com.tn\\\/?page_id=8\"},{\"@type\":\"ListItem\",\"position\":3,\"name\":\"Pantalon Femme \u2013313006\u2013 VOG\"}]},{\"@type\":\"WebSite\",\"@id\":\"https:\\\/\\\/vog.com.tn\\\/#website\",\"url\":\"https:\\\/\\\/vog.com.tn\\\/\",\"name\":\"Vog Tunisie\",\"description\":\"Pr\u00eat-\u00e0-porter\",\"potentialAction\":[{\"@type\":\"SearchAction\",\"target\":{\"@type\":\"EntryPoint\",\"urlTemplate\":\"https:\\\/\\\/vog.com.tn\\\/?s={search_term_string}\"},\"query-input\":{\"@type\":\"PropertyValueSpecification\",\"valueRequired\":true,\"valueName\":\"search_term_string\"}}],\"inLanguage\":\"fr-FR\"}]}<\/script>\n<!-- \/ Yoast SEO plugin. -->","yoast_head_json":{"title":"Pantalon Femme \u2013313006\u2013 VOG - Vog Tunisie","robots":{"index":"index","follow":"follow","max-snippet":"max-snippet:-1","max-image-preview":"max-image-preview:large","max-video-preview":"max-video-preview:-1"},"canonical":"https:\/\/vog.com.tn\/?product=pantalon-femme-313006-vog","og_locale":"fr_FR","og_type":"article","og_title":"Pantalon Femme \u2013313006\u2013 VOG - Vog Tunisie","og_description":"Vente en ligne Pantalon large pour femme     Coupe : Large, droite et fluide pour un tomb\u00e9 impeccable.    Taille : Taille haute pour un maintien \u00e9l\u00e9gant et une silhouette \u00e9lanc\u00e9e.    Pratique : \u00c9quip\u00e9 de poches lat\u00e9rales discr\u00e8tes.    Tissu : Mati\u00e8re confortable, extensible et l\u00e9g\u00e8rement structur\u00e9e.    Style : Chic et polyvalent, parfait pour le bureau ou vos sorties.   \ud83d\ude9a Livraison \u00e0 Domicile : 8 TND \u23f1\ufe0f D\u00e9lai : 2 \u00e0 3 jours ouvrables \ud83d\udd01 \u00c9change : Possible (vous payez seulement les frais de livraison retour). &nbsp;","og_url":"https:\/\/vog.com.tn\/?product=pantalon-femme-313006-vog","og_site_name":"Vog Tunisie","article_modified_time":"2026-05-06T10:11:38+00:00","og_image":[{"width":572,"height":800,"url":"https:\/\/vog.com.tn\/wp-content\/uploads\/2025\/12\/313006-TAUPE-VOG-2.jpg","type":"image\/jpeg"}],"twitter_card":"summary_large_image","twitter_misc":{"Dur\u00e9e de lecture estim\u00e9e":"1 minute"},"schema":{"@context":"https:\/\/schema.org","@graph":[{"@type":"WebPage","@id":"https:\/\/vog.com.tn\/?product=pantalon-femme-313006-vog","url":"https:\/\/vog.com.tn\/?product=pantalon-femme-313006-vog","name":"Pantalon Femme \u2013313006\u2013 VOG - Vog Tunisie","isPartOf":{"@id":"https:\/\/vog.com.tn\/#website"},"primaryImageOfPage":{"@id":"https:\/\/vog.com.tn\/?product=pantalon-femme-313006-vog#primaryimage"},"image":{"@id":"https:\/\/vog.com.tn\/?product=pantalon-femme-313006-vog#primaryimage"},"thumbnailUrl":"https:\/\/vog.com.tn\/wp-content\/uploads\/2025\/12\/313006-TAUPE-VOG-2.jpg","datePublished":"2025-12-19T09:53:53+00:00","dateModified":"2026-05-06T10:11:38+00:00","breadcrumb":{"@id":"https:\/\/vog.com.tn\/?product=pantalon-femme-313006-vog#breadcrumb"},"inLanguage":"fr-FR","potentialAction":[{"@type":"ReadAction","target":["https:\/\/vog.com.tn\/?product=pantalon-femme-313006-vog"]}]},{"@type":"ImageObject","inLanguage":"fr-FR","@id":"https:\/\/vog.com.tn\/?product=pantalon-femme-313006-vog#primaryimage","url":"https:\/\/vog.com.tn\/wp-content\/uploads\/2025\/12\/313006-TAUPE-VOG-2.jpg","contentUrl":"https:\/\/vog.com.tn\/wp-content\/uploads\/2025\/12\/313006-TAUPE-VOG-2.jpg","width":572,"height":800},{"@type":"BreadcrumbList","@id":"https:\/\/vog.com.tn\/?product=pantalon-femme-313006-vog#breadcrumb","itemListElement":[{"@type":"ListItem","position":1,"name":"Home","item":"https:\/\/vog.com.tn\/"},{"@type":"ListItem","position":2,"name":"Produits","item":"https:\/\/vog.com.tn\/?page_id=8"},{"@type":"ListItem","position":3,"name":"Pantalon Femme \u2013313006\u2013 VOG"}]},{"@type":"WebSite","@id":"https:\/\/vog.com.tn\/#website","url":"https:\/\/vog.com.tn\/","name":"Vog Tunisie","description":"Pr\u00eat-\u00e0-porter","potentialAction":[{"@type":"SearchAction","target":{"@type":"EntryPoint","urlTemplate":"https:\/\/vog.com.tn\/?s={search_term_string}"},"query-input":{"@type":"PropertyValueSpecification","valueRequired":true,"valueName":"search_term_string"}}],"inLanguage":"fr-FR"}]}},"_links":{"self":[{"href":"https:\/\/vog.com.tn\/index.php?rest_route=\/wp\/v2\/product\/107602","targetHints":{"allow":["GET"]}}],"collection":[{"href":"https:\/\/vog.com.tn\/index.php?rest_route=\/wp\/v2\/product"}],"about":[{"href":"https:\/\/vog.com.tn\/index.php?rest_route=\/wp\/v2\/types\/product"}],"wp:featuredmedia":[{"embeddable":true,"href":"https:\/\/vog.com.tn\/index.php?rest_route=\/wp\/v2\/media\/107632"}],"wp:attachment":[{"href":"https:\/\/vog.com.tn\/index.php?rest_route=%2Fwp%2Fv2%2Fmedia&parent=107602"}],"wp:term":[{"taxonomy":"product_brand","embeddable":true,"href":"https:\/\/vog.com.tn\/index.php?rest_route=%2Fwp%2Fv2%2Fproduct_brand&post=107602"},{"taxonomy":"product_cat","embeddable":true,"href":"https:\/\/vog.com.tn\/index.php?rest_route=%2Fwp%2Fv2%2Fproduct_cat&post=107602"},{"taxonomy":"product_tag","embeddable":true,"href":"https:\/\/vog.com.tn\/index.php?rest_route=%2Fwp%2Fv2%2Fproduct_tag&post=107602"}],"curies":[{"name":"wp","href":"https:\/\/api.w.org\/{rel}","templated":true}]}}