{"id":108494,"date":"2025-12-21T12:05:52","date_gmt":"2025-12-21T11:05:52","guid":{"rendered":"https:\/\/vog.com.tn\/?post_type=product&#038;p=108494"},"modified":"2026-03-19T11:12:00","modified_gmt":"2026-03-19T10:12:00","slug":"ensemble-femme-311761-vog","status":"publish","type":"product","link":"https:\/\/vog.com.tn\/?product=ensemble-femme-311761-vog","title":{"rendered":"Ensemble Femme \u2013311761\u2013 VOG"},"content":{"rendered":"<p>VOG met en vente en ligne Ensemble femme en Tunisie. Des ensembles pour femme chics et tendances pour accueillir la nouvelle saison d\u2019hiver ! Notre s\u00e9lection comprend des ensembles \u00e9l\u00e9gants et versatiles que vous pourrez porter au bureau, mais aussi le week-end.<\/p>\n","protected":false},"excerpt":{"rendered":"<h4 class=\"vente-lgn-dsc\">Vente en ligne ensemble pour femme.<\/h4>\n<ul>\n<li>\n<p data-path-to-node=\"3,0,0\"><b data-path-to-node=\"3,0,0\" data-index-in-node=\"0\">Haut :<\/b> Cardigan \u00e0 manches longues en maille textur\u00e9e avec une encolure ronde.<\/p>\n<\/li>\n<li>\n<p data-path-to-node=\"3,1,0\"><b data-path-to-node=\"3,1,0\" data-index-in-node=\"0\">D\u00e9tails Bijoux :<\/b> Fermeture sur le devant par une rang\u00e9e de boutons bijoux scintillants qui apportent une touche d&rsquo;\u00e9clat.<\/p>\n<\/li>\n<li>\n<p data-path-to-node=\"3,2,0\"><b data-path-to-node=\"3,2,0\" data-index-in-node=\"0\">Poches :<\/b> Deux petites poches plaqu\u00e9es d\u00e9coratives sur le devant, \u00e9galement orn\u00e9es de boutons bijoux.<\/p>\n<\/li>\n<li>\n<p data-path-to-node=\"3,3,0\"><b data-path-to-node=\"3,3,0\" data-index-in-node=\"0\">Bas :<\/b> Jupe longue fluide avec un fini pliss\u00e9 soleil, offrant un mouvement a\u00e9rien et gracieux.<\/p>\n<\/li>\n<li>\n<p data-path-to-node=\"3,4,0\"><b data-path-to-node=\"3,4,0\" data-index-in-node=\"0\">Coupe :<\/b> Un ensemble harmonieux qui allie la structure du haut en maille \u00e0 la l\u00e9g\u00e8ret\u00e9 de la jupe.<\/p>\n<\/li>\n<\/ul>\n<p data-path-to-node=\"6,0,0\"><b data-path-to-node=\"6,0,0\" data-index-in-node=\"0\">\ud83d\ude9a Livraison \u00e0 Domicile :<\/b> 8 TND.<\/p>\n<p data-path-to-node=\"6,1,0\"><b data-path-to-node=\"6,1,0\" data-index-in-node=\"0\">\u23f1\ufe0f D\u00e9lai :<\/b> 2 \u00e0 3 jours ouvrables.<\/p>\n<p data-path-to-node=\"6,2,0\"><b data-path-to-node=\"6,2,0\" data-index-in-node=\"0\">\ud83d\udd01 \u00c9change :<\/b> Possible (vous payez seulement les frais de livraison retour).<\/p>\n","protected":false},"featured_media":108499,"template":"","meta":[],"product_brand":[],"product_cat":[251,239,442,137,360,71],"product_tag":[],"class_list":{"0":"post-108494","1":"product","2":"type-product","3":"status-publish","4":"has-post-thumbnail","6":"product_cat-ensemble-jupe","7":"product_cat-ensembles","8":"product_cat-ensembles-dhiver","9":"product_cat-mode-femme","10":"product_cat-nouvelle-collection","11":"product_cat-vetements-femme","12":"pa_couleurs-choco","13":"pa_taille-m-l","14":"pa_taille-s-m","17":"first","18":"instock","19":"taxable","20":"shipping-taxable","21":"purchasable","22":"product-type-variable"},"yoast_head":"<!-- This site is optimized with the Yoast SEO plugin v27.5 - https:\/\/yoast.com\/product\/yoast-seo-wordpress\/ -->\n<title>Ensemble Femme \u2013311761\u2013 VOG - Vog Tunisie<\/title>\n<meta name=\"robots\" content=\"index, follow, max-snippet:-1, max-image-preview:large, max-video-preview:-1\" \/>\n<link rel=\"canonical\" href=\"https:\/\/vog.com.tn\/?product=ensemble-femme-311761-vog\" \/>\n<meta property=\"og:locale\" content=\"fr_FR\" \/>\n<meta property=\"og:type\" content=\"article\" \/>\n<meta property=\"og:title\" content=\"Ensemble Femme \u2013311761\u2013 VOG - Vog Tunisie\" \/>\n<meta property=\"og:description\" content=\"Vente en ligne ensemble pour femme.    Haut : Cardigan \u00e0 manches longues en maille textur\u00e9e avec une encolure ronde.    D\u00e9tails Bijoux : Fermeture sur le devant par une rang\u00e9e de boutons bijoux scintillants qui apportent une touche d&#039;\u00e9clat.    Poches : Deux petites poches plaqu\u00e9es d\u00e9coratives sur le devant, \u00e9galement orn\u00e9es de boutons bijoux.    Bas : Jupe longue fluide avec un fini pliss\u00e9 soleil, offrant un mouvement a\u00e9rien et gracieux.    Coupe : Un ensemble harmonieux qui allie la structure du haut en maille \u00e0 la l\u00e9g\u00e8ret\u00e9 de la jupe.   \ud83d\ude9a Livraison \u00e0 Domicile : 8 TND. \u23f1\ufe0f D\u00e9lai : 2 \u00e0 3 jours ouvrables. \ud83d\udd01 \u00c9change : Possible (vous payez seulement les frais de livraison retour).\" \/>\n<meta property=\"og:url\" content=\"https:\/\/vog.com.tn\/?product=ensemble-femme-311761-vog\" \/>\n<meta property=\"og:site_name\" content=\"Vog Tunisie\" \/>\n<meta property=\"article:modified_time\" content=\"2026-03-19T10:12:00+00:00\" \/>\n<meta property=\"og:image\" content=\"https:\/\/vog.com.tn\/wp-content\/uploads\/2025\/12\/311761-choco-vog-2.jpg\" \/>\n\t<meta property=\"og:image:width\" content=\"572\" \/>\n\t<meta property=\"og:image:height\" content=\"800\" \/>\n\t<meta property=\"og:image:type\" content=\"image\/jpeg\" \/>\n<meta name=\"twitter:card\" content=\"summary_large_image\" \/>\n<meta name=\"twitter:label1\" content=\"Dur\u00e9e de lecture estim\u00e9e\" \/>\n\t<meta name=\"twitter:data1\" content=\"1 minute\" \/>\n<script type=\"application\/ld+json\" class=\"yoast-schema-graph\">{\"@context\":\"https:\\\/\\\/schema.org\",\"@graph\":[{\"@type\":\"WebPage\",\"@id\":\"https:\\\/\\\/vog.com.tn\\\/?product=ensemble-femme-311761-vog\",\"url\":\"https:\\\/\\\/vog.com.tn\\\/?product=ensemble-femme-311761-vog\",\"name\":\"Ensemble Femme \u2013311761\u2013 VOG - Vog Tunisie\",\"isPartOf\":{\"@id\":\"https:\\\/\\\/vog.com.tn\\\/#website\"},\"primaryImageOfPage\":{\"@id\":\"https:\\\/\\\/vog.com.tn\\\/?product=ensemble-femme-311761-vog#primaryimage\"},\"image\":{\"@id\":\"https:\\\/\\\/vog.com.tn\\\/?product=ensemble-femme-311761-vog#primaryimage\"},\"thumbnailUrl\":\"https:\\\/\\\/vog.com.tn\\\/wp-content\\\/uploads\\\/2025\\\/12\\\/311761-choco-vog-2.jpg\",\"datePublished\":\"2025-12-21T11:05:52+00:00\",\"dateModified\":\"2026-03-19T10:12:00+00:00\",\"breadcrumb\":{\"@id\":\"https:\\\/\\\/vog.com.tn\\\/?product=ensemble-femme-311761-vog#breadcrumb\"},\"inLanguage\":\"fr-FR\",\"potentialAction\":[{\"@type\":\"ReadAction\",\"target\":[\"https:\\\/\\\/vog.com.tn\\\/?product=ensemble-femme-311761-vog\"]}]},{\"@type\":\"ImageObject\",\"inLanguage\":\"fr-FR\",\"@id\":\"https:\\\/\\\/vog.com.tn\\\/?product=ensemble-femme-311761-vog#primaryimage\",\"url\":\"https:\\\/\\\/vog.com.tn\\\/wp-content\\\/uploads\\\/2025\\\/12\\\/311761-choco-vog-2.jpg\",\"contentUrl\":\"https:\\\/\\\/vog.com.tn\\\/wp-content\\\/uploads\\\/2025\\\/12\\\/311761-choco-vog-2.jpg\",\"width\":572,\"height\":800},{\"@type\":\"BreadcrumbList\",\"@id\":\"https:\\\/\\\/vog.com.tn\\\/?product=ensemble-femme-311761-vog#breadcrumb\",\"itemListElement\":[{\"@type\":\"ListItem\",\"position\":1,\"name\":\"Home\",\"item\":\"https:\\\/\\\/vog.com.tn\\\/\"},{\"@type\":\"ListItem\",\"position\":2,\"name\":\"Produits\",\"item\":\"https:\\\/\\\/vog.com.tn\\\/?page_id=8\"},{\"@type\":\"ListItem\",\"position\":3,\"name\":\"Ensemble Femme \u2013311761\u2013 VOG\"}]},{\"@type\":\"WebSite\",\"@id\":\"https:\\\/\\\/vog.com.tn\\\/#website\",\"url\":\"https:\\\/\\\/vog.com.tn\\\/\",\"name\":\"Vog Tunisie\",\"description\":\"Pr\u00eat-\u00e0-porter\",\"potentialAction\":[{\"@type\":\"SearchAction\",\"target\":{\"@type\":\"EntryPoint\",\"urlTemplate\":\"https:\\\/\\\/vog.com.tn\\\/?s={search_term_string}\"},\"query-input\":{\"@type\":\"PropertyValueSpecification\",\"valueRequired\":true,\"valueName\":\"search_term_string\"}}],\"inLanguage\":\"fr-FR\"}]}<\/script>\n<!-- \/ Yoast SEO plugin. -->","yoast_head_json":{"title":"Ensemble Femme \u2013311761\u2013 VOG - Vog Tunisie","robots":{"index":"index","follow":"follow","max-snippet":"max-snippet:-1","max-image-preview":"max-image-preview:large","max-video-preview":"max-video-preview:-1"},"canonical":"https:\/\/vog.com.tn\/?product=ensemble-femme-311761-vog","og_locale":"fr_FR","og_type":"article","og_title":"Ensemble Femme \u2013311761\u2013 VOG - Vog Tunisie","og_description":"Vente en ligne ensemble pour femme.    Haut : Cardigan \u00e0 manches longues en maille textur\u00e9e avec une encolure ronde.    D\u00e9tails Bijoux : Fermeture sur le devant par une rang\u00e9e de boutons bijoux scintillants qui apportent une touche d'\u00e9clat.    Poches : Deux petites poches plaqu\u00e9es d\u00e9coratives sur le devant, \u00e9galement orn\u00e9es de boutons bijoux.    Bas : Jupe longue fluide avec un fini pliss\u00e9 soleil, offrant un mouvement a\u00e9rien et gracieux.    Coupe : Un ensemble harmonieux qui allie la structure du haut en maille \u00e0 la l\u00e9g\u00e8ret\u00e9 de la jupe.   \ud83d\ude9a Livraison \u00e0 Domicile : 8 TND. \u23f1\ufe0f D\u00e9lai : 2 \u00e0 3 jours ouvrables. \ud83d\udd01 \u00c9change : Possible (vous payez seulement les frais de livraison retour).","og_url":"https:\/\/vog.com.tn\/?product=ensemble-femme-311761-vog","og_site_name":"Vog Tunisie","article_modified_time":"2026-03-19T10:12:00+00:00","og_image":[{"width":572,"height":800,"url":"https:\/\/vog.com.tn\/wp-content\/uploads\/2025\/12\/311761-choco-vog-2.jpg","type":"image\/jpeg"}],"twitter_card":"summary_large_image","twitter_misc":{"Dur\u00e9e de lecture estim\u00e9e":"1 minute"},"schema":{"@context":"https:\/\/schema.org","@graph":[{"@type":"WebPage","@id":"https:\/\/vog.com.tn\/?product=ensemble-femme-311761-vog","url":"https:\/\/vog.com.tn\/?product=ensemble-femme-311761-vog","name":"Ensemble Femme \u2013311761\u2013 VOG - Vog Tunisie","isPartOf":{"@id":"https:\/\/vog.com.tn\/#website"},"primaryImageOfPage":{"@id":"https:\/\/vog.com.tn\/?product=ensemble-femme-311761-vog#primaryimage"},"image":{"@id":"https:\/\/vog.com.tn\/?product=ensemble-femme-311761-vog#primaryimage"},"thumbnailUrl":"https:\/\/vog.com.tn\/wp-content\/uploads\/2025\/12\/311761-choco-vog-2.jpg","datePublished":"2025-12-21T11:05:52+00:00","dateModified":"2026-03-19T10:12:00+00:00","breadcrumb":{"@id":"https:\/\/vog.com.tn\/?product=ensemble-femme-311761-vog#breadcrumb"},"inLanguage":"fr-FR","potentialAction":[{"@type":"ReadAction","target":["https:\/\/vog.com.tn\/?product=ensemble-femme-311761-vog"]}]},{"@type":"ImageObject","inLanguage":"fr-FR","@id":"https:\/\/vog.com.tn\/?product=ensemble-femme-311761-vog#primaryimage","url":"https:\/\/vog.com.tn\/wp-content\/uploads\/2025\/12\/311761-choco-vog-2.jpg","contentUrl":"https:\/\/vog.com.tn\/wp-content\/uploads\/2025\/12\/311761-choco-vog-2.jpg","width":572,"height":800},{"@type":"BreadcrumbList","@id":"https:\/\/vog.com.tn\/?product=ensemble-femme-311761-vog#breadcrumb","itemListElement":[{"@type":"ListItem","position":1,"name":"Home","item":"https:\/\/vog.com.tn\/"},{"@type":"ListItem","position":2,"name":"Produits","item":"https:\/\/vog.com.tn\/?page_id=8"},{"@type":"ListItem","position":3,"name":"Ensemble Femme \u2013311761\u2013 VOG"}]},{"@type":"WebSite","@id":"https:\/\/vog.com.tn\/#website","url":"https:\/\/vog.com.tn\/","name":"Vog Tunisie","description":"Pr\u00eat-\u00e0-porter","potentialAction":[{"@type":"SearchAction","target":{"@type":"EntryPoint","urlTemplate":"https:\/\/vog.com.tn\/?s={search_term_string}"},"query-input":{"@type":"PropertyValueSpecification","valueRequired":true,"valueName":"search_term_string"}}],"inLanguage":"fr-FR"}]}},"_links":{"self":[{"href":"https:\/\/vog.com.tn\/index.php?rest_route=\/wp\/v2\/product\/108494","targetHints":{"allow":["GET"]}}],"collection":[{"href":"https:\/\/vog.com.tn\/index.php?rest_route=\/wp\/v2\/product"}],"about":[{"href":"https:\/\/vog.com.tn\/index.php?rest_route=\/wp\/v2\/types\/product"}],"wp:featuredmedia":[{"embeddable":true,"href":"https:\/\/vog.com.tn\/index.php?rest_route=\/wp\/v2\/media\/108499"}],"wp:attachment":[{"href":"https:\/\/vog.com.tn\/index.php?rest_route=%2Fwp%2Fv2%2Fmedia&parent=108494"}],"wp:term":[{"taxonomy":"product_brand","embeddable":true,"href":"https:\/\/vog.com.tn\/index.php?rest_route=%2Fwp%2Fv2%2Fproduct_brand&post=108494"},{"taxonomy":"product_cat","embeddable":true,"href":"https:\/\/vog.com.tn\/index.php?rest_route=%2Fwp%2Fv2%2Fproduct_cat&post=108494"},{"taxonomy":"product_tag","embeddable":true,"href":"https:\/\/vog.com.tn\/index.php?rest_route=%2Fwp%2Fv2%2Fproduct_tag&post=108494"}],"curies":[{"name":"wp","href":"https:\/\/api.w.org\/{rel}","templated":true}]}}