{"id":108999,"date":"2025-12-26T12:26:12","date_gmt":"2025-12-26T11:26:12","guid":{"rendered":"https:\/\/vog.com.tn\/?post_type=product&#038;p=108999"},"modified":"2026-04-09T12:11:51","modified_gmt":"2026-04-09T10:11:51","slug":"robe-femme-311822-vog","status":"publish","type":"product","link":"https:\/\/vog.com.tn\/?product=robe-femme-311822-vog","title":{"rendered":"Robe Femme-311822-vog"},"content":{"rendered":"<p>VOG propose cette robe longue noire en maille, \u00e9l\u00e9gante et confortable. Sa coupe ajust\u00e9e met la silhouette en valeur, tandis que les boutons d\u00e9coratifs et la fente lat\u00e9rale ajoutent une touche moderne et chic. Parfaite pour la saison froide, elle se porte aussi bien avec des escarpins qu\u2019avec des bottes pour un look tendance en toutes occasions.<\/p>\n","protected":false},"excerpt":{"rendered":"<p><strong>Vente en ligne robe pour femme.<\/strong><\/p>\n<ul>\n<li>\n<p data-path-to-node=\"1,0,0\"><b data-path-to-node=\"1,0,0\" data-index-in-node=\"0\">Tissu :<\/b> Une maille c\u00f4tel\u00e9e extensible qui \u00e9pouse les formes tout en restant confortable.<\/p>\n<\/li>\n<li>\n<p data-path-to-node=\"1,1,0\"><b data-path-to-node=\"1,1,0\" data-index-in-node=\"0\">Col :<\/b> Un col rond classique et d\u00e9gag\u00e9.<\/p>\n<\/li>\n<li>\n<p data-path-to-node=\"1,2,0\"><b data-path-to-node=\"1,2,0\" data-index-in-node=\"0\">Fermeture :<\/b> Elle est orn\u00e9e sur toute la longueur du devant par une s\u00e9rie de boutons fantaisie vari\u00e9s qui apportent une touche originale.<\/p>\n<\/li>\n<li>\n<p data-path-to-node=\"1,3,0\"><b data-path-to-node=\"1,3,0\" data-index-in-node=\"0\">Manches :<\/b> Des manches longues ajust\u00e9es dans la continuit\u00e9 du corps de la robe.<\/p>\n<\/li>\n<li>\n<p data-path-to-node=\"1,4,0\"><b data-path-to-node=\"1,4,0\" data-index-in-node=\"0\">Coupe :<\/b> Une coupe longue et moulante qui souligne la silhouette avec \u00e9l\u00e9gance.<\/p>\n<\/li>\n<\/ul>\n<p data-path-to-node=\"10,0,0\">\ud83d\ude9a <b>Livraison \u00e0 domicile :<\/b> 8 TND<\/p>\n<p data-path-to-node=\"10,1,0\">\u23f1\ufe0f <b>D\u00e9lai de livraison :<\/b> 2 \u00e0 3 jours ouvrables<\/p>\n<p data-path-to-node=\"10,2,0\">\ud83d\udd01 <b>\u00c9change possible :<\/b> Oui (vous payez seulement les frais de livraison retour).<\/p>\n","protected":false},"featured_media":109002,"template":"","meta":[],"product_brand":[],"product_cat":[137,360,281,44,71],"product_tag":[],"class_list":{"0":"post-108999","1":"product","2":"type-product","3":"status-publish","4":"has-post-thumbnail","6":"product_cat-mode-femme","7":"product_cat-nouvelle-collection","8":"product_cat-robe-robe-dhiver","9":"product_cat-robes-femme","10":"product_cat-vetements-femme","11":"pa_couleurs-choco","12":"pa_couleurs-noir","13":"pa_taille-tu","16":"first","17":"instock","18":"taxable","19":"shipping-taxable","20":"purchasable","21":"product-type-variable"},"yoast_head":"<!-- This site is optimized with the Yoast SEO plugin v27.5 - https:\/\/yoast.com\/product\/yoast-seo-wordpress\/ -->\n<title>Robe Femme-311822-vog - Vog Tunisie<\/title>\n<meta name=\"robots\" content=\"index, follow, max-snippet:-1, max-image-preview:large, max-video-preview:-1\" \/>\n<link rel=\"canonical\" href=\"https:\/\/vog.com.tn\/?product=robe-femme-311822-vog\" \/>\n<meta property=\"og:locale\" content=\"fr_FR\" \/>\n<meta property=\"og:type\" content=\"article\" \/>\n<meta property=\"og:title\" content=\"Robe Femme-311822-vog - Vog Tunisie\" \/>\n<meta property=\"og:description\" content=\"Vente en ligne robe pour femme.    Tissu : Une maille c\u00f4tel\u00e9e extensible qui \u00e9pouse les formes tout en restant confortable.    Col : Un col rond classique et d\u00e9gag\u00e9.    Fermeture : Elle est orn\u00e9e sur toute la longueur du devant par une s\u00e9rie de boutons fantaisie vari\u00e9s qui apportent une touche originale.    Manches : Des manches longues ajust\u00e9es dans la continuit\u00e9 du corps de la robe.    Coupe : Une coupe longue et moulante qui souligne la silhouette avec \u00e9l\u00e9gance.   \ud83d\ude9a Livraison \u00e0 domicile : 8 TND \u23f1\ufe0f D\u00e9lai de livraison : 2 \u00e0 3 jours ouvrables \ud83d\udd01 \u00c9change possible : Oui (vous payez seulement les frais de livraison retour).\" \/>\n<meta property=\"og:url\" content=\"https:\/\/vog.com.tn\/?product=robe-femme-311822-vog\" \/>\n<meta property=\"og:site_name\" content=\"Vog Tunisie\" \/>\n<meta property=\"article:modified_time\" content=\"2026-04-09T10:11:51+00:00\" \/>\n<meta property=\"og:image\" content=\"https:\/\/vog.com.tn\/wp-content\/uploads\/2025\/12\/311822-noir-vog.jpg\" \/>\n\t<meta property=\"og:image:width\" content=\"572\" \/>\n\t<meta property=\"og:image:height\" content=\"800\" \/>\n\t<meta property=\"og:image:type\" content=\"image\/jpeg\" \/>\n<meta name=\"twitter:card\" content=\"summary_large_image\" \/>\n<meta name=\"twitter:label1\" content=\"Dur\u00e9e de lecture estim\u00e9e\" \/>\n\t<meta name=\"twitter:data1\" content=\"1 minute\" \/>\n<script type=\"application\/ld+json\" class=\"yoast-schema-graph\">{\"@context\":\"https:\\\/\\\/schema.org\",\"@graph\":[{\"@type\":\"WebPage\",\"@id\":\"https:\\\/\\\/vog.com.tn\\\/?product=robe-femme-311822-vog\",\"url\":\"https:\\\/\\\/vog.com.tn\\\/?product=robe-femme-311822-vog\",\"name\":\"Robe Femme-311822-vog - Vog Tunisie\",\"isPartOf\":{\"@id\":\"https:\\\/\\\/vog.com.tn\\\/#website\"},\"primaryImageOfPage\":{\"@id\":\"https:\\\/\\\/vog.com.tn\\\/?product=robe-femme-311822-vog#primaryimage\"},\"image\":{\"@id\":\"https:\\\/\\\/vog.com.tn\\\/?product=robe-femme-311822-vog#primaryimage\"},\"thumbnailUrl\":\"https:\\\/\\\/vog.com.tn\\\/wp-content\\\/uploads\\\/2025\\\/12\\\/311822-noir-vog.jpg\",\"datePublished\":\"2025-12-26T11:26:12+00:00\",\"dateModified\":\"2026-04-09T10:11:51+00:00\",\"breadcrumb\":{\"@id\":\"https:\\\/\\\/vog.com.tn\\\/?product=robe-femme-311822-vog#breadcrumb\"},\"inLanguage\":\"fr-FR\",\"potentialAction\":[{\"@type\":\"ReadAction\",\"target\":[\"https:\\\/\\\/vog.com.tn\\\/?product=robe-femme-311822-vog\"]}]},{\"@type\":\"ImageObject\",\"inLanguage\":\"fr-FR\",\"@id\":\"https:\\\/\\\/vog.com.tn\\\/?product=robe-femme-311822-vog#primaryimage\",\"url\":\"https:\\\/\\\/vog.com.tn\\\/wp-content\\\/uploads\\\/2025\\\/12\\\/311822-noir-vog.jpg\",\"contentUrl\":\"https:\\\/\\\/vog.com.tn\\\/wp-content\\\/uploads\\\/2025\\\/12\\\/311822-noir-vog.jpg\",\"width\":572,\"height\":800},{\"@type\":\"BreadcrumbList\",\"@id\":\"https:\\\/\\\/vog.com.tn\\\/?product=robe-femme-311822-vog#breadcrumb\",\"itemListElement\":[{\"@type\":\"ListItem\",\"position\":1,\"name\":\"Home\",\"item\":\"https:\\\/\\\/vog.com.tn\\\/\"},{\"@type\":\"ListItem\",\"position\":2,\"name\":\"Produits\",\"item\":\"https:\\\/\\\/vog.com.tn\\\/?page_id=8\"},{\"@type\":\"ListItem\",\"position\":3,\"name\":\"Robe Femme-311822-vog\"}]},{\"@type\":\"WebSite\",\"@id\":\"https:\\\/\\\/vog.com.tn\\\/#website\",\"url\":\"https:\\\/\\\/vog.com.tn\\\/\",\"name\":\"Vog Tunisie\",\"description\":\"Pr\u00eat-\u00e0-porter\",\"potentialAction\":[{\"@type\":\"SearchAction\",\"target\":{\"@type\":\"EntryPoint\",\"urlTemplate\":\"https:\\\/\\\/vog.com.tn\\\/?s={search_term_string}\"},\"query-input\":{\"@type\":\"PropertyValueSpecification\",\"valueRequired\":true,\"valueName\":\"search_term_string\"}}],\"inLanguage\":\"fr-FR\"}]}<\/script>\n<!-- \/ Yoast SEO plugin. -->","yoast_head_json":{"title":"Robe Femme-311822-vog - Vog Tunisie","robots":{"index":"index","follow":"follow","max-snippet":"max-snippet:-1","max-image-preview":"max-image-preview:large","max-video-preview":"max-video-preview:-1"},"canonical":"https:\/\/vog.com.tn\/?product=robe-femme-311822-vog","og_locale":"fr_FR","og_type":"article","og_title":"Robe Femme-311822-vog - Vog Tunisie","og_description":"Vente en ligne robe pour femme.    Tissu : Une maille c\u00f4tel\u00e9e extensible qui \u00e9pouse les formes tout en restant confortable.    Col : Un col rond classique et d\u00e9gag\u00e9.    Fermeture : Elle est orn\u00e9e sur toute la longueur du devant par une s\u00e9rie de boutons fantaisie vari\u00e9s qui apportent une touche originale.    Manches : Des manches longues ajust\u00e9es dans la continuit\u00e9 du corps de la robe.    Coupe : Une coupe longue et moulante qui souligne la silhouette avec \u00e9l\u00e9gance.   \ud83d\ude9a Livraison \u00e0 domicile : 8 TND \u23f1\ufe0f D\u00e9lai de livraison : 2 \u00e0 3 jours ouvrables \ud83d\udd01 \u00c9change possible : Oui (vous payez seulement les frais de livraison retour).","og_url":"https:\/\/vog.com.tn\/?product=robe-femme-311822-vog","og_site_name":"Vog Tunisie","article_modified_time":"2026-04-09T10:11:51+00:00","og_image":[{"width":572,"height":800,"url":"https:\/\/vog.com.tn\/wp-content\/uploads\/2025\/12\/311822-noir-vog.jpg","type":"image\/jpeg"}],"twitter_card":"summary_large_image","twitter_misc":{"Dur\u00e9e de lecture estim\u00e9e":"1 minute"},"schema":{"@context":"https:\/\/schema.org","@graph":[{"@type":"WebPage","@id":"https:\/\/vog.com.tn\/?product=robe-femme-311822-vog","url":"https:\/\/vog.com.tn\/?product=robe-femme-311822-vog","name":"Robe Femme-311822-vog - Vog Tunisie","isPartOf":{"@id":"https:\/\/vog.com.tn\/#website"},"primaryImageOfPage":{"@id":"https:\/\/vog.com.tn\/?product=robe-femme-311822-vog#primaryimage"},"image":{"@id":"https:\/\/vog.com.tn\/?product=robe-femme-311822-vog#primaryimage"},"thumbnailUrl":"https:\/\/vog.com.tn\/wp-content\/uploads\/2025\/12\/311822-noir-vog.jpg","datePublished":"2025-12-26T11:26:12+00:00","dateModified":"2026-04-09T10:11:51+00:00","breadcrumb":{"@id":"https:\/\/vog.com.tn\/?product=robe-femme-311822-vog#breadcrumb"},"inLanguage":"fr-FR","potentialAction":[{"@type":"ReadAction","target":["https:\/\/vog.com.tn\/?product=robe-femme-311822-vog"]}]},{"@type":"ImageObject","inLanguage":"fr-FR","@id":"https:\/\/vog.com.tn\/?product=robe-femme-311822-vog#primaryimage","url":"https:\/\/vog.com.tn\/wp-content\/uploads\/2025\/12\/311822-noir-vog.jpg","contentUrl":"https:\/\/vog.com.tn\/wp-content\/uploads\/2025\/12\/311822-noir-vog.jpg","width":572,"height":800},{"@type":"BreadcrumbList","@id":"https:\/\/vog.com.tn\/?product=robe-femme-311822-vog#breadcrumb","itemListElement":[{"@type":"ListItem","position":1,"name":"Home","item":"https:\/\/vog.com.tn\/"},{"@type":"ListItem","position":2,"name":"Produits","item":"https:\/\/vog.com.tn\/?page_id=8"},{"@type":"ListItem","position":3,"name":"Robe Femme-311822-vog"}]},{"@type":"WebSite","@id":"https:\/\/vog.com.tn\/#website","url":"https:\/\/vog.com.tn\/","name":"Vog Tunisie","description":"Pr\u00eat-\u00e0-porter","potentialAction":[{"@type":"SearchAction","target":{"@type":"EntryPoint","urlTemplate":"https:\/\/vog.com.tn\/?s={search_term_string}"},"query-input":{"@type":"PropertyValueSpecification","valueRequired":true,"valueName":"search_term_string"}}],"inLanguage":"fr-FR"}]}},"_links":{"self":[{"href":"https:\/\/vog.com.tn\/index.php?rest_route=\/wp\/v2\/product\/108999","targetHints":{"allow":["GET"]}}],"collection":[{"href":"https:\/\/vog.com.tn\/index.php?rest_route=\/wp\/v2\/product"}],"about":[{"href":"https:\/\/vog.com.tn\/index.php?rest_route=\/wp\/v2\/types\/product"}],"wp:featuredmedia":[{"embeddable":true,"href":"https:\/\/vog.com.tn\/index.php?rest_route=\/wp\/v2\/media\/109002"}],"wp:attachment":[{"href":"https:\/\/vog.com.tn\/index.php?rest_route=%2Fwp%2Fv2%2Fmedia&parent=108999"}],"wp:term":[{"taxonomy":"product_brand","embeddable":true,"href":"https:\/\/vog.com.tn\/index.php?rest_route=%2Fwp%2Fv2%2Fproduct_brand&post=108999"},{"taxonomy":"product_cat","embeddable":true,"href":"https:\/\/vog.com.tn\/index.php?rest_route=%2Fwp%2Fv2%2Fproduct_cat&post=108999"},{"taxonomy":"product_tag","embeddable":true,"href":"https:\/\/vog.com.tn\/index.php?rest_route=%2Fwp%2Fv2%2Fproduct_tag&post=108999"}],"curies":[{"name":"wp","href":"https:\/\/api.w.org\/{rel}","templated":true}]}}