{"id":109499,"date":"2025-12-27T15:46:11","date_gmt":"2025-12-27T14:46:11","guid":{"rendered":"https:\/\/vog.com.tn\/?post_type=product&#038;p=109499"},"modified":"2026-03-15T11:12:29","modified_gmt":"2026-03-15T10:12:29","slug":"jupe-femme-313460-vog","status":"publish","type":"product","link":"https:\/\/vog.com.tn\/?product=jupe-femme-313460-vog","title":{"rendered":"Jupe Femme-313460-VOG"},"content":{"rendered":"<p>VOG met en vente en ligne des jupes en Tunisie. Qu\u2019il s\u2019agisse de mod\u00e8les ajust\u00e9s ou \u00e9vas\u00e9s, nous vous proposons tous les styles, couleurs et imprim\u00e9s pour les jupes de la saison. Que vous cherchiez une jupe crayon \u00e9l\u00e9gante pour le travail ou une jupe fluide pour \u00eatre \u00e0 l\u2019aise le week-end, trouvez la jupe id\u00e9ale pour chaque occasion dans notre collection.<\/p>\n","protected":false},"excerpt":{"rendered":"<p><strong>Vente en ligne jupe pour femme.<\/strong><\/p>\n<ul>\n<li>\n<p data-path-to-node=\"1,0,0\"><b data-path-to-node=\"1,0,0\" data-index-in-node=\"0\">Coupe :<\/b> Une jupe longue et tr\u00e8s \u00e9vas\u00e9e avec un magnifique volume pliss\u00e9.<\/p>\n<\/li>\n<li data-path-to-node=\"1,1,0\"><b data-path-to-node=\"1,1,0\" data-index-in-node=\"0\">Taille :<\/b> Elle poss\u00e8de une large ceinture haute bien ajust\u00e9e qui marque la taille pour une silhouette \u00e9l\u00e9gante.<\/li>\n<li>\n<p data-path-to-node=\"1,2,0\"><b data-path-to-node=\"1,2,0\" data-index-in-node=\"0\">D\u00e9tails :<\/b> Le tissu est fluide et l\u00e9ger, offrant un mouvement gracieux \u00e0 chaque pas. Elle se ferme discr\u00e8tement \u00e0 l&rsquo;arri\u00e8re par une fermeture \u00e9clair.<\/p>\n<\/li>\n<li>\n<p data-path-to-node=\"1,3,0\"><b data-path-to-node=\"1,3,0\" data-index-in-node=\"0\">Praticit\u00e9 :<\/b> La jupe est dot\u00e9e de poches invisibles sur les c\u00f4t\u00e9s, alliant style et c\u00f4t\u00e9 pratique.<\/p>\n<\/li>\n<li>\n<p data-path-to-node=\"1,4,0\"><b data-path-to-node=\"1,4,0\" data-index-in-node=\"0\">Style :<\/b> Une pi\u00e8ce f\u00e9minine et raffin\u00e9e, id\u00e9ale pour une occasion habill\u00e9e ou un look chic au quotidien.<\/p>\n<\/li>\n<\/ul>\n<p data-path-to-node=\"10,0,0\">\ud83d\ude9a <b>Livraison \u00e0 domicile :<\/b> 8 TND<\/p>\n<p data-path-to-node=\"10,1,0\">\u23f1\ufe0f <b>D\u00e9lai de livraison :<\/b> 2 \u00e0 3 jours ouvrables<\/p>\n<p data-path-to-node=\"10,2,0\">\ud83d\udd01 <b>\u00c9change possible :<\/b> Oui (vous payez seulement les frais de livraison retour).<\/p>\n","protected":false},"featured_media":109502,"template":"","meta":[],"product_brand":[],"product_cat":[413,137,360],"product_tag":[],"class_list":{"0":"post-109499","1":"product","2":"type-product","3":"status-publish","4":"has-post-thumbnail","6":"product_cat-jupe","7":"product_cat-mode-femme","8":"product_cat-nouvelle-collection","9":"pa_couleurs-bordeaux","10":"pa_couleurs-choco","11":"pa_couleurs-noir","12":"pa_taille-large","13":"pa_taille-moyenne","14":"pa_taille-small","17":"first","18":"instock","19":"taxable","20":"shipping-taxable","21":"purchasable","22":"product-type-variable"},"yoast_head":"<!-- This site is optimized with the Yoast SEO plugin v27.5 - https:\/\/yoast.com\/product\/yoast-seo-wordpress\/ -->\n<title>Jupe Femme-313460-VOG - Vog Tunisie<\/title>\n<meta name=\"robots\" content=\"index, follow, max-snippet:-1, max-image-preview:large, max-video-preview:-1\" \/>\n<link rel=\"canonical\" href=\"https:\/\/vog.com.tn\/?product=jupe-femme-313460-vog\" \/>\n<meta property=\"og:locale\" content=\"fr_FR\" \/>\n<meta property=\"og:type\" content=\"article\" \/>\n<meta property=\"og:title\" content=\"Jupe Femme-313460-VOG - Vog Tunisie\" \/>\n<meta property=\"og:description\" content=\"Vente en ligne jupe pour femme.    Coupe : Une jupe longue et tr\u00e8s \u00e9vas\u00e9e avec un magnifique volume pliss\u00e9.   Taille : Elle poss\u00e8de une large ceinture haute bien ajust\u00e9e qui marque la taille pour une silhouette \u00e9l\u00e9gante.   D\u00e9tails : Le tissu est fluide et l\u00e9ger, offrant un mouvement gracieux \u00e0 chaque pas. Elle se ferme discr\u00e8tement \u00e0 l&#039;arri\u00e8re par une fermeture \u00e9clair.    Praticit\u00e9 : La jupe est dot\u00e9e de poches invisibles sur les c\u00f4t\u00e9s, alliant style et c\u00f4t\u00e9 pratique.    Style : Une pi\u00e8ce f\u00e9minine et raffin\u00e9e, id\u00e9ale pour une occasion habill\u00e9e ou un look chic au quotidien.   \ud83d\ude9a Livraison \u00e0 domicile : 8 TND \u23f1\ufe0f D\u00e9lai de livraison : 2 \u00e0 3 jours ouvrables \ud83d\udd01 \u00c9change possible : Oui (vous payez seulement les frais de livraison retour).\" \/>\n<meta property=\"og:url\" content=\"https:\/\/vog.com.tn\/?product=jupe-femme-313460-vog\" \/>\n<meta property=\"og:site_name\" content=\"Vog Tunisie\" \/>\n<meta property=\"article:modified_time\" content=\"2026-03-15T10:12:29+00:00\" \/>\n<meta property=\"og:image\" content=\"https:\/\/vog.com.tn\/wp-content\/uploads\/2025\/12\/313460-bordeaux-vog-2.jpg\" \/>\n\t<meta property=\"og:image:width\" content=\"572\" \/>\n\t<meta property=\"og:image:height\" content=\"800\" \/>\n\t<meta property=\"og:image:type\" content=\"image\/jpeg\" \/>\n<meta name=\"twitter:card\" content=\"summary_large_image\" \/>\n<meta name=\"twitter:label1\" content=\"Dur\u00e9e de lecture estim\u00e9e\" \/>\n\t<meta name=\"twitter:data1\" content=\"1 minute\" \/>\n<script type=\"application\/ld+json\" class=\"yoast-schema-graph\">{\"@context\":\"https:\\\/\\\/schema.org\",\"@graph\":[{\"@type\":\"WebPage\",\"@id\":\"https:\\\/\\\/vog.com.tn\\\/?product=jupe-femme-313460-vog\",\"url\":\"https:\\\/\\\/vog.com.tn\\\/?product=jupe-femme-313460-vog\",\"name\":\"Jupe Femme-313460-VOG - Vog Tunisie\",\"isPartOf\":{\"@id\":\"https:\\\/\\\/vog.com.tn\\\/#website\"},\"primaryImageOfPage\":{\"@id\":\"https:\\\/\\\/vog.com.tn\\\/?product=jupe-femme-313460-vog#primaryimage\"},\"image\":{\"@id\":\"https:\\\/\\\/vog.com.tn\\\/?product=jupe-femme-313460-vog#primaryimage\"},\"thumbnailUrl\":\"https:\\\/\\\/vog.com.tn\\\/wp-content\\\/uploads\\\/2025\\\/12\\\/313460-bordeaux-vog-2.jpg\",\"datePublished\":\"2025-12-27T14:46:11+00:00\",\"dateModified\":\"2026-03-15T10:12:29+00:00\",\"breadcrumb\":{\"@id\":\"https:\\\/\\\/vog.com.tn\\\/?product=jupe-femme-313460-vog#breadcrumb\"},\"inLanguage\":\"fr-FR\",\"potentialAction\":[{\"@type\":\"ReadAction\",\"target\":[\"https:\\\/\\\/vog.com.tn\\\/?product=jupe-femme-313460-vog\"]}]},{\"@type\":\"ImageObject\",\"inLanguage\":\"fr-FR\",\"@id\":\"https:\\\/\\\/vog.com.tn\\\/?product=jupe-femme-313460-vog#primaryimage\",\"url\":\"https:\\\/\\\/vog.com.tn\\\/wp-content\\\/uploads\\\/2025\\\/12\\\/313460-bordeaux-vog-2.jpg\",\"contentUrl\":\"https:\\\/\\\/vog.com.tn\\\/wp-content\\\/uploads\\\/2025\\\/12\\\/313460-bordeaux-vog-2.jpg\",\"width\":572,\"height\":800},{\"@type\":\"BreadcrumbList\",\"@id\":\"https:\\\/\\\/vog.com.tn\\\/?product=jupe-femme-313460-vog#breadcrumb\",\"itemListElement\":[{\"@type\":\"ListItem\",\"position\":1,\"name\":\"Home\",\"item\":\"https:\\\/\\\/vog.com.tn\\\/\"},{\"@type\":\"ListItem\",\"position\":2,\"name\":\"Produits\",\"item\":\"https:\\\/\\\/vog.com.tn\\\/?page_id=8\"},{\"@type\":\"ListItem\",\"position\":3,\"name\":\"Jupe Femme-313460-VOG\"}]},{\"@type\":\"WebSite\",\"@id\":\"https:\\\/\\\/vog.com.tn\\\/#website\",\"url\":\"https:\\\/\\\/vog.com.tn\\\/\",\"name\":\"Vog Tunisie\",\"description\":\"Pr\u00eat-\u00e0-porter\",\"potentialAction\":[{\"@type\":\"SearchAction\",\"target\":{\"@type\":\"EntryPoint\",\"urlTemplate\":\"https:\\\/\\\/vog.com.tn\\\/?s={search_term_string}\"},\"query-input\":{\"@type\":\"PropertyValueSpecification\",\"valueRequired\":true,\"valueName\":\"search_term_string\"}}],\"inLanguage\":\"fr-FR\"}]}<\/script>\n<!-- \/ Yoast SEO plugin. -->","yoast_head_json":{"title":"Jupe Femme-313460-VOG - Vog Tunisie","robots":{"index":"index","follow":"follow","max-snippet":"max-snippet:-1","max-image-preview":"max-image-preview:large","max-video-preview":"max-video-preview:-1"},"canonical":"https:\/\/vog.com.tn\/?product=jupe-femme-313460-vog","og_locale":"fr_FR","og_type":"article","og_title":"Jupe Femme-313460-VOG - Vog Tunisie","og_description":"Vente en ligne jupe pour femme.    Coupe : Une jupe longue et tr\u00e8s \u00e9vas\u00e9e avec un magnifique volume pliss\u00e9.   Taille : Elle poss\u00e8de une large ceinture haute bien ajust\u00e9e qui marque la taille pour une silhouette \u00e9l\u00e9gante.   D\u00e9tails : Le tissu est fluide et l\u00e9ger, offrant un mouvement gracieux \u00e0 chaque pas. Elle se ferme discr\u00e8tement \u00e0 l'arri\u00e8re par une fermeture \u00e9clair.    Praticit\u00e9 : La jupe est dot\u00e9e de poches invisibles sur les c\u00f4t\u00e9s, alliant style et c\u00f4t\u00e9 pratique.    Style : Une pi\u00e8ce f\u00e9minine et raffin\u00e9e, id\u00e9ale pour une occasion habill\u00e9e ou un look chic au quotidien.   \ud83d\ude9a Livraison \u00e0 domicile : 8 TND \u23f1\ufe0f D\u00e9lai de livraison : 2 \u00e0 3 jours ouvrables \ud83d\udd01 \u00c9change possible : Oui (vous payez seulement les frais de livraison retour).","og_url":"https:\/\/vog.com.tn\/?product=jupe-femme-313460-vog","og_site_name":"Vog Tunisie","article_modified_time":"2026-03-15T10:12:29+00:00","og_image":[{"width":572,"height":800,"url":"https:\/\/vog.com.tn\/wp-content\/uploads\/2025\/12\/313460-bordeaux-vog-2.jpg","type":"image\/jpeg"}],"twitter_card":"summary_large_image","twitter_misc":{"Dur\u00e9e de lecture estim\u00e9e":"1 minute"},"schema":{"@context":"https:\/\/schema.org","@graph":[{"@type":"WebPage","@id":"https:\/\/vog.com.tn\/?product=jupe-femme-313460-vog","url":"https:\/\/vog.com.tn\/?product=jupe-femme-313460-vog","name":"Jupe Femme-313460-VOG - Vog Tunisie","isPartOf":{"@id":"https:\/\/vog.com.tn\/#website"},"primaryImageOfPage":{"@id":"https:\/\/vog.com.tn\/?product=jupe-femme-313460-vog#primaryimage"},"image":{"@id":"https:\/\/vog.com.tn\/?product=jupe-femme-313460-vog#primaryimage"},"thumbnailUrl":"https:\/\/vog.com.tn\/wp-content\/uploads\/2025\/12\/313460-bordeaux-vog-2.jpg","datePublished":"2025-12-27T14:46:11+00:00","dateModified":"2026-03-15T10:12:29+00:00","breadcrumb":{"@id":"https:\/\/vog.com.tn\/?product=jupe-femme-313460-vog#breadcrumb"},"inLanguage":"fr-FR","potentialAction":[{"@type":"ReadAction","target":["https:\/\/vog.com.tn\/?product=jupe-femme-313460-vog"]}]},{"@type":"ImageObject","inLanguage":"fr-FR","@id":"https:\/\/vog.com.tn\/?product=jupe-femme-313460-vog#primaryimage","url":"https:\/\/vog.com.tn\/wp-content\/uploads\/2025\/12\/313460-bordeaux-vog-2.jpg","contentUrl":"https:\/\/vog.com.tn\/wp-content\/uploads\/2025\/12\/313460-bordeaux-vog-2.jpg","width":572,"height":800},{"@type":"BreadcrumbList","@id":"https:\/\/vog.com.tn\/?product=jupe-femme-313460-vog#breadcrumb","itemListElement":[{"@type":"ListItem","position":1,"name":"Home","item":"https:\/\/vog.com.tn\/"},{"@type":"ListItem","position":2,"name":"Produits","item":"https:\/\/vog.com.tn\/?page_id=8"},{"@type":"ListItem","position":3,"name":"Jupe Femme-313460-VOG"}]},{"@type":"WebSite","@id":"https:\/\/vog.com.tn\/#website","url":"https:\/\/vog.com.tn\/","name":"Vog Tunisie","description":"Pr\u00eat-\u00e0-porter","potentialAction":[{"@type":"SearchAction","target":{"@type":"EntryPoint","urlTemplate":"https:\/\/vog.com.tn\/?s={search_term_string}"},"query-input":{"@type":"PropertyValueSpecification","valueRequired":true,"valueName":"search_term_string"}}],"inLanguage":"fr-FR"}]}},"_links":{"self":[{"href":"https:\/\/vog.com.tn\/index.php?rest_route=\/wp\/v2\/product\/109499","targetHints":{"allow":["GET"]}}],"collection":[{"href":"https:\/\/vog.com.tn\/index.php?rest_route=\/wp\/v2\/product"}],"about":[{"href":"https:\/\/vog.com.tn\/index.php?rest_route=\/wp\/v2\/types\/product"}],"wp:featuredmedia":[{"embeddable":true,"href":"https:\/\/vog.com.tn\/index.php?rest_route=\/wp\/v2\/media\/109502"}],"wp:attachment":[{"href":"https:\/\/vog.com.tn\/index.php?rest_route=%2Fwp%2Fv2%2Fmedia&parent=109499"}],"wp:term":[{"taxonomy":"product_brand","embeddable":true,"href":"https:\/\/vog.com.tn\/index.php?rest_route=%2Fwp%2Fv2%2Fproduct_brand&post=109499"},{"taxonomy":"product_cat","embeddable":true,"href":"https:\/\/vog.com.tn\/index.php?rest_route=%2Fwp%2Fv2%2Fproduct_cat&post=109499"},{"taxonomy":"product_tag","embeddable":true,"href":"https:\/\/vog.com.tn\/index.php?rest_route=%2Fwp%2Fv2%2Fproduct_tag&post=109499"}],"curies":[{"name":"wp","href":"https:\/\/api.w.org\/{rel}","templated":true}]}}