{"id":110869,"date":"2026-01-04T11:19:17","date_gmt":"2026-01-04T10:19:17","guid":{"rendered":"https:\/\/vog.com.tn\/?post_type=product&#038;p=110869"},"modified":"2026-05-02T12:11:30","modified_gmt":"2026-05-02T10:11:30","slug":"pantalon-style-legging-313301-vog","status":"publish","type":"product","link":"https:\/\/vog.com.tn\/?product=pantalon-style-legging-313301-vog","title":{"rendered":"Pantalon style Legging\u2013313301\u2013 VOG"},"content":{"rendered":"<p>VOG met en vente en ligne en Tunisie des pantalons et leggings confortables et polyvalents, id\u00e9als pour le quotidien. Ils s\u2019adaptent facilement \u00e0 tous les styles et conviennent \u00e0 toutes les occasions.<\/p>\n","protected":false},"excerpt":{"rendered":"<p><strong>Vente en ligne pantalon style Legging pour femme.<\/strong><\/p>\n<ul>\n<li>\n<p data-path-to-node=\"2,0,0\"><b data-path-to-node=\"2,0,0\" data-index-in-node=\"0\">Coupe<\/b> : Un legging \u00e0 coupe moulante qui \u00e9pouse parfaitement les jambes de la taille jusqu&rsquo;aux chevilles.<\/p>\n<\/li>\n<li data-path-to-node=\"2,1,0\"><b data-path-to-node=\"2,1,0\" data-index-in-node=\"0\">D\u00e9tail Signature<\/b> : Il est dot\u00e9 de sous-pieds qui permettent de maintenir le legging bien en place dans les chaussures et d&rsquo;\u00e9lancer la jambe.<\/li>\n<li>\n<p data-path-to-node=\"2,2,0\"><b data-path-to-node=\"2,2,0\" data-index-in-node=\"0\">Taille<\/b> : Dispose d&rsquo;une pour un effet gainant et un maintien optimal.<\/p>\n<\/li>\n<li>\n<p data-path-to-node=\"2,3,0\"><b data-path-to-node=\"2,3,0\" data-index-in-node=\"0\">Mati\u00e8re<\/b> : Con\u00e7u dans une mati\u00e8re souple et lisse, offrant une totale libert\u00e9 de mouvement.<\/p>\n<\/li>\n<li>\n<p data-path-to-node=\"2,4,0\"><b data-path-to-node=\"2,4,0\" data-index-in-node=\"0\">Style<\/b> : Un essentiel moderne et pratique, id\u00e9al \u00e0 porter avec des bottines ou des baskets pour un look sportswear chic.<\/p>\n<\/li>\n<\/ul>\n<p data-path-to-node=\"10,0,0\">\ud83d\ude9a <b>Livraison \u00e0 domicile :<\/b> 8 TND<\/p>\n<p data-path-to-node=\"10,1,0\">\u23f1\ufe0f <b>D\u00e9lai de livraison :<\/b> 2 \u00e0 3 jours ouvrables<\/p>\n<p data-path-to-node=\"10,2,0\">\ud83d\udd01 <b>\u00c9change possible :<\/b> Oui (vous payez seulement les frais de livraison retour).<\/p>\n","protected":false},"featured_media":110872,"template":"","meta":[],"product_brand":[],"product_cat":[137,360,92,71],"product_tag":[],"class_list":{"0":"post-110869","1":"product","2":"type-product","3":"status-publish","4":"has-post-thumbnail","6":"product_cat-mode-femme","7":"product_cat-nouvelle-collection","8":"product_cat-pantalons","9":"product_cat-vetements-femme","10":"pa_couleurs-choco","11":"pa_couleurs-noir","12":"pa_taille-l-xl","13":"pa_taille-m-l","14":"pa_taille-s-m","17":"first","18":"instock","19":"taxable","20":"shipping-taxable","21":"purchasable","22":"product-type-variable"},"yoast_head":"<!-- This site is optimized with the Yoast SEO plugin v27.5 - https:\/\/yoast.com\/product\/yoast-seo-wordpress\/ -->\n<title>Pantalon style Legging\u2013313301\u2013 VOG - Vog Tunisie<\/title>\n<meta name=\"robots\" content=\"index, follow, max-snippet:-1, max-image-preview:large, max-video-preview:-1\" \/>\n<link rel=\"canonical\" href=\"https:\/\/vog.com.tn\/?product=pantalon-style-legging-313301-vog\" \/>\n<meta property=\"og:locale\" content=\"fr_FR\" \/>\n<meta property=\"og:type\" content=\"article\" \/>\n<meta property=\"og:title\" content=\"Pantalon style Legging\u2013313301\u2013 VOG - Vog Tunisie\" \/>\n<meta property=\"og:description\" content=\"Vente en ligne pantalon style Legging pour femme.    Coupe : Un legging \u00e0 coupe moulante qui \u00e9pouse parfaitement les jambes de la taille jusqu&#039;aux chevilles.   D\u00e9tail Signature : Il est dot\u00e9 de sous-pieds qui permettent de maintenir le legging bien en place dans les chaussures et d&#039;\u00e9lancer la jambe.   Taille : Dispose d&#039;une pour un effet gainant et un maintien optimal.    Mati\u00e8re : Con\u00e7u dans une mati\u00e8re souple et lisse, offrant une totale libert\u00e9 de mouvement.    Style : Un essentiel moderne et pratique, id\u00e9al \u00e0 porter avec des bottines ou des baskets pour un look sportswear chic.   \ud83d\ude9a Livraison \u00e0 domicile : 8 TND \u23f1\ufe0f D\u00e9lai de livraison : 2 \u00e0 3 jours ouvrables \ud83d\udd01 \u00c9change possible : Oui (vous payez seulement les frais de livraison retour).\" \/>\n<meta property=\"og:url\" content=\"https:\/\/vog.com.tn\/?product=pantalon-style-legging-313301-vog\" \/>\n<meta property=\"og:site_name\" content=\"Vog Tunisie\" \/>\n<meta property=\"article:modified_time\" content=\"2026-05-02T10:11:30+00:00\" \/>\n<meta property=\"og:image\" content=\"https:\/\/vog.com.tn\/wp-content\/uploads\/2026\/01\/313301-choco-vog-2.jpg\" \/>\n\t<meta property=\"og:image:width\" content=\"572\" \/>\n\t<meta property=\"og:image:height\" content=\"800\" \/>\n\t<meta property=\"og:image:type\" content=\"image\/jpeg\" \/>\n<meta name=\"twitter:card\" content=\"summary_large_image\" \/>\n<meta name=\"twitter:label1\" content=\"Dur\u00e9e de lecture estim\u00e9e\" \/>\n\t<meta name=\"twitter:data1\" content=\"1 minute\" \/>\n<script type=\"application\/ld+json\" class=\"yoast-schema-graph\">{\"@context\":\"https:\\\/\\\/schema.org\",\"@graph\":[{\"@type\":\"WebPage\",\"@id\":\"https:\\\/\\\/vog.com.tn\\\/?product=pantalon-style-legging-313301-vog\",\"url\":\"https:\\\/\\\/vog.com.tn\\\/?product=pantalon-style-legging-313301-vog\",\"name\":\"Pantalon style Legging\u2013313301\u2013 VOG - Vog Tunisie\",\"isPartOf\":{\"@id\":\"https:\\\/\\\/vog.com.tn\\\/#website\"},\"primaryImageOfPage\":{\"@id\":\"https:\\\/\\\/vog.com.tn\\\/?product=pantalon-style-legging-313301-vog#primaryimage\"},\"image\":{\"@id\":\"https:\\\/\\\/vog.com.tn\\\/?product=pantalon-style-legging-313301-vog#primaryimage\"},\"thumbnailUrl\":\"https:\\\/\\\/vog.com.tn\\\/wp-content\\\/uploads\\\/2026\\\/01\\\/313301-choco-vog-2.jpg\",\"datePublished\":\"2026-01-04T10:19:17+00:00\",\"dateModified\":\"2026-05-02T10:11:30+00:00\",\"breadcrumb\":{\"@id\":\"https:\\\/\\\/vog.com.tn\\\/?product=pantalon-style-legging-313301-vog#breadcrumb\"},\"inLanguage\":\"fr-FR\",\"potentialAction\":[{\"@type\":\"ReadAction\",\"target\":[\"https:\\\/\\\/vog.com.tn\\\/?product=pantalon-style-legging-313301-vog\"]}]},{\"@type\":\"ImageObject\",\"inLanguage\":\"fr-FR\",\"@id\":\"https:\\\/\\\/vog.com.tn\\\/?product=pantalon-style-legging-313301-vog#primaryimage\",\"url\":\"https:\\\/\\\/vog.com.tn\\\/wp-content\\\/uploads\\\/2026\\\/01\\\/313301-choco-vog-2.jpg\",\"contentUrl\":\"https:\\\/\\\/vog.com.tn\\\/wp-content\\\/uploads\\\/2026\\\/01\\\/313301-choco-vog-2.jpg\",\"width\":572,\"height\":800},{\"@type\":\"BreadcrumbList\",\"@id\":\"https:\\\/\\\/vog.com.tn\\\/?product=pantalon-style-legging-313301-vog#breadcrumb\",\"itemListElement\":[{\"@type\":\"ListItem\",\"position\":1,\"name\":\"Home\",\"item\":\"https:\\\/\\\/vog.com.tn\\\/\"},{\"@type\":\"ListItem\",\"position\":2,\"name\":\"Produits\",\"item\":\"https:\\\/\\\/vog.com.tn\\\/?page_id=8\"},{\"@type\":\"ListItem\",\"position\":3,\"name\":\"Pantalon style Legging\u2013313301\u2013 VOG\"}]},{\"@type\":\"WebSite\",\"@id\":\"https:\\\/\\\/vog.com.tn\\\/#website\",\"url\":\"https:\\\/\\\/vog.com.tn\\\/\",\"name\":\"Vog Tunisie\",\"description\":\"Pr\u00eat-\u00e0-porter\",\"potentialAction\":[{\"@type\":\"SearchAction\",\"target\":{\"@type\":\"EntryPoint\",\"urlTemplate\":\"https:\\\/\\\/vog.com.tn\\\/?s={search_term_string}\"},\"query-input\":{\"@type\":\"PropertyValueSpecification\",\"valueRequired\":true,\"valueName\":\"search_term_string\"}}],\"inLanguage\":\"fr-FR\"}]}<\/script>\n<!-- \/ Yoast SEO plugin. -->","yoast_head_json":{"title":"Pantalon style Legging\u2013313301\u2013 VOG - Vog Tunisie","robots":{"index":"index","follow":"follow","max-snippet":"max-snippet:-1","max-image-preview":"max-image-preview:large","max-video-preview":"max-video-preview:-1"},"canonical":"https:\/\/vog.com.tn\/?product=pantalon-style-legging-313301-vog","og_locale":"fr_FR","og_type":"article","og_title":"Pantalon style Legging\u2013313301\u2013 VOG - Vog Tunisie","og_description":"Vente en ligne pantalon style Legging pour femme.    Coupe : Un legging \u00e0 coupe moulante qui \u00e9pouse parfaitement les jambes de la taille jusqu'aux chevilles.   D\u00e9tail Signature : Il est dot\u00e9 de sous-pieds qui permettent de maintenir le legging bien en place dans les chaussures et d'\u00e9lancer la jambe.   Taille : Dispose d'une pour un effet gainant et un maintien optimal.    Mati\u00e8re : Con\u00e7u dans une mati\u00e8re souple et lisse, offrant une totale libert\u00e9 de mouvement.    Style : Un essentiel moderne et pratique, id\u00e9al \u00e0 porter avec des bottines ou des baskets pour un look sportswear chic.   \ud83d\ude9a Livraison \u00e0 domicile : 8 TND \u23f1\ufe0f D\u00e9lai de livraison : 2 \u00e0 3 jours ouvrables \ud83d\udd01 \u00c9change possible : Oui (vous payez seulement les frais de livraison retour).","og_url":"https:\/\/vog.com.tn\/?product=pantalon-style-legging-313301-vog","og_site_name":"Vog Tunisie","article_modified_time":"2026-05-02T10:11:30+00:00","og_image":[{"width":572,"height":800,"url":"https:\/\/vog.com.tn\/wp-content\/uploads\/2026\/01\/313301-choco-vog-2.jpg","type":"image\/jpeg"}],"twitter_card":"summary_large_image","twitter_misc":{"Dur\u00e9e de lecture estim\u00e9e":"1 minute"},"schema":{"@context":"https:\/\/schema.org","@graph":[{"@type":"WebPage","@id":"https:\/\/vog.com.tn\/?product=pantalon-style-legging-313301-vog","url":"https:\/\/vog.com.tn\/?product=pantalon-style-legging-313301-vog","name":"Pantalon style Legging\u2013313301\u2013 VOG - Vog Tunisie","isPartOf":{"@id":"https:\/\/vog.com.tn\/#website"},"primaryImageOfPage":{"@id":"https:\/\/vog.com.tn\/?product=pantalon-style-legging-313301-vog#primaryimage"},"image":{"@id":"https:\/\/vog.com.tn\/?product=pantalon-style-legging-313301-vog#primaryimage"},"thumbnailUrl":"https:\/\/vog.com.tn\/wp-content\/uploads\/2026\/01\/313301-choco-vog-2.jpg","datePublished":"2026-01-04T10:19:17+00:00","dateModified":"2026-05-02T10:11:30+00:00","breadcrumb":{"@id":"https:\/\/vog.com.tn\/?product=pantalon-style-legging-313301-vog#breadcrumb"},"inLanguage":"fr-FR","potentialAction":[{"@type":"ReadAction","target":["https:\/\/vog.com.tn\/?product=pantalon-style-legging-313301-vog"]}]},{"@type":"ImageObject","inLanguage":"fr-FR","@id":"https:\/\/vog.com.tn\/?product=pantalon-style-legging-313301-vog#primaryimage","url":"https:\/\/vog.com.tn\/wp-content\/uploads\/2026\/01\/313301-choco-vog-2.jpg","contentUrl":"https:\/\/vog.com.tn\/wp-content\/uploads\/2026\/01\/313301-choco-vog-2.jpg","width":572,"height":800},{"@type":"BreadcrumbList","@id":"https:\/\/vog.com.tn\/?product=pantalon-style-legging-313301-vog#breadcrumb","itemListElement":[{"@type":"ListItem","position":1,"name":"Home","item":"https:\/\/vog.com.tn\/"},{"@type":"ListItem","position":2,"name":"Produits","item":"https:\/\/vog.com.tn\/?page_id=8"},{"@type":"ListItem","position":3,"name":"Pantalon style Legging\u2013313301\u2013 VOG"}]},{"@type":"WebSite","@id":"https:\/\/vog.com.tn\/#website","url":"https:\/\/vog.com.tn\/","name":"Vog Tunisie","description":"Pr\u00eat-\u00e0-porter","potentialAction":[{"@type":"SearchAction","target":{"@type":"EntryPoint","urlTemplate":"https:\/\/vog.com.tn\/?s={search_term_string}"},"query-input":{"@type":"PropertyValueSpecification","valueRequired":true,"valueName":"search_term_string"}}],"inLanguage":"fr-FR"}]}},"_links":{"self":[{"href":"https:\/\/vog.com.tn\/index.php?rest_route=\/wp\/v2\/product\/110869","targetHints":{"allow":["GET"]}}],"collection":[{"href":"https:\/\/vog.com.tn\/index.php?rest_route=\/wp\/v2\/product"}],"about":[{"href":"https:\/\/vog.com.tn\/index.php?rest_route=\/wp\/v2\/types\/product"}],"wp:featuredmedia":[{"embeddable":true,"href":"https:\/\/vog.com.tn\/index.php?rest_route=\/wp\/v2\/media\/110872"}],"wp:attachment":[{"href":"https:\/\/vog.com.tn\/index.php?rest_route=%2Fwp%2Fv2%2Fmedia&parent=110869"}],"wp:term":[{"taxonomy":"product_brand","embeddable":true,"href":"https:\/\/vog.com.tn\/index.php?rest_route=%2Fwp%2Fv2%2Fproduct_brand&post=110869"},{"taxonomy":"product_cat","embeddable":true,"href":"https:\/\/vog.com.tn\/index.php?rest_route=%2Fwp%2Fv2%2Fproduct_cat&post=110869"},{"taxonomy":"product_tag","embeddable":true,"href":"https:\/\/vog.com.tn\/index.php?rest_route=%2Fwp%2Fv2%2Fproduct_tag&post=110869"}],"curies":[{"name":"wp","href":"https:\/\/api.w.org\/{rel}","templated":true}]}}