{"id":110883,"date":"2026-01-04T11:41:57","date_gmt":"2026-01-04T10:41:57","guid":{"rendered":"https:\/\/vog.com.tn\/?post_type=product&#038;p=110883"},"modified":"2026-04-23T12:12:21","modified_gmt":"2026-04-23T10:12:21","slug":"pantalon-313408-vog","status":"publish","type":"product","link":"https:\/\/vog.com.tn\/?product=pantalon-313408-vog","title":{"rendered":"Pantalon\u2013313408\u2013 VOG"},"content":{"rendered":"<p>VOG met en vente en ligne en Tunisie des pantalons et leggings confortables et polyvalents, id\u00e9als pour le quotidien. Ils s\u2019adaptent facilement \u00e0 tous les styles et conviennent \u00e0 toutes les occasions.<\/p>\n","protected":false},"excerpt":{"rendered":"<p><strong>Vente en ligne pantalon pour femme.<\/strong><\/p>\n<ul>\n<li>\n<p data-path-to-node=\"2,0,0\"><b data-path-to-node=\"2,0,0\" data-index-in-node=\"0\">Coupe<\/b> : Ce mod\u00e8le propose une coupe large et droite offrant une grande libert\u00e9 de mouvement.<\/p>\n<\/li>\n<li>\n<p data-path-to-node=\"2,1,0\"><b data-path-to-node=\"2,1,0\" data-index-in-node=\"0\">Taille<\/b> : Il est dot\u00e9 d&rsquo;une taille \u00e9lastiqu\u00e9e avec cordon de serrage ajustable pour un maintien personnalis\u00e9 et un confort optimal.<\/p>\n<\/li>\n<li>\n<p data-path-to-node=\"2,2,0\"><b data-path-to-node=\"2,2,0\" data-index-in-node=\"0\">Praticit\u00e9<\/b> : Le pantalon dispose de poches lat\u00e9rales discr\u00e8tes, id\u00e9ales pour un usage quotidien.<\/p>\n<\/li>\n<li>\n<p data-path-to-node=\"2,3,0\"><b data-path-to-node=\"2,3,0\" data-index-in-node=\"0\">Mati\u00e8re<\/b> : Con\u00e7u dans un tissu de type molleton gris chin\u00e9, il est parfait pour un look d\u00e9contract\u00e9 ou sportswear.<\/p>\n<\/li>\n<li>\n<p data-path-to-node=\"2,4,0\"><b data-path-to-node=\"2,4,0\" data-index-in-node=\"0\">Style<\/b> : Un basique du vestiaire \u00ab\u00a0homewear\u00a0\u00bb ou \u00ab\u00a0streetwear\u00a0\u00bb qui s&rsquo;associe facilement avec un t-shirt ajust\u00e9 ou un sweat assorti.<\/p>\n<\/li>\n<\/ul>\n<p data-path-to-node=\"10,0,0\">\ud83d\ude9a <b>Livraison \u00e0 domicile :<\/b> 8 TND<\/p>\n<p data-path-to-node=\"10,1,0\">\u23f1\ufe0f <b>D\u00e9lai de livraison :<\/b> 2 \u00e0 3 jours ouvrables<\/p>\n<p data-path-to-node=\"10,2,0\">\ud83d\udd01 <b>\u00c9change possible :<\/b> Oui (vous payez seulement les frais de livraison retour).<\/p>\n","protected":false},"featured_media":110885,"template":"","meta":[],"product_brand":[],"product_cat":[137,360,92,71],"product_tag":[],"class_list":{"0":"post-110883","1":"product","2":"type-product","3":"status-publish","4":"has-post-thumbnail","6":"product_cat-mode-femme","7":"product_cat-nouvelle-collection","8":"product_cat-pantalons","9":"product_cat-vetements-femme","10":"pa_couleurs-choco","11":"pa_couleurs-gris","12":"pa_couleurs-noir","13":"pa_couleurs-taupe","14":"pa_taille-l-xl","15":"pa_taille-m-l","16":"pa_taille-xl-2xl","19":"first","20":"instock","21":"taxable","22":"shipping-taxable","23":"purchasable","24":"product-type-variable"},"yoast_head":"<!-- This site is optimized with the Yoast SEO plugin v27.5 - https:\/\/yoast.com\/product\/yoast-seo-wordpress\/ -->\n<title>Pantalon\u2013313408\u2013 VOG - Vog Tunisie<\/title>\n<meta name=\"robots\" content=\"index, follow, max-snippet:-1, max-image-preview:large, max-video-preview:-1\" \/>\n<link rel=\"canonical\" href=\"https:\/\/vog.com.tn\/?product=pantalon-313408-vog\" \/>\n<meta property=\"og:locale\" content=\"fr_FR\" \/>\n<meta property=\"og:type\" content=\"article\" \/>\n<meta property=\"og:title\" content=\"Pantalon\u2013313408\u2013 VOG - Vog Tunisie\" \/>\n<meta property=\"og:description\" content=\"Vente en ligne pantalon pour femme.    Coupe : Ce mod\u00e8le propose une coupe large et droite offrant une grande libert\u00e9 de mouvement.    Taille : Il est dot\u00e9 d&#039;une taille \u00e9lastiqu\u00e9e avec cordon de serrage ajustable pour un maintien personnalis\u00e9 et un confort optimal.    Praticit\u00e9 : Le pantalon dispose de poches lat\u00e9rales discr\u00e8tes, id\u00e9ales pour un usage quotidien.    Mati\u00e8re : Con\u00e7u dans un tissu de type molleton gris chin\u00e9, il est parfait pour un look d\u00e9contract\u00e9 ou sportswear.    Style : Un basique du vestiaire &quot;homewear&quot; ou &quot;streetwear&quot; qui s&#039;associe facilement avec un t-shirt ajust\u00e9 ou un sweat assorti.   \ud83d\ude9a Livraison \u00e0 domicile : 8 TND \u23f1\ufe0f D\u00e9lai de livraison : 2 \u00e0 3 jours ouvrables \ud83d\udd01 \u00c9change possible : Oui (vous payez seulement les frais de livraison retour).\" \/>\n<meta property=\"og:url\" content=\"https:\/\/vog.com.tn\/?product=pantalon-313408-vog\" \/>\n<meta property=\"og:site_name\" content=\"Vog Tunisie\" \/>\n<meta property=\"article:modified_time\" content=\"2026-04-23T10:12:21+00:00\" \/>\n<meta property=\"og:image\" content=\"https:\/\/vog.com.tn\/wp-content\/uploads\/2026\/01\/313408-gris-vog-1.jpg\" \/>\n\t<meta property=\"og:image:width\" content=\"572\" \/>\n\t<meta property=\"og:image:height\" content=\"800\" \/>\n\t<meta property=\"og:image:type\" content=\"image\/jpeg\" \/>\n<meta name=\"twitter:card\" content=\"summary_large_image\" \/>\n<meta name=\"twitter:label1\" content=\"Dur\u00e9e de lecture estim\u00e9e\" \/>\n\t<meta name=\"twitter:data1\" content=\"1 minute\" \/>\n<script type=\"application\/ld+json\" class=\"yoast-schema-graph\">{\"@context\":\"https:\\\/\\\/schema.org\",\"@graph\":[{\"@type\":\"WebPage\",\"@id\":\"https:\\\/\\\/vog.com.tn\\\/?product=pantalon-313408-vog\",\"url\":\"https:\\\/\\\/vog.com.tn\\\/?product=pantalon-313408-vog\",\"name\":\"Pantalon\u2013313408\u2013 VOG - Vog Tunisie\",\"isPartOf\":{\"@id\":\"https:\\\/\\\/vog.com.tn\\\/#website\"},\"primaryImageOfPage\":{\"@id\":\"https:\\\/\\\/vog.com.tn\\\/?product=pantalon-313408-vog#primaryimage\"},\"image\":{\"@id\":\"https:\\\/\\\/vog.com.tn\\\/?product=pantalon-313408-vog#primaryimage\"},\"thumbnailUrl\":\"https:\\\/\\\/vog.com.tn\\\/wp-content\\\/uploads\\\/2026\\\/01\\\/313408-gris-vog-1.jpg\",\"datePublished\":\"2026-01-04T10:41:57+00:00\",\"dateModified\":\"2026-04-23T10:12:21+00:00\",\"breadcrumb\":{\"@id\":\"https:\\\/\\\/vog.com.tn\\\/?product=pantalon-313408-vog#breadcrumb\"},\"inLanguage\":\"fr-FR\",\"potentialAction\":[{\"@type\":\"ReadAction\",\"target\":[\"https:\\\/\\\/vog.com.tn\\\/?product=pantalon-313408-vog\"]}]},{\"@type\":\"ImageObject\",\"inLanguage\":\"fr-FR\",\"@id\":\"https:\\\/\\\/vog.com.tn\\\/?product=pantalon-313408-vog#primaryimage\",\"url\":\"https:\\\/\\\/vog.com.tn\\\/wp-content\\\/uploads\\\/2026\\\/01\\\/313408-gris-vog-1.jpg\",\"contentUrl\":\"https:\\\/\\\/vog.com.tn\\\/wp-content\\\/uploads\\\/2026\\\/01\\\/313408-gris-vog-1.jpg\",\"width\":572,\"height\":800},{\"@type\":\"BreadcrumbList\",\"@id\":\"https:\\\/\\\/vog.com.tn\\\/?product=pantalon-313408-vog#breadcrumb\",\"itemListElement\":[{\"@type\":\"ListItem\",\"position\":1,\"name\":\"Home\",\"item\":\"https:\\\/\\\/vog.com.tn\\\/\"},{\"@type\":\"ListItem\",\"position\":2,\"name\":\"Produits\",\"item\":\"https:\\\/\\\/vog.com.tn\\\/?page_id=8\"},{\"@type\":\"ListItem\",\"position\":3,\"name\":\"Pantalon\u2013313408\u2013 VOG\"}]},{\"@type\":\"WebSite\",\"@id\":\"https:\\\/\\\/vog.com.tn\\\/#website\",\"url\":\"https:\\\/\\\/vog.com.tn\\\/\",\"name\":\"Vog Tunisie\",\"description\":\"Pr\u00eat-\u00e0-porter\",\"potentialAction\":[{\"@type\":\"SearchAction\",\"target\":{\"@type\":\"EntryPoint\",\"urlTemplate\":\"https:\\\/\\\/vog.com.tn\\\/?s={search_term_string}\"},\"query-input\":{\"@type\":\"PropertyValueSpecification\",\"valueRequired\":true,\"valueName\":\"search_term_string\"}}],\"inLanguage\":\"fr-FR\"}]}<\/script>\n<!-- \/ Yoast SEO plugin. -->","yoast_head_json":{"title":"Pantalon\u2013313408\u2013 VOG - Vog Tunisie","robots":{"index":"index","follow":"follow","max-snippet":"max-snippet:-1","max-image-preview":"max-image-preview:large","max-video-preview":"max-video-preview:-1"},"canonical":"https:\/\/vog.com.tn\/?product=pantalon-313408-vog","og_locale":"fr_FR","og_type":"article","og_title":"Pantalon\u2013313408\u2013 VOG - Vog Tunisie","og_description":"Vente en ligne pantalon pour femme.    Coupe : Ce mod\u00e8le propose une coupe large et droite offrant une grande libert\u00e9 de mouvement.    Taille : Il est dot\u00e9 d'une taille \u00e9lastiqu\u00e9e avec cordon de serrage ajustable pour un maintien personnalis\u00e9 et un confort optimal.    Praticit\u00e9 : Le pantalon dispose de poches lat\u00e9rales discr\u00e8tes, id\u00e9ales pour un usage quotidien.    Mati\u00e8re : Con\u00e7u dans un tissu de type molleton gris chin\u00e9, il est parfait pour un look d\u00e9contract\u00e9 ou sportswear.    Style : Un basique du vestiaire \"homewear\" ou \"streetwear\" qui s'associe facilement avec un t-shirt ajust\u00e9 ou un sweat assorti.   \ud83d\ude9a Livraison \u00e0 domicile : 8 TND \u23f1\ufe0f D\u00e9lai de livraison : 2 \u00e0 3 jours ouvrables \ud83d\udd01 \u00c9change possible : Oui (vous payez seulement les frais de livraison retour).","og_url":"https:\/\/vog.com.tn\/?product=pantalon-313408-vog","og_site_name":"Vog Tunisie","article_modified_time":"2026-04-23T10:12:21+00:00","og_image":[{"width":572,"height":800,"url":"https:\/\/vog.com.tn\/wp-content\/uploads\/2026\/01\/313408-gris-vog-1.jpg","type":"image\/jpeg"}],"twitter_card":"summary_large_image","twitter_misc":{"Dur\u00e9e de lecture estim\u00e9e":"1 minute"},"schema":{"@context":"https:\/\/schema.org","@graph":[{"@type":"WebPage","@id":"https:\/\/vog.com.tn\/?product=pantalon-313408-vog","url":"https:\/\/vog.com.tn\/?product=pantalon-313408-vog","name":"Pantalon\u2013313408\u2013 VOG - Vog Tunisie","isPartOf":{"@id":"https:\/\/vog.com.tn\/#website"},"primaryImageOfPage":{"@id":"https:\/\/vog.com.tn\/?product=pantalon-313408-vog#primaryimage"},"image":{"@id":"https:\/\/vog.com.tn\/?product=pantalon-313408-vog#primaryimage"},"thumbnailUrl":"https:\/\/vog.com.tn\/wp-content\/uploads\/2026\/01\/313408-gris-vog-1.jpg","datePublished":"2026-01-04T10:41:57+00:00","dateModified":"2026-04-23T10:12:21+00:00","breadcrumb":{"@id":"https:\/\/vog.com.tn\/?product=pantalon-313408-vog#breadcrumb"},"inLanguage":"fr-FR","potentialAction":[{"@type":"ReadAction","target":["https:\/\/vog.com.tn\/?product=pantalon-313408-vog"]}]},{"@type":"ImageObject","inLanguage":"fr-FR","@id":"https:\/\/vog.com.tn\/?product=pantalon-313408-vog#primaryimage","url":"https:\/\/vog.com.tn\/wp-content\/uploads\/2026\/01\/313408-gris-vog-1.jpg","contentUrl":"https:\/\/vog.com.tn\/wp-content\/uploads\/2026\/01\/313408-gris-vog-1.jpg","width":572,"height":800},{"@type":"BreadcrumbList","@id":"https:\/\/vog.com.tn\/?product=pantalon-313408-vog#breadcrumb","itemListElement":[{"@type":"ListItem","position":1,"name":"Home","item":"https:\/\/vog.com.tn\/"},{"@type":"ListItem","position":2,"name":"Produits","item":"https:\/\/vog.com.tn\/?page_id=8"},{"@type":"ListItem","position":3,"name":"Pantalon\u2013313408\u2013 VOG"}]},{"@type":"WebSite","@id":"https:\/\/vog.com.tn\/#website","url":"https:\/\/vog.com.tn\/","name":"Vog Tunisie","description":"Pr\u00eat-\u00e0-porter","potentialAction":[{"@type":"SearchAction","target":{"@type":"EntryPoint","urlTemplate":"https:\/\/vog.com.tn\/?s={search_term_string}"},"query-input":{"@type":"PropertyValueSpecification","valueRequired":true,"valueName":"search_term_string"}}],"inLanguage":"fr-FR"}]}},"_links":{"self":[{"href":"https:\/\/vog.com.tn\/index.php?rest_route=\/wp\/v2\/product\/110883","targetHints":{"allow":["GET"]}}],"collection":[{"href":"https:\/\/vog.com.tn\/index.php?rest_route=\/wp\/v2\/product"}],"about":[{"href":"https:\/\/vog.com.tn\/index.php?rest_route=\/wp\/v2\/types\/product"}],"wp:featuredmedia":[{"embeddable":true,"href":"https:\/\/vog.com.tn\/index.php?rest_route=\/wp\/v2\/media\/110885"}],"wp:attachment":[{"href":"https:\/\/vog.com.tn\/index.php?rest_route=%2Fwp%2Fv2%2Fmedia&parent=110883"}],"wp:term":[{"taxonomy":"product_brand","embeddable":true,"href":"https:\/\/vog.com.tn\/index.php?rest_route=%2Fwp%2Fv2%2Fproduct_brand&post=110883"},{"taxonomy":"product_cat","embeddable":true,"href":"https:\/\/vog.com.tn\/index.php?rest_route=%2Fwp%2Fv2%2Fproduct_cat&post=110883"},{"taxonomy":"product_tag","embeddable":true,"href":"https:\/\/vog.com.tn\/index.php?rest_route=%2Fwp%2Fv2%2Fproduct_tag&post=110883"}],"curies":[{"name":"wp","href":"https:\/\/api.w.org\/{rel}","templated":true}]}}