{"id":111741,"date":"2026-01-23T14:27:46","date_gmt":"2026-01-23T13:27:46","guid":{"rendered":"https:\/\/vog.com.tn\/?post_type=product&#038;p=111741"},"modified":"2026-04-22T12:12:15","modified_gmt":"2026-04-22T10:12:15","slug":"doudoune-femme-311019-vog","status":"publish","type":"product","link":"https:\/\/vog.com.tn\/?product=doudoune-femme-311019-vog","title":{"rendered":"Doudoune femme -311019-VOG"},"content":{"rendered":"<p>Vog met en vente en ligne Manteaux longs en Tunisie. Les manteaux sont des pi\u00e8ces phares pour l\u2019hiver. Notre s\u00e9lection de manteaux pour femmes offre tout ce dont vous avez besoin : des anoraks confortables aux manteaux de laine \u00e9l\u00e9gants. Vous trouverez \u00e9galement une vari\u00e9t\u00e9 de manteaux de fourrure, de parka, en cuir, cachemires. On craque pour ces manteaux polyvalents qui rehaussent la simplicit\u00e9 d\u2019un jean et temp\u00e8rent l\u2019extr\u00eame f\u00e9minit\u00e9 d\u2019une robe.<\/p>\n","protected":false},"excerpt":{"rendered":"<p>Vente en ligne manteaux pour femme.<\/p>\n<ul>\n<li>\n<p data-path-to-node=\"1,0,0\"><b data-path-to-node=\"1,0,0\" data-index-in-node=\"0\">R\u00e9versible (2 faces)<\/b> : Cette doudoune peut se porter enti\u00e8rement des deux c\u00f4t\u00e9s.<\/p>\n<\/li>\n<li>\n<p data-path-to-node=\"1,1,0\"><b data-path-to-node=\"1,1,0\" data-index-in-node=\"0\">Face 1<\/b> : Un c\u00f4t\u00e9 en tissu lisse avec une capuche bord\u00e9e de fourrure.<\/p>\n<\/li>\n<li>\n<p data-path-to-node=\"1,2,0\"><b data-path-to-node=\"1,2,0\" data-index-in-node=\"0\">Face 2<\/b> : Un c\u00f4t\u00e9 enti\u00e8rement recouvert de fourrure douce \u00e0 motifs horizontaux.<\/p>\n<\/li>\n<li>\n<p data-path-to-node=\"1,3,0\"><b data-path-to-node=\"1,3,0\" data-index-in-node=\"0\">Taille<\/b> : Elle poss\u00e8de des cordons de serrage pour ajuster le manteau au milieu.<\/p>\n<\/li>\n<li>\n<p data-path-to-node=\"1,4,0\"><b data-path-to-node=\"1,4,0\" data-index-in-node=\"0\">Poches<\/b> : Des poches sont pr\u00e9sentes avec des fermetures \u00e9clair sur le c\u00f4t\u00e9 lisse.<\/p>\n<\/li>\n<\/ul>\n<p data-path-to-node=\"10,0,0\">\ud83d\ude9a <b>Livraison \u00e0 domicile :<\/b> 8 TND<\/p>\n<p data-path-to-node=\"10,1,0\">\u23f1\ufe0f <b>D\u00e9lai de livraison :<\/b> 2 \u00e0 3 jours ouvrables<\/p>\n<p data-path-to-node=\"10,2,0\">\ud83d\udd01 <b>\u00c9change possible :<\/b> Oui (vous payez seulement les frais de livraison retour).<\/p>\n<p data-path-to-node=\"10,2,0\">\n","protected":false},"featured_media":111756,"template":"","meta":[],"product_brand":[],"product_cat":[48,271,269,137,360,71],"product_tag":[],"class_list":{"0":"post-111741","1":"product","2":"type-product","3":"status-publish","4":"has-post-thumbnail","6":"product_cat-manteaux-femme","7":"product_cat-manteaux-et-doudounes-sans-manches-femme","8":"product_cat-manteaux-femme-longs","9":"product_cat-mode-femme","10":"product_cat-nouvelle-collection","11":"product_cat-vetements-femme","12":"pa_couleurs-beige","13":"pa_couleurs-noir","14":"pa_taille-large","15":"pa_taille-moyenne","16":"pa_taille-small","17":"pa_taille-xl","20":"first","21":"instock","22":"taxable","23":"shipping-taxable","24":"purchasable","25":"product-type-variable"},"yoast_head":"<!-- This site is optimized with the Yoast SEO plugin v27.5 - https:\/\/yoast.com\/product\/yoast-seo-wordpress\/ -->\n<title>Doudoune femme -311019-VOG - Vog Tunisie<\/title>\n<meta name=\"robots\" content=\"index, follow, max-snippet:-1, max-image-preview:large, max-video-preview:-1\" \/>\n<link rel=\"canonical\" href=\"https:\/\/vog.com.tn\/?product=doudoune-femme-311019-vog\" \/>\n<meta property=\"og:locale\" content=\"fr_FR\" \/>\n<meta property=\"og:type\" content=\"article\" \/>\n<meta property=\"og:title\" content=\"Doudoune femme -311019-VOG - Vog Tunisie\" \/>\n<meta property=\"og:description\" content=\"Vente en ligne manteaux pour femme.    R\u00e9versible (2 faces) : Cette doudoune peut se porter enti\u00e8rement des deux c\u00f4t\u00e9s.    Face 1 : Un c\u00f4t\u00e9 en tissu lisse avec une capuche bord\u00e9e de fourrure.    Face 2 : Un c\u00f4t\u00e9 enti\u00e8rement recouvert de fourrure douce \u00e0 motifs horizontaux.    Taille : Elle poss\u00e8de des cordons de serrage pour ajuster le manteau au milieu.    Poches : Des poches sont pr\u00e9sentes avec des fermetures \u00e9clair sur le c\u00f4t\u00e9 lisse.   \ud83d\ude9a Livraison \u00e0 domicile : 8 TND \u23f1\ufe0f D\u00e9lai de livraison : 2 \u00e0 3 jours ouvrables \ud83d\udd01 \u00c9change possible : Oui (vous payez seulement les frais de livraison retour).\" \/>\n<meta property=\"og:url\" content=\"https:\/\/vog.com.tn\/?product=doudoune-femme-311019-vog\" \/>\n<meta property=\"og:site_name\" content=\"Vog Tunisie\" \/>\n<meta property=\"article:modified_time\" content=\"2026-04-22T10:12:15+00:00\" \/>\n<meta property=\"og:image\" content=\"https:\/\/vog.com.tn\/wp-content\/uploads\/2026\/01\/311019-noir-vog-2.jpg\" \/>\n\t<meta property=\"og:image:width\" content=\"572\" \/>\n\t<meta property=\"og:image:height\" content=\"800\" \/>\n\t<meta property=\"og:image:type\" content=\"image\/jpeg\" \/>\n<meta name=\"twitter:card\" content=\"summary_large_image\" \/>\n<meta name=\"twitter:label1\" content=\"Dur\u00e9e de lecture estim\u00e9e\" \/>\n\t<meta name=\"twitter:data1\" content=\"1 minute\" \/>\n<script type=\"application\/ld+json\" class=\"yoast-schema-graph\">{\"@context\":\"https:\\\/\\\/schema.org\",\"@graph\":[{\"@type\":\"WebPage\",\"@id\":\"https:\\\/\\\/vog.com.tn\\\/?product=doudoune-femme-311019-vog\",\"url\":\"https:\\\/\\\/vog.com.tn\\\/?product=doudoune-femme-311019-vog\",\"name\":\"Doudoune femme -311019-VOG - Vog Tunisie\",\"isPartOf\":{\"@id\":\"https:\\\/\\\/vog.com.tn\\\/#website\"},\"primaryImageOfPage\":{\"@id\":\"https:\\\/\\\/vog.com.tn\\\/?product=doudoune-femme-311019-vog#primaryimage\"},\"image\":{\"@id\":\"https:\\\/\\\/vog.com.tn\\\/?product=doudoune-femme-311019-vog#primaryimage\"},\"thumbnailUrl\":\"https:\\\/\\\/vog.com.tn\\\/wp-content\\\/uploads\\\/2026\\\/01\\\/311019-noir-vog-2.jpg\",\"datePublished\":\"2026-01-23T13:27:46+00:00\",\"dateModified\":\"2026-04-22T10:12:15+00:00\",\"breadcrumb\":{\"@id\":\"https:\\\/\\\/vog.com.tn\\\/?product=doudoune-femme-311019-vog#breadcrumb\"},\"inLanguage\":\"fr-FR\",\"potentialAction\":[{\"@type\":\"ReadAction\",\"target\":[\"https:\\\/\\\/vog.com.tn\\\/?product=doudoune-femme-311019-vog\"]}]},{\"@type\":\"ImageObject\",\"inLanguage\":\"fr-FR\",\"@id\":\"https:\\\/\\\/vog.com.tn\\\/?product=doudoune-femme-311019-vog#primaryimage\",\"url\":\"https:\\\/\\\/vog.com.tn\\\/wp-content\\\/uploads\\\/2026\\\/01\\\/311019-noir-vog-2.jpg\",\"contentUrl\":\"https:\\\/\\\/vog.com.tn\\\/wp-content\\\/uploads\\\/2026\\\/01\\\/311019-noir-vog-2.jpg\",\"width\":572,\"height\":800},{\"@type\":\"BreadcrumbList\",\"@id\":\"https:\\\/\\\/vog.com.tn\\\/?product=doudoune-femme-311019-vog#breadcrumb\",\"itemListElement\":[{\"@type\":\"ListItem\",\"position\":1,\"name\":\"Home\",\"item\":\"https:\\\/\\\/vog.com.tn\\\/\"},{\"@type\":\"ListItem\",\"position\":2,\"name\":\"Produits\",\"item\":\"https:\\\/\\\/vog.com.tn\\\/?page_id=8\"},{\"@type\":\"ListItem\",\"position\":3,\"name\":\"Doudoune femme -311019-VOG\"}]},{\"@type\":\"WebSite\",\"@id\":\"https:\\\/\\\/vog.com.tn\\\/#website\",\"url\":\"https:\\\/\\\/vog.com.tn\\\/\",\"name\":\"Vog Tunisie\",\"description\":\"Pr\u00eat-\u00e0-porter\",\"potentialAction\":[{\"@type\":\"SearchAction\",\"target\":{\"@type\":\"EntryPoint\",\"urlTemplate\":\"https:\\\/\\\/vog.com.tn\\\/?s={search_term_string}\"},\"query-input\":{\"@type\":\"PropertyValueSpecification\",\"valueRequired\":true,\"valueName\":\"search_term_string\"}}],\"inLanguage\":\"fr-FR\"}]}<\/script>\n<!-- \/ Yoast SEO plugin. -->","yoast_head_json":{"title":"Doudoune femme -311019-VOG - Vog Tunisie","robots":{"index":"index","follow":"follow","max-snippet":"max-snippet:-1","max-image-preview":"max-image-preview:large","max-video-preview":"max-video-preview:-1"},"canonical":"https:\/\/vog.com.tn\/?product=doudoune-femme-311019-vog","og_locale":"fr_FR","og_type":"article","og_title":"Doudoune femme -311019-VOG - Vog Tunisie","og_description":"Vente en ligne manteaux pour femme.    R\u00e9versible (2 faces) : Cette doudoune peut se porter enti\u00e8rement des deux c\u00f4t\u00e9s.    Face 1 : Un c\u00f4t\u00e9 en tissu lisse avec une capuche bord\u00e9e de fourrure.    Face 2 : Un c\u00f4t\u00e9 enti\u00e8rement recouvert de fourrure douce \u00e0 motifs horizontaux.    Taille : Elle poss\u00e8de des cordons de serrage pour ajuster le manteau au milieu.    Poches : Des poches sont pr\u00e9sentes avec des fermetures \u00e9clair sur le c\u00f4t\u00e9 lisse.   \ud83d\ude9a Livraison \u00e0 domicile : 8 TND \u23f1\ufe0f D\u00e9lai de livraison : 2 \u00e0 3 jours ouvrables \ud83d\udd01 \u00c9change possible : Oui (vous payez seulement les frais de livraison retour).","og_url":"https:\/\/vog.com.tn\/?product=doudoune-femme-311019-vog","og_site_name":"Vog Tunisie","article_modified_time":"2026-04-22T10:12:15+00:00","og_image":[{"width":572,"height":800,"url":"https:\/\/vog.com.tn\/wp-content\/uploads\/2026\/01\/311019-noir-vog-2.jpg","type":"image\/jpeg"}],"twitter_card":"summary_large_image","twitter_misc":{"Dur\u00e9e de lecture estim\u00e9e":"1 minute"},"schema":{"@context":"https:\/\/schema.org","@graph":[{"@type":"WebPage","@id":"https:\/\/vog.com.tn\/?product=doudoune-femme-311019-vog","url":"https:\/\/vog.com.tn\/?product=doudoune-femme-311019-vog","name":"Doudoune femme -311019-VOG - Vog Tunisie","isPartOf":{"@id":"https:\/\/vog.com.tn\/#website"},"primaryImageOfPage":{"@id":"https:\/\/vog.com.tn\/?product=doudoune-femme-311019-vog#primaryimage"},"image":{"@id":"https:\/\/vog.com.tn\/?product=doudoune-femme-311019-vog#primaryimage"},"thumbnailUrl":"https:\/\/vog.com.tn\/wp-content\/uploads\/2026\/01\/311019-noir-vog-2.jpg","datePublished":"2026-01-23T13:27:46+00:00","dateModified":"2026-04-22T10:12:15+00:00","breadcrumb":{"@id":"https:\/\/vog.com.tn\/?product=doudoune-femme-311019-vog#breadcrumb"},"inLanguage":"fr-FR","potentialAction":[{"@type":"ReadAction","target":["https:\/\/vog.com.tn\/?product=doudoune-femme-311019-vog"]}]},{"@type":"ImageObject","inLanguage":"fr-FR","@id":"https:\/\/vog.com.tn\/?product=doudoune-femme-311019-vog#primaryimage","url":"https:\/\/vog.com.tn\/wp-content\/uploads\/2026\/01\/311019-noir-vog-2.jpg","contentUrl":"https:\/\/vog.com.tn\/wp-content\/uploads\/2026\/01\/311019-noir-vog-2.jpg","width":572,"height":800},{"@type":"BreadcrumbList","@id":"https:\/\/vog.com.tn\/?product=doudoune-femme-311019-vog#breadcrumb","itemListElement":[{"@type":"ListItem","position":1,"name":"Home","item":"https:\/\/vog.com.tn\/"},{"@type":"ListItem","position":2,"name":"Produits","item":"https:\/\/vog.com.tn\/?page_id=8"},{"@type":"ListItem","position":3,"name":"Doudoune femme -311019-VOG"}]},{"@type":"WebSite","@id":"https:\/\/vog.com.tn\/#website","url":"https:\/\/vog.com.tn\/","name":"Vog Tunisie","description":"Pr\u00eat-\u00e0-porter","potentialAction":[{"@type":"SearchAction","target":{"@type":"EntryPoint","urlTemplate":"https:\/\/vog.com.tn\/?s={search_term_string}"},"query-input":{"@type":"PropertyValueSpecification","valueRequired":true,"valueName":"search_term_string"}}],"inLanguage":"fr-FR"}]}},"_links":{"self":[{"href":"https:\/\/vog.com.tn\/index.php?rest_route=\/wp\/v2\/product\/111741","targetHints":{"allow":["GET"]}}],"collection":[{"href":"https:\/\/vog.com.tn\/index.php?rest_route=\/wp\/v2\/product"}],"about":[{"href":"https:\/\/vog.com.tn\/index.php?rest_route=\/wp\/v2\/types\/product"}],"wp:featuredmedia":[{"embeddable":true,"href":"https:\/\/vog.com.tn\/index.php?rest_route=\/wp\/v2\/media\/111756"}],"wp:attachment":[{"href":"https:\/\/vog.com.tn\/index.php?rest_route=%2Fwp%2Fv2%2Fmedia&parent=111741"}],"wp:term":[{"taxonomy":"product_brand","embeddable":true,"href":"https:\/\/vog.com.tn\/index.php?rest_route=%2Fwp%2Fv2%2Fproduct_brand&post=111741"},{"taxonomy":"product_cat","embeddable":true,"href":"https:\/\/vog.com.tn\/index.php?rest_route=%2Fwp%2Fv2%2Fproduct_cat&post=111741"},{"taxonomy":"product_tag","embeddable":true,"href":"https:\/\/vog.com.tn\/index.php?rest_route=%2Fwp%2Fv2%2Fproduct_tag&post=111741"}],"curies":[{"name":"wp","href":"https:\/\/api.w.org\/{rel}","templated":true}]}}