{"id":111784,"date":"2026-01-23T15:51:25","date_gmt":"2026-01-23T14:51:25","guid":{"rendered":"https:\/\/vog.com.tn\/?post_type=product&#038;p=111784"},"modified":"2026-03-28T11:13:07","modified_gmt":"2026-03-28T10:13:07","slug":"cache-col-en-laine-femme-195123-vog","status":"publish","type":"product","link":"https:\/\/vog.com.tn\/?product=cache-col-en-laine-femme-195123-vog","title":{"rendered":"Cache Col \u2013 En Laine Femme \u2013 195123\u2013 VOG"},"content":{"rendered":"<p>Vog met en vente en ligne Cache Col En Laine Femme en Tunisie. Accessoire star de nos tenues, le sac \u00e0 main pour femme se d\u00e9cline dans toutes les mati\u00e8res et sur tous les tons. Si on reste attach\u00e9e \u00e0 la noblesse du semi cuir, les marques redoublent de cr\u00e9ativit\u00e9 pour toujours mieux nous surprendre. Classiques ou r\u00e9solument audacieux, les formes et les styles se conjuguent en hommage \u00e0 la f\u00e9minit\u00e9.<\/p>\n","protected":false},"excerpt":{"rendered":"<p>Vente en ligne Cache-col pour femme<\/p>\n<ul>\n<li data-path-to-node=\"1\"><b data-path-to-node=\"1\" data-index-in-node=\"0\">Cache-col \u00c9l\u00e9gant \u00e0 Motifs Floraux<\/b><\/li>\n<li>\n<p data-path-to-node=\"2,0,0\"><b data-path-to-node=\"2,0,0\" data-index-in-node=\"0\">Cache-col doux et chaud<\/b>, con\u00e7u pour vous envelopper de douceur durant l&rsquo;hiver.<\/p>\n<\/li>\n<li>\n<p data-path-to-node=\"2,1,0\"><b data-path-to-node=\"2,1,0\" data-index-in-node=\"0\">Tissu en maille de qualit\u00e9<\/b>, offrant un toucher \u00ab\u00a0type laine\u00a0\u00bb souple et protecteur.<\/p>\n<\/li>\n<li>\n<p data-path-to-node=\"2,2,0\"><b data-path-to-node=\"2,2,0\" data-index-in-node=\"0\">Motif floral stylis\u00e9<\/b>, avec des cercles concentriques pour un rendu chic et romantique.<\/p>\n<\/li>\n<li>\n<p data-path-to-node=\"2,3,0\"><b data-path-to-node=\"2,3,0\" data-index-in-node=\"0\">Finitions soign\u00e9es<\/b>, avec des bords l\u00e9g\u00e8rement frang\u00e9s pour une allure raffin\u00e9e.<\/p>\n<\/li>\n<li>\n<p data-path-to-node=\"2,4,0\"><b data-path-to-node=\"2,4,0\" data-index-in-node=\"0\">Format \u00e9tole g\u00e9n\u00e9reux<\/b>, tr\u00e8s confortable et facile \u00e0 draper sur les \u00e9paules ou autour du cou.<\/p>\n<\/li>\n<li>\n<p data-path-to-node=\"2,5,0\"><b data-path-to-node=\"2,5,0\" data-index-in-node=\"0\">Id\u00e9al pour les journ\u00e9es fra\u00eeches<\/b>, il apporte une note lumineuse et f\u00e9minine \u00e0 vos tenues hivernales.<\/p>\n<\/li>\n<\/ul>\n<p data-path-to-node=\"4\">\ud83d\ude9a <b data-path-to-node=\"4\" data-index-in-node=\"3\">Livraison \u00e0 domicile :<\/b> 8 TND<\/p>\n<p data-path-to-node=\"4\">\u23f1\ufe0f <b data-path-to-node=\"4\" data-index-in-node=\"35\">D\u00e9lai de livraison :<\/b> 2 \u00e0 3 jours<\/p>\n<p data-path-to-node=\"4\">\ud83d\udd01 <b data-path-to-node=\"4\" data-index-in-node=\"58\">\u00c9change possible<\/b> (frais de retour \u00e0 votre charge)<\/p>\n","protected":false},"featured_media":111794,"template":"","meta":[],"product_brand":[],"product_cat":[72,262,137,360],"product_tag":[],"class_list":{"0":"post-111784","1":"product","2":"type-product","3":"status-publish","4":"has-post-thumbnail","6":"product_cat-accessoires-pour-femme","7":"product_cat-cache-col-et-echarpes","8":"product_cat-mode-femme","9":"product_cat-nouvelle-collection","10":"pa_couleurs-rose","11":"pa_couleurs-taupe","14":"first","15":"instock","16":"taxable","17":"shipping-taxable","18":"purchasable","19":"product-type-variable"},"yoast_head":"<!-- This site is optimized with the Yoast SEO plugin v27.5 - https:\/\/yoast.com\/product\/yoast-seo-wordpress\/ -->\n<title>Cache Col \u2013 En Laine Femme \u2013 195123\u2013 VOG - Vog Tunisie<\/title>\n<meta name=\"robots\" content=\"index, follow, max-snippet:-1, max-image-preview:large, max-video-preview:-1\" \/>\n<link rel=\"canonical\" href=\"https:\/\/vog.com.tn\/?product=cache-col-en-laine-femme-195123-vog\" \/>\n<meta property=\"og:locale\" content=\"fr_FR\" \/>\n<meta property=\"og:type\" content=\"article\" \/>\n<meta property=\"og:title\" content=\"Cache Col \u2013 En Laine Femme \u2013 195123\u2013 VOG - Vog Tunisie\" \/>\n<meta property=\"og:description\" content=\"Vente en ligne Cache-col pour femme   Cache-col \u00c9l\u00e9gant \u00e0 Motifs Floraux   Cache-col doux et chaud, con\u00e7u pour vous envelopper de douceur durant l&#039;hiver.    Tissu en maille de qualit\u00e9, offrant un toucher &quot;type laine&quot; souple et protecteur.    Motif floral stylis\u00e9, avec des cercles concentriques pour un rendu chic et romantique.    Finitions soign\u00e9es, avec des bords l\u00e9g\u00e8rement frang\u00e9s pour une allure raffin\u00e9e.    Format \u00e9tole g\u00e9n\u00e9reux, tr\u00e8s confortable et facile \u00e0 draper sur les \u00e9paules ou autour du cou.    Id\u00e9al pour les journ\u00e9es fra\u00eeches, il apporte une note lumineuse et f\u00e9minine \u00e0 vos tenues hivernales.   \ud83d\ude9a Livraison \u00e0 domicile : 8 TND \u23f1\ufe0f D\u00e9lai de livraison : 2 \u00e0 3 jours \ud83d\udd01 \u00c9change possible (frais de retour \u00e0 votre charge)\" \/>\n<meta property=\"og:url\" content=\"https:\/\/vog.com.tn\/?product=cache-col-en-laine-femme-195123-vog\" \/>\n<meta property=\"og:site_name\" content=\"Vog Tunisie\" \/>\n<meta property=\"article:modified_time\" content=\"2026-03-28T10:13:07+00:00\" \/>\n<meta property=\"og:image\" content=\"https:\/\/vog.com.tn\/wp-content\/uploads\/2026\/01\/195123-rose-vog-1.jpg\" \/>\n\t<meta property=\"og:image:width\" content=\"572\" \/>\n\t<meta property=\"og:image:height\" content=\"800\" \/>\n\t<meta property=\"og:image:type\" content=\"image\/jpeg\" \/>\n<meta name=\"twitter:card\" content=\"summary_large_image\" \/>\n<meta name=\"twitter:label1\" content=\"Dur\u00e9e de lecture estim\u00e9e\" \/>\n\t<meta name=\"twitter:data1\" content=\"1 minute\" \/>\n<script type=\"application\/ld+json\" class=\"yoast-schema-graph\">{\"@context\":\"https:\\\/\\\/schema.org\",\"@graph\":[{\"@type\":\"WebPage\",\"@id\":\"https:\\\/\\\/vog.com.tn\\\/?product=cache-col-en-laine-femme-195123-vog\",\"url\":\"https:\\\/\\\/vog.com.tn\\\/?product=cache-col-en-laine-femme-195123-vog\",\"name\":\"Cache Col \u2013 En Laine Femme \u2013 195123\u2013 VOG - Vog Tunisie\",\"isPartOf\":{\"@id\":\"https:\\\/\\\/vog.com.tn\\\/#website\"},\"primaryImageOfPage\":{\"@id\":\"https:\\\/\\\/vog.com.tn\\\/?product=cache-col-en-laine-femme-195123-vog#primaryimage\"},\"image\":{\"@id\":\"https:\\\/\\\/vog.com.tn\\\/?product=cache-col-en-laine-femme-195123-vog#primaryimage\"},\"thumbnailUrl\":\"https:\\\/\\\/vog.com.tn\\\/wp-content\\\/uploads\\\/2026\\\/01\\\/195123-rose-vog-1.jpg\",\"datePublished\":\"2026-01-23T14:51:25+00:00\",\"dateModified\":\"2026-03-28T10:13:07+00:00\",\"breadcrumb\":{\"@id\":\"https:\\\/\\\/vog.com.tn\\\/?product=cache-col-en-laine-femme-195123-vog#breadcrumb\"},\"inLanguage\":\"fr-FR\",\"potentialAction\":[{\"@type\":\"ReadAction\",\"target\":[\"https:\\\/\\\/vog.com.tn\\\/?product=cache-col-en-laine-femme-195123-vog\"]}]},{\"@type\":\"ImageObject\",\"inLanguage\":\"fr-FR\",\"@id\":\"https:\\\/\\\/vog.com.tn\\\/?product=cache-col-en-laine-femme-195123-vog#primaryimage\",\"url\":\"https:\\\/\\\/vog.com.tn\\\/wp-content\\\/uploads\\\/2026\\\/01\\\/195123-rose-vog-1.jpg\",\"contentUrl\":\"https:\\\/\\\/vog.com.tn\\\/wp-content\\\/uploads\\\/2026\\\/01\\\/195123-rose-vog-1.jpg\",\"width\":572,\"height\":800},{\"@type\":\"BreadcrumbList\",\"@id\":\"https:\\\/\\\/vog.com.tn\\\/?product=cache-col-en-laine-femme-195123-vog#breadcrumb\",\"itemListElement\":[{\"@type\":\"ListItem\",\"position\":1,\"name\":\"Home\",\"item\":\"https:\\\/\\\/vog.com.tn\\\/\"},{\"@type\":\"ListItem\",\"position\":2,\"name\":\"Produits\",\"item\":\"https:\\\/\\\/vog.com.tn\\\/?page_id=8\"},{\"@type\":\"ListItem\",\"position\":3,\"name\":\"Cache Col \u2013 En Laine Femme \u2013 195123\u2013 VOG\"}]},{\"@type\":\"WebSite\",\"@id\":\"https:\\\/\\\/vog.com.tn\\\/#website\",\"url\":\"https:\\\/\\\/vog.com.tn\\\/\",\"name\":\"Vog Tunisie\",\"description\":\"Pr\u00eat-\u00e0-porter\",\"potentialAction\":[{\"@type\":\"SearchAction\",\"target\":{\"@type\":\"EntryPoint\",\"urlTemplate\":\"https:\\\/\\\/vog.com.tn\\\/?s={search_term_string}\"},\"query-input\":{\"@type\":\"PropertyValueSpecification\",\"valueRequired\":true,\"valueName\":\"search_term_string\"}}],\"inLanguage\":\"fr-FR\"}]}<\/script>\n<!-- \/ Yoast SEO plugin. -->","yoast_head_json":{"title":"Cache Col \u2013 En Laine Femme \u2013 195123\u2013 VOG - Vog Tunisie","robots":{"index":"index","follow":"follow","max-snippet":"max-snippet:-1","max-image-preview":"max-image-preview:large","max-video-preview":"max-video-preview:-1"},"canonical":"https:\/\/vog.com.tn\/?product=cache-col-en-laine-femme-195123-vog","og_locale":"fr_FR","og_type":"article","og_title":"Cache Col \u2013 En Laine Femme \u2013 195123\u2013 VOG - Vog Tunisie","og_description":"Vente en ligne Cache-col pour femme   Cache-col \u00c9l\u00e9gant \u00e0 Motifs Floraux   Cache-col doux et chaud, con\u00e7u pour vous envelopper de douceur durant l'hiver.    Tissu en maille de qualit\u00e9, offrant un toucher \"type laine\" souple et protecteur.    Motif floral stylis\u00e9, avec des cercles concentriques pour un rendu chic et romantique.    Finitions soign\u00e9es, avec des bords l\u00e9g\u00e8rement frang\u00e9s pour une allure raffin\u00e9e.    Format \u00e9tole g\u00e9n\u00e9reux, tr\u00e8s confortable et facile \u00e0 draper sur les \u00e9paules ou autour du cou.    Id\u00e9al pour les journ\u00e9es fra\u00eeches, il apporte une note lumineuse et f\u00e9minine \u00e0 vos tenues hivernales.   \ud83d\ude9a Livraison \u00e0 domicile : 8 TND \u23f1\ufe0f D\u00e9lai de livraison : 2 \u00e0 3 jours \ud83d\udd01 \u00c9change possible (frais de retour \u00e0 votre charge)","og_url":"https:\/\/vog.com.tn\/?product=cache-col-en-laine-femme-195123-vog","og_site_name":"Vog Tunisie","article_modified_time":"2026-03-28T10:13:07+00:00","og_image":[{"width":572,"height":800,"url":"https:\/\/vog.com.tn\/wp-content\/uploads\/2026\/01\/195123-rose-vog-1.jpg","type":"image\/jpeg"}],"twitter_card":"summary_large_image","twitter_misc":{"Dur\u00e9e de lecture estim\u00e9e":"1 minute"},"schema":{"@context":"https:\/\/schema.org","@graph":[{"@type":"WebPage","@id":"https:\/\/vog.com.tn\/?product=cache-col-en-laine-femme-195123-vog","url":"https:\/\/vog.com.tn\/?product=cache-col-en-laine-femme-195123-vog","name":"Cache Col \u2013 En Laine Femme \u2013 195123\u2013 VOG - Vog Tunisie","isPartOf":{"@id":"https:\/\/vog.com.tn\/#website"},"primaryImageOfPage":{"@id":"https:\/\/vog.com.tn\/?product=cache-col-en-laine-femme-195123-vog#primaryimage"},"image":{"@id":"https:\/\/vog.com.tn\/?product=cache-col-en-laine-femme-195123-vog#primaryimage"},"thumbnailUrl":"https:\/\/vog.com.tn\/wp-content\/uploads\/2026\/01\/195123-rose-vog-1.jpg","datePublished":"2026-01-23T14:51:25+00:00","dateModified":"2026-03-28T10:13:07+00:00","breadcrumb":{"@id":"https:\/\/vog.com.tn\/?product=cache-col-en-laine-femme-195123-vog#breadcrumb"},"inLanguage":"fr-FR","potentialAction":[{"@type":"ReadAction","target":["https:\/\/vog.com.tn\/?product=cache-col-en-laine-femme-195123-vog"]}]},{"@type":"ImageObject","inLanguage":"fr-FR","@id":"https:\/\/vog.com.tn\/?product=cache-col-en-laine-femme-195123-vog#primaryimage","url":"https:\/\/vog.com.tn\/wp-content\/uploads\/2026\/01\/195123-rose-vog-1.jpg","contentUrl":"https:\/\/vog.com.tn\/wp-content\/uploads\/2026\/01\/195123-rose-vog-1.jpg","width":572,"height":800},{"@type":"BreadcrumbList","@id":"https:\/\/vog.com.tn\/?product=cache-col-en-laine-femme-195123-vog#breadcrumb","itemListElement":[{"@type":"ListItem","position":1,"name":"Home","item":"https:\/\/vog.com.tn\/"},{"@type":"ListItem","position":2,"name":"Produits","item":"https:\/\/vog.com.tn\/?page_id=8"},{"@type":"ListItem","position":3,"name":"Cache Col \u2013 En Laine Femme \u2013 195123\u2013 VOG"}]},{"@type":"WebSite","@id":"https:\/\/vog.com.tn\/#website","url":"https:\/\/vog.com.tn\/","name":"Vog Tunisie","description":"Pr\u00eat-\u00e0-porter","potentialAction":[{"@type":"SearchAction","target":{"@type":"EntryPoint","urlTemplate":"https:\/\/vog.com.tn\/?s={search_term_string}"},"query-input":{"@type":"PropertyValueSpecification","valueRequired":true,"valueName":"search_term_string"}}],"inLanguage":"fr-FR"}]}},"_links":{"self":[{"href":"https:\/\/vog.com.tn\/index.php?rest_route=\/wp\/v2\/product\/111784","targetHints":{"allow":["GET"]}}],"collection":[{"href":"https:\/\/vog.com.tn\/index.php?rest_route=\/wp\/v2\/product"}],"about":[{"href":"https:\/\/vog.com.tn\/index.php?rest_route=\/wp\/v2\/types\/product"}],"wp:featuredmedia":[{"embeddable":true,"href":"https:\/\/vog.com.tn\/index.php?rest_route=\/wp\/v2\/media\/111794"}],"wp:attachment":[{"href":"https:\/\/vog.com.tn\/index.php?rest_route=%2Fwp%2Fv2%2Fmedia&parent=111784"}],"wp:term":[{"taxonomy":"product_brand","embeddable":true,"href":"https:\/\/vog.com.tn\/index.php?rest_route=%2Fwp%2Fv2%2Fproduct_brand&post=111784"},{"taxonomy":"product_cat","embeddable":true,"href":"https:\/\/vog.com.tn\/index.php?rest_route=%2Fwp%2Fv2%2Fproduct_cat&post=111784"},{"taxonomy":"product_tag","embeddable":true,"href":"https:\/\/vog.com.tn\/index.php?rest_route=%2Fwp%2Fv2%2Fproduct_tag&post=111784"}],"curies":[{"name":"wp","href":"https:\/\/api.w.org\/{rel}","templated":true}]}}