{"id":113353,"date":"2026-02-18T16:29:02","date_gmt":"2026-02-18T15:29:02","guid":{"rendered":"https:\/\/vog.com.tn\/?post_type=product&#038;p=113353"},"modified":"2026-04-01T12:11:32","modified_gmt":"2026-04-01T10:11:32","slug":"pochette-soiree-femme-162154-vog","status":"publish","type":"product","link":"https:\/\/vog.com.tn\/?product=pochette-soiree-femme-162154-vog","title":{"rendered":"Pochette soir\u00e9e Femme \u2013 162154 \u2013 VOG"},"content":{"rendered":"<p>Vog met en vente en ligne Pochette soir\u00e9e pour femme en Tunisie. Trouver une pochette de c\u00e9r\u00e9monie \u00e0 la mesure de l\u2019\u00e9v\u00e9nement auquel on assiste peut parfois relever du v\u00e9ritable casse-t\u00eate. La pochette soir\u00e9e pour femme se d\u00e9cline dans toutes les mati\u00e8res et sur tous les tons. Classiques ou r\u00e9solument audacieux, les formes et les styles se conjuguent en hommage \u00e0 la f\u00e9minit\u00e9.<br \/>\nN\u2019h\u00e9sitez pas de commander cette pochette assez chic et tendance pour ranger vos objets pr\u00e9cieux !<\/p>\n","protected":false},"excerpt":{"rendered":"<p class=\"vente-lgn-dsc\"><strong>Vente en ligne Pochette soir\u00e9e pour femme<\/strong><\/p>\n<ul>\n<li>\n<p data-path-to-node=\"2,0,0\"><b data-path-to-node=\"2,0,0\" data-index-in-node=\"0\">Mati\u00e8re :<\/b> Simili cuir au fini m\u00e9tallis\u00e9 avec une face enti\u00e8rement recouverte de <b data-path-to-node=\"2,0,0\" data-index-in-node=\"80\">strass \u00e9tincelants<\/b>.<\/p>\n<\/li>\n<li>\n<p data-path-to-node=\"2,1,0\"><b data-path-to-node=\"2,1,0\" data-index-in-node=\"0\">Design :<\/b> Silhouette structur\u00e9e avec une <b data-path-to-node=\"2,1,0\" data-index-in-node=\"40\">poign\u00e9e ovale int\u00e9gr\u00e9e<\/b> et travaill\u00e9e.<\/p>\n<\/li>\n<li>\n<p data-path-to-node=\"2,2,0\"><b data-path-to-node=\"2,2,0\" data-index-in-node=\"0\">Port\u00e9 :<\/b> \u00c0 la main par sa poign\u00e9e \u00e9l\u00e9gante ou \u00e0 l&rsquo;\u00e9paule.<\/p>\n<\/li>\n<li>\n<p data-path-to-node=\"2,3,0\"><b data-path-to-node=\"2,3,0\" data-index-in-node=\"0\">Accessoire :<\/b> Livr\u00e9 avec une <b data-path-to-node=\"2,3,0\" data-index-in-node=\"28\">cha\u00eene m\u00e9tallique amovible<\/b> assortie.<\/p>\n<\/li>\n<li>\n<p data-path-to-node=\"2,4,0\"><b data-path-to-node=\"2,4,0\" data-index-in-node=\"0\">Usage :<\/b> Un mod\u00e8le chic et sophistiqu\u00e9, parfait pour compl\u00e9ter une tenue de c\u00e9r\u00e9monie ou de f\u00eate.<\/p>\n<\/li>\n<\/ul>\n<p>\ud83d\ude9a <b data-path-to-node=\"4,0,0\" data-index-in-node=\"3\">Livraison \u00e0 domicile<\/b> : 8 TND<\/p>\n<p data-path-to-node=\"4,1,0\">\u23f1\ufe0f <b data-path-to-node=\"4,1,0\" data-index-in-node=\"3\">D\u00e9lai de livraison\u00a0<\/b> : 2 \u00e0 3 jours<\/p>\n<p data-path-to-node=\"4,2,0\">\ud83d\udd01 <b data-path-to-node=\"4,2,0\" data-index-in-node=\"3\">\u00c9change possible<\/b> (frais \u00e0 votre charge)<\/p>\n","protected":false},"featured_media":113356,"template":"","meta":[],"product_brand":[],"product_cat":[72,137,360,124,122],"product_tag":[],"class_list":{"0":"post-113353","1":"product","2":"type-product","3":"status-publish","4":"has-post-thumbnail","6":"product_cat-accessoires-pour-femme","7":"product_cat-mode-femme","8":"product_cat-nouvelle-collection","9":"product_cat-pochettes-sac-de-soiree","10":"product_cat-vente-en-ligne-sacs-femme-tunisievog-pret-a-porter-tunisie","11":"pa_couleurs-bronze","14":"first","15":"outofstock","16":"taxable","17":"shipping-taxable","18":"product-type-variable"},"yoast_head":"<!-- This site is optimized with the Yoast SEO plugin v27.5 - https:\/\/yoast.com\/product\/yoast-seo-wordpress\/ -->\n<title>Pochette soir\u00e9e Femme \u2013 162154 \u2013 VOG - Vog Tunisie<\/title>\n<meta name=\"robots\" content=\"index, follow, max-snippet:-1, max-image-preview:large, max-video-preview:-1\" \/>\n<link rel=\"canonical\" href=\"https:\/\/vog.com.tn\/?product=pochette-soiree-femme-162154-vog\" \/>\n<meta property=\"og:locale\" content=\"fr_FR\" \/>\n<meta property=\"og:type\" content=\"article\" \/>\n<meta property=\"og:title\" content=\"Pochette soir\u00e9e Femme \u2013 162154 \u2013 VOG - Vog Tunisie\" \/>\n<meta property=\"og:description\" content=\"Vente en ligne Pochette soir\u00e9e pour femme     Mati\u00e8re : Simili cuir au fini m\u00e9tallis\u00e9 avec une face enti\u00e8rement recouverte de strass \u00e9tincelants.    Design : Silhouette structur\u00e9e avec une poign\u00e9e ovale int\u00e9gr\u00e9e et travaill\u00e9e.    Port\u00e9 : \u00c0 la main par sa poign\u00e9e \u00e9l\u00e9gante ou \u00e0 l&#039;\u00e9paule.    Accessoire : Livr\u00e9 avec une cha\u00eene m\u00e9tallique amovible assortie.    Usage : Un mod\u00e8le chic et sophistiqu\u00e9, parfait pour compl\u00e9ter une tenue de c\u00e9r\u00e9monie ou de f\u00eate.   \ud83d\ude9a Livraison \u00e0 domicile : 8 TND \u23f1\ufe0f D\u00e9lai de livraison\u00a0 : 2 \u00e0 3 jours \ud83d\udd01 \u00c9change possible (frais \u00e0 votre charge)\" \/>\n<meta property=\"og:url\" content=\"https:\/\/vog.com.tn\/?product=pochette-soiree-femme-162154-vog\" \/>\n<meta property=\"og:site_name\" content=\"Vog Tunisie\" \/>\n<meta property=\"article:modified_time\" content=\"2026-04-01T10:11:32+00:00\" \/>\n<meta property=\"og:image\" content=\"https:\/\/vog.com.tn\/wp-content\/uploads\/2026\/02\/162154-bronze-vog-2.jpg\" \/>\n\t<meta property=\"og:image:width\" content=\"572\" \/>\n\t<meta property=\"og:image:height\" content=\"800\" \/>\n\t<meta property=\"og:image:type\" content=\"image\/jpeg\" \/>\n<meta name=\"twitter:card\" content=\"summary_large_image\" \/>\n<meta name=\"twitter:label1\" content=\"Dur\u00e9e de lecture estim\u00e9e\" \/>\n\t<meta name=\"twitter:data1\" content=\"1 minute\" \/>\n<script type=\"application\/ld+json\" class=\"yoast-schema-graph\">{\"@context\":\"https:\\\/\\\/schema.org\",\"@graph\":[{\"@type\":\"WebPage\",\"@id\":\"https:\\\/\\\/vog.com.tn\\\/?product=pochette-soiree-femme-162154-vog\",\"url\":\"https:\\\/\\\/vog.com.tn\\\/?product=pochette-soiree-femme-162154-vog\",\"name\":\"Pochette soir\u00e9e Femme \u2013 162154 \u2013 VOG - Vog Tunisie\",\"isPartOf\":{\"@id\":\"https:\\\/\\\/vog.com.tn\\\/#website\"},\"primaryImageOfPage\":{\"@id\":\"https:\\\/\\\/vog.com.tn\\\/?product=pochette-soiree-femme-162154-vog#primaryimage\"},\"image\":{\"@id\":\"https:\\\/\\\/vog.com.tn\\\/?product=pochette-soiree-femme-162154-vog#primaryimage\"},\"thumbnailUrl\":\"https:\\\/\\\/vog.com.tn\\\/wp-content\\\/uploads\\\/2026\\\/02\\\/162154-bronze-vog-2.jpg\",\"datePublished\":\"2026-02-18T15:29:02+00:00\",\"dateModified\":\"2026-04-01T10:11:32+00:00\",\"breadcrumb\":{\"@id\":\"https:\\\/\\\/vog.com.tn\\\/?product=pochette-soiree-femme-162154-vog#breadcrumb\"},\"inLanguage\":\"fr-FR\",\"potentialAction\":[{\"@type\":\"ReadAction\",\"target\":[\"https:\\\/\\\/vog.com.tn\\\/?product=pochette-soiree-femme-162154-vog\"]}]},{\"@type\":\"ImageObject\",\"inLanguage\":\"fr-FR\",\"@id\":\"https:\\\/\\\/vog.com.tn\\\/?product=pochette-soiree-femme-162154-vog#primaryimage\",\"url\":\"https:\\\/\\\/vog.com.tn\\\/wp-content\\\/uploads\\\/2026\\\/02\\\/162154-bronze-vog-2.jpg\",\"contentUrl\":\"https:\\\/\\\/vog.com.tn\\\/wp-content\\\/uploads\\\/2026\\\/02\\\/162154-bronze-vog-2.jpg\",\"width\":572,\"height\":800},{\"@type\":\"BreadcrumbList\",\"@id\":\"https:\\\/\\\/vog.com.tn\\\/?product=pochette-soiree-femme-162154-vog#breadcrumb\",\"itemListElement\":[{\"@type\":\"ListItem\",\"position\":1,\"name\":\"Home\",\"item\":\"https:\\\/\\\/vog.com.tn\\\/\"},{\"@type\":\"ListItem\",\"position\":2,\"name\":\"Produits\",\"item\":\"https:\\\/\\\/vog.com.tn\\\/?page_id=8\"},{\"@type\":\"ListItem\",\"position\":3,\"name\":\"Pochette soir\u00e9e Femme \u2013 162154 \u2013 VOG\"}]},{\"@type\":\"WebSite\",\"@id\":\"https:\\\/\\\/vog.com.tn\\\/#website\",\"url\":\"https:\\\/\\\/vog.com.tn\\\/\",\"name\":\"Vog Tunisie\",\"description\":\"Pr\u00eat-\u00e0-porter\",\"potentialAction\":[{\"@type\":\"SearchAction\",\"target\":{\"@type\":\"EntryPoint\",\"urlTemplate\":\"https:\\\/\\\/vog.com.tn\\\/?s={search_term_string}\"},\"query-input\":{\"@type\":\"PropertyValueSpecification\",\"valueRequired\":true,\"valueName\":\"search_term_string\"}}],\"inLanguage\":\"fr-FR\"}]}<\/script>\n<!-- \/ Yoast SEO plugin. -->","yoast_head_json":{"title":"Pochette soir\u00e9e Femme \u2013 162154 \u2013 VOG - Vog Tunisie","robots":{"index":"index","follow":"follow","max-snippet":"max-snippet:-1","max-image-preview":"max-image-preview:large","max-video-preview":"max-video-preview:-1"},"canonical":"https:\/\/vog.com.tn\/?product=pochette-soiree-femme-162154-vog","og_locale":"fr_FR","og_type":"article","og_title":"Pochette soir\u00e9e Femme \u2013 162154 \u2013 VOG - Vog Tunisie","og_description":"Vente en ligne Pochette soir\u00e9e pour femme     Mati\u00e8re : Simili cuir au fini m\u00e9tallis\u00e9 avec une face enti\u00e8rement recouverte de strass \u00e9tincelants.    Design : Silhouette structur\u00e9e avec une poign\u00e9e ovale int\u00e9gr\u00e9e et travaill\u00e9e.    Port\u00e9 : \u00c0 la main par sa poign\u00e9e \u00e9l\u00e9gante ou \u00e0 l'\u00e9paule.    Accessoire : Livr\u00e9 avec une cha\u00eene m\u00e9tallique amovible assortie.    Usage : Un mod\u00e8le chic et sophistiqu\u00e9, parfait pour compl\u00e9ter une tenue de c\u00e9r\u00e9monie ou de f\u00eate.   \ud83d\ude9a Livraison \u00e0 domicile : 8 TND \u23f1\ufe0f D\u00e9lai de livraison\u00a0 : 2 \u00e0 3 jours \ud83d\udd01 \u00c9change possible (frais \u00e0 votre charge)","og_url":"https:\/\/vog.com.tn\/?product=pochette-soiree-femme-162154-vog","og_site_name":"Vog Tunisie","article_modified_time":"2026-04-01T10:11:32+00:00","og_image":[{"width":572,"height":800,"url":"https:\/\/vog.com.tn\/wp-content\/uploads\/2026\/02\/162154-bronze-vog-2.jpg","type":"image\/jpeg"}],"twitter_card":"summary_large_image","twitter_misc":{"Dur\u00e9e de lecture estim\u00e9e":"1 minute"},"schema":{"@context":"https:\/\/schema.org","@graph":[{"@type":"WebPage","@id":"https:\/\/vog.com.tn\/?product=pochette-soiree-femme-162154-vog","url":"https:\/\/vog.com.tn\/?product=pochette-soiree-femme-162154-vog","name":"Pochette soir\u00e9e Femme \u2013 162154 \u2013 VOG - Vog Tunisie","isPartOf":{"@id":"https:\/\/vog.com.tn\/#website"},"primaryImageOfPage":{"@id":"https:\/\/vog.com.tn\/?product=pochette-soiree-femme-162154-vog#primaryimage"},"image":{"@id":"https:\/\/vog.com.tn\/?product=pochette-soiree-femme-162154-vog#primaryimage"},"thumbnailUrl":"https:\/\/vog.com.tn\/wp-content\/uploads\/2026\/02\/162154-bronze-vog-2.jpg","datePublished":"2026-02-18T15:29:02+00:00","dateModified":"2026-04-01T10:11:32+00:00","breadcrumb":{"@id":"https:\/\/vog.com.tn\/?product=pochette-soiree-femme-162154-vog#breadcrumb"},"inLanguage":"fr-FR","potentialAction":[{"@type":"ReadAction","target":["https:\/\/vog.com.tn\/?product=pochette-soiree-femme-162154-vog"]}]},{"@type":"ImageObject","inLanguage":"fr-FR","@id":"https:\/\/vog.com.tn\/?product=pochette-soiree-femme-162154-vog#primaryimage","url":"https:\/\/vog.com.tn\/wp-content\/uploads\/2026\/02\/162154-bronze-vog-2.jpg","contentUrl":"https:\/\/vog.com.tn\/wp-content\/uploads\/2026\/02\/162154-bronze-vog-2.jpg","width":572,"height":800},{"@type":"BreadcrumbList","@id":"https:\/\/vog.com.tn\/?product=pochette-soiree-femme-162154-vog#breadcrumb","itemListElement":[{"@type":"ListItem","position":1,"name":"Home","item":"https:\/\/vog.com.tn\/"},{"@type":"ListItem","position":2,"name":"Produits","item":"https:\/\/vog.com.tn\/?page_id=8"},{"@type":"ListItem","position":3,"name":"Pochette soir\u00e9e Femme \u2013 162154 \u2013 VOG"}]},{"@type":"WebSite","@id":"https:\/\/vog.com.tn\/#website","url":"https:\/\/vog.com.tn\/","name":"Vog Tunisie","description":"Pr\u00eat-\u00e0-porter","potentialAction":[{"@type":"SearchAction","target":{"@type":"EntryPoint","urlTemplate":"https:\/\/vog.com.tn\/?s={search_term_string}"},"query-input":{"@type":"PropertyValueSpecification","valueRequired":true,"valueName":"search_term_string"}}],"inLanguage":"fr-FR"}]}},"_links":{"self":[{"href":"https:\/\/vog.com.tn\/index.php?rest_route=\/wp\/v2\/product\/113353","targetHints":{"allow":["GET"]}}],"collection":[{"href":"https:\/\/vog.com.tn\/index.php?rest_route=\/wp\/v2\/product"}],"about":[{"href":"https:\/\/vog.com.tn\/index.php?rest_route=\/wp\/v2\/types\/product"}],"wp:featuredmedia":[{"embeddable":true,"href":"https:\/\/vog.com.tn\/index.php?rest_route=\/wp\/v2\/media\/113356"}],"wp:attachment":[{"href":"https:\/\/vog.com.tn\/index.php?rest_route=%2Fwp%2Fv2%2Fmedia&parent=113353"}],"wp:term":[{"taxonomy":"product_brand","embeddable":true,"href":"https:\/\/vog.com.tn\/index.php?rest_route=%2Fwp%2Fv2%2Fproduct_brand&post=113353"},{"taxonomy":"product_cat","embeddable":true,"href":"https:\/\/vog.com.tn\/index.php?rest_route=%2Fwp%2Fv2%2Fproduct_cat&post=113353"},{"taxonomy":"product_tag","embeddable":true,"href":"https:\/\/vog.com.tn\/index.php?rest_route=%2Fwp%2Fv2%2Fproduct_tag&post=113353"}],"curies":[{"name":"wp","href":"https:\/\/api.w.org\/{rel}","templated":true}]}}