{"id":115972,"date":"2026-05-10T12:39:18","date_gmt":"2026-05-10T10:39:18","guid":{"rendered":"https:\/\/vog.com.tn\/?post_type=product&#038;p=115972"},"modified":"2026-05-13T12:11:58","modified_gmt":"2026-05-13T10:11:58","slug":"baskets-femme-316600-vog","status":"publish","type":"product","link":"https:\/\/vog.com.tn\/?product=baskets-femme-316600-vog","title":{"rendered":"Baskets Femme-316600-VOG"},"content":{"rendered":"<p>Vog met en vente en ligne des baskets pour femme en Tunisie.<br \/>\nDes baskets tendance et confortables, parfaites pour compl\u00e9ter vos looks du quotidien avec une touche moderne et d\u00e9contract\u00e9e. Faciles \u00e0 assortir avec un jean, un pantalon ou m\u00eame une robe pour un style casual chic.<\/p>\n","protected":false},"excerpt":{"rendered":"<p>Vente en ligne baskets pour femme.<\/p>\n<ul>\n<li>Look moderne et inspir\u00e9 du sport avec une silhouette basse \u00e9l\u00e9gante.<\/li>\n<li>M\u00e9lange de mati\u00e8res pour un fini soign\u00e9 et un style actuel.<\/li>\n<li>Semelle contrast\u00e9e en gomme offrant confort et durabilit\u00e9.<\/li>\n<li>Fermeture \u00e0 lacets pour un ajustement personnalis\u00e9.<\/li>\n<li>Design polyvalent facile \u00e0 porter avec toutes vos tenues.<\/li>\n<\/ul>\n<p>\ud83d\ude9a Livraison \u00e0 domicile : 8.500 TND<\/p>\n<p>\u23f1\ufe0f D\u00e9lai de livraison : 2 \u00e0 3 jours ouvrables<\/p>\n<p>\ud83d\udd01 \u00c9change possible : Oui (vous payez seulement les frais de livraison retour).<\/p>\n","protected":false},"featured_media":116015,"template":"","meta":[],"product_brand":[],"product_cat":[97,96,137,360],"product_tag":[],"class_list":{"0":"post-115972","1":"product","2":"type-product","3":"status-publish","4":"has-post-thumbnail","6":"product_cat-chaussures-baskets-femme","7":"product_cat-chaussures-femme","8":"product_cat-mode-femme","9":"product_cat-nouvelle-collection","10":"pa_couleurs-blanc","11":"pa_couleurs-choco","12":"pa_couleurs-noir","13":"pa_couleurs-taupe","14":"pa_pointure-105","15":"pa_pointure-106","16":"pa_pointure-107","17":"pa_pointure-108","18":"pa_pointure-109","19":"pa_pointure-110","22":"first","23":"instock","24":"taxable","25":"shipping-taxable","26":"purchasable","27":"product-type-variable"},"yoast_head":"<!-- This site is optimized with the Yoast SEO plugin v27.5 - https:\/\/yoast.com\/product\/yoast-seo-wordpress\/ -->\n<title>Baskets Femme-316600-VOG - Vog Tunisie<\/title>\n<meta name=\"robots\" content=\"index, follow, max-snippet:-1, max-image-preview:large, max-video-preview:-1\" \/>\n<link rel=\"canonical\" href=\"https:\/\/vog.com.tn\/?product=baskets-femme-316600-vog\" \/>\n<meta property=\"og:locale\" content=\"fr_FR\" \/>\n<meta property=\"og:type\" content=\"article\" \/>\n<meta property=\"og:title\" content=\"Baskets Femme-316600-VOG - Vog Tunisie\" \/>\n<meta property=\"og:description\" content=\"Vente en ligne baskets pour femme.   Look moderne et inspir\u00e9 du sport avec une silhouette basse \u00e9l\u00e9gante.  M\u00e9lange de mati\u00e8res pour un fini soign\u00e9 et un style actuel.  Semelle contrast\u00e9e en gomme offrant confort et durabilit\u00e9.  Fermeture \u00e0 lacets pour un ajustement personnalis\u00e9.  Design polyvalent facile \u00e0 porter avec toutes vos tenues.  \ud83d\ude9a Livraison \u00e0 domicile : 8.500 TND  \u23f1\ufe0f D\u00e9lai de livraison : 2 \u00e0 3 jours ouvrables  \ud83d\udd01 \u00c9change possible : Oui (vous payez seulement les frais de livraison retour).\" \/>\n<meta property=\"og:url\" content=\"https:\/\/vog.com.tn\/?product=baskets-femme-316600-vog\" \/>\n<meta property=\"og:site_name\" content=\"Vog Tunisie\" \/>\n<meta property=\"article:modified_time\" content=\"2026-05-13T10:11:58+00:00\" \/>\n<meta property=\"og:image\" content=\"https:\/\/vog.com.tn\/wp-content\/uploads\/2026\/05\/Ref-316600-taupe.png\" \/>\n\t<meta property=\"og:image:width\" content=\"572\" \/>\n\t<meta property=\"og:image:height\" content=\"800\" \/>\n\t<meta property=\"og:image:type\" content=\"image\/png\" \/>\n<meta name=\"twitter:card\" content=\"summary_large_image\" \/>\n<meta name=\"twitter:label1\" content=\"Dur\u00e9e de lecture estim\u00e9e\" \/>\n\t<meta name=\"twitter:data1\" content=\"1 minute\" \/>\n<script type=\"application\/ld+json\" class=\"yoast-schema-graph\">{\"@context\":\"https:\\\/\\\/schema.org\",\"@graph\":[{\"@type\":\"WebPage\",\"@id\":\"https:\\\/\\\/vog.com.tn\\\/?product=baskets-femme-316600-vog\",\"url\":\"https:\\\/\\\/vog.com.tn\\\/?product=baskets-femme-316600-vog\",\"name\":\"Baskets Femme-316600-VOG - Vog Tunisie\",\"isPartOf\":{\"@id\":\"https:\\\/\\\/vog.com.tn\\\/#website\"},\"primaryImageOfPage\":{\"@id\":\"https:\\\/\\\/vog.com.tn\\\/?product=baskets-femme-316600-vog#primaryimage\"},\"image\":{\"@id\":\"https:\\\/\\\/vog.com.tn\\\/?product=baskets-femme-316600-vog#primaryimage\"},\"thumbnailUrl\":\"https:\\\/\\\/vog.com.tn\\\/wp-content\\\/uploads\\\/2026\\\/05\\\/Ref-316600-taupe.png\",\"datePublished\":\"2026-05-10T10:39:18+00:00\",\"dateModified\":\"2026-05-13T10:11:58+00:00\",\"breadcrumb\":{\"@id\":\"https:\\\/\\\/vog.com.tn\\\/?product=baskets-femme-316600-vog#breadcrumb\"},\"inLanguage\":\"fr-FR\",\"potentialAction\":[{\"@type\":\"ReadAction\",\"target\":[\"https:\\\/\\\/vog.com.tn\\\/?product=baskets-femme-316600-vog\"]}]},{\"@type\":\"ImageObject\",\"inLanguage\":\"fr-FR\",\"@id\":\"https:\\\/\\\/vog.com.tn\\\/?product=baskets-femme-316600-vog#primaryimage\",\"url\":\"https:\\\/\\\/vog.com.tn\\\/wp-content\\\/uploads\\\/2026\\\/05\\\/Ref-316600-taupe.png\",\"contentUrl\":\"https:\\\/\\\/vog.com.tn\\\/wp-content\\\/uploads\\\/2026\\\/05\\\/Ref-316600-taupe.png\",\"width\":572,\"height\":800},{\"@type\":\"BreadcrumbList\",\"@id\":\"https:\\\/\\\/vog.com.tn\\\/?product=baskets-femme-316600-vog#breadcrumb\",\"itemListElement\":[{\"@type\":\"ListItem\",\"position\":1,\"name\":\"Home\",\"item\":\"https:\\\/\\\/vog.com.tn\\\/\"},{\"@type\":\"ListItem\",\"position\":2,\"name\":\"Produits\",\"item\":\"https:\\\/\\\/vog.com.tn\\\/?page_id=8\"},{\"@type\":\"ListItem\",\"position\":3,\"name\":\"Baskets Femme-316600-VOG\"}]},{\"@type\":\"WebSite\",\"@id\":\"https:\\\/\\\/vog.com.tn\\\/#website\",\"url\":\"https:\\\/\\\/vog.com.tn\\\/\",\"name\":\"Vog Tunisie\",\"description\":\"Pr\u00eat-\u00e0-porter\",\"potentialAction\":[{\"@type\":\"SearchAction\",\"target\":{\"@type\":\"EntryPoint\",\"urlTemplate\":\"https:\\\/\\\/vog.com.tn\\\/?s={search_term_string}\"},\"query-input\":{\"@type\":\"PropertyValueSpecification\",\"valueRequired\":true,\"valueName\":\"search_term_string\"}}],\"inLanguage\":\"fr-FR\"}]}<\/script>\n<!-- \/ Yoast SEO plugin. -->","yoast_head_json":{"title":"Baskets Femme-316600-VOG - Vog Tunisie","robots":{"index":"index","follow":"follow","max-snippet":"max-snippet:-1","max-image-preview":"max-image-preview:large","max-video-preview":"max-video-preview:-1"},"canonical":"https:\/\/vog.com.tn\/?product=baskets-femme-316600-vog","og_locale":"fr_FR","og_type":"article","og_title":"Baskets Femme-316600-VOG - Vog Tunisie","og_description":"Vente en ligne baskets pour femme.   Look moderne et inspir\u00e9 du sport avec une silhouette basse \u00e9l\u00e9gante.  M\u00e9lange de mati\u00e8res pour un fini soign\u00e9 et un style actuel.  Semelle contrast\u00e9e en gomme offrant confort et durabilit\u00e9.  Fermeture \u00e0 lacets pour un ajustement personnalis\u00e9.  Design polyvalent facile \u00e0 porter avec toutes vos tenues.  \ud83d\ude9a Livraison \u00e0 domicile : 8.500 TND  \u23f1\ufe0f D\u00e9lai de livraison : 2 \u00e0 3 jours ouvrables  \ud83d\udd01 \u00c9change possible : Oui (vous payez seulement les frais de livraison retour).","og_url":"https:\/\/vog.com.tn\/?product=baskets-femme-316600-vog","og_site_name":"Vog Tunisie","article_modified_time":"2026-05-13T10:11:58+00:00","og_image":[{"width":572,"height":800,"url":"https:\/\/vog.com.tn\/wp-content\/uploads\/2026\/05\/Ref-316600-taupe.png","type":"image\/png"}],"twitter_card":"summary_large_image","twitter_misc":{"Dur\u00e9e de lecture estim\u00e9e":"1 minute"},"schema":{"@context":"https:\/\/schema.org","@graph":[{"@type":"WebPage","@id":"https:\/\/vog.com.tn\/?product=baskets-femme-316600-vog","url":"https:\/\/vog.com.tn\/?product=baskets-femme-316600-vog","name":"Baskets Femme-316600-VOG - Vog Tunisie","isPartOf":{"@id":"https:\/\/vog.com.tn\/#website"},"primaryImageOfPage":{"@id":"https:\/\/vog.com.tn\/?product=baskets-femme-316600-vog#primaryimage"},"image":{"@id":"https:\/\/vog.com.tn\/?product=baskets-femme-316600-vog#primaryimage"},"thumbnailUrl":"https:\/\/vog.com.tn\/wp-content\/uploads\/2026\/05\/Ref-316600-taupe.png","datePublished":"2026-05-10T10:39:18+00:00","dateModified":"2026-05-13T10:11:58+00:00","breadcrumb":{"@id":"https:\/\/vog.com.tn\/?product=baskets-femme-316600-vog#breadcrumb"},"inLanguage":"fr-FR","potentialAction":[{"@type":"ReadAction","target":["https:\/\/vog.com.tn\/?product=baskets-femme-316600-vog"]}]},{"@type":"ImageObject","inLanguage":"fr-FR","@id":"https:\/\/vog.com.tn\/?product=baskets-femme-316600-vog#primaryimage","url":"https:\/\/vog.com.tn\/wp-content\/uploads\/2026\/05\/Ref-316600-taupe.png","contentUrl":"https:\/\/vog.com.tn\/wp-content\/uploads\/2026\/05\/Ref-316600-taupe.png","width":572,"height":800},{"@type":"BreadcrumbList","@id":"https:\/\/vog.com.tn\/?product=baskets-femme-316600-vog#breadcrumb","itemListElement":[{"@type":"ListItem","position":1,"name":"Home","item":"https:\/\/vog.com.tn\/"},{"@type":"ListItem","position":2,"name":"Produits","item":"https:\/\/vog.com.tn\/?page_id=8"},{"@type":"ListItem","position":3,"name":"Baskets Femme-316600-VOG"}]},{"@type":"WebSite","@id":"https:\/\/vog.com.tn\/#website","url":"https:\/\/vog.com.tn\/","name":"Vog Tunisie","description":"Pr\u00eat-\u00e0-porter","potentialAction":[{"@type":"SearchAction","target":{"@type":"EntryPoint","urlTemplate":"https:\/\/vog.com.tn\/?s={search_term_string}"},"query-input":{"@type":"PropertyValueSpecification","valueRequired":true,"valueName":"search_term_string"}}],"inLanguage":"fr-FR"}]}},"_links":{"self":[{"href":"https:\/\/vog.com.tn\/index.php?rest_route=\/wp\/v2\/product\/115972","targetHints":{"allow":["GET"]}}],"collection":[{"href":"https:\/\/vog.com.tn\/index.php?rest_route=\/wp\/v2\/product"}],"about":[{"href":"https:\/\/vog.com.tn\/index.php?rest_route=\/wp\/v2\/types\/product"}],"wp:featuredmedia":[{"embeddable":true,"href":"https:\/\/vog.com.tn\/index.php?rest_route=\/wp\/v2\/media\/116015"}],"wp:attachment":[{"href":"https:\/\/vog.com.tn\/index.php?rest_route=%2Fwp%2Fv2%2Fmedia&parent=115972"}],"wp:term":[{"taxonomy":"product_brand","embeddable":true,"href":"https:\/\/vog.com.tn\/index.php?rest_route=%2Fwp%2Fv2%2Fproduct_brand&post=115972"},{"taxonomy":"product_cat","embeddable":true,"href":"https:\/\/vog.com.tn\/index.php?rest_route=%2Fwp%2Fv2%2Fproduct_cat&post=115972"},{"taxonomy":"product_tag","embeddable":true,"href":"https:\/\/vog.com.tn\/index.php?rest_route=%2Fwp%2Fv2%2Fproduct_tag&post=115972"}],"curies":[{"name":"wp","href":"https:\/\/api.w.org\/{rel}","templated":true}]}}